{"id":10078,"date":"2019-10-03T19:40:34","date_gmt":"2019-10-03T17:40:34","guid":{"rendered":"https:\/\/www.pre-iddink.cat\/nota-legal\/"},"modified":"2025-06-26T18:07:14","modified_gmt":"2025-06-26T16:07:14","slug":"nota-legal","status":"publish","type":"page","link":"https:\/\/spain.iddink.es\/ca\/nota-legal\/","title":{"rendered":"Nota legal"},"content":{"rendered":"<p>[vc_row padding_top_multiplier=&#8221;3x&#8221; padding_bottom_multiplier=&#8221;&#8221;][vc_column tablet_sm_width=&#8221;1&#8243;]<h1 class=\"eut-element eut-title eut-align-inherit eut-h1 desc_politicaprivacidad_titulo_azul eut-increase-heading eut-heading-120\" style=\"\"><span><b>Nota legal<\/b><\/span><\/h1>[\/vc_column][\/vc_row][vc_row padding_top_multiplier=&#8221;2x&#8221; padding_bottom_multiplier=&#8221;4x&#8221;][vc_column width=&#8221;1\/3&#8243; column_sticky=&#8221;yes&#8221; tablet_sm_width=&#8221;hide&#8221; mobile_width=&#8221;hide&#8221; column_sticky_offset=&#8221;0&#8243;]<div class=\"eut-empty-space eut-height-1x\" style=\"\"><\/div>[vc_column_text el_class=&#8221;desc_politicaprivacidad_menu_lateral_item&#8221;]<\/p>\n<div class=\"desc_politicaprivacidad_menu_lateral_item\"><a href=\"#avis-legal\"><strong>Av\u00eds legal<\/strong><\/a><\/div>\n<p>[\/vc_column_text]<div class=\"eut-empty-space eut-height-1x\" style=\"\"><\/div>[vc_column_text el_class=&#8221;desc_politicaprivacidad_menu_lateral_item&#8221;]<\/p>\n<div class=\"desc_politicaprivacidad_menu_lateral_item\"><a href=\"#WhistleB\"><strong>WhistleB<\/strong><\/a><\/div>\n<p>[\/vc_column_text]<div class=\"eut-empty-space eut-height-1x\" style=\"\"><\/div>[vc_column_text el_class=&#8221;desc_politicaprivacidad_menu_lateral_item&#8221;]<\/p>\n<div class=\"desc_politicaprivacidad_menu_lateral_item\"><a href=\"#declaracion-divulgacion\"><strong>Declaraci\u00f3 de divulgaci\u00f3 responsable<\/strong><\/a><\/div>\n<p>[\/vc_column_text]<div class=\"eut-empty-space eut-height-4x\" style=\"\"><\/div>[\/vc_column][vc_column width=&#8221;2\/3&#8243; tablet_sm_width=&#8221;1&#8243;][vc_tta_accordion c_position=&#8221;right&#8221; active_section=&#8221;1&#8243;][vc_tta_section title=&#8221;Av\u00eds legal&#8221; tab_id=&#8221;aviso-legal&#8221; el_class=&#8221;desc_politica_privacidad_titulo_item&#8221;][vc_column_text el_class=&#8221;desc_politicaprivacidad_texto_item&#8221;]L&#8217;informem que el responsable d&#8217;aquest Lloc Web \u00e9s:<\/p>\n<style type=\"text\/css\">\n.tg  {border-collapse:collapse;border-spacing:0;}<br \/>.tg td{font-family:Arial, sans-serif;font-size:14px;padding:10px 5px;border-style:solid;border-width:1px;overflow:hidden;word-break:normal;border-color:black;}<br \/>.tg th{font-family:Arial, sans-serif;font-size:14px;font-weight:normal;padding:10px 5px;border-style:solid;border-width:1px;overflow:hidden;word-break:normal;border-color:black;}<br \/>.tg .tg-adcx{font-family:Arial, Helvetica, sans-serif !important;;color:#9b9b9b;text-align:left;vertical-align:top}<br \/>.tg .tg-0lax{text-align:left;vertical-align:top}<br \/><\/style>\n<table class=\"tg\">\n<tbody>\n<tr>\n<th class=\"tg-adcx\">DENOMINACI\u00d3<\/th>\n<th class=\"tg-0lax\">IDDINK SPAIN, S.L.U.<\/th>\n<\/tr>\n<tr>\n<td class=\"tg-adcx\">C.I.F.<\/td>\n<td class=\"tg-0lax\">B-65090458<\/td>\n<\/tr>\n<tr>\n<td class=\"tg-adcx\">DOMICILI<\/td>\n<td class=\"tg-0lax\">Avda. de la Ribera 11, Pol\u00edgon Industrial Pallej\u00e0, 08780, Pallej\u00e0 (Barcelona)<\/td>\n<\/tr>\n<tr>\n<td class=\"tg-adcx\">CORREU ELECTR\u00d2NIC DEL DELEGAT DE PROTECCI\u00d3 DE DADES<\/td>\n<td class=\"tg-0lax\"><a href=\"mailto:info@iddink.es\">info@iddink.es<\/a><\/td>\n<\/tr>\n<tr>\n<td class=\"tg-adcx\">TEL\u00c8FON<\/td>\n<td class=\"tg-0lax\">902 565 411<\/td>\n<\/tr>\n<tr>\n<td class=\"tg-adcx\">INSCRIPCI\u00d3<\/td>\n<td class=\"tg-0lax\">Registre Mercantil de BARCELONA, TOM: 41247, SECCI\u00d3: GENERAL, FOLI: 0095, FULLA: 378517, Inscripci\u00f3 1\u00aa.<\/td>\n<\/tr>\n<\/tbody>\n<\/table>\n<p>Aquest nom de domini no pot ser utilitzat en connexi\u00f3 amb altres continguts, productes o serveis que no siguin titularitat de l&#8217;Entitat ni de cap manera que pugui causar confusi\u00f3 entre els usuaris finals o el descr\u00e8dit de l&#8217;Entitat.[\/vc_column_text][\/vc_tta_section][vc_tta_section title=&#8221;WhistleB&#8221; tab_id=&#8221;WhistleB&#8221; el_class=&#8221;desc_politica_privacidad_titulo_item&#8221;][vc_column_text el_class=&#8221;desc_politicaprivacidad_texto_item&#8221;]La l\u00ednia directa per den\u00fancies Sanoma-WhistleB permet als empleats del grup Sanoma i a tercers notificar sospites de faltes greus amb total confian\u00e7a. Es tracta d&#8217;un sistema d&#8217;alerta per reduir els riscos, aix\u00ed com una eina important per fomentar un nivell alt d&#8217;\u00e8tica empresarial i conservar la confian\u00e7a que els clients i el p\u00fablic han dipositat en Sanoma.<\/p>\n<p>Els empleats del grup Sanoma (o tercers com a prove\u00efdors o altres socis comercials) poden utilitzar volunt\u00e0riament la l\u00ednia directa als pa\u00efsos on Sanoma opera per denunciar conductes indegudes per part del grup d&#8217;empreses de Sanoma o que es produeixin dins d&#8217;aquest grup.<\/p>\n<p>Si vost\u00e8 est\u00e0 interessat a acudir a Sanoma directament per denunciar alguna falta greu, feu clic i seguiu les instruccions que li indiquessin en el seg\u00fcent enlla\u00e7: <a href=\"https:\/\/report.whistleb.com\/es\/Sanoma\" target=\"_blank\" rel=\"noopener\">https:\/\/report.whistleb.com\/es\/Sanoma<\/a>[\/vc_column_text][\/vc_tta_section][vc_tta_section title=&#8221;Declaraci\u00f3 de divulgaci\u00f3 responsable&#8221; tab_id=&#8221;declaracio-responsable&#8221; el_class=&#8221;desc_politica_privacidad_titulo_item&#8221;][vc_column_text el_class=&#8221;desc_politicaprivacidad_texto_item&#8221;]<strong>Declaraci\u00f3 de divulgaci\u00f3 responsable<\/strong><\/p>\n<p>La seguretat dels nostres sistemes \u00e9s molt important per a IDDINK SPAIN (en endavant IDDINK) i treballem cont\u00ednuament en la seguretat dels nostres sistemes d&#8217;informaci\u00f3. No obstant aix\u00f2, pot haver-hi punts febles en un dels nostres sistemes o llocs web d\u2019IT. Si detecteu en aquests una feblesa d\u2019aquest tipus, IDDINK us agrairia que la reporteu enviant un correu electr\u00f2nic a <a href=\"mailto:security@iddink.es.\">security@iddink.es.<\/a><\/p>\n<p>En informar de la vulnerabilitat abans de fer-la p\u00fablica, permeteu que IDDINK prengui les mesures adequades primer. Si informeu d&#8217;una vulnerabilitat o problema de seguretat, tingueu en compte el seg\u00fcent:<\/p>\n<ul>\n<li style=\"list-style-type: none;\">\n<ul>\n<li>Proporcioneu prou informaci\u00f3 per reproduir el problema. D&#8217;aquesta manera, IDDINK pot solucionar el problema el m\u00e9s r\u00e0pid possible. Normalment, l&#8217;adre\u00e7a IP o URL del sistema afectat i una descripci\u00f3 de la vulnerabilitat s\u00f3n suficients.<\/li>\n<li>Deixeu les vostres dades de contacte (nom, adre\u00e7a de correu electr\u00f2nic i\/o n\u00famero de tel\u00e8fon) perqu\u00e8 IDDINK pugui posar-se en contacte amb vost\u00e8.<\/li>\n<li>Informeu de la vostra troballa el m\u00e9s aviat possible despr\u00e9s de descobrir el problema de vulnerabilitat o seguretat.<\/li>\n<li>Si us plau, informeu de la vostra troballa en castell\u00e0. Tamb\u00e9 es pot utilitzar l&#8217;angl\u00e8s o el catal\u00e0.<\/li>\n<\/ul>\n<\/li>\n<\/ul>\n<p>Un cop hagueu rebut l&#8217;informe:<\/p>\n<ul>\n<li style=\"list-style-type: none;\">\n<ul>\n<li>L&#8217;informe \u00e9s confidencial.<\/li>\n<li>Reconeixerem que hem rebut el vostre missatge en un termini de 3 dies.<\/li>\n<li>En un termini de 10 dies laborables us proporcionarem comentaris m\u00e9s detallats sobre la vostra troballa.<\/li>\n<\/ul>\n<\/li>\n<\/ul>\n<p>Us preguem que respecteu les nostres normes:<\/p>\n<ul>\n<li style=\"list-style-type: none;\">\n<ul>\n<li>No compartiu informaci\u00f3 sobre el problema de vulnerabilitat o seguretat amb altres persones fins que no es resolgui.<\/li>\n<li>No abuseu de la vulnerabilitat que heu identificat i limiteu les vostres accions al m\u00ednim necessari per identificar la vulnerabilitat.<\/li>\n<li>La vostra recerca no hauria de tenir cap impacte en la disponibilitat dels nostres sistemes TI.<\/li>\n<li>No preneu mesures que vagin m\u00e9s enll\u00e0 del necessari per demostrar el problema de seguretat.<\/li>\n<li>No utilitzeu l&#8217;enginyeria social per accedir als nostres sistemes d\u2019IT.<\/li>\n<li>No col\u00b7loqueu una backdoor en el sistema ni utilitzeu t\u00e8cniques de for\u00e7a bruta per accedir al sistema IT ni per demostrar la vostra troballa.<\/li>\n<\/ul>\n<\/li>\n<\/ul>\n<p>Tingueu en compte que aquesta pol\u00edtica no est\u00e0 pensada per a queixes sobre ofertes de serveis de IDDINK, queixes o preguntes sobre la disponibilitat dels nostres serveis.[\/vc_column_text][\/vc_tta_section][\/vc_tta_accordion]<div class=\"eut-empty-space eut-height-4x\" style=\"\"><\/div>[\/vc_column][\/vc_row]<\/p>\n","protected":false},"excerpt":{"rendered":"<p>[vc_row padding_top_multiplier=&#8221;3x&#8221; padding_bottom_multiplier=&#8221;&#8221;][vc_column tablet_sm_width=&#8221;1&#8243;][\/vc_column][\/vc_row][vc_row padding_top_multiplier=&#8221;2x&#8221; padding_bottom_multiplier=&#8221;4x&#8221;][vc_column width=&#8221;1\/3&#8243; column_sticky=&#8221;yes&#8221; tablet_sm_width=&#8221;hide&#8221; mobile_width=&#8221;hide&#8221; column_sticky_offset=&#8221;0&#8243;][vc_column_text el_class=&#8221;desc_politicaprivacidad_menu_lateral_item&#8221;] Av\u00eds legal [\/vc_column_text][vc_column_text el_class=&#8221;desc_politicaprivacidad_menu_lateral_item&#8221;] WhistleB [\/vc_column_text][vc_column_text el_class=&#8221;desc_politicaprivacidad_menu_lateral_item&#8221;] Declaraci\u00f3 de divulgaci\u00f3 responsable [\/vc_column_text][\/vc_column][vc_column width=&#8221;2\/3&#8243; tablet_sm_width=&#8221;1&#8243;][vc_tta_accordion c_position=&#8221;right&#8221; active_section=&#8221;1&#8243;][vc_tta_section title=&#8221;Av\u00eds legal&#8221; tab_id=&#8221;aviso-legal&#8221; el_class=&#8221;desc_politica_privacidad_titulo_item&#8221;][vc_column_text el_class=&#8221;desc_politicaprivacidad_texto_item&#8221;]L&#8217;informem que el responsable d&#8217;aquest Lloc Web \u00e9s: DENOMINACI\u00d3 IDDINK SPAIN, S.L.U. C.I.F. B-65090458 DOMICILI Avda. de la Ribera 11, Pol\u00edgon Industrial Pallej\u00e0, [&hellip;]<\/p>\n","protected":false},"author":9,"featured_media":0,"parent":0,"menu_order":0,"comment_status":"closed","ping_status":"closed","template":"","meta":{"footnotes":""},"class_list":["post-10078","page","type-page","status-publish","hentry"],"_links":{"self":[{"href":"https:\/\/spain.iddink.es\/ca\/wp-json\/wp\/v2\/pages\/10078","targetHints":{"allow":["GET"]}}],"collection":[{"href":"https:\/\/spain.iddink.es\/ca\/wp-json\/wp\/v2\/pages"}],"about":[{"href":"https:\/\/spain.iddink.es\/ca\/wp-json\/wp\/v2\/types\/page"}],"author":[{"embeddable":true,"href":"https:\/\/spain.iddink.es\/ca\/wp-json\/wp\/v2\/users\/9"}],"replies":[{"embeddable":true,"href":"https:\/\/spain.iddink.es\/ca\/wp-json\/wp\/v2\/comments?post=10078"}],"version-history":[{"count":11,"href":"https:\/\/spain.iddink.es\/ca\/wp-json\/wp\/v2\/pages\/10078\/revisions"}],"predecessor-version":[{"id":14202,"href":"https:\/\/spain.iddink.es\/ca\/wp-json\/wp\/v2\/pages\/10078\/revisions\/14202"}],"wp:attachment":[{"href":"https:\/\/spain.iddink.es\/ca\/wp-json\/wp\/v2\/media?parent=10078"}],"curies":[{"name":"wp","href":"https:\/\/api.w.org\/{rel}","templated":true}]}}