{"id":11436,"date":"2019-07-18T23:10:30","date_gmt":"2019-07-18T21:10:30","guid":{"rendered":"https:\/\/spain.iddink.es\/contacto-2\/"},"modified":"2025-04-22T11:48:08","modified_gmt":"2025-04-22T09:48:08","slug":"contacte-iddink","status":"publish","type":"page","link":"https:\/\/spain.iddink.es\/ca\/contacte-iddink\/","title":{"rendered":"Contactar amb Iddink"},"content":{"rendered":"<p>[vc_row section_type=&#8221;fullwidth&#8221; height_ratio=&#8221;40&#8243; padding_top_multiplier=&#8221;&#8221; padding_bottom_multiplier=&#8221;&#8221; rc_bg_type=&#8221;image&#8221; rc_bg_image=&#8221;12430&#8243; rc_bg_color=&#8221;#14181a&#8221;][vc_column][\/vc_column][\/vc_row][vc_row padding_top_multiplier=&#8221;&#8221; padding_bottom_multiplier=&#8221;&#8221; rc_bg_type=&#8221;color&#8221; separator_bottom_size=&#8221;50%&#8221; rc_bg_color=&#8221;#1e73bc&#8221; rc_font_color=&#8221;#0a0000&#8243;][vc_column rc_bg_type=&#8221;color&#8221; rc_add_shadow=&#8221;medium-shadow&#8221; column_custom_position=&#8221;yes&#8221; position_top=&#8221;minus-3x&#8221; rc_bg_color=&#8221;#ffffff&#8221; css=&#8221;.vc_custom_1566903599468{padding-top: 8% !important;padding-right: 12% !important;padding-bottom: 12% !important;padding-left: 12% !important;border-radius: 10px !important;}&#8221; rc_font_color=&#8221;#0a0a0a&#8221;][vc_row_inner padding_top_multiplier=&#8221;&#8221;][vc_column_inner width=&#8221;1\/6&#8243; rc_font_color=&#8221;#0075cf&#8221;][\/vc_column_inner][vc_column_inner width=&#8221;2\/3&#8243; rc_font_color=&#8221;#0a0a0a&#8221;]<h3 class=\"eut-element eut-title eut-align-inherit eut-h4 eut-custom-font-1 title_contact1\" style=\"\"><span><strong>Com puc contactar amb Iddink<\/strong><\/span><\/h3><div class=\"eut-empty-space\" style=\"height: 5px;\"><\/div>[vc_column_text text_style=&#8221;small-text&#8221; el_id=&#8221;desc_contactar_subtitulo&#8221;]<\/p>\n<div id=\"desc_contactar_subtitulo\" class=\"eut-element eut-text eut-small-text\"><\/div>\n<div id=\"desc_contactar_subtitulo\" class=\"eut-element eut-text eut-small-text\">\n<p>Recomanem que, abans de fer clic en algun dels 4 enlla\u00e7os a \u201cformulari de contacte\u201d que veur\u00e0s a sota, si teniu consultes sobre el nostre funcionament, entreu a la nostre <span style=\"color: #1e73bc;\"><strong><a style=\"color: #1e73bc;\" href=\"https:\/\/support.iddink.es\/es\/support\/home\" target=\"_blank\" rel=\"noopener noreferrer\">AJUDA<\/a><\/strong><\/span>, ja que possiblement trobareu resposta de manera m\u00e9s r\u00e0pida; si no trobeu resposta, podeu fer clic per accedir al formulari m\u00e9s adient:<\/p>\n<\/div>\n<p>[\/vc_column_text][\/vc_column_inner][vc_column_inner width=&#8221;1\/6&#8243;][\/vc_column_inner][\/vc_row_inner][vc_row_inner padding_bottom_multiplier=&#8221;&#8221; mobile_columns_vertical_gap=&#8221;60&#8243;][vc_column_inner width=&#8221;1\/6&#8243; rc_bg_type=&#8221;color&#8221; mobile_text_align=&#8221;center&#8221; rc_bg_color=&#8221;#ffffff&#8221; el_class=&#8221;link_contact1&#8243;][\/vc_column_inner][vc_column_inner width=&#8221;2\/3&#8243;][vc_column_text css=&#8221;.vc_custom_1713952798607{margin-bottom: 30px !important;}&#8221;]<span style=\"color: #1e73bc;\"><a style=\"color: #1e73bc;\" href=\"https:\/\/spain.iddink.es\/ca\/contacte-families\/\">Contacte families<\/a><\/span><br \/>\n<span style=\"color: #1e73bc;\"><a style=\"color: #1e73bc;\" href=\"https:\/\/spain.iddink.es\/ca\/contacte-estudiants\/\">Contacte estudiants<\/a><\/span><br \/>\n<span style=\"color: #1e73bc;\"><a style=\"color: #1e73bc;\" href=\"https:\/\/spain.iddink.es\/ca\/atencio-a-les-afa-2\/\">Contacte AFA<\/a><\/span><br \/>\n<span style=\"color: #1e73bc;\"><a style=\"color: #1e73bc;\" href=\"https:\/\/spain.iddink.es\/ca\/atencio-als-centres\/\">Contacte centres docents<\/a><\/span>[\/vc_column_text]<h3 class=\"eut-element eut-title eut-align-inherit eut-h6 eut-custom-font-1 desc_contactar_form_titulo\" style=\"margin-bottom: 12px;\"><span><strong>Correu electr\u00f2nic<\/strong><\/span><\/h3>[vc_column_text css=&#8221;.vc_custom_1713952961865{margin-bottom: 30px !important;}&#8221;]Tamb\u00e9 pots contactar enviant un mail a <span style=\"color: #1e73bc;\">info@iddink.cat<\/span>[\/vc_column_text]<h3 class=\"eut-element eut-title eut-align-inherit eut-h6 eut-custom-font-1 desc_contactar_form_titulo\" style=\"margin-bottom: 12px;\"><span><strong>Adre\u00e7a<\/strong><\/span><\/h3>[vc_column_text]<strong>Iddink Spain, S.L.U.<\/strong><\/p>\n<p><span style=\"color: #1e73bc;\"><strong>Barcelona<\/strong><\/span><br \/>\nAvda. de la Ribera, 11<br \/>\n08780, Pallej\u00e0<br \/>\nBarcelona<\/p>\n<p><span style=\"color: #1e73bc;\"><strong>Madrid<\/strong><\/span><br \/>\nC\/ de M\u00e9ndez \u00c1lvaro, 20<br \/>\n28045, Madrid<\/p>\n<p><span style=\"color: #1e73bc;\"><strong>Val\u00e8ncia<\/strong><\/span><br \/>\nAv. Corts Valencianes , 58 planta 5\u00aa<br \/>\n46015, Val\u00e8ncia[\/vc_column_text][\/vc_column_inner][vc_column_inner width=&#8221;1\/6&#8243;][\/vc_column_inner][\/vc_row_inner][vc_row_inner padding_top_multiplier=&#8221;&#8221; padding_bottom_multiplier=&#8221;&#8221; desktop_visibility=&#8221;hide&#8221; tablet_visibility=&#8221;hide&#8221; tablet_sm_visibility=&#8221;hide&#8221; mobile_visibility=&#8221;hide&#8221; mobile_columns_vertical_gap=&#8221;60&#8243;][vc_column_inner width=&#8221;1\/3&#8243; rc_bg_type=&#8221;color&#8221; mobile_text_align=&#8221;center&#8221; rc_bg_color=&#8221;#ffffff&#8221; el_class=&#8221;link_contact1&#8243;]<h3 class=\"eut-element eut-title eut-align-inherit eut-h6 eut-custom-font-1 desc_contactar_form_titulo\" style=\"margin-bottom: 12px;\"><span><strong>Correu electr\u00f2nic<\/strong><\/span><\/h3>[vc_column_text text_style=&#8221;small-text&#8221; css=&#8221;.vc_custom_1566391299939{margin-bottom: 30px !important;}&#8221;]Escribiendo un correo electr\u00f3nico<br \/>\na la siguiente direcci\u00f3n:<br \/>\n<a href=\"mailto:info@iddink.cat\">info@iddink.cat<\/a>[\/vc_column_text]<div class=\"eut-empty-space eut-height-1x\" style=\"\"><\/div><div class=\"eut-empty-space eut-height-1x\" style=\"\"><\/div><h3 class=\"eut-element eut-title eut-align-inherit eut-h6 eut-custom-font-1 desc_contactar_form_titulo\" style=\"margin-bottom: 12px;\"><span><strong>Adre\u00e7a<\/strong><\/span><\/h3>[vc_column_text text_style=&#8221;small-text&#8221;]<strong>Iddink Spain, S.L.U.<\/strong><\/p>\n<p><span style=\"color: #1e73bc;\"><strong>Barcelona<\/strong><\/span><br \/>\nAvda. de la Ribera, 11<br \/>\n08780, Pallej\u00e0<br \/>\nBarcelona<\/p>\n<p><span style=\"color: #1e73bc;\"><strong>Madrid<\/strong><\/span><br \/>\nSpaces Atocha<br \/>\nC\/ de M\u00e9ndez \u00c1lvaro, 20<br \/>\n28045, Madrid<\/p>\n<p><span style=\"color: #1e73bc;\"><strong>Val\u00e8ncia<\/strong><\/span><br \/>\nAv. Corts Valencianes , 58 planta 5\u00aa<br \/>\n46015, Val\u00e8ncia[\/vc_column_text][\/vc_column_inner][vc_column_inner width=&#8221;2\/3&#8243; content_width=&#8221;85&#8243; horizontal_content_position=&#8221;right&#8221; rc_heading_color=&#8221;light&#8221; rc_bg_type=&#8221;color&#8221; mobile_content_width=&#8221;reset&#8221; mobile_text_align=&#8221;center&#8221; el_class=&#8221;centros_button_1&#8243; rc_bg_color=&#8221;#ffffff&#8221;]<h3 class=\"eut-element eut-title eut-align-left eut-h6 desc_contactar_form_titulo\" style=\"\"><span><strong><span style=\"color: #000000;\">Formulari de contacte<\/span><\/strong><\/span><\/h3><div class=\"eut-empty-space eut-height-1x\" style=\"\"><\/div><div class=\"eut-element eut-contact-form eut-contact-form-6a0478ef90d4f eut-form-btn-simple eut-form-btn-extra-round eut-form-btn-bg-primary-2 eut-form-btn-bg-hover-primary-5 eut-form-btn-medium\">\n<div class=\"wpcf7 no-js\" id=\"wpcf7-f6-o1\" lang=\"es-ES\" dir=\"ltr\" data-wpcf7-id=\"6\">\n<div class=\"screen-reader-response\"><p role=\"status\" aria-live=\"polite\" aria-atomic=\"true\"><\/p> <ul><\/ul><\/div>\n<form action=\"\/ca\/wp-json\/wp\/v2\/pages\/11436#wpcf7-f6-o1\" method=\"post\" class=\"wpcf7-form init wpcf7-acceptance-as-validation\" aria-label=\"Formulario de contacto\" enctype=\"multipart\/form-data\" novalidate=\"novalidate\" data-status=\"init\">\n<fieldset class=\"hidden-fields-container\"><input type=\"hidden\" name=\"_wpcf7\" value=\"6\" \/><input type=\"hidden\" name=\"_wpcf7_version\" value=\"6.1.5\" \/><input type=\"hidden\" name=\"_wpcf7_locale\" value=\"es_ES\" \/><input type=\"hidden\" name=\"_wpcf7_unit_tag\" value=\"wpcf7-f6-o1\" \/><input type=\"hidden\" name=\"_wpcf7_container_post\" value=\"0\" \/><input type=\"hidden\" name=\"_wpcf7_posted_data_hash\" value=\"\" \/><input type=\"hidden\" name=\"_wpcf7_recaptcha_response\" value=\"\" \/>\n<\/fieldset>\n<p><span class=\"wpcf7-form-control-wrap\" data-name=\"menu-89\"><select class=\"wpcf7-form-control wpcf7-select wpcf7-validates-as-required\" aria-required=\"true\" aria-invalid=\"false\" name=\"menu-89\"><option value=\"Informaci\u00f3n general\">Informaci\u00f3n general<\/option><option value=\"Pedidos y pagos\">Pedidos y pagos<\/option><option value=\"Comunicar incidencia\">Comunicar incidencia<\/option><option value=\"Estado de pedidos\">Estado de pedidos<\/option><option value=\"Devoluci\u00f3n de ecoBooks\">Devoluci\u00f3n de ecoBooks<\/option><option value=\"Licencias digitales\">Licencias digitales<\/option><\/select><\/span>\n<\/p>\n<p><span class=\"wpcf7-form-control-wrap\" data-name=\"nombre\"><input size=\"40\" maxlength=\"400\" class=\"wpcf7-form-control wpcf7-text wpcf7-validates-as-required\" aria-required=\"true\" aria-invalid=\"false\" placeholder=\"Nombre *\" value=\"\" type=\"text\" name=\"nombre\" \/><\/span>\n<\/p>\n<p><span class=\"wpcf7-form-control-wrap\" data-name=\"apellidos\"><input size=\"40\" maxlength=\"400\" class=\"wpcf7-form-control wpcf7-text wpcf7-validates-as-required\" aria-required=\"true\" aria-invalid=\"false\" placeholder=\"Apellidos *\" value=\"\" type=\"text\" name=\"apellidos\" \/><\/span>\n<\/p>\n<p><span class=\"wpcf7-form-control-wrap\" data-name=\"ID\"><input size=\"40\" maxlength=\"400\" class=\"wpcf7-form-control wpcf7-text\" aria-invalid=\"false\" placeholder=\"ID alumno\/a\" value=\"\" type=\"text\" name=\"ID\" \/><\/span>\n<\/p>\n<p><span class=\"wpcf7-form-control-wrap\" data-name=\"email\"><input size=\"40\" maxlength=\"400\" class=\"wpcf7-form-control wpcf7-email wpcf7-validates-as-required wpcf7-text wpcf7-validates-as-email\" aria-required=\"true\" aria-invalid=\"false\" placeholder=\"E-mail *\" value=\"\" type=\"email\" name=\"email\" \/><\/span>\n<\/p>\n<p><span class=\"wpcf7-form-control-wrap\" data-name=\"telefono\"><input size=\"40\" maxlength=\"400\" class=\"wpcf7-form-control wpcf7-tel wpcf7-validates-as-required wpcf7-text wpcf7-validates-as-tel\" aria-required=\"true\" aria-invalid=\"false\" placeholder=\"Tel\u00e9fono *\" value=\"\" type=\"tel\" name=\"telefono\" \/><\/span>\n<\/p>\n<p><span class=\"wpcf7-form-control-wrap\" data-name=\"mensaje\"><textarea cols=\"40\" rows=\"10\" maxlength=\"2000\" class=\"wpcf7-form-control wpcf7-textarea wpcf7-validates-as-required\" aria-required=\"true\" aria-invalid=\"false\" placeholder=\"Tu mensaje *\" name=\"mensaje\"><\/textarea><\/span>\n<\/p>\n<div class=\"mb-input-file\">\n\t<p><label><br \/>\n<span class=\"wpcf7-form-control-wrap\" data-name=\"file-226\"><input size=\"40\" class=\"wpcf7-form-control wpcf7-file\" accept=\".pdf,.jpg,.jpeg,.doc,.docx\" aria-invalid=\"false\" type=\"file\" name=\"file-226\" \/><\/span><br \/>\n<\/label>\n\t<\/p>\n\t<div class=\"mb-input-fake\">\n\t\t<div class=\"mb-ifake-icon\">\n\t\t\t<p><img decoding=\"async\" src=\"\/wp-content\/uploads\/2019\/08\/attached-file-icon.svg\" \/>\n\t\t\t<\/p>\n\t\t<\/div>\n\t\t<div class=\"mb-ifake-text\">\n\t\t\t<p class=\"mb-ifake-t--label\"><span>Adjuntar archivo<\/span> (m\u00e1ximo 1MB. Admite los formatos pdf, jpg, doc)\n\t\t\t<\/p>\n\t\t\t<p class=\"mb-ifake-t--output\">\n\t\t\t<\/p>\n\t\t<\/div>\n\t<\/div>\n<\/div>\n<p><span class=\"wpcf7-form-control-wrap\" data-name=\"your-consent\"><span class=\"wpcf7-form-control wpcf7-acceptance\"><span class=\"wpcf7-list-item\"><label><input type=\"checkbox\" name=\"your-consent\" value=\"1\" aria-invalid=\"false\" \/><span class=\"wpcf7-list-item-label\">He le\u00eddo y acepto  la <a href=\"\/politica-privacidad\/\">pol\u00edtica de privacidad<\/a> y <a href=\"\/condiciones-de-uso\/\">protecci\u00f3n de datos<\/a><\/span><\/label><\/span><\/span><\/span>\n<\/p>\n<p><input class=\"wpcf7-form-control wpcf7-submit has-spinner\" type=\"submit\" value=\"Enviar\" \/>\n<\/p><div class=\"wpcf7-response-output\" aria-hidden=\"true\"><\/div>\n<\/form>\n<\/div>\n<\/div><style type=\"text\/css\">.eut-contact-form.eut-contact-form-6a0478ef90d4f input,.eut-contact-form.eut-contact-form-6a0478ef90d4f textarea,.eut-contact-form.eut-contact-form-6a0478ef90d4f select,.eut-contact-form.eut-contact-form-6a0478ef90d4f .wpcf7-list-item-label:before {border-width: 1px;border-style: solid;border-color: #eaeaea;;background-color: transparent;;color: #000000;;font-size: 13px;;}.wpcf7-form .wpcf7-list-item-label:before {border-color: #eaeaea !important;}.eut-contact-form.eut-contact-form-6a0478ef90d4f input:focus,.eut-contact-form.eut-contact-form-6a0478ef90d4f textarea:focus,.eut-contact-form.eut-contact-form-6a0478ef90d4f select:focus {border-color: #eaeaea;;background-color: transparent;;color: #000000;;}.eut-contact-form.eut-contact-form-6a0478ef90d4f ::-webkit-input-placeholder {color: #000000;}.eut-contact-form.eut-contact-form-6a0478ef90d4f :-moz-placeholder {color: #000000;}.eut-contact-form.eut-contact-form-6a0478ef90d4f ::-moz-placeholder {color: #000000;}.eut-contact-form.eut-contact-form-6a0478ef90d4f :-ms-input-placeholder {color: #000000;}.eut-contact-form.eut-contact-form-6a0478ef90d4f :focus::-webkit-input-placeholder {color: #000000;}.eut-contact-form.eut-contact-form-6a0478ef90d4f :focus:-moz-placeholder {color: #000000;}.eut-contact-form.eut-contact-form-6a0478ef90d4f :focus::-moz-placeholder {color: #000000;}.eut-contact-form.eut-contact-form-6a0478ef90d4f :focus:-ms-input-placeholder {color: #000000;}<\/style>[\/vc_column_inner][\/vc_row_inner][\/vc_column][\/vc_row][vc_row padding_top_multiplier=&#8221;&#8221; padding_bottom_multiplier=&#8221;&#8221; desktop_visibility=&#8221;hide&#8221; mobile_columns_vertical_gap=&#8221;none&#8221; section_id=&#8221;js-code&#8221;][vc_column][vc_raw_js]JTNDc2NyaXB0JTIwdHlwZSUzRCUyMnRleHQlMkZqYXZhc2NyaXB0JTIyJTNFJTBBJTIwJTIwJTIwJTIwdmFyJTIwZmFrZUlucHV0RmlsZSUyMCUzRCUyMCUyOGZ1bmN0aW9uJTIwJTI4JTI5JTIwJTdCJTBBJTBBJTIwJTIwJTIwJTIwJTIwJTIwJTIwJTIwdmFyJTIwY2xhc3NJbnB1dEZpbGUlMkMlMjBpbnB1dEZpbGUlM0IlMEElMEElMjAlMjAlMjAlMjAlMjAlMjAlMjAlMjBmdW5jdGlvbiUyMGluaXRBcHAlMjglMjklMjAlN0IlMEElMjAlMjAlMjAlMjAlMjAlMjAlMjAlMjAlMjAlMjAlMjAlMjBjb25zb2xlLmxvZyUyOCUyN2hvbGElMjBtdW5kbyUyMSUyNyUyOSUwQSUyMCUyMCUyMCUyMCUyMCUyMCUyMCUyMCUyMCUyMCUyMCUyMGlmJTIwJTI4ZG9jdW1lbnQuZ2V0RWxlbWVudHNCeUNsYXNzTmFtZSUyOCUyN21iLWlucHV0LWZpbGUlMjclMjklMjklMjAlN0IlMEElMjAlMjAlMjAlMjAlMjAlMjAlMjAlMjAlMjAlMjAlMjAlMjAlMjAlMjAlMjAlMjBjbGFzc0lucHV0RmlsZSUyMCUzRCUyMGRvY3VtZW50LmdldEVsZW1lbnRzQnlDbGFzc05hbWUlMjglMjdtYi1pbnB1dC1maWxlJTI3JTI5JTVCMCU1RCUzQiUwQSUyMCUyMCUyMCUyMCUyMCUyMCUyMCUyMCUyMCUyMCUyMCUyMCUyMCUyMCUyMCUyMGlmJTIwJTI4Y2xhc3NJbnB1dEZpbGUuZ2V0RWxlbWVudHNCeVRhZ05hbWUlMjglMjdpbnB1dCUyNyUyOSUyOSUyMCU3QiUwQSUyMCUyMCUyMCUyMCUyMCUyMCUyMCUyMCUyMCUyMCUyMCUyMCUyMCUyMCUyMCUyMCUyMCUyMCUyMCUyMGlucHV0RmlsZSUyMCUzRCUyMGNsYXNzSW5wdXRGaWxlLmdldEVsZW1lbnRzQnlUYWdOYW1lJTI4JTI3aW5wdXQlMjclMjklNUIwJTVEJTNCJTBBJTIwJTIwJTIwJTIwJTIwJTIwJTIwJTIwJTIwJTIwJTIwJTIwJTIwJTIwJTIwJTIwJTIwJTIwJTIwJTIwaW5wdXRGaWxlLmFkZEV2ZW50TGlzdGVuZXIlMjglMjdjaGFuZ2UlMjclMkMlMjBzaG93T3V0cHV0JTJDJTIwZmFsc2UlMjklM0IlMEElMjAlMjAlMjAlMjAlMjAlMjAlMjAlMjAlMjAlMjAlMjAlMjAlMjAlMjAlMjAlMjAlN0QlMEElMjAlMjAlMjAlMjAlMjAlMjAlMjAlMjAlMjAlMjAlMjAlMjAlN0QlMEElMEElMjAlMjAlMjAlMjAlMjAlMjAlMjAlMjAlN0QlMEElMEElMjAlMjAlMjAlMjAlMjAlMjAlMjAlMjBmdW5jdGlvbiUyMHNob3dPdXRwdXQlMjglMjklMjAlN0IlMEElMjAlMjAlMjAlMjAlMjAlMjAlMjAlMjAlMjAlMjAlMjAlMjBpZiUyMCUyOGNsYXNzSW5wdXRGaWxlLmdldEVsZW1lbnRzQnlDbGFzc05hbWUlMjglMjdtYi1pZmFrZS10LS1vdXRwdXQlMjclMjklMjklMjAlN0IlMEElMjAlMjAlMjAlMjAlMjAlMjAlMjAlMjAlMjAlMjAlMjAlMjAlMjAlMjAlMjAlMjBjb25zdCUyMG91dHB1dFRhZyUyMCUzRCUyMGNsYXNzSW5wdXRGaWxlLmdldEVsZW1lbnRzQnlDbGFzc05hbWUlMjglMjdtYi1pZmFrZS10LS1vdXRwdXQlMjclMjklNUIwJTVEJTNCJTBBJTIwJTIwJTIwJTIwJTIwJTIwJTIwJTIwJTIwJTIwJTIwJTIwJTIwJTIwJTIwJTIwb3V0cHV0VGFnLmlubmVySFRNTCUyMCUzRCUyMCUyNyUzQ3NwYW4lM0UlMjclMjAlMkIlMjBpbnB1dEZpbGUudmFsdWUuc3BsaXQlMjglMjclNUMlNUMlMjclMjkucG9wJTI4JTI5JTIwJTJCJTIwJTI3JTNDJTJGc3BhbiUzRSUyNyUzQiUwQSUyMCUyMCUyMCUyMCUyMCUyMCUyMCUyMCUyMCUyMCUyMCUyMCU3RCUwQSUyMCUyMCUyMCUyMCUyMCUyMCUyMCUyMCUyMCUyMCUyMCUyMGNvbnNvbGUubG9nJTI4JTI3ZmFrZUlucHV0RmlsZSUyNyUyQyUyMGlucHV0RmlsZS52YWx1ZSUyOSUzQiUwQSUyMCUyMCUyMCUyMCUyMCUyMCUyMCUyMCU3RCUwQSUwQSUyMCUyMCUyMCUyMCUyMCUyMCUyMCUyMHJldHVybiUyMCU3QiUwQSUyMCUyMCUyMCUyMCUyMCUyMCUyMCUyMCUyMCUyMCUyMCUyMGluaXRBcHAlM0ElMjBpbml0QXBwJTBBJTIwJTIwJTIwJTIwJTIwJTIwJTIwJTIwJTdEJTBBJTBBJTIwJTIwJTIwJTIwJTdEJTI5JTI4JTI5JTNCJTBBJTIwJTIwJTIwJTIwd2luZG93LmFkZEV2ZW50TGlzdGVuZXIlMjglMjJsb2FkJTIyJTJDJTIwZmFrZUlucHV0RmlsZS5pbml0QXBwJTJDJTIwZmFsc2UlMjklM0IlMEElM0MlMkZzY3JpcHQlM0U=[\/vc_raw_js][\/vc_column][\/vc_row]<\/p>\n","protected":false},"excerpt":{"rendered":"<p>[vc_row section_type=&#8221;fullwidth&#8221; height_ratio=&#8221;40&#8243; padding_top_multiplier=&#8221;&#8221; padding_bottom_multiplier=&#8221;&#8221; rc_bg_type=&#8221;image&#8221; rc_bg_image=&#8221;12430&#8243; rc_bg_color=&#8221;#14181a&#8221;][vc_column][\/vc_column][\/vc_row][vc_row padding_top_multiplier=&#8221;&#8221; padding_bottom_multiplier=&#8221;&#8221; rc_bg_type=&#8221;color&#8221; separator_bottom_size=&#8221;50%&#8221; rc_bg_color=&#8221;#1e73bc&#8221; rc_font_color=&#8221;#0a0000&#8243;][vc_column rc_bg_type=&#8221;color&#8221; rc_add_shadow=&#8221;medium-shadow&#8221; column_custom_position=&#8221;yes&#8221; position_top=&#8221;minus-3x&#8221; rc_bg_color=&#8221;#ffffff&#8221; css=&#8221;.vc_custom_1566903599468{padding-top: 8% !important;padding-right: 12% !important;padding-bottom: 12% !important;padding-left: 12% !important;border-radius: 10px !important;}&#8221; rc_font_color=&#8221;#0a0a0a&#8221;][vc_row_inner padding_top_multiplier=&#8221;&#8221;][vc_column_inner width=&#8221;1\/6&#8243; rc_font_color=&#8221;#0075cf&#8221;][\/vc_column_inner][vc_column_inner width=&#8221;2\/3&#8243; rc_font_color=&#8221;#0a0a0a&#8221;][vc_column_text text_style=&#8221;small-text&#8221; el_id=&#8221;desc_contactar_subtitulo&#8221;] Recomanem que, abans de fer clic en algun dels 4 enlla\u00e7os a \u201cformulari de contacte\u201d que veur\u00e0s [&hellip;]<\/p>\n","protected":false},"author":9,"featured_media":0,"parent":0,"menu_order":0,"comment_status":"closed","ping_status":"closed","template":"","meta":{"footnotes":""},"class_list":["post-11436","page","type-page","status-publish","hentry"],"_links":{"self":[{"href":"https:\/\/spain.iddink.es\/ca\/wp-json\/wp\/v2\/pages\/11436","targetHints":{"allow":["GET"]}}],"collection":[{"href":"https:\/\/spain.iddink.es\/ca\/wp-json\/wp\/v2\/pages"}],"about":[{"href":"https:\/\/spain.iddink.es\/ca\/wp-json\/wp\/v2\/types\/page"}],"author":[{"embeddable":true,"href":"https:\/\/spain.iddink.es\/ca\/wp-json\/wp\/v2\/users\/9"}],"replies":[{"embeddable":true,"href":"https:\/\/spain.iddink.es\/ca\/wp-json\/wp\/v2\/comments?post=11436"}],"version-history":[{"count":28,"href":"https:\/\/spain.iddink.es\/ca\/wp-json\/wp\/v2\/pages\/11436\/revisions"}],"predecessor-version":[{"id":14083,"href":"https:\/\/spain.iddink.es\/ca\/wp-json\/wp\/v2\/pages\/11436\/revisions\/14083"}],"wp:attachment":[{"href":"https:\/\/spain.iddink.es\/ca\/wp-json\/wp\/v2\/media?parent=11436"}],"curies":[{"name":"wp","href":"https:\/\/api.w.org\/{rel}","templated":true}]}}