{"id":11741,"date":"2020-02-03T10:16:50","date_gmt":"2020-02-03T09:16:50","guid":{"rendered":"https:\/\/spain.iddink.es\/?page_id=11741"},"modified":"2020-10-20T10:45:40","modified_gmt":"2020-10-20T08:45:40","slug":"software-gestio","status":"publish","type":"page","link":"https:\/\/spain.iddink.es\/ca\/centres\/software-gestio\/","title":{"rendered":"Software de gesti\u00f3"},"content":{"rendered":"<p>[vc_row section_type=&#8221;fullwidth&#8221; height_ratio=&#8221;60&#8243; padding_top_multiplier=&#8221;&#8221; padding_bottom_multiplier=&#8221;&#8221; rc_bg_type=&#8221;image&#8221; rc_bg_image=&#8221;11737&#8243; rc_bg_image_size=&#8221;responsive&#8221; rc_bg_position=&#8221;center-top&#8221; mobile_visibility=&#8221;hide&#8221;][vc_column][vc_column_text][\/vc_column_text][\/vc_column][\/vc_row][vc_row section_type=&#8221;fullwidth&#8221; padding_top_multiplier=&#8221;&#8221; padding_bottom_multiplier=&#8221;&#8221; rc_bg_type=&#8221;image&#8221; rc_bg_image=&#8221;11737&#8243; rc_bg_image_size=&#8221;responsive&#8221; desktop_visibility=&#8221;hide&#8221; tablet_visibility=&#8221;hide&#8221; tablet_sm_visibility=&#8221;hide&#8221; el_class=&#8221;desc_image_banner_height&#8221;][vc_column][vc_column_text][\/vc_column_text][\/vc_column][\/vc_row][vc_row rc_heading_color=&#8221;light&#8221; rc_bg_type=&#8221;color&#8221; mobile_visibility=&#8221;hide&#8221; rc_font_color=&#8221;#ffffff&#8221; rc_bg_color=&#8221;#1e73bc&#8221;][vc_column width=&#8221;1\/12&#8243; vertical_content_position=&#8221;middle&#8221; text_align=&#8221;center&#8221;][\/vc_column][vc_column width=&#8221;5\/6&#8243;]<h1 class=\"eut-element eut-title eut-align-center eut-h1 desc_materialeseducativos_titulo\" style=\"\"><span><strong><img loading=\"lazy\" decoding=\"async\" class=\"wp-image-12317 aligncenter\" src=\"https:\/\/spain.iddink.es\/wp-content\/uploads\/2020\/10\/Logo-Clickedu-Blanc-300-300x87.png\" alt=\"\" width=\"294\" height=\"85\" srcset=\"https:\/\/spain.iddink.es\/wp-content\/uploads\/2020\/10\/Logo-Clickedu-Blanc-300-300x87.png 300w, https:\/\/spain.iddink.es\/wp-content\/uploads\/2020\/10\/Logo-Clickedu-Blanc-300-1024x298.png 1024w, https:\/\/spain.iddink.es\/wp-content\/uploads\/2020\/10\/Logo-Clickedu-Blanc-300-768x223.png 768w, https:\/\/spain.iddink.es\/wp-content\/uploads\/2020\/10\/Logo-Clickedu-Blanc-300.png 1069w\" sizes=\"auto, (max-width: 294px) 100vw, 294px\" \/><\/strong><br>\n<p style=\"text-align: center;\"><strong>Software de gesti\u00f3 educativa<\/strong><br>\n&nbsp;<br>\n<\/span><\/h1>[vc_column_text el_class=&#8221;desc_materialeseducativos_bloque1&#8243;]<\/p>\n<p style=\"text-align: center;\">Una plataforma escolar que facilita la gesti\u00f3, planificaci\u00f3 i programaci\u00f3 acad\u00e8mica; un entorn de comunicaci\u00f3 del professorat, els tutors i els caps d\u2019estudis amb els estudiants i les seves fam\u00edlies; un entorn virtual d\u2019aprenentatge amb connexi\u00f3 a llibres digitals.<\/p>\n<p>&nbsp;<\/p>\n<p>[\/vc_column_text][\/vc_column][vc_column width=&#8221;1\/12&#8243;][\/vc_column][\/vc_row][vc_row padding_top_multiplier=&#8221;&#8221; rc_heading_color=&#8221;light&#8221; rc_bg_type=&#8221;color&#8221; desktop_visibility=&#8221;hide&#8221; tablet_visibility=&#8221;hide&#8221; tablet_sm_visibility=&#8221;hide&#8221; rc_font_color=&#8221;#ffffff&#8221; rc_bg_color=&#8221;#1e73bc&#8221;][vc_column width=&#8221;5\/6&#8243; css=&#8221;.vc_custom_1573215897078{padding-right: 10px !important;padding-bottom: 5px !important;padding-left: 10px !important;}&#8221;]<h1 class=\"eut-element eut-title eut-align-center eut-h2 desc_materialeseducativos_titulo_mobile\" style=\"\"><span><br>\n<p style=\"text-align: left;\"><strong><img loading=\"lazy\" decoding=\"async\" class=\"alignnone wp-image-12317\" src=\"https:\/\/spain.iddink.es\/wp-content\/uploads\/2020\/10\/Logo-Clickedu-Blanc-300-300x87.png\" alt=\"\" width=\"248\" height=\"72\" srcset=\"https:\/\/spain.iddink.es\/wp-content\/uploads\/2020\/10\/Logo-Clickedu-Blanc-300-300x87.png 300w, https:\/\/spain.iddink.es\/wp-content\/uploads\/2020\/10\/Logo-Clickedu-Blanc-300-1024x298.png 1024w, https:\/\/spain.iddink.es\/wp-content\/uploads\/2020\/10\/Logo-Clickedu-Blanc-300-768x223.png 768w, https:\/\/spain.iddink.es\/wp-content\/uploads\/2020\/10\/Logo-Clickedu-Blanc-300.png 1069w\" sizes=\"auto, (max-width: 248px) 100vw, 248px\" \/>Software de gesti\u00f3 educativa<\/strong><br>\n<\/span><\/h1><h3 class=\"eut-element eut-title eut-align-left eut-small-text desc_materialeseducativos_bloque1_mobile\" style=\"margin-bottom: nonepx;\"><span><br>\n<p style=\"text-align: left;\">Una plataforma escolar que facilita la gesti\u00f3, planificaci\u00f3 i programaci\u00f3 acad\u00e8mica; un entorn de comunicaci\u00f3 del professorat, els tutors i els caps d\u2019estudis amb els estudiants i les seves fam\u00edlies; un entorn virtual d\u2019aprenentatge amb connexi\u00f3 a llibres digitals.<br>\n&nbsp;<br>\n<\/span><\/h3>[\/vc_column][\/vc_row][vc_row padding_top_multiplier=&#8221;2x&#8221; padding_bottom_multiplier=&#8221;2x&#8221; mobile_visibility=&#8221;hide&#8221;][vc_column width=&#8221;1\/2&#8243;]<h3 class=\"eut-element eut-title eut-align-inherit eut-h1 desc_materialeseducativos_titulo_bloque\" style=\"margin-bottom: 0px;\"><span>La plataforma de gesti\u00f3 acad\u00e8mica per a centres d\u2019ensenyament.<br>\n<\/span><\/h3><div class=\"eut-empty-space eut-height-1x\" style=\"\"><\/div>[vc_column_text animation_delay=&#8221;800&#8243; animation_duration=&#8221;slow&#8221; el_class=&#8221;desc_materialeseducativos_texto_bloque&#8221;]Programacions, posar notes i crear f\u00f3rmules d\u2019avaluaci\u00f3, informes personalitzats, acc\u00e9s a les fitxes dels alumnes, control de classe, passar llista, informar a menjadors, atenci\u00f3 a la diversitat i un llarg etc\u00e8tera, s\u00f3n les funcions m\u00e9s utilitzades a Clickedu. La plataforma estalvia temps i recursos que poden dedicar-se a la tasca m\u00e9s transcendent d\u2019un centre educatiu: la formaci\u00f3 dels estudiants. La gesti\u00f3 es duu a terme totalment en l\u00ednia, sense necessitat d\u2019instal\u00b7lar, actualitzar ni realitzar processos complexos. Tot aix\u00f2 en una plataforma provada, amb traject\u00f2ria d\u2019\u00e8xit en m\u00e9s de 700 centres d\u2019ensenyament.<\/p>\n<p>[\/vc_column_text][\/vc_column][vc_column width=&#8221;1\/2&#8243; mobile_width=&#8221;hide&#8221;]<div class=\"eut-element eut-image eut-align-center\" style=\"\"><div class=\"eut-image-wrapper eut-popup-item\" style=\"max-width:513px;\"><div class=\"eut-thumbnail-wrapper\"  style=\"max-width: 513px;\"><div class=\"eut-thumbnail\"  style=\"padding-top: 81.871%;\"><img loading=\"lazy\" decoding=\"async\" width=\"513\" height=\"420\" src=\"https:\/\/spain.iddink.es\/wp-content\/uploads\/2020\/02\/imatge-513x420.jpg\" class=\"attachment-crocal-eutf-small-rect-horizontal size-crocal-eutf-small-rect-horizontal\" alt=\"\" data-eutf-filter=\"yes\" \/><\/div><\/div>  <\/div><\/div>[\/vc_column][\/vc_row][vc_row padding_bottom_multiplier=&#8221;2x&#8221; desktop_visibility=&#8221;hide&#8221; tablet_visibility=&#8221;hide&#8221; tablet_sm_visibility=&#8221;hide&#8221;][vc_column css=&#8221;.vc_custom_1570591675927{padding-right: 10px !important;padding-left: 10px !important;}&#8221;]<h3 class=\"eut-element eut-title eut-align-inherit eut-h1 desc_materialeseducativos_titulo_bloque\" style=\"margin-bottom: 0px;\"><span>La plataforma de gesti\u00f3 acad\u00e8mica per a centres d\u2019ensenyament.<br>\n<\/span><\/h3><div class=\"eut-empty-space eut-height-1x\" style=\"\"><\/div>[vc_column_text animation_delay=&#8221;800&#8243; animation_duration=&#8221;slow&#8221; el_class=&#8221;desc_materialeseducativos_texto_bloque&#8221;]Programacions, posar notes i crear f\u00f3rmules d\u2019avaluaci\u00f3, informes personalitzats, acc\u00e9s a les fitxes dels alumnes, control de classe, passar llista, informar a menjadors, atenci\u00f3 a la diversitat i un llarg etc\u00e8tera, s\u00f3n les funcions m\u00e9s utilitzades a Clickedu. La plataforma estalvia temps i recursos que poden dedicar-se a la tasca m\u00e9s transcendent d\u2019un centre educatiu: la formaci\u00f3 dels estudiants. La gesti\u00f3 es duu a terme totalment en l\u00ednia, sense necessitat d\u2019instal\u00b7lar, actualitzar ni realitzar processos complexos. Tot aix\u00f2 en una plataforma provada, amb traject\u00f2ria d\u2019\u00e8xit en m\u00e9s de 700 centres d\u2019ensenyament.<\/p>\n<p>[\/vc_column_text]<div class=\"eut-empty-space eut-height-2x\" style=\"\"><\/div><div class=\"eut-element eut-image eut-align-center\" style=\"\"><div class=\"eut-image-wrapper eut-popup-item\" style=\"max-width:px;\"><div class=\"eut-thumbnail-wrapper\" ><div class=\"eut-thumbnail\"  style=\"padding-top: 0%;\"><\/div><\/div>  <\/div><\/div>[\/vc_column][\/vc_row][vc_row padding_top_multiplier=&#8221;&#8221; padding_bottom_multiplier=&#8221;&#8221; mobile_visibility=&#8221;hide&#8221;][vc_column][vc_column_text el_class=&#8221;desc_materialeseducativos_titulo_azul&#8221;]Funcionalitats:<\/p>\n<p>[\/vc_column_text][\/vc_column][\/vc_row][vc_row padding_bottom_multiplier=&#8221;&#8221; desktop_visibility=&#8221;hide&#8221; tablet_visibility=&#8221;hide&#8221; tablet_sm_visibility=&#8221;hide&#8221;][vc_column][vc_column_text el_class=&#8221;desc_materialeseducativos_titulo_azul_mobile&#8221;]<\/p>\n<p style=\"text-align: center;\">Funcionalitats:<\/p>\n<p>&nbsp;<\/p>\n<p>[\/vc_column_text][\/vc_column][\/vc_row][vc_row padding_bottom_multiplier=&#8221;&#8221; columns_gap=&#8221;60&#8243; mobile_visibility=&#8221;hide&#8221;][vc_column width=&#8221;1\/3&#8243; rc_heading_color=&#8221;aqua&#8221; rc_font_color=&#8221;#000000&#8243;]<div class=\"eut-element eut-box-icon eut-top-icon eut-align-left iddink_icons\" style=\"\"><div class=\"eut-single-icon eut-medium\"><div class=\"eut-wrapper-icon eut-no-shape eut-text-grey\" style=\"\"><i class=\"eut-inner-icon mb-todoenuno eut-text-black\"><\/i><\/div><\/div><div class=\"eut-box-content\"><h6 class=\"eut-box-title eut-h6\"><strong> Aula virtual i continguts digitals<\/strong><\/h6>  <p class=\"\">Notes, control d\u2019assist\u00e8ncia, eines de treball, acc\u00e9s a continguts digitals, avaluaci\u00f3 competencial, Flipped classroom, treball cooperatiu i r\u00fabriques.\n\n\n<\/p><\/div><\/div>[\/vc_column][vc_column width=&#8221;1\/3&#8243; rc_heading_color=&#8221;aqua&#8221; rc_font_color=&#8221;#000000&#8243;]<div class=\"eut-element eut-box-icon eut-top-icon eut-align-left iddink_icons\" style=\"\"><div class=\"eut-single-icon eut-medium\"><div class=\"eut-wrapper-icon eut-no-shape eut-text-grey\" style=\"\"><i class=\"eut-inner-icon mb-check eut-text-black\"><\/i><\/div><\/div><div class=\"eut-box-content\"><h6 class=\"eut-box-title eut-h6\"><strong>Gesti\u00f3 de la clase i gesti\u00f3 tutorial<\/strong><\/h6>  <p class=\"\">Programacions, tutories, atenci\u00f3 a la diversitat, treball a l\u2019aula, substitucions, agenda, treball per projectes i r\u00fabriques.\n\n\n<\/p><\/div><\/div>[\/vc_column][vc_column width=&#8221;1\/3&#8243; rc_heading_color=&#8221;aqua&#8221; rc_font_color=&#8221;#000000&#8243;]<div class=\"eut-element eut-box-icon eut-top-icon eut-align-left iddink_icons\" style=\"\"><div class=\"eut-single-icon eut-medium\"><div class=\"eut-wrapper-icon eut-no-shape eut-text-grey\" style=\"\"><i class=\"eut-inner-icon et-icon-chat eut-text-black\"><\/i><\/div><\/div><div class=\"eut-box-content\"><h6 class=\"eut-box-title eut-h6\"><strong>Comunicaci\u00f3 alumnes i fam\u00edlies<\/strong><\/h6>  <p class=\"\">Enviament de correus i SMS, missatges interns, newsletters, \u00e0lbums de fotos, not\u00edcies, avisos, web de centre, intranet, app nativa.\n\n\n<\/p><\/div><\/div>[\/vc_column][\/vc_row][vc_row padding_bottom_multiplier=&#8221;&#8221; columns_gap=&#8221;60&#8243; desktop_visibility=&#8221;hide&#8221; tablet_visibility=&#8221;hide&#8221; tablet_sm_visibility=&#8221;hide&#8221;][vc_column text_align=&#8221;center&#8221; rc_heading_color=&#8221;aqua&#8221; rc_font_color=&#8221;#000000&#8243;]<div class=\"eut-element eut-box-icon eut-top-icon eut-align-center iddink_icons\" style=\"\"><div class=\"eut-single-icon eut-medium\"><div class=\"eut-wrapper-icon eut-no-shape eut-text-grey\" style=\"\"><i class=\"eut-inner-icon mb-todoenuno eut-text-black\"><\/i><\/div><\/div><div class=\"eut-box-content\"><h6 class=\"eut-box-title eut-h6\"><strong> Aula virtual i continguts digitals<\/strong><\/h6>  <p class=\"eut-small-text\">Notes, control d\u2019assist\u00e8ncia, eines de treball, acc\u00e9s a continguts digitals, avaluaci\u00f3 competencial, Flipped classroom, treball cooperatiu i r\u00fabriques.\n\n\n<\/p><\/div><\/div><div class=\"eut-element eut-box-icon eut-top-icon eut-align-center iddink_icons\" style=\"\"><div class=\"eut-single-icon eut-medium\"><div class=\"eut-wrapper-icon eut-no-shape eut-text-grey\" style=\"\"><i class=\"eut-inner-icon mb-check eut-text-black\"><\/i><\/div><\/div><div class=\"eut-box-content\"><h6 class=\"eut-box-title eut-h6\"><strong>Gesti\u00f3 de la clase i gesti\u00f3 tutorial<\/strong><\/h6>  <p class=\"eut-small-text\">Programacions, tutories, atenci\u00f3 a la diversitat, treball a l\u2019aula, substitucions, agenda, treball per projectes i r\u00fabriques.\n\n\n<\/p><\/div><\/div><div class=\"eut-element eut-box-icon eut-top-icon eut-align-center iddink_icons\" style=\"\"><div class=\"eut-single-icon eut-medium\"><div class=\"eut-wrapper-icon eut-no-shape eut-text-grey\" style=\"\"><i class=\"eut-inner-icon et-icon-chat eut-text-black\"><\/i><\/div><\/div><div class=\"eut-box-content\"><h6 class=\"eut-box-title eut-h6\"><strong>Comunicaci\u00f3 alumnes i fam\u00edlies<\/strong><\/h6>  <p class=\"eut-small-text\">Enviament de correus i SMS, missatges interns, newsletters, \u00e0lbums de fotos, not\u00edcies, avisos, web de centre, intranet, app nativa.\n\n\n<\/p><\/div><\/div>[\/vc_column][\/vc_row][vc_row padding_top_multiplier=&#8221;&#8221; padding_bottom_multiplier=&#8221;&#8221; columns_gap=&#8221;60&#8243; mobile_visibility=&#8221;hide&#8221;][vc_column width=&#8221;1\/3&#8243; rc_heading_color=&#8221;aqua&#8221; rc_font_color=&#8221;#000000&#8243;]<div class=\"eut-element eut-box-icon eut-top-icon eut-align-left iddink_icons\" style=\"\"><div class=\"eut-single-icon eut-medium\"><div class=\"eut-wrapper-icon eut-no-shape eut-text-grey\" style=\"\"><i class=\"eut-inner-icon mb-personalizacion eut-text-black\"><\/i><\/div><\/div><div class=\"eut-box-content\"><h6 class=\"eut-box-title eut-h6\"><strong> Gesti\u00f3 acad\u00e8mica i documentaci\u00f3<\/strong><\/h6>  <p class=\"\">Butlletins de notes, documentaci\u00f3 oficial, resums estad\u00edstics, mem\u00f2ries, documents i informes personalitzats, llistats, carnets, generaci\u00f3 del DOC.\n\n\n<\/p><\/div><\/div>[\/vc_column][vc_column width=&#8221;1\/3&#8243; rc_heading_color=&#8221;aqua&#8221; rc_font_color=&#8221;#000000&#8243;]<div class=\"eut-element eut-box-icon eut-top-icon eut-align-left iddink_icons\" style=\"\"><div class=\"eut-single-icon eut-medium\"><div class=\"eut-wrapper-icon eut-no-shape eut-text-grey\" style=\"\"><i class=\"eut-inner-icon et-icon-profile-male eut-text-black\"><\/i><\/div><\/div><div class=\"eut-box-content\"><h6 class=\"eut-box-title eut-h6\"><strong>Servei d'atenci\u00f3 al client<\/strong><\/h6>  <p class=\"\">Formacions presencials i online, seguiments, \u00e0toms agrupats, manual actualitzat, servei d\u2019urg\u00e8ncies en dates cr\u00edtiques.\n\n\n<\/p><\/div><\/div>[\/vc_column][vc_column width=&#8221;1\/3&#8243; rc_heading_color=&#8221;aqua&#8221; rc_font_color=&#8221;#000000&#8243;]<div class=\"eut-element eut-box-icon eut-top-icon eut-align-left iddink_icons\" style=\"\"><div class=\"eut-single-icon eut-medium\"><div class=\"eut-wrapper-icon eut-no-shape eut-text-grey\" style=\"\"><i class=\"eut-inner-icon et-icon-wallet eut-text-black\"><\/i><\/div><\/div><div class=\"eut-box-content\"><h6 class=\"eut-box-title eut-h6\"><strong> Gesti\u00f3 econ\u00f2mica i serveis<\/strong><\/h6>  <p class=\"\">Gesti\u00f3 de cobrament de rebuts, llibres, llic\u00e8ncies digitals, quotes extraescolars, menjador, transport, material escolar, etc.\n\n\n<\/p><\/div><\/div>[\/vc_column][\/vc_row][vc_row padding_top_multiplier=&#8221;&#8221; padding_bottom_multiplier=&#8221;&#8221; columns_gap=&#8221;60&#8243; desktop_visibility=&#8221;hide&#8221; tablet_visibility=&#8221;hide&#8221; tablet_sm_visibility=&#8221;hide&#8221;][vc_column rc_heading_color=&#8221;aqua&#8221; rc_font_color=&#8221;#000000&#8243;]<div class=\"eut-element eut-box-icon eut-top-icon eut-align-center iddink_icons\" style=\"\"><div class=\"eut-single-icon eut-medium\"><div class=\"eut-wrapper-icon eut-no-shape eut-text-grey\" style=\"\"><i class=\"eut-inner-icon mb-personalizacion eut-text-black\"><\/i><\/div><\/div><div class=\"eut-box-content\"><h6 class=\"eut-box-title eut-h6\"><strong> Gesti\u00f3 acad\u00e8mica i documentaci\u00f3<\/strong><\/h6>  <p class=\"\">Butlletins de notes, documentaci\u00f3 oficial, resums estad\u00edstics, mem\u00f2ries, documents i informes personalitzats, llistats, carnets, generaci\u00f3 del DOC.\n\n\n<\/p><\/div><\/div><div class=\"eut-element eut-box-icon eut-top-icon eut-align-center iddink_icons\" style=\"\"><div class=\"eut-single-icon eut-medium\"><div class=\"eut-wrapper-icon eut-no-shape eut-text-grey\" style=\"\"><i class=\"eut-inner-icon et-icon-profile-male eut-text-black\"><\/i><\/div><\/div><div class=\"eut-box-content\"><h6 class=\"eut-box-title eut-h6\"><strong>Servei d'atenci\u00f3 al client<\/strong><\/h6>  <p class=\"eut-small-text\">Formacions presencials i online, seguiments, \u00e0toms agrupats, manual actualitzat, servei d\u2019urg\u00e8ncies en dates cr\u00edtiques.\n\n\n<\/p><\/div><\/div><div class=\"eut-element eut-box-icon eut-top-icon eut-align-center iddink_icons\" style=\"\"><div class=\"eut-single-icon eut-medium\"><div class=\"eut-wrapper-icon eut-no-shape eut-text-grey\" style=\"\"><i class=\"eut-inner-icon et-icon-wallet eut-text-black\"><\/i><\/div><\/div><div class=\"eut-box-content\"><h6 class=\"eut-box-title eut-h6\"><strong> Gesti\u00f3 econ\u00f2mica i serveis<\/strong><\/h6>  <p class=\"eut-small-text\">Gesti\u00f3 de cobrament de rebuts, llibres, llic\u00e8ncies digitals, quotes extraescolars, menjador, transport, material escolar, etc.\n\n\n<\/p><\/div><\/div>[\/vc_column][\/vc_row]<\/p>\n","protected":false},"excerpt":{"rendered":"<p>[vc_row section_type=&#8221;fullwidth&#8221; height_ratio=&#8221;60&#8243; padding_top_multiplier=&#8221;&#8221; padding_bottom_multiplier=&#8221;&#8221; rc_bg_type=&#8221;image&#8221; rc_bg_image=&#8221;11737&#8243; rc_bg_image_size=&#8221;responsive&#8221; rc_bg_position=&#8221;center-top&#8221; mobile_visibility=&#8221;hide&#8221;][vc_column][vc_column_text][\/vc_column_text][\/vc_column][\/vc_row][vc_row section_type=&#8221;fullwidth&#8221; padding_top_multiplier=&#8221;&#8221; padding_bottom_multiplier=&#8221;&#8221; rc_bg_type=&#8221;image&#8221; rc_bg_image=&#8221;11737&#8243; rc_bg_image_size=&#8221;responsive&#8221; desktop_visibility=&#8221;hide&#8221; tablet_visibility=&#8221;hide&#8221; tablet_sm_visibility=&#8221;hide&#8221; el_class=&#8221;desc_image_banner_height&#8221;][vc_column][vc_column_text][\/vc_column_text][\/vc_column][\/vc_row][vc_row rc_heading_color=&#8221;light&#8221; rc_bg_type=&#8221;color&#8221; mobile_visibility=&#8221;hide&#8221; rc_font_color=&#8221;#ffffff&#8221; rc_bg_color=&#8221;#1e73bc&#8221;][vc_column width=&#8221;1\/12&#8243; vertical_content_position=&#8221;middle&#8221; text_align=&#8221;center&#8221;][\/vc_column][vc_column width=&#8221;5\/6&#8243;][vc_column_text el_class=&#8221;desc_materialeseducativos_bloque1&#8243;] Una plataforma escolar que facilita la gesti\u00f3, planificaci\u00f3 i programaci\u00f3 acad\u00e8mica; un entorn de comunicaci\u00f3 del professorat, els tutors i els caps d\u2019estudis amb els [&hellip;]<\/p>\n","protected":false},"author":9,"featured_media":0,"parent":7219,"menu_order":0,"comment_status":"closed","ping_status":"closed","template":"","meta":{"footnotes":""},"class_list":["post-11741","page","type-page","status-publish","hentry"],"_links":{"self":[{"href":"https:\/\/spain.iddink.es\/ca\/wp-json\/wp\/v2\/pages\/11741","targetHints":{"allow":["GET"]}}],"collection":[{"href":"https:\/\/spain.iddink.es\/ca\/wp-json\/wp\/v2\/pages"}],"about":[{"href":"https:\/\/spain.iddink.es\/ca\/wp-json\/wp\/v2\/types\/page"}],"author":[{"embeddable":true,"href":"https:\/\/spain.iddink.es\/ca\/wp-json\/wp\/v2\/users\/9"}],"replies":[{"embeddable":true,"href":"https:\/\/spain.iddink.es\/ca\/wp-json\/wp\/v2\/comments?post=11741"}],"version-history":[{"count":19,"href":"https:\/\/spain.iddink.es\/ca\/wp-json\/wp\/v2\/pages\/11741\/revisions"}],"predecessor-version":[{"id":12330,"href":"https:\/\/spain.iddink.es\/ca\/wp-json\/wp\/v2\/pages\/11741\/revisions\/12330"}],"up":[{"embeddable":true,"href":"https:\/\/spain.iddink.es\/ca\/wp-json\/wp\/v2\/pages\/7219"}],"wp:attachment":[{"href":"https:\/\/spain.iddink.es\/ca\/wp-json\/wp\/v2\/media?parent=11741"}],"curies":[{"name":"wp","href":"https:\/\/api.w.org\/{rel}","templated":true}]}}