{"id":11943,"date":"2020-05-11T15:27:37","date_gmt":"2020-05-11T13:27:37","guid":{"rendered":"https:\/\/spain.iddink.es\/?page_id=11943"},"modified":"2023-06-28T16:51:25","modified_gmt":"2023-06-28T14:51:25","slug":"equips-informatics","status":"publish","type":"page","link":"https:\/\/spain.iddink.es\/ca\/afas\/equips-informatics\/","title":{"rendered":"Equips inform\u00e0tics"},"content":{"rendered":"<p>[vc_row section_type=&#8221;fullwidth&#8221; height_ratio=&#8221;70&#8243; padding_top_multiplier=&#8221;&#8221; padding_bottom_multiplier=&#8221;&#8221; rc_bg_type=&#8221;image&#8221; rc_bg_image=&#8221;10252&#8243; tablet_visibility=&#8221;hide&#8221; tablet_sm_visibility=&#8221;hide&#8221; mobile_visibility=&#8221;hide&#8221; tablet_height_ratio=&#8221;60&#8243; tablet_sm_height_ratio=&#8221;60&#8243; mobile_height_ratio=&#8221;60&#8243;][vc_column][vc_column_text][\/vc_column_text][\/vc_column][\/vc_row][vc_row section_type=&#8221;fullwidth&#8221; height_ratio=&#8221;70&#8243; padding_top_multiplier=&#8221;&#8221; padding_bottom_multiplier=&#8221;&#8221; rc_bg_type=&#8221;image&#8221; rc_bg_image=&#8221;11932&#8243; desktop_visibility=&#8221;hide&#8221; tablet_height_ratio=&#8221;60&#8243; tablet_sm_height_ratio=&#8221;60&#8243; mobile_height_ratio=&#8221;60&#8243;][vc_column][vc_column_text][\/vc_column_text][\/vc_column][\/vc_row][vc_row rc_heading_color=&#8221;light&#8221; rc_bg_type=&#8221;color&#8221; rc_font_color=&#8221;#ffffff&#8221; rc_bg_color=&#8221;#a4d65e&#8221;][vc_column text_align=&#8221;center&#8221;]<h1 class=\"eut-element eut-title eut-align-center eut-h1 desc_materialeseducativos_titulo\" style=\"\"><span><br>\n<p style=\"text-align: center;\"><strong>Equips inform\u00e0tics<\/strong><br>\n<\/span><\/h1>[vc_column_text el_class=&#8221;desc_materialeseducativos_bloque1&#8243;]<\/p>\n<p style=\"text-align: center;\">Oferim suport en el proc\u00e9s de digitalitzaci\u00f3 dels centres educatius; ajudant a escollir i implementar les tecnologies m\u00e9s adequades segons les seves necessitats i possibilitats<\/p>\n<p>[\/vc_column_text][\/vc_column][\/vc_row][vc_row padding_top_multiplier=&#8221;3x&#8221; tablet_sm_visibility=&#8221;hide&#8221; mobile_visibility=&#8221;hide&#8221;][vc_column width=&#8221;1\/2&#8243;]<h3 class=\"eut-element eut-title eut-align-inherit eut-h1 desc_materialeseducativos_titulo_bloque\" style=\"margin-bottom: 0px;\"><span><span style=\"color: #000000;\">Dispositius<\/span><\/span><\/h3>[vc_row_inner][vc_column_inner][vc_column_text]<span style=\"color: #1e73bc;\"><i class=\"fa fa-check-circle-o \" ><\/i>\u00a0<\/span>Oferim equips preparats espec\u00edficament per a l&#8217;ensenyament, amb un disseny robust preparat per suportar petites caigudes.<br \/>\n<span style=\"color: #1e73bc;\"><i class=\"fa fa-check-circle-o \" ><\/i>\u00a0<\/span>Dispositius que fomenten la mobilitat en entorns d&#8217;aprenentatge din\u00e0mics. Des de tablets per cicles inicials fins a port\u00e0tils per secund\u00e0ria.<br \/>\n<span style=\"color: #1e73bc;\"><i class=\"fa fa-check-circle-o \" ><\/i>\u00a0<\/span>Equips amb diferents sistemes operatius, tant amb Windows 10 com amb ChromeOS.<br \/>\n<span style=\"color: #1e73bc;\"><i class=\"fa fa-check-circle-o \" ><\/i>\u00a0<\/span>Nom\u00e9s oferim productes contrastats en l&#8217;\u00e0mbit educatiu i de les principals marques.<br \/>\n<span style=\"color: #1e73bc;\"><i class=\"fa fa-check-circle-o \" ><\/i>\u00a0<\/span>Tots els productes tenen 2 anys de garantia.[\/vc_column_text][\/vc_column_inner][\/vc_row_inner]<div class=\"eut-empty-space eut-height-1x\" style=\"\"><\/div><h3 class=\"eut-element eut-title eut-align-inherit eut-h1 desc_materialeseducativos_titulo_bloque\" style=\"margin-bottom: 0px;\"><span><span style=\"color: #000000;\">Serveis:<\/span><\/span><\/h3>[vc_row_inner][vc_column_inner][vc_column_text]<span style=\"color: #1e73bc;\"><i class=\"fa fa-check-circle-o \" ><\/i> <\/span>Suport t\u00e8cnic per ajudar les fam\u00edlies a comen\u00e7ar el curs.<br \/>\n<span style=\"color: #1e73bc;\"><i class=\"fa fa-check-circle-o \" ><\/i> <\/span>Asseguran\u00e7a davant d&#8217;accidents.<br \/>\n<span style=\"color: #1e73bc;\"><i class=\"fa fa-check-circle-o \" ><\/i> <\/span>Formaci\u00f3 a professors i gestors per ajudar en la implementaci\u00f3 de dispositius a l&#8217;aula.<br \/>\n<span style=\"color: #1e73bc;\"><i class=\"fa fa-check-circle-o \" ><\/i> <\/span>Suport en l&#8217;elecci\u00f3 de programari de gesti\u00f3 de dispositius.<br \/>\n<span style=\"color: #1e73bc;\"><i class=\"fa fa-check-circle-o \" ><\/i> <\/span>Diferents opcions de financiaci\u00f3.<br \/>\n<span style=\"color: #1e73bc;\"><i class=\"fa fa-check-circle-o \" ><\/i> <\/span>Formaci\u00f3 i acompanyament en el proc\u00e9s d&#8217;implementaci\u00f3 de sistemes operatius.[\/vc_column_text][\/vc_column_inner][\/vc_row_inner][\/vc_column][vc_column width=&#8221;1\/2&#8243; mobile_width=&#8221;1-2&#8243;]<div class=\"eut-empty-space eut-height-1x\" style=\"\"><\/div><div class=\"eut-element eut-image eut-align-center\" style=\"\"><div class=\"eut-image-wrapper eut-popup-item\" style=\"max-width:1465px;\"><div class=\"eut-thumbnail-wrapper\"  style=\"max-width: 1465px;\"><div class=\"eut-thumbnail\"  style=\"padding-top: 68.055%;\"><img loading=\"lazy\" decoding=\"async\" width=\"1465\" height=\"997\" src=\"https:\/\/spain.iddink.es\/wp-content\/uploads\/2019\/11\/Sin-t\u00edtulo-1-e1574768194548.png\" class=\"attachment-full size-full\" alt=\"\" data-eutf-filter=\"yes\" srcset=\"https:\/\/spain.iddink.es\/wp-content\/uploads\/2019\/11\/Sin-t\u00edtulo-1-e1574768194548.png 1465w, https:\/\/spain.iddink.es\/wp-content\/uploads\/2019\/11\/Sin-t\u00edtulo-1-e1574768194548-300x204.png 300w, https:\/\/spain.iddink.es\/wp-content\/uploads\/2019\/11\/Sin-t\u00edtulo-1-e1574768194548-768x523.png 768w, https:\/\/spain.iddink.es\/wp-content\/uploads\/2019\/11\/Sin-t\u00edtulo-1-e1574768194548-1024x697.png 1024w\" sizes=\"auto, (max-width: 1465px) 100vw, 1465px\" \/><\/div><\/div>  <\/div><\/div>[\/vc_column][\/vc_row][vc_row desktop_visibility=&#8221;hide&#8221; tablet_visibility=&#8221;hide&#8221;][vc_column css=&#8221;.vc_custom_1570516860488{padding-right: 10px !important;padding-left: 10px !important;}&#8221;]<h3 class=\"eut-element eut-title eut-align-inherit eut-h1 desc_materialeseducativos_titulo_bloque\" style=\"margin-bottom: 0px;\"><span><span style=\"color: #000000;\">Dispositius:<\/span><\/span><\/h3>[vc_column_text]<span style=\"color: #1e73bc;\"><i class=\"fa fa-check-circle-o \" ><\/i>\u00a0<\/span>Oferim equips preparats espec\u00edficament per a l&#8217;ensenyament, amb un disseny robust preparat per suportar petites caigudes.<br \/>\n<span style=\"color: #1e73bc;\"><i class=\"fa fa-check-circle-o \" ><\/i>\u00a0<\/span>Dispositius que fomenten la mobilitat en entorns d&#8217;aprenentatge din\u00e0mics. Des de tablets per cicles inicials fins a port\u00e0tils per secund\u00e0ria.<br \/>\n<span style=\"color: #1e73bc;\"><i class=\"fa fa-check-circle-o \" ><\/i>\u00a0<\/span>Equips amb diferents sistemes operatius, tant amb Windows 10 com amb ChromeOS.<br \/>\n<span style=\"color: #1e73bc;\"><i class=\"fa fa-check-circle-o \" ><\/i>\u00a0<\/span>Nom\u00e9s oferim productes contrastats en l&#8217;\u00e0mbit educatiu i de les principals marques.<br \/>\n<span style=\"color: #1e73bc;\"><i class=\"fa fa-check-circle-o \" ><\/i>\u00a0<\/span>Tots els productes tenen 2 anys de garantia.[\/vc_column_text]<div class=\"eut-empty-space eut-height-1x\" style=\"\"><\/div><h3 class=\"eut-element eut-title eut-align-inherit eut-h1 desc_materialeseducativos_titulo_bloque\" style=\"margin-bottom: 0px;\"><span><span style=\"color: #000000;\">Serveis:<\/span><\/span><\/h3>[vc_row_inner][vc_column_inner][vc_column_text]<span style=\"color: #1e73bc;\"><i class=\"fa fa-check-circle-o \" ><\/i> <\/span>Suport t\u00e8cnic per ajudar les fam\u00edlies a comen\u00e7ar el curs.<br \/>\n<span style=\"color: #1e73bc;\"><i class=\"fa fa-check-circle-o \" ><\/i> <\/span>Asseguran\u00e7a davant d&#8217;accidents.<br \/>\n<span style=\"color: #1e73bc;\"><i class=\"fa fa-check-circle-o \" ><\/i> <\/span>Formaci\u00f3 a professors i gestors per ajudar en la implementaci\u00f3 de dispositius a l&#8217;aula.<br \/>\n<span style=\"color: #1e73bc;\"><i class=\"fa fa-check-circle-o \" ><\/i> <\/span>Suport en l&#8217;elecci\u00f3 de programari de gesti\u00f3 de dispositius.<br \/>\n<span style=\"color: #1e73bc;\"><i class=\"fa fa-check-circle-o \" ><\/i> <\/span>Diferents opcions de financiaci\u00f3.<br \/>\n<span style=\"color: #1e73bc;\"><i class=\"fa fa-check-circle-o \" ><\/i> <\/span>Formaci\u00f3 i acompanyament en el proc\u00e9s d&#8217;implementaci\u00f3 de sistemes operatius.[\/vc_column_text][\/vc_column_inner][\/vc_row_inner]<div class=\"eut-element eut-image eut-align-center\" style=\"\"><div class=\"eut-image-wrapper eut-popup-item\" style=\"max-width:1465px;\"><div class=\"eut-thumbnail-wrapper\"  style=\"max-width: 1465px;\"><div class=\"eut-thumbnail\"  style=\"padding-top: 68.055%;\"><img loading=\"lazy\" decoding=\"async\" width=\"1465\" height=\"997\" src=\"https:\/\/spain.iddink.es\/wp-content\/uploads\/2019\/11\/Sin-t\u00edtulo-1-e1574768194548.png\" class=\"attachment-full size-full\" alt=\"\" data-eutf-filter=\"yes\" srcset=\"https:\/\/spain.iddink.es\/wp-content\/uploads\/2019\/11\/Sin-t\u00edtulo-1-e1574768194548.png 1465w, https:\/\/spain.iddink.es\/wp-content\/uploads\/2019\/11\/Sin-t\u00edtulo-1-e1574768194548-300x204.png 300w, https:\/\/spain.iddink.es\/wp-content\/uploads\/2019\/11\/Sin-t\u00edtulo-1-e1574768194548-768x523.png 768w, https:\/\/spain.iddink.es\/wp-content\/uploads\/2019\/11\/Sin-t\u00edtulo-1-e1574768194548-1024x697.png 1024w\" sizes=\"auto, (max-width: 1465px) 100vw, 1465px\" \/><\/div><\/div>  <\/div><\/div>[\/vc_column][\/vc_row][vc_row padding_top_multiplier=&#8221;&#8221; padding_bottom_multiplier=&#8221;&#8221; rc_bg_type=&#8221;color&#8221; rc_bg_color=&#8221;#eff2f4&#8243;][vc_column content_width=&#8221;90&#8243; horizontal_content_position=&#8221;center&#8221;]<div class=\"eut-empty-space eut-height-2x\" style=\"\"><\/div><div class=\"eut-element eut-flexible-carousel eut-carousel eut-layout-1 eut-with-gap\" style=\"\"><div class=\"eut-carousel-wrapper\">\t<div class=\"eut-flexible-carousel-element owl-carousel \" data-items=\"5\" data-items-tablet-landscape=\"3\" data-items-tablet-portrait=\"2\" data-items-mobile=\"1\" data-slider-speed=\"3000\" data-pagination-speed=\"500\" data-pagination=\"no\" data-pagination-color=\"dark\" data-slider-autoheight=\"no\" data-slider-pause=\"no\" data-slider-autoplay=\"yes\"><div class=\"eut-element eut-image eut-align-center\" style=\"\"><div class=\"eut-image-wrapper eut-popup-item\" style=\"max-width:600px;\"><div class=\"eut-thumbnail-wrapper\"  style=\"max-width: 600px;\"><div class=\"eut-thumbnail\"  style=\"padding-top: 13.667%;\"><img loading=\"lazy\" decoding=\"async\" width=\"600\" height=\"82\" src=\"https:\/\/spain.iddink.es\/wp-content\/uploads\/2020\/05\/Lenovo-Education.jpeg\" class=\"attachment-full size-full\" alt=\"\" data-eutf-filter=\"yes\" srcset=\"https:\/\/spain.iddink.es\/wp-content\/uploads\/2020\/05\/Lenovo-Education.jpeg 600w, https:\/\/spain.iddink.es\/wp-content\/uploads\/2020\/05\/Lenovo-Education-300x41.jpeg 300w\" sizes=\"auto, (max-width: 600px) 100vw, 600px\" \/><\/div><\/div>  <\/div><\/div><div class=\"eut-element eut-image eut-align-center\" style=\"\"><div class=\"eut-image-wrapper eut-popup-item\" style=\"max-width:952px;\"><div class=\"eut-thumbnail-wrapper\"  style=\"max-width: 952px;\"><div class=\"eut-thumbnail\"  style=\"padding-top: 30.672%;\"><img loading=\"lazy\" decoding=\"async\" width=\"952\" height=\"292\" src=\"https:\/\/spain.iddink.es\/wp-content\/uploads\/2020\/06\/GC-Partner-outline-H.png\" class=\"attachment-full size-full\" alt=\"\" data-eutf-filter=\"yes\" srcset=\"https:\/\/spain.iddink.es\/wp-content\/uploads\/2020\/06\/GC-Partner-outline-H.png 952w, https:\/\/spain.iddink.es\/wp-content\/uploads\/2020\/06\/GC-Partner-outline-H-300x92.png 300w, https:\/\/spain.iddink.es\/wp-content\/uploads\/2020\/06\/GC-Partner-outline-H-768x236.png 768w\" sizes=\"auto, (max-width: 952px) 100vw, 952px\" \/><\/div><\/div>  <\/div><\/div><div class=\"eut-element eut-image eut-align-center\" style=\"\"><div class=\"eut-image-wrapper eut-popup-item\" style=\"max-width:2646px;\"><div class=\"eut-thumbnail-wrapper\"  style=\"max-width: 2646px;\"><div class=\"eut-thumbnail\"  style=\"padding-top: 74.036%;\"><img loading=\"lazy\" decoding=\"async\" width=\"2646\" height=\"1959\" src=\"https:\/\/spain.iddink.es\/wp-content\/uploads\/2021\/08\/PC-Silver-Partner-Emblem-2020-PNG.png\" class=\"attachment-full size-full\" alt=\"\" data-eutf-filter=\"yes\" srcset=\"https:\/\/spain.iddink.es\/wp-content\/uploads\/2021\/08\/PC-Silver-Partner-Emblem-2020-PNG.png 2646w, https:\/\/spain.iddink.es\/wp-content\/uploads\/2021\/08\/PC-Silver-Partner-Emblem-2020-PNG-300x222.png 300w, https:\/\/spain.iddink.es\/wp-content\/uploads\/2021\/08\/PC-Silver-Partner-Emblem-2020-PNG-1024x758.png 1024w, https:\/\/spain.iddink.es\/wp-content\/uploads\/2021\/08\/PC-Silver-Partner-Emblem-2020-PNG-768x569.png 768w, https:\/\/spain.iddink.es\/wp-content\/uploads\/2021\/08\/PC-Silver-Partner-Emblem-2020-PNG-1536x1137.png 1536w, https:\/\/spain.iddink.es\/wp-content\/uploads\/2021\/08\/PC-Silver-Partner-Emblem-2020-PNG-1920x1421.png 1920w\" sizes=\"auto, (max-width: 2646px) 100vw, 2646px\" \/><\/div><\/div>  <\/div><\/div><div class=\"eut-element eut-image eut-align-center\" style=\"\"><div class=\"eut-image-wrapper eut-popup-item\" style=\"max-width:142px;\"><div class=\"eut-thumbnail-wrapper\"  style=\"max-width: 142px;\"><div class=\"eut-thumbnail\"  style=\"padding-top: 24.648%;\"><img loading=\"lazy\" decoding=\"async\" width=\"142\" height=\"35\" src=\"https:\/\/spain.iddink.es\/wp-content\/uploads\/2020\/05\/windows_logo.png\" class=\"attachment-full size-full\" alt=\"\" data-eutf-filter=\"yes\" \/><\/div><\/div>  <\/div><\/div><div class=\"eut-element eut-image eut-align-center\" style=\"\"><div class=\"eut-image-wrapper eut-popup-item\" style=\"max-width:830px;\"><div class=\"eut-thumbnail-wrapper\"  style=\"max-width: 830px;\"><div class=\"eut-thumbnail\"  style=\"padding-top: 48.193%;\"><img loading=\"lazy\" decoding=\"async\" width=\"830\" height=\"400\" src=\"https:\/\/spain.iddink.es\/wp-content\/uploads\/2020\/05\/Chrome-OS-76-1.jpg\" class=\"attachment-full size-full\" alt=\"\" data-eutf-filter=\"yes\" srcset=\"https:\/\/spain.iddink.es\/wp-content\/uploads\/2020\/05\/Chrome-OS-76-1.jpg 830w, https:\/\/spain.iddink.es\/wp-content\/uploads\/2020\/05\/Chrome-OS-76-1-300x145.jpg 300w, https:\/\/spain.iddink.es\/wp-content\/uploads\/2020\/05\/Chrome-OS-76-1-768x370.jpg 768w\" sizes=\"auto, (max-width: 830px) 100vw, 830px\" \/><\/div><\/div>  <\/div><\/div><div class=\"eut-element eut-image eut-align-center\" style=\"\"><div class=\"eut-image-wrapper eut-popup-item\" style=\"max-width:300px;\"><div class=\"eut-thumbnail-wrapper\"  style=\"max-width: 300px;\"><div class=\"eut-thumbnail\"  style=\"padding-top: 48.667%;\"><img loading=\"lazy\" decoding=\"async\" width=\"300\" height=\"146\" src=\"https:\/\/spain.iddink.es\/wp-content\/uploads\/2021\/08\/LogoLazarus-300x146-1.png\" class=\"attachment-full size-full\" alt=\"\" data-eutf-filter=\"yes\" \/><\/div><\/div>  <\/div><\/div>\t<\/div>  <\/div><\/div><div class=\"eut-empty-space eut-height-2x\" style=\"\"><\/div>[\/vc_column][\/vc_row][vc_row tablet_sm_visibility=&#8221;hide&#8221; mobile_visibility=&#8221;hide&#8221;][vc_column]<div class=\"eut-empty-space eut-height-1x\" style=\"\"><\/div>[vc_row_inner][vc_column_inner width=&#8221;1\/2&#8243;]<h3 class=\"eut-element eut-title eut-align-inherit eut-h1 desc_materialeseducativos_titulo_bloque\" style=\"margin-bottom: 0px;\"><span>Google Cloud Partners<\/span><\/h3><div class=\"eut-empty-space eut-height-1x\" style=\"\"><\/div>[vc_column_text]Si el teu centre ho desitja, tamb\u00e9 podem acompanyar-vos en el proc\u00e9s d&#8217;implementaci\u00f3 dels sistemes operatius al centre, oferint formacions per al dia a dia a l&#8217;aula i els docents. A m\u00e9s, tamb\u00e9 podem ajudar-vos amb la implementaci\u00f3 de sistemes de seguretat, com <strong>IMT Lazarus<\/strong>, per monitoritzar i controlar els que fan els alumnes a l&#8217;aula.[\/vc_column_text]<div class=\"eut-empty-space eut-height-1x\" style=\"\"><\/div>[\/vc_column_inner][vc_column_inner width=&#8221;1\/2&#8243; content_width=&#8221;80&#8243; horizontal_content_position=&#8221;center&#8221; rc_bg_type=&#8221;color&#8221; rc_bg_color=&#8221;#ffffff&#8221; css=&#8221;.vc_custom_1570010385975{border-right-width: 10px !important;border-left-width: 30px !important;}&#8221;]<div class=\"eut-empty-space eut-height-1x\" style=\"\"><\/div><div class=\"eut-element eut-image eut-align-center\" style=\"\"><div class=\"eut-image-wrapper eut-popup-item\" style=\"max-width:1024px;\"><div class=\"eut-thumbnail-wrapper\"  style=\"max-width: 1024px;\"><div class=\"eut-thumbnail\"  style=\"padding-top: 52.344%;\"><img loading=\"lazy\" decoding=\"async\" width=\"1024\" height=\"536\" src=\"https:\/\/spain.iddink.es\/wp-content\/uploads\/2021\/05\/google-partner.png\" class=\"attachment-full size-full\" alt=\"\" data-eutf-filter=\"yes\" srcset=\"https:\/\/spain.iddink.es\/wp-content\/uploads\/2021\/05\/google-partner.png 1024w, https:\/\/spain.iddink.es\/wp-content\/uploads\/2021\/05\/google-partner-300x157.png 300w, https:\/\/spain.iddink.es\/wp-content\/uploads\/2021\/05\/google-partner-768x402.png 768w\" sizes=\"auto, (max-width: 1024px) 100vw, 1024px\" \/><\/div><\/div>  <\/div><\/div>[\/vc_column_inner][\/vc_row_inner][\/vc_column][\/vc_row][vc_row desktop_visibility=&#8221;hide&#8221; tablet_visibility=&#8221;hide&#8221;][vc_column css=&#8221;.vc_custom_1570517034147{padding-right: 10px !important;padding-left: 10px !important;}&#8221;][vc_row_inner][vc_column_inner width=&#8221;1\/4&#8243;]<h3 class=\"eut-element eut-title eut-align-inherit eut-h1 desc_materialeseducativos_titulo_bloque\" style=\"margin-bottom: 0px;\"><span>Google Cloud Partners<\/span><\/h3>[vc_column_text]Si el teu centre ho desitja, tamb\u00e9 podem acompanyar-vos en el proc\u00e9s d&#8217;implementaci\u00f3 dels sistemes operatius al centre, oferint formacions per al dia a dia a l&#8217;aula i els docents. A m\u00e9s, tamb\u00e9 podem ajudar-vos amb la implementaci\u00f3 de sistemes de seguretat, com <strong>IMT Lazarus<\/strong>, per monitoritzar i controlar els que fan els alumnes a l&#8217;aula.[\/vc_column_text][\/vc_column_inner][vc_column_inner width=&#8221;2\/3&#8243; rc_bg_type=&#8221;color&#8221; rc_bg_color=&#8221;#ffffff&#8221; css=&#8221;.vc_custom_1567523401786{border-right-width: 10px !important;border-left-width: 10px !important;}&#8221;]<div class=\"eut-element eut-image eut-align-center\" style=\"\"><div class=\"eut-image-wrapper eut-popup-item\" style=\"max-width:1024px;\"><div class=\"eut-thumbnail-wrapper\"  style=\"max-width: 1024px;\"><div class=\"eut-thumbnail\"  style=\"padding-top: 52.344%;\"><img loading=\"lazy\" decoding=\"async\" width=\"1024\" height=\"536\" src=\"https:\/\/spain.iddink.es\/wp-content\/uploads\/2021\/05\/google-partner.png\" class=\"attachment-full size-full\" alt=\"\" data-eutf-filter=\"yes\" srcset=\"https:\/\/spain.iddink.es\/wp-content\/uploads\/2021\/05\/google-partner.png 1024w, https:\/\/spain.iddink.es\/wp-content\/uploads\/2021\/05\/google-partner-300x157.png 300w, https:\/\/spain.iddink.es\/wp-content\/uploads\/2021\/05\/google-partner-768x402.png 768w\" sizes=\"auto, (max-width: 1024px) 100vw, 1024px\" \/><\/div><\/div>  <\/div><\/div>[\/vc_column_inner][\/vc_row_inner][\/vc_column][\/vc_row][vc_column][\/vc_column]<\/p>\n","protected":false},"excerpt":{"rendered":"<p>[vc_row section_type=&#8221;fullwidth&#8221; height_ratio=&#8221;70&#8243; padding_top_multiplier=&#8221;&#8221; padding_bottom_multiplier=&#8221;&#8221; rc_bg_type=&#8221;image&#8221; rc_bg_image=&#8221;10252&#8243; tablet_visibility=&#8221;hide&#8221; tablet_sm_visibility=&#8221;hide&#8221; mobile_visibility=&#8221;hide&#8221; tablet_height_ratio=&#8221;60&#8243; tablet_sm_height_ratio=&#8221;60&#8243; mobile_height_ratio=&#8221;60&#8243;][vc_column][vc_column_text][\/vc_column_text][\/vc_column][\/vc_row][vc_row section_type=&#8221;fullwidth&#8221; height_ratio=&#8221;70&#8243; padding_top_multiplier=&#8221;&#8221; padding_bottom_multiplier=&#8221;&#8221; rc_bg_type=&#8221;image&#8221; rc_bg_image=&#8221;11932&#8243; desktop_visibility=&#8221;hide&#8221; tablet_height_ratio=&#8221;60&#8243; tablet_sm_height_ratio=&#8221;60&#8243; mobile_height_ratio=&#8221;60&#8243;][vc_column][vc_column_text][\/vc_column_text][\/vc_column][\/vc_row][vc_row rc_heading_color=&#8221;light&#8221; rc_bg_type=&#8221;color&#8221; rc_font_color=&#8221;#ffffff&#8221; rc_bg_color=&#8221;#a4d65e&#8221;][vc_column text_align=&#8221;center&#8221;][vc_column_text el_class=&#8221;desc_materialeseducativos_bloque1&#8243;] Oferim suport en el proc\u00e9s de digitalitzaci\u00f3 dels centres educatius; ajudant a escollir i implementar les tecnologies m\u00e9s adequades segons les seves necessitats i possibilitats [\/vc_column_text][\/vc_column][\/vc_row][vc_row [&hellip;]<\/p>\n","protected":false},"author":9,"featured_media":0,"parent":9612,"menu_order":0,"comment_status":"closed","ping_status":"closed","template":"","meta":{"footnotes":""},"class_list":["post-11943","page","type-page","status-publish","hentry"],"_links":{"self":[{"href":"https:\/\/spain.iddink.es\/ca\/wp-json\/wp\/v2\/pages\/11943","targetHints":{"allow":["GET"]}}],"collection":[{"href":"https:\/\/spain.iddink.es\/ca\/wp-json\/wp\/v2\/pages"}],"about":[{"href":"https:\/\/spain.iddink.es\/ca\/wp-json\/wp\/v2\/types\/page"}],"author":[{"embeddable":true,"href":"https:\/\/spain.iddink.es\/ca\/wp-json\/wp\/v2\/users\/9"}],"replies":[{"embeddable":true,"href":"https:\/\/spain.iddink.es\/ca\/wp-json\/wp\/v2\/comments?post=11943"}],"version-history":[{"count":14,"href":"https:\/\/spain.iddink.es\/ca\/wp-json\/wp\/v2\/pages\/11943\/revisions"}],"predecessor-version":[{"id":13514,"href":"https:\/\/spain.iddink.es\/ca\/wp-json\/wp\/v2\/pages\/11943\/revisions\/13514"}],"up":[{"embeddable":true,"href":"https:\/\/spain.iddink.es\/ca\/wp-json\/wp\/v2\/pages\/9612"}],"wp:attachment":[{"href":"https:\/\/spain.iddink.es\/ca\/wp-json\/wp\/v2\/media?parent=11943"}],"curies":[{"name":"wp","href":"https:\/\/api.w.org\/{rel}","templated":true}]}}