{"id":12046,"date":"2020-05-26T15:55:40","date_gmt":"2020-05-26T13:55:40","guid":{"rendered":"https:\/\/spain.iddink.es\/?page_id=12046"},"modified":"2020-07-06T11:56:27","modified_gmt":"2020-07-06T09:56:27","slug":"com-tractar","status":"publish","type":"page","link":"https:\/\/spain.iddink.es\/ca\/estudiants\/com-tractar\/","title":{"rendered":"Com tractar els ecoBooks"},"content":{"rendered":"<p>[vc_row section_type=&#8221;fullwidth&#8221; height_ratio=&#8221;60&#8243; padding_top_multiplier=&#8221;&#8221; padding_bottom_multiplier=&#8221;&#8221; rc_bg_type=&#8221;image&#8221; rc_bg_image=&#8221;10638&#8243; rc_bg_image_size=&#8221;responsive&#8221; tablet_visibility=&#8221;hide&#8221; tablet_sm_visibility=&#8221;hide&#8221; mobile_visibility=&#8221;hide&#8221; mobile_height_ratio=&#8221;100&#8243;][vc_column][vc_column_text][\/vc_column_text][\/vc_column][\/vc_row][vc_row section_type=&#8221;fullwidth&#8221; padding_top_multiplier=&#8221;&#8221; padding_bottom_multiplier=&#8221;&#8221; rc_bg_type=&#8221;image&#8221; rc_bg_image=&#8221;10638&#8243; desktop_visibility=&#8221;hide&#8221; el_class=&#8221;desc_image_banner_height&#8221;][vc_column][vc_column_text][\/vc_column_text][\/vc_column][\/vc_row][vc_row rc_heading_color=&#8221;light&#8221; rc_bg_type=&#8221;color&#8221; mobile_visibility=&#8221;hide&#8221; rc_font_color=&#8221;#ffffff&#8221; rc_bg_color=&#8221;#1e73bc&#8221;][vc_column width=&#8221;1\/12&#8243; vertical_content_position=&#8221;middle&#8221; text_align=&#8221;center&#8221;][\/vc_column][vc_column width=&#8221;5\/6&#8243; text_align=&#8221;center&#8221; css=&#8221;.vc_custom_1574065271895{padding-top: 10px !important;}&#8221;]<h1 class=\"eut-element eut-title eut-align-center eut-h1 desc_reutilizacionlibro_titulo\" style=\"\"><span><strong>Com tractar els ecoBooks?<\/strong><\/span><\/h1>[vc_column_text el_class=&#8221;desc_reutilizacionlibro_bloque&#8221;]<\/p>\n<p style=\"text-align: center;\">Perqu\u00e8 un llibre pugui ser reutilitzat per un altre alumne, ha de seguir uns criteris m\u00ednims de qualitat. A Iddink revisem tots els llibres ecoBooks que rebem per assegurar-nos de que es troben en condicions \u00f2ptimes per a ser reutilitzats en cursos successius, proporcionant un gran estalvi econ\u00f2mic i ecol\u00f2gic.<\/p>\n<p>[\/vc_column_text][\/vc_column][vc_column width=&#8221;1\/12&#8243;][\/vc_column][\/vc_row][vc_row padding_top_multiplier=&#8221;&#8221; rc_heading_color=&#8221;light&#8221; rc_bg_type=&#8221;color&#8221; desktop_visibility=&#8221;hide&#8221; tablet_visibility=&#8221;hide&#8221; tablet_sm_visibility=&#8221;hide&#8221; rc_font_color=&#8221;#ffffff&#8221; rc_bg_color=&#8221;#2fbbac&#8221;][vc_column css=&#8221;.vc_custom_1570595529847{padding-right: 10px !important;padding-bottom: 10px !important;padding-left: 10px !important;}&#8221;]<h1 class=\"eut-element eut-title eut-align-center eut-h1 desc_reutilizacionlibro_titulo_mobile\" style=\"\"><span><br>\n<p style=\"text-align: center;\"><strong>Com tractar els ecoBooks?<\/strong><br>\n<\/span><\/h1><h3 class=\"eut-element eut-title eut-align-left eut-small-text desc_reutilizacionlibro_bloque_mobile\" style=\"margin-bottom: 1px;\"><span><br>\n<p style=\"text-align: left;\">Perqu\u00e8 un llibre pugui ser reutilitzat per un altre alumne, ha de seguir uns criteris m\u00ednims de qualitat. A Iddink revisem tots els llibres ecoBooks que rebem per assegurar-nos de que es troben en condicions \u00f2ptimes per a ser reutilitzats en cursos successius, proporcionant un gran estalvi econ\u00f2mic i ecol\u00f2gic.<br>\n<\/span><\/h3>[\/vc_column][\/vc_row][vc_row padding_top_multiplier=&#8221;2x&#8221; padding_bottom_multiplier=&#8221;2x&#8221; mobile_visibility=&#8221;hide&#8221; rc_margin_bottom=&#8221;40px&#8221;][vc_column width=&#8221;1\/12&#8243;][\/vc_column][vc_column width=&#8221;5\/12&#8243; mobile_width=&#8221;1-2&#8243;]<h3 class=\"eut-element eut-title eut-align-inherit eut-h1 desc_reutilizacionlibro_titulo_bloque\" style=\"margin-bottom: 0px;\"><span>Quins criteris de qualitat han de seguir?<\/span><\/h3><div class=\"eut-empty-space eut-height-1x\" style=\"\"><\/div>[vc_column_text text_style=&#8221;small-text&#8221; animation_delay=&#8221;800&#8243; animation_duration=&#8221;slow&#8221; el_class=&#8221;desc_reutilizacionlibro_texto_bloque&#8221;]Utilitzant els \u00abecoBooks\u00bb ajudem a reduir milers de tones de paper i preservem el medi ambient. Per aix\u00f2 \u00e9s molt important que els llibres segueixin unes condicions de qualitat m\u00ednimes i estiguin ben cuidats durant el seu \u00fas.<\/p>\n<p>La majoria dels \u00abecoBooks\u00bb s\u00f3n llibres usats, per\u00f2, si no hi ha prou o s\u00f3n novetats editorials, s&#8217;entreguen nous sense suposar un increment de cost per a les fam\u00edlies. D&#8217;aquesta manera ens assegurem que tots els alumnes de tots els cursos poden reutilitzar.<\/p>\n<p>Et recomanem que vegis el v\u00eddeo de la dreta. Nom\u00e9s dura dos minuts i \u00e9s molt il\u00b7lustratiu:[\/vc_column_text][\/vc_column][vc_column width=&#8221;5\/12&#8243; vertical_content_position=&#8221;bottom&#8221;]<div class=\"eut-element eut-video\" style=\"\"><iframe loading=\"lazy\" title=\"Com tractar els ecoBooks\" src=\"https:\/\/player.vimeo.com\/video\/45076699?dnt=1&amp;app_id=122963\" width=\"640\" height=\"360\" frameborder=\"0\" allow=\"autoplay; fullscreen\" allowfullscreen><\/iframe><\/div><div class=\"eut-empty-space eut-height-1x\" style=\"\"><\/div>[\/vc_column][vc_column width=&#8221;1\/12&#8243;][\/vc_column][\/vc_row][vc_row padding_top_multiplier=&#8221;2x&#8221; desktop_visibility=&#8221;hide&#8221; tablet_visibility=&#8221;hide&#8221; tablet_sm_visibility=&#8221;hide&#8221;][vc_column css=&#8221;.vc_custom_1570542090752{padding-right: 10px !important;padding-left: 10px !important;}&#8221;]<h3 class=\"eut-element eut-title eut-align-inherit eut-h1 desc_reutilizacionlibro_titulo_bloque_mobile\" style=\"margin-bottom: 0px;\"><span>Quins criteris de qualitat han de seguir?<\/span><\/h3><div class=\"eut-empty-space eut-height-1x\" style=\"\"><\/div>[vc_column_text text_style=&#8221;small-text&#8221; animation_delay=&#8221;800&#8243; animation_duration=&#8221;slow&#8221; el_class=&#8221;desc_reutilizacionlibro_texto_bloque&#8221;]Utilitzant els \u00abecoBooks\u00bb ajudem a reduir milers de tones de paper i preservem el medi ambient. Per aix\u00f2 \u00e9s molt important que els llibres segueixin unes condicions de qualitat m\u00ednimes i estiguin ben cuidats durant el seu \u00fas.<\/p>\n<p>La majoria dels \u00abecoBooks\u00bb s\u00f3n llibres usats, per\u00f2, si no hi ha prou o s\u00f3n novetats editorials, s&#8217;entreguen nous sense suposar un increment de cost per a les fam\u00edlies. D&#8217;aquesta manera ens assegurem que tots els alumnes de tots els cursos poden reutilitzar.<\/p>\n<p>Et recomanem que vegis el v\u00eddeo de la dreta. Nom\u00e9s dura dos minuts i \u00e9s molt il\u00b7lustratiu:[\/vc_column_text]<div class=\"eut-empty-space eut-height-1x\" style=\"\"><\/div><div class=\"eut-element eut-video\" style=\"\"><iframe loading=\"lazy\" title=\"Com tractar els ecoBooks\" src=\"https:\/\/player.vimeo.com\/video\/45076699?dnt=1&amp;app_id=122963\" width=\"640\" height=\"360\" frameborder=\"0\" allow=\"autoplay; fullscreen\" allowfullscreen><\/iframe><\/div>[\/vc_column][\/vc_row][vc_row rc_heading_color=&#8221;primary-1&#8243; rc_bg_type=&#8221;color&#8221; columns_gap=&#8221;none&#8221; equal_column_height=&#8221;equal&#8221; mobile_visibility=&#8221;hide&#8221; rc_bg_color=&#8221;#1e73bc&#8221; rc_font_color=&#8221;#ffffff&#8221;][vc_column vertical_content_position=&#8221;middle&#8221; text_align=&#8221;center&#8221; css=&#8221;.vc_custom_1565255326449{padding-right: 60px !important;padding-left: 60px !important;}&#8221;][vc_column_text el_class=&#8221;desc_reutilizacionlibro_titulo_bloque_ecobook&#8221; css=&#8221;.vc_custom_1590501526148{margin-right: 5px !important;margin-bottom: 15px !important;margin-left: 5px !important;}&#8221;]<\/p>\n<p style=\"text-align: center;\"><span style=\"color: #ffffff;\">El nostre lema: &#8220;tracta el llibre com t&#8217;agradaria rebre&#8217;l.&#8221;<\/span><\/p>\n<p>[\/vc_column_text][\/vc_column][\/vc_row][vc_row rc_heading_color=&#8221;primary-1&#8243; rc_bg_type=&#8221;color&#8221; columns_gap=&#8221;none&#8221; equal_column_height=&#8221;equal&#8221; desktop_visibility=&#8221;hide&#8221; tablet_visibility=&#8221;hide&#8221; tablet_sm_visibility=&#8221;hide&#8221; rc_bg_color=&#8221;#1e73bc&#8221; rc_font_color=&#8221;#ffffff&#8221;][vc_column vertical_content_position=&#8221;middle&#8221; text_align=&#8221;center&#8221; css=&#8221;.vc_custom_1567498535196{padding-right: 10px !important;padding-left: 10px !important;}&#8221;][vc_column_text el_class=&#8221;desc_reutilizacionlibro_titulo_bloque_ecobook_mobile&#8221; css=&#8221;.vc_custom_1590501535074{margin-right: 5px !important;margin-bottom: 30px !important;margin-left: 5px !important;}&#8221;]<\/p>\n<p style=\"text-align: center;\"><span style=\"color: #ffffff;\">El nostre lema: &#8220;tracta el llibre com t&#8217;agradaria rebre&#8217;l.&#8221;<\/span><\/p>\n<p>[\/vc_column_text][\/vc_column][\/vc_row][vc_row padding_top_multiplier=&#8221;3x&#8221; padding_bottom_multiplier=&#8221;&#8221; mobile_visibility=&#8221;hide&#8221;][vc_column][vc_column_text el_class=&#8221;desc_reutilizacionlibro_grafico_titulo_azul&#8221; css=&#8221;.vc_custom_1571819883985{margin-right: 45px !important;margin-left: 45px !important;}&#8221;]<\/p>\n<p style=\"text-align: center;\">Criteris de qualitat que han de seguir els ecoBooks:<\/p>\n<p>[\/vc_column_text][\/vc_column][\/vc_row][vc_row padding_top_multiplier=&#8221;3x&#8221; padding_bottom_multiplier=&#8221;2x&#8221; desktop_visibility=&#8221;hide&#8221; tablet_visibility=&#8221;hide&#8221; tablet_sm_visibility=&#8221;hide&#8221;][vc_column][vc_column_text el_class=&#8221;desc_reutilizacionlibro_grafico_titulo_azul_mobile&#8221; css=&#8221;.vc_custom_1571819895636{margin-right: 45px !important;margin-left: 45px !important;}&#8221;]<\/p>\n<p style=\"text-align: center;\">Criteris de qualitat que han de seguir els ecoBooks:<\/p>\n<p>[\/vc_column_text][\/vc_column][\/vc_row][vc_row padding_top_multiplier=&#8221;2x&#8221; columns_gap=&#8221;60&#8243; mobile_visibility=&#8221;hide&#8221;][vc_column width=&#8221;1\/3&#8243; full_height=&#8221;yes&#8221;]<h3 class=\"eut-element eut-title eut-align-center eut-h3 eut-custom-font-1 eut-increase-heading eut-heading-140\" style=\"\"><span><span style=\"color: #000000;\">01<\/span><\/span><\/h3>[vc_column_text]<\/p>\n<p style=\"text-align: center;\"><span style=\"color: #2fbfcb;\"><strong>Llibres subratllats<\/strong><\/span><\/p>\n<p style=\"text-align: center;\"><span style=\"color: #333333;\"><em><strong>Norma:<\/strong><\/em><\/span> no s\u2019aceptar\u00e1n llibres subratllats.<br \/>\n<em><strong><span style=\"color: #0073cf;\"><span style=\"color: #333333;\">Excepci\u00f3:<\/span> <\/span><\/strong><\/em>s\u2019accepten un m\u00e0xim de 15 p\u00e0gines subratllades a llapis, bol\u00edgraf o marcador.<\/p>\n<p>[\/vc_column_text]<div class=\"eut-empty-space eut-height-1x\" style=\"\"><\/div>[\/vc_column][vc_column width=&#8221;1\/3&#8243; text_align=&#8221;center&#8221;]<h3 class=\"eut-element eut-title eut-align-inherit eut-h3 eut-custom-font-1 eut-increase-heading eut-heading-140\" style=\"\"><span><span style=\"color: #000000;\">02<\/span><\/span><\/h3>[vc_column_text]<\/p>\n<p style=\"text-align: center;\"><span style=\"color: #2fbfcb;\"><strong>Llibres mal folrats<\/strong><\/span><\/p>\n<p style=\"text-align: center;\"><em><strong>Norma:<\/strong><\/em>\u00a0no s\u2019acceptaran llibres mal folrats, amb folres adhesius o en mal estat.<br \/>\n<em><strong>Excepci\u00f3:<\/strong><\/em>\u00a0s\u2019acceptaran si el folre es troba en bon estat i no hi ha bombolles ni plecs.<\/p>\n<p>[\/vc_column_text]<div class=\"eut-empty-space eut-height-1x\" style=\"\"><\/div>[\/vc_column][vc_column width=&#8221;1\/3&#8243; text_align=&#8221;center&#8221;]<h3 class=\"eut-element eut-title eut-align-inherit eut-h3 eut-custom-font-1 eut-increase-heading eut-heading-140\" style=\"\"><span><span style=\"color: #000000;\">03<\/span><\/span><\/h3>[vc_column_text]<\/p>\n<p style=\"text-align: center;\"><span style=\"color: #2fbfcb;\"><strong>Llibres identificats<\/strong><\/span><\/p>\n<p style=\"text-align: center;\"><em><strong>Norma:\u00a0<\/strong><\/em>no s\u2019accepten llibres identificats.<br \/>\n<em><strong>Excepci\u00f3:<\/strong>\u00a0<\/em>s\u2019acceptaran si el nom i cognom s\u00f3n a la primera p\u00e0gina o es poden tapar amb una etiqueta.<\/p>\n<p>[\/vc_column_text]<div class=\"eut-empty-space eut-height-1x\" style=\"\"><\/div>[\/vc_column][\/vc_row][vc_row padding_top_multiplier=&#8221;&#8221; columns_gap=&#8221;60&#8243; desktop_visibility=&#8221;hide&#8221; tablet_visibility=&#8221;hide&#8221; tablet_sm_visibility=&#8221;hide&#8221;][vc_column width=&#8221;1\/3&#8243; full_height=&#8221;yes&#8221;]<h3 class=\"eut-element eut-title eut-align-center eut-h3 eut-custom-font-1 eut-increase-heading eut-heading-300\" style=\"\"><span><span style=\"color: #000000;\"><strong>01<\/strong><\/span><\/span><\/h3>[vc_column_text]<\/p>\n<p style=\"text-align: center;\"><span style=\"color: #2fbfcb;\"><strong>Llibres subratllats<\/strong><\/span><\/p>\n<p style=\"text-align: center;\"><span style=\"color: #333333;\"><em><strong>Norma:<\/strong><\/em><\/span> no s\u2019aceptar\u00e1n llibres subratllats.<br \/>\n<em><strong><span style=\"color: #0073cf;\"><span style=\"color: #333333;\">Excepci\u00f3:<\/span> <\/span><\/strong><\/em>s\u2019accepten un m\u00e0xim de 15 p\u00e0gines subratllades a llapis, bol\u00edgraf o marcador.<\/p>\n<p>[\/vc_column_text]<div class=\"eut-empty-space eut-height-1x\" style=\"\"><\/div>[\/vc_column][vc_column width=&#8221;1\/3&#8243; text_align=&#8221;center&#8221;]<h3 class=\"eut-element eut-title eut-align-inherit eut-h3 eut-custom-font-1 eut-increase-heading eut-heading-300\" style=\"\"><span><span style=\"color: #000000;\">02<\/span><\/span><\/h3>[vc_column_text]<\/p>\n<p style=\"text-align: center;\"><span style=\"color: #2fbfcb;\"><strong>Llibres mal folrats<\/strong><\/span><\/p>\n<p style=\"text-align: center;\"><em><strong>Norma:<\/strong><\/em>\u00a0no s\u2019acceptaran llibres mal folrats, amb folres adhesius o en mal estat.<br \/>\n<em><strong>Excepci\u00f3:<\/strong><\/em>\u00a0s\u2019acceptaran si el folre es troba en bon estat i no hi ha bombolles ni plecs.<\/p>\n<p>[\/vc_column_text]<div class=\"eut-empty-space eut-height-1x\" style=\"\"><\/div>[\/vc_column][vc_column width=&#8221;1\/3&#8243; text_align=&#8221;center&#8221;]<h3 class=\"eut-element eut-title eut-align-inherit eut-h3 eut-custom-font-1 eut-increase-heading eut-heading-300\" style=\"\"><span><span style=\"color: #000000;\">03<\/span><br>\n<\/span><\/h3>[vc_column_text]<\/p>\n<p style=\"text-align: center;\"><span style=\"color: #2fbfcb;\"><strong>Llibres identificats<\/strong><\/span><\/p>\n<p style=\"text-align: center;\"><em><strong>Norma:\u00a0<\/strong><\/em>no s\u2019accepten llibres identificats.<br \/>\n<em><strong>Excepci\u00f3:<\/strong>\u00a0<\/em>s\u2019acceptaran si el nom i cognom s\u00f3n a la primera p\u00e0gina o es poden tapar amb una etiqueta.<\/p>\n<p>[\/vc_column_text]<div class=\"eut-empty-space eut-height-1x\" style=\"\"><\/div>[\/vc_column][\/vc_row][vc_row padding_top_multiplier=&#8221;&#8221; columns_gap=&#8221;60&#8243; mobile_visibility=&#8221;hide&#8221;][vc_column width=&#8221;1\/3&#8243; text_align=&#8221;center&#8221;]<h3 class=\"eut-element eut-title eut-align-inherit eut-h3 eut-custom-font-1 eut-increase-heading eut-heading-140\" style=\"\"><span><span style=\"color: #000000;\">04<\/span><\/span><\/h3>[vc_column_text]<\/p>\n<p style=\"text-align: center;\"><span style=\"color: #2fbfcb;\"><strong>Llibres amb humitats<\/strong><\/span><\/p>\n<p style=\"text-align: center;\"><em><strong>Norma:\u00a0<\/strong><\/em>no s\u2019admeten llibres amb senyals evidents d\u2019humitat, taques de l\u00edquid, o danys que no es puguin reparar i dificultin el seu \u00fas o lectura.<br \/>\n<em><strong>Excepci\u00f3:\u00a0<\/strong><\/em>s\u2019admetran si les marques no dificulten l\u2019\u00fas del llibre.<\/p>\n<p>[\/vc_column_text]<div class=\"eut-empty-space eut-height-1x\" style=\"\"><\/div>[\/vc_column][vc_column width=&#8221;1\/3&#8243; text_align=&#8221;center&#8221;]<h3 class=\"eut-element eut-title eut-align-inherit eut-h3 eut-custom-font-1 eut-increase-heading eut-heading-140\" style=\"\"><span><span style=\"color: #000000;\">05<\/span><\/span><\/h3>[vc_column_text]<\/p>\n<p style=\"text-align: center;\"><span style=\"color: #2fbfcb;\"><strong>Llibres incomplerts<\/strong><\/span><\/p>\n<div class=\"eut-element eut-text\">\n<p style=\"text-align: center;\"><em><strong>Norma:<\/strong><\/em>\u00a0no s\u2019accepten llibres incomplets, amb p\u00e0gines trencades o irreparables.<br \/>\n<em><strong>Excepci\u00f3:\u00a0<\/strong><\/em>s\u2019acceptaran si les p\u00e0gines no tenen contingut i s\u00f3n reparables<\/p>\n<\/div>\n<p>[\/vc_column_text]<div class=\"eut-empty-space eut-height-1x\" style=\"\"><\/div>[\/vc_column][vc_column width=&#8221;1\/3&#8243; text_align=&#8221;center&#8221;]<h3 class=\"eut-element eut-title eut-align-inherit eut-h3 eut-custom-font-1 eut-increase-heading eut-heading-140\" style=\"\"><span><span style=\"color: #000000;\">06<\/span><\/span><\/h3>[vc_column_text]<\/p>\n<p style=\"text-align: center;\"><span style=\"color: #2fbfcb;\"><strong>Llibres amb dibuixos<\/strong><\/span><\/p>\n<p style=\"text-align: center;\"><strong><em>Norma: <\/em><\/strong>els llibres no han de contenir textos, dibuixos o marques de qualsevol tipus.<strong><em><br \/>\nExcepci\u00f3:<\/em><\/strong>s\u2019admet un m\u00e0xim de 5 p\u00e0gines excepte si s\u00f3n de mal gust.<\/p>\n<p>[\/vc_column_text]<div class=\"eut-empty-space eut-height-1x\" style=\"\"><\/div>[\/vc_column][\/vc_row][vc_row padding_top_multiplier=&#8221;&#8221; columns_gap=&#8221;60&#8243; desktop_visibility=&#8221;hide&#8221; tablet_visibility=&#8221;hide&#8221; tablet_sm_visibility=&#8221;hide&#8221;][vc_column width=&#8221;1\/3&#8243; text_align=&#8221;center&#8221;]<h3 class=\"eut-element eut-title eut-align-inherit eut-h3 eut-custom-font-1 eut-increase-heading eut-heading-300\" style=\"\"><span><span style=\"color: #000000;\">04<\/span><\/span><\/h3>[vc_column_text]<\/p>\n<p style=\"text-align: center;\"><span style=\"color: #2fbfcb;\"><strong>Llibres amb humitats<\/strong><\/span><\/p>\n<p style=\"text-align: center;\"><em><strong>Norma:\u00a0<\/strong><\/em>no s\u2019admeten llibres amb senyals evidents d\u2019humitat, taques de l\u00edquid, o danys que no es puguin reparar i dificultin el seu \u00fas o lectura.<br \/>\n<em><strong>Excepci\u00f3:\u00a0<\/strong><\/em>s\u2019admetran si les marques no dificulten l\u2019\u00fas del llibre.<\/p>\n<p>[\/vc_column_text]<div class=\"eut-empty-space eut-height-1x\" style=\"\"><\/div>[\/vc_column][vc_column width=&#8221;1\/3&#8243; text_align=&#8221;center&#8221;]<h3 class=\"eut-element eut-title eut-align-inherit eut-h3 eut-custom-font-1 eut-increase-heading eut-heading-300\" style=\"\"><span><span style=\"color: #000000;\">05<\/span><\/span><\/h3>[vc_column_text]<\/p>\n<p style=\"text-align: center;\"><span style=\"color: #2fbfcb;\"><strong>Llibres incomplerts<\/strong><\/span><\/p>\n<div class=\"eut-element eut-text\">\n<p style=\"text-align: center;\"><em><strong>Norma:<\/strong><\/em> no s\u2019accepten llibres incomplerts, amb p\u00e0gines trencades o irreparables.<br \/>\n<em><strong>Excepci\u00f3:\u00a0<\/strong><\/em>s\u2019acceptaran si les p\u00e0gines no tenen contingut i s\u00f3n reparables<\/p>\n<\/div>\n<p>[\/vc_column_text]<div class=\"eut-empty-space eut-height-1x\" style=\"\"><\/div>[\/vc_column][vc_column width=&#8221;1\/3&#8243; text_align=&#8221;center&#8221;]<h3 class=\"eut-element eut-title eut-align-inherit eut-h3 eut-custom-font-1 eut-increase-heading eut-heading-300\" style=\"\"><span><span style=\"color: #000000;\">06<\/span><\/span><\/h3>[vc_column_text]<\/p>\n<p style=\"text-align: center;\"><span style=\"color: #2fbfcb;\"><strong>Llibres amb dibuixos<\/strong><\/span><\/p>\n<p style=\"text-align: center;\"><strong><em>Norma: <\/em><\/strong>els llibres no han de contenir textos, dibuixos o marques de qualsevol tipus.<strong><em><br \/>\nExcepci\u00f3:<\/em><\/strong>s\u2019admet un m\u00e0xim de 5 p\u00e0gines excepte si s\u00f3n de mal gust.<\/p>\n<p>[\/vc_column_text]<div class=\"eut-empty-space eut-height-1x\" style=\"\"><\/div>[\/vc_column][\/vc_row][vc_row padding_top_multiplier=&#8221;&#8221; padding_bottom_multiplier=&#8221;&#8221; columns_gap=&#8221;60&#8243; mobile_visibility=&#8221;hide&#8221;][vc_column width=&#8221;1\/4&#8243;][\/vc_column][vc_column width=&#8221;1\/4&#8243; text_align=&#8221;center&#8221;]<h3 class=\"eut-element eut-title eut-align-inherit eut-h3 eut-custom-font-1 eut-increase-heading eut-heading-140\" style=\"\"><span><span style=\"color: #000000;\">07<\/span><\/span><\/h3>[vc_column_text]<\/p>\n<p style=\"text-align: center;\"><span style=\"color: #2fbfcb;\"><strong>Llibres malmesos o trencats<\/strong><\/span><\/p>\n<p style=\"text-align: center;\"><em><strong>Norma:<\/strong> <\/em>Norma: no s\u2019admeten llibres amb amb portades malmeses, lloms desenganxats i \/ o cantons en molt mal estat.<br \/>\n<em><strong>Excepci\u00f3:<\/strong> <\/em>s\u2019admetran si els danys s\u00f3n reparables.<\/p>\n<p>[\/vc_column_text]<div class=\"eut-empty-space eut-height-2x\" style=\"\"><\/div>[\/vc_column][vc_column width=&#8221;1\/4&#8243; text_align=&#8221;center&#8221;]<h3 class=\"eut-element eut-title eut-align-inherit eut-h3 eut-custom-font-1 eut-increase-heading eut-heading-140\" style=\"\"><span><span style=\"color: #000000;\">08<\/span><\/span><\/h3>[vc_column_text]<\/p>\n<p style=\"text-align: center;\"><span style=\"color: #2fbfcb;\"><strong>Llibres amb exercicis fets<\/strong><\/span><\/p>\n<p style=\"text-align: center;\"><em><strong>Norma:<\/strong> <\/em>no s\u2019admeten llibres amb exercicis fets (ni a llapis), mal esborrats o amb restes de goma.<br \/>\n<em><strong>Excepci\u00f3: <\/strong><\/em>s\u2019admeten un m\u00e0xim de 5 p\u00e0gines amb exercicis fets.<\/p>\n<p>[\/vc_column_text]<div class=\"eut-empty-space eut-height-2x\" style=\"\"><\/div>[\/vc_column][vc_column width=&#8221;1\/4&#8243;][\/vc_column][\/vc_row][vc_row padding_top_multiplier=&#8221;&#8221; padding_bottom_multiplier=&#8221;&#8221; columns_gap=&#8221;60&#8243; desktop_visibility=&#8221;hide&#8221; tablet_visibility=&#8221;hide&#8221; tablet_sm_visibility=&#8221;hide&#8221;][vc_column width=&#8221;1\/3&#8243; text_align=&#8221;center&#8221;]<h3 class=\"eut-element eut-title eut-align-inherit eut-h3 eut-custom-font-1 eut-increase-heading eut-heading-300\" style=\"\"><span><span style=\"color: #000000;\">07<\/span><\/span><\/h3>[vc_column_text]<\/p>\n<p style=\"text-align: center;\"><span style=\"color: #2fbfcb;\"><strong>Llibres malmesos o trencats<\/strong><\/span><\/p>\n<p style=\"text-align: center;\"><em><strong>Norma:<\/strong> <\/em>Norma: no s\u2019admeten llibres amb amb portades malmeses, lloms desenganxats i \/ o cantons en molt mal estat.<br \/>\n<em><strong>Excepci\u00f3:<\/strong> <\/em>s\u2019admetran si els danys s\u00f3n reparables.<\/p>\n<p>[\/vc_column_text]<div class=\"eut-empty-space eut-height-2x\" style=\"\"><\/div>[\/vc_column][vc_column width=&#8221;1\/3&#8243; text_align=&#8221;center&#8221;]<h3 class=\"eut-element eut-title eut-align-inherit eut-h3 eut-custom-font-1 eut-increase-heading eut-heading-300\" style=\"\"><span><span style=\"color: #000000;\">08<\/span><\/span><\/h3>[vc_column_text]<\/p>\n<p style=\"text-align: center;\"><span style=\"color: #2fbfcb;\"><strong>Llibres amb exercicis fets<\/strong><\/span><\/p>\n<p style=\"text-align: center;\"><em><strong>Norma:<\/strong> <\/em>no s\u2019admeten llibres amb exercicis fets (ni a llapis), mal esborrats o amb restes de goma.<br \/>\n<em><strong>Excepci\u00f3: <\/strong><\/em>s\u2019admeten un m\u00e0xim de 5 p\u00e0gines amb exercicis fets.<\/p>\n<p>[\/vc_column_text]<div class=\"eut-empty-space eut-height-2x\" style=\"\"><\/div>[\/vc_column][vc_column width=&#8221;1\/3&#8243;][\/vc_column][\/vc_row][vc_row][vc_column text_align=&#8221;center&#8221;]<div class=\"eut-element eut-align-center\"><a href=\"https:\/\/spain.iddink.es\/wp-content\/uploads\/2020\/07\/PDF_CRITERIS_CAT.pdf\" target=\"_blank\" class=\"eut-btn eut-btn-large eut-extra-round eut-bg-white eut-bg-hover-white eut-btn-line\"><span>Descarrega'ls aqu\u00ed<\/span><\/a><\/div>[\/vc_column][\/vc_row]<\/p>\n","protected":false},"excerpt":{"rendered":"<p>[vc_row section_type=&#8221;fullwidth&#8221; height_ratio=&#8221;60&#8243; padding_top_multiplier=&#8221;&#8221; padding_bottom_multiplier=&#8221;&#8221; rc_bg_type=&#8221;image&#8221; rc_bg_image=&#8221;10638&#8243; rc_bg_image_size=&#8221;responsive&#8221; tablet_visibility=&#8221;hide&#8221; tablet_sm_visibility=&#8221;hide&#8221; mobile_visibility=&#8221;hide&#8221; mobile_height_ratio=&#8221;100&#8243;][vc_column][vc_column_text][\/vc_column_text][\/vc_column][\/vc_row][vc_row section_type=&#8221;fullwidth&#8221; padding_top_multiplier=&#8221;&#8221; padding_bottom_multiplier=&#8221;&#8221; rc_bg_type=&#8221;image&#8221; rc_bg_image=&#8221;10638&#8243; desktop_visibility=&#8221;hide&#8221; el_class=&#8221;desc_image_banner_height&#8221;][vc_column][vc_column_text][\/vc_column_text][\/vc_column][\/vc_row][vc_row rc_heading_color=&#8221;light&#8221; rc_bg_type=&#8221;color&#8221; mobile_visibility=&#8221;hide&#8221; rc_font_color=&#8221;#ffffff&#8221; rc_bg_color=&#8221;#1e73bc&#8221;][vc_column width=&#8221;1\/12&#8243; vertical_content_position=&#8221;middle&#8221; text_align=&#8221;center&#8221;][\/vc_column][vc_column width=&#8221;5\/6&#8243; text_align=&#8221;center&#8221; css=&#8221;.vc_custom_1574065271895{padding-top: 10px !important;}&#8221;][vc_column_text el_class=&#8221;desc_reutilizacionlibro_bloque&#8221;] Perqu\u00e8 un llibre pugui ser reutilitzat per un altre alumne, ha de seguir uns criteris m\u00ednims de qualitat. A Iddink revisem tots [&hellip;]<\/p>\n","protected":false},"author":9,"featured_media":0,"parent":9488,"menu_order":0,"comment_status":"closed","ping_status":"closed","template":"","meta":{"footnotes":""},"class_list":["post-12046","page","type-page","status-publish","hentry"],"_links":{"self":[{"href":"https:\/\/spain.iddink.es\/ca\/wp-json\/wp\/v2\/pages\/12046","targetHints":{"allow":["GET"]}}],"collection":[{"href":"https:\/\/spain.iddink.es\/ca\/wp-json\/wp\/v2\/pages"}],"about":[{"href":"https:\/\/spain.iddink.es\/ca\/wp-json\/wp\/v2\/types\/page"}],"author":[{"embeddable":true,"href":"https:\/\/spain.iddink.es\/ca\/wp-json\/wp\/v2\/users\/9"}],"replies":[{"embeddable":true,"href":"https:\/\/spain.iddink.es\/ca\/wp-json\/wp\/v2\/comments?post=12046"}],"version-history":[{"count":5,"href":"https:\/\/spain.iddink.es\/ca\/wp-json\/wp\/v2\/pages\/12046\/revisions"}],"predecessor-version":[{"id":12285,"href":"https:\/\/spain.iddink.es\/ca\/wp-json\/wp\/v2\/pages\/12046\/revisions\/12285"}],"up":[{"embeddable":true,"href":"https:\/\/spain.iddink.es\/ca\/wp-json\/wp\/v2\/pages\/9488"}],"wp:attachment":[{"href":"https:\/\/spain.iddink.es\/ca\/wp-json\/wp\/v2\/media?parent=12046"}],"curies":[{"name":"wp","href":"https:\/\/api.w.org\/{rel}","templated":true}]}}