{"id":12409,"date":"2019-11-13T13:15:40","date_gmt":"2019-11-13T12:15:40","guid":{"rendered":"https:\/\/spain.iddink.es\/atencion-a-las-afa\/"},"modified":"2025-09-25T20:06:54","modified_gmt":"2025-09-25T18:06:54","slug":"atencio-a-les-afa-2","status":"publish","type":"page","link":"https:\/\/spain.iddink.es\/ca\/atencio-a-les-afa-2\/","title":{"rendered":"Atenci\u00f3 a les AFA"},"content":{"rendered":"<p>[vc_row height_ratio=&#8221;40&#8243; padding_top_multiplier=&#8221;&#8221; padding_bottom_multiplier=&#8221;&#8221; rc_bg_type=&#8221;image&#8221; rc_bg_image=&#8221;6253&#8243;][vc_column]<div class=\"eut-empty-space eut-height-6x\" style=\"\"><\/div><div class=\"eut-empty-space eut-height-6x\" style=\"\"><\/div><div class=\"eut-empty-space eut-height-4x\" style=\"\"><\/div>[\/vc_column][\/vc_row][vc_row padding_top_multiplier=&#8221;&#8221; padding_bottom_multiplier=&#8221;&#8221; rc_bg_type=&#8221;color&#8221; separator_bottom_size=&#8221;50%&#8221; rc_bg_color=&#8221;#1e73bc&#8221; rc_font_color=&#8221;#0a0000&#8243;][vc_column rc_bg_type=&#8221;color&#8221; rc_add_shadow=&#8221;medium-shadow&#8221; column_custom_position=&#8221;yes&#8221; position_top=&#8221;minus-3x&#8221; rc_bg_color=&#8221;#ffffff&#8221; css=&#8221;.vc_custom_1566903599468{padding-top: 8% !important;padding-right: 12% !important;padding-bottom: 12% !important;padding-left: 12% !important;border-radius: 10px !important;}&#8221; rc_font_color=&#8221;#0a0a0a&#8221;][vc_row_inner padding_top_multiplier=&#8221;&#8221; padding_bottom_multiplier=&#8221;3x&#8221;][vc_column_inner rc_font_color=&#8221;#0075cf&#8221;]<h3 class=\"eut-element eut-title eut-align-inherit eut-h4 eut-custom-font-1 title_contact1\" style=\"\"><span><strong>Atenci\u00f3 a les AFA<\/strong><\/span><\/h3>[\/vc_column_inner][vc_column_inner rc_font_color=&#8221;#0a0a0a&#8221;]<div class=\"eut-empty-space\" style=\"height: 20px;\"><\/div>[vc_column_text text_style=&#8221;small-text&#8221; el_id=&#8221;desc_contactar_subtitulo&#8221;]Com a empresa de serveis, donem molta import\u00e0ncia a l&#8217;atenci\u00f3 personalitzada. Per aquest motiu comptem amb un departament d&#8217;atenci\u00f3 a les AFA diferent del departament d&#8217;atenci\u00f3 als estudiants i les fam\u00edlies. Iddink assigna un interlocutor per a cada AFA, facilitant la relaci\u00f3 amb la junta de l&#8217;associaci\u00f3, ja sigui per tel\u00e8fon, amb un n\u00famero exclusiu, per correu electr\u00f2nic o per Whatsapp.[\/vc_column_text][\/vc_column_inner][\/vc_row_inner][vc_row_inner padding_top_multiplier=&#8221;&#8221; padding_bottom_multiplier=&#8221;&#8221; mobile_columns_vertical_gap=&#8221;60&#8243;][vc_column_inner width=&#8221;1\/3&#8243; rc_bg_type=&#8221;color&#8221; mobile_text_align=&#8221;center&#8221; rc_bg_color=&#8221;#ffffff&#8221; el_class=&#8221;link_contact1&#8243;]<h3 class=\"eut-element eut-title eut-align-inherit eut-h6 eut-custom-font-1 desc_contactar_form_titulo\" style=\"margin-bottom: 12px;\"><span><strong>Correu electr\u00f2nic<\/strong><\/span><\/h3>[vc_column_text text_style=&#8221;small-text&#8221; css=&#8221;.vc_custom_1736264760700{margin-bottom: 30px !important;}&#8221;]<a href=\"mailto:schools@iddink.es\">schools@iddink.es<\/a>[\/vc_column_text]<h3 class=\"eut-element eut-title eut-align-inherit eut-h6 eut-custom-font-1 desc_contactar_form_titulo\" style=\"margin-bottom: 12px;\"><span><strong>Adre\u00e7a<\/strong><\/span><\/h3>[vc_column_text text_style=&#8221;small-text&#8221;]<strong>Iddink Spain, S.L.U.<\/strong><\/p>\n<p><span style=\"color: #1e73bc;\"><strong>Barcelona<\/strong><\/span><br \/>\nAvda. de la Ribera, 11<br \/>\n08780, Pallej\u00e0<br \/>\nBarcelona<\/p>\n<p>[\/vc_column_text]<div class=\"eut-empty-space eut-height-1x\" style=\"\"><\/div><h3 class=\"eut-element eut-title eut-align-inherit eut-h6 eut-custom-font-1 desc_contactar_form_titulo\" style=\"margin-bottom: 12px;\"><span><strong>\u00c0rea privada<\/strong><\/span><\/h3>[vc_column_text text_style=&#8221;small-text&#8221;]Addicionalment, la web d&#8217;Iddink disposa de l&#8217;apartat \u201c\u00c0rea privada\u201d on les AFA poden accedir i consultar en temps real, dades concretes del servei que Iddink proporciona a cada fam\u00edlia i cada estudiant.[\/vc_column_text]<div class=\"eut-empty-space eut-height-1x\" style=\"\"><\/div><div class=\"eut-element eut-align-left\"><a href=\"https:\/\/spain.iddink.es\/ca\/afas\/area-privada\/\" title=\"\u00c0rea privada\" class=\"eut-btn eut-btn-medium eut-extra-round eut-bg-white eut-bg-hover-white eut-btn-line btn-iddink--button\"><span>\u00c0rea privada<\/span><\/a><\/div>[\/vc_column_inner][vc_column_inner width=&#8221;2\/3&#8243; content_width=&#8221;85&#8243; horizontal_content_position=&#8221;right&#8221; rc_heading_color=&#8221;light&#8221; rc_bg_type=&#8221;color&#8221; mobile_content_width=&#8221;reset&#8221; mobile_text_align=&#8221;center&#8221; el_class=&#8221;centros_button_1&#8243; rc_bg_color=&#8221;#ffffff&#8221;]<h3 class=\"eut-element eut-title eut-align-left eut-h6 desc_contactar_form_titulo\" style=\"\"><span><strong><span style=\"color: #000000;\">Formulari de contacte<\/span><\/strong><\/span><\/h3><div class=\"eut-empty-space eut-height-1x\" style=\"\"><\/div><div class=\"eut-element eut-contact-form eut-contact-form-69dec993f03db eut-form-btn-simple eut-form-btn-extra-round eut-form-btn-bg-primary-2 eut-form-btn-bg-hover-primary-4 eut-form-btn-medium\">\n<div class=\"wpcf7 no-js\" id=\"wpcf7-f10072-o1\" lang=\"es-ES\" dir=\"ltr\" data-wpcf7-id=\"10072\">\n<div class=\"screen-reader-response\"><p role=\"status\" aria-live=\"polite\" aria-atomic=\"true\"><\/p> <ul><\/ul><\/div>\n<form action=\"\/ca\/wp-json\/wp\/v2\/pages\/12409#wpcf7-f10072-o1\" method=\"post\" class=\"wpcf7-form init wpcf7-acceptance-as-validation\" aria-label=\"Formulario de contacto\" enctype=\"multipart\/form-data\" novalidate=\"novalidate\" data-status=\"init\">\n<fieldset class=\"hidden-fields-container\"><input type=\"hidden\" name=\"_wpcf7\" value=\"10072\" \/><input type=\"hidden\" name=\"_wpcf7_version\" value=\"6.1.5\" \/><input type=\"hidden\" name=\"_wpcf7_locale\" value=\"es_ES\" \/><input type=\"hidden\" name=\"_wpcf7_unit_tag\" value=\"wpcf7-f10072-o1\" \/><input type=\"hidden\" name=\"_wpcf7_container_post\" value=\"0\" \/><input type=\"hidden\" name=\"_wpcf7_posted_data_hash\" value=\"\" \/><input type=\"hidden\" name=\"_wpcf7_recaptcha_response\" value=\"\" \/>\n<\/fieldset>\n<p><span class=\"wpcf7-form-control-wrap\" data-name=\"menu-13\"><select class=\"wpcf7-form-control wpcf7-select wpcf7-validates-as-required\" aria-required=\"true\" aria-invalid=\"false\" name=\"menu-13\"><option value=\"Informaci\u00f3 general\">Informaci\u00f3 general<\/option><option value=\"Sol\u00b7licitar reuni\u00f3\">Sol\u00b7licitar reuni\u00f3<\/option><option value=\"Llibres o material escolar\">Llibres o material escolar<\/option><option value=\"Llic\u00e8ncies digitals\">Llic\u00e8ncies digitals<\/option><option value=\"Equips inform\u00e0tics\">Equips inform\u00e0tics<\/option><option value=\"Finan\u00e7ament a fam\u00edlies\">Finan\u00e7ament a fam\u00edlies<\/option><option value=\"Projectes de reutilitzaci\u00f3 de llibres\">Projectes de reutilitzaci\u00f3 de llibres<\/option><option value=\"Altres\">Altres<\/option><\/select><\/span>\n<\/p>\n<p><span class=\"wpcf7-form-control-wrap\" data-name=\"tipusCentre\"><select class=\"wpcf7-form-control wpcf7-select wpcf7-validates-as-required\" aria-required=\"true\" aria-invalid=\"false\" name=\"tipusCentre\"><option value=\"Tri\u00ef entre...\">Tri\u00ef entre...<\/option><option value=\"Centre p\u00fablic\">Centre p\u00fablic<\/option><option value=\"Centre concertat\">Centre concertat<\/option><option value=\"Centre privat\">Centre privat<\/option><\/select><\/span>\n<\/p>\n<p><span class=\"wpcf7-form-control-wrap\" data-name=\"eleccion\"><select class=\"wpcf7-form-control wpcf7-select wpcf7-validates-as-required\" aria-required=\"true\" aria-invalid=\"false\" name=\"eleccion\"><option value=\"Nombre d&#039;alumnes\">Nombre d&#039;alumnes<\/option><option value=\"0-250\">0-250<\/option><option value=\"250-500\">250-500<\/option><option value=\"500-1000\">500-1000<\/option><option value=\"+1000\">+1000<\/option><\/select><\/span>\n<\/p>\n<p><span class=\"wpcf7-form-control-wrap\" data-name=\"centro\"><input size=\"40\" maxlength=\"400\" class=\"wpcf7-form-control wpcf7-text wpcf7-validates-as-required\" aria-required=\"true\" aria-invalid=\"false\" placeholder=\"Nom del centre\" value=\"\" type=\"text\" name=\"centro\" \/><\/span>\n<\/p>\n<p><span class=\"wpcf7-form-control-wrap\" data-name=\"nombre\"><input size=\"40\" maxlength=\"400\" class=\"wpcf7-form-control wpcf7-text wpcf7-validates-as-required\" aria-required=\"true\" aria-invalid=\"false\" placeholder=\"Nom *\" value=\"\" type=\"text\" name=\"nombre\" \/><\/span>\n<\/p>\n<p><span class=\"wpcf7-form-control-wrap\" data-name=\"apellidos\"><input size=\"40\" maxlength=\"400\" class=\"wpcf7-form-control wpcf7-text wpcf7-validates-as-required\" aria-required=\"true\" aria-invalid=\"false\" placeholder=\"Cognoms *\" value=\"\" type=\"text\" name=\"apellidos\" \/><\/span>\n<\/p>\n<p><span class=\"wpcf7-form-control-wrap\" data-name=\"cargo\"><input size=\"40\" maxlength=\"400\" class=\"wpcf7-form-control wpcf7-text\" aria-invalid=\"false\" placeholder=\"C\u00e0rrec al centre\" value=\"\" type=\"text\" name=\"cargo\" \/><\/span>\n<\/p>\n<p><span class=\"wpcf7-form-control-wrap\" data-name=\"email\"><input size=\"40\" maxlength=\"400\" class=\"wpcf7-form-control wpcf7-email wpcf7-validates-as-required wpcf7-text wpcf7-validates-as-email\" aria-required=\"true\" aria-invalid=\"false\" placeholder=\"E-mail *\" value=\"\" type=\"email\" name=\"email\" \/><\/span>\n<\/p>\n<p><span class=\"wpcf7-form-control-wrap\" data-name=\"telefono\"><input size=\"40\" maxlength=\"400\" class=\"wpcf7-form-control wpcf7-tel wpcf7-validates-as-required wpcf7-text wpcf7-validates-as-tel\" aria-required=\"true\" aria-invalid=\"false\" placeholder=\"Tel\u00e8fon de contacte\" value=\"\" type=\"tel\" name=\"telefono\" \/><\/span>\n<\/p>\n<p><span class=\"wpcf7-form-control-wrap\" data-name=\"mensaje\"><textarea cols=\"40\" rows=\"10\" maxlength=\"2000\" class=\"wpcf7-form-control wpcf7-textarea\" aria-invalid=\"false\" placeholder=\"El teu missatge\" name=\"mensaje\"><\/textarea><\/span>\n<\/p>\n<div class=\"mb-input-file\">\n\t<p><label><br \/>\n<span class=\"wpcf7-form-control-wrap\" data-name=\"file-226\"><input size=\"40\" class=\"wpcf7-form-control wpcf7-file\" accept=\".pdf,.jpg,.jpeg,.doc,.docx\" aria-invalid=\"false\" type=\"file\" name=\"file-226\" \/><\/span><br \/>\n<\/label>\n\t<\/p>\n\t<div class=\"mb-input-fake\">\n\t\t<div class=\"mb-ifake-icon\">\n\t\t\t<p><img decoding=\"async\" src=\"\/wp-content\/uploads\/2019\/08\/attached-file-icon.svg\" \/>\n\t\t\t<\/p>\n\t\t<\/div>\n\t\t<div class=\"mb-ifake-text\">\n\t\t\t<p class=\"mb-ifake-t--label\"><span>Adjuntar arxiu<\/span> (m\u00e1ximo 1MB. Admite los formatos pdf, jpg, doc)\n\t\t\t<\/p>\n\t\t\t<p class=\"mb-ifake-t--output\">\n\t\t\t<\/p>\n\t\t<\/div>\n\t<\/div>\n<\/div>\n<p><span class=\"wpcf7-form-control-wrap\" data-name=\"your-consent\"><span class=\"wpcf7-form-control wpcf7-acceptance\"><span class=\"wpcf7-list-item\"><label><input type=\"checkbox\" name=\"your-consent\" value=\"1\" aria-invalid=\"false\" \/><span class=\"wpcf7-list-item-label\">He llegit i accepto la <a href=\"\/politica-privacidad\/\">pol\u00edtica de privacitat<\/a> i <a href=\"\/condiciones-de-uso\/\">protecci\u00f3 de dades<\/a><\/span><\/label><\/span><\/span><\/span>\n<\/p>\n<p><span class=\"wpcf7-form-control-wrap\" data-name=\"comunicacions-Iddink\"><span class=\"wpcf7-form-control wpcf7-checkbox\"><span class=\"wpcf7-list-item first last\"><input type=\"checkbox\" name=\"comunicacions-Iddink[]\" value=\"Dono el meu consentiment per a rebre comunicacions comercials sobre els serveis i productes educatius oferts per IDDINK\" \/><span class=\"wpcf7-list-item-label\">Dono el meu consentiment per a rebre comunicacions comercials sobre els serveis i productes educatius oferts per IDDINK<\/span><\/span><\/span><\/span>\n<\/p>\n<p><span class=\"wpcf7-form-control-wrap\" data-name=\"comunicacions-Grup\"><span class=\"wpcf7-form-control wpcf7-checkbox\"><span class=\"wpcf7-list-item first last\"><input type=\"checkbox\" name=\"comunicacions-Grup[]\" value=\"Dono el meu consentiment per a rebre comunicacions comercials personalitzades sobre productes i \/ o serveis d&#039;entitats que formen part del Grup Sanoma. Pot accedir a la pol\u00edtica de privacitat a https:\/\/spain.iddink.es\/ca\/politica-privacitat\/\" \/><span class=\"wpcf7-list-item-label\">Dono el meu consentiment per a rebre comunicacions comercials personalitzades sobre productes i \/ o serveis d&#039;entitats que formen part del Grup Sanoma. Pot accedir a la pol\u00edtica de privacitat a https:\/\/spain.iddink.es\/ca\/politica-privacitat\/<\/span><\/span><\/span><\/span>\n<\/p>\n<p><input class=\"wpcf7-form-control wpcf7-submit has-spinner\" type=\"submit\" value=\"Enviar\" \/>\n<\/p><div class=\"wpcf7-response-output\" aria-hidden=\"true\"><\/div>\n<\/form>\n<\/div>\n<\/div><style type=\"text\/css\">.eut-contact-form.eut-contact-form-69dec993f03db input,.eut-contact-form.eut-contact-form-69dec993f03db textarea,.eut-contact-form.eut-contact-form-69dec993f03db select,.eut-contact-form.eut-contact-form-69dec993f03db .wpcf7-list-item-label:before {border-width: 1px;border-style: solid;border-color: #eaeaea;;background-color: transparent;;color: #000000;;font-size: 13px;;}.wpcf7-form .wpcf7-list-item-label:before {border-color: #eaeaea !important;}.eut-contact-form.eut-contact-form-69dec993f03db input:focus,.eut-contact-form.eut-contact-form-69dec993f03db textarea:focus,.eut-contact-form.eut-contact-form-69dec993f03db select:focus {border-color: #eaeaea;;background-color: transparent;;color: #000000;;}.eut-contact-form.eut-contact-form-69dec993f03db ::-webkit-input-placeholder {color: #000000;}.eut-contact-form.eut-contact-form-69dec993f03db :-moz-placeholder {color: #000000;}.eut-contact-form.eut-contact-form-69dec993f03db ::-moz-placeholder {color: #000000;}.eut-contact-form.eut-contact-form-69dec993f03db :-ms-input-placeholder {color: #000000;}.eut-contact-form.eut-contact-form-69dec993f03db :focus::-webkit-input-placeholder {color: #000000;}.eut-contact-form.eut-contact-form-69dec993f03db :focus:-moz-placeholder {color: #000000;}.eut-contact-form.eut-contact-form-69dec993f03db :focus::-moz-placeholder {color: #000000;}.eut-contact-form.eut-contact-form-69dec993f03db :focus:-ms-input-placeholder {color: #000000;}<\/style>[vc_column_text text_style=&#8221;small-text&#8221;]<strong>Iddink Spain S.L.U.<\/strong> <em> t&#8217;informa que les dades de car\u00e0cter personal que ens proporcionis emplenant aquest formulari seran tractades per Iddink Spain SLU com a responsable d&#8217;aquesta web. La finalitat de la recollida i el tractament de les dades personals que et sol\u00b7licitem \u00e9s per a l&#8217;enviament de la informaci\u00f3 sol\u00b7licitada, aix\u00ed com la subscripci\u00f3 al nostre newsletter i l&#8217;acceptaci\u00f3 a rebre comunicacions comercials sobre Iddink Spain. El fet que no introdu\u00efu les dades de car\u00e0cter personal que apareixen al formulari podr\u00e0 tenir com a conseq\u00fc\u00e8ncia que no puguem atendre la vostra sol\u00b7licitud.<\/em><\/p>\n<p><strong>Legitimaci\u00f3<\/strong>: E<em>n marcar la casella d&#8217;acceptaci\u00f3, esteu donant el vostre leg\u00edtim consentiment perqu\u00e8 les vostres dades siguin tractades d&#8217;acord amb les finalitats d&#8217;aquest formulari descrites a la <a href=\"https:\/\/spain.iddink.es\/ca\/politica-privacitat\/\">pol\u00edtica de privacitat<\/a>.<\/em><\/p>\n<p><!--<em>Com a usuari interessat t'informem que les dades que ens facilites estaran ubicades als servidors de Sendinblue (prove\u00efdor de serveis de m\u00e0rqueting per correu electr\u00f2nic), acollit al conveni de seguretat \u201cPrivacy shield\u201d entre EU-US, garantint Sendinblue uns nivells de seguretat Adequats. Veure <a href=\"https:\/\/es.sendinblue.com\/legal\/privacypolicy\/\" target=\"_blank\" rel=\"noopener\">Pol\u00edtica de privacidad de Sendinblue.<\/a><\/em>--><em>De conformitat amb el reglament, l&#8217;Usuario gaudeix del <strong>dret d&#8217;acc\u00e8s i rectificaci\u00f3 de les seves dades personals<\/strong>, el qual us permet ordenar que es rectifiquin, completin, actualitzin o esborrin les dades inexactes, incomplertes, equivocades, obsoletes o la recopilaci\u00f3, utilitzaci\u00f3, comunicaci\u00f3 o conservaci\u00f3 dels quals est\u00e0 prohibida. L&#8217;Usuari pot exercir els seus drets enviant un missatge de correu electr\u00f2nic a l&#8217;adre\u00e7a <a href=\"mailto:notificaciones@iddink.es\">notificaciones@iddink.es.<\/a><\/em>[\/vc_column_text][\/vc_column_inner][\/vc_row_inner][\/vc_column][\/vc_row][vc_row padding_top_multiplier=&#8221;&#8221; padding_bottom_multiplier=&#8221;&#8221; desktop_visibility=&#8221;hide&#8221; mobile_columns_vertical_gap=&#8221;none&#8221; section_id=&#8221;js-code&#8221;][vc_column][vc_raw_js]JTNDc2NyaXB0JTIwdHlwZSUzRCUyMnRleHQlMkZqYXZhc2NyaXB0JTIyJTNFJTBBJTIwJTIwJTIwJTIwdmFyJTIwZmFrZUlucHV0RmlsZSUyMCUzRCUyMCUyOGZ1bmN0aW9uJTIwJTI4JTI5JTIwJTdCJTBBJTBBJTIwJTIwJTIwJTIwJTIwJTIwJTIwJTIwdmFyJTIwY2xhc3NJbnB1dEZpbGUlMkMlMjBpbnB1dEZpbGUlM0IlMEElMEElMjAlMjAlMjAlMjAlMjAlMjAlMjAlMjBmdW5jdGlvbiUyMGluaXRBcHAlMjglMjklMjAlN0IlMEElMjAlMjAlMjAlMjAlMjAlMjAlMjAlMjAlMjAlMjAlMjAlMjBjb25zb2xlLmxvZyUyOCUyN2hvbGElMjBtdW5kbyUyMSUyNyUyOSUwQSUyMCUyMCUyMCUyMCUyMCUyMCUyMCUyMCUyMCUyMCUyMCUyMGlmJTIwJTI4ZG9jdW1lbnQuZ2V0RWxlbWVudHNCeUNsYXNzTmFtZSUyOCUyN21iLWlucHV0LWZpbGUlMjclMjklMjklMjAlN0IlMEElMjAlMjAlMjAlMjAlMjAlMjAlMjAlMjAlMjAlMjAlMjAlMjAlMjAlMjAlMjAlMjBjbGFzc0lucHV0RmlsZSUyMCUzRCUyMGRvY3VtZW50LmdldEVsZW1lbnRzQnlDbGFzc05hbWUlMjglMjdtYi1pbnB1dC1maWxlJTI3JTI5JTVCMCU1RCUzQiUwQSUyMCUyMCUyMCUyMCUyMCUyMCUyMCUyMCUyMCUyMCUyMCUyMCUyMCUyMCUyMCUyMGlmJTIwJTI4Y2xhc3NJbnB1dEZpbGUuZ2V0RWxlbWVudHNCeVRhZ05hbWUlMjglMjdpbnB1dCUyNyUyOSUyOSUyMCU3QiUwQSUyMCUyMCUyMCUyMCUyMCUyMCUyMCUyMCUyMCUyMCUyMCUyMCUyMCUyMCUyMCUyMCUyMCUyMCUyMCUyMGlucHV0RmlsZSUyMCUzRCUyMGNsYXNzSW5wdXRGaWxlLmdldEVsZW1lbnRzQnlUYWdOYW1lJTI4JTI3aW5wdXQlMjclMjklNUIwJTVEJTNCJTBBJTIwJTIwJTIwJTIwJTIwJTIwJTIwJTIwJTIwJTIwJTIwJTIwJTIwJTIwJTIwJTIwJTIwJTIwJTIwJTIwaW5wdXRGaWxlLmFkZEV2ZW50TGlzdGVuZXIlMjglMjdjaGFuZ2UlMjclMkMlMjBzaG93T3V0cHV0JTJDJTIwZmFsc2UlMjklM0IlMEElMjAlMjAlMjAlMjAlMjAlMjAlMjAlMjAlMjAlMjAlMjAlMjAlMjAlMjAlMjAlMjAlN0QlMEElMjAlMjAlMjAlMjAlMjAlMjAlMjAlMjAlMjAlMjAlMjAlMjAlN0QlMEElMEElMjAlMjAlMjAlMjAlMjAlMjAlMjAlMjAlN0QlMEElMEElMjAlMjAlMjAlMjAlMjAlMjAlMjAlMjBmdW5jdGlvbiUyMHNob3dPdXRwdXQlMjglMjklMjAlN0IlMEElMjAlMjAlMjAlMjAlMjAlMjAlMjAlMjAlMjAlMjAlMjAlMjBpZiUyMCUyOGNsYXNzSW5wdXRGaWxlLmdldEVsZW1lbnRzQnlDbGFzc05hbWUlMjglMjdtYi1pZmFrZS10LS1vdXRwdXQlMjclMjklMjklMjAlN0IlMEElMjAlMjAlMjAlMjAlMjAlMjAlMjAlMjAlMjAlMjAlMjAlMjAlMjAlMjAlMjAlMjBjb25zdCUyMG91dHB1dFRhZyUyMCUzRCUyMGNsYXNzSW5wdXRGaWxlLmdldEVsZW1lbnRzQnlDbGFzc05hbWUlMjglMjdtYi1pZmFrZS10LS1vdXRwdXQlMjclMjklNUIwJTVEJTNCJTBBJTIwJTIwJTIwJTIwJTIwJTIwJTIwJTIwJTIwJTIwJTIwJTIwJTIwJTIwJTIwJTIwb3V0cHV0VGFnLmlubmVySFRNTCUyMCUzRCUyMCUyNyUzQ3NwYW4lM0UlMjclMjAlMkIlMjBpbnB1dEZpbGUudmFsdWUuc3BsaXQlMjglMjclNUMlNUMlMjclMjkucG9wJTI4JTI5JTIwJTJCJTIwJTI3JTNDJTJGc3BhbiUzRSUyNyUzQiUwQSUyMCUyMCUyMCUyMCUyMCUyMCUyMCUyMCUyMCUyMCUyMCUyMCU3RCUwQSUyMCUyMCUyMCUyMCUyMCUyMCUyMCUyMCUyMCUyMCUyMCUyMGNvbnNvbGUubG9nJTI4JTI3ZmFrZUlucHV0RmlsZSUyNyUyQyUyMGlucHV0RmlsZS52YWx1ZSUyOSUzQiUwQSUyMCUyMCUyMCUyMCUyMCUyMCUyMCUyMCU3RCUwQSUwQSUyMCUyMCUyMCUyMCUyMCUyMCUyMCUyMHJldHVybiUyMCU3QiUwQSUyMCUyMCUyMCUyMCUyMCUyMCUyMCUyMCUyMCUyMCUyMCUyMGluaXRBcHAlM0ElMjBpbml0QXBwJTBBJTIwJTIwJTIwJTIwJTIwJTIwJTIwJTIwJTdEJTBBJTBBJTIwJTIwJTIwJTIwJTdEJTI5JTI4JTI5JTNCJTBBJTIwJTIwJTIwJTIwd2luZG93LmFkZEV2ZW50TGlzdGVuZXIlMjglMjJsb2FkJTIyJTJDJTIwZmFrZUlucHV0RmlsZS5pbml0QXBwJTJDJTIwZmFsc2UlMjklM0IlMEElM0MlMkZzY3JpcHQlM0U=[\/vc_raw_js][\/vc_column][\/vc_row]<\/p>\n","protected":false},"excerpt":{"rendered":"<p>[vc_row height_ratio=&#8221;40&#8243; padding_top_multiplier=&#8221;&#8221; padding_bottom_multiplier=&#8221;&#8221; rc_bg_type=&#8221;image&#8221; rc_bg_image=&#8221;6253&#8243;][vc_column][\/vc_column][\/vc_row][vc_row padding_top_multiplier=&#8221;&#8221; padding_bottom_multiplier=&#8221;&#8221; rc_bg_type=&#8221;color&#8221; separator_bottom_size=&#8221;50%&#8221; rc_bg_color=&#8221;#1e73bc&#8221; rc_font_color=&#8221;#0a0000&#8243;][vc_column rc_bg_type=&#8221;color&#8221; rc_add_shadow=&#8221;medium-shadow&#8221; column_custom_position=&#8221;yes&#8221; position_top=&#8221;minus-3x&#8221; rc_bg_color=&#8221;#ffffff&#8221; css=&#8221;.vc_custom_1566903599468{padding-top: 8% !important;padding-right: 12% !important;padding-bottom: 12% !important;padding-left: 12% !important;border-radius: 10px !important;}&#8221; rc_font_color=&#8221;#0a0a0a&#8221;][vc_row_inner padding_top_multiplier=&#8221;&#8221; padding_bottom_multiplier=&#8221;3x&#8221;][vc_column_inner rc_font_color=&#8221;#0075cf&#8221;][\/vc_column_inner][vc_column_inner rc_font_color=&#8221;#0a0a0a&#8221;][vc_column_text text_style=&#8221;small-text&#8221; el_id=&#8221;desc_contactar_subtitulo&#8221;]Com a empresa de serveis, donem molta import\u00e0ncia a l&#8217;atenci\u00f3 personalitzada. Per aquest motiu comptem amb un departament d&#8217;atenci\u00f3 a les [&hellip;]<\/p>\n","protected":false},"author":9,"featured_media":0,"parent":0,"menu_order":0,"comment_status":"closed","ping_status":"closed","template":"","meta":{"footnotes":""},"class_list":["post-12409","page","type-page","status-publish","hentry"],"_links":{"self":[{"href":"https:\/\/spain.iddink.es\/ca\/wp-json\/wp\/v2\/pages\/12409","targetHints":{"allow":["GET"]}}],"collection":[{"href":"https:\/\/spain.iddink.es\/ca\/wp-json\/wp\/v2\/pages"}],"about":[{"href":"https:\/\/spain.iddink.es\/ca\/wp-json\/wp\/v2\/types\/page"}],"author":[{"embeddable":true,"href":"https:\/\/spain.iddink.es\/ca\/wp-json\/wp\/v2\/users\/9"}],"replies":[{"embeddable":true,"href":"https:\/\/spain.iddink.es\/ca\/wp-json\/wp\/v2\/comments?post=12409"}],"version-history":[{"count":18,"href":"https:\/\/spain.iddink.es\/ca\/wp-json\/wp\/v2\/pages\/12409\/revisions"}],"predecessor-version":[{"id":14251,"href":"https:\/\/spain.iddink.es\/ca\/wp-json\/wp\/v2\/pages\/12409\/revisions\/14251"}],"wp:attachment":[{"href":"https:\/\/spain.iddink.es\/ca\/wp-json\/wp\/v2\/media?parent=12409"}],"curies":[{"name":"wp","href":"https:\/\/api.w.org\/{rel}","templated":true}]}}