{"id":12445,"date":"2021-01-13T16:08:24","date_gmt":"2021-01-13T15:08:24","guid":{"rendered":"https:\/\/spain.iddink.es\/?page_id=12445"},"modified":"2021-01-14T16:30:16","modified_gmt":"2021-01-14T15:30:16","slug":"presentacio-de-serveis","status":"publish","type":"page","link":"https:\/\/spain.iddink.es\/ca\/presentacio-de-serveis\/","title":{"rendered":"Presentaci\u00f3 de Serveis"},"content":{"rendered":"<p>[vc_row height_ratio=&#8221;40&#8243; padding_top_multiplier=&#8221;&#8221; padding_bottom_multiplier=&#8221;&#8221; rc_bg_type=&#8221;image&#8221; rc_bg_image=&#8221;12430&#8243;][vc_column][\/vc_column][\/vc_row][vc_row padding_top_multiplier=&#8221;&#8221; padding_bottom_multiplier=&#8221;&#8221; rc_bg_type=&#8221;color&#8221; separator_bottom_size=&#8221;50%&#8221; rc_bg_color=&#8221;#0075cf&#8221; rc_font_color=&#8221;#0a0000&#8243;][vc_column rc_bg_type=&#8221;color&#8221; rc_add_shadow=&#8221;medium-shadow&#8221; column_custom_position=&#8221;yes&#8221; position_top=&#8221;minus-3x&#8221; rc_bg_color=&#8221;#ffffff&#8221; css=&#8221;.vc_custom_1566903599468{padding-top: 8% !important;padding-right: 12% !important;padding-bottom: 12% !important;padding-left: 12% !important;border-radius: 10px !important;}&#8221; rc_font_color=&#8221;#0a0a0a&#8221;][vc_row_inner padding_top_multiplier=&#8221;&#8221; padding_bottom_multiplier=&#8221;2x&#8221;][vc_column_inner rc_font_color=&#8221;#0075cf&#8221;]<h3 class=\"eut-element eut-title eut-align-inherit eut-h4 eut-custom-font-1 title_contact1\" style=\"\"><span><strong>Vol con\u00e8ixer tots els avantatges i possibilitats que li ofereix Iddink?<\/strong><\/span><\/h3>[\/vc_column_inner][vc_column_inner rc_font_color=&#8221;#0a0a0a&#8221;]<div class=\"eut-empty-space\" style=\"height: 20px;\"><\/div>[vc_column_text]Si vol saber tot el que poden estalviar les fam\u00edlies del seu Centre Educatiu i els beneficis de col\u00b7laborar amb Iddink, empleni el formulari a continuaci\u00f3 i un dels nostres experts es posar\u00e0 en contacte amb vost\u00e8 per fer-li una presentaci\u00f3 dels nostres serveis personalitzada de manera r\u00e0pida, senzilla i gratu\u00efta.[\/vc_column_text][\/vc_column_inner][\/vc_row_inner][vc_row_inner padding_top_multiplier=&#8221;&#8221; padding_bottom_multiplier=&#8221;&#8221; mobile_columns_vertical_gap=&#8221;60&#8243;][vc_column_inner text_align=&#8221;right&#8221; rc_heading_color=&#8221;light&#8221; rc_bg_type=&#8221;color&#8221; mobile_text_align=&#8221;center&#8221; el_class=&#8221;centros_button_1&#8243; rc_bg_color=&#8221;#ffffff&#8221;]<div class=\"eut-element eut-contact-form eut-contact-form-6a08bbe5e879c eut-form-btn-simple eut-form-btn-extra-round eut-form-btn-bg-primary-2 eut-form-btn-bg-hover-primary-4 eut-form-btn-medium\">\n<div class=\"wpcf7 no-js\" id=\"wpcf7-f12448-o1\" lang=\"ca\" dir=\"ltr\" data-wpcf7-id=\"12448\">\n<div class=\"screen-reader-response\"><p role=\"status\" aria-live=\"polite\" aria-atomic=\"true\"><\/p> <ul><\/ul><\/div>\n<form action=\"\/ca\/wp-json\/wp\/v2\/pages\/12445#wpcf7-f12448-o1\" method=\"post\" class=\"wpcf7-form init wpcf7-acceptance-as-validation\" aria-label=\"Formulari de contacte\" novalidate=\"novalidate\" data-status=\"init\">\n<fieldset class=\"hidden-fields-container\"><input type=\"hidden\" name=\"_wpcf7\" value=\"12448\" \/><input type=\"hidden\" name=\"_wpcf7_version\" value=\"6.1.6\" \/><input type=\"hidden\" name=\"_wpcf7_locale\" value=\"ca\" \/><input type=\"hidden\" name=\"_wpcf7_unit_tag\" value=\"wpcf7-f12448-o1\" \/><input type=\"hidden\" name=\"_wpcf7_container_post\" value=\"0\" \/><input type=\"hidden\" name=\"_wpcf7_posted_data_hash\" value=\"\" \/><input type=\"hidden\" name=\"_wpcf7_recaptcha_response\" value=\"\" \/>\n<\/fieldset>\n<p><span class=\"wpcf7-form-control-wrap\" data-name=\"eleccion\"><select class=\"wpcf7-form-control wpcf7-select wpcf7-validates-as-required\" aria-required=\"true\" aria-invalid=\"false\" name=\"eleccion\"><option value=\"Esculli entre...\">Esculli entre...<\/option><option value=\"Centre p\u00fablic\">Centre p\u00fablic<\/option><option value=\"Centre concertat\">Centre concertat<\/option><option value=\"Centre privat\">Centre privat<\/option><\/select><\/span>\n<\/p>\n<p><span class=\"wpcf7-form-control-wrap\" data-name=\"centro\"><input size=\"40\" maxlength=\"400\" class=\"wpcf7-form-control wpcf7-text wpcf7-validates-as-required\" aria-required=\"true\" aria-invalid=\"false\" placeholder=\"Nom del Centre Educatiu*\" value=\"\" type=\"text\" name=\"centro\" \/><\/span>\n<\/p>\n<p><span class=\"wpcf7-form-control-wrap\" data-name=\"nombre\"><input size=\"40\" maxlength=\"400\" class=\"wpcf7-form-control wpcf7-text wpcf7-validates-as-required\" aria-required=\"true\" aria-invalid=\"false\" placeholder=\"Nom i Cognoms*\" value=\"\" type=\"text\" name=\"nombre\" \/><\/span>\n<\/p>\n<p><span class=\"wpcf7-form-control-wrap\" data-name=\"cargo\"><input size=\"40\" maxlength=\"400\" class=\"wpcf7-form-control wpcf7-text\" aria-invalid=\"false\" placeholder=\"C\u00e0rrec al Centre Educatiu\" value=\"\" type=\"text\" name=\"cargo\" \/><\/span>\n<\/p>\n<p><span class=\"wpcf7-form-control-wrap\" data-name=\"email\"><input size=\"40\" maxlength=\"400\" class=\"wpcf7-form-control wpcf7-email wpcf7-validates-as-required wpcf7-text wpcf7-validates-as-email\" aria-required=\"true\" aria-invalid=\"false\" placeholder=\"E-mail *\" value=\"\" type=\"email\" name=\"email\" \/><\/span>\n<\/p>\n<p><span class=\"wpcf7-form-control-wrap\" data-name=\"telefono\"><input size=\"40\" maxlength=\"400\" class=\"wpcf7-form-control wpcf7-tel wpcf7-validates-as-required wpcf7-text wpcf7-validates-as-tel\" aria-required=\"true\" aria-invalid=\"false\" placeholder=\"Tel\u00e8fon contacte *\" value=\"\" type=\"tel\" name=\"telefono\" \/><\/span>\n<\/p>\n<p><span class=\"wpcf7-form-control-wrap\" data-name=\"mensaje\"><textarea cols=\"40\" rows=\"10\" maxlength=\"2000\" class=\"wpcf7-form-control wpcf7-textarea wpcf7-validates-as-required\" aria-required=\"true\" aria-invalid=\"false\" placeholder=\"El seu missatge\" name=\"mensaje\"><\/textarea><\/span>\n<\/p>\n<p><span class=\"wpcf7-form-control-wrap\" data-name=\"your-consent\"><span class=\"wpcf7-form-control wpcf7-acceptance\"><span class=\"wpcf7-list-item\"><label><input type=\"checkbox\" name=\"your-consent\" value=\"1\" aria-invalid=\"false\" \/><span class=\"wpcf7-list-item-label\">He llegit i accepto la <a href=\"\/politica-privacidad\/\">pol\u00edtica de privacitat<\/a> i <a href=\"\/condiciones-de-uso\/\">protecci\u00f3 de dades<\/a><\/span><\/label><\/span><\/span><\/span>\n<\/p>\n<p><span class=\"wpcf7-form-control-wrap\" data-name=\"comunicaciones-Iddink\"><span class=\"wpcf7-form-control wpcf7-checkbox\"><span class=\"wpcf7-list-item first last\"><input type=\"checkbox\" name=\"comunicaciones-Iddink[]\" value=\"Dono el consentiment per a rebre comunicacions comercials sobre els serveis i productes educatius oferts per IDDINK\" \/><span class=\"wpcf7-list-item-label\">Dono el consentiment per a rebre comunicacions comercials sobre els serveis i productes educatius oferts per IDDINK<\/span><\/span><\/span><\/span>\n<\/p>\n<p><span class=\"wpcf7-form-control-wrap\" data-name=\"comunicaciones-Grupo\"><span class=\"wpcf7-form-control wpcf7-checkbox\"><span class=\"wpcf7-list-item first last\"><input type=\"checkbox\" name=\"comunicaciones-Grupo[]\" value=\"Dono el consentiment per a rebre comunicacions comercials personalitzades sobre productes i \/ o serveis d&#039;entitats que formen part del Grup Sanoma Learning (Iddink, Clickedu, Santillana), elaborant per a aix\u00f2, en alguns casos, un perfil comercial. Amb aquesta finalitat accepta la comunicaci\u00f3 de les seves dades de contacte a Clickedu; pot accedir a la seva pol\u00edtica de privacitat en https:\/\/clickartedu.com\/note.php?accio=politica\" \/><span class=\"wpcf7-list-item-label\">Dono el consentiment per a rebre comunicacions comercials personalitzades sobre productes i \/ o serveis d&#039;entitats que formen part del Grup Sanoma Learning (Iddink, Clickedu, Santillana), elaborant per a aix\u00f2, en alguns casos, un perfil comercial. Amb aquesta finalitat accepta la comunicaci\u00f3 de les seves dades de contacte a Clickedu; pot accedir a la seva pol\u00edtica de privacitat en https:\/\/clickartedu.com\/note.php?accio=politica<\/span><\/span><\/span><\/span>\n<\/p>\n<p><input class=\"wpcf7-form-control wpcf7-submit has-spinner\" type=\"submit\" value=\"Envia\" \/>\n<\/p><div class=\"wpcf7-response-output\" aria-hidden=\"true\"><\/div>\n<\/form>\n<\/div>\n<\/div><style type=\"text\/css\">.eut-contact-form.eut-contact-form-6a08bbe5e879c input,.eut-contact-form.eut-contact-form-6a08bbe5e879c textarea,.eut-contact-form.eut-contact-form-6a08bbe5e879c select,.eut-contact-form.eut-contact-form-6a08bbe5e879c .wpcf7-list-item-label:before {border-width: 1px;border-style: solid;border-color: #eaeaea;;background-color: transparent;;color: #000000;;font-size: 13px;;}.wpcf7-form .wpcf7-list-item-label:before {border-color: #eaeaea !important;}.eut-contact-form.eut-contact-form-6a08bbe5e879c input:focus,.eut-contact-form.eut-contact-form-6a08bbe5e879c textarea:focus,.eut-contact-form.eut-contact-form-6a08bbe5e879c select:focus {border-color: #eaeaea;;background-color: transparent;;color: #000000;;}.eut-contact-form.eut-contact-form-6a08bbe5e879c ::-webkit-input-placeholder {color: #000000;}.eut-contact-form.eut-contact-form-6a08bbe5e879c :-moz-placeholder {color: #000000;}.eut-contact-form.eut-contact-form-6a08bbe5e879c ::-moz-placeholder {color: #000000;}.eut-contact-form.eut-contact-form-6a08bbe5e879c :-ms-input-placeholder {color: #000000;}.eut-contact-form.eut-contact-form-6a08bbe5e879c :focus::-webkit-input-placeholder {color: #000000;}.eut-contact-form.eut-contact-form-6a08bbe5e879c :focus:-moz-placeholder {color: #000000;}.eut-contact-form.eut-contact-form-6a08bbe5e879c :focus::-moz-placeholder {color: #000000;}.eut-contact-form.eut-contact-form-6a08bbe5e879c :focus:-ms-input-placeholder {color: #000000;}<\/style>[\/vc_column_inner][\/vc_row_inner][\/vc_column][\/vc_row][vc_row padding_top_multiplier=&#8221;&#8221; padding_bottom_multiplier=&#8221;&#8221; desktop_visibility=&#8221;hide&#8221; mobile_columns_vertical_gap=&#8221;none&#8221; section_id=&#8221;js-code&#8221;][vc_column][vc_raw_js]JTNDc2NyaXB0JTIwdHlwZSUzRCUyMnRleHQlMkZqYXZhc2NyaXB0JTIyJTNFJTBBJTIwJTIwJTIwJTIwdmFyJTIwZmFrZUlucHV0RmlsZSUyMCUzRCUyMCUyOGZ1bmN0aW9uJTIwJTI4JTI5JTIwJTdCJTBBJTBBJTIwJTIwJTIwJTIwJTIwJTIwJTIwJTIwdmFyJTIwY2xhc3NJbnB1dEZpbGUlMkMlMjBpbnB1dEZpbGUlM0IlMEElMEElMjAlMjAlMjAlMjAlMjAlMjAlMjAlMjBmdW5jdGlvbiUyMGluaXRBcHAlMjglMjklMjAlN0IlMEElMjAlMjAlMjAlMjAlMjAlMjAlMjAlMjAlMjAlMjAlMjAlMjBjb25zb2xlLmxvZyUyOCUyN2hvbGElMjBtdW5kbyUyMSUyNyUyOSUwQSUyMCUyMCUyMCUyMCUyMCUyMCUyMCUyMCUyMCUyMCUyMCUyMGlmJTIwJTI4ZG9jdW1lbnQuZ2V0RWxlbWVudHNCeUNsYXNzTmFtZSUyOCUyN21iLWlucHV0LWZpbGUlMjclMjklMjklMjAlN0IlMEElMjAlMjAlMjAlMjAlMjAlMjAlMjAlMjAlMjAlMjAlMjAlMjAlMjAlMjAlMjAlMjBjbGFzc0lucHV0RmlsZSUyMCUzRCUyMGRvY3VtZW50LmdldEVsZW1lbnRzQnlDbGFzc05hbWUlMjglMjdtYi1pbnB1dC1maWxlJTI3JTI5JTVCMCU1RCUzQiUwQSUyMCUyMCUyMCUyMCUyMCUyMCUyMCUyMCUyMCUyMCUyMCUyMCUyMCUyMCUyMCUyMGlmJTIwJTI4Y2xhc3NJbnB1dEZpbGUuZ2V0RWxlbWVudHNCeVRhZ05hbWUlMjglMjdpbnB1dCUyNyUyOSUyOSUyMCU3QiUwQSUyMCUyMCUyMCUyMCUyMCUyMCUyMCUyMCUyMCUyMCUyMCUyMCUyMCUyMCUyMCUyMCUyMCUyMCUyMCUyMGlucHV0RmlsZSUyMCUzRCUyMGNsYXNzSW5wdXRGaWxlLmdldEVsZW1lbnRzQnlUYWdOYW1lJTI4JTI3aW5wdXQlMjclMjklNUIwJTVEJTNCJTBBJTIwJTIwJTIwJTIwJTIwJTIwJTIwJTIwJTIwJTIwJTIwJTIwJTIwJTIwJTIwJTIwJTIwJTIwJTIwJTIwaW5wdXRGaWxlLmFkZEV2ZW50TGlzdGVuZXIlMjglMjdjaGFuZ2UlMjclMkMlMjBzaG93T3V0cHV0JTJDJTIwZmFsc2UlMjklM0IlMEElMjAlMjAlMjAlMjAlMjAlMjAlMjAlMjAlMjAlMjAlMjAlMjAlMjAlMjAlMjAlMjAlN0QlMEElMjAlMjAlMjAlMjAlMjAlMjAlMjAlMjAlMjAlMjAlMjAlMjAlN0QlMEElMEElMjAlMjAlMjAlMjAlMjAlMjAlMjAlMjAlN0QlMEElMEElMjAlMjAlMjAlMjAlMjAlMjAlMjAlMjBmdW5jdGlvbiUyMHNob3dPdXRwdXQlMjglMjklMjAlN0IlMEElMjAlMjAlMjAlMjAlMjAlMjAlMjAlMjAlMjAlMjAlMjAlMjBpZiUyMCUyOGNsYXNzSW5wdXRGaWxlLmdldEVsZW1lbnRzQnlDbGFzc05hbWUlMjglMjdtYi1pZmFrZS10LS1vdXRwdXQlMjclMjklMjklMjAlN0IlMEElMjAlMjAlMjAlMjAlMjAlMjAlMjAlMjAlMjAlMjAlMjAlMjAlMjAlMjAlMjAlMjBjb25zdCUyMG91dHB1dFRhZyUyMCUzRCUyMGNsYXNzSW5wdXRGaWxlLmdldEVsZW1lbnRzQnlDbGFzc05hbWUlMjglMjdtYi1pZmFrZS10LS1vdXRwdXQlMjclMjklNUIwJTVEJTNCJTBBJTIwJTIwJTIwJTIwJTIwJTIwJTIwJTIwJTIwJTIwJTIwJTIwJTIwJTIwJTIwJTIwb3V0cHV0VGFnLmlubmVySFRNTCUyMCUzRCUyMCUyNyUzQ3NwYW4lM0UlMjclMjAlMkIlMjBpbnB1dEZpbGUudmFsdWUuc3BsaXQlMjglMjclNUMlNUMlMjclMjkucG9wJTI4JTI5JTIwJTJCJTIwJTI3JTNDJTJGc3BhbiUzRSUyNyUzQiUwQSUyMCUyMCUyMCUyMCUyMCUyMCUyMCUyMCUyMCUyMCUyMCUyMCU3RCUwQSUyMCUyMCUyMCUyMCUyMCUyMCUyMCUyMCUyMCUyMCUyMCUyMGNvbnNvbGUubG9nJTI4JTI3ZmFrZUlucHV0RmlsZSUyNyUyQyUyMGlucHV0RmlsZS52YWx1ZSUyOSUzQiUwQSUyMCUyMCUyMCUyMCUyMCUyMCUyMCUyMCU3RCUwQSUwQSUyMCUyMCUyMCUyMCUyMCUyMCUyMCUyMHJldHVybiUyMCU3QiUwQSUyMCUyMCUyMCUyMCUyMCUyMCUyMCUyMCUyMCUyMCUyMCUyMGluaXRBcHAlM0ElMjBpbml0QXBwJTBBJTIwJTIwJTIwJTIwJTIwJTIwJTIwJTIwJTdEJTBBJTBBJTIwJTIwJTIwJTIwJTdEJTI5JTI4JTI5JTNCJTBBJTIwJTIwJTIwJTIwd2luZG93LmFkZEV2ZW50TGlzdGVuZXIlMjglMjJsb2FkJTIyJTJDJTIwZmFrZUlucHV0RmlsZS5pbml0QXBwJTJDJTIwZmFsc2UlMjklM0IlMEElM0MlMkZzY3JpcHQlM0U=[\/vc_raw_js][\/vc_column][\/vc_row]<\/p>\n","protected":false},"excerpt":{"rendered":"<p>[vc_row height_ratio=&#8221;40&#8243; padding_top_multiplier=&#8221;&#8221; padding_bottom_multiplier=&#8221;&#8221; rc_bg_type=&#8221;image&#8221; rc_bg_image=&#8221;12430&#8243;][vc_column][\/vc_column][\/vc_row][vc_row padding_top_multiplier=&#8221;&#8221; padding_bottom_multiplier=&#8221;&#8221; rc_bg_type=&#8221;color&#8221; separator_bottom_size=&#8221;50%&#8221; rc_bg_color=&#8221;#0075cf&#8221; rc_font_color=&#8221;#0a0000&#8243;][vc_column rc_bg_type=&#8221;color&#8221; rc_add_shadow=&#8221;medium-shadow&#8221; column_custom_position=&#8221;yes&#8221; position_top=&#8221;minus-3x&#8221; rc_bg_color=&#8221;#ffffff&#8221; css=&#8221;.vc_custom_1566903599468{padding-top: 8% !important;padding-right: 12% !important;padding-bottom: 12% !important;padding-left: 12% !important;border-radius: 10px !important;}&#8221; rc_font_color=&#8221;#0a0a0a&#8221;][vc_row_inner padding_top_multiplier=&#8221;&#8221; padding_bottom_multiplier=&#8221;2x&#8221;][vc_column_inner rc_font_color=&#8221;#0075cf&#8221;][\/vc_column_inner][vc_column_inner rc_font_color=&#8221;#0a0a0a&#8221;][vc_column_text]Si vol saber tot el que poden estalviar les fam\u00edlies del seu Centre Educatiu i els beneficis de col\u00b7laborar amb Iddink, empleni el [&hellip;]<\/p>\n","protected":false},"author":9,"featured_media":0,"parent":0,"menu_order":0,"comment_status":"closed","ping_status":"closed","template":"","meta":{"footnotes":""},"class_list":["post-12445","page","type-page","status-publish","hentry"],"_links":{"self":[{"href":"https:\/\/spain.iddink.es\/ca\/wp-json\/wp\/v2\/pages\/12445","targetHints":{"allow":["GET"]}}],"collection":[{"href":"https:\/\/spain.iddink.es\/ca\/wp-json\/wp\/v2\/pages"}],"about":[{"href":"https:\/\/spain.iddink.es\/ca\/wp-json\/wp\/v2\/types\/page"}],"author":[{"embeddable":true,"href":"https:\/\/spain.iddink.es\/ca\/wp-json\/wp\/v2\/users\/9"}],"replies":[{"embeddable":true,"href":"https:\/\/spain.iddink.es\/ca\/wp-json\/wp\/v2\/comments?post=12445"}],"version-history":[{"count":8,"href":"https:\/\/spain.iddink.es\/ca\/wp-json\/wp\/v2\/pages\/12445\/revisions"}],"predecessor-version":[{"id":12459,"href":"https:\/\/spain.iddink.es\/ca\/wp-json\/wp\/v2\/pages\/12445\/revisions\/12459"}],"wp:attachment":[{"href":"https:\/\/spain.iddink.es\/ca\/wp-json\/wp\/v2\/media?parent=12445"}],"curies":[{"name":"wp","href":"https:\/\/api.w.org\/{rel}","templated":true}]}}