{"id":12594,"date":"2021-04-28T09:18:50","date_gmt":"2021-04-28T07:18:50","guid":{"rendered":"https:\/\/spain.iddink.es\/centres\/altres-serveis\/forrado-libros\/"},"modified":"2024-04-24T12:55:01","modified_gmt":"2024-04-24T10:55:01","slug":"folrat-llibres","status":"publish","type":"page","link":"https:\/\/spain.iddink.es\/ca\/centres\/altres-serveis\/folrat-llibres\/","title":{"rendered":"Folrat de llibres"},"content":{"rendered":"<p>[vc_row section_type=&#8221;fullwidth&#8221; height_ratio=&#8221;60&#8243; padding_top_multiplier=&#8221;&#8221; padding_bottom_multiplier=&#8221;&#8221; rc_bg_type=&#8221;image&#8221; rc_bg_image=&#8221;11525&#8243; rc_bg_image_size=&#8221;responsive&#8221; tablet_height_ratio=&#8221;60&#8243; tablet_sm_height_ratio=&#8221;60&#8243; mobile_height_ratio=&#8221;60&#8243;][vc_column][vc_column_text][\/vc_column_text][\/vc_column][\/vc_row][vc_row rc_heading_color=&#8221;light&#8221; rc_bg_type=&#8221;color&#8221; rc_font_color=&#8221;#ffffff&#8221; rc_bg_color=&#8221;#1e73bc&#8221;][vc_column vertical_content_position=&#8221;middle&#8221; text_align=&#8221;center&#8221;]<h1 class=\"eut-element eut-title eut-align-center eut-h1 desc_escuelaverde_titulo eut-tablet-sm-reset-increase-heading eut-mobile-reset-increase-heading eut-increase-heading eut-heading-120\" style=\"\"><span><br>\n<p style=\"text-align: center;\"><strong>Folrat de llibres<\/strong><br>\n<div id=\"simple-translate\">\n<div>\n<div class=\"simple-translate-button \" style=\"height: 22px; width: 22px; top: 10px; left: 10px;\"><\/div>\n<div class=\"simple-translate-panel \" style=\"width: 300px; height: 200px; top: 0px; left: 0px; font-size: 13px; background-color: #ffffff;\">\n<div class=\"simple-translate-result-wrapper\" style=\"overflow: hidden;\">\n<p class=\"simple-translate-candidate\" style=\"color: #737373;\">\n<\/div>\n<\/div>\n<\/div>\n<\/div>\n<\/span><\/h1>[\/vc_column][\/vc_row][vc_row padding_top_multiplier=&#8221;2x&#8221; tablet_sm_visibility=&#8221;hide&#8221; mobile_visibility=&#8221;hide&#8221;][vc_column width=&#8221;1\/2&#8243;]<h3 class=\"eut-element eut-title eut-align-inherit eut-h1 desc_escuelaverde_titulo_bloque\" style=\"margin-bottom: 0px;\"><span>Tamb\u00e9 en aix\u00f2<\/span><\/h3><h3 class=\"eut-element eut-title eut-align-inherit eut-h1 desc_escuelaverde_titulo_bloque\" style=\"margin-bottom: 0px;\"><span>som professionals&#8230;<\/span><\/h3><div class=\"eut-empty-space eut-height-1x\" style=\"\"><\/div>[vc_column_text animation_delay=&#8221;800&#8243; animation_duration=&#8221;slow&#8221; el_class=&#8221;desc_escuelaverde_texto_bloque&#8221;]Sabem que una de les tasques m\u00e9s dif\u00edcils de l&#8217;inici de curs \u00e9s el folrat de llibres. Les bombolles d&#8217;aire, els talls, el temps &#8230;<br \/>\nPer tot aix\u00f2, Iddink us ofereix un servei de folrat de llibres professional amb m\u00e0quines que permeten que el folre quedi perfectament ajustat a cada llibre, actuant gaireb\u00e9 com una segona pell. El preu d&#8217;aquest servei \u00e9s de 12.95 \u20ac per a tots els llibres de la comanda.<\/p>\n<p>A m\u00e9s a m\u00e9s, per consci\u00e8ncia mediambiental, malgrat que tinguin un cost de composici\u00f3 i adquisici\u00f3 m\u00e9s elevat per a nosaltres, els pl\u00e0stics amb els quals folrem els llibres s\u00f3n biodegradables, ja que estan fets amb polietil\u00e8 verd.[\/vc_column_text][vc_row_inner][vc_column_inner]<h5 class=\"eut-element eut-title eut-align-inherit eut-h5\" style=\"\"><span><strong>Caracter\u00edstiques dels folres que utilitzem:<\/strong><\/span><\/h5><div class=\"eut-element eut-box-icon eut-side-icon eut-align-left desc_escuelaverde_texto_bloque\" style=\"margin-bottom: 4px;\"><div class=\"eut-single-icon eut-small\"><div class=\"eut-wrapper-icon eut-no-shape eut-text-grey\" style=\"\"><i class=\"eut-inner-icon smp-icon-check eut-text-primary-2\"><\/i><\/div><\/div><div class=\"eut-box-content\">  <p class=\"\">Resistent a l&#8217;aigua, per\u00f2 permeable a l&#8217;oxigen per evitar retenci\u00f3 d&#8217;humitat<\/p><\/div><\/div><div class=\"eut-element eut-box-icon eut-side-icon eut-align-left desc_escuelaverde_texto_bloque\" style=\"margin-bottom: 4px;\"><div class=\"eut-single-icon eut-small\"><div class=\"eut-wrapper-icon eut-no-shape eut-text-grey\" style=\"\"><i class=\"eut-inner-icon smp-icon-check eut-text-primary-2\"><\/i><\/div><\/div><div class=\"eut-box-content\">  <p class=\"\">Sense olor, no t\u00f3xic<\/p><\/div><\/div><div class=\"eut-element eut-box-icon eut-side-icon eut-align-left desc_escuelaverde_texto_bloque\" style=\"margin-bottom: 4px;\"><div class=\"eut-single-icon eut-small\"><div class=\"eut-wrapper-icon eut-no-shape eut-text-grey\" style=\"\"><i class=\"eut-inner-icon smp-icon-check eut-text-primary-2\"><\/i><\/div><\/div><div class=\"eut-box-content\">  <p class=\"\">Evita que els llibres s&#8217;enganxin entre ells<\/p><\/div><\/div><div class=\"eut-element eut-box-icon eut-side-icon eut-align-left desc_escuelaverde_texto_bloque\" style=\"\"><div class=\"eut-single-icon eut-small\"><div class=\"eut-wrapper-icon eut-no-shape eut-text-grey\" style=\"\"><i class=\"eut-inner-icon smp-icon-check eut-text-primary-2\"><\/i><\/div><\/div><div class=\"eut-box-content\">  <p class=\"\">Transparent<\/p><\/div><\/div><div class=\"eut-element eut-box-icon eut-side-icon eut-align-left desc_escuelaverde_texto_bloque\" style=\"\"><div class=\"eut-single-icon eut-small\"><div class=\"eut-wrapper-icon eut-no-shape eut-text-grey\" style=\"\"><i class=\"eut-inner-icon smp-icon-check eut-text-primary-2\"><\/i><\/div><\/div><div class=\"eut-box-content\">  <p class=\"\">Antiviral i antibacteri\u00e0<\/p><\/div><\/div><div class=\"eut-element eut-box-icon eut-side-icon eut-align-left desc_escuelaverde_texto_bloque\" style=\"\"><div class=\"eut-single-icon eut-small\"><div class=\"eut-wrapper-icon eut-no-shape eut-text-grey\" style=\"\"><i class=\"eut-inner-icon smp-icon-check eut-text-primary-2\"><\/i><\/div><\/div><div class=\"eut-box-content\">  <p class=\"\">Folres Eco, fets amb Polietil\u00e8 verd <span style=\"color: #f2728c;\">*<\/span>, respectuosos amb el medi ambient: <\/p><\/div><\/div>[\/vc_column_inner][\/vc_row_inner][\/vc_column][vc_column width=&#8221;1\/2&#8243; content_width=&#8221;90&#8243; horizontal_content_position=&#8221;right&#8221; mobile_width=&#8221;1-2&#8243; css=&#8221;.vc_custom_1569922654788{padding-top: 20px !important;}&#8221;]<div class=\"eut-element eut-video\" style=\"\"><iframe loading=\"lazy\" title=\"M&amp;aacute;quina Folrrat professional\" src=\"https:\/\/player.vimeo.com\/video\/539175944?dnt=1&amp;app_id=122963\" width=\"1080\" height=\"608\" frameborder=\"0\" allow=\"autoplay; fullscreen; picture-in-picture\" allowfullscreen><\/iframe><\/div>[\/vc_column][\/vc_row][vc_row padding_bottom_multiplier=&#8221;&#8221; desktop_visibility=&#8221;hide&#8221; tablet_visibility=&#8221;hide&#8221;][vc_column css=&#8221;.vc_custom_1570526773949{margin-top: 15px !important;padding-right: 10px !important;padding-left: 10px !important;}&#8221;]<h3 class=\"eut-element eut-title eut-align-inherit eut-h1 desc_escuelaverde_titulo_bloque_mobile\" style=\"margin-bottom: 0px;\"><span>Tamb\u00e9 en aix\u00f2 som professionals&#8230;<\/span><\/h3><div class=\"eut-empty-space eut-height-1x\" style=\"\"><\/div>[vc_column_text animation_delay=&#8221;800&#8243; animation_duration=&#8221;slow&#8221; el_class=&#8221;desc_escuelaverde_texto_bloque&#8221;]Sabem que una de les tasques m\u00e9s dif\u00edcils de l&#8217;inici de curs \u00e9s el folrat de llibres. Les bombolles d&#8217;aire, els talls, el temps &#8230;<br \/>\nPer tot aix\u00f2, Iddink us ofereix un servei de folrat de llibres professional amb m\u00e0quines que permeten que el folre quedi perfectament ajustat a cada llibre, actuant gaireb\u00e9 com una segona pell. El preu d&#8217;aquest servei \u00e9s de 12.95 \u20ac per a tots els llibres de la comanda.<\/p>\n<p>A m\u00e9s a m\u00e9s, per consci\u00e8ncia mediambiental, malgrat que tinguin un cost de composici\u00f3 i adquisici\u00f3 m\u00e9s elevat per a nosaltres, els pl\u00e0stics amb els quals folrem els llibres s\u00f3n biodegradables, ja que estan fets amb polietil\u00e8 verd.[\/vc_column_text][\/vc_column][\/vc_row][vc_row desktop_visibility=&#8221;hide&#8221; tablet_visibility=&#8221;hide&#8221;][vc_column content_width=&#8221;90&#8243; horizontal_content_position=&#8221;center&#8221;]<div class=\"eut-element eut-video\" style=\"\"><iframe loading=\"lazy\" title=\"M&amp;aacute;quina Folrrat professional\" src=\"https:\/\/player.vimeo.com\/video\/539175944?dnt=1&amp;app_id=122963\" width=\"1080\" height=\"608\" frameborder=\"0\" allow=\"autoplay; fullscreen; picture-in-picture\" allowfullscreen><\/iframe><\/div>[\/vc_column][\/vc_row][vc_row padding_bottom_multiplier=&#8221;&#8221; desktop_visibility=&#8221;hide&#8221; tablet_visibility=&#8221;hide&#8221;][vc_column css=&#8221;.vc_custom_1570526800039{padding-right: 10px !important;padding-left: 10px !important;}&#8221;][vc_row_inner][vc_column_inner]<h5 class=\"eut-element eut-title eut-align-inherit eut-h5\" style=\"\"><span><strong>Caracter\u00edstiques dels folres que utilitzem:<\/strong><\/span><\/h5><div class=\"eut-element eut-box-icon eut-side-icon eut-align-left desc_escuelaverde_texto_bloque\" style=\"margin-bottom: 4px;\"><div class=\"eut-single-icon eut-small\"><div class=\"eut-wrapper-icon eut-no-shape eut-text-grey\" style=\"\"><i class=\"eut-inner-icon smp-icon-check eut-text-primary-2\"><\/i><\/div><\/div><div class=\"eut-box-content\">  <p class=\"\">Resistent a l&#8217;aigua, per\u00f2 permeable a l&#8217;oxigen per evitar retenci\u00f3 d&#8217;humitat<\/p><\/div><\/div><div class=\"eut-element eut-box-icon eut-side-icon eut-align-left desc_escuelaverde_texto_bloque\" style=\"margin-bottom: 4px;\"><div class=\"eut-single-icon eut-small\"><div class=\"eut-wrapper-icon eut-no-shape eut-text-grey\" style=\"\"><i class=\"eut-inner-icon smp-icon-check eut-text-primary-2\"><\/i><\/div><\/div><div class=\"eut-box-content\">  <p class=\"\">Sense olor, no t\u00f3xic<\/p><\/div><\/div><div class=\"eut-element eut-box-icon eut-side-icon eut-align-left desc_escuelaverde_texto_bloque\" style=\"margin-bottom: 4px;\"><div class=\"eut-single-icon eut-small\"><div class=\"eut-wrapper-icon eut-no-shape eut-text-grey\" style=\"\"><i class=\"eut-inner-icon smp-icon-check eut-text-primary-2\"><\/i><\/div><\/div><div class=\"eut-box-content\">  <p class=\"\">Evita que els llibres s&#8217;enganxin entre ells<\/p><\/div><\/div><div class=\"eut-element eut-box-icon eut-side-icon eut-align-left desc_escuelaverde_texto_bloque\" style=\"\"><div class=\"eut-single-icon eut-small\"><div class=\"eut-wrapper-icon eut-no-shape eut-text-grey\" style=\"\"><i class=\"eut-inner-icon smp-icon-check eut-text-primary-2\"><\/i><\/div><\/div><div class=\"eut-box-content\">  <p class=\"\">Transparent<\/p><\/div><\/div><div class=\"eut-element eut-box-icon eut-side-icon eut-align-left desc_escuelaverde_texto_bloque\" style=\"\"><div class=\"eut-single-icon eut-small\"><div class=\"eut-wrapper-icon eut-no-shape eut-text-grey\" style=\"\"><i class=\"eut-inner-icon smp-icon-check eut-text-primary-2\"><\/i><\/div><\/div><div class=\"eut-box-content\">  <p class=\"\">Antiviral i antibacteri\u00e0<\/p><\/div><\/div><div class=\"eut-element eut-box-icon eut-side-icon eut-align-left desc_escuelaverde_texto_bloque\" style=\"\"><div class=\"eut-single-icon eut-small\"><div class=\"eut-wrapper-icon eut-no-shape eut-text-grey\" style=\"\"><i class=\"eut-inner-icon smp-icon-check eut-text-primary-2\"><\/i><\/div><\/div><div class=\"eut-box-content\">  <p class=\"\">Folres Eco, fets amb Polietil\u00e8 verd <span style=\"color: #f2728c;\">*<\/span>, respectuosos amb el medi ambient: <\/p><\/div><\/div>[\/vc_column_inner][\/vc_row_inner][\/vc_column][\/vc_row][vc_row padding_top_multiplier=&#8221;&#8221; padding_bottom_multiplier=&#8221;2x&#8221; columns_gap=&#8221;10&#8243; mobile_visibility=&#8221;hide&#8221;][vc_column width=&#8221;1\/5&#8243; content_width=&#8221;80&#8243; horizontal_content_position=&#8221;right&#8221; full_height=&#8221;yes&#8221;]<div class=\"eut-element eut-image eut-align-right\" style=\"\"><div class=\"eut-image-wrapper eut-popup-item\" style=\"max-width:361px;\"><div class=\"eut-thumbnail-wrapper\"  style=\"max-width: 361px;\"><div class=\"eut-thumbnail\"  style=\"padding-top: 59.557%;\"><img loading=\"lazy\" decoding=\"async\" width=\"361\" height=\"215\" src=\"https:\/\/spain.iddink.es\/wp-content\/uploads\/2021\/04\/Imagen1.png\" class=\"attachment-crocal-eutf-fullscreen size-crocal-eutf-fullscreen\" alt=\"\" data-eutf-filter=\"yes\" srcset=\"https:\/\/spain.iddink.es\/wp-content\/uploads\/2021\/04\/Imagen1.png 361w, https:\/\/spain.iddink.es\/wp-content\/uploads\/2021\/04\/Imagen1-300x179.png 300w\" sizes=\"auto, (max-width: 361px) 100vw, 361px\" \/><\/div><\/div>  <\/div><\/div>[\/vc_column][vc_column width=&#8221;4\/5&#8243; content_width=&#8221;90&#8243; vertical_content_position=&#8221;bottom&#8221;][vc_column_text el_class=&#8221;desc_escuelaverde_texto_bloque&#8221; css=&#8221;.vc_custom_1618928506546{margin-right: 0px !important;}&#8221;]<span style=\"color: #f2728c;\">*<\/span>El polietil\u00e8 verd es produeix a partir de mat\u00e8ries primes f\u00f2ssils vegetals i renovables, garantint una extraordin\u00e0ria contribuci\u00f3 ambiental. 1kg de Polietil\u00e8 verd equival a -3kg CO\u00b2 en l&#8217;atmosfera.[\/vc_column_text][\/vc_column][\/vc_row][vc_row columns_gap=&#8221;10&#8243; desktop_visibility=&#8221;hide&#8221; tablet_visibility=&#8221;hide&#8221; tablet_sm_visibility=&#8221;hide&#8221;][vc_column vertical_content_position=&#8221;bottom&#8221; css=&#8221;.vc_custom_1570526996176{padding-right: 10px !important;padding-left: 10px !important;}&#8221;]<div class=\"eut-element eut-image eut-align-left\" style=\"\"><div class=\"eut-image-wrapper eut-popup-item\" style=\"max-width:361px;\"><div class=\"eut-thumbnail-wrapper\"  style=\"max-width: 361px;\"><div class=\"eut-thumbnail\"  style=\"padding-top: 59.557%;\"><img loading=\"lazy\" decoding=\"async\" width=\"361\" height=\"215\" src=\"https:\/\/spain.iddink.es\/wp-content\/uploads\/2021\/04\/Imagen1.png\" class=\"attachment-crocal-eutf-small-square size-crocal-eutf-small-square\" alt=\"\" data-eutf-filter=\"yes\" srcset=\"https:\/\/spain.iddink.es\/wp-content\/uploads\/2021\/04\/Imagen1.png 361w, https:\/\/spain.iddink.es\/wp-content\/uploads\/2021\/04\/Imagen1-300x179.png 300w\" sizes=\"auto, (max-width: 361px) 100vw, 361px\" \/><\/div><\/div>  <\/div><\/div><div class=\"eut-empty-space eut-height-1x\" style=\"\"><\/div>[vc_column_text el_class=&#8221;desc_escuelaverde_texto_bloque_mobile&#8221; css=&#8221;.vc_custom_1618928515926{margin-right: 0px !important;}&#8221;]<span style=\"color: #f2728c;\">*<\/span>El polietil\u00e8 verd es produeix a partir de mat\u00e8ries primes f\u00f2ssils vegetals i renovables, garantint una extraordin\u00e0ria contribuci\u00f3 ambiental. 1kg de Polietil\u00e8 verd equival a -3kg CO\u00b2 en l&#8217;atmosfera.[\/vc_column_text][\/vc_column][vc_column content_width=&#8221;50&#8243; horizontal_content_position=&#8221;center&#8221; full_height=&#8221;yes&#8221;]<h4 class=\"eut-element eut-title eut-align-inherit eut-h3\" style=\"\"><span><br>\n<p style=\"text-align: center;\">Cercle re-productiu dels folres Eco que utilitza Iddink<br>\n<\/span><\/h4>[\/vc_column][\/vc_row][vc_row padding_top_multiplier=&#8221;&#8221; padding_bottom_multiplier=&#8221;&#8221; rc_heading_color=&#8221;primary-2&#8243; rc_bg_type=&#8221;color&#8221; columns_gap=&#8221;none&#8221; equal_column_height=&#8221;equal&#8221; mobile_visibility=&#8221;hide&#8221; rc_bg_color=&#8221;#eff2f4&#8243; rc_font_color=&#8221;#ffffff&#8221;][vc_column vertical_content_position=&#8221;middle&#8221; text_align=&#8221;center&#8221; css=&#8221;.vc_custom_1565255326449{padding-right: 60px !important;padding-left: 60px !important;}&#8221;]<h4 class=\"eut-element eut-title eut-align-inherit eut-h3\" style=\"\"><span><br>\n<p style=\"text-align: center;\">Cercle re-productiu dels folres Eco que utilitza Iddink<br>\n<\/span><\/h4><div class=\"eut-element eut-image eut-align-center\" style=\"\"><div class=\"eut-image-wrapper eut-popup-item\" style=\"max-width:1802px;\"><div class=\"eut-thumbnail-wrapper\"  style=\"max-width: 1802px;\"><div class=\"eut-thumbnail\"  style=\"padding-top: 23.085%;\"><img loading=\"lazy\" decoding=\"async\" width=\"1802\" height=\"416\" src=\"https:\/\/spain.iddink.es\/wp-content\/uploads\/2021\/04\/polietile-verd.png\" class=\"attachment-full size-full\" alt=\"\" data-eutf-filter=\"yes\" srcset=\"https:\/\/spain.iddink.es\/wp-content\/uploads\/2021\/04\/polietile-verd.png 1802w, https:\/\/spain.iddink.es\/wp-content\/uploads\/2021\/04\/polietile-verd-300x69.png 300w, https:\/\/spain.iddink.es\/wp-content\/uploads\/2021\/04\/polietile-verd-1024x236.png 1024w, https:\/\/spain.iddink.es\/wp-content\/uploads\/2021\/04\/polietile-verd-768x177.png 768w, https:\/\/spain.iddink.es\/wp-content\/uploads\/2021\/04\/polietile-verd-1536x355.png 1536w\" sizes=\"auto, (max-width: 1802px) 100vw, 1802px\" \/><\/div><\/div>  <\/div><\/div>[\/vc_column][\/vc_row][vc_row padding_top_multiplier=&#8221;2x&#8221; padding_bottom_multiplier=&#8221;2x&#8221; rc_heading_color=&#8221;primary-1&#8243; rc_bg_type=&#8221;color&#8221; columns_gap=&#8221;none&#8221; equal_column_height=&#8221;equal&#8221; desktop_visibility=&#8221;hide&#8221; tablet_visibility=&#8221;hide&#8221; tablet_sm_visibility=&#8221;hide&#8221; rc_bg_color=&#8221;#eff2f4&#8243; rc_font_color=&#8221;#ffffff&#8221;][vc_column vertical_content_position=&#8221;middle&#8221; text_align=&#8221;center&#8221; css=&#8221;.vc_custom_1567520207115{padding-right: 20px !important;padding-left: 20px !important;}&#8221;]<div class=\"eut-element eut-image eut-align-center\" style=\"\"><div class=\"eut-image-wrapper eut-popup-item\" style=\"max-width:1802px;\"><div class=\"eut-thumbnail-wrapper\"  style=\"max-width: 1802px;\"><div class=\"eut-thumbnail\"  style=\"padding-top: 23.085%;\"><img loading=\"lazy\" decoding=\"async\" width=\"1802\" height=\"416\" src=\"https:\/\/spain.iddink.es\/wp-content\/uploads\/2021\/04\/polietile-verd.png\" class=\"attachment-full size-full\" alt=\"\" data-eutf-filter=\"yes\" srcset=\"https:\/\/spain.iddink.es\/wp-content\/uploads\/2021\/04\/polietile-verd.png 1802w, https:\/\/spain.iddink.es\/wp-content\/uploads\/2021\/04\/polietile-verd-300x69.png 300w, https:\/\/spain.iddink.es\/wp-content\/uploads\/2021\/04\/polietile-verd-1024x236.png 1024w, https:\/\/spain.iddink.es\/wp-content\/uploads\/2021\/04\/polietile-verd-768x177.png 768w, https:\/\/spain.iddink.es\/wp-content\/uploads\/2021\/04\/polietile-verd-1536x355.png 1536w\" sizes=\"auto, (max-width: 1802px) 100vw, 1802px\" \/><\/div><\/div>  <\/div><\/div>[\/vc_column][\/vc_row][vc_row padding_bottom_multiplier=&#8221;2x&#8221; tablet_sm_visibility=&#8221;hide&#8221; mobile_visibility=&#8221;hide&#8221;][vc_column][vc_row_inner][vc_column_inner width=&#8221;1\/3&#8243;][vc_column_text el_class=&#8221;desc_escuelaverde_grafica_subtitulo&#8221;]<\/p>\n<h5 style=\"text-align: left;\"><span style=\"color: #000000;\"><strong>La seguretat d&#8217;una doble certificaci\u00f3, garantia 100% no-toxicitat<\/strong><\/span><\/h5>\n<p>[\/vc_column_text][vc_column_text el_class=&#8221;desc_escuelaverde_grafica_texto&#8221;]Aquest any, a m\u00e9s a m\u00e9s, a causa de la pand\u00e8mia, els folres passen per un <strong>efica\u00e7 proc\u00e9s de biodescontaminaci\u00f3<\/strong>, que crea un escut de protecci\u00f3 electrost\u00e0tica al voltant del llibre, capa\u00e7 de limitar dr\u00e0sticament el contacte de contaminants com bacteris i virus, essent el primer folre al m\u00f3n amb<em><strong> doble certificaci\u00f3 ISO: protecci\u00f3 bacteriana ISO 22196 i protecci\u00f3 v\u00edrica ISO 21702.<\/strong><\/em>[\/vc_column_text][\/vc_column_inner][vc_column_inner width=&#8221;2\/3&#8243; content_width=&#8221;70&#8243; horizontal_content_position=&#8221;center&#8221; rc_bg_type=&#8221;color&#8221; rc_bg_color=&#8221;#ffffff&#8221; css=&#8221;.vc_custom_1566376828018{border-right-width: 10px !important;border-left-width: 10px !important;}&#8221;]<div class=\"eut-element eut-image eut-align-center\" style=\"\"><div class=\"eut-image-wrapper eut-popup-item\" style=\"max-width:826px;\"><div class=\"eut-thumbnail-wrapper\"  style=\"max-width: 826px;\"><div class=\"eut-thumbnail\"  style=\"padding-top: 63.801%;\"><img loading=\"lazy\" decoding=\"async\" width=\"826\" height=\"527\" src=\"https:\/\/spain.iddink.es\/wp-content\/uploads\/2021\/04\/doble_cert.png\" class=\"attachment-full size-full\" alt=\"\" data-eutf-filter=\"yes\" srcset=\"https:\/\/spain.iddink.es\/wp-content\/uploads\/2021\/04\/doble_cert.png 826w, https:\/\/spain.iddink.es\/wp-content\/uploads\/2021\/04\/doble_cert-300x191.png 300w, https:\/\/spain.iddink.es\/wp-content\/uploads\/2021\/04\/doble_cert-768x490.png 768w\" sizes=\"auto, (max-width: 826px) 100vw, 826px\" \/><\/div><\/div>  <\/div><\/div>[\/vc_column_inner][\/vc_row_inner][\/vc_column][\/vc_row][vc_row padding_top_multiplier=&#8221;2x&#8221; padding_bottom_multiplier=&#8221;2x&#8221; desktop_visibility=&#8221;hide&#8221; tablet_visibility=&#8221;hide&#8221;][vc_column css=&#8221;.vc_custom_1570526965372{padding-right: 10px !important;padding-left: 10px !important;}&#8221;][vc_row_inner][vc_column_inner width=&#8221;1\/4&#8243;][vc_column_text el_class=&#8221;desc_escuelaverde_grafica_subtitulo&#8221;]<\/p>\n<h5><span style=\"color: #000000;\"><strong>La seguretat d&#8217;una doble certificaci\u00f3, garantia 100% no-toxicitat<\/strong><\/span><\/h5>\n<p>[\/vc_column_text][vc_column_text el_class=&#8221;desc_escuelaverde_grafica_texto&#8221;]Aquest any, a m\u00e9s a m\u00e9s, a causa de la pand\u00e8mia, els folres passen per un <strong>efica\u00e7 proc\u00e9s de biodescontaminaci\u00f3<\/strong>, que crea un escut de protecci\u00f3 electrost\u00e0tica al voltant del llibre, capa\u00e7 de limitar dr\u00e0sticament el contacte de contaminants com bacteris i virus, essent el primer folre al m\u00f3n amb<em><strong> doble certificaci\u00f3 ISO: protecci\u00f3 bacteriana ISO 22196 i protecci\u00f3 v\u00edrica ISO 21702.<\/strong><\/em>[\/vc_column_text][\/vc_column_inner][vc_column_inner width=&#8221;2\/3&#8243; rc_bg_type=&#8221;color&#8221; rc_bg_color=&#8221;#ffffff&#8221; css=&#8221;.vc_custom_1567523401786{border-right-width: 10px !important;border-left-width: 10px !important;}&#8221;]<div class=\"eut-element eut-image eut-align-center\" style=\"\"><div class=\"eut-image-wrapper eut-popup-item\" style=\"max-width:826px;\"><div class=\"eut-thumbnail-wrapper\"  style=\"max-width: 826px;\"><div class=\"eut-thumbnail\"  style=\"padding-top: 63.801%;\"><img loading=\"lazy\" decoding=\"async\" width=\"826\" height=\"527\" src=\"https:\/\/spain.iddink.es\/wp-content\/uploads\/2021\/04\/doble_cert.png\" class=\"attachment-full size-full\" alt=\"\" data-eutf-filter=\"yes\" srcset=\"https:\/\/spain.iddink.es\/wp-content\/uploads\/2021\/04\/doble_cert.png 826w, https:\/\/spain.iddink.es\/wp-content\/uploads\/2021\/04\/doble_cert-300x191.png 300w, https:\/\/spain.iddink.es\/wp-content\/uploads\/2021\/04\/doble_cert-768x490.png 768w\" sizes=\"auto, (max-width: 826px) 100vw, 826px\" \/><\/div><\/div>  <\/div><\/div>[\/vc_column_inner][\/vc_row_inner][\/vc_column][\/vc_row]<\/p>\n","protected":false},"excerpt":{"rendered":"<p>[vc_row section_type=&#8221;fullwidth&#8221; height_ratio=&#8221;60&#8243; padding_top_multiplier=&#8221;&#8221; padding_bottom_multiplier=&#8221;&#8221; rc_bg_type=&#8221;image&#8221; rc_bg_image=&#8221;11525&#8243; rc_bg_image_size=&#8221;responsive&#8221; tablet_height_ratio=&#8221;60&#8243; tablet_sm_height_ratio=&#8221;60&#8243; mobile_height_ratio=&#8221;60&#8243;][vc_column][vc_column_text][\/vc_column_text][\/vc_column][\/vc_row][vc_row rc_heading_color=&#8221;light&#8221; rc_bg_type=&#8221;color&#8221; rc_font_color=&#8221;#ffffff&#8221; rc_bg_color=&#8221;#1e73bc&#8221;][vc_column vertical_content_position=&#8221;middle&#8221; text_align=&#8221;center&#8221;][\/vc_column][\/vc_row][vc_row padding_top_multiplier=&#8221;2x&#8221; tablet_sm_visibility=&#8221;hide&#8221; mobile_visibility=&#8221;hide&#8221;][vc_column width=&#8221;1\/2&#8243;][vc_column_text animation_delay=&#8221;800&#8243; animation_duration=&#8221;slow&#8221; el_class=&#8221;desc_escuelaverde_texto_bloque&#8221;]Sabem que una de les tasques m\u00e9s dif\u00edcils de l&#8217;inici de curs \u00e9s el folrat de llibres. Les bombolles d&#8217;aire, els talls, el temps &#8230; Per tot aix\u00f2, Iddink us ofereix un [&hellip;]<\/p>\n","protected":false},"author":9,"featured_media":0,"parent":9417,"menu_order":0,"comment_status":"closed","ping_status":"closed","template":"","meta":{"footnotes":""},"class_list":["post-12594","page","type-page","status-publish","hentry"],"_links":{"self":[{"href":"https:\/\/spain.iddink.es\/ca\/wp-json\/wp\/v2\/pages\/12594","targetHints":{"allow":["GET"]}}],"collection":[{"href":"https:\/\/spain.iddink.es\/ca\/wp-json\/wp\/v2\/pages"}],"about":[{"href":"https:\/\/spain.iddink.es\/ca\/wp-json\/wp\/v2\/types\/page"}],"author":[{"embeddable":true,"href":"https:\/\/spain.iddink.es\/ca\/wp-json\/wp\/v2\/users\/9"}],"replies":[{"embeddable":true,"href":"https:\/\/spain.iddink.es\/ca\/wp-json\/wp\/v2\/comments?post=12594"}],"version-history":[{"count":7,"href":"https:\/\/spain.iddink.es\/ca\/wp-json\/wp\/v2\/pages\/12594\/revisions"}],"predecessor-version":[{"id":13726,"href":"https:\/\/spain.iddink.es\/ca\/wp-json\/wp\/v2\/pages\/12594\/revisions\/13726"}],"up":[{"embeddable":true,"href":"https:\/\/spain.iddink.es\/ca\/wp-json\/wp\/v2\/pages\/9417"}],"wp:attachment":[{"href":"https:\/\/spain.iddink.es\/ca\/wp-json\/wp\/v2\/media?parent=12594"}],"curies":[{"name":"wp","href":"https:\/\/api.w.org\/{rel}","templated":true}]}}