{"id":12655,"date":"2021-05-11T13:19:02","date_gmt":"2021-05-11T11:19:02","guid":{"rendered":"https:\/\/spain.iddink.es\/?page_id=12655"},"modified":"2026-03-04T10:19:54","modified_gmt":"2026-03-04T09:19:54","slug":"declaracio-responsable","status":"publish","type":"page","link":"https:\/\/spain.iddink.es\/ca\/declaracio-responsable\/","title":{"rendered":"Declaraci\u00f3 responsable"},"content":{"rendered":"<p>[vc_row padding_top_multiplier=&#8221;3x&#8221; padding_bottom_multiplier=&#8221;&#8221;][vc_column tablet_sm_width=&#8221;1&#8243;]<h1 class=\"eut-element eut-title eut-align-inherit eut-h1 desc_politicaprivacidad_titulo_azul eut-increase-heading eut-heading-120\" style=\"\"><span><b>Declaraci\u00f3 de divulgaci\u00f3 responsable<\/b><\/span><\/h1>[\/vc_column][\/vc_row][vc_row padding_top_multiplier=&#8221;2x&#8221; padding_bottom_multiplier=&#8221;4x&#8221;][vc_column width=&#8221;1\/3&#8243; column_sticky=&#8221;yes&#8221; tablet_sm_width=&#8221;hide&#8221; mobile_width=&#8221;hide&#8221; column_sticky_offset=&#8221;0&#8243;]<div class=\"eut-empty-space eut-height-1x\" style=\"\"><\/div>[vc_column_text el_class=&#8221;desc_politicaprivacidad_menu_lateral_item&#8221;]<\/p>\n<div class=\"desc_politicaprivacidad_menu_lateral_item\"><a href=\"#declaracion-divulgacion\"><strong>Declaraci\u00f3 de divulgaci\u00f3 responsable<\/strong><\/a><\/div>\n<p>[\/vc_column_text]<div class=\"eut-empty-space eut-height-4x\" style=\"\"><\/div>[\/vc_column][vc_column width=&#8221;2\/3&#8243; tablet_sm_width=&#8221;1&#8243;][vc_tta_accordion c_position=&#8221;right&#8221; active_section=&#8221;1&#8243;][vc_tta_section title=&#8221;Declaraci\u00f3 de divulgaci\u00f3 responsable&#8221; tab_id=&#8221;declaracio-responsable&#8221; el_class=&#8221;desc_politica_privacidad_titulo_item&#8221;][vc_column_text el_class=&#8221;desc_politicaprivacidad_texto_item&#8221;]<strong>Declaraci\u00f3 de divulgaci\u00f3 responsable<\/strong><\/p>\n<p>La seguretat dels nostres sistemes \u00e9s molt important per a IDDINK SPAIN (en endavant IDDINK) i treballem cont\u00ednuament en la seguretat dels nostres sistemes d&#8217;informaci\u00f3. No obstant aix\u00f2, pot haver-hi punts febles en un dels nostres sistemes o llocs web d\u2019IT. Si detecteu en aquests una feblesa d\u2019aquest tipus, IDDINK us agrairia que la reporteu enviant un correu electr\u00f2nic a <span data-teams=\"true\"><a id=\"menur1cd\" class=\"fui-Link ___1q1shib f2hkw1w f3rmtva f1ewtqcl fyind8e f1k6fduh f1w7gpdv fk6fouc fjoy568 figsok6 f1s184ao f1mk8lai fnbmjn9 f1o700av f13mvf36 f1cmlufx f9n3di6 f1ids18y f1tx3yz7 f1deo86v f1eh06m1 f1iescvh fhgqx19 f1olyrje f1p93eir f1nev41a f1h8hb77 f1lqvz6u f10aw75t fsle3fq f17ae5zn\" title=\"mailto:cert@sanoma.com\" href=\"mailto:cert@sanoma.com\" target=\"_blank\" rel=\"noreferrer noopener\" aria-label=\"V\u00ednculo cert@sanoma.com\">cert@sanoma.com<\/a>.<\/span><\/p>\n<p>En informar de la vulnerabilitat abans de fer-la p\u00fablica, permeteu que IDDINK prengui les mesures adequades primer. Si informeu d&#8217;una vulnerabilitat o problema de seguretat, tingueu en compte el seg\u00fcent:<\/p>\n<ul>\n<li style=\"list-style-type: none;\">\n<ul>\n<li>Proporcioneu prou informaci\u00f3 per reproduir el problema. D&#8217;aquesta manera, IDDINK pot solucionar el problema el m\u00e9s r\u00e0pid possible. Normalment, l&#8217;adre\u00e7a IP o URL del sistema afectat i una descripci\u00f3 de la vulnerabilitat s\u00f3n suficients.<\/li>\n<li>Deixeu les vostres dades de contacte (nom, adre\u00e7a de correu electr\u00f2nic i\/o n\u00famero de tel\u00e8fon) perqu\u00e8 IDDINK pugui posar-se en contacte amb vost\u00e8.<\/li>\n<li>Informeu de la vostra troballa el m\u00e9s aviat possible despr\u00e9s de descobrir el problema de vulnerabilitat o seguretat.<\/li>\n<li>Si us plau, informeu de la vostra troballa en castell\u00e0. Tamb\u00e9 es pot utilitzar l&#8217;angl\u00e8s o el catal\u00e0.<\/li>\n<\/ul>\n<\/li>\n<\/ul>\n<p>Un cop hagueu rebut l&#8217;informe:<\/p>\n<ul>\n<li style=\"list-style-type: none;\">\n<ul>\n<li>L&#8217;informe \u00e9s confidencial.<\/li>\n<li>Reconeixerem que hem rebut el vostre missatge en un termini de 3 dies.<\/li>\n<li>En un termini de 10 dies laborables us proporcionarem comentaris m\u00e9s detallats sobre la vostra troballa.<\/li>\n<\/ul>\n<\/li>\n<\/ul>\n<p>Us preguem que respecteu les nostres normes:<\/p>\n<ul>\n<li style=\"list-style-type: none;\">\n<ul>\n<li>No compartiu informaci\u00f3 sobre el problema de vulnerabilitat o seguretat amb altres persones fins que no es resolgui.<\/li>\n<li>No abuseu de la vulnerabilitat que heu identificat i limiteu les vostres accions al m\u00ednim necessari per identificar la vulnerabilitat.<\/li>\n<li>La vostra recerca no hauria de tenir cap impacte en la disponibilitat dels nostres sistemes TI.<\/li>\n<li>No preneu mesures que vagin m\u00e9s enll\u00e0 del necessari per demostrar el problema de seguretat.<\/li>\n<li>No utilitzeu l&#8217;enginyeria social per accedir als nostres sistemes d\u2019IT.<\/li>\n<li>No col\u00b7loqueu una backdoor en el sistema ni utilitzeu t\u00e8cniques de for\u00e7a bruta per accedir al sistema IT ni per demostrar la vostra troballa.<\/li>\n<\/ul>\n<\/li>\n<\/ul>\n<p>Recordeu que aquesta pol\u00edtica no est\u00e0 destinada a comunicar incid\u00e8ncies sobre qualsevol dels serveis d&#8217;IDDINK o per efectuar preguntes sobre la disponibilitat dels nostres serveis.[\/vc_column_text][\/vc_tta_section][\/vc_tta_accordion]<div class=\"eut-empty-space eut-height-4x\" style=\"\"><\/div>[\/vc_column][\/vc_row]<\/p>\n","protected":false},"excerpt":{"rendered":"<p>[vc_row padding_top_multiplier=&#8221;3x&#8221; padding_bottom_multiplier=&#8221;&#8221;][vc_column tablet_sm_width=&#8221;1&#8243;][\/vc_column][\/vc_row][vc_row padding_top_multiplier=&#8221;2x&#8221; padding_bottom_multiplier=&#8221;4x&#8221;][vc_column width=&#8221;1\/3&#8243; column_sticky=&#8221;yes&#8221; tablet_sm_width=&#8221;hide&#8221; mobile_width=&#8221;hide&#8221; column_sticky_offset=&#8221;0&#8243;][vc_column_text el_class=&#8221;desc_politicaprivacidad_menu_lateral_item&#8221;] Declaraci\u00f3 de divulgaci\u00f3 responsable [\/vc_column_text][\/vc_column][vc_column width=&#8221;2\/3&#8243; tablet_sm_width=&#8221;1&#8243;][vc_tta_accordion c_position=&#8221;right&#8221; active_section=&#8221;1&#8243;][vc_tta_section title=&#8221;Declaraci\u00f3 de divulgaci\u00f3 responsable&#8221; tab_id=&#8221;declaracio-responsable&#8221; el_class=&#8221;desc_politica_privacidad_titulo_item&#8221;][vc_column_text el_class=&#8221;desc_politicaprivacidad_texto_item&#8221;]Declaraci\u00f3 de divulgaci\u00f3 responsable La seguretat dels nostres sistemes \u00e9s molt important per a IDDINK SPAIN (en endavant IDDINK) i treballem cont\u00ednuament en la seguretat dels nostres sistemes [&hellip;]<\/p>\n","protected":false},"author":9,"featured_media":0,"parent":0,"menu_order":0,"comment_status":"closed","ping_status":"closed","template":"","meta":{"footnotes":""},"class_list":["post-12655","page","type-page","status-publish","hentry"],"_links":{"self":[{"href":"https:\/\/spain.iddink.es\/ca\/wp-json\/wp\/v2\/pages\/12655","targetHints":{"allow":["GET"]}}],"collection":[{"href":"https:\/\/spain.iddink.es\/ca\/wp-json\/wp\/v2\/pages"}],"about":[{"href":"https:\/\/spain.iddink.es\/ca\/wp-json\/wp\/v2\/types\/page"}],"author":[{"embeddable":true,"href":"https:\/\/spain.iddink.es\/ca\/wp-json\/wp\/v2\/users\/9"}],"replies":[{"embeddable":true,"href":"https:\/\/spain.iddink.es\/ca\/wp-json\/wp\/v2\/comments?post=12655"}],"version-history":[{"count":4,"href":"https:\/\/spain.iddink.es\/ca\/wp-json\/wp\/v2\/pages\/12655\/revisions"}],"predecessor-version":[{"id":14255,"href":"https:\/\/spain.iddink.es\/ca\/wp-json\/wp\/v2\/pages\/12655\/revisions\/14255"}],"wp:attachment":[{"href":"https:\/\/spain.iddink.es\/ca\/wp-json\/wp\/v2\/media?parent=12655"}],"curies":[{"name":"wp","href":"https:\/\/api.w.org\/{rel}","templated":true}]}}