{"id":13763,"date":"2024-05-28T12:24:37","date_gmt":"2024-05-28T10:24:37","guid":{"rendered":"https:\/\/spain.iddink.es\/?page_id=13763"},"modified":"2025-06-26T14:02:14","modified_gmt":"2025-06-26T12:02:14","slug":"condicions-dus-school-logistic","status":"publish","type":"page","link":"https:\/\/spain.iddink.es\/ca\/condicions-dus-school-logistic\/","title":{"rendered":"Condicions d&#8217;\u00fas School Logistic"},"content":{"rendered":"<p>[vc_row padding_top_multiplier=&#8221;6x&#8221; padding_bottom_multiplier=&#8221;&#8221;][vc_column tablet_sm_width=&#8221;1&#8243;]<h1 class=\"eut-element eut-title eut-align-inherit eut-h1 desc_politicaprivacidad_titulo_azul\" style=\"\"><span><b>Condicions d&#8217;\u00fas School Logistic<\/b><\/span><\/h1>[\/vc_column][\/vc_row][vc_row padding_top_multiplier=&#8221;2x&#8221; padding_bottom_multiplier=&#8221;4x&#8221;][vc_column width=&#8221;1\/3&#8243; column_sticky=&#8221;yes&#8221; tablet_sm_width=&#8221;hide&#8221; mobile_width=&#8221;hide&#8221; column_sticky_offset=&#8221;0&#8243;]<div class=\"eut-empty-space eut-height-1x\" style=\"\"><\/div>[vc_column_text el_class=&#8221;desc_politicaprivacidad_menu_lateral_item&#8221;]<\/p>\n<div class=\"desc_politicaprivacidad_menu_lateral_item\"><a href=\"#condiciones-uso\"><strong>Condicions d&#8217;\u00fas<\/strong><\/a><\/div>\n<p>[\/vc_column_text]<div class=\"eut-empty-space eut-height-1x\" style=\"\"><\/div>[vc_column_text el_class=&#8221;desc_politicaprivacidad_menu_lateral_item&#8221;]<a href=\"#objeto\"><strong>1. Objecte<\/strong><\/a>[\/vc_column_text]<div class=\"eut-empty-space eut-height-1x\" style=\"\"><\/div>[vc_column_text el_class=&#8221;desc_politicaprivacidad_menu_lateral_item&#8221;]<a href=\"#condiciones-acceso\"><strong>2. Condicions d&#8217;acc\u00e9s i utilizaci\u00f3 del portal<\/strong><\/a>[\/vc_column_text]<div class=\"eut-empty-space eut-height-1x\" style=\"\"><\/div>[vc_column_text el_class=&#8221;desc_politicaprivacidad_menu_lateral_item&#8221;]<a href=\"#contenidos\"><strong>3. Continguts<\/strong><\/a>[\/vc_column_text]<div class=\"eut-empty-space eut-height-1x\" style=\"\"><\/div>[vc_column_text el_class=&#8221;desc_politicaprivacidad_menu_lateral_item&#8221;]<a href=\"#enlaces-hipertexto\"><strong>4. Enlla\u00e7os d&#8217;Hipertext<\/strong><\/a>[\/vc_column_text]<div class=\"eut-empty-space eut-height-1x\" style=\"\"><\/div>[vc_column_text el_class=&#8221;desc_politicaprivacidad_menu_lateral_item&#8221;]<a href=\"#marcas-propiedad-intelectual\"><strong>5. Marques i Propietat Intel\u00b7lectual<\/strong><\/a>[\/vc_column_text]<div class=\"eut-empty-space eut-height-1x\" style=\"\"><\/div>[vc_column_text el_class=&#8221;desc_politicaprivacidad_menu_lateral_item&#8221;]<a href=\"#privacidad-proteccion-datos\">6. Privacitat i Protecci\u00f3 de Dades<\/a>[\/vc_column_text]<div class=\"eut-empty-space eut-height-1x\" style=\"\"><\/div>[vc_column_text el_class=&#8221;desc_politicaprivacidad_menu_lateral_item&#8221;]<a href=\"#garantias-responsabilidad\">7. Garantia i Responsabilitat<\/a>[\/vc_column_text]<div class=\"eut-empty-space eut-height-1x\" style=\"\"><\/div>[vc_column_text el_class=&#8221;desc_politicaprivacidad_menu_lateral_item&#8221;]<a href=\"#modificaciones\">8. Modificacions<\/a>[\/vc_column_text]<div class=\"eut-empty-space eut-height-1x\" style=\"\"><\/div>[vc_column_text el_class=&#8221;desc_politicaprivacidad_menu_lateral_item&#8221;]<a href=\"#legislacion-aplicable\">9. Legislaci\u00f3 aplicable i Tribunales competents<\/a>[\/vc_column_text]<div class=\"eut-empty-space eut-height-1x\" style=\"\"><\/div>[\/vc_column][vc_column width=&#8221;2\/3&#8243; tablet_sm_width=&#8221;1&#8243;][vc_tta_accordion c_position=&#8221;right&#8221; active_section=&#8221;1&#8243;][vc_tta_section title=&#8221;Condicions d&#8217;\u00fas&#8221; tab_id=&#8221;condicions-us&#8221; el_class=&#8221;desc_politica_privacidad_titulo_item&#8221;][vc_column_text el_class=&#8221;desc_politicaprivacidad_texto_item&#8221;]IDDINK SPAIN, S.L.U. (d\u2019ara en endavant IDDINK), empresa constitu\u00efda sota les lleis d\u2019Espanya amb CIF: B65090458 amb seu social a Av. De la Ribera 11, Pol\u00edgon Industrial Pallej\u00e0, 08780 Pallej\u00e0 (Barcelona), i inscrita en el Registre Mercantil de la prov\u00edncia de Barcelona, en el volum 41247, Foli 0095, Full 378517, Inscripci\u00f3 1, \u00e9s titular del Portal Web <a href=\"#\">www.iddink.cat<\/a> (d\u2019ara en endavant, el \u201cPortal\u201d o la \u201cP\u00e0gina Web\u201d).<\/p>\n<p>L\u2019acc\u00e9s al Portal es realitza d\u2019una manera volunt\u00e0ria per part de l\u2019Usuari. La navegaci\u00f3 i l\u2019acc\u00e9s al Portal implica acceptar i con\u00e8ixer les advert\u00e8ncies legals, condicions i termes d\u2019us continguts del mateix. El simple acc\u00e9s no implica l\u2019establiment de cap tipus de relaci\u00f3 comercial entre IDDINK i Vost\u00e8. [\/vc_column_text][\/vc_tta_section][vc_tta_section title=&#8221;1. Objecte&#8221; tab_id=&#8221;objecte&#8221; el_class=&#8221;desc_politicaprivacidad_titulo_item&#8221;][vc_column_text el_class=&#8221;desc_politicaprivacidad_texto_item&#8221;]El Portal ha estat dissenyat amb la finalitat d\u2019informar sobre els productes i serveis oferts per IDDINK aix\u00ed com la gesti\u00f3 de les comandes que l\u2019Usuari pogu\u00e9s realitzar conforme a les Condicions Generals de contractaci\u00f3 establertes a l\u2019efecte en aquest Portal i d\u2019acord amb la Normativa del Projecte de Reutilitzaci\u00f3 de llibres que pogu\u00e9s tenir el centre d\u2019ensenyament dels alumnes.[\/vc_column_text][\/vc_tta_section][vc_tta_section title=&#8221;2. Condicions d\u2019acc\u00e9s i utilitzaci\u00f3 del portal&#8221; tab_id=&#8221;condicions acc\u00e9s&#8221; el_class=&#8221;desc_politicaprivacidad_titulo_item&#8221;][vc_column_text el_class=&#8221;desc_politicaprivacidad_texto_item&#8221;]L\u2019Usuari es compromet a utilitzar aquesta P\u00e0gina Web de conformitat amb all\u00f2 establert a la legislaci\u00f3 vigent aix\u00ed com en les presents Condicions d\u2019\u00das, obligant-se a abstenir-se d\u2019utilitzar la mateixa amb finalitats o efectes il\u00b7l\u00edcits, contraris a all\u00f2 establert en les presents Condicions, lesius dels drets o interessos de tercers, o que de qualsevol manera puguin danyar, inutilitzar, sobrecarregar o deteriorar la P\u00e0gina Web o impedir la normal utilitzaci\u00f3 de la mateixa per part de la resta d\u2019Usuaris.<\/p>\n<p>L\u2019acc\u00e9s a la P\u00e0gina Web d\u2019IDDINK no implica cap tipus de garantia respecte a la idone\u00eftat dels continguts inclosos en la mateixa per a fins particulars. En conseq\u00fc\u00e8ncia, tant l\u2019acc\u00e9s a la mencionada P\u00e0gina Web com l\u2019\u00fas que pugui fer-se de la informaci\u00f3 i continguts inclosos en la mateixa s\u2019efectuen sona l\u2019exclusiva responsabilitat de qui ho realitzi.<\/p>\n<p>Tota la informaci\u00f3 que faciliti l\u2019Usuari haur\u00e0 de ser vera\u00e7. A aquests efectes, l\u2019Usuari garanteix l\u2019autenticitat de totes aquelles dades que comuniqui com conseq\u00fc\u00e8ncia del compliment dels formularis necessaris per la realitzaci\u00f3 de comandes, acc\u00e9s a continguts o \u00e0rees restringides del Portal. De la mateixa manera, ser\u00e0 responsabilitat de l\u2019Usuari mantenir tota la informaci\u00f3 facilitada a IDDINK permanentment actualitzada de manera que respongui, en cada moment, a la situaci\u00f3 real de l\u2019Usuari. En tot cas, l\u2019Usuari ser\u00e0 l\u2019\u00fanic responsable de totes les manifestacions falses o inexactes que realitzi i dels perjudicis que causi a IDDINK o a tercers per la informaci\u00f3 que faciliti, o per qualsevol de les obligacions a les que queda sotm\u00e8s per les presents Condicions d\u2019\u00das i les Condicions Generals de Contractaci\u00f3. Iddink Spain, S.L.U. \u2013 www.iddink.cat \u2013 info@iddink.cat 2 Els danys o perjudicis ocasionats per l\u2019Usuari com a conseq\u00fc\u00e8ncia del incompliment de qualsevol de les obligacions a les que queda sotm\u00e8s per les presents Condicions d\u2019\u00fas, seran responsabilitat exclusiva de l\u2019Usuari, responent plenament davant d\u2019IDDINK.[\/vc_column_text][\/vc_tta_section][vc_tta_section title=&#8221;3. Continguts&#8221; tab_id=&#8221;continguts&#8221;][vc_column_text el_class=&#8221;desc_politicaprivacidad_texto_item&#8221;]Queda prohibida l\u2019obtenci\u00f3 d\u2019informacions, missatges, gr\u00e0fics, dibuixos, arxius de so i\/o imatge, fotografies, gravacions, software i, en general, qualsevol classe de material accessible a trav\u00e9s de la P\u00e0gina Web (d\u2019ara en endavant, els \u201c Continguts\u201d) utilitzant per aix\u00f2 mitjans o procediments diferents dels que, segons els casos, s\u2019hagin posat a la seva disposici\u00f3 a aquest efecte o s\u2019hagin indicat a aquest efecte en les p\u00e0gines web en qu\u00e8 es troben els Continguts.<\/p>\n<p>L\u2019Usuari s\u2019obliga a utilitzar els Continguts de manera diligent, correcta i l\u00edcita i, en particular, es compromet a abstenir-se de (i) utilitzar els Continguts amb finalitats o efectes contraris a la llei, a la moral i a les bones costums o a l\u2019ordre p\u00fablic; (ii) reproduir o copiar, distribuir, permetre l\u2019acc\u00e9s del p\u00fablic a trav\u00e9s de qualsevol modalitat de comunicaci\u00f3 p\u00fablica (p2p, ftp, etc.), transformar o modificar els Continguts, a no s\u00e9 que compti amb l\u2019autoritzaci\u00f3 per escrit d\u2019IDDINK; (iii) suprimir, eludir o manipular el \u201ccopyright\u201d i altres dades identificables dels drets d\u2019IDDINK incorporades als Continguts, o de tercers autoritzats, aix\u00ed com els dispositius t\u00e8cnics de protecci\u00f3, o qualsevol mecanisme d\u2019informaci\u00f3 que poguessin contenir els Continguts; (iv) emprar els Continguts i, en particular, la informaci\u00f3 de qualsevol classe obtinguda a trav\u00e9s de la P\u00e0gina Web per remetre publicitat, comunicacions amb finalitats de venda directa o amb qualsevol altre classe de finalitat comercial, missatges no sol\u00b7licitats dirigits a una pluralitat de persones amb independ\u00e8ncia de la seva finalitat, aix\u00ed com (v) abstenir-se de comercialitzar o divulgar de qualsevol manera la mencionada informaci\u00f3.[\/vc_column_text][\/vc_tta_section][vc_tta_section title=&#8221;4. Enlla\u00e7os d\u2019Hipertext&#8221; tab_id=&#8221;Enlla\u00e7os-hipertext&#8221;][vc_column_text el_class=&#8221;desc_politicaprivacidad_texto_item&#8221;]IDDINK no ser\u00e0 responsable ni de la disponibilitat t\u00e8cnica ni dels continguts de les p\u00e0gines web a les que l\u2019Usuari pogu\u00e9s accedir per mitj\u00e0 d\u2019un enlla\u00e7 d\u2019hipertext o \u201clink\u201d incl\u00f2s en aquest Portal. IDDINK no ser\u00e0 responsable dels danys causats a l\u2019Usuari pe la consulta o \u00fas dels continguts o serveis oferts per una p\u00e0gina web l\u2019acc\u00e9s de la qual s\u2019hagi produ\u00eft per mitj\u00e0 d\u2019un enlla\u00e7 incl\u00f2s en aquest Portal.[\/vc_column_text][\/vc_tta_section][vc_tta_section title=&#8221;5. Marques i Propietat Intel\u00b7lectual&#8221; tab_id=&#8221;marques-propietat-intelectual&#8221;][vc_column_text el_class=&#8221;desc_politicaprivacidad_texto_item&#8221;]La totalitat del Contingut d\u2019aquest Portal, ja siguin textos, imatges, so, fitxers, marques, logotips, combinacions de colors, o qualsevol altre element, la seva estructura i disseny, la selecci\u00f3 i forma de presentaci\u00f3 dels materials inclosos en la mateixa, i els programes d\u2019ordinador necessaris pel seu funcionament, acc\u00e9s i utilitzaci\u00f3, estan protegits per drets de propietat industrial i intel\u00b7lectual, son titularitat d\u2019IIDDINK o, en el seu cas, dels seus llicenciats, i per tant l\u2019Usuari haur\u00e0 de respectar-ho. Iddink Spain, S.L.U. \u2013 <a href=\"http:\/\/www.iddink.cat\" target=\"_blank\" rel=\"noopener\">www.iddink.cat<\/a> \u2013 <a href=\"mailto:info@iddink.cat\">info@iddink.cat<\/a>.<\/p>\n<p>Es prohibeix la reproducci\u00f3, excepte per us privat (sempre que sigui compatible amb les finalitats del Portal), la transformaci\u00f3, comunicaci\u00f3 p\u00fablica, distribuci\u00f3, posada a disposici\u00f3 del p\u00fablic i, en general, qualsevol altre forma d\u2019explotaci\u00f3, per qualsevol procediment de tot o part dels Continguts d\u2019aquest Portal, aix\u00ed com del seu disseny i selecci\u00f3 i forma de presentaci\u00f3 dels materials inclosos en la mateixa, si no es t\u00e9 l\u2019autoritzaci\u00f3 pr\u00e8via per escrit d\u2019IDDINK. L\u2019acc\u00e9s al Portal no suposa en cap cas adquisici\u00f3 per part dels usuaris de drets de propietat sobre els Continguts que figuren en el mateix.[\/vc_column_text][\/vc_tta_section][vc_tta_section title=&#8221;6. Privacitat i Protecci\u00f3 de Dades&#8221; tab_id=&#8221;privacitat-proteccio-dades&#8221;][vc_column_text el_class=&#8221;desc_politicaprivacidad_texto_item&#8221;]Sense perjudici d\u2019all\u00f2 previst en el\/els formularis del Portal, quan l\u2019Usuari faciliti les seves dades de car\u00e0cter personal est\u00e0 autoritzant expressament a IDDINK al tractament de les seves dades personals per les finalitats que en els mateixos s\u2019indiquin. IDDINK incorporar\u00e0 les dades facilitades per l\u2019Usuari en un fitxer titularitat de la mateixa degudament comunicat a l\u2019Ag\u00e8ncia Espanyola de Protecci\u00f3 de Dades.<\/p>\n<p>Amb la finalitat de protegir millor els drets de l\u2019Usuari, IDDINK ha establert una detallada Pol\u00edtica de Privacitat pr\u00f2pia.<\/p>\n<p>IDDINK es compromet al compliment de la seva obligaci\u00f3 de secret de les dades de car\u00e0cter personal i del seu deure de guardar-los de manera confidencial i adoptar\u00e0 les mesures necess\u00e0ries per evitar la seva alteraci\u00f3, p\u00e8rdua, tractament o acc\u00e9s no autoritzat, tenint en compte en tot moment l\u2019estat de la tecnologia.[\/vc_column_text][\/vc_tta_section][vc_tta_section title=&#8221;7. Garantia i responsabilitat&#8221; tab_id=&#8221;Garantia-responsabilitat&#8221;][vc_column_text]IDDINK no ser\u00e0 en cap cas responsable de cap dany directe o indirecte, que pugui derivar-se de la falta de disponibilitat o accessibilitat al Portal o a aquells altres portals amb els que s\u2019hagi establert un link; tampoc dels danys que es derivin de la interrupci\u00f3 en el funcionament del Portal o de errades inform\u00e0tiques, averies telef\u00f2niques, desconnexions, retards o bloquejos causats per defici\u00e8ncies o sobrec\u00e0rregues en les l\u00ednies telef\u00f2niques, en el sistema d\u2019Internet o en altres sistemes electr\u00f2nics produ\u00efts en el transcurs del seu funcionament i que tinguin com a conseq\u00fc\u00e8ncia una prestaci\u00f3 deficient del Servei; la falta d\u2019idone\u00eftat del Portal per les necessitats espec\u00edfiques dels Usuaris ni de cap dany que pugui ocasionar-se pel no compliment per part dels Usuaris del que s\u2019ha establert en les presents Condicions d\u2019\u00das, o per terceres persones mitjan\u00e7ant intromissions no autoritzades alienes al control d\u2019IDDINK; possibles interrupcions que poguessin accedir durant la navegaci\u00f3 en el Portal, etc.[\/vc_column_text][\/vc_tta_section][vc_tta_section title=&#8221;8. Modificacions&#8221; tab_id=&#8221;modificacions&#8221;][vc_column_text]Aquestes Condicions d\u2019\u00das podran patir modificacions diverses amb la finalitat d\u2019adequar-se a possibles canvis legislatius i\/o t\u00e8cnics i quan IDDINK ho consideri oport\u00fa. L\u2019informarem sobre aquests canvis mitjan\u00e7ant la publicaci\u00f3 de les noves Condicions d\u2019\u00fas modificades a <a href=\"http:\/\/www.iddink.cat\" target=\"_blank\" rel=\"noopener\">www.iddink.cat<\/a>[\/vc_column_text][\/vc_tta_section][vc_tta_section title=&#8221;9. Legislaci\u00f3 aplicable i Tribunals competents&#8221; tab_id=&#8221;legislacio-aplicable&#8221;][vc_column_text]Els termes i condicions que regeixen aquest Portal, aix\u00ed com les relacions que poguessin derivar-se estan protegides i queden subjectes a la legislaci\u00f3 Espanyola.<\/p>\n<p>Per a la resoluci\u00f3 dels conflictes, les parts declaren la seva submissi\u00f3 als Jutjats i Tribunals que corresponguin legalment en cada cas.<\/p>\n<p>Si desitja realitzar preguntes o consultes sobre aquestes Condicions d\u2019\u00das o sobre temes plantejats en aquestes o en el Portal, comuniquis amb nosaltres a <a href=\"mailto:info@iddink.cat\">info@iddink.cat<\/a>[\/vc_column_text][\/vc_tta_section][\/vc_tta_accordion]<div class=\"eut-empty-space eut-height-4x\" style=\"\"><\/div>[\/vc_column][\/vc_row]<\/p>\n","protected":false},"excerpt":{"rendered":"<p>[vc_row padding_top_multiplier=&#8221;6x&#8221; padding_bottom_multiplier=&#8221;&#8221;][vc_column tablet_sm_width=&#8221;1&#8243;][\/vc_column][\/vc_row][vc_row padding_top_multiplier=&#8221;2x&#8221; padding_bottom_multiplier=&#8221;4x&#8221;][vc_column width=&#8221;1\/3&#8243; column_sticky=&#8221;yes&#8221; tablet_sm_width=&#8221;hide&#8221; mobile_width=&#8221;hide&#8221; column_sticky_offset=&#8221;0&#8243;][vc_column_text el_class=&#8221;desc_politicaprivacidad_menu_lateral_item&#8221;] Condicions d&#8217;\u00fas [\/vc_column_text][vc_column_text el_class=&#8221;desc_politicaprivacidad_menu_lateral_item&#8221;]1. Objecte[\/vc_column_text][vc_column_text el_class=&#8221;desc_politicaprivacidad_menu_lateral_item&#8221;]2. Condicions d&#8217;acc\u00e9s i utilizaci\u00f3 del portal[\/vc_column_text][vc_column_text el_class=&#8221;desc_politicaprivacidad_menu_lateral_item&#8221;]3. Continguts[\/vc_column_text][vc_column_text el_class=&#8221;desc_politicaprivacidad_menu_lateral_item&#8221;]4. Enlla\u00e7os d&#8217;Hipertext[\/vc_column_text][vc_column_text el_class=&#8221;desc_politicaprivacidad_menu_lateral_item&#8221;]5. Marques i Propietat Intel\u00b7lectual[\/vc_column_text][vc_column_text el_class=&#8221;desc_politicaprivacidad_menu_lateral_item&#8221;]6. Privacitat i Protecci\u00f3 de Dades[\/vc_column_text][vc_column_text el_class=&#8221;desc_politicaprivacidad_menu_lateral_item&#8221;]7. Garantia i Responsabilitat[\/vc_column_text][vc_column_text el_class=&#8221;desc_politicaprivacidad_menu_lateral_item&#8221;]8. Modificacions[\/vc_column_text][vc_column_text el_class=&#8221;desc_politicaprivacidad_menu_lateral_item&#8221;]9. Legislaci\u00f3 aplicable i Tribunales competents[\/vc_column_text][\/vc_column][vc_column width=&#8221;2\/3&#8243; tablet_sm_width=&#8221;1&#8243;][vc_tta_accordion c_position=&#8221;right&#8221; [&hellip;]<\/p>\n","protected":false},"author":9,"featured_media":0,"parent":0,"menu_order":0,"comment_status":"closed","ping_status":"closed","template":"","meta":{"footnotes":""},"class_list":["post-13763","page","type-page","status-publish","hentry"],"_links":{"self":[{"href":"https:\/\/spain.iddink.es\/ca\/wp-json\/wp\/v2\/pages\/13763","targetHints":{"allow":["GET"]}}],"collection":[{"href":"https:\/\/spain.iddink.es\/ca\/wp-json\/wp\/v2\/pages"}],"about":[{"href":"https:\/\/spain.iddink.es\/ca\/wp-json\/wp\/v2\/types\/page"}],"author":[{"embeddable":true,"href":"https:\/\/spain.iddink.es\/ca\/wp-json\/wp\/v2\/users\/9"}],"replies":[{"embeddable":true,"href":"https:\/\/spain.iddink.es\/ca\/wp-json\/wp\/v2\/comments?post=13763"}],"version-history":[{"count":3,"href":"https:\/\/spain.iddink.es\/ca\/wp-json\/wp\/v2\/pages\/13763\/revisions"}],"predecessor-version":[{"id":14173,"href":"https:\/\/spain.iddink.es\/ca\/wp-json\/wp\/v2\/pages\/13763\/revisions\/14173"}],"wp:attachment":[{"href":"https:\/\/spain.iddink.es\/ca\/wp-json\/wp\/v2\/media?parent=13763"}],"curies":[{"name":"wp","href":"https:\/\/api.w.org\/{rel}","templated":true}]}}