{"id":14169,"date":"2025-06-26T13:56:39","date_gmt":"2025-06-26T11:56:39","guid":{"rendered":"https:\/\/spain.iddink.es\/?page_id=14169"},"modified":"2025-06-26T18:14:01","modified_gmt":"2025-06-26T16:14:01","slug":"declaracio-accesibilitat","status":"publish","type":"page","link":"https:\/\/spain.iddink.es\/ca\/declaracio-accesibilitat\/","title":{"rendered":"Declaraci\u00f3 accessibilitat"},"content":{"rendered":"<p>[vc_row padding_top_multiplier=&#8221;3x&#8221; padding_bottom_multiplier=&#8221;&#8221;][vc_column tablet_sm_width=&#8221;1&#8243;]<h1 class=\"eut-element eut-title eut-align-inherit eut-h1 desc_politicaprivacidad_titulo_azul\" style=\"\"><span><b>Declaraci\u00f3 accessibilitat<\/b><\/span><\/h1>[\/vc_column][\/vc_row][vc_row padding_top_multiplier=&#8221;2x&#8221; padding_bottom_multiplier=&#8221;4x&#8221;][vc_column width=&#8221;1\/3&#8243; column_sticky=&#8221;yes&#8221; tablet_sm_width=&#8221;hide&#8221; mobile_width=&#8221;hide&#8221; column_sticky_offset=&#8221;0&#8243;]<div class=\"eut-empty-space eut-height-1x\" style=\"\"><\/div>[vc_column_text el_class=&#8221;desc_politicaprivacidad_menu_lateral_item&#8221;]<\/p>\n<div class=\"desc_politicaprivacidad_menu_lateral_item\"><a href=\"#introduccion_decl\"><strong>Introducci\u00f3<\/strong><\/a><\/div>\n<p>[\/vc_column_text]<div class=\"eut-empty-space eut-height-1x\" style=\"\"><\/div>[vc_column_text el_class=&#8221;desc_politicaprivacidad_menu_lateral_item&#8221;]<a href=\"#marcolegal\"><strong>1. <span class=\"TextRun SCXW20283926 BCX0\" lang=\"ES-ES\" xml:lang=\"ES-ES\" data-contrast=\"none\"><span class=\"NormalTextRun SCXW20283926 BCX0\" data-ccp-parastyle=\"heading 2\">Marc legal<\/span><\/span><span class=\"EOP SCXW20283926 BCX0\" data-ccp-props=\"{&quot;134245418&quot;:true,&quot;134245529&quot;:true,&quot;335559738&quot;:160,&quot;335559739&quot;:80}\">\u00a0<\/span><\/strong><\/a>[\/vc_column_text]<div class=\"eut-empty-space eut-height-1x\" style=\"\"><\/div>[vc_column_text el_class=&#8221;desc_politicaprivacidad_menu_lateral_item&#8221;]<a href=\"#compromiso\"><strong>2. <span class=\"TextRun SCXW48530529 BCX0\" lang=\"ES-ES\" xml:lang=\"ES-ES\" data-contrast=\"none\"><span class=\"NormalTextRun SCXW48530529 BCX0\" data-ccp-parastyle=\"heading 2\">Comprom\u00eds<\/span><\/span><\/strong><\/a>[\/vc_column_text]<div class=\"eut-empty-space eut-height-1x\" style=\"\"><\/div>[vc_column_text el_class=&#8221;desc_politicaprivacidad_menu_lateral_item&#8221;]<a href=\"#medidas\"><strong>3. <\/strong><\/a><strong><a href=\"https:\/\/spain.iddink.es\/ca\/declaracio-accesibilitat\/#medidas\">Mesures que donen suport a l&#8217;accessibilitat<\/a><\/strong>[\/vc_column_text]<div class=\"eut-empty-space eut-height-1x\" style=\"\"><\/div>[vc_column_text el_class=&#8221;desc_politicaprivacidad_menu_lateral_item&#8221;]<a href=\"#cumplimiento\"><strong>4. <span class=\"TextRun SCXW163886719 BCX0\" lang=\"ES-ES\" xml:lang=\"ES-ES\" data-contrast=\"none\"><span class=\"NormalTextRun SCXW163886719 BCX0\" data-ccp-parastyle=\"heading 2\">Situaci\u00f3<\/span><\/span><\/strong><\/a><strong><a href=\"https:\/\/spain.iddink.es\/ca\/declaracio-accesibilitat\/#cumplimiento\">\u00a0de compliment<\/a><\/strong>[\/vc_column_text]<div class=\"eut-empty-space eut-height-1x\" style=\"\"><\/div>[vc_column_text el_class=&#8221;desc_politicaprivacidad_menu_lateral_item&#8221;]<a href=\"#contacto\"><strong>5. <span class=\"TextRun SCXW166004904 BCX0\" lang=\"ES-ES\" xml:lang=\"ES-ES\" data-contrast=\"none\"><span class=\"NormalTextRun SCXW166004904 BCX0\" data-ccp-parastyle=\"heading 2\">Contac<\/span><\/span><\/strong><\/a><strong><a href=\"https:\/\/spain.iddink.es\/ca\/declaracio-accesibilitat\/#contacto\">te i suport<\/a><\/strong>[\/vc_column_text]<div class=\"eut-empty-space eut-height-1x\" style=\"\"><\/div>[\/vc_column][vc_column width=&#8221;2\/3&#8243; tablet_sm_width=&#8221;1&#8243;][vc_tta_accordion c_position=&#8221;right&#8221; active_section=&#8221;1&#8243;][vc_tta_section title=&#8221;Introducci\u00f3&#8221; tab_id=&#8221;introduccion_decl&#8221; el_class=&#8221;desc_politica_privacidad_titulo_item&#8221;][vc_column_text el_class=&#8221;desc_politicaprivacidad_texto_item&#8221;]<span class=\"TextRun SCXW186606330 BCX0\" lang=\"ES-ES\" xml:lang=\"ES-ES\" data-contrast=\"auto\"><span class=\"NormalTextRun SCXW186606330 BCX0\">A\u00a0<\/span><span class=\"NormalTextRun SCXW186606330 BCX0\">Iddink Spain<\/span><span class=\"NormalTextRun SCXW186606330 BCX0\">, l&#8217;accessibilitat i la inclusi\u00f3 constitueixen valors fonamentals en el desenvolupament dels nostres productes i serveis educatius. Som plenament conscients de la import\u00e0ncia de garantir que totes les persones, independentment de les seves capacitats, limitacions personals o context d&#8217; acc\u00e9s, puguin percebre, usar i comprendre els nostres continguts.<\/span><\/span><span class=\"EOP SCXW186606330 BCX0\" data-ccp-props=\"{}\">\u00a0<\/span>[\/vc_column_text][\/vc_tta_section][vc_tta_section title=&#8221;1. Marc legal&#8221; tab_id=&#8221;marcolegal&#8221;][vc_column_text el_class=&#8221;desc_politicaprivacidad_texto_item&#8221;]A partir del 28 de juny de 2025, entra en vigor a Espanya la Llei 11\/2023, que transposa l&#8217;Acta Europea d&#8217;Accessibilitat (Directiva 2019\/882). Aquesta normativa estableix requisits obligatoris d&#8217; accessibilitat per a productes i serveis digitals, incloent-hi els llibres electr\u00f2nics, els seus programes especialitzats i els llocs web de comer\u00e7 electr\u00f2nic.<\/p>\n<p>La directiva europea es basa en la norma EN 301 549, que defineix els requisits d&#8217;accessibilitat aplicables a productes i serveis de tecnologies de la informaci\u00f3 i de la comunicaci\u00f3 (TIC). Aquesta norma, al seu torn, es fonamenta en les Pautes d&#8217;Accessibilitat per al Contingut Web (WCAG 2.1), desenvolupades pel World Wide Web Consortium (W3C). Aquestes pautes constitueixen l&#8217; est\u00e0ndard internacional de refer\u00e8ncia per acreditar l&#8217; accessibilitat digital.<\/p>\n<p>Les WCAG 2.1 estableixen tres nivells de conformitat:<\/p>\n<ul>\n<li>Nivell A: \u00e9s el nivell m\u00ednim d&#8217; accessibilitat. Inclou els requisits b\u00e0sics que s&#8217; han de complir perqu\u00e8 el contingut sigui accessible.<\/li>\n<li>Nivell AA: \u00e9s el nivell exigit per la legislaci\u00f3 europea i l&#8217; espanyola. Abasta un conjunt m\u00e9s ampli de criteris, que permeten que el contingut sigui accessible per a un major nombre de persones.<\/li>\n<li>Nivell AAA: \u00e9s el nivell m\u00e9s exigent. Inclou requisits addicionals que milloren encara m\u00e9s l&#8217; experi\u00e8ncia de les persones, tot i que no sempre s\u00f3n aplicables o assolibles en tots els contextos.<\/li>\n<\/ul>\n<p>[\/vc_column_text][\/vc_tta_section][vc_tta_section title=&#8221;2. Comprom\u00eds&#8221; tab_id=&#8221;compromiso&#8221;][vc_column_text el_class=&#8221;desc_politicaprivacidad_texto_item&#8221;]<span class=\"TextRun SCXW206846075 BCX0\" lang=\"ES-ES\" xml:lang=\"ES-ES\" data-contrast=\"auto\"><span class=\"NormalTextRun SCXW206846075 BCX0\">El nostre prop\u00f2sit \u00e9s\u00a0<\/span><span class=\"NormalTextRun SCXW206846075 BCX0\">aconseguir<\/span><span class=\"NormalTextRun SCXW206846075 BCX0\">\u00a0el compliment de tots els requisits de nivell A i AA de la<\/span><span class=\"NormalTextRun SCXW206846075 BCX0\">s<\/span><span class=\"NormalTextRun SCXW206846075 BCX0\">\u00a0WCAG 2.2 juntament\u00a0<\/span><span class=\"NormalTextRun SCXW206846075 BCX0\">amb<\/span><span class=\"NormalTextRun SCXW206846075 BCX0\">\u00a0certs requisits de nivell AAA considerats rellevants per a la millora de l&#8217; experi\u00e8ncia d&#8217; \u00fas dels nostres materials per totes les persones.<\/span><\/span><span class=\"EOP SCXW206846075 BCX0\" data-ccp-props=\"{}\">\u00a0<\/span>[\/vc_column_text][\/vc_tta_section][vc_tta_section title=&#8221;3. Mesures que donen suport a l&#8217;accessibilitat&#8221; tab_id=&#8221;medidas&#8221;][vc_column_text el_class=&#8221;desc_politicaprivacidad_texto_item&#8221;]<span data-contrast=\"auto\">Per donar suport a aquest comprom\u00eds, hem implementat diverses mesures que promouen l&#8217;accessibilitat:\u00a0<\/span><span data-ccp-props=\"{}\">\u00a0<\/span><\/p>\n<ul>\n<li data-leveltext=\"\uf0b7\" data-font=\"Symbol\" data-listid=\"2\" data-list-defn-props=\"{&quot;335552541&quot;:1,&quot;335559685&quot;:720,&quot;335559991&quot;:360,&quot;469769226&quot;:&quot;Symbol&quot;,&quot;469769242&quot;:[8226],&quot;469777803&quot;:&quot;left&quot;,&quot;469777804&quot;:&quot;\uf0b7&quot;,&quot;469777815&quot;:&quot;hybridMultilevel&quot;}\" aria-setsize=\"-1\" data-aria-posinset=\"1\" data-aria-level=\"1\"><span data-contrast=\"auto\">La posada en marxa de pr\u00e0ctiques espec\u00edfiques per al disseny del nostre entorn digital que asseguri el compliment dels est\u00e0ndards d&#8217; accessibilitat.<\/span><span data-ccp-props=\"{}\">\u00a0<\/span><\/li>\n<\/ul>\n<ul>\n<li data-leveltext=\"\uf0b7\" data-font=\"Symbol\" data-listid=\"2\" data-list-defn-props=\"{&quot;335552541&quot;:1,&quot;335559685&quot;:720,&quot;335559991&quot;:360,&quot;469769226&quot;:&quot;Symbol&quot;,&quot;469769242&quot;:[8226],&quot;469777803&quot;:&quot;left&quot;,&quot;469777804&quot;:&quot;\uf0b7&quot;,&quot;469777815&quot;:&quot;hybridMultilevel&quot;}\" aria-setsize=\"-1\" data-aria-posinset=\"2\" data-aria-level=\"1\"><span data-contrast=\"auto\">La formaci\u00f3 cont\u00ednua dels nostres equips en mat\u00e8ria d&#8217; accessibilitat.<\/span><span data-ccp-props=\"{}\">\u00a0<\/span><\/li>\n<\/ul>\n<ul>\n<li data-leveltext=\"\uf0b7\" data-font=\"Symbol\" data-listid=\"2\" data-list-defn-props=\"{&quot;335552541&quot;:1,&quot;335559685&quot;:720,&quot;335559991&quot;:360,&quot;469769226&quot;:&quot;Symbol&quot;,&quot;469769242&quot;:[8226],&quot;469777803&quot;:&quot;left&quot;,&quot;469777804&quot;:&quot;\uf0b7&quot;,&quot;469777815&quot;:&quot;hybridMultilevel&quot;}\" aria-setsize=\"-1\" data-aria-posinset=\"3\" data-aria-level=\"1\"><span data-contrast=\"auto\">La col\u00b7laboraci\u00f3 amb equips experts i organitzacions especialitzades en mat\u00e8ria d&#8217;accessibilitat.<\/span><span data-ccp-props=\"{}\">\u00a0<\/span><\/li>\n<\/ul>\n<ul>\n<li data-leveltext=\"\uf0b7\" data-font=\"Symbol\" data-listid=\"2\" data-list-defn-props=\"{&quot;335552541&quot;:1,&quot;335559685&quot;:720,&quot;335559991&quot;:360,&quot;469769226&quot;:&quot;Symbol&quot;,&quot;469769242&quot;:[8226],&quot;469777803&quot;:&quot;left&quot;,&quot;469777804&quot;:&quot;\uf0b7&quot;,&quot;469777815&quot;:&quot;hybridMultilevel&quot;}\" aria-setsize=\"-1\" data-aria-posinset=\"4\" data-aria-level=\"1\"><span data-contrast=\"auto\">La creaci\u00f3 de canals de comunicaci\u00f3 per rebre i atendre suggeriments o incid\u00e8ncies relacionades amb l&#8217; accessibilitat.<\/span><span data-ccp-props=\"{}\">\u00a0<\/span><\/li>\n<\/ul>\n<p>[\/vc_column_text][\/vc_tta_section][vc_tta_section title=&#8221;4. Situaci\u00f3 de compliment&#8221; tab_id=&#8221;cumplimiento&#8221;][vc_column_text el_class=&#8221;desc_politicaprivacidad_texto_item&#8221;]<span class=\"TextRun SCXW40467059 BCX0\" lang=\"ES-ES\" xml:lang=\"ES-ES\" data-contrast=\"auto\"><span class=\"NormalTextRun SCXW40467059 BCX0\">A\u00a0<\/span><span class=\"NormalTextRun SCXW40467059 BCX0\">Iddink Spain<\/span><span class=\"NormalTextRun SCXW40467059 BCX0\">,\u00a0<\/span><span class=\"NormalTextRun SCXW40467059 BCX0\">tenim un ferm comprom\u00eds<\/span><span class=\"NormalTextRun SCXW40467059 BCX0\">\u00a0amb la millora cont\u00ednua de l&#8217;accessibilitat.\u00a0<\/span><span class=\"NormalTextRun SCXW40467059 BCX0\">Ens comprometem a\u00a0<\/span><span class=\"NormalTextRun SCXW40467059 BCX0\">assegurar<\/span><span class=\"NormalTextRun SCXW40467059 BCX0\">\u00a0que els productes futurs compleixin amb els est\u00e0ndards establerts en la normativa vigent<\/span>\u00a0<span class=\"NormalTextRun SCXW40467059 BCX0\">i garantir una experi\u00e8ncia inclusiva per a totes les persones.<\/span><\/span><span class=\"EOP SCXW40467059 BCX0\" data-ccp-props=\"{}\">\u00a0<\/span>[\/vc_column_text][\/vc_tta_section][vc_tta_section title=&#8221;5. Contacte i suport&#8221; tab_id=&#8221;contacto&#8221;][vc_column_text el_class=&#8221;desc_politicaprivacidad_texto_item&#8221;]<span class=\"TextRun SCXW40467059 BCX0\" lang=\"ES-ES\" xml:lang=\"ES-ES\" data-contrast=\"auto\"><span class=\"NormalTextRun SCXW40467059 BCX0\">El nostre objectiu \u00e9s que l&#8217;accessibilitat sigui un pilar transversal en tota la nostra oferta. Per aix\u00f2, convidem els qui utilitzin els productes d&#8217;Iddink Spain a comunicar-se amb el nostre equip per compartir qualsevol dificultat o suggeriment de millora, a trav\u00e9s del correu electr\u00f2nic <a href=\"mailto:notificaciones@iddink.es\">notificaciones@iddink.es<\/a>.\u00a0\u00a0<\/span><\/span>[\/vc_column_text][\/vc_tta_section][\/vc_tta_accordion]<div class=\"eut-empty-space eut-height-4x\" style=\"\"><\/div>[\/vc_column][\/vc_row]<\/p>\n","protected":false},"excerpt":{"rendered":"<p>[vc_row padding_top_multiplier=&#8221;3x&#8221; padding_bottom_multiplier=&#8221;&#8221;][vc_column tablet_sm_width=&#8221;1&#8243;][\/vc_column][\/vc_row][vc_row padding_top_multiplier=&#8221;2x&#8221; padding_bottom_multiplier=&#8221;4x&#8221;][vc_column width=&#8221;1\/3&#8243; column_sticky=&#8221;yes&#8221; tablet_sm_width=&#8221;hide&#8221; mobile_width=&#8221;hide&#8221; column_sticky_offset=&#8221;0&#8243;][vc_column_text el_class=&#8221;desc_politicaprivacidad_menu_lateral_item&#8221;] Introducci\u00f3 [\/vc_column_text][vc_column_text el_class=&#8221;desc_politicaprivacidad_menu_lateral_item&#8221;]1. Marc legal\u00a0[\/vc_column_text][vc_column_text el_class=&#8221;desc_politicaprivacidad_menu_lateral_item&#8221;]2. Comprom\u00eds[\/vc_column_text][vc_column_text el_class=&#8221;desc_politicaprivacidad_menu_lateral_item&#8221;]3. Mesures que donen suport a l&#8217;accessibilitat[\/vc_column_text][vc_column_text el_class=&#8221;desc_politicaprivacidad_menu_lateral_item&#8221;]4. Situaci\u00f3\u00a0de compliment[\/vc_column_text][vc_column_text el_class=&#8221;desc_politicaprivacidad_menu_lateral_item&#8221;]5. Contacte i suport[\/vc_column_text][\/vc_column][vc_column width=&#8221;2\/3&#8243; tablet_sm_width=&#8221;1&#8243;][vc_tta_accordion c_position=&#8221;right&#8221; active_section=&#8221;1&#8243;][vc_tta_section title=&#8221;Introducci\u00f3&#8221; tab_id=&#8221;introduccion_decl&#8221; el_class=&#8221;desc_politica_privacidad_titulo_item&#8221;][vc_column_text el_class=&#8221;desc_politicaprivacidad_texto_item&#8221;]A\u00a0Iddink Spain, l&#8217;accessibilitat i la inclusi\u00f3 constitueixen valors fonamentals en el desenvolupament dels nostres productes [&hellip;]<\/p>\n","protected":false},"author":9,"featured_media":0,"parent":0,"menu_order":0,"comment_status":"closed","ping_status":"closed","template":"","meta":{"footnotes":""},"class_list":["post-14169","page","type-page","status-publish","hentry"],"_links":{"self":[{"href":"https:\/\/spain.iddink.es\/ca\/wp-json\/wp\/v2\/pages\/14169","targetHints":{"allow":["GET"]}}],"collection":[{"href":"https:\/\/spain.iddink.es\/ca\/wp-json\/wp\/v2\/pages"}],"about":[{"href":"https:\/\/spain.iddink.es\/ca\/wp-json\/wp\/v2\/types\/page"}],"author":[{"embeddable":true,"href":"https:\/\/spain.iddink.es\/ca\/wp-json\/wp\/v2\/users\/9"}],"replies":[{"embeddable":true,"href":"https:\/\/spain.iddink.es\/ca\/wp-json\/wp\/v2\/comments?post=14169"}],"version-history":[{"count":5,"href":"https:\/\/spain.iddink.es\/ca\/wp-json\/wp\/v2\/pages\/14169\/revisions"}],"predecessor-version":[{"id":14207,"href":"https:\/\/spain.iddink.es\/ca\/wp-json\/wp\/v2\/pages\/14169\/revisions\/14207"}],"wp:attachment":[{"href":"https:\/\/spain.iddink.es\/ca\/wp-json\/wp\/v2\/media?parent=14169"}],"curies":[{"name":"wp","href":"https:\/\/api.w.org\/{rel}","templated":true}]}}