{"id":7219,"date":"2019-08-28T12:52:43","date_gmt":"2019-08-28T10:52:43","guid":{"rendered":"http:\/\/dev.iddink.mariabarcelona.com\/centros-2\/"},"modified":"2024-04-08T18:28:22","modified_gmt":"2024-04-08T16:28:22","slug":"centres","status":"publish","type":"page","link":"https:\/\/spain.iddink.es\/ca\/centres\/","title":{"rendered":"Centres docents"},"content":{"rendered":"<p>[vc_row section_type=&#8221;fullwidth&#8221; height_ratio=&#8221;60&#8243; padding_top_multiplier=&#8221;custom&#8221; padding_bottom_multiplier=&#8221;&#8221; rc_heading_color=&#8221;light&#8221; rc_bg_type=&#8221;image&#8221; rc_bg_image=&#8221;8874&#8243; tablet_sm_height_ratio=&#8221;inherit&#8221; mobile_height_ratio=&#8221;60&#8243; rc_font_color=&#8221;#ffffff&#8221; rc_bg_color=&#8221;#5b5b5b&#8221; section_id=&#8221;banner-centros&#8221;][vc_column width=&#8221;1\/2&#8243; vertical_content_position=&#8221;bottom&#8221; full_height=&#8221;yes&#8221; css=&#8221;.vc_custom_1576861524697{padding-bottom: 12% !important;padding-left: 5% !important;}&#8221; el_id=&#8221;banner-centros-title&#8221;]<h1 class=\"eut-element eut-title eut-align-inherit eut-h1 desc_centros_titulo\" style=\"margin-bottom: 0px;\"><span><strong>Centres docents<\/strong><\/span><\/h1><h3 class=\"eut-element eut-title eut-align-inherit eut-h4 desc_centros_subtitulo\" style=\"\"><span>Acompanyem l&#8217;educaci\u00f3 amb serveis innovadors<\/span><\/h3><div class=\"eut-empty-space eut-height-1x\" style=\"\"><\/div><div class=\"eut-element eut-align-left btn-cb--button\"><a href=\"https:\/\/spain.iddink.es\/\/ca\/atencio-als-centres\/\" title=\"Atenci\u00f3 als centres\" class=\"eut-btn eut-btn-extralarge eut-extra-round eut-bg-white eut-bg-hover-white eut-btn-line btn-iddink--button\"><span>Contacta'ns<\/span><\/a><\/div>[\/vc_column][vc_column width=&#8221;1\/2&#8243; vertical_content_position=&#8221;bottom&#8221; full_height=&#8221;yes&#8221;][\/vc_column][\/vc_row][vc_row section_type=&#8221;fullwidth&#8221; padding_top_multiplier=&#8221;&#8221; padding_bottom_multiplier=&#8221;&#8221; rc_heading_color=&#8221;light&#8221; rc_link_color=&#8221;light&#8221; rc_link_hover_color=&#8221;light&#8221; columns_gap=&#8221;none&#8221; equal_column_height=&#8221;equal&#8221; mobile_columns_vertical_gap=&#8221;none&#8221; rc_font_color=&#8221;#ffffff&#8221;][vc_column width=&#8221;1\/4&#8243; content_width=&#8221;custom&#8221; rc_bg_type=&#8221;color&#8221; tablet_sm_width=&#8221;1-2&#8243; css=&#8221;.vc_custom_1578472139862{padding-top: 6% !important;padding-right: 4% !important;padding-bottom: 4% !important;padding-left: % !important;}&#8221; rc_bg_color=&#8221;#1e73bc&#8221; custom_content_width=&#8221;550&#8243;]<div class=\"eut-element eut-box-icon eut-side-icon eut-align-left eut-animated-item eut-fade-in eut-duration-normal\" style=\"\" data-delay=\"200\"><a href=\"https:\/\/spain.iddink.es\/ca\/centres\/materials-educatius\/\" title=\"Materials educatiUS\" class=\"eut-item-url \"><\/a><div class=\"eut-single-icon eut-small\"><div class=\"eut-wrapper-icon eut-no-shape eut-text-grey\" style=\"\"><span class=\"eut-inner-icon eut-text-primary-1\"><\/span><\/div><\/div><div class=\"eut-box-content\"><h5 class=\"eut-box-title eut-h5\">Materials educatius<\/h5>  <p class=\"\">Proporcionem llibres de text nous o reutilitzables, robots, llic\u00e8ncies digitals, lectures, quaderns, instruments, etc.<\/p><\/div><\/div>[\/vc_column][vc_column width=&#8221;1\/4&#8243; content_width=&#8221;custom&#8221; rc_bg_type=&#8221;color&#8221; tablet_sm_width=&#8221;1-2&#8243; css=&#8221;.vc_custom_1578472148283{padding-top: 6% !important;padding-right: 4% !important;padding-bottom: 4% !important;}&#8221; rc_bg_color=&#8221;#555555&#8243; custom_content_width=&#8221;550&#8243;]<div class=\"eut-element eut-box-icon eut-side-icon eut-align-left eut-animated-item eut-fade-in eut-duration-normal\" style=\"\" data-delay=\"200\"><a href=\"https:\/\/spain.iddink.es\/ca\/centres\/iddink-digital\/\" title=\"Iddink digital\" class=\"eut-item-url \"><\/a><div class=\"eut-single-icon eut-small\"><div class=\"eut-wrapper-icon eut-no-shape eut-text-grey\" style=\"\"><span class=\"eut-inner-icon eut-text-primary-1\"><\/span><\/div><\/div><div class=\"eut-box-content\"><h5 class=\"eut-box-title eut-h5\">Iddink digital<\/h5>  <p class=\"\">Facilitem la compra i l&#8217;acc\u00e9s a les llic\u00e8ncies digitals des d&#8217;una \u00fanica plataforma.<\/p><\/div><\/div>[\/vc_column][vc_column width=&#8221;1\/4&#8243; content_width=&#8221;custom&#8221; rc_bg_type=&#8221;color&#8221; tablet_sm_width=&#8221;1-2&#8243; css=&#8221;.vc_custom_1578472163482{padding-top: 6% !important;padding-right: 4% !important;padding-bottom: 4% !important;}&#8221; rc_bg_color=&#8221;#1e73bc&#8221; custom_content_width=&#8221;550&#8243;]<div class=\"eut-element eut-box-icon eut-side-icon eut-align-left eut-animated-item eut-fade-in eut-duration-normal\" style=\"\" data-delay=\"200\"><a href=\"https:\/\/spain.iddink.es\/ca\/centres\/projectes-reutilitzacio-llibres\/\" title=\"Projectes de reutilitzaci\u00f3\" class=\"eut-item-url \"><\/a><div class=\"eut-single-icon eut-small\"><div class=\"eut-wrapper-icon eut-no-shape eut-text-grey\" style=\"\"><span class=\"eut-inner-icon eut-text-primary-1\"><\/span><\/div><\/div><div class=\"eut-box-content\"><h5 class=\"eut-box-title eut-h5\">Reutilizaci\u00f3 de llibres<\/h5>  <p class=\"\">Gestionem el projecte de reutilitzaci\u00f3 de llibres del teu centre, des de la recollida i la revisi\u00f3, fins al seu lliurament a domicili.<\/p><\/div><\/div>[\/vc_column][vc_column width=&#8221;1\/4&#8243; content_width=&#8221;custom&#8221; rc_bg_type=&#8221;color&#8221; tablet_sm_width=&#8221;1-2&#8243; css=&#8221;.vc_custom_1578472174153{padding-top: 6% !important;padding-right: 4% !important;padding-bottom: 4% !important;}&#8221; rc_bg_color=&#8221;#555555&#8243; custom_content_width=&#8221;550&#8243;]<div class=\"eut-element eut-box-icon eut-side-icon eut-align-left eut-animated-item eut-fade-in eut-duration-normal\" style=\"\" data-delay=\"200\"><a href=\"https:\/\/spain.iddink.es\/ca\/centres\/altres-serveis\/\" title=\"Altres serveis\" class=\"eut-item-url \"><\/a><div class=\"eut-single-icon eut-small\"><div class=\"eut-wrapper-icon eut-no-shape eut-text-grey\" style=\"\"><span class=\"eut-inner-icon eut-text-primary-1\"><\/span><\/div><\/div><div class=\"eut-box-content\"><h5 class=\"eut-box-title eut-h5\">Altres serveis<\/h5>  <p class=\"\">Folrat de llibres, gesti\u00f3 de beques i ajuts, articles personalitzats, cobrament de quotes, etc.<\/p><\/div><\/div>[\/vc_column][\/vc_row][vc_row padding_bottom_multiplier=&#8221;&#8221; mobile_visibility=&#8221;hide&#8221;][vc_column]<h2 class=\"eut-element eut-title eut-align-center eut-h1 eut-custom-font-1 desc_centros1 eut-increase-heading eut-heading-140\" style=\"\"><span><br>\n<p style=\"text-align: center;\"><strong>15 anys d&#8217;experi\u00e8ncia i solucions al servei de les<br \/>\nnecessitats espec\u00edfiques dels centres docents<\/strong><br>\n<\/span><\/h2>[\/vc_column][\/vc_row][vc_row padding_top_multiplier=&#8221;&#8221; padding_bottom_multiplier=&#8221;&#8221; desktop_visibility=&#8221;hide&#8221; tablet_visibility=&#8221;hide&#8221; tablet_sm_visibility=&#8221;hide&#8221;][vc_column width=&#8221;1\/6&#8243;][\/vc_column][vc_column width=&#8221;2\/3&#8243; text_align=&#8221;center&#8221; el_class=&#8221;desc_centros1&#8243;]<h2 class=\"eut-element eut-title eut-align-inherit eut-h1 eut-custom-font-1 desc_centros1_mobile\" style=\"\"><span><strong>15 anys d&#8217;experi\u00e8ncia i solucions al servei de les necessitats espec\u00edfiques dels centres docents<\/strong><\/span><\/h2>[\/vc_column][vc_column width=&#8221;1\/6&#8243;][\/vc_column][\/vc_row][vc_row section_type=&#8221;container-width&#8221; padding_top_multiplier=&#8221;2x&#8221; padding_bottom_multiplier=&#8221;&#8221; rc_heading_color=&#8221;primary-6&#8243; columns_gap=&#8221;60&#8243; rc_font_color=&#8221;#696969&#8243;][vc_column width=&#8221;1\/3&#8243; rc_heading_color=&#8221;aqua&#8221; rc_font_color=&#8221;#000000&#8243;]<div class=\"eut-element eut-box-icon eut-top-icon eut-align-center\" style=\"\"><div class=\"eut-single-icon eut-medium\"><div class=\"eut-wrapper-icon eut-no-shape eut-text-grey\" style=\"\"><i class=\"eut-inner-icon mb-equidad eut-text-black\"><\/i><\/div><\/div><div class=\"eut-box-content\"><h3 class=\"eut-box-title eut-h6\">M\u00e1xima igualtat<\/h3>  <p class=\"eut-small-text\">Les nostres solucions beneficien per igual als estudiants de tots els cursos, sense cap discriminaci\u00f3.<\/p><\/div><\/div>[\/vc_column][vc_column width=&#8221;1\/3&#8243; rc_font_color=&#8221;#000000&#8243;]<div class=\"eut-element eut-box-icon eut-top-icon eut-align-center\" style=\"\"><div class=\"eut-single-icon eut-medium\"><div class=\"eut-wrapper-icon eut-no-shape eut-text-grey\" style=\"\"><i class=\"eut-inner-icon mb-tareas eut-text-black\"><\/i><\/div><\/div><div class=\"eut-box-content\"><h3 class=\"eut-box-title eut-h6\">Simplificaci\u00f3 de tasques<\/h3>  <p class=\"eut-small-text\">\u00das intensiu de sistemes inform\u00e0tics i log\u00edstica avan\u00e7ada per garantir una major qualitat i efici\u00e8ncia a les tasques.<\/p><\/div><\/div>[\/vc_column][vc_column width=&#8221;1\/3&#8243; rc_font_color=&#8221;#000000&#8243;]<div class=\"eut-element eut-box-icon eut-top-icon eut-align-center\" style=\"\"><div class=\"eut-single-icon eut-medium\"><div class=\"eut-wrapper-icon eut-no-shape eut-text-grey\" style=\"\"><i class=\"eut-inner-icon mb-control eut-text-black\"><\/i><\/div><\/div><div class=\"eut-box-content\"><h3 class=\"eut-box-title eut-h6\">Control i supervisi\u00f3<\/h3>  <p class=\"eut-small-text\">Els centres docents poden monitoritzar, en temps real, totes les operatives realitzades per Iddink amb els seus estudiants.<\/p><\/div><\/div>[\/vc_column][\/vc_row][vc_row section_type=&#8221;container-width&#8221; padding_top_multiplier=&#8221;2x&#8221; padding_bottom_multiplier=&#8221;2x&#8221; rc_heading_color=&#8221;primary-6&#8243; columns_gap=&#8221;60&#8243; rc_font_color=&#8221;#696969&#8243;][vc_column width=&#8221;1\/3&#8243; rc_font_color=&#8221;#000000&#8243;]<div class=\"eut-element eut-box-icon eut-top-icon eut-align-center\" style=\"\"><div class=\"eut-single-icon eut-medium\"><div class=\"eut-wrapper-icon eut-no-shape eut-text-grey\" style=\"\"><i class=\"eut-inner-icon et-icon-happy eut-text-black\"><\/i><\/div><\/div><div class=\"eut-box-content\"><h3 class=\"eut-box-title eut-h6\">Un curs sense sorpreses<\/h3>  <p class=\"eut-small-text\">El nostre principal objectiu \u00e9s que els estudiants tinguin, des del primer dia de classe, tots els materials educatius escollits pel centre docent.<\/p><\/div><\/div>[\/vc_column][vc_column width=&#8221;1\/3&#8243; rc_font_color=&#8221;#000000&#8243;]<div class=\"eut-element eut-box-icon eut-top-icon eut-align-center\" style=\"\"><div class=\"eut-single-icon eut-medium\"><div class=\"eut-wrapper-icon eut-no-shape eut-text-grey\" style=\"\"><i class=\"eut-inner-icon et-icon-clock eut-text-black\"><\/i><\/div><\/div><div class=\"eut-box-content\"><h3 class=\"eut-box-title eut-h6\">M\u00e9s temps per ensenyar<\/h3>  <p class=\"eut-small-text\">Les nostres solucions faciliten que els centres docents puguin dedicar els seus recursos i el seu temps en l&#8217;educaci\u00f3 dels estudiants, mentre Iddink s&#8217;encarrega de tots els aspectes operatius.<\/p><\/div><\/div>[\/vc_column][vc_column width=&#8221;1\/3&#8243; rc_font_color=&#8221;#000000&#8243;]<div class=\"eut-element eut-box-icon eut-top-icon eut-align-center\" style=\"\"><div class=\"eut-single-icon eut-medium\"><div class=\"eut-wrapper-icon eut-no-shape eut-text-grey\" style=\"\"><i class=\"eut-inner-icon mb-medioambiente eut-text-black\"><\/i><\/div><\/div><div class=\"eut-box-content\"><h3 class=\"eut-box-title eut-h6\">Ajuda al medi ambient<\/h3>  <p class=\"eut-small-text\">Gr\u00e0cies a la reutilitzaci\u00f3, els llibres sempre tenen una segona oportunitat i el nostre planeta tamb\u00e9. Estalviem tones de paper!<\/p><\/div><\/div>[\/vc_column][\/vc_row][vc_row rc_heading_color=&#8221;light&#8221; rc_bg_type=&#8221;image&#8221; rc_bg_image=&#8221;11675&#8243; rc_font_color=&#8221;#ffffff&#8221; rc_bg_color=&#8221;#666666&#8243;][vc_column width=&#8221;1\/4&#8243;][\/vc_column][vc_column width=&#8221;1\/2&#8243; text_align=&#8221;center&#8221;]<h3 class=\"eut-element eut-title eut-align-inherit eut-h2\" style=\"\"><span>Plataforma &#8220;tot alhora&#8221;<\/span><\/h3>[vc_column_text el_class=&#8221;centros-subtitulo-plataforma&#8221;]<\/p>\n<p>Compra els diferents continguts digitals en el mateix moment i en el mateix lloc que la resta de materials. Amb Iddink s&#8217;estalvien temps i diners.<\/p>\n<p>[\/vc_column_text]<div class=\"eut-empty-space eut-height-2x\" style=\"\"><\/div><div class=\"eut-element eut-align-center espacio_auto_nuevopedido eut-fluid-button\"><a href=\"https:\/\/www.iddink.es\/llbestellingen\/?taalISO=cat\" title=\"Fer una comanda\" target=\"_blank\" class=\"eut-btn eut-btn-medium eut-extra-round eut-bg-white eut-bg-hover-white eut-btn-line btn-iddink--button\" style=\"max-width: 250px;\" rel=\"noopener\"><span>Fes una comanda<\/span><\/a><\/div>[\/vc_column][vc_column width=&#8221;1\/4&#8243;][\/vc_column][\/vc_row]<\/p>\n","protected":false},"excerpt":{"rendered":"<p>[vc_row section_type=&#8221;fullwidth&#8221; height_ratio=&#8221;60&#8243; padding_top_multiplier=&#8221;custom&#8221; padding_bottom_multiplier=&#8221;&#8221; rc_heading_color=&#8221;light&#8221; rc_bg_type=&#8221;image&#8221; rc_bg_image=&#8221;8874&#8243; tablet_sm_height_ratio=&#8221;inherit&#8221; mobile_height_ratio=&#8221;60&#8243; rc_font_color=&#8221;#ffffff&#8221; rc_bg_color=&#8221;#5b5b5b&#8221; section_id=&#8221;banner-centros&#8221;][vc_column width=&#8221;1\/2&#8243; vertical_content_position=&#8221;bottom&#8221; full_height=&#8221;yes&#8221; css=&#8221;.vc_custom_1576861524697{padding-bottom: 12% !important;padding-left: 5% !important;}&#8221; el_id=&#8221;banner-centros-title&#8221;][\/vc_column][vc_column width=&#8221;1\/2&#8243; vertical_content_position=&#8221;bottom&#8221; full_height=&#8221;yes&#8221;][\/vc_column][\/vc_row][vc_row section_type=&#8221;fullwidth&#8221; padding_top_multiplier=&#8221;&#8221; padding_bottom_multiplier=&#8221;&#8221; rc_heading_color=&#8221;light&#8221; rc_link_color=&#8221;light&#8221; rc_link_hover_color=&#8221;light&#8221; columns_gap=&#8221;none&#8221; equal_column_height=&#8221;equal&#8221; mobile_columns_vertical_gap=&#8221;none&#8221; rc_font_color=&#8221;#ffffff&#8221;][vc_column width=&#8221;1\/4&#8243; content_width=&#8221;custom&#8221; rc_bg_type=&#8221;color&#8221; tablet_sm_width=&#8221;1-2&#8243; css=&#8221;.vc_custom_1578472139862{padding-top: 6% !important;padding-right: 4% !important;padding-bottom: 4% !important;padding-left: % !important;}&#8221; rc_bg_color=&#8221;#1e73bc&#8221; custom_content_width=&#8221;550&#8243;][\/vc_column][vc_column width=&#8221;1\/4&#8243; content_width=&#8221;custom&#8221; rc_bg_type=&#8221;color&#8221; tablet_sm_width=&#8221;1-2&#8243; css=&#8221;.vc_custom_1578472148283{padding-top: [&hellip;]<\/p>\n","protected":false},"author":9,"featured_media":0,"parent":0,"menu_order":0,"comment_status":"closed","ping_status":"closed","template":"","meta":{"footnotes":""},"class_list":["post-7219","page","type-page","status-publish","hentry"],"_links":{"self":[{"href":"https:\/\/spain.iddink.es\/ca\/wp-json\/wp\/v2\/pages\/7219","targetHints":{"allow":["GET"]}}],"collection":[{"href":"https:\/\/spain.iddink.es\/ca\/wp-json\/wp\/v2\/pages"}],"about":[{"href":"https:\/\/spain.iddink.es\/ca\/wp-json\/wp\/v2\/types\/page"}],"author":[{"embeddable":true,"href":"https:\/\/spain.iddink.es\/ca\/wp-json\/wp\/v2\/users\/9"}],"replies":[{"embeddable":true,"href":"https:\/\/spain.iddink.es\/ca\/wp-json\/wp\/v2\/comments?post=7219"}],"version-history":[{"count":34,"href":"https:\/\/spain.iddink.es\/ca\/wp-json\/wp\/v2\/pages\/7219\/revisions"}],"predecessor-version":[{"id":13680,"href":"https:\/\/spain.iddink.es\/ca\/wp-json\/wp\/v2\/pages\/7219\/revisions\/13680"}],"wp:attachment":[{"href":"https:\/\/spain.iddink.es\/ca\/wp-json\/wp\/v2\/media?parent=7219"}],"curies":[{"name":"wp","href":"https:\/\/api.w.org\/{rel}","templated":true}]}}