{"id":7986,"date":"2019-08-12T16:04:48","date_gmt":"2019-08-12T14:04:48","guid":{"rendered":"http:\/\/dev.iddink.mariabarcelona.com\/centros-2\/materiales-educativos\/"},"modified":"2025-05-14T16:33:44","modified_gmt":"2025-05-14T14:33:44","slug":"materials-educatius","status":"publish","type":"page","link":"https:\/\/spain.iddink.es\/ca\/centres\/materials-educatius\/","title":{"rendered":"Materials educatius"},"content":{"rendered":"<p>[vc_row section_type=&#8221;fullwidth&#8221; height_ratio=&#8221;60&#8243; padding_top_multiplier=&#8221;&#8221; padding_bottom_multiplier=&#8221;&#8221; rc_bg_type=&#8221;image&#8221; rc_bg_image=&#8221;11453&#8243; rc_bg_image_size=&#8221;responsive&#8221; rc_bg_position=&#8221;right-center&#8221; mobile_visibility=&#8221;hide&#8221; mobile_height_ratio=&#8221;100&#8243;][vc_column][vc_column_text][\/vc_column_text][\/vc_column][\/vc_row][vc_row section_type=&#8221;fullwidth&#8221; padding_top_multiplier=&#8221;&#8221; padding_bottom_multiplier=&#8221;&#8221; rc_bg_type=&#8221;image&#8221; rc_bg_image=&#8221;11453&#8243; desktop_visibility=&#8221;hide&#8221; tablet_visibility=&#8221;hide&#8221; tablet_sm_visibility=&#8221;hide&#8221; el_class=&#8221;desc_image_banner_height&#8221;][vc_column][vc_column_text][\/vc_column_text][\/vc_column][\/vc_row][vc_row rc_heading_color=&#8221;light&#8221; rc_bg_type=&#8221;color&#8221; mobile_visibility=&#8221;hide&#8221; rc_font_color=&#8221;#ffffff&#8221; rc_bg_color=&#8221;#1e73bc&#8221;][vc_column width=&#8221;1\/12&#8243; vertical_content_position=&#8221;middle&#8221; text_align=&#8221;center&#8221;][\/vc_column][vc_column width=&#8221;5\/6&#8243;]<h1 class=\"eut-element eut-title eut-align-center eut-h1 desc_materialeseducativos_titulo\" style=\"\"><span><br>\n<p style=\"text-align: center;\"><strong>Materials educatius<\/strong><br>\n<\/span><\/h1>[vc_column_text el_class=&#8221;desc_materialeseducativos_bloque1&#8243;]<\/p>\n<p style=\"text-align: center;\">Els recursos o materials educatius s\u00f3n els continguts, articles, eines i, en general, qualsevol element, f\u00edsic o digital, per utilitzar dins o fora de l\u2019aula, que han de tenir els estudiants durant el curs escolar.<\/p>\n<p>[\/vc_column_text][\/vc_column][vc_column width=&#8221;1\/12&#8243;][\/vc_column][\/vc_row][vc_row padding_top_multiplier=&#8221;&#8221; padding_bottom_multiplier=&#8221;&#8221; rc_heading_color=&#8221;light&#8221; rc_bg_type=&#8221;color&#8221; desktop_visibility=&#8221;hide&#8221; tablet_visibility=&#8221;hide&#8221; tablet_sm_visibility=&#8221;hide&#8221; rc_font_color=&#8221;#ffffff&#8221; rc_bg_color=&#8221;#1e73bc&#8221;][vc_column width=&#8221;5\/6&#8243; css=&#8221;.vc_custom_1570590879238{padding-right: 10px !important;padding-left: 10px !important;}&#8221;]<h1 class=\"eut-element eut-title eut-align-center eut-h1 desc_materialeseducativos_titulo_mobile\" style=\"\"><span><br>\n<p style=\"text-align: center;\"><strong>Materials educatius<\/strong><br>\n<\/span><\/h1>[vc_row_inner padding_top_multiplier=&#8221;&#8221; padding_bottom_multiplier=&#8221;&#8221; mobile_columns_vertical_gap=&#8221;15&#8243;][vc_column_inner width=&#8221;1\/12&#8243;][\/vc_column_inner][vc_column_inner width=&#8221;5\/6&#8243;]<h3 class=\"eut-element eut-title eut-align-left eut-small-text desc_materialeseducativos_bloque1_mobile\" style=\"margin-bottom: 15px;\"><span>Els recursos o materials educatius s\u00f3n els continguts, articles, eines i, en general, qualsevol element, f\u00edsic o digital, per utilitzar dins o fora de l\u2019aula, que han de tenir els estudiants durant el curs escolar.<\/span><\/h3>[\/vc_column_inner][vc_column_inner width=&#8221;1\/12&#8243;][\/vc_column_inner][\/vc_row_inner][\/vc_column][vc_column width=&#8221;1\/12&#8243;][\/vc_column][\/vc_row][vc_row padding_top_multiplier=&#8221;3x&#8221; padding_bottom_multiplier=&#8221;2x&#8221; mobile_visibility=&#8221;hide&#8221;][vc_column width=&#8221;1\/2&#8243;]<h3 class=\"eut-element eut-title eut-align-inherit eut-h1 desc_materialeseducativos_titulo_bloque\" style=\"margin-bottom: 0px;\"><span>Selecciona els teus materials<\/span><\/h3><div class=\"eut-empty-space eut-height-1x\" style=\"\"><\/div>[vc_column_text animation_delay=&#8221;800&#8243; animation_duration=&#8221;slow&#8221; el_class=&#8221;desc_materialeseducativos_texto_bloque&#8221;]<\/p>\n<p>Iddink facilita que els professors seleccionin, d\u2019entre l\u2019extensa varietat de recursos i materials disponibles, aquells que considerin m\u00e9s adequats per als seus alumnes. Per fer-ho, disposen d\u2019una plataforma <em>on-line<\/em> anomenada \u201c <em>Book List Maker<\/em>\u201d, que permet l\u2019edici\u00f3, la revisi\u00f3 i el control de la llista de materials educatius per al seg\u00fcent curs, permetent incloure-hi:<\/p>\n<p>[\/vc_column_text][vc_row_inner columns_gap=&#8221;5&#8243; mobile_visibility=&#8221;hide&#8221;][vc_column_inner][vc_column_text el_class=&#8221;desc_materialeseducativos_texto_bloque_check&#8221;]<\/p>\n<p style=\"padding-left: 20px;\"><span style=\"color: #1e73bc;\"><i class=\"fa fa-check-circle-o \" ><\/i>\u00a0<\/span> <a href=\"https:\/\/spain.iddink.es\/ca\/centres\/materials-educatius\/llibres\/\"><strong><span style=\"color: #1e73bc;\">Llibres<\/span> <\/strong><\/a>nous i llibres reutilizables <strong><a href=\"https:\/\/spain.iddink.es\/ca\/afas\/projectes-de-reutilitzacio-de-llibres\/\"><span style=\"color: #1e73bc;\">(ecoBooks)<\/span><\/a><\/strong><br \/>\n<span style=\"color: #1e73bc;\"><i class=\"fa fa-check-circle-o \" ><\/i>\u00a0<\/span> <a href=\"https:\/\/spain.iddink.es\/ca\/centres\/materials-educatius\/continguts-digitals\/\"><strong><span style=\"color: #0073cf;\">Continguts digitals<\/span><\/strong><\/a><br \/>\n<span style=\"color: #1e73bc;\"><i class=\"fa fa-check-circle-o \" ><\/i>\u00a0<\/span> <a href=\"https:\/\/spain.iddink.es\/ca\/centres\/materials-educatius\/dossiers\/\"><span style=\"color: #1e73bc;\"><strong>Dossiers<\/strong><\/span><\/a><br \/>\n<span style=\"color: #1e73bc;\"><i class=\"fa fa-check-circle-o \" ><\/i>\u00a0 <a title=\"Rob\u00f2tica\" href=\"https:\/\/spain.iddink.es\/ca\/centres\/materials-educatius\/robotica\/\"><strong><span style=\"color: #1e73bc;\">Material de rob\u00f2tica<\/span><\/strong><\/a><br \/>\n<span style=\"color: #1e73bc;\"><i class=\"fa fa-check-circle-o \" ><\/i>\u00a0<\/span> <strong><span style=\"color: #0073cf;\"><a style=\"color: #0073cf;\" href=\"https:\/\/spain.iddink.es\/ca\/centres\/materials-educatius\/altres-articles\/\">Atres materials<\/a><\/span><\/strong><\/span><\/p>\n<p>[\/vc_column_text][vc_column_text el_class=&#8221;desc_materialeseducativos_texto_bloque_bullet&#8221;]<\/p>\n<p style=\"padding-left: 30px;\"><span style=\"color: #1e73bc;\">o<\/span> Art\u00edcles de paperer\u00eda: agendes, carpetes, llibretes&#8230;<br \/>\n<span style=\"color: #1e73bc;\">o<\/span> Hardware: ordinadors, calculadores, mem\u00f2ries USB&#8230;<br \/>\n<span style=\"color: #1e73bc;\">o<\/span> Equips de m\u00fasica<br \/>\n<span style=\"color: #1e73bc;\">o<\/span> Equips i material de laboratori<\/p>\n<p>[\/vc_column_text][\/vc_column_inner][\/vc_row_inner][\/vc_column][vc_column width=&#8221;1\/2&#8243; mobile_width=&#8221;hide&#8221;]<div class=\"eut-empty-space eut-height-2x\" style=\"\"><\/div><div class=\"eut-element eut-image eut-align-center\" style=\"\"><div class=\"eut-image-wrapper eut-popup-item\" style=\"max-width:560px;\"><div class=\"eut-thumbnail-wrapper\"  style=\"max-width: 560px;\"><div class=\"eut-thumbnail\"  style=\"padding-top: 75%;\"><img loading=\"lazy\" decoding=\"async\" width=\"560\" height=\"420\" src=\"https:\/\/spain.iddink.es\/wp-content\/uploads\/2020\/01\/Iddink-127-e1573559068286-560x420-1.jpg\" class=\"attachment-full size-full\" alt=\"\" data-eutf-filter=\"yes\" srcset=\"https:\/\/spain.iddink.es\/wp-content\/uploads\/2020\/01\/Iddink-127-e1573559068286-560x420-1.jpg 560w, https:\/\/spain.iddink.es\/wp-content\/uploads\/2020\/01\/Iddink-127-e1573559068286-560x420-1-300x225.jpg 300w\" sizes=\"auto, (max-width: 560px) 100vw, 560px\" \/><\/div><\/div>  <\/div><\/div>[\/vc_column][\/vc_row][vc_row padding_top_multiplier=&#8221;3x&#8221; padding_bottom_multiplier=&#8221;2x&#8221; desktop_visibility=&#8221;hide&#8221; tablet_visibility=&#8221;hide&#8221; tablet_sm_visibility=&#8221;hide&#8221;][vc_column width=&#8221;1\/2&#8243; css=&#8221;.vc_custom_1570517459141{padding-right: 10px !important;padding-left: 10px !important;}&#8221;]<h3 class=\"eut-element eut-title eut-align-inherit eut-h1 desc_materialeseducativos_titulo_bloque_mobile\" style=\"margin-bottom: 0px;\"><span>Selecciona els teus materials<\/span><\/h3><div class=\"eut-empty-space eut-height-1x\" style=\"\"><\/div>[vc_column_text animation_delay=&#8221;800&#8243; animation_duration=&#8221;slow&#8221; el_class=&#8221;desc_materialeseducativos_texto_bloque&#8221;]Iddink facilita que els professors seleccionin, d\u2019entre l\u2019extensa varietat de recursos i materials disponibles, aquells que considerin m\u00e9s adequats pels seus alumnes. Per fer-ho disposen d\u2019una plataforma online anomenada \u201c Book List Maker\u201d, que permet l\u2019edici\u00f3, la revisi\u00f3 i el control de la llista de materials educatius per al seg\u00fcent curs, permetent incloure-hi:[\/vc_column_text][vc_row_inner columns_gap=&#8221;5&#8243; desktop_visibility=&#8221;hide&#8221; tablet_visibility=&#8221;hide&#8221; tablet_sm_visibility=&#8221;hide&#8221;][vc_column_inner][vc_column_text el_class=&#8221;desc_materialeseducativos_texto_bloque_check&#8221;]<\/p>\n<p style=\"padding-left: 20px;\"><span style=\"color: #1e73bc;\"><i class=\"fa fa-check-circle-o \" ><\/i>\u00a0<\/span> <a href=\"https:\/\/spain.iddink.es\/ca\/centres\/materials-educatius\/llibres\/\"><strong><span style=\"color: #1e73bc;\">Llibres<\/span> <\/strong><\/a>nous i llibres reutilizables <strong><a href=\"https:\/\/spain.iddink.es\/ca\/afas\/projectes-de-reutilitzacio-de-llibres\/\"><span style=\"color: #1e73bc;\">(ecoBooks)<\/span><\/a><\/strong><br \/>\n<span style=\"color: #1e73bc;\"><i class=\"fa fa-check-circle-o \" ><\/i>\u00a0<\/span> <a href=\"https:\/\/spain.iddink.es\/ca\/centres\/materials-educatius\/continguts-digitals\/\"><strong><span style=\"color: #0073cf;\">Continguts digitals<\/span><\/strong><\/a><br \/>\n<span style=\"color: #1e73bc;\"><i class=\"fa fa-check-circle-o \" ><\/i>\u00a0<\/span> <a href=\"https:\/\/spain.iddink.es\/ca\/centres\/materials-educatius\/dossiers\/\"><span style=\"color: #1e73bc;\"><strong>Dossiers<\/strong><\/span><\/a><br \/>\n<span style=\"color: #1e73bc;\"><i class=\"fa fa-check-circle-o \" ><\/i>\u00a0 <a title=\"Rob\u00f2tica\" href=\"https:\/\/spain.iddink.es\/ca\/centres\/materials-educatius\/robotica\/\"><strong><span style=\"color: #1e73bc;\">Material de rob\u00f2tica<\/span><\/strong><\/a><br \/>\n<span style=\"color: #1e73bc;\"><i class=\"fa fa-check-circle-o \" ><\/i>\u00a0<\/span> <strong><span style=\"color: #0073cf;\"><a style=\"color: #0073cf;\" href=\"https:\/\/spain.iddink.es\/ca\/centres\/materials-educatius\/altres-articles\/\">Atres materials<\/a><\/span><\/strong><\/span><\/p>\n<p>[\/vc_column_text][vc_column_text el_class=&#8221;desc_materialeseducativos_texto_bloque_bullet&#8221;]<\/p>\n<p style=\"padding-left: 30px;\"><span style=\"color: #1e73bc;\">o<\/span> Art\u00edcles de paperer\u00eda: agendes, carpetes, llibretes&#8230;<br \/>\n<span style=\"color: #1e73bc;\">o<\/span> Hardware: ordinadors, calculadores, mem\u00f2ries USB&#8230;<br \/>\n<span style=\"color: #1e73bc;\">o<\/span> Equips de m\u00fasica<br \/>\n<span style=\"color: #1e73bc;\">o<\/span> Equips i material de laboratori<\/p>\n<p>[\/vc_column_text][\/vc_column_inner][\/vc_row_inner][\/vc_column][vc_column width=&#8221;1\/2&#8243;]<div class=\"eut-element eut-image eut-align-center\" style=\"\"><div class=\"eut-image-wrapper eut-popup-item\" style=\"max-width:560px;\"><div class=\"eut-thumbnail-wrapper\"  style=\"max-width: 560px;\"><div class=\"eut-thumbnail\"  style=\"padding-top: 75%;\"><img loading=\"lazy\" decoding=\"async\" width=\"560\" height=\"420\" src=\"https:\/\/spain.iddink.es\/wp-content\/uploads\/2020\/01\/Iddink-127-e1573559068286-560x420-1.jpg\" class=\"attachment-full size-full\" alt=\"\" data-eutf-filter=\"yes\" srcset=\"https:\/\/spain.iddink.es\/wp-content\/uploads\/2020\/01\/Iddink-127-e1573559068286-560x420-1.jpg 560w, https:\/\/spain.iddink.es\/wp-content\/uploads\/2020\/01\/Iddink-127-e1573559068286-560x420-1-300x225.jpg 300w\" sizes=\"auto, (max-width: 560px) 100vw, 560px\" \/><\/div><\/div>  <\/div><\/div><div class=\"eut-empty-space eut-height-2x\" style=\"\"><\/div>[\/vc_column][\/vc_row][vc_row padding_top_multiplier=&#8221;&#8221; padding_bottom_multiplier=&#8221;&#8221; mobile_visibility=&#8221;hide&#8221;][vc_column][vc_column_text el_class=&#8221;desc_materialeseducativos_titulo_bloque&#8221;]Avantatges[\/vc_column_text][\/vc_column][\/vc_row][vc_row padding_top_multiplier=&#8221;&#8221; desktop_visibility=&#8221;hide&#8221; tablet_visibility=&#8221;hide&#8221; tablet_sm_visibility=&#8221;hide&#8221;][vc_column][vc_column_text el_class=&#8221;desc_materialeseducativos_titulo_azul_mobile&#8221;]<\/p>\n<p style=\"text-align: center;\">Avantatges<\/p>\n<p>[\/vc_column_text][\/vc_column][\/vc_row][vc_row padding_bottom_multiplier=&#8221;&#8221; columns_gap=&#8221;60&#8243; mobile_visibility=&#8221;hide&#8221;][vc_column width=&#8221;1\/3&#8243; rc_heading_color=&#8221;aqua&#8221;]<div class=\"eut-element eut-box-icon eut-top-icon eut-align-left iddink_icons\" style=\"\"><div class=\"eut-single-icon eut-medium\"><div class=\"eut-wrapper-icon eut-no-shape eut-text-grey\" style=\"\"><i class=\"eut-inner-icon mb-ahorro eut-text-black\"><\/i><\/div><\/div><div class=\"eut-box-content\"><h6 class=\"eut-box-title eut-h6\"><strong>Estalvi<\/strong><\/h6>  <p class=\"\">Amb el m\u00e0xim estalvi econ\u00f2mic i ecol\u00f2gic.<\/p><\/div><\/div>[\/vc_column][vc_column width=&#8221;1\/3&#8243; rc_heading_color=&#8221;aqua&#8221;]<div class=\"eut-element eut-box-icon eut-top-icon eut-align-left iddink_icons\" style=\"\"><div class=\"eut-single-icon eut-medium\"><div class=\"eut-wrapper-icon eut-no-shape eut-text-grey\" style=\"\"><i class=\"eut-inner-icon mb-todo_junto eut-text-black\"><\/i><\/div><\/div><div class=\"eut-box-content\"><h6 class=\"eut-box-title eut-h6\"><strong>Tot alhora<\/strong><\/h6>  <p class=\"\">Comprant-ho tot en el mateix lloc, sense haver de navegar per diferents p\u00e0gines.<\/p><\/div><\/div>[\/vc_column][vc_column width=&#8221;1\/3&#8243; rc_heading_color=&#8221;aqua&#8221;]<div class=\"eut-element eut-box-icon eut-top-icon eut-align-left iddink_icons\" style=\"\"><div class=\"eut-single-icon eut-medium\"><div class=\"eut-wrapper-icon eut-no-shape eut-text-grey\" style=\"\"><i class=\"eut-inner-icon mb-personalizacion eut-text-black\"><\/i><\/div><\/div><div class=\"eut-box-content\"><h6 class=\"eut-box-title eut-h6\"><strong>Personalitzaci\u00f3<\/strong><\/h6>  <p class=\"\">Facilitant la personalizaci\u00f3 d&#8217;alguns materials com les agendes, les carpetes, els dossiers, etc.<\/p><\/div><\/div>[\/vc_column][\/vc_row][vc_row padding_top_multiplier=&#8221;&#8221; padding_bottom_multiplier=&#8221;&#8221; columns_gap=&#8221;60&#8243; mobile_visibility=&#8221;hide&#8221;][vc_column width=&#8221;1\/3&#8243; rc_heading_color=&#8221;aqua&#8221;]<div class=\"eut-element eut-box-icon eut-top-icon eut-align-left iddink_icons\" style=\"\"><div class=\"eut-single-icon eut-medium\"><div class=\"eut-wrapper-icon eut-no-shape eut-text-grey\" style=\"\"><i class=\"eut-inner-icon mb-cobro_cuotas eut-text-black\"><\/i><\/div><\/div><div class=\"eut-box-content\"><h6 class=\"eut-box-title eut-h6\"><strong>Facilitat de pagament<\/strong><\/h6>  <p class=\"\">Es pot pagar amb targeta de cr\u00e8dit, Bizum o transfer\u00e8ncia banc\u00e0ria, fraccionant els pagaments com m\u00e9s convingui.<\/p><\/div><\/div>[\/vc_column][vc_column width=&#8221;1\/3&#8243; rc_heading_color=&#8221;aqua&#8221;]<div class=\"eut-element eut-box-icon eut-top-icon eut-align-left iddink_icons\" style=\"\"><div class=\"eut-single-icon eut-medium\"><div class=\"eut-wrapper-icon eut-no-shape eut-text-grey\" style=\"\"><i class=\"eut-inner-icon et-icon-chat eut-text-black\"><\/i><\/div><\/div><div class=\"eut-box-content\"><h6 class=\"eut-box-title eut-h6\"><strong>Atenci\u00f3 a fam\u00edlies i estudiants<\/strong><\/h6>  <p class=\"\">Amb servei d&#8217;atenci\u00f3 personalitzat a la nostra botiga de Pallej\u00e0, en el teu centre d&#8217;ensenyament, per mail o via web. <\/p><\/div><\/div>[\/vc_column][vc_column width=&#8221;1\/3&#8243; rc_heading_color=&#8221;aqua&#8221;]<div class=\"eut-element eut-box-icon eut-top-icon eut-align-left iddink_icons\" style=\"\"><div class=\"eut-single-icon eut-medium\"><div class=\"eut-wrapper-icon eut-no-shape eut-text-grey\" style=\"\"><i class=\"eut-inner-icon mb-sin_errores eut-text-black\"><\/i><\/div><\/div><div class=\"eut-box-content\"><h6 class=\"eut-box-title eut-h6\"><strong>Sense errors<\/strong><\/h6>  <p class=\"\">Amb sistemes inform\u00e1tics, procediments i operatives dissenyades per garantir la m\u00e0xima qualitat del material lliurat als alumnes. Objectiu \u201cZero errors\u201d.<\/p><\/div><\/div>[\/vc_column][\/vc_row][vc_row padding_top_multiplier=&#8221;&#8221; padding_bottom_multiplier=&#8221;2x&#8221; columns_gap=&#8221;60&#8243; mobile_visibility=&#8221;hide&#8221;][vc_column width=&#8221;1\/3&#8243; rc_heading_color=&#8221;aqua&#8221;]<div class=\"eut-element eut-box-icon eut-top-icon eut-align-left iddink_icons\" style=\"\"><div class=\"eut-single-icon eut-medium\"><div class=\"eut-wrapper-icon eut-no-shape eut-text-grey\" style=\"\"><i class=\"eut-inner-icon mb-entregas eut-text-black\"><\/i><\/div><\/div><div class=\"eut-box-content\"><h6 class=\"eut-box-title eut-h6\"><strong>Lliurament a domicili<\/strong><\/h6>  <p class=\"\">Les comandes s\u2019envien a domicili o punts de recollida (estalvi de 3\u20ac en els costos d&#8217;enviament en les comandes realitzades fins al 20 de juliol).<\/p><\/div><\/div>[\/vc_column][vc_column width=&#8221;1\/3&#8243; rc_heading_color=&#8221;aqua&#8221; rc_font_color=&#8221;#000000&#8243;]<div class=\"eut-element eut-box-icon eut-top-icon eut-align-left iddink_icons\" style=\"\"><div class=\"eut-single-icon eut-medium\"><div class=\"eut-wrapper-icon eut-no-shape eut-text-grey\" style=\"\"><i class=\"eut-inner-icon mb-cobro eut-text-black\"><\/i><\/div><\/div><div class=\"eut-box-content\"><h6 class=\"eut-box-title eut-h6\"><strong>Cobrament de quotes<\/strong><\/h6>  <p class=\"\">Permetent tamb\u00e9 incloure el cobrament de quotes del centre.<\/p><\/div><\/div>[\/vc_column][vc_column width=&#8221;1\/3&#8243;][\/vc_column][\/vc_row][vc_row padding_top_multiplier=&#8221;&#8221; padding_bottom_multiplier=&#8221;2x&#8221; columns_gap=&#8221;60&#8243; desktop_visibility=&#8221;hide&#8221; tablet_visibility=&#8221;hide&#8221; tablet_sm_visibility=&#8221;hide&#8221;][vc_column text_align=&#8221;center&#8221; rc_heading_color=&#8221;aqua&#8221;]<div class=\"eut-element eut-box-icon eut-top-icon eut-align-center eut-animated-item eut-fade-in-up eut-duration-normal iddink_icons\" style=\"\" data-delay=\"200\"><div class=\"eut-single-icon eut-medium\"><div class=\"eut-wrapper-icon eut-no-shape eut-text-grey\" style=\"\"><i class=\"eut-inner-icon mb-ahorro eut-text-black\"><\/i><\/div><\/div><div class=\"eut-box-content\"><h6 class=\"eut-box-title eut-h6\"><strong>Estalvi<\/strong><\/h6>  <p class=\"\">Amb el m\u00e0xim estalvi econ\u00f2mic i ecol\u00f2gic<\/p><\/div><\/div><div class=\"eut-element eut-box-icon eut-top-icon eut-align-center eut-animated-item eut-fade-in-up eut-duration-normal iddink_icons\" style=\"\" data-delay=\"200\"><div class=\"eut-single-icon eut-medium\"><div class=\"eut-wrapper-icon eut-no-shape eut-text-grey\" style=\"\"><i class=\"eut-inner-icon mb-todo_junto eut-text-black\"><\/i><\/div><\/div><div class=\"eut-box-content\"><h6 class=\"eut-box-title eut-h6\"><strong>``Tot alhora``<\/strong><\/h6>  <p class=\"\">Comprant-ho tot en un \u00fanic lloc, sense necessitat de haver de navegar per diferents p\u00e0gines.<\/p><\/div><\/div><div class=\"eut-element eut-box-icon eut-top-icon eut-align-center eut-animated-item eut-fade-in-up eut-duration-normal iddink_icons\" style=\"\" data-delay=\"200\"><div class=\"eut-single-icon eut-medium\"><div class=\"eut-wrapper-icon eut-no-shape eut-text-grey\" style=\"\"><i class=\"eut-inner-icon mb-personalizacion eut-text-black\"><\/i><\/div><\/div><div class=\"eut-box-content\"><h6 class=\"eut-box-title eut-h6\"><strong>Personalitzaci\u00f3<\/strong><\/h6>  <p class=\"\">Facilitant la personalizaci\u00f3 d&#8217;alguns materials (agendes, carpetes, dossiers, etc.).<\/p><\/div><\/div><div class=\"eut-element eut-box-icon eut-top-icon eut-align-center iddink_icons\" style=\"\"><div class=\"eut-single-icon eut-medium\"><div class=\"eut-wrapper-icon eut-no-shape eut-text-grey\" style=\"\"><i class=\"eut-inner-icon mb-cobro_cuotas eut-text-black\"><\/i><\/div><\/div><div class=\"eut-box-content\"><h6 class=\"eut-box-title eut-h6\"><strong>Facilitat de pagament<\/strong><\/h6>  <p class=\"\">Es pot pagar amb targeta de cr\u00e8dit, Bizum o transfer\u00e8ncia banc\u00e0ria, fraccionant els pagaments com m\u00e9s convingui.<\/p><\/div><\/div><div class=\"eut-element eut-box-icon eut-top-icon eut-align-center eut-animated-item eut-fade-in-up eut-duration-normal iddink_icons\" style=\"\" data-delay=\"200\"><div class=\"eut-single-icon eut-medium\"><div class=\"eut-wrapper-icon eut-no-shape eut-text-grey\" style=\"\"><i class=\"eut-inner-icon et-icon-chat eut-text-black\"><\/i><\/div><\/div><div class=\"eut-box-content\"><h6 class=\"eut-box-title eut-h6\"><strong>Atenci\u00f3 a fam\u00edlies i estudiants<\/strong><\/h6>  <p class=\"\">Amb servei d&#8217;atenci\u00f3 personalitzat a la nostra botiga de Pallej\u00e0, en el teu centre d&#8217;ensenyament, per mail o via web. <\/p><\/div><\/div><div class=\"eut-element eut-box-icon eut-top-icon eut-align-center eut-animated-item eut-fade-in-up eut-duration-normal iddink_icons\" style=\"\" data-delay=\"200\"><div class=\"eut-single-icon eut-medium\"><div class=\"eut-wrapper-icon eut-no-shape eut-text-grey\" style=\"\"><i class=\"eut-inner-icon mb-sin_errores eut-text-black\"><\/i><\/div><\/div><div class=\"eut-box-content\"><h6 class=\"eut-box-title eut-h6\"><strong>Sense errors<\/strong><\/h6>  <p class=\"\">Amb sistemes inform\u00e1tics, procediments i operatives dissenyades per garantir la m\u00e0xima qualitat al material entregat. Objectiu \u201c0 errors\u201d.<\/p><\/div><\/div><div class=\"eut-element eut-box-icon eut-top-icon eut-align-center eut-animated-item eut-fade-in-up eut-duration-normal iddink_icons\" style=\"\" data-delay=\"200\"><div class=\"eut-single-icon eut-medium\"><div class=\"eut-wrapper-icon eut-no-shape eut-text-grey\" style=\"\"><i class=\"eut-inner-icon mb-entregas eut-text-black\"><\/i><\/div><\/div><div class=\"eut-box-content\"><h6 class=\"eut-box-title eut-h6\"><strong>Lliurament a domicili<\/strong><\/h6>  <p class=\"\">Les comandes s\u2019envien a domicili o punts de recollida sense cost (transport gratu\u00eft en les comandes realitzades fins al 20 de juliol).<\/p><\/div><\/div><div class=\"eut-element eut-box-icon eut-top-icon eut-align-center eut-animated-item eut-fade-in-up eut-duration-normal iddink_icons\" style=\"\" data-delay=\"200\"><div class=\"eut-single-icon eut-medium\"><div class=\"eut-wrapper-icon eut-no-shape eut-text-grey\" style=\"\"><i class=\"eut-inner-icon mb-cobro eut-text-black\"><\/i><\/div><\/div><div class=\"eut-box-content\"><h6 class=\"eut-box-title eut-h6\"><strong>Cobrament de quotes<\/strong><\/h6>  <p class=\"\">Pemetent tamb\u00e9 incloure el cobrament de quotes del centre.<\/p><\/div><\/div>[\/vc_column][\/vc_row]<\/p>\n","protected":false},"excerpt":{"rendered":"<p>[vc_row section_type=&#8221;fullwidth&#8221; height_ratio=&#8221;60&#8243; padding_top_multiplier=&#8221;&#8221; padding_bottom_multiplier=&#8221;&#8221; rc_bg_type=&#8221;image&#8221; rc_bg_image=&#8221;11453&#8243; rc_bg_image_size=&#8221;responsive&#8221; rc_bg_position=&#8221;right-center&#8221; mobile_visibility=&#8221;hide&#8221; mobile_height_ratio=&#8221;100&#8243;][vc_column][vc_column_text][\/vc_column_text][\/vc_column][\/vc_row][vc_row section_type=&#8221;fullwidth&#8221; padding_top_multiplier=&#8221;&#8221; padding_bottom_multiplier=&#8221;&#8221; rc_bg_type=&#8221;image&#8221; rc_bg_image=&#8221;11453&#8243; desktop_visibility=&#8221;hide&#8221; tablet_visibility=&#8221;hide&#8221; tablet_sm_visibility=&#8221;hide&#8221; el_class=&#8221;desc_image_banner_height&#8221;][vc_column][vc_column_text][\/vc_column_text][\/vc_column][\/vc_row][vc_row rc_heading_color=&#8221;light&#8221; rc_bg_type=&#8221;color&#8221; mobile_visibility=&#8221;hide&#8221; rc_font_color=&#8221;#ffffff&#8221; rc_bg_color=&#8221;#1e73bc&#8221;][vc_column width=&#8221;1\/12&#8243; vertical_content_position=&#8221;middle&#8221; text_align=&#8221;center&#8221;][\/vc_column][vc_column width=&#8221;5\/6&#8243;][vc_column_text el_class=&#8221;desc_materialeseducativos_bloque1&#8243;] Els recursos o materials educatius s\u00f3n els continguts, articles, eines i, en general, qualsevol element, f\u00edsic o digital, per utilitzar dins o fora de l\u2019aula, [&hellip;]<\/p>\n","protected":false},"author":9,"featured_media":0,"parent":7219,"menu_order":0,"comment_status":"closed","ping_status":"closed","template":"","meta":{"footnotes":""},"class_list":["post-7986","page","type-page","status-publish","hentry"],"_links":{"self":[{"href":"https:\/\/spain.iddink.es\/ca\/wp-json\/wp\/v2\/pages\/7986","targetHints":{"allow":["GET"]}}],"collection":[{"href":"https:\/\/spain.iddink.es\/ca\/wp-json\/wp\/v2\/pages"}],"about":[{"href":"https:\/\/spain.iddink.es\/ca\/wp-json\/wp\/v2\/types\/page"}],"author":[{"embeddable":true,"href":"https:\/\/spain.iddink.es\/ca\/wp-json\/wp\/v2\/users\/9"}],"replies":[{"embeddable":true,"href":"https:\/\/spain.iddink.es\/ca\/wp-json\/wp\/v2\/comments?post=7986"}],"version-history":[{"count":61,"href":"https:\/\/spain.iddink.es\/ca\/wp-json\/wp\/v2\/pages\/7986\/revisions"}],"predecessor-version":[{"id":14136,"href":"https:\/\/spain.iddink.es\/ca\/wp-json\/wp\/v2\/pages\/7986\/revisions\/14136"}],"up":[{"embeddable":true,"href":"https:\/\/spain.iddink.es\/ca\/wp-json\/wp\/v2\/pages\/7219"}],"wp:attachment":[{"href":"https:\/\/spain.iddink.es\/ca\/wp-json\/wp\/v2\/media?parent=7986"}],"curies":[{"name":"wp","href":"https:\/\/api.w.org\/{rel}","templated":true}]}}