{"id":9351,"date":"2019-09-10T10:45:30","date_gmt":"2019-09-10T08:45:30","guid":{"rendered":"https:\/\/www.pre-iddink.cat\/centros-2\/materiales-educativos\/robotica\/"},"modified":"2019-11-15T13:51:07","modified_gmt":"2019-11-15T12:51:07","slug":"robotica","status":"publish","type":"page","link":"https:\/\/spain.iddink.es\/ca\/centres\/materials-educatius\/robotica\/","title":{"rendered":"Rob\u00f2tica"},"content":{"rendered":"<p>[vc_row section_type=&#8221;fullwidth&#8221; height_ratio=&#8221;60&#8243; padding_top_multiplier=&#8221;&#8221; padding_bottom_multiplier=&#8221;&#8221; rc_bg_type=&#8221;image&#8221; rc_bg_image=&#8221;8489&#8243; rc_bg_image_size=&#8221;responsive&#8221; tablet_height_ratio=&#8221;60&#8243; tablet_sm_height_ratio=&#8221;60&#8243; mobile_height_ratio=&#8221;60&#8243;][vc_column][vc_column_text][\/vc_column_text][\/vc_column][\/vc_row][vc_row rc_heading_color=&#8221;light&#8221; rc_bg_type=&#8221;color&#8221; rc_font_color=&#8221;#ffffff&#8221; rc_bg_color=&#8221;#1e73bc&#8221;][vc_column vertical_content_position=&#8221;middle&#8221; text_align=&#8221;center&#8221;]<h1 class=\"eut-element eut-title eut-align-center eut-h1 desc_escuelaverde_titulo eut-tablet-sm-reset-increase-heading eut-mobile-reset-increase-heading eut-increase-heading eut-heading-120\" style=\"\"><span><br>\n<p style=\"text-align: center;\"><strong>Rob\u00f2tica<\/strong><br>\n<\/span><\/h1>[\/vc_column][\/vc_row][vc_row padding_top_multiplier=&#8221;3x&#8221; tablet_sm_visibility=&#8221;hide&#8221; mobile_visibility=&#8221;hide&#8221;][vc_column width=&#8221;1\/2&#8243;]<h3 class=\"eut-element eut-title eut-align-inherit eut-h1 desc_escuelaverde_titulo_bloque\" style=\"margin-bottom: 0px;\"><span>La rob\u00f2tica educativa<\/span><\/h3><div class=\"eut-empty-space eut-height-1x\" style=\"\"><\/div>[vc_column_text animation_delay=&#8221;800&#8243; animation_duration=&#8221;slow&#8221; el_class=&#8221;desc_escuelaverde_texto_bloque&#8221;]La rob\u00f2tica educativa permet entendre, dissenyar i desenvolupar reptes educatius basats en l&#8217;activitat i la iniciativa dels estudiants. Aquests reptes els ajuden a iniciar-se, des de joves, en l&#8217;estudi de les ci\u00e8ncies i la tecnologia, aix\u00ed com a resoldre problemes i treballar en equip. El docent planteja reptes relacionats amb la tecnologia que els alumnes han de resoldre mitjan\u00e7ant diversos materials f\u00edsics (objectes mec\u00e0nics, electr\u00f2nics, robots&#8230;) aplicant el pensament l\u00f2gic i enriquint aix\u00ed el proc\u00e9s d&#8217;aprenentatge mitjan\u00e7ant la creativitat i la innovaci\u00f3, aconseguint una implicaci\u00f3 de l&#8217;alumne molt m\u00e9s directa.<br \/>\nIddink tamb\u00e9 posa a disposici\u00f3 del centre tots els articles i <em>gadgets<\/em> relacionats amb aquest \u00e0mbit, perqu\u00e8, si s&#8217;inclou en la llista, els alumnes puguin comprar-los conjuntament amb la resta de continguts i materials educatius.[\/vc_column_text][vc_row_inner][vc_column_inner]<div class=\"eut-element eut-box-icon eut-side-icon eut-align-left desc_escuelaverde_texto_bloque\" style=\"margin-bottom: 4px;\"><div class=\"eut-single-icon eut-small\"><div class=\"eut-wrapper-icon eut-no-shape eut-text-grey\" style=\"\"><i class=\"eut-inner-icon smp-icon-check eut-text-primary-2\"><\/i><\/div><\/div><div class=\"eut-box-content\">  <p class=\"\">Kits i manuals de rob\u00f2tica<\/p><\/div><\/div><div class=\"eut-element eut-box-icon eut-side-icon eut-align-left desc_escuelaverde_texto_bloque\" style=\"margin-bottom: 4px;\"><div class=\"eut-single-icon eut-small\"><div class=\"eut-wrapper-icon eut-no-shape eut-text-grey\" style=\"\"><i class=\"eut-inner-icon smp-icon-check eut-text-primary-2\"><\/i><\/div><\/div><div class=\"eut-box-content\">  <p class=\"\">Material interactiu programable<\/p><\/div><\/div><div class=\"eut-element eut-box-icon eut-side-icon eut-align-left desc_escuelaverde_texto_bloque\" style=\"margin-bottom: 4px;\"><div class=\"eut-single-icon eut-small\"><div class=\"eut-wrapper-icon eut-no-shape eut-text-grey\" style=\"\"><i class=\"eut-inner-icon smp-icon-check eut-text-primary-2\"><\/i><\/div><\/div><div class=\"eut-box-content\">  <p class=\"\">Laboratoris tecnol\u00f2gics<\/p><\/div><\/div><div class=\"eut-element eut-box-icon eut-side-icon eut-align-left desc_escuelaverde_texto_bloque\" style=\"\"><div class=\"eut-single-icon eut-small\"><div class=\"eut-wrapper-icon eut-no-shape eut-text-grey\" style=\"\"><i class=\"eut-inner-icon smp-icon-check eut-text-primary-2\"><\/i><\/div><\/div><div class=\"eut-box-content\">  <p class=\"\">Robots<\/p><\/div><\/div>[\/vc_column_inner][\/vc_row_inner][\/vc_column][vc_column width=&#8221;1\/2&#8243; mobile_width=&#8221;1-2&#8243;]<div class=\"eut-empty-space eut-height-2x\" style=\"\"><\/div><div class=\"eut-element eut-image eut-align-center\" style=\"\"><div class=\"eut-image-wrapper eut-popup-item\" style=\"max-width:1024px;\"><div class=\"eut-thumbnail-wrapper\"  style=\"max-width: 1024px;\"><div class=\"eut-thumbnail\"  style=\"padding-top: 79.492%;\"><img loading=\"lazy\" decoding=\"async\" width=\"1024\" height=\"814\" src=\"https:\/\/spain.iddink.es\/wp-content\/uploads\/2019\/11\/img_robotica-1024x814.jpg\" class=\"attachment-full size-full\" alt=\"\" data-eutf-filter=\"yes\" srcset=\"https:\/\/spain.iddink.es\/wp-content\/uploads\/2019\/11\/img_robotica-1024x814.jpg 1024w, https:\/\/spain.iddink.es\/wp-content\/uploads\/2019\/11\/img_robotica-1024x814-300x238.jpg 300w, https:\/\/spain.iddink.es\/wp-content\/uploads\/2019\/11\/img_robotica-1024x814-768x611.jpg 768w\" sizes=\"auto, (max-width: 1024px) 100vw, 1024px\" \/><\/div><\/div>  <\/div><\/div>[\/vc_column][\/vc_row][vc_row padding_bottom_multiplier=&#8221;&#8221; desktop_visibility=&#8221;hide&#8221; tablet_visibility=&#8221;hide&#8221;][vc_column css=&#8221;.vc_custom_1570518317726{margin-top: 15px !important;padding-right: 10px !important;padding-left: 10px !important;}&#8221;]<h3 class=\"eut-element eut-title eut-align-inherit eut-h1 desc_escuelaverde_titulo_bloque_mobile\" style=\"margin-bottom: 0px;\"><span>La rob\u00f3tica educativa<\/span><\/h3><div class=\"eut-empty-space\" style=\"height: 22px;\"><\/div>[vc_column_text animation_delay=&#8221;800&#8243; animation_duration=&#8221;slow&#8221; el_class=&#8221;desc_escuelaverde_texto_bloque&#8221;]La rob\u00f2tica educativa permet entendre, dissenyar i desenvolupar reptes educatius basats en l&#8217;activitat i la iniciativa dels estudiants. Aquests reptes els ajuden a iniciar-se, des de joves, en l&#8217;estudi de les ci\u00e8ncies i la tecnologia, aix\u00ed com a resoldre problemes i treballar en equip. El docent planteja reptes relacionats amb la tecnologia que els alumnes han de resoldre mitjan\u00e7ant diversos materials f\u00edsics (objectes mec\u00e0nics, electr\u00f2nics, robots&#8230;) aplicant el pensament l\u00f2gic i enriquint aix\u00ed el proc\u00e9s d&#8217;aprenentatge mitjan\u00e7ant la creativitat i la innovaci\u00f3, aconseguint una implicaci\u00f3 de l&#8217;alumne molt m\u00e9s directa.<br \/>\nIddink tamb\u00e9 posa a disposici\u00f3 del centre tots els articles i <em>gadgets<\/em> relacionats amb aquest \u00e0mbit, perqu\u00e8, si s&#8217;inclou en la llista, els alumnes puguin comprar-los conjuntament amb la resta de continguts i materials educatius.[\/vc_column_text][\/vc_column][\/vc_row][vc_row desktop_visibility=&#8221;hide&#8221; tablet_visibility=&#8221;hide&#8221;][vc_column css=&#8221;.vc_custom_1570518324564{padding-left: 10px !important;}&#8221;]<div class=\"eut-element eut-box-icon eut-side-icon eut-align-left desc_escuelaverde_texto_bloque\" style=\"margin-bottom: 4px;\"><div class=\"eut-single-icon eut-small\"><div class=\"eut-wrapper-icon eut-no-shape eut-text-grey\" style=\"\"><i class=\"eut-inner-icon smp-icon-check eut-text-primary-2\"><\/i><\/div><\/div><div class=\"eut-box-content\">  <p class=\"\">Kits i manuals de rob\u00f2tica<\/p><\/div><\/div><div class=\"eut-element eut-box-icon eut-side-icon eut-align-left desc_escuelaverde_texto_bloque\" style=\"margin-bottom: 4px;\"><div class=\"eut-single-icon eut-small\"><div class=\"eut-wrapper-icon eut-no-shape eut-text-grey\" style=\"\"><i class=\"eut-inner-icon smp-icon-check eut-text-primary-2\"><\/i><\/div><\/div><div class=\"eut-box-content\">  <p class=\"\">Material interactiu programable<\/p><\/div><\/div><div class=\"eut-element eut-box-icon eut-side-icon eut-align-left desc_escuelaverde_texto_bloque\" style=\"margin-bottom: 4px;\"><div class=\"eut-single-icon eut-small\"><div class=\"eut-wrapper-icon eut-no-shape eut-text-grey\" style=\"\"><i class=\"eut-inner-icon smp-icon-check eut-text-primary-2\"><\/i><\/div><\/div><div class=\"eut-box-content\">  <p class=\"\">Laboratoris tecnol\u00f2gics<\/p><\/div><\/div><div class=\"eut-element eut-box-icon eut-side-icon eut-align-left desc_escuelaverde_texto_bloque\" style=\"\"><div class=\"eut-single-icon eut-small\"><div class=\"eut-wrapper-icon eut-no-shape eut-text-grey\" style=\"\"><i class=\"eut-inner-icon smp-icon-check eut-text-primary-2\"><\/i><\/div><\/div><div class=\"eut-box-content\">  <p class=\"\">Robots<\/p><\/div><\/div><div class=\"eut-empty-space eut-height-1x\" style=\"\"><\/div><div class=\"eut-element eut-image eut-align-center\" style=\"\"><div class=\"eut-image-wrapper eut-popup-item\" style=\"max-width:1024px;\"><div class=\"eut-thumbnail-wrapper\"  style=\"max-width: 1024px;\"><div class=\"eut-thumbnail\"  style=\"padding-top: 79.492%;\"><img loading=\"lazy\" decoding=\"async\" width=\"1024\" height=\"814\" src=\"https:\/\/spain.iddink.es\/wp-content\/uploads\/2019\/11\/img_robotica-1024x814.jpg\" class=\"attachment-full size-full\" alt=\"\" data-eutf-filter=\"yes\" srcset=\"https:\/\/spain.iddink.es\/wp-content\/uploads\/2019\/11\/img_robotica-1024x814.jpg 1024w, https:\/\/spain.iddink.es\/wp-content\/uploads\/2019\/11\/img_robotica-1024x814-300x238.jpg 300w, https:\/\/spain.iddink.es\/wp-content\/uploads\/2019\/11\/img_robotica-1024x814-768x611.jpg 768w\" sizes=\"auto, (max-width: 1024px) 100vw, 1024px\" \/><\/div><\/div>  <\/div><\/div>[\/vc_column][\/vc_row][vc_column content_width=&#8221;90&#8243; horizontal_content_position=&#8221;center&#8221;]<div class=\"eut-empty-space eut-height-1x\" style=\"\"><\/div>[\/vc_column][vc_row padding_top_multiplier=&#8221;&#8221; padding_bottom_multiplier=&#8221;&#8221;][vc_column][vc_row_inner padding_top_multiplier=&#8221;&#8221; padding_bottom_multiplier=&#8221;&#8221; desktop_visibility=&#8221;hide&#8221; tablet_visibility=&#8221;hide&#8221; tablet_sm_visibility=&#8221;hide&#8221; mobile_visibility=&#8221;hide&#8221;][vc_column_inner width=&#8221;1\/5&#8243;]<div class=\"eut-element eut-image eut-align-center\" style=\"\"><div class=\"eut-image-wrapper eut-popup-item\" style=\"max-width:830px;\"><div class=\"eut-thumbnail-wrapper\"  style=\"max-width: 830px;\"><div class=\"eut-thumbnail\"  style=\"padding-top: 36.145%;\"><img loading=\"lazy\" decoding=\"async\" width=\"830\" height=\"300\" src=\"https:\/\/spain.iddink.es\/wp-content\/uploads\/2019\/09\/logo-arduino-e1569223647371.jpg\" class=\"attachment-full size-full\" alt=\"\" data-eutf-filter=\"yes\" srcset=\"https:\/\/spain.iddink.es\/wp-content\/uploads\/2019\/09\/logo-arduino-e1569223647371.jpg 830w, https:\/\/spain.iddink.es\/wp-content\/uploads\/2019\/09\/logo-arduino-e1569223647371-300x108.jpg 300w, https:\/\/spain.iddink.es\/wp-content\/uploads\/2019\/09\/logo-arduino-e1569223647371-768x278.jpg 768w\" sizes=\"auto, (max-width: 830px) 100vw, 830px\" \/><\/div><\/div>  <\/div><\/div>[\/vc_column_inner][vc_column_inner width=&#8221;1\/5&#8243;]<div class=\"eut-element eut-image eut-align-center\" style=\"\"><div class=\"eut-image-wrapper eut-popup-item\" style=\"max-width:477px;\"><div class=\"eut-thumbnail-wrapper\"  style=\"max-width: 477px;\"><div class=\"eut-thumbnail\"  style=\"padding-top: 22.013%;\"><img loading=\"lazy\" decoding=\"async\" width=\"477\" height=\"105\" src=\"https:\/\/spain.iddink.es\/wp-content\/uploads\/2019\/09\/ebotics.png\" class=\"attachment-full size-full\" alt=\"\" data-eutf-filter=\"yes\" srcset=\"https:\/\/spain.iddink.es\/wp-content\/uploads\/2019\/09\/ebotics.png 477w, https:\/\/spain.iddink.es\/wp-content\/uploads\/2019\/09\/ebotics-300x66.png 300w\" sizes=\"auto, (max-width: 477px) 100vw, 477px\" \/><\/div><\/div>  <\/div><\/div>[\/vc_column_inner][vc_column_inner width=&#8221;1\/5&#8243;]<div class=\"eut-element eut-image eut-align-center\" style=\"\"><div class=\"eut-image-wrapper eut-popup-item\" style=\"max-width:500px;\"><div class=\"eut-thumbnail-wrapper\"  style=\"max-width: 500px;\"><div class=\"eut-thumbnail\"  style=\"padding-top: 25%;\"><img loading=\"lazy\" decoding=\"async\" width=\"500\" height=\"125\" src=\"https:\/\/spain.iddink.es\/wp-content\/uploads\/2019\/09\/MakeBlock-Logo.png\" class=\"attachment-full size-full\" alt=\"\" data-eutf-filter=\"yes\" srcset=\"https:\/\/spain.iddink.es\/wp-content\/uploads\/2019\/09\/MakeBlock-Logo.png 500w, https:\/\/spain.iddink.es\/wp-content\/uploads\/2019\/09\/MakeBlock-Logo-300x75.png 300w\" sizes=\"auto, (max-width: 500px) 100vw, 500px\" \/><\/div><\/div>  <\/div><\/div>[\/vc_column_inner][vc_column_inner width=&#8221;1\/5&#8243;]<div class=\"eut-element eut-image eut-align-center\" style=\"\"><div class=\"eut-image-wrapper eut-popup-item\" style=\"max-width:360px;\"><div class=\"eut-thumbnail-wrapper\"  style=\"max-width: 360px;\"><div class=\"eut-thumbnail\"  style=\"padding-top: 38.889%;\"><img loading=\"lazy\" decoding=\"async\" width=\"360\" height=\"140\" src=\"https:\/\/spain.iddink.es\/wp-content\/uploads\/2019\/09\/neuron.png\" class=\"attachment-full size-full\" alt=\"\" data-eutf-filter=\"yes\" srcset=\"https:\/\/spain.iddink.es\/wp-content\/uploads\/2019\/09\/neuron.png 360w, https:\/\/spain.iddink.es\/wp-content\/uploads\/2019\/09\/neuron-300x117.png 300w\" sizes=\"auto, (max-width: 360px) 100vw, 360px\" \/><\/div><\/div>  <\/div><\/div>[\/vc_column_inner][vc_column_inner width=&#8221;1\/5&#8243;]<div class=\"eut-element eut-image eut-align-center\" style=\"\"><div class=\"eut-image-wrapper eut-popup-item\" style=\"max-width:1493px;\"><div class=\"eut-thumbnail-wrapper\"  style=\"max-width: 1493px;\"><div class=\"eut-thumbnail\"  style=\"padding-top: 27.93%;\"><img loading=\"lazy\" decoding=\"async\" width=\"1493\" height=\"417\" src=\"https:\/\/spain.iddink.es\/wp-content\/uploads\/2019\/09\/toky-labs.png\" class=\"attachment-full size-full\" alt=\"\" data-eutf-filter=\"yes\" srcset=\"https:\/\/spain.iddink.es\/wp-content\/uploads\/2019\/09\/toky-labs.png 1493w, https:\/\/spain.iddink.es\/wp-content\/uploads\/2019\/09\/toky-labs-300x84.png 300w, https:\/\/spain.iddink.es\/wp-content\/uploads\/2019\/09\/toky-labs-768x215.png 768w, https:\/\/spain.iddink.es\/wp-content\/uploads\/2019\/09\/toky-labs-1024x286.png 1024w\" sizes=\"auto, (max-width: 1493px) 100vw, 1493px\" \/><\/div><\/div>  <\/div><\/div>[\/vc_column_inner][\/vc_row_inner]<div class=\"eut-empty-space eut-height-1x\" style=\"\"><\/div><div class=\"eut-element eut-flexible-carousel eut-carousel eut-layout-1 eut-with-gap\" style=\"\"><div class=\"eut-carousel-wrapper\"><div class=\"eut-carousel-navigation eut-dark eut-navigation-1 eut-navigation-carousel\">\t<div class=\"eut-carousel-buttons\">\t\t<div class=\"eut-carousel-prev\">\t\t\t<i class=\"eut-icon-nav-left-large\"><\/i>\t\t<\/div>\t\t<div class=\"eut-carousel-next\">\t\t\t<i class=\"eut-icon-nav-right-large\"><\/i>\t\t<\/div>\t<\/div><\/div>\t<div class=\"eut-flexible-carousel-element owl-carousel \" data-items=\"4\" data-items-tablet-landscape=\"4\" data-items-tablet-portrait=\"2\" data-items-mobile=\"1\" data-slider-speed=\"3000\" data-pagination-speed=\"500\" data-pagination=\"no\" data-pagination-color=\"dark\" data-slider-autoheight=\"no\" data-slider-pause=\"no\" data-slider-autoplay=\"yes\"><div class=\"eut-element eut-image eut-align-center\" style=\"\"><div class=\"eut-image-wrapper eut-popup-item\" style=\"max-width:830px;\"><div class=\"eut-thumbnail-wrapper\"  style=\"max-width: 830px;\"><div class=\"eut-thumbnail\"  style=\"padding-top: 36.145%;\"><img loading=\"lazy\" decoding=\"async\" width=\"830\" height=\"300\" src=\"https:\/\/spain.iddink.es\/wp-content\/uploads\/2019\/09\/logo-arduino-e1569223647371.jpg\" class=\"attachment-full size-full\" alt=\"\" data-eutf-filter=\"yes\" srcset=\"https:\/\/spain.iddink.es\/wp-content\/uploads\/2019\/09\/logo-arduino-e1569223647371.jpg 830w, https:\/\/spain.iddink.es\/wp-content\/uploads\/2019\/09\/logo-arduino-e1569223647371-300x108.jpg 300w, https:\/\/spain.iddink.es\/wp-content\/uploads\/2019\/09\/logo-arduino-e1569223647371-768x278.jpg 768w\" sizes=\"auto, (max-width: 830px) 100vw, 830px\" \/><\/div><\/div>  <\/div><\/div><div class=\"eut-element eut-image eut-align-center\" style=\"\"><div class=\"eut-image-wrapper eut-popup-item\" style=\"max-width:477px;\"><div class=\"eut-thumbnail-wrapper\"  style=\"max-width: 477px;\"><div class=\"eut-thumbnail\"  style=\"padding-top: 22.013%;\"><img loading=\"lazy\" decoding=\"async\" width=\"477\" height=\"105\" src=\"https:\/\/spain.iddink.es\/wp-content\/uploads\/2019\/09\/ebotics.png\" class=\"attachment-full size-full\" alt=\"\" data-eutf-filter=\"yes\" srcset=\"https:\/\/spain.iddink.es\/wp-content\/uploads\/2019\/09\/ebotics.png 477w, https:\/\/spain.iddink.es\/wp-content\/uploads\/2019\/09\/ebotics-300x66.png 300w\" sizes=\"auto, (max-width: 477px) 100vw, 477px\" \/><\/div><\/div>  <\/div><\/div><div class=\"eut-element eut-image eut-align-center\" style=\"\"><div class=\"eut-image-wrapper eut-popup-item\" style=\"max-width:500px;\"><div class=\"eut-thumbnail-wrapper\"  style=\"max-width: 500px;\"><div class=\"eut-thumbnail\"  style=\"padding-top: 25%;\"><img loading=\"lazy\" decoding=\"async\" width=\"500\" height=\"125\" src=\"https:\/\/spain.iddink.es\/wp-content\/uploads\/2019\/09\/MakeBlock-Logo.png\" class=\"attachment-full size-full\" alt=\"\" data-eutf-filter=\"yes\" srcset=\"https:\/\/spain.iddink.es\/wp-content\/uploads\/2019\/09\/MakeBlock-Logo.png 500w, https:\/\/spain.iddink.es\/wp-content\/uploads\/2019\/09\/MakeBlock-Logo-300x75.png 300w\" sizes=\"auto, (max-width: 500px) 100vw, 500px\" \/><\/div><\/div>  <\/div><\/div><div class=\"eut-element eut-image eut-align-center\" style=\"\"><div class=\"eut-image-wrapper eut-popup-item\" style=\"max-width:360px;\"><div class=\"eut-thumbnail-wrapper\"  style=\"max-width: 360px;\"><div class=\"eut-thumbnail\"  style=\"padding-top: 38.889%;\"><img loading=\"lazy\" decoding=\"async\" width=\"360\" height=\"140\" src=\"https:\/\/spain.iddink.es\/wp-content\/uploads\/2019\/09\/neuron.png\" class=\"attachment-full size-full\" alt=\"\" data-eutf-filter=\"yes\" srcset=\"https:\/\/spain.iddink.es\/wp-content\/uploads\/2019\/09\/neuron.png 360w, https:\/\/spain.iddink.es\/wp-content\/uploads\/2019\/09\/neuron-300x117.png 300w\" sizes=\"auto, (max-width: 360px) 100vw, 360px\" \/><\/div><\/div>  <\/div><\/div><div class=\"eut-element eut-image eut-align-center\" style=\"\"><div class=\"eut-image-wrapper eut-popup-item\" style=\"max-width:1493px;\"><div class=\"eut-thumbnail-wrapper\"  style=\"max-width: 1493px;\"><div class=\"eut-thumbnail\"  style=\"padding-top: 27.93%;\"><img loading=\"lazy\" decoding=\"async\" width=\"1493\" height=\"417\" src=\"https:\/\/spain.iddink.es\/wp-content\/uploads\/2019\/09\/toky-labs.png\" class=\"attachment-full size-full\" alt=\"\" data-eutf-filter=\"yes\" srcset=\"https:\/\/spain.iddink.es\/wp-content\/uploads\/2019\/09\/toky-labs.png 1493w, https:\/\/spain.iddink.es\/wp-content\/uploads\/2019\/09\/toky-labs-300x84.png 300w, https:\/\/spain.iddink.es\/wp-content\/uploads\/2019\/09\/toky-labs-768x215.png 768w, https:\/\/spain.iddink.es\/wp-content\/uploads\/2019\/09\/toky-labs-1024x286.png 1024w\" sizes=\"auto, (max-width: 1493px) 100vw, 1493px\" \/><\/div><\/div>  <\/div><\/div>\t<\/div>  <\/div><\/div>[\/vc_column][\/vc_row][vc_row][vc_column]<div class=\"eut-empty-space eut-height-1x\" style=\"\"><\/div>[\/vc_column][\/vc_row]<\/p>\n","protected":false},"excerpt":{"rendered":"<p>[vc_row section_type=&#8221;fullwidth&#8221; height_ratio=&#8221;60&#8243; padding_top_multiplier=&#8221;&#8221; padding_bottom_multiplier=&#8221;&#8221; rc_bg_type=&#8221;image&#8221; rc_bg_image=&#8221;8489&#8243; rc_bg_image_size=&#8221;responsive&#8221; tablet_height_ratio=&#8221;60&#8243; tablet_sm_height_ratio=&#8221;60&#8243; mobile_height_ratio=&#8221;60&#8243;][vc_column][vc_column_text][\/vc_column_text][\/vc_column][\/vc_row][vc_row rc_heading_color=&#8221;light&#8221; rc_bg_type=&#8221;color&#8221; rc_font_color=&#8221;#ffffff&#8221; rc_bg_color=&#8221;#1e73bc&#8221;][vc_column vertical_content_position=&#8221;middle&#8221; text_align=&#8221;center&#8221;][\/vc_column][\/vc_row][vc_row padding_top_multiplier=&#8221;3x&#8221; tablet_sm_visibility=&#8221;hide&#8221; mobile_visibility=&#8221;hide&#8221;][vc_column width=&#8221;1\/2&#8243;][vc_column_text animation_delay=&#8221;800&#8243; animation_duration=&#8221;slow&#8221; el_class=&#8221;desc_escuelaverde_texto_bloque&#8221;]La rob\u00f2tica educativa permet entendre, dissenyar i desenvolupar reptes educatius basats en l&#8217;activitat i la iniciativa dels estudiants. Aquests reptes els ajuden a iniciar-se, des de joves, en l&#8217;estudi de les ci\u00e8ncies [&hellip;]<\/p>\n","protected":false},"author":9,"featured_media":0,"parent":7986,"menu_order":0,"comment_status":"closed","ping_status":"closed","template":"","meta":{"footnotes":""},"class_list":["post-9351","page","type-page","status-publish","hentry"],"_links":{"self":[{"href":"https:\/\/spain.iddink.es\/ca\/wp-json\/wp\/v2\/pages\/9351","targetHints":{"allow":["GET"]}}],"collection":[{"href":"https:\/\/spain.iddink.es\/ca\/wp-json\/wp\/v2\/pages"}],"about":[{"href":"https:\/\/spain.iddink.es\/ca\/wp-json\/wp\/v2\/types\/page"}],"author":[{"embeddable":true,"href":"https:\/\/spain.iddink.es\/ca\/wp-json\/wp\/v2\/users\/9"}],"replies":[{"embeddable":true,"href":"https:\/\/spain.iddink.es\/ca\/wp-json\/wp\/v2\/comments?post=9351"}],"version-history":[{"count":6,"href":"https:\/\/spain.iddink.es\/ca\/wp-json\/wp\/v2\/pages\/9351\/revisions"}],"predecessor-version":[{"id":10848,"href":"https:\/\/spain.iddink.es\/ca\/wp-json\/wp\/v2\/pages\/9351\/revisions\/10848"}],"up":[{"embeddable":true,"href":"https:\/\/spain.iddink.es\/ca\/wp-json\/wp\/v2\/pages\/7986"}],"wp:attachment":[{"href":"https:\/\/spain.iddink.es\/ca\/wp-json\/wp\/v2\/media?parent=9351"}],"curies":[{"name":"wp","href":"https:\/\/api.w.org\/{rel}","templated":true}]}}