{"id":9353,"date":"2019-09-12T10:48:45","date_gmt":"2019-09-12T08:48:45","guid":{"rendered":"https:\/\/www.pre-iddink.cat\/centros-2\/materiales-educativos\/dossiers\/"},"modified":"2023-06-16T14:46:45","modified_gmt":"2023-06-16T12:46:45","slug":"dossiers","status":"publish","type":"page","link":"https:\/\/spain.iddink.es\/ca\/centres\/materials-educatius\/dossiers\/","title":{"rendered":"Dossiers"},"content":{"rendered":"<p>[vc_row section_type=&#8221;fullwidth&#8221; height_ratio=&#8221;60&#8243; padding_top_multiplier=&#8221;&#8221; padding_bottom_multiplier=&#8221;&#8221; rc_bg_type=&#8221;image&#8221; rc_bg_image=&#8221;8501&#8243; rc_bg_image_size=&#8221;responsive&#8221; tablet_height_ratio=&#8221;60&#8243; tablet_sm_height_ratio=&#8221;60&#8243; mobile_height_ratio=&#8221;60&#8243;][vc_column][vc_column_text][\/vc_column_text][\/vc_column][\/vc_row][vc_row rc_heading_color=&#8221;light&#8221; rc_bg_type=&#8221;color&#8221; rc_font_color=&#8221;#ffffff&#8221; rc_bg_color=&#8221;#1e73bc&#8221;][vc_column vertical_content_position=&#8221;middle&#8221; text_align=&#8221;center&#8221;]<h1 class=\"eut-element eut-title eut-align-center eut-h1 desc_escuelaverde_titulo eut-tablet-sm-reset-increase-heading eut-mobile-reset-increase-heading eut-increase-heading eut-heading-120\" style=\"\"><span><br>\n<p style=\"text-align: center;\"><strong>Dossiers<\/strong><br>\n<\/span><\/h1>[\/vc_column][\/vc_row][vc_row padding_top_multiplier=&#8221;2x&#8221; tablet_sm_visibility=&#8221;hide&#8221; mobile_visibility=&#8221;hide&#8221;][vc_column width=&#8221;1\/2&#8243;]<h3 class=\"eut-element eut-title eut-align-inherit eut-h1 desc_escuelaverde_titulo_bloque\" style=\"margin-bottom: 0px;\"><span>Principals avantatges<\/span><\/h3><div class=\"eut-empty-space eut-height-1x\" style=\"\"><\/div>[vc_column_text animation_delay=&#8221;800&#8243; animation_duration=&#8221;slow&#8221; el_class=&#8221;desc_escuelaverde_texto_bloque&#8221;]Hi ha molts docents que volen personalitzar l&#8217;educaci\u00f3 i la documentaci\u00f3 que lliuren als seus alumnes amb materials seleccionats a mida. El format m\u00e9s utilitzat s\u00f3n els dossiers, documents impresos d&#8217;extensi\u00f3 redu\u00efda que s\u2019acostumen a enquadernar en espiral.[\/vc_column_text][vc_row_inner][vc_column_inner]<div class=\"eut-element eut-box-icon eut-side-icon eut-align-left desc_escuelaverde_texto_bloque\" style=\"margin-bottom: 4px;\"><div class=\"eut-single-icon eut-small\"><div class=\"eut-wrapper-icon eut-no-shape eut-text-grey\" style=\"\"><i class=\"eut-inner-icon smp-icon-check eut-text-primary-2\"><\/i><\/div><\/div><div class=\"eut-box-content\">  <p class=\"\">Cost d&#8217;impressi\u00f3 molt m\u00e9s redu\u00eft que el que s&#8217;aconsegueix amb mitjans d&#8217;impressi\u00f3 propis o d&#8217;impremtes petites.<\/p><\/div><\/div><div class=\"eut-element eut-box-icon eut-side-icon eut-align-left desc_escuelaverde_texto_bloque\" style=\"margin-bottom: 4px;\"><div class=\"eut-single-icon eut-small\"><div class=\"eut-wrapper-icon eut-no-shape eut-text-grey\" style=\"\"><i class=\"eut-inner-icon smp-icon-check eut-text-primary-2\"><\/i><\/div><\/div><div class=\"eut-box-content\">  <p class=\"\">Cost mediambiental molt m\u00e9s redu\u00eft, ja que els sistemes d&#8217;impressi\u00f3 que utilitza Iddink s\u00f3n molt eficients en consum de t\u00f2ner i d&#8217;electricitat.<\/p><\/div><\/div><div class=\"eut-element eut-box-icon eut-side-icon eut-align-left desc_escuelaverde_texto_bloque\" style=\"margin-bottom: 4px;\"><div class=\"eut-single-icon eut-small\"><div class=\"eut-wrapper-icon eut-no-shape eut-text-grey\" style=\"\"><i class=\"eut-inner-icon smp-icon-check eut-text-primary-2\"><\/i><\/div><\/div><div class=\"eut-box-content\">  <p class=\"\">Gran comoditat per a les fam\u00edlies, que els poden comprar juntament amb la resta de materials i rebre&#8217;ls c\u00f2modament a casa.<\/p><\/div><\/div><div class=\"eut-element eut-box-icon eut-side-icon eut-align-left desc_escuelaverde_texto_bloque\" style=\"\"><div class=\"eut-single-icon eut-small\"><div class=\"eut-wrapper-icon eut-no-shape eut-text-grey\" style=\"\"><i class=\"eut-inner-icon smp-icon-check eut-text-primary-2\"><\/i><\/div><\/div><div class=\"eut-box-content\">  <p class=\"\">Menys c\u00e0rrega de treball per al docent o l&#8217;administraci\u00f3 del centre, en eliminar la necessitat de cobrar l&#8217;import i lliurar els dossiers als alumnes que hagin pagat.<\/p><\/div><\/div><div class=\"eut-element eut-box-icon eut-side-icon eut-align-left desc_escuelaverde_texto_bloque\" style=\"\"><div class=\"eut-single-icon eut-small\"><div class=\"eut-wrapper-icon eut-no-shape eut-text-grey\" style=\"\"><i class=\"eut-inner-icon smp-icon-check eut-text-primary-2\"><\/i><\/div><\/div><div class=\"eut-box-content\">  <p class=\"\">La possibilitat d&#8217;escollir m\u00faltiples possibilitats d&#8217;impressi\u00f3, dels acabats i de l&#8217;enquadernaci\u00f3.<br \/>\n<\/p><\/div><\/div>[\/vc_column_inner][\/vc_row_inner][\/vc_column][vc_column width=&#8221;1\/2&#8243; mobile_width=&#8221;1-2&#8243;]<div class=\"eut-empty-space eut-height-3x\" style=\"\"><\/div><div class=\"eut-element eut-image eut-align-center\" style=\"\"><div class=\"eut-image-wrapper eut-popup-item\" style=\"max-width:1048px;\"><div class=\"eut-thumbnail-wrapper\"  style=\"max-width: 1048px;\"><div class=\"eut-thumbnail\"  style=\"padding-top: 79.485%;\"><img loading=\"lazy\" decoding=\"async\" width=\"1048\" height=\"833\" src=\"https:\/\/spain.iddink.es\/wp-content\/uploads\/2019\/10\/img_dossier.jpg\" class=\"attachment-full size-full\" alt=\"\" data-eutf-filter=\"yes\" srcset=\"https:\/\/spain.iddink.es\/wp-content\/uploads\/2019\/10\/img_dossier.jpg 1048w, https:\/\/spain.iddink.es\/wp-content\/uploads\/2019\/10\/img_dossier-300x238.jpg 300w, https:\/\/spain.iddink.es\/wp-content\/uploads\/2019\/10\/img_dossier-768x610.jpg 768w, https:\/\/spain.iddink.es\/wp-content\/uploads\/2019\/10\/img_dossier-1024x814.jpg 1024w\" sizes=\"auto, (max-width: 1048px) 100vw, 1048px\" \/><\/div><\/div>  <\/div><\/div>[\/vc_column][\/vc_row][vc_row padding_bottom_multiplier=&#8221;&#8221; desktop_visibility=&#8221;hide&#8221; tablet_visibility=&#8221;hide&#8221;][vc_column css=&#8221;.vc_custom_1570519821138{margin-top: 15px !important;border-right-width: 10px !important;padding-left: 10px !important;}&#8221;]<h3 class=\"eut-element eut-title eut-align-inherit eut-h1 desc_escuelaverde_titulo_bloque_mobile\" style=\"margin-bottom: 0px;\"><span>Principals avantatges<\/span><\/h3><div class=\"eut-empty-space eut-height-1x\" style=\"\"><\/div>[vc_column_text animation_delay=&#8221;800&#8243; animation_duration=&#8221;slow&#8221; el_class=&#8221;desc_escuelaverde_texto_bloque&#8221;]Hi ha molts docents que volen personalitzar l&#8217;educaci\u00f3 i la documentaci\u00f3 que lliuren als seus alumnes amb materials seleccionats a mida. El format m\u00e9s utilitzat s\u00f3n els dossiers, documents impresos d&#8217;extensi\u00f3 redu\u00efda que s\u2019acostumen a enquadernar en espiral.[\/vc_column_text][\/vc_column][\/vc_row][vc_row desktop_visibility=&#8221;hide&#8221; tablet_visibility=&#8221;hide&#8221;][vc_column css=&#8221;.vc_custom_1570519846149{padding-right: 10px !important;padding-left: 10px !important;}&#8221;]<div class=\"eut-element eut-box-icon eut-side-icon eut-align-left desc_escuelaverde_texto_bloque\" style=\"margin-bottom: 4px;\"><div class=\"eut-single-icon eut-small\"><div class=\"eut-wrapper-icon eut-no-shape eut-text-grey\" style=\"\"><i class=\"eut-inner-icon smp-icon-check eut-text-primary-2\"><\/i><\/div><\/div><div class=\"eut-box-content\">  <p class=\"\">Cost d&#8217;impressi\u00f3 molt m\u00e9s redu\u00eft que el que s&#8217;aconsegueix amb mitjans d&#8217;impressi\u00f3 propis o d&#8217;impremtes petites.<\/p><\/div><\/div><div class=\"eut-element eut-box-icon eut-side-icon eut-align-left desc_escuelaverde_texto_bloque\" style=\"margin-bottom: 4px;\"><div class=\"eut-single-icon eut-small\"><div class=\"eut-wrapper-icon eut-no-shape eut-text-grey\" style=\"\"><i class=\"eut-inner-icon smp-icon-check eut-text-primary-2\"><\/i><\/div><\/div><div class=\"eut-box-content\">  <p class=\"\">Cost mediambiental molt m\u00e9s redu\u00eft, ja que els sistemes d&#8217;impressi\u00f3 que utilitza Iddink s\u00f3n molt eficients en consum de t\u00f2ner i d&#8217;electricitat.<\/p><\/div><\/div><div class=\"eut-element eut-box-icon eut-side-icon eut-align-left desc_escuelaverde_texto_bloque\" style=\"margin-bottom: 4px;\"><div class=\"eut-single-icon eut-small\"><div class=\"eut-wrapper-icon eut-no-shape eut-text-grey\" style=\"\"><i class=\"eut-inner-icon smp-icon-check eut-text-primary-2\"><\/i><\/div><\/div><div class=\"eut-box-content\">  <p class=\"\">Gran comoditat per a les fam\u00edlies, que els poden comprar juntament amb la resta de materials i rebre&#8217;ls c\u00f2modament a casa.<\/p><\/div><\/div><div class=\"eut-element eut-box-icon eut-side-icon eut-align-left desc_escuelaverde_texto_bloque\" style=\"\"><div class=\"eut-single-icon eut-small\"><div class=\"eut-wrapper-icon eut-no-shape eut-text-grey\" style=\"\"><i class=\"eut-inner-icon smp-icon-check eut-text-primary-2\"><\/i><\/div><\/div><div class=\"eut-box-content\">  <p class=\"\">Menys c\u00e0rrega de treball per al docent o l&#8217;administraci\u00f3 del centre, en eliminar la necessitat de cobrar l&#8217;import i lliurar els dossiers als alumnes que hagin pagat.<\/p><\/div><\/div><div class=\"eut-element eut-box-icon eut-side-icon eut-align-left desc_escuelaverde_texto_bloque\" style=\"\"><div class=\"eut-single-icon eut-small\"><div class=\"eut-wrapper-icon eut-no-shape eut-text-grey\" style=\"\"><i class=\"eut-inner-icon smp-icon-check eut-text-primary-2\"><\/i><\/div><\/div><div class=\"eut-box-content\">  <p class=\"\">La possibilitat d&#8217;escollir m\u00faltiples possibilitats d&#8217;impressi\u00f3, dels acabats i de l&#8217;enquadernaci\u00f3.<br \/>\n<\/p><\/div><\/div>[\/vc_column][\/vc_row][vc_row desktop_visibility=&#8221;hide&#8221; tablet_visibility=&#8221;hide&#8221;][vc_column content_width=&#8221;90&#8243; horizontal_content_position=&#8221;center&#8221;]<div class=\"eut-element eut-image eut-align-center\" style=\"\"><div class=\"eut-image-wrapper eut-popup-item\" style=\"max-width:1048px;\"><div class=\"eut-thumbnail-wrapper\"  style=\"max-width: 1048px;\"><div class=\"eut-thumbnail\"  style=\"padding-top: 79.485%;\"><img loading=\"lazy\" decoding=\"async\" width=\"1048\" height=\"833\" src=\"https:\/\/spain.iddink.es\/wp-content\/uploads\/2019\/10\/img_dossier.jpg\" class=\"attachment-full size-full\" alt=\"\" data-eutf-filter=\"yes\" srcset=\"https:\/\/spain.iddink.es\/wp-content\/uploads\/2019\/10\/img_dossier.jpg 1048w, https:\/\/spain.iddink.es\/wp-content\/uploads\/2019\/10\/img_dossier-300x238.jpg 300w, https:\/\/spain.iddink.es\/wp-content\/uploads\/2019\/10\/img_dossier-768x610.jpg 768w, https:\/\/spain.iddink.es\/wp-content\/uploads\/2019\/10\/img_dossier-1024x814.jpg 1024w\" sizes=\"auto, (max-width: 1048px) 100vw, 1048px\" \/><\/div><\/div>  <\/div><\/div>[\/vc_column][\/vc_row][vc_row padding_top_multiplier=&#8221;2x&#8221; padding_bottom_multiplier=&#8221;2x&#8221; rc_bg_type=&#8221;color&#8221; mobile_visibility=&#8221;hide&#8221; rc_bg_color=&#8221;#a4d65e&#8221;][vc_column][vc_column_text el_class=&#8221;desc_escuelaverde_grafico_titulo_azul&#8221;]<\/p>\n<p style=\"text-align: center;\"><span style=\"color: #ffffff;\">Configura el teu dossier<\/span><\/p>\n<p>[\/vc_column_text][\/vc_column][\/vc_row][vc_row mobile_visibility=&#8221;hide&#8221;][vc_column]<div class=\"eut-empty-space eut-height-1x\" style=\"\"><\/div>[vc_row_inner mobile_visibility=&#8221;hide&#8221;][vc_column_inner width=&#8221;5\/12&#8243;]<h3 class=\"eut-element eut-title eut-align-inherit eut-h3\" style=\"\"><span><strong>Elaborar els teus propis continguts mai ha estat tan f\u00e0cil<\/strong><\/span><\/h3>[vc_column_text el_class=&#8221;desc_escuelaverde_grafica_texto&#8221;]En el moment de realitzar la llista poden incloure els dossiers per mat\u00e8ria i curs que es considerin necessaris, aix\u00ed com encarregar-los f\u00e0cilment a Iddink al llarg de tot el curs.[\/vc_column_text]<div class=\"eut-empty-space eut-height-1x\" style=\"\"><\/div>[vc_column_text]<strong>Comproveu la qualitat i l&#8217;estalvi que poden aconseguir demanant-nos un pressupost sense cap comprom\u00eds!<\/strong>[\/vc_column_text]<div class=\"eut-empty-space eut-height-1x\" style=\"\"><\/div><div class=\"eut-element eut-align-inherit\"><a href=\"https:\/\/spain.iddink.es\/ca\/atencio-als-centres\/\" class=\"eut-btn eut-btn-medium eut-extra-round eut-bg-primary-2 eut-bg-hover-black\"><span>Contactar<\/span><\/a><\/div>[\/vc_column_inner][vc_column_inner width=&#8221;7\/12&#8243; content_width=&#8221;80&#8243; horizontal_content_position=&#8221;center&#8221; rc_bg_type=&#8221;color&#8221; rc_bg_color=&#8221;#ffffff&#8221; css=&#8221;.vc_custom_1570011898246{border-right-width: 10px !important;border-left-width: 10px !important;}&#8221;]<div class=\"eut-element eut-image eut-align-center\" style=\"\"><div class=\"eut-image-wrapper eut-popup-item\" style=\"max-width:597px;\"><div class=\"eut-thumbnail-wrapper\"  style=\"max-width: 597px;\"><div class=\"eut-thumbnail\"  style=\"padding-top: 105.36%;\"><img loading=\"lazy\" decoding=\"async\" width=\"597\" height=\"629\" src=\"https:\/\/spain.iddink.es\/wp-content\/uploads\/2019\/09\/dossiers.png\" class=\"attachment-full size-full\" alt=\"\" data-eutf-filter=\"yes\" srcset=\"https:\/\/spain.iddink.es\/wp-content\/uploads\/2019\/09\/dossiers.png 597w, https:\/\/spain.iddink.es\/wp-content\/uploads\/2019\/09\/dossiers-285x300.png 285w\" sizes=\"auto, (max-width: 597px) 100vw, 597px\" \/><\/div><\/div>  <\/div><\/div>[\/vc_column_inner][\/vc_row_inner][\/vc_column][\/vc_row][vc_row rc_bg_type=&#8221;color&#8221; desktop_visibility=&#8221;hide&#8221; tablet_visibility=&#8221;hide&#8221; rc_bg_color=&#8221;#1e73bc&#8221;][vc_column vertical_content_position=&#8221;middle&#8221; text_align=&#8221;center&#8221; css=&#8221;.vc_custom_1570520273602{padding-top: 10px !important;padding-bottom: 10px !important;}&#8221;][vc_column_text el_class=&#8221;desc_escuelaverde_grafico_titulo_azul_mobile&#8221;]<\/p>\n<p style=\"text-align: center;\"><span style=\"color: #ffffff;\">Configura el teu dossier<\/span><\/p>\n<p>[\/vc_column_text][\/vc_column][\/vc_row][vc_row desktop_visibility=&#8221;hide&#8221; tablet_visibility=&#8221;hide&#8221; tablet_sm_visibility=&#8221;hide&#8221;][vc_column][vc_row_inner desktop_visibility=&#8221;hide&#8221; tablet_visibility=&#8221;hide&#8221; tablet_sm_visibility=&#8221;hide&#8221;][vc_column_inner width=&#8221;1\/4&#8243; css=&#8221;.vc_custom_1570520146451{border-right-width: 10px !important;padding-left: 10px !important;}&#8221;]<h3 class=\"eut-element eut-title eut-align-inherit eut-h3\" style=\"\"><span><strong>Elaborar els teus propis continguts mai ha estat tan f\u00e0cil<\/strong><\/span><\/h3>[vc_column_text el_class=&#8221;desc_escuelaverde_grafica_texto&#8221;]En el moment de realitzar la llista poden incloure els dossiers per mat\u00e8ria i curs que es considerin necessaris, aix\u00ed com encarregar-los f\u00e0cilment a Iddink al llarg de tot el curs.[\/vc_column_text]<div class=\"eut-empty-space eut-height-1x\" style=\"\"><\/div>[vc_column_text]<strong>Comproveu la qualitat i l&#8217;estalvi que poden aconseguir demanant-nos un pressupost sense cap comprom\u00eds!<\/strong>[\/vc_column_text]<div class=\"eut-element eut-align-inherit\"><a href=\"https:\/\/spain.iddink.es\/ca\/atencio-als-centres\/\" class=\"eut-btn eut-btn-medium eut-extra-round eut-bg-white eut-bg-hover-white eut-btn-line btn-iddink--button\"><span>Contactar<\/span><\/a><\/div>[\/vc_column_inner][vc_column_inner width=&#8221;2\/3&#8243; rc_bg_type=&#8221;color&#8221; rc_bg_color=&#8221;#ffffff&#8221; css=&#8221;.vc_custom_1570520355550{padding-right: 10px !important;padding-left: 10px !important;}&#8221;]<div class=\"eut-element eut-image eut-align-center\" style=\"\"><div class=\"eut-image-wrapper eut-popup-item\" style=\"max-width:597px;\"><div class=\"eut-thumbnail-wrapper\"  style=\"max-width: 597px;\"><div class=\"eut-thumbnail\"  style=\"padding-top: 105.36%;\"><img loading=\"lazy\" decoding=\"async\" width=\"597\" height=\"629\" src=\"https:\/\/spain.iddink.es\/wp-content\/uploads\/2019\/09\/dossiers.png\" class=\"attachment-full size-full\" alt=\"\" data-eutf-filter=\"yes\" srcset=\"https:\/\/spain.iddink.es\/wp-content\/uploads\/2019\/09\/dossiers.png 597w, https:\/\/spain.iddink.es\/wp-content\/uploads\/2019\/09\/dossiers-285x300.png 285w\" sizes=\"auto, (max-width: 597px) 100vw, 597px\" \/><\/div><\/div>  <\/div><\/div>[\/vc_column_inner][\/vc_row_inner][\/vc_column][\/vc_row]<\/p>\n","protected":false},"excerpt":{"rendered":"<p>[vc_row section_type=&#8221;fullwidth&#8221; height_ratio=&#8221;60&#8243; padding_top_multiplier=&#8221;&#8221; padding_bottom_multiplier=&#8221;&#8221; rc_bg_type=&#8221;image&#8221; rc_bg_image=&#8221;8501&#8243; rc_bg_image_size=&#8221;responsive&#8221; tablet_height_ratio=&#8221;60&#8243; tablet_sm_height_ratio=&#8221;60&#8243; mobile_height_ratio=&#8221;60&#8243;][vc_column][vc_column_text][\/vc_column_text][\/vc_column][\/vc_row][vc_row rc_heading_color=&#8221;light&#8221; rc_bg_type=&#8221;color&#8221; rc_font_color=&#8221;#ffffff&#8221; rc_bg_color=&#8221;#1e73bc&#8221;][vc_column vertical_content_position=&#8221;middle&#8221; text_align=&#8221;center&#8221;][\/vc_column][\/vc_row][vc_row padding_top_multiplier=&#8221;2x&#8221; tablet_sm_visibility=&#8221;hide&#8221; mobile_visibility=&#8221;hide&#8221;][vc_column width=&#8221;1\/2&#8243;][vc_column_text animation_delay=&#8221;800&#8243; animation_duration=&#8221;slow&#8221; el_class=&#8221;desc_escuelaverde_texto_bloque&#8221;]Hi ha molts docents que volen personalitzar l&#8217;educaci\u00f3 i la documentaci\u00f3 que lliuren als seus alumnes amb materials seleccionats a mida. El format m\u00e9s utilitzat s\u00f3n els dossiers, documents impresos d&#8217;extensi\u00f3 redu\u00efda [&hellip;]<\/p>\n","protected":false},"author":9,"featured_media":0,"parent":7986,"menu_order":0,"comment_status":"closed","ping_status":"closed","template":"","meta":{"footnotes":""},"class_list":["post-9353","page","type-page","status-publish","hentry"],"_links":{"self":[{"href":"https:\/\/spain.iddink.es\/ca\/wp-json\/wp\/v2\/pages\/9353","targetHints":{"allow":["GET"]}}],"collection":[{"href":"https:\/\/spain.iddink.es\/ca\/wp-json\/wp\/v2\/pages"}],"about":[{"href":"https:\/\/spain.iddink.es\/ca\/wp-json\/wp\/v2\/types\/page"}],"author":[{"embeddable":true,"href":"https:\/\/spain.iddink.es\/ca\/wp-json\/wp\/v2\/users\/9"}],"replies":[{"embeddable":true,"href":"https:\/\/spain.iddink.es\/ca\/wp-json\/wp\/v2\/comments?post=9353"}],"version-history":[{"count":14,"href":"https:\/\/spain.iddink.es\/ca\/wp-json\/wp\/v2\/pages\/9353\/revisions"}],"predecessor-version":[{"id":13438,"href":"https:\/\/spain.iddink.es\/ca\/wp-json\/wp\/v2\/pages\/9353\/revisions\/13438"}],"up":[{"embeddable":true,"href":"https:\/\/spain.iddink.es\/ca\/wp-json\/wp\/v2\/pages\/7986"}],"wp:attachment":[{"href":"https:\/\/spain.iddink.es\/ca\/wp-json\/wp\/v2\/media?parent=9353"}],"curies":[{"name":"wp","href":"https:\/\/api.w.org\/{rel}","templated":true}]}}