{"id":9355,"date":"2019-09-12T12:11:28","date_gmt":"2019-09-12T10:11:28","guid":{"rendered":"https:\/\/www.pre-iddink.cat\/centros-2\/materiales-educativos\/otros-articulos\/"},"modified":"2019-11-26T12:46:49","modified_gmt":"2019-11-26T11:46:49","slug":"altres-articles","status":"publish","type":"page","link":"https:\/\/spain.iddink.es\/ca\/centres\/materials-educatius\/altres-articles\/","title":{"rendered":"Altres art\u00edcles"},"content":{"rendered":"<p>[vc_row section_type=&#8221;fullwidth&#8221; height_ratio=&#8221;60&#8243; padding_top_multiplier=&#8221;&#8221; padding_bottom_multiplier=&#8221;&#8221; rc_bg_type=&#8221;image&#8221; rc_bg_image=&#8221;10902&#8243; rc_bg_image_size=&#8221;responsive&#8221; mobile_visibility=&#8221;hide&#8221; mobile_columns_vertical_gap=&#8221;none&#8221; tablet_height_ratio=&#8221;60&#8243; tablet_sm_height_ratio=&#8221;60&#8243; mobile_height_ratio=&#8221;60&#8243;][vc_column][vc_column_text][\/vc_column_text][\/vc_column][\/vc_row][vc_row section_type=&#8221;fullwidth&#8221; height_ratio=&#8221;60&#8243; padding_top_multiplier=&#8221;&#8221; padding_bottom_multiplier=&#8221;&#8221; rc_bg_type=&#8221;image&#8221; rc_bg_image=&#8221;10888&#8243; rc_bg_image_size=&#8221;responsive&#8221; desktop_visibility=&#8221;hide&#8221; tablet_visibility=&#8221;hide&#8221; tablet_sm_visibility=&#8221;hide&#8221; mobile_columns_vertical_gap=&#8221;none&#8221; tablet_height_ratio=&#8221;60&#8243; tablet_sm_height_ratio=&#8221;60&#8243; mobile_height_ratio=&#8221;60&#8243;][vc_column][vc_column_text][\/vc_column_text][\/vc_column][\/vc_row][vc_row rc_heading_color=&#8221;light&#8221; rc_bg_type=&#8221;color&#8221; rc_font_color=&#8221;#ffffff&#8221; rc_bg_color=&#8221;#1e73bc&#8221;][vc_column vertical_content_position=&#8221;middle&#8221; text_align=&#8221;center&#8221;]<h1 class=\"eut-element eut-title eut-align-center eut-h1 desc_escuelaverde_titulo eut-tablet-sm-reset-increase-heading eut-mobile-reset-increase-heading eut-increase-heading eut-heading-120\" style=\"\"><span><br>\n<p style=\"text-align: center;\"><strong>Altres art\u00edcles<\/strong><br>\n<\/span><\/h1>[\/vc_column][\/vc_row][vc_row padding_top_multiplier=&#8221;3x&#8221; tablet_sm_visibility=&#8221;hide&#8221; mobile_visibility=&#8221;hide&#8221;][vc_column width=&#8221;1\/2&#8243;]<h3 class=\"eut-element eut-title eut-align-inherit eut-h1 desc_escuelaverde_titulo_bloque\" style=\"margin-bottom: 0px;\"><span>Plataforma &#8220;tot alhora&#8221;<\/span><\/h3><div class=\"eut-empty-space eut-height-1x\" style=\"\"><\/div>[vc_column_text animation_delay=&#8221;800&#8243; animation_duration=&#8221;slow&#8221; el_class=&#8221;desc_escuelaverde_texto_bloque&#8221;]Iddink facilita que les fam\u00edlies puguin adquirir a la seva <strong>Plataforma &#8220;tot alhora<span style=\"color: #f2728c;\">*<\/span><\/strong><strong>&#8220;<\/strong>\u00a0tots els continguts i el material educatiu que el centre docent consideri necessari. Els principals s\u00f3n els llibres: de text, les lectures, els quaderns d&#8217;exercicis, els atles i els diccionaris, etc. Ho fem f\u00e0cil i c\u00f2mode!<br \/>\nTamb\u00e9 facilitem la compra al mateix moment d&#8217;altres articles no sempre f\u00e0cils d&#8217;aconseguir, com les llic\u00e8ncies digitals, els dossiers personalitzats o el material de rob\u00f2tica, aix\u00ed com d&#8217;altres articles:[\/vc_column_text][vc_row_inner][vc_column_inner]<div class=\"eut-element eut-box-icon eut-side-icon eut-align-left desc_escuelaverde_texto_bloque\" style=\"margin-bottom: 4px;\"><div class=\"eut-single-icon eut-small\"><div class=\"eut-wrapper-icon eut-no-shape eut-text-grey\" style=\"\"><i class=\"eut-inner-icon smp-icon-check eut-text-primary-2\"><\/i><\/div><\/div><div class=\"eut-box-content\">  <p class=\"\">Agendes personalitzades.<\/p><\/div><\/div><div class=\"eut-element eut-box-icon eut-side-icon eut-align-left desc_escuelaverde_texto_bloque\" style=\"margin-bottom: 4px;\"><div class=\"eut-single-icon eut-small\"><div class=\"eut-wrapper-icon eut-no-shape eut-text-grey\" style=\"\"><i class=\"eut-inner-icon smp-icon-check eut-text-primary-2\"><\/i><\/div><\/div><div class=\"eut-box-content\">  <p class=\"\">Material de m\u00fasica, ja sigui una flauta cl\u00e0ssica o un ukelele.<\/p><\/div><\/div><div class=\"eut-element eut-box-icon eut-side-icon eut-align-left desc_escuelaverde_texto_bloque\" style=\"margin-bottom: 4px;\"><div class=\"eut-single-icon eut-small\"><div class=\"eut-wrapper-icon eut-no-shape eut-text-grey\" style=\"\"><i class=\"eut-inner-icon smp-icon-check eut-text-primary-2\"><\/i><\/div><\/div><div class=\"eut-box-content\">  <p class=\"\">Material de paperer\u00eda especialitzat.<\/p><\/div><\/div><div class=\"eut-element eut-box-icon eut-side-icon eut-align-left desc_escuelaverde_texto_bloque\" style=\"\"><div class=\"eut-single-icon eut-small\"><div class=\"eut-wrapper-icon eut-no-shape eut-text-grey\" style=\"\"><i class=\"eut-inner-icon smp-icon-check eut-text-primary-2\"><\/i><\/div><\/div><div class=\"eut-box-content\">  <p class=\"\">Ordinadors port\u00e0tils.<\/p><\/div><\/div><div class=\"eut-element eut-box-icon eut-side-icon eut-align-left desc_escuelaverde_texto_bloque\" style=\"\"><div class=\"eut-single-icon eut-small\"><div class=\"eut-wrapper-icon eut-no-shape eut-text-grey\" style=\"\"><i class=\"eut-inner-icon smp-icon-check eut-text-primary-2\"><\/i><\/div><\/div><div class=\"eut-box-content\">  <p class=\"\">Equips i material de laboratori.<\/p><\/div><\/div>[\/vc_column_inner][\/vc_row_inner][\/vc_column][vc_column width=&#8221;1\/2&#8243; mobile_width=&#8221;1-2&#8243;]<div class=\"eut-empty-space eut-height-2x\" style=\"\"><\/div><div class=\"eut-element eut-image eut-align-center\" style=\"\"><div class=\"eut-image-wrapper eut-popup-item\" style=\"max-width:1000px;\"><div class=\"eut-thumbnail-wrapper\"  style=\"max-width: 1000px;\"><div class=\"eut-thumbnail\"  style=\"padding-top: 60.5%;\"><img loading=\"lazy\" decoding=\"async\" width=\"1000\" height=\"605\" src=\"https:\/\/spain.iddink.es\/wp-content\/uploads\/2019\/10\/img_otrosarticulos.jpg\" class=\"attachment-full size-full\" alt=\"\" data-eutf-filter=\"yes\" srcset=\"https:\/\/spain.iddink.es\/wp-content\/uploads\/2019\/10\/img_otrosarticulos.jpg 1000w, https:\/\/spain.iddink.es\/wp-content\/uploads\/2019\/10\/img_otrosarticulos-300x182.jpg 300w, https:\/\/spain.iddink.es\/wp-content\/uploads\/2019\/10\/img_otrosarticulos-768x465.jpg 768w\" sizes=\"auto, (max-width: 1000px) 100vw, 1000px\" \/><\/div><\/div>  <\/div><\/div>[\/vc_column][\/vc_row][vc_row padding_bottom_multiplier=&#8221;&#8221; desktop_visibility=&#8221;hide&#8221; tablet_visibility=&#8221;hide&#8221;][vc_column css=&#8221;.vc_custom_1570520726011{margin-top: 15px !important;padding-right: 10px !important;padding-left: 10px !important;}&#8221;]<h3 class=\"eut-element eut-title eut-align-inherit eut-h1 desc_escuelaverde_titulo_bloque_mobile\" style=\"margin-bottom: 0px;\"><span>Plataforma &#8220;tot alhora&#8221;<\/span><\/h3><div class=\"eut-empty-space eut-height-1x\" style=\"\"><\/div>[vc_column_text animation_delay=&#8221;800&#8243; animation_duration=&#8221;slow&#8221; el_class=&#8221;desc_escuelaverde_texto_bloque&#8221;]Iddink facilita que les fam\u00edlies puguin adquirir a la seva <strong>Plataforma &#8220;tot alhora<span style=\"color: #f2728c;\">*<\/span><\/strong><strong>&#8220;<\/strong>\u00a0tots els continguts i el material educatiu que el centre docent consideri necessari. Els principals s\u00f3n els llibres: de text, les lectures, els quaderns d&#8217;exercicis, els atles i els diccionaris, etc. Ho fem f\u00e0cil i c\u00f2mode!<br \/>\nTamb\u00e9 facilitem la compra al mateix moment d&#8217;altres articles no sempre f\u00e0cils d&#8217;aconseguir, com les llic\u00e8ncies digitals, els dossiers personalitzats o el material de rob\u00f2tica, aix\u00ed com d&#8217;altres articles:[\/vc_column_text][\/vc_column][\/vc_row][vc_row desktop_visibility=&#8221;hide&#8221; tablet_visibility=&#8221;hide&#8221;][vc_column css=&#8221;.vc_custom_1570520736889{padding-right: 10px !important;padding-left: 10px !important;}&#8221;]<div class=\"eut-element eut-box-icon eut-side-icon eut-align-left desc_escuelaverde_texto_bloque\" style=\"margin-bottom: 4px;\"><div class=\"eut-single-icon eut-small\"><div class=\"eut-wrapper-icon eut-no-shape eut-text-grey\" style=\"\"><i class=\"eut-inner-icon smp-icon-check eut-text-primary-2\"><\/i><\/div><\/div><div class=\"eut-box-content\">  <p class=\"\">Agendes personalitzades.<\/p><\/div><\/div><div class=\"eut-element eut-box-icon eut-side-icon eut-align-left desc_escuelaverde_texto_bloque\" style=\"margin-bottom: 4px;\"><div class=\"eut-single-icon eut-small\"><div class=\"eut-wrapper-icon eut-no-shape eut-text-grey\" style=\"\"><i class=\"eut-inner-icon smp-icon-check eut-text-primary-2\"><\/i><\/div><\/div><div class=\"eut-box-content\">  <p class=\"\">Material de m\u00fasica, ja sigui una flauta cl\u00e0ssica o un ukelele.<\/p><\/div><\/div><div class=\"eut-element eut-box-icon eut-side-icon eut-align-left desc_escuelaverde_texto_bloque\" style=\"margin-bottom: 4px;\"><div class=\"eut-single-icon eut-small\"><div class=\"eut-wrapper-icon eut-no-shape eut-text-grey\" style=\"\"><i class=\"eut-inner-icon smp-icon-check eut-text-primary-2\"><\/i><\/div><\/div><div class=\"eut-box-content\">  <p class=\"\">Material de paperer\u00eda especialitzat.<\/p><\/div><\/div><div class=\"eut-element eut-box-icon eut-side-icon eut-align-left desc_escuelaverde_texto_bloque\" style=\"\"><div class=\"eut-single-icon eut-small\"><div class=\"eut-wrapper-icon eut-no-shape eut-text-grey\" style=\"\"><i class=\"eut-inner-icon smp-icon-check eut-text-primary-2\"><\/i><\/div><\/div><div class=\"eut-box-content\">  <p class=\"\">Ordinadors port\u00e0tils.<\/p><\/div><\/div><div class=\"eut-element eut-box-icon eut-side-icon eut-align-left desc_escuelaverde_texto_bloque\" style=\"\"><div class=\"eut-single-icon eut-small\"><div class=\"eut-wrapper-icon eut-no-shape eut-text-grey\" style=\"\"><i class=\"eut-inner-icon smp-icon-check eut-text-primary-2\"><\/i><\/div><\/div><div class=\"eut-box-content\">  <p class=\"\">Equips i material de laboratori.<\/p><\/div><\/div>[\/vc_column][\/vc_row][vc_row padding_bottom_multiplier=&#8221;2x&#8221; columns_gap=&#8221;10&#8243; mobile_visibility=&#8221;hide&#8221;][vc_column vertical_content_position=&#8221;bottom&#8221;][vc_column_text el_class=&#8221;desc_escuelaverde_texto_bloque&#8221; css=&#8221;.vc_custom_1574768799458{margin-right: 0px !important;}&#8221;]<span style=\"color: #f2728c;\">*<\/span><strong>Plataforma &#8220;tot alhora&#8221;<\/strong>: \u00e9s un dels principals avantatges d&#8217;Iddink per a les fam\u00edlies, ja que facilita la compra, al mateix moment i lloc, de qualsevol element o article que el centre docent consideri que han de tenir els seus alumnes per al seg\u00fcent curs escolar.[\/vc_column_text][\/vc_column][\/vc_row][vc_row columns_gap=&#8221;10&#8243; desktop_visibility=&#8221;hide&#8221; tablet_visibility=&#8221;hide&#8221; tablet_sm_visibility=&#8221;hide&#8221;][vc_column vertical_content_position=&#8221;bottom&#8221; css=&#8221;.vc_custom_1570520819366{padding-right: 10px !important;padding-left: 10px !important;}&#8221;][vc_column_text el_class=&#8221;desc_escuelaverde_texto_bloque_mobile&#8221; css=&#8221;.vc_custom_1574768806612{margin-right: 0px !important;}&#8221;]<span style=\"color: #f2728c;\">*<\/span><strong>Plataforma &#8220;tot alhora&#8221;<\/strong>: \u00e9s un dels principals avantatges d&#8217;Iddink per a les fam\u00edlies, ja que facilita la compra, al mateix moment i lloc, de qualsevol element o article que el centre docent consideri que han de tenir els seus alumnes per al seg\u00fcent curs escolar.[\/vc_column_text][\/vc_column][\/vc_row][vc_row padding_top_multiplier=&#8221;&#8221; padding_bottom_multiplier=&#8221;3x&#8221; desktop_visibility=&#8221;hide&#8221; tablet_visibility=&#8221;hide&#8221;][vc_column content_width=&#8221;95&#8243; horizontal_content_position=&#8221;center&#8221;]<div class=\"eut-element eut-image eut-align-center eut-image-space-100 eut-image-expand-width\" style=\"\"><div class=\"eut-image-wrapper eut-popup-item\"><div class=\"eut-thumbnail-wrapper\"><div class=\"eut-thumbnail\"  style=\"padding-top: 60.5%;\"><img loading=\"lazy\" decoding=\"async\" width=\"1000\" height=\"605\" src=\"https:\/\/spain.iddink.es\/wp-content\/uploads\/2019\/10\/img_otrosarticulos.jpg\" class=\"attachment-full size-full\" alt=\"\" data-eutf-filter=\"yes\" srcset=\"https:\/\/spain.iddink.es\/wp-content\/uploads\/2019\/10\/img_otrosarticulos.jpg 1000w, https:\/\/spain.iddink.es\/wp-content\/uploads\/2019\/10\/img_otrosarticulos-300x182.jpg 300w, https:\/\/spain.iddink.es\/wp-content\/uploads\/2019\/10\/img_otrosarticulos-768x465.jpg 768w\" sizes=\"auto, (max-width: 1000px) 100vw, 1000px\" \/><\/div><\/div>  <\/div><\/div>[\/vc_column][\/vc_row]<\/p>\n","protected":false},"excerpt":{"rendered":"<p>[vc_row section_type=&#8221;fullwidth&#8221; height_ratio=&#8221;60&#8243; padding_top_multiplier=&#8221;&#8221; padding_bottom_multiplier=&#8221;&#8221; rc_bg_type=&#8221;image&#8221; rc_bg_image=&#8221;10902&#8243; rc_bg_image_size=&#8221;responsive&#8221; mobile_visibility=&#8221;hide&#8221; mobile_columns_vertical_gap=&#8221;none&#8221; tablet_height_ratio=&#8221;60&#8243; tablet_sm_height_ratio=&#8221;60&#8243; mobile_height_ratio=&#8221;60&#8243;][vc_column][vc_column_text][\/vc_column_text][\/vc_column][\/vc_row][vc_row section_type=&#8221;fullwidth&#8221; height_ratio=&#8221;60&#8243; padding_top_multiplier=&#8221;&#8221; padding_bottom_multiplier=&#8221;&#8221; rc_bg_type=&#8221;image&#8221; rc_bg_image=&#8221;10888&#8243; rc_bg_image_size=&#8221;responsive&#8221; desktop_visibility=&#8221;hide&#8221; tablet_visibility=&#8221;hide&#8221; tablet_sm_visibility=&#8221;hide&#8221; mobile_columns_vertical_gap=&#8221;none&#8221; tablet_height_ratio=&#8221;60&#8243; tablet_sm_height_ratio=&#8221;60&#8243; mobile_height_ratio=&#8221;60&#8243;][vc_column][vc_column_text][\/vc_column_text][\/vc_column][\/vc_row][vc_row rc_heading_color=&#8221;light&#8221; rc_bg_type=&#8221;color&#8221; rc_font_color=&#8221;#ffffff&#8221; rc_bg_color=&#8221;#1e73bc&#8221;][vc_column vertical_content_position=&#8221;middle&#8221; text_align=&#8221;center&#8221;][\/vc_column][\/vc_row][vc_row padding_top_multiplier=&#8221;3x&#8221; tablet_sm_visibility=&#8221;hide&#8221; mobile_visibility=&#8221;hide&#8221;][vc_column width=&#8221;1\/2&#8243;][vc_column_text animation_delay=&#8221;800&#8243; animation_duration=&#8221;slow&#8221; el_class=&#8221;desc_escuelaverde_texto_bloque&#8221;]Iddink facilita que les fam\u00edlies puguin adquirir a la seva Plataforma &#8220;tot alhora*&#8220;\u00a0tots els continguts i [&hellip;]<\/p>\n","protected":false},"author":9,"featured_media":0,"parent":7986,"menu_order":0,"comment_status":"closed","ping_status":"closed","template":"","meta":{"footnotes":""},"class_list":["post-9355","page","type-page","status-publish","hentry"],"_links":{"self":[{"href":"https:\/\/spain.iddink.es\/ca\/wp-json\/wp\/v2\/pages\/9355","targetHints":{"allow":["GET"]}}],"collection":[{"href":"https:\/\/spain.iddink.es\/ca\/wp-json\/wp\/v2\/pages"}],"about":[{"href":"https:\/\/spain.iddink.es\/ca\/wp-json\/wp\/v2\/types\/page"}],"author":[{"embeddable":true,"href":"https:\/\/spain.iddink.es\/ca\/wp-json\/wp\/v2\/users\/9"}],"replies":[{"embeddable":true,"href":"https:\/\/spain.iddink.es\/ca\/wp-json\/wp\/v2\/comments?post=9355"}],"version-history":[{"count":15,"href":"https:\/\/spain.iddink.es\/ca\/wp-json\/wp\/v2\/pages\/9355\/revisions"}],"predecessor-version":[{"id":11111,"href":"https:\/\/spain.iddink.es\/ca\/wp-json\/wp\/v2\/pages\/9355\/revisions\/11111"}],"up":[{"embeddable":true,"href":"https:\/\/spain.iddink.es\/ca\/wp-json\/wp\/v2\/pages\/7986"}],"wp:attachment":[{"href":"https:\/\/spain.iddink.es\/ca\/wp-json\/wp\/v2\/media?parent=9355"}],"curies":[{"name":"wp","href":"https:\/\/api.w.org\/{rel}","templated":true}]}}