{"id":9395,"date":"2019-09-09T17:00:11","date_gmt":"2019-09-09T15:00:11","guid":{"rendered":"https:\/\/www.pre-iddink.cat\/centros-2\/proyectos-reutilizacion-libros\/comprayventa\/"},"modified":"2023-06-16T15:13:43","modified_gmt":"2023-06-16T13:13:43","slug":"compra-i-venda","status":"publish","type":"page","link":"https:\/\/spain.iddink.es\/ca\/centres\/projectes-reutilitzacio-llibres\/compra-i-venda\/","title":{"rendered":"Compra i venda de llibres usats"},"content":{"rendered":"<p>[vc_row section_type=&#8221;fullwidth&#8221; height_ratio=&#8221;60&#8243; padding_top_multiplier=&#8221;&#8221; padding_bottom_multiplier=&#8221;&#8221; rc_bg_type=&#8221;image&#8221; rc_bg_image=&#8221;10137&#8243; rc_bg_image_size=&#8221;responsive&#8221; tablet_visibility=&#8221;hide&#8221; tablet_sm_visibility=&#8221;hide&#8221; mobile_visibility=&#8221;hide&#8221; mobile_height_ratio=&#8221;100&#8243;][vc_column][vc_column_text][\/vc_column_text][\/vc_column][\/vc_row][vc_row section_type=&#8221;fullwidth&#8221; padding_top_multiplier=&#8221;&#8221; padding_bottom_multiplier=&#8221;&#8221; rc_bg_type=&#8221;image&#8221; rc_bg_image=&#8221;10137&#8243; desktop_visibility=&#8221;hide&#8221; el_class=&#8221;desc_image_banner_height&#8221;][vc_column][vc_column_text][\/vc_column_text][\/vc_column][\/vc_row][vc_row padding_top_multiplier=&#8221;&#8221; rc_heading_color=&#8221;light&#8221; rc_bg_type=&#8221;color&#8221; mobile_visibility=&#8221;hide&#8221; rc_font_color=&#8221;#ffffff&#8221; rc_bg_color=&#8221;#1e73bc&#8221;][vc_column width=&#8221;1\/12&#8243; vertical_content_position=&#8221;middle&#8221; text_align=&#8221;center&#8221;][\/vc_column][vc_column width=&#8221;5\/6&#8243;]<h1 class=\"eut-element eut-title eut-align-center eut-h1 desc_reutilizacionlibro_titulo\" style=\"\"><span><br>\n<p style=\"text-align: center;\"><strong>Compra i venda de llibres usats\u00a0<\/strong><br>\n<\/span><\/h1>[vc_column_text el_class=&#8221;desc_reutilizacionlibro_bloque&#8221;]<\/p>\n<p style=\"text-align: center;\">Iddink proporciona als centres d&#8217;ensenyament, que estiguin reutilitzant llibres o vulguin posar en marxa el seu propi projecte de reutilitzaci\u00f3, la possibilitat de comprar el seu estoc de llibres usats, ja siguin llibres de text o llibres de lectura. El primer any d&#8217;inici del servei d&#8217;Iddink al centre docent, i nom\u00e9s el primer any, els centres, les associacions de fam\u00edlies i les fam\u00edlies poden vendre a Iddink els llibres que tinguin de cursos anteriors i que compleixin els requisits necessaris.<\/p>\n<p>[\/vc_column_text][\/vc_column][vc_column width=&#8221;1\/12&#8243;][\/vc_column][\/vc_row][vc_row height_ratio=&#8221;100&#8243; padding_top_multiplier=&#8221;&#8221; padding_bottom_multiplier=&#8221;&#8221; rc_heading_color=&#8221;light&#8221; rc_bg_type=&#8221;color&#8221; desktop_visibility=&#8221;hide&#8221; tablet_visibility=&#8221;hide&#8221; tablet_sm_visibility=&#8221;hide&#8221; tablet_sm_height_ratio=&#8221;70&#8243; mobile_height_ratio=&#8221;100&#8243; rc_font_color=&#8221;#ffffff&#8221; rc_bg_color=&#8221;#1e73bc&#8221;][vc_column css=&#8221;.vc_custom_1570585401254{padding-right: 10px !important;padding-left: 10px !important;}&#8221;]<h1 class=\"eut-element eut-title eut-align-center eut-h1 desc_reutilizacionlibro_titulo_mobile\" style=\"\"><span><br>\n<p style=\"text-align: center;\"><strong>Compra i venda de llibres usats<\/strong><br>\n<\/span><\/h1><h3 class=\"eut-element eut-title eut-align-left eut-small-text desc_reutilizacionlibro_bloque_mobile\" style=\"margin-bottom: 1px;\"><span><br>\n<p style=\"text-align: left;\">Iddink proporciona als centres d&#8217;ensenyament, que estiguin reutilitzant llibres o vulguin posar en marxa el seu propi projecte de reutilitzaci\u00f3, la possibilitat de comprar el seu estoc de llibres usats, ja siguin llibres de text o llibres de lectura. El primer any d&#8217;inici del servei d&#8217;Iddink al centre docent, i nom\u00e9s el primer any, els centres, les associacions de fam\u00edlies i les fam\u00edlies poden vendre a Iddink els llibres que tinguin de cursos anteriors i que compleixin els requisits necessaris.<br>\n<\/span><\/h3>[\/vc_column][\/vc_row][vc_row padding_top_multiplier=&#8221;2x&#8221; mobile_visibility=&#8221;hide&#8221; rc_margin_bottom=&#8221;40px&#8221;][vc_column width=&#8221;1\/12&#8243;][\/vc_column][vc_column width=&#8221;5\/12&#8243; mobile_width=&#8221;1-2&#8243;]<h3 class=\"eut-element eut-title eut-align-inherit eut-h1 desc_reutilizacionlibro_titulo_bloque\" style=\"margin-bottom: 0px;\"><span>Requisits que han de complir els llibres que vulguin vendre a Iddink<\/span><\/h3><div class=\"eut-empty-space eut-height-1x\" style=\"\"><\/div>[vc_column_text text_style=&#8221;small-text&#8221; animation_delay=&#8221;800&#8243; animation_duration=&#8221;slow&#8221; el_class=&#8221;desc_reutilizacionlibro_texto_bloque&#8221;]<\/p>\n<p style=\"padding-left: 5px;\"><span style=\"color: #1e73bc;\"><i class=\"fa fa-check-circle-o \" ><\/i> <\/span> <strong>S\u00f3n llibres per a reutilitzar:<\/strong> el centre docent ha\u00a0de voler reutilitzar-los i, per tant, han d&#8217;apar\u00e8ixer a la llista de llibres del proper curs escolar.<\/p>\n<p style=\"padding-left: 5px;\"><span style=\"color: #1e73bc;\"><i class=\"fa fa-check-circle-o \" ><\/i> <\/span><strong>Han d&#8217;estar en bon estat: <\/strong>els llibres han de complir els criteris de qualitat dels ecoBooks. Iddink s&#8217;encarregar\u00e0 de la revisi\u00f3 i la recollida.<\/p>\n<p style=\"padding-left: 5px;\"><span style=\"color: #1e73bc;\"><i class=\"fa fa-check-circle-o \" ><\/i> <\/span><strong>El seu format ha de permetre la reutilitzaci\u00f3:<\/strong> les caracter\u00edstiques del llibre han de permetre el seu \u00fas durant cursos succesius; per exemple, els quaderns d&#8217;activitats o llibres d&#8217;anelles no poden ser reutilitzats en un \u00fas continuat ja que sovint son d&#8217;un sol \u00fas.<\/p>\n<p>[\/vc_column_text][\/vc_column][vc_column width=&#8221;5\/12&#8243;]<div class=\"eut-element eut-image eut-align-center\" style=\"\"><div class=\"eut-image-wrapper eut-popup-item\" style=\"max-width:616px;\"><div class=\"eut-thumbnail-wrapper\"  style=\"max-width: 616px;\"><div class=\"eut-thumbnail\"  style=\"padding-top: 98.864%;\"><img loading=\"lazy\" decoding=\"async\" width=\"616\" height=\"609\" src=\"https:\/\/spain.iddink.es\/wp-content\/uploads\/2019\/10\/foto.jpg\" class=\"attachment-full size-full\" alt=\"\" data-eutf-filter=\"yes\" srcset=\"https:\/\/spain.iddink.es\/wp-content\/uploads\/2019\/10\/foto.jpg 616w, https:\/\/spain.iddink.es\/wp-content\/uploads\/2019\/10\/foto-300x297.jpg 300w\" sizes=\"auto, (max-width: 616px) 100vw, 616px\" \/><\/div><\/div>  <\/div><\/div>[\/vc_column][vc_column width=&#8221;1\/12&#8243;][\/vc_column][\/vc_row][vc_row desktop_visibility=&#8221;hide&#8221; tablet_visibility=&#8221;hide&#8221; tablet_sm_visibility=&#8221;hide&#8221;][vc_column css=&#8221;.vc_custom_1570525215295{padding-left: 10px !important;}&#8221;]<h3 class=\"eut-element eut-title eut-align-inherit eut-h1 desc_reutilizacionlibro_titulo_bloque_mobile\" style=\"margin-bottom: 0px;\"><span>Requisits que han de complir els llibres que vulguin vendre a Iddink<\/span><\/h3><div class=\"eut-empty-space eut-height-1x\" style=\"\"><\/div>[vc_column_text text_style=&#8221;small-text&#8221; animation_delay=&#8221;800&#8243; animation_duration=&#8221;slow&#8221; el_class=&#8221;desc_reutilizacionlibro_texto_bloque&#8221;]<\/p>\n<p style=\"padding-left: 5px;\"><span style=\"color: #1e73bc;\"><i class=\"fa fa-check-circle-o \" ><\/i> <\/span> <strong>S\u00f3n llibres per a reutilitzar:<\/strong> el centre docent ha\u00a0de voler reutilitzar-los i, per tant, han d&#8217;apar\u00e8ixer a la llista de llibres del proper curs escolar.<\/p>\n<p style=\"padding-left: 5px;\"><span style=\"color: #1e73bc;\"><i class=\"fa fa-check-circle-o \" ><\/i> <\/span><strong>Han d&#8217;estar en bon estat: <\/strong>els llibres han de complir els criteris de qualitat dels ecoBooks. Iddink s&#8217;encarregar\u00e0 de la revisi\u00f3 i la recollida.<\/p>\n<p style=\"padding-left: 5px;\"><span style=\"color: #1e73bc;\"><i class=\"fa fa-check-circle-o \" ><\/i> <\/span><strong>El seu format ha de permetre la reutilitzaci\u00f3:<\/strong> les caracter\u00edstiques del llibre han de permetre el seu \u00fas durant cursos succesius; per exemple, els quaderns d&#8217;activitats o llibres amb anelles no poden ser reutilitzats en un \u00fas continuat ja que sovint son d&#8217;un sol \u00fas.<\/p>\n<p>[\/vc_column_text]<div class=\"eut-element eut-image eut-align-center\" style=\"\"><div class=\"eut-image-wrapper eut-popup-item\" style=\"max-width:616px;\"><div class=\"eut-thumbnail-wrapper\"  style=\"max-width: 616px;\"><div class=\"eut-thumbnail\"  style=\"padding-top: 98.864%;\"><img loading=\"lazy\" decoding=\"async\" width=\"616\" height=\"609\" src=\"https:\/\/spain.iddink.es\/wp-content\/uploads\/2019\/10\/foto.jpg\" class=\"attachment-crocal-eutf-fullscreen size-crocal-eutf-fullscreen\" alt=\"\" data-eutf-filter=\"yes\" srcset=\"https:\/\/spain.iddink.es\/wp-content\/uploads\/2019\/10\/foto.jpg 616w, https:\/\/spain.iddink.es\/wp-content\/uploads\/2019\/10\/foto-300x297.jpg 300w\" sizes=\"auto, (max-width: 616px) 100vw, 616px\" \/><\/div><\/div>  <\/div><\/div>[\/vc_column][\/vc_row][vc_row padding_top_multiplier=&#8221;2x&#8221; padding_bottom_multiplier=&#8221;2x&#8221; rc_heading_color=&#8221;primary-1&#8243; rc_bg_type=&#8221;color&#8221; columns_gap=&#8221;none&#8221; equal_column_height=&#8221;equal&#8221; mobile_visibility=&#8221;hide&#8221; rc_bg_color=&#8221;#a4d65e&#8221; rc_font_color=&#8221;#ffffff&#8221;][vc_column vertical_content_position=&#8221;middle&#8221; text_align=&#8221;center&#8221; css=&#8221;.vc_custom_1565255326449{padding-right: 60px !important;padding-left: 60px !important;}&#8221;][vc_column_text el_class=&#8221;desc_reutilizacionlibro_titulo_bloque_ecobook&#8221; css=&#8221;.vc_custom_1570871437559{margin-right: 5px !important;margin-bottom: 30px !important;margin-left: 5px !important;}&#8221;]<\/p>\n<p style=\"text-align: center;\">Iddink s&#8217;encarrega de la gesti\u00f3 de tot el proc\u00e9s de revisi\u00f3 i transport<\/p>\n<p>[\/vc_column_text][vc_column_text el_class=&#8221;desc_reutilizacionlibro_titulo_texto&#8221; css=&#8221;.vc_custom_1574772913136{margin-right: 5px !important;margin-left: 5px !important;}&#8221;]<\/p>\n<p style=\"text-align: center;\"><span style=\"color: #ffffff;\">En col\u00b7laboraci\u00f3 amb el centre, i gr\u00e0cies a un equip especialitzat, Iddink s&#8217;encarrega de revisar els llibres i de recollir-los al centre docent. La revisi\u00f3 es realitza davant de qui vol vendre els llibres, ja sigui el propi centre, l&#8217;AFA, la fam\u00edlia o l&#8217;estudiant. Tot aix\u00f2, respectant la llibertat de les fam\u00edlies per vendre o no els seus llibres a Iddink.<\/span><\/p>\n<p>[\/vc_column_text][\/vc_column][\/vc_row][vc_row padding_top_multiplier=&#8221;2x&#8221; padding_bottom_multiplier=&#8221;2x&#8221; rc_heading_color=&#8221;primary-1&#8243; rc_bg_type=&#8221;color&#8221; columns_gap=&#8221;none&#8221; equal_column_height=&#8221;equal&#8221; desktop_visibility=&#8221;hide&#8221; tablet_visibility=&#8221;hide&#8221; tablet_sm_visibility=&#8221;hide&#8221; rc_bg_color=&#8221;#a4d65e&#8221; rc_font_color=&#8221;#ffffff&#8221;][vc_column vertical_content_position=&#8221;middle&#8221; text_align=&#8221;center&#8221; css=&#8221;.vc_custom_1567498535196{padding-right: 10px !important;padding-left: 10px !important;}&#8221;][vc_column_text el_class=&#8221;desc_reutilizacionlibro_titulo_bloque_ecobook_mobile&#8221; css=&#8221;.vc_custom_1570871447088{margin-right: 5px !important;margin-bottom: 30px !important;margin-left: 5px !important;}&#8221;]<\/p>\n<p style=\"text-align: center;\">Iddink s&#8217;encarrega de la gesti\u00f3 de tot el proc\u00e9s de revisi\u00f3 i transport<\/p>\n<p>[\/vc_column_text][vc_column_text el_class=&#8221;desc_reutilizacionlibro_titulo_texto&#8221; css=&#8221;.vc_custom_1573657985782{margin-right: 5px !important;margin-left: 5px !important;}&#8221;]<\/p>\n<p style=\"text-align: center;\"><span style=\"color: #ffffff;\">En col\u00b7laboraci\u00f3 amb el centre, i gr\u00e0cies a un equip especialitzat, Iddink s&#8217;encarrega de revisar els llibres i de recollir-los al centre docent. La revisi\u00f3 es realitza davant de qui vol vendre els llibres, ja sigui el propi centre, l&#8217;AFA, la fam\u00edlia o l&#8217;estudiant. Tot aix\u00f2, respectant la llibertat de les fam\u00edlies per vendre o no els seus llibres a Iddink.<\/span><\/p>\n<p>[\/vc_column_text][\/vc_column][\/vc_row][vc_row padding_top_multiplier=&#8221;2x&#8221; mobile_visibility=&#8221;hide&#8221; mobile_columns_vertical_gap=&#8221;10&#8243; rc_margin_bottom=&#8221;40px&#8221;][vc_column width=&#8221;2\/5&#8243; content_width=&#8221;95&#8243; horizontal_content_position=&#8221;center&#8221; vertical_content_position=&#8221;middle&#8221; full_height=&#8221;yes&#8221; text_align=&#8221;center&#8221; el_wrapper_class=&#8221;desc_reutilizacionlibro_img_mediana&#8221;]<div class=\"eut-element eut-image desc_reutilizacionlibro_img_mediana eut-align-center eut-image-space-100 eut-image-expand-width\" style=\"\"><div class=\"eut-image-wrapper eut-popup-item\"><div class=\"eut-thumbnail-wrapper\"><div class=\"eut-thumbnail\"  style=\"padding-top: 66.659%;\"><img loading=\"lazy\" decoding=\"async\" width=\"4598\" height=\"3065\" src=\"https:\/\/spain.iddink.es\/wp-content\/uploads\/2019\/10\/AdobeStock_pagos.jpg\" class=\"attachment-full size-full\" alt=\"\" data-eutf-filter=\"yes\" srcset=\"https:\/\/spain.iddink.es\/wp-content\/uploads\/2019\/10\/AdobeStock_pagos.jpg 4598w, https:\/\/spain.iddink.es\/wp-content\/uploads\/2019\/10\/AdobeStock_pagos-300x200.jpg 300w, https:\/\/spain.iddink.es\/wp-content\/uploads\/2019\/10\/AdobeStock_pagos-768x512.jpg 768w, https:\/\/spain.iddink.es\/wp-content\/uploads\/2019\/10\/AdobeStock_pagos-1024x683.jpg 1024w, https:\/\/spain.iddink.es\/wp-content\/uploads\/2019\/10\/AdobeStock_pagos-1920x1280.jpg 1920w\" sizes=\"auto, (max-width: 4598px) 100vw, 4598px\" \/><\/div><\/div>  <\/div><\/div>[\/vc_column][vc_column width=&#8221;3\/5&#8243; full_height=&#8221;yes&#8221; mobile_width=&#8221;1-2&#8243; css=&#8221;.vc_custom_1567150962898{margin-right: 30px !important;margin-left: 30px !important;}&#8221;][vc_column_text el_class=&#8221;desc_reutilizacionlibro_titulo_bloque&#8221; css=&#8221;.vc_custom_1574772941042{margin-right: 5px !important;margin-left: 5px !important;}&#8221;]Iddink pagar\u00e1 al centre el 35% del PVP de l&#8217;estoc de llibres usats que adquereixi.[\/vc_column_text][vc_column_text el_class=&#8221;desc_reutilizacionlibro_titulo_texto&#8221; css=&#8221;.vc_custom_1574772960617{margin-right: 5px !important;margin-left: 5px !important;}&#8221;]La compra \u00fanicament es dur\u00e0 a terme el primer any d&#8217;inici del servei d&#8217;Iddink al centre docent, sempre que els llibres compleixin els requisits especificats anteriorment. El pagament es realitza a finals de juliol mitjan\u00e7ant transfer\u00e8ncia banc\u00e0ria al compte bancari del venedor.<\/p>\n<p>Si sou un centre docent, o sou una AFA, que no desitja utilitzar el nostre servei per\u00f2 que us pot interessar vendre\u2019ns el vostre estoc de llibres usats, podeu contactar amb nosaltres per valorar els detalls.[\/vc_column_text][\/vc_column][\/vc_row][vc_row padding_top_multiplier=&#8221;&#8221; desktop_visibility=&#8221;hide&#8221; tablet_visibility=&#8221;hide&#8221; tablet_sm_visibility=&#8221;hide&#8221;][vc_column css=&#8221;.vc_custom_1570525423945{padding-right: 10px !important;padding-left: 10px !important;}&#8221;]<div class=\"eut-empty-space eut-height-1x\" style=\"\"><\/div>[vc_column_text el_class=&#8221;desc_reutilizacionlibro_titulo_bloque_mobile1&#8243; css=&#8221;.vc_custom_1574772947096{margin-top: 30px !important;margin-right: 5px !important;margin-bottom: 30px !important;margin-left: 5px !important;}&#8221;]Iddink pagar\u00e1 al centre el 35% del PVP de l&#8217;estoc de llibres usats que adquereixi.[\/vc_column_text][vc_column_text el_class=&#8221;desc_reutilizacionlibro_titulo_texto&#8221; css=&#8221;.vc_custom_1571912139455{margin-right: 5px !important;margin-left: 5px !important;}&#8221;]La compra \u00fanicament es dur\u00e0 a terme el primer any d&#8217;inici del servei d&#8217;Iddink al centre docent, sempre que els llibres compleixin els requisits especificats anteriorment. El pagament es realitza a finals de juliol mitjan\u00e7ant transfer\u00e8ncia banc\u00e0ria al compte bancari del venedor.<\/p>\n<p>Si sou un centre docent, o sou una AFA, que no desitja utilitzar el nostre servei per\u00f2 que us pot interessar vendre\u2019ns el vostre estoc de llibres usats, podeu contactar amb nosaltres per valorar els detalls.[\/vc_column_text]<div class=\"eut-element eut-image desc_reutilizacionlibro_img_mediana eut-align-center\" style=\"\"><div class=\"eut-image-wrapper eut-popup-item\" style=\"max-width:4598px;\"><div class=\"eut-thumbnail-wrapper\"  style=\"max-width: 4598px;\"><div class=\"eut-thumbnail\"  style=\"padding-top: 66.659%;\"><img loading=\"lazy\" decoding=\"async\" width=\"4598\" height=\"3065\" src=\"https:\/\/spain.iddink.es\/wp-content\/uploads\/2019\/10\/AdobeStock_pagos.jpg\" class=\"attachment-full size-full\" alt=\"\" data-eutf-filter=\"yes\" srcset=\"https:\/\/spain.iddink.es\/wp-content\/uploads\/2019\/10\/AdobeStock_pagos.jpg 4598w, https:\/\/spain.iddink.es\/wp-content\/uploads\/2019\/10\/AdobeStock_pagos-300x200.jpg 300w, https:\/\/spain.iddink.es\/wp-content\/uploads\/2019\/10\/AdobeStock_pagos-768x512.jpg 768w, https:\/\/spain.iddink.es\/wp-content\/uploads\/2019\/10\/AdobeStock_pagos-1024x683.jpg 1024w, https:\/\/spain.iddink.es\/wp-content\/uploads\/2019\/10\/AdobeStock_pagos-1920x1280.jpg 1920w\" sizes=\"auto, (max-width: 4598px) 100vw, 4598px\" \/><\/div><\/div>  <\/div><\/div>[\/vc_column][\/vc_row][vc_row rc_bg_type=&#8221;color&#8221; mobile_visibility=&#8221;hide&#8221; rc_bg_color=&#8221;#d0debb&#8221;][vc_column width=&#8221;1\/6&#8243; text_align=&#8221;center&#8221; rc_bg_type=&#8221;color&#8221; tablet_sm_width=&#8221;2-3&#8243; rc_bg_color=&#8221;#eff2f4&#8243;][\/vc_column][vc_column width=&#8221;2\/3&#8243; text_align=&#8221;center&#8221;]<h3 class=\"eut-element eut-title eut-align-inherit eut-h3 desc_reutilizacionlibro_title_button\" style=\"\"><span>Us interessa saber-ne m\u00e9s?<\/span><\/h3><div class=\"eut-element eut-slogan eut-align-center desc_conocermas_texto\" style=\"\"><h5 class=\"eut-slogan-title eut-align-center eut-h6\"><span>Si teniu inter\u00e8s en con\u00e8ixer amb m\u00e9s detall aquesta opci\u00f3, contacteu-nos per donar-vos m\u00e9s informaci\u00f3 i fer-vos una proposta concreta sense comprom\u00eds.<\/span><\/h5><div class=\"eut-btn-wrapper\"><a href=\"https:\/\/spain.iddink.es\/ca\/atencio-als-centres\/\" title=\"Contacte\" class=\"eut-btn eut-btn-small eut-extra-round eut-bg-white eut-bg-hover-white eut-btn-line btn-iddink--button\"><span>Contacte<\/span><\/a><\/div><\/div>[\/vc_column][vc_column width=&#8221;1\/6&#8243;][\/vc_column][\/vc_row][vc_row rc_bg_type=&#8221;color&#8221; desktop_visibility=&#8221;hide&#8221; tablet_visibility=&#8221;hide&#8221; tablet_sm_visibility=&#8221;hide&#8221; rc_bg_color=&#8221;#d0debb&#8221;][vc_column text_align=&#8221;center&#8221; rc_bg_type=&#8221;color&#8221; tablet_sm_width=&#8221;2-3&#8243; rc_bg_color=&#8221;#d0debb&#8221;]<h3 class=\"eut-element eut-title eut-align-inherit eut-h3 desc_reutilizacionlibro_title_button_mobile\" style=\"\"><span><br>\n<p style=\"text-align: center;\">Us interessa saber-ne m\u00e9s?<br>\n<\/span><\/h3><div class=\"eut-element eut-slogan eut-align-center\" style=\"\"><h5 class=\"eut-slogan-title eut-align-center eut-h6\"><span>Si teniu inter\u00e8s en con\u00e8ixer amb m\u00e9s detall aquesta opci\u00f3, contacteu-nos per donar-vos m\u00e9s informaci\u00f3 i fer-vos una proposta concreta sense comprom\u00eds.<\/span><\/h5><div class=\"eut-btn-wrapper\"><a href=\"https:\/\/spain.iddink.es\/ca\/atencio-als-centres\/\" title=\"Atenci\u00f3 als centres\" class=\"eut-btn eut-btn-small eut-extra-round eut-bg-white eut-bg-hover-white eut-btn-line btn-iddink--button\"><span>Contacte<\/span><\/a><\/div><\/div>[\/vc_column][\/vc_row]<\/p>\n","protected":false},"excerpt":{"rendered":"<p>[vc_row section_type=&#8221;fullwidth&#8221; height_ratio=&#8221;60&#8243; padding_top_multiplier=&#8221;&#8221; padding_bottom_multiplier=&#8221;&#8221; rc_bg_type=&#8221;image&#8221; rc_bg_image=&#8221;10137&#8243; rc_bg_image_size=&#8221;responsive&#8221; tablet_visibility=&#8221;hide&#8221; tablet_sm_visibility=&#8221;hide&#8221; mobile_visibility=&#8221;hide&#8221; mobile_height_ratio=&#8221;100&#8243;][vc_column][vc_column_text][\/vc_column_text][\/vc_column][\/vc_row][vc_row section_type=&#8221;fullwidth&#8221; padding_top_multiplier=&#8221;&#8221; padding_bottom_multiplier=&#8221;&#8221; rc_bg_type=&#8221;image&#8221; rc_bg_image=&#8221;10137&#8243; desktop_visibility=&#8221;hide&#8221; el_class=&#8221;desc_image_banner_height&#8221;][vc_column][vc_column_text][\/vc_column_text][\/vc_column][\/vc_row][vc_row padding_top_multiplier=&#8221;&#8221; rc_heading_color=&#8221;light&#8221; rc_bg_type=&#8221;color&#8221; mobile_visibility=&#8221;hide&#8221; rc_font_color=&#8221;#ffffff&#8221; rc_bg_color=&#8221;#1e73bc&#8221;][vc_column width=&#8221;1\/12&#8243; vertical_content_position=&#8221;middle&#8221; text_align=&#8221;center&#8221;][\/vc_column][vc_column width=&#8221;5\/6&#8243;][vc_column_text el_class=&#8221;desc_reutilizacionlibro_bloque&#8221;] Iddink proporciona als centres d&#8217;ensenyament, que estiguin reutilitzant llibres o vulguin posar en marxa el seu propi projecte de reutilitzaci\u00f3, la possibilitat de comprar el [&hellip;]<\/p>\n","protected":false},"author":9,"featured_media":0,"parent":9386,"menu_order":0,"comment_status":"closed","ping_status":"closed","template":"","meta":{"footnotes":""},"class_list":["post-9395","page","type-page","status-publish","hentry"],"_links":{"self":[{"href":"https:\/\/spain.iddink.es\/ca\/wp-json\/wp\/v2\/pages\/9395","targetHints":{"allow":["GET"]}}],"collection":[{"href":"https:\/\/spain.iddink.es\/ca\/wp-json\/wp\/v2\/pages"}],"about":[{"href":"https:\/\/spain.iddink.es\/ca\/wp-json\/wp\/v2\/types\/page"}],"author":[{"embeddable":true,"href":"https:\/\/spain.iddink.es\/ca\/wp-json\/wp\/v2\/users\/9"}],"replies":[{"embeddable":true,"href":"https:\/\/spain.iddink.es\/ca\/wp-json\/wp\/v2\/comments?post=9395"}],"version-history":[{"count":19,"href":"https:\/\/spain.iddink.es\/ca\/wp-json\/wp\/v2\/pages\/9395\/revisions"}],"predecessor-version":[{"id":13456,"href":"https:\/\/spain.iddink.es\/ca\/wp-json\/wp\/v2\/pages\/9395\/revisions\/13456"}],"up":[{"embeddable":true,"href":"https:\/\/spain.iddink.es\/ca\/wp-json\/wp\/v2\/pages\/9386"}],"wp:attachment":[{"href":"https:\/\/spain.iddink.es\/ca\/wp-json\/wp\/v2\/media?parent=9395"}],"curies":[{"name":"wp","href":"https:\/\/api.w.org\/{rel}","templated":true}]}}