{"id":9414,"date":"2019-09-13T08:05:49","date_gmt":"2019-09-13T06:05:49","guid":{"rendered":"https:\/\/www.pre-iddink.cat\/plantilla13-2\/"},"modified":"2021-01-08T11:07:07","modified_gmt":"2021-01-08T10:07:07","slug":"monitoritzacio","status":"publish","type":"page","link":"https:\/\/spain.iddink.es\/ca\/afas\/projectes-de-reutilitzacio-de-llibres\/monitoritzacio\/","title":{"rendered":"Monitorizaci\u00f3 i supervisi\u00f3"},"content":{"rendered":"<p>[vc_row section_type=&#8221;fullwidth&#8221; height_ratio=&#8221;60&#8243; padding_top_multiplier=&#8221;&#8221; padding_bottom_multiplier=&#8221;&#8221; rc_bg_type=&#8221;image&#8221; rc_bg_image=&#8221;9040&#8243; tablet_height_ratio=&#8221;60&#8243; tablet_sm_height_ratio=&#8221;60&#8243; mobile_height_ratio=&#8221;60&#8243;][vc_column][vc_column_text][\/vc_column_text][\/vc_column][\/vc_row][vc_row rc_heading_color=&#8221;light&#8221; rc_bg_type=&#8221;color&#8221; rc_font_color=&#8221;#ffffff&#8221; rc_bg_color=&#8221;#1e73bc&#8221;][vc_column vertical_content_position=&#8221;middle&#8221; text_align=&#8221;center&#8221;]<h1 class=\"eut-element eut-title eut-align-center eut-h1 desc_escuelaverde_titulo eut-tablet-sm-reset-increase-heading eut-mobile-reset-increase-heading eut-increase-heading eut-heading-120\" style=\"\"><span><br>\n<p style=\"text-align: center;\"><strong>Monitorizaci\u00f3 i supervisi\u00f3<\/strong><br>\n<\/span><\/h1>[\/vc_column][\/vc_row][vc_row padding_top_multiplier=&#8221;3x&#8221; tablet_sm_visibility=&#8221;hide&#8221; mobile_visibility=&#8221;hide&#8221;][vc_column width=&#8221;1\/2&#8243;]<h3 class=\"eut-element eut-title eut-align-inherit eut-h1 desc_escuelaverde_titulo_bloque\" style=\"margin-bottom: 0px;\"><span>Informaci\u00f3 estad\u00edstica<\/span><\/h3><div class=\"eut-empty-space eut-height-1x\" style=\"\"><\/div>[vc_column_text animation_delay=&#8221;800&#8243; animation_duration=&#8221;slow&#8221; el_class=&#8221;desc_escuelaverde_texto_bloque&#8221;]A trav\u00e9s de la seva \u00e0rea privada, cada centre docent t\u00e9 acc\u00e9s a informaci\u00f3 estad\u00edstica de les activitats i serveis realitzats per Iddink a les fam\u00edlies i estudiants del centre. La informaci\u00f3, descarregable majorit\u00e0riament a un fitxer Excel, permet con\u00e8ixer les seg\u00fcents dades:[\/vc_column_text][vc_row_inner][vc_column_inner]<div class=\"eut-element eut-box-icon eut-side-icon eut-align-left desc_escuelaverde_texto_bloque\" style=\"margin-bottom: 4px;\"><div class=\"eut-single-icon eut-small\"><div class=\"eut-wrapper-icon eut-no-shape eut-text-grey\" style=\"\"><i class=\"eut-inner-icon smp-icon-check eut-text-primary-2\"><\/i><\/div><\/div><div class=\"eut-box-content\">  <p class=\"\"> <strong>Comandes i recaptaci\u00f3 de quotes:<\/strong><br \/>\n\u2022 Comandes realitzades pels alumnes i l&#8217;estat dels seus pagaments.<br \/>\n\u2022 Estat dels lliuraments.<br \/>\n\u2022 Estat del pagament de les comandes.<br \/>\n\u2022 Quotes pagades pels alumnes i estat del seu pagament.\n\n\n<\/p><\/div><\/div><div class=\"eut-element eut-box-icon eut-side-icon eut-align-left desc_escuelaverde_texto_bloque\" style=\"margin-bottom: 4px;\"><div class=\"eut-single-icon eut-small\"><div class=\"eut-wrapper-icon eut-no-shape eut-text-grey\" style=\"\"><i class=\"eut-inner-icon smp-icon-check eut-text-primary-2\"><\/i><\/div><\/div><div class=\"eut-box-content\">  <p class=\"\"> <strong>Continguts digitals:<\/strong><br \/>\n\u2022 Acc\u00e9s als continguts digitals.<br \/>\n\u2022 Administrar l&#8217;acc\u00e9s per curs, grup i asignatura.<br \/>\n\u2022 Control dels alumnes amb i sense acc\u00e9s.<br \/>\n<\/p><\/div><\/div><div class=\"eut-element eut-box-icon eut-side-icon eut-align-left desc_escuelaverde_texto_bloque\" style=\"\"><div class=\"eut-single-icon eut-small\"><div class=\"eut-wrapper-icon eut-no-shape eut-text-grey\" style=\"\"><i class=\"eut-inner-icon smp-icon-check eut-text-primary-2\"><\/i><\/div><\/div><div class=\"eut-box-content\">  <p class=\"\"> <strong>Llista de llibres i Book List Maker<\/strong><br \/>\n\u2022 Desc\u00e0rrega de la llista per assigntaura i per curs.<br \/>\n\u2022 Acc\u00e9s al programa Book List Maker d&#8217;edici\u00f3 i creaci\u00f3 de llistes de continguts i articles educatius.<br \/>\n<\/p><\/div><\/div>[\/vc_column_inner][\/vc_row_inner][\/vc_column][vc_column width=&#8221;1\/2&#8243; mobile_width=&#8221;1-2&#8243;]<div class=\"eut-empty-space eut-height-1x\" style=\"\"><\/div><div class=\"eut-element eut-image eut-align-center\" style=\"\"><div class=\"eut-image-wrapper eut-popup-item\" style=\"max-width:910px;\"><div class=\"eut-thumbnail-wrapper\"  style=\"max-width: 910px;\"><div class=\"eut-thumbnail\"  style=\"padding-top: 88.571%;\"><img loading=\"lazy\" decoding=\"async\" width=\"910\" height=\"806\" src=\"https:\/\/spain.iddink.es\/wp-content\/uploads\/2019\/11\/img_monitorizacion01.jpg\" class=\"attachment-full size-full\" alt=\"\" data-eutf-filter=\"yes\" srcset=\"https:\/\/spain.iddink.es\/wp-content\/uploads\/2019\/11\/img_monitorizacion01.jpg 910w, https:\/\/spain.iddink.es\/wp-content\/uploads\/2019\/11\/img_monitorizacion01-300x266.jpg 300w, https:\/\/spain.iddink.es\/wp-content\/uploads\/2019\/11\/img_monitorizacion01-768x680.jpg 768w\" sizes=\"auto, (max-width: 910px) 100vw, 910px\" \/><\/div><\/div>  <\/div><\/div>[\/vc_column][\/vc_row][vc_row padding_bottom_multiplier=&#8221;&#8221; desktop_visibility=&#8221;hide&#8221; tablet_visibility=&#8221;hide&#8221; tablet_sm_visibility=&#8221;hide&#8221;][vc_column css=&#8221;.vc_custom_1570536182362{margin-top: 15px !important;padding-right: 10px !important;padding-left: 10px !important;}&#8221;]<h3 class=\"eut-element eut-title eut-align-inherit eut-h1 desc_escuelaverde_titulo_bloque_mobile\" style=\"margin-bottom: 0px;\"><span>Informaci\u00f3 estad\u00edstica<\/span><\/h3><div class=\"eut-empty-space\" style=\"height: 22px;\"><\/div>[vc_column_text animation_delay=&#8221;800&#8243; animation_duration=&#8221;slow&#8221; el_class=&#8221;desc_escuelaverde_texto_bloque&#8221;]A trav\u00e9s de la seva \u00e0rea privada, cada centre docent t\u00e9 acc\u00e9s a informaci\u00f3 estad\u00edstica de les activitats i serveis realitzats per Iddink a les fam\u00edlies i estudiants del centre. La informaci\u00f3, descarregable majorit\u00e0riament a un fitxer Excel, permet con\u00e8ixer les seg\u00fcents dades:[\/vc_column_text][\/vc_column][\/vc_row][vc_row desktop_visibility=&#8221;hide&#8221; tablet_visibility=&#8221;hide&#8221;][vc_column css=&#8221;.vc_custom_1570536199597{padding-left: 10px !important;}&#8221;]<div class=\"eut-element eut-box-icon eut-side-icon eut-align-left desc_escuelaverde_texto_bloque\" style=\"margin-bottom: 4px;\"><div class=\"eut-single-icon eut-small\"><div class=\"eut-wrapper-icon eut-no-shape eut-text-grey\" style=\"\"><i class=\"eut-inner-icon smp-icon-check eut-text-primary-2\"><\/i><\/div><\/div><div class=\"eut-box-content\">  <p class=\"\"> <strong>Comandes i recaptaci\u00f3 de quotes:<\/strong><br \/>\n\u2022 Comandes realitzades pels alumnes i l&#8217;estat dels seus pagaments.<br \/>\n\u2022 Estat dels lliuraments.<br \/>\n\u2022 Estat del pagament de les comandes.<br \/>\n\u2022 Quotes pagades pels alumnes i estat del seu pagament.<\/p><\/div><\/div><div class=\"eut-element eut-box-icon eut-side-icon eut-align-left desc_escuelaverde_texto_bloque\" style=\"margin-bottom: 4px;\"><div class=\"eut-single-icon eut-small\"><div class=\"eut-wrapper-icon eut-no-shape eut-text-grey\" style=\"\"><i class=\"eut-inner-icon smp-icon-check eut-text-primary-2\"><\/i><\/div><\/div><div class=\"eut-box-content\">  <p class=\"\"> <strong>Continguts digitals:<\/strong><br \/>\n\u2022 Acc\u00e9s als continguts digitals.<br \/>\n\u2022 Administrar l&#8217;acc\u00e9s per curs, grup i asignatura.<br \/>\n\u2022 Control dels alumnes amb i sense acc\u00e9s.<br \/>\n<\/p><\/div><\/div><div class=\"eut-element eut-box-icon eut-side-icon eut-align-left desc_escuelaverde_texto_bloque\" style=\"\"><div class=\"eut-single-icon eut-small\"><div class=\"eut-wrapper-icon eut-no-shape eut-text-grey\" style=\"\"><i class=\"eut-inner-icon smp-icon-check eut-text-primary-2\"><\/i><\/div><\/div><div class=\"eut-box-content\">  <p class=\"\"> <strong>Llista de llibres i Book List Maker<\/strong><br \/>\n\u2022 Desc\u00e0rrega de la llista per assigntaura i per curs<br \/>\n\u2022 Acc\u00e9s al programa Book List Maker d&#8217;edici\u00f3 i creaci\u00f3 de llistes de continguts i articles educatius<\/p><\/div><\/div><div class=\"eut-empty-space eut-height-1x\" style=\"\"><\/div><div class=\"eut-element eut-image eut-align-center\" style=\"\"><div class=\"eut-image-wrapper eut-popup-item\" style=\"max-width:910px;\"><div class=\"eut-thumbnail-wrapper\"  style=\"max-width: 910px;\"><div class=\"eut-thumbnail\"  style=\"padding-top: 88.571%;\"><img loading=\"lazy\" decoding=\"async\" width=\"910\" height=\"806\" src=\"https:\/\/spain.iddink.es\/wp-content\/uploads\/2019\/11\/img_monitorizacion01.jpg\" class=\"attachment-full size-full\" alt=\"\" data-eutf-filter=\"yes\" srcset=\"https:\/\/spain.iddink.es\/wp-content\/uploads\/2019\/11\/img_monitorizacion01.jpg 910w, https:\/\/spain.iddink.es\/wp-content\/uploads\/2019\/11\/img_monitorizacion01-300x266.jpg 300w, https:\/\/spain.iddink.es\/wp-content\/uploads\/2019\/11\/img_monitorizacion01-768x680.jpg 768w\" sizes=\"auto, (max-width: 910px) 100vw, 910px\" \/><\/div><\/div>  <\/div><\/div>[\/vc_column][\/vc_row][vc_row rc_bg_type=&#8221;color&#8221; tablet_sm_visibility=&#8221;hide&#8221; mobile_visibility=&#8221;hide&#8221; rc_bg_color=&#8221;#1e73bc&#8221;][vc_column width=&#8221;1\/6&#8243;][\/vc_column][vc_column width=&#8221;2\/3&#8243;][vc_column_text el_class=&#8221;desc_escuelaverde_grafico_titulo_azul&#8221;]<\/p>\n<p style=\"text-align: center;\"><span style=\"color: #ffffff;\">Informe \u201cFets i xifres\u201d<\/span><\/p>\n<p>[\/vc_column_text]<div class=\"eut-empty-space eut-height-1x\" style=\"\"><\/div>[vc_column_text]<\/p>\n<p style=\"text-align: center;\"><span style=\"color: #ffffff;\">La majoria de tasques i procediments d&#8217;Iddink es realitzen amb l&#8217;ajuda de sistemes inform\u00e0tics que proporcionen control, qualitat i seguiment de tots els projectes en els quals treballem.<\/span><\/p>\n<p>[\/vc_column_text][\/vc_column][vc_column width=&#8221;1\/6&#8243;][\/vc_column][\/vc_row][vc_row tablet_sm_visibility=&#8221;hide&#8221; mobile_visibility=&#8221;hide&#8221;][vc_column][vc_row_inner][vc_column_inner width=&#8221;1\/3&#8243; rc_bg_type=&#8221;color&#8221; rc_bg_color=&#8221;#ffffff&#8221; css=&#8221;.vc_custom_1570158723003{border-right-width: 10px !important;border-left-width: 10px !important;}&#8221;]<div class=\"eut-empty-space eut-height-1x\" style=\"\"><\/div>[vc_column_text el_class=&#8221;desc_escuelaverde_grafica_texto&#8221;]Amb car\u00e0cter anual, Iddink elabora un complet informe estad\u00edstic que presenta, de manera gr\u00e0fica, les principals dades que faciliten con\u00e8ixer, amb molta previsi\u00f3, els diferents serveis que ha prestat Iddink al llarg del curs escolar.<br \/>\nAquest informe es complementa amb les dades proporcionades per una &#8220;Enquesta de Satisfacci\u00f3&#8221;, que, des de fa 11 anys, ve elaborant Iddink amb les respostes de les fam\u00edlies que han utilitzat els nostres serveis. L&#8217;enquesta permet con\u00e8ixer l&#8217;opini\u00f3 que tenen sobre els diferents aspectes del servei ofert per Iddink. Realitzada sempre a l&#8217;octubre, i amb el mateix q\u00fcestionari, va ser contestada per m\u00e9s de 22.433 fam\u00edlies en el curs 2019\/20.[\/vc_column_text][\/vc_column_inner][vc_column_inner width=&#8221;2\/3&#8243;]<div class=\"eut-element eut-image eut-align-center\" style=\"\"><div class=\"eut-image-wrapper eut-popup-item\" style=\"max-width:1140px;\"><div class=\"eut-thumbnail-wrapper\"  style=\"max-width: 1140px;\"><div class=\"eut-thumbnail\"  style=\"padding-top: 59.035%;\"><img loading=\"lazy\" decoding=\"async\" width=\"1140\" height=\"673\" src=\"https:\/\/spain.iddink.es\/wp-content\/uploads\/2021\/01\/Globalment_2020.png\" class=\"attachment-full size-full\" alt=\"\" data-eutf-filter=\"yes\" srcset=\"https:\/\/spain.iddink.es\/wp-content\/uploads\/2021\/01\/Globalment_2020.png 1140w, https:\/\/spain.iddink.es\/wp-content\/uploads\/2021\/01\/Globalment_2020-300x177.png 300w, https:\/\/spain.iddink.es\/wp-content\/uploads\/2021\/01\/Globalment_2020-1024x605.png 1024w, https:\/\/spain.iddink.es\/wp-content\/uploads\/2021\/01\/Globalment_2020-768x453.png 768w\" sizes=\"auto, (max-width: 1140px) 100vw, 1140px\" \/><\/div><\/div>  <\/div><\/div>[\/vc_column_inner][\/vc_row_inner][\/vc_column][\/vc_row][vc_row rc_bg_type=&#8221;color&#8221; desktop_visibility=&#8221;hide&#8221; tablet_visibility=&#8221;hide&#8221; tablet_sm_visibility=&#8221;hide&#8221; rc_bg_color=&#8221;#ffcc67&#8243;][vc_column css=&#8221;.vc_custom_1570536599618{padding-top: 10px !important;padding-right: 10px !important;padding-bottom: 10px !important;padding-left: 10px !important;}&#8221;][vc_column_text el_class=&#8221;desc_escuelaverde_grafico_titulo_azul_mobile&#8221;]<\/p>\n<p style=\"text-align: center;\"><span style=\"color: #ffffff;\">Informe \u201cFets i xifres\u201d<\/span><\/p>\n<p>[\/vc_column_text][vc_column_text]<span style=\"color: #ffffff;\">La majoria de tasques i procediments d&#8217;Iddink es realitzen amb l&#8217;ajuda de sistemes inform\u00e0tics que proporcionen control, qualitat i seguiment de tots els projectes en els quals treballem.<\/span>[\/vc_column_text][\/vc_column][\/vc_row][vc_row desktop_visibility=&#8221;hide&#8221; tablet_visibility=&#8221;hide&#8221; tablet_sm_visibility=&#8221;hide&#8221;][vc_column css=&#8221;.vc_custom_1570536471833{padding-right: 10px !important;padding-left: 10px !important;}&#8221;][vc_row_inner desktop_visibility=&#8221;hide&#8221; tablet_visibility=&#8221;hide&#8221;][vc_column_inner width=&#8221;1\/2&#8243;][vc_column_text el_class=&#8221;desc_escuelaverde_grafica_texto&#8221;]Amb car\u00e0cter anual, Iddink elabora un complet informe estad\u00edstic que presenta, de manera gr\u00e0fica, les principals dades que faciliten con\u00e8ixer, amb molta previsi\u00f3, els diferents serveis que ha prestat Iddink al llarg del curs escolar.<br \/>\nAquest informe es complementa amb les dades proporcionades per una &#8220;Enquesta de Satisfacci\u00f3&#8221;, que, des de fa 11 anys, ve elaborant Iddink amb les respostes de les fam\u00edlies que han utilitzat els nostres serveis. L&#8217;enquesta permet con\u00e8ixer l&#8217;opini\u00f3 que tenen sobre els diferents aspectes del servei ofert per Iddink. Realitzada sempre a l&#8217;octubre, i amb el mateix q\u00fcestionari, va ser contestada per m\u00e9s de 22.433 fam\u00edlies en el curs 2019\/20.[\/vc_column_text][\/vc_column_inner][vc_column_inner width=&#8221;1\/2&#8243; rc_bg_type=&#8221;color&#8221; rc_bg_color=&#8221;#ffffff&#8221; css=&#8221;.vc_custom_1570536641173{border-right-width: 10px !important;border-left-width: 10px !important;padding-bottom: 10px !important;}&#8221;]<div class=\"eut-element eut-image eut-align-center\" style=\"\"><div class=\"eut-image-wrapper eut-popup-item\" style=\"max-width:1140px;\"><div class=\"eut-thumbnail-wrapper\"  style=\"max-width: 1140px;\"><div class=\"eut-thumbnail\"  style=\"padding-top: 59.035%;\"><img loading=\"lazy\" decoding=\"async\" width=\"1140\" height=\"673\" src=\"https:\/\/spain.iddink.es\/wp-content\/uploads\/2021\/01\/Globalment_2020.png\" class=\"attachment-full size-full\" alt=\"\" data-eutf-filter=\"yes\" srcset=\"https:\/\/spain.iddink.es\/wp-content\/uploads\/2021\/01\/Globalment_2020.png 1140w, https:\/\/spain.iddink.es\/wp-content\/uploads\/2021\/01\/Globalment_2020-300x177.png 300w, https:\/\/spain.iddink.es\/wp-content\/uploads\/2021\/01\/Globalment_2020-1024x605.png 1024w, https:\/\/spain.iddink.es\/wp-content\/uploads\/2021\/01\/Globalment_2020-768x453.png 768w\" sizes=\"auto, (max-width: 1140px) 100vw, 1140px\" \/><\/div><\/div>  <\/div><\/div>[\/vc_column_inner][\/vc_row_inner][\/vc_column][\/vc_row][vc_column content_width=&#8221;90&#8243; horizontal_content_position=&#8221;center&#8221;][\/vc_column]<\/p>\n","protected":false},"excerpt":{"rendered":"<p>[vc_row section_type=&#8221;fullwidth&#8221; height_ratio=&#8221;60&#8243; padding_top_multiplier=&#8221;&#8221; padding_bottom_multiplier=&#8221;&#8221; rc_bg_type=&#8221;image&#8221; rc_bg_image=&#8221;9040&#8243; tablet_height_ratio=&#8221;60&#8243; tablet_sm_height_ratio=&#8221;60&#8243; mobile_height_ratio=&#8221;60&#8243;][vc_column][vc_column_text][\/vc_column_text][\/vc_column][\/vc_row][vc_row rc_heading_color=&#8221;light&#8221; rc_bg_type=&#8221;color&#8221; rc_font_color=&#8221;#ffffff&#8221; rc_bg_color=&#8221;#1e73bc&#8221;][vc_column vertical_content_position=&#8221;middle&#8221; text_align=&#8221;center&#8221;][\/vc_column][\/vc_row][vc_row padding_top_multiplier=&#8221;3x&#8221; tablet_sm_visibility=&#8221;hide&#8221; mobile_visibility=&#8221;hide&#8221;][vc_column width=&#8221;1\/2&#8243;][vc_column_text animation_delay=&#8221;800&#8243; animation_duration=&#8221;slow&#8221; el_class=&#8221;desc_escuelaverde_texto_bloque&#8221;]A trav\u00e9s de la seva \u00e0rea privada, cada centre docent t\u00e9 acc\u00e9s a informaci\u00f3 estad\u00edstica de les activitats i serveis realitzats per Iddink a les fam\u00edlies i estudiants del centre. La informaci\u00f3, descarregable [&hellip;]<\/p>\n","protected":false},"author":9,"featured_media":0,"parent":9430,"menu_order":0,"comment_status":"closed","ping_status":"closed","template":"","meta":{"footnotes":""},"class_list":["post-9414","page","type-page","status-publish","hentry"],"_links":{"self":[{"href":"https:\/\/spain.iddink.es\/ca\/wp-json\/wp\/v2\/pages\/9414","targetHints":{"allow":["GET"]}}],"collection":[{"href":"https:\/\/spain.iddink.es\/ca\/wp-json\/wp\/v2\/pages"}],"about":[{"href":"https:\/\/spain.iddink.es\/ca\/wp-json\/wp\/v2\/types\/page"}],"author":[{"embeddable":true,"href":"https:\/\/spain.iddink.es\/ca\/wp-json\/wp\/v2\/users\/9"}],"replies":[{"embeddable":true,"href":"https:\/\/spain.iddink.es\/ca\/wp-json\/wp\/v2\/comments?post=9414"}],"version-history":[{"count":12,"href":"https:\/\/spain.iddink.es\/ca\/wp-json\/wp\/v2\/pages\/9414\/revisions"}],"predecessor-version":[{"id":12401,"href":"https:\/\/spain.iddink.es\/ca\/wp-json\/wp\/v2\/pages\/9414\/revisions\/12401"}],"up":[{"embeddable":true,"href":"https:\/\/spain.iddink.es\/ca\/wp-json\/wp\/v2\/pages\/9430"}],"wp:attachment":[{"href":"https:\/\/spain.iddink.es\/ca\/wp-json\/wp\/v2\/media?parent=9414"}],"curies":[{"name":"wp","href":"https:\/\/api.w.org\/{rel}","templated":true}]}}