{"id":9417,"date":"2019-08-09T14:22:37","date_gmt":"2019-08-09T12:22:37","guid":{"rendered":"https:\/\/www.pre-iddink.cat\/centros-2\/otros-servicios\/"},"modified":"2024-04-24T12:56:09","modified_gmt":"2024-04-24T10:56:09","slug":"altres-serveis","status":"publish","type":"page","link":"https:\/\/spain.iddink.es\/ca\/centres\/altres-serveis\/","title":{"rendered":"Altres serveis"},"content":{"rendered":"<p>[vc_row section_type=&#8221;fullwidth&#8221; height_ratio=&#8221;60&#8243; padding_top_multiplier=&#8221;&#8221; padding_bottom_multiplier=&#8221;&#8221; rc_bg_type=&#8221;image&#8221; rc_bg_image=&#8221;10615&#8243; tablet_visibility=&#8221;hide&#8221; tablet_sm_visibility=&#8221;hide&#8221; mobile_visibility=&#8221;hide&#8221; mobile_height_ratio=&#8221;100&#8243;][vc_column][vc_column_text][\/vc_column_text][\/vc_column][\/vc_row][vc_row section_type=&#8221;fullwidth&#8221; padding_top_multiplier=&#8221;&#8221; padding_bottom_multiplier=&#8221;&#8221; rc_bg_type=&#8221;image&#8221; rc_bg_image=&#8221;10615&#8243; desktop_visibility=&#8221;hide&#8221; el_class=&#8221;desc_image_banner_height&#8221;][vc_column][vc_column_text][\/vc_column_text][\/vc_column][\/vc_row][vc_row rc_heading_color=&#8221;light&#8221; rc_bg_type=&#8221;color&#8221; mobile_visibility=&#8221;hide&#8221; rc_font_color=&#8221;#ffffff&#8221; rc_bg_color=&#8221;#1e73bc&#8221;][vc_column width=&#8221;1\/12&#8243;][\/vc_column][vc_column width=&#8221;5\/6&#8243; text_align=&#8221;center&#8221; css=&#8221;.vc_custom_1570161166502{margin-right: 30px !important;margin-left: 30px !important;}&#8221;]<h3 class=\"eut-element eut-title eut-align-inherit eut-h3 desc_otrosservicios_titulo\" style=\"\"><span>Altres serveis<\/span><\/h3>[vc_column_text el_class=&#8221;desc_otrosservicios_bloque&#8221;]Iddink posa a disposici\u00f3 dels centres docents altres serveis que solucionen i faciliten altres necessitats del seu alumnat o del propi centre.[\/vc_column_text][\/vc_column][vc_column width=&#8221;1\/12&#8243;][\/vc_column][\/vc_row][vc_row rc_heading_color=&#8221;light&#8221; rc_bg_type=&#8221;color&#8221; desktop_visibility=&#8221;hide&#8221; tablet_visibility=&#8221;hide&#8221; tablet_sm_visibility=&#8221;hide&#8221; rc_font_color=&#8221;#ffffff&#8221; rc_bg_color=&#8221;#1e73bc&#8221;][vc_column text_align=&#8221;center&#8221; css=&#8221;.vc_custom_1567502451413{margin-right: 5px !important;margin-left: 5px !important;}&#8221;]<h3 class=\"eut-element eut-title eut-align-inherit eut-h3 desc_otrosservicios_titulo_mobile\" style=\"\"><span>Altres serveis<\/span><\/h3>[vc_column_text el_class=&#8221;desc_otrosservicios_subtitulo_mobile&#8221; css=&#8221;.vc_custom_1571846123999{margin-top: 40px !important;}&#8221;]<\/p>\n<p style=\"text-align: left;\">Iddink posa a disposici\u00f3 dels centres docents altres serveis que solucionen i faciliten altres necessitats del seu alumnat o del propi centre.<\/p>\n<p>[\/vc_column_text][\/vc_column][\/vc_row][vc_row padding_top_multiplier=&#8221;3x&#8221; padding_bottom_multiplier=&#8221;&#8221; mobile_visibility=&#8221;hide&#8221;][vc_column width=&#8221;1\/12&#8243;][\/vc_column][vc_column width=&#8221;5\/12&#8243; css=&#8221;.vc_custom_1565698930889{margin-right: 10px !important;}&#8221;]<div class=\"eut-element eut-align-inherit\" style=\"\"><div class=\"eut-single-icon eut-medium\"><div class=\"eut-wrapper-icon eut-no-shape eut-text-grey\" style=\"\"><i class=\"eut-inner-icon mb-ayudas eut-text-black\"><\/i><\/div><\/div><\/div>[vc_column_text css=&#8221;.vc_custom_1573722603635{margin-bottom: 20px !important;padding-top: 20px !important;padding-right: 10px !important;padding-bottom: 40px !important;}&#8221; el_class=&#8221;desc_otrosservicios_texto_detalle&#8221;]<\/p>\n<div class=\"desc_otrosservicios_texto_bloque\"><span style=\"color: #b1b1b1;\">Gesti\u00f3 de beques i ajudes<\/span><\/div>\n<div class=\"desc_otrosservicios_texto_detalle\">Iddink ofereix suport als centres amb programes d&#8217;ajuda a l&#8217;adquisici\u00f3 de llibres i material per a estudiants de fam\u00edlies amb pocs recursos econ\u00f2mics; col\u00b7laborant amb la Secretaria del Centre en la gesti\u00f3 de les beques i les ajudes i treballant al costat dels ajuntaments i de les administracions p\u00fabliques, perqu\u00e8 els alumnes becats puguin disposar de la totalitat de llibres i del material abans de l&#8217;inici del curs.<\/div>\n<p>[\/vc_column_text][\/vc_column][vc_column width=&#8221;1\/12&#8243; css=&#8221;.vc_custom_1565699284819{margin-right: 5px !important;margin-left: 5px !important;}&#8221;][\/vc_column][vc_column width=&#8221;5\/12&#8243; css=&#8221;.vc_custom_1565699135436{margin-right: 10px !important;}&#8221;]<div class=\"eut-element eut-align-inherit\" style=\"\"><div class=\"eut-single-icon eut-medium\"><div class=\"eut-wrapper-icon eut-no-shape eut-text-grey\" style=\"\"><i class=\"eut-inner-icon mb-forrado_libros eut-text-black\"><\/i><\/div><\/div><\/div>[vc_column_text css=&#8221;.vc_custom_1713956129278{margin-bottom: 20px !important;padding-top: 20px !important;padding-right: 10px !important;padding-bottom: 40px !important;}&#8221; el_class=&#8221;desc_otrosservicios_texto_detalle&#8221;]<\/p>\n<div class=\"desc_otrosservicios_texto_bloque\"><span style=\"color: #b1b1b1;\">Folrat de llibres<\/span><\/div>\n<div class=\"desc_otrosservicios_texto_detalle\">Prop del 44% de les fam\u00edlies que compren a Iddink encarreguen el folrat dels llibres de la comanda. Per 12,95 \u20ac es folren tots els llibres (ja siguin nous o ecoBooks) mitjan\u00e7ant m\u00e0quines que permeten que el folre quedi totalment ajustat al llibre, actuant com una segona pell. Els folres, a m\u00e9s de reutilitzables, tenen el certificat internacional &#8220;I&#8217;m Green&#8221;, que certifiquen que un m\u00ednim del 30% del pl\u00e0stic prov\u00e9 de fonts naturals (polietil\u00e8 verd) i disposen de protecci\u00f3 bacteriana i v\u00edrica.<\/div>\n<p>[\/vc_column_text][\/vc_column][\/vc_row][vc_row padding_top_multiplier=&#8221;2x&#8221; padding_bottom_multiplier=&#8221;&#8221; desktop_visibility=&#8221;hide&#8221; tablet_visibility=&#8221;hide&#8221; tablet_sm_visibility=&#8221;hide&#8221;][vc_column width=&#8221;1\/12&#8243;][\/vc_column][vc_column width=&#8221;5\/12&#8243; css=&#8221;.vc_custom_1567503172766{margin-right: 10px !important;margin-left: 10px !important;}&#8221;]<div class=\"eut-element eut-align-inherit\" style=\"\"><div class=\"eut-single-icon eut-medium\"><div class=\"eut-wrapper-icon eut-no-shape eut-text-grey\" style=\"\"><i class=\"eut-inner-icon mb-ayudas eut-text-black\"><\/i><\/div><\/div><\/div>[vc_column_text css=&#8221;.vc_custom_1573722613092{padding-top: 20px !important;padding-right: 10px !important;padding-bottom: 20px !important;}&#8221; el_class=&#8221;desc_otrosservicios_texto_detalle&#8221;]<\/p>\n<div class=\"desc_otrosservicios_texto_bloque\"><span style=\"color: #b1b1b1;\">Gesti\u00f3 de beques i ajudes<\/span><\/div>\n<div class=\"desc_otrosservicios_texto_detalle\">Iddink ofereix suport als centres amb programes d&#8217;ajuda a l&#8217;adquisici\u00f3 de llibres i material per a estudiants de fam\u00edlies amb pocs recursos econ\u00f2mics; col\u00b7laborant amb la Secretaria del Centre en la gesti\u00f3 de les beques i les ajudes i treballant al costat dels ajuntaments i de les administracions p\u00fabliques, perqu\u00e8 els alumnes becats puguin disposar de la totalitat de llibres i del material abans de l&#8217;inici del curs.<\/div>\n<p>[\/vc_column_text][\/vc_column][vc_column width=&#8221;1\/12&#8243; css=&#8221;.vc_custom_1565699284819{margin-right: 5px !important;margin-left: 5px !important;}&#8221;][\/vc_column][vc_column width=&#8221;5\/12&#8243; css=&#8221;.vc_custom_1567503304953{margin-right: 10px !important;margin-left: 10px !important;}&#8221;]<div class=\"eut-element eut-align-inherit\" style=\"\"><div class=\"eut-single-icon eut-medium\"><div class=\"eut-wrapper-icon eut-no-shape eut-text-grey\" style=\"\"><i class=\"eut-inner-icon mb-forrado_libros eut-text-black\"><\/i><\/div><\/div><\/div>[vc_column_text css=&#8221;.vc_custom_1713956136358{padding-top: 20px !important;padding-right: 10px !important;padding-bottom: 20px !important;}&#8221; el_class=&#8221;desc_otrosservicios_texto_detalle&#8221;]<\/p>\n<div class=\"desc_otrosservicios_texto_bloque\"><span style=\"color: #b1b1b1;\">Folrat de llibres<\/span><\/div>\n<div class=\"desc_otrosservicios_texto_detalle\">Prop del 44% de les fam\u00edlies que compren a Iddink encarreguen el folrat dels llibres de la comanda. Per 12,95 \u20ac es folren tots els llibres (ja siguin nous o ecoBooks) mitjan\u00e7ant m\u00e0quines que permeten que el folre quedi totalment ajustat al llibre, actuant com una segona pell. Els folres, a m\u00e9s de reutilitzables, tenen el certificat internacional &#8220;I&#8217;m Green&#8221;, que certifiquen que un m\u00ednim del 30% del pl\u00e0stic prov\u00e9 de fonts naturals (polietil\u00e8 verd) i disposen de protecci\u00f3 bacteriana i v\u00edrica.<\/div>\n<p>[\/vc_column_text][\/vc_column][\/vc_row][vc_row padding_top_multiplier=&#8221;&#8221; padding_bottom_multiplier=&#8221;&#8221; mobile_visibility=&#8221;hide&#8221;][vc_column width=&#8221;1\/12&#8243;][\/vc_column][vc_column width=&#8221;5\/12&#8243; css=&#8221;.vc_custom_1565698930889{margin-right: 10px !important;}&#8221;]<div class=\"eut-element eut-align-inherit\" style=\"\"><div class=\"eut-single-icon eut-medium\"><div class=\"eut-wrapper-icon eut-no-shape eut-text-grey\" style=\"\"><i class=\"eut-inner-icon mb-book_list_maker eut-text-black\"><\/i><\/div><\/div><\/div>[vc_column_text css=&#8221;.vc_custom_1585130314118{margin-bottom: 20px !important;padding-top: 20px !important;padding-right: 10px !important;padding-bottom: 40px !important;}&#8221; el_class=&#8221;desc_otrosservicios_texto_detalle&#8221;]<\/p>\n<div class=\"desc_otrosservicios_texto_bloque\"><span style=\"color: #b1b1b1;\">Book List Maker<\/span><\/div>\n<div class=\"desc_otrosservicios_texto_detalle\">Programa on-line que permet als centres docents, l&#8217;edici\u00f3 i el control de les llistes de llibres i llic\u00e8ncies digitals. El responsable de l&#8217;edici\u00f3 de la llista del centre amb <em>Book-List-Maker,<\/em> supervisa que cada departament inclogui els materials necessaris que han de tenir els seus alumnes, controla els anys que porta cada article en la llista, personalitza la informaci\u00f3 a proporcionar article a article i gestiona, a m\u00e9s a m\u00e9s, els diversos cursos, grups i modalitats.<\/div>\n<p>[\/vc_column_text][\/vc_column][vc_column width=&#8221;1\/12&#8243; css=&#8221;.vc_custom_1565699284819{margin-right: 5px !important;margin-left: 5px !important;}&#8221;][\/vc_column][vc_column width=&#8221;5\/12&#8243; css=&#8221;.vc_custom_1565699135436{margin-right: 10px !important;}&#8221;]<div class=\"eut-element eut-align-inherit\" style=\"\"><div class=\"eut-single-icon eut-medium\"><div class=\"eut-wrapper-icon eut-no-shape eut-text-grey\" style=\"\"><i class=\"eut-inner-icon mb-proteccion_ecobooks eut-text-black\"><\/i><\/div><\/div><\/div>[vc_column_text css=&#8221;.vc_custom_1713956157427{margin-bottom: 20px !important;padding-top: 20px !important;padding-right: 10px !important;padding-bottom: 40px !important;}&#8221; el_class=&#8221;desc_otrosservicios_texto_detalle&#8221;]<\/p>\n<div class=\"desc_otrosservicios_texto_bloque\"><span style=\"color: #b1b1b1;\">Substituci\u00f3 d&#8217;Ecobooks<\/span><\/div>\n<div class=\"desc_otrosservicios_texto_detalle\">Aquest servei, amb un cost de 4,95 \u20ac per a tots els llibres ecoBook de la comanda, consisteix en la seva substituci\u00f3 dins el curs escolar (una vegada per cada llibre) des que es reben i fins a l&#8217;1 de juny per als seg\u00fcents 3 casos: ( 1) Humitats provocades per la pluja o caiguda accidental del llibre a tolls, piscines i altres; (2) Robatori: sent necessari comunicar-ho amb la den\u00fancia on apareguin els llibres espec\u00edfics; (3) Incendi: sent necessari presentar l&#8217;informe dels bombers o de l&#8217;asseguran\u00e7a de la llar.<\/div>\n<p>[\/vc_column_text][\/vc_column][\/vc_row][vc_row padding_top_multiplier=&#8221;2x&#8221; padding_bottom_multiplier=&#8221;&#8221; desktop_visibility=&#8221;hide&#8221; tablet_visibility=&#8221;hide&#8221; tablet_sm_visibility=&#8221;hide&#8221;][vc_column width=&#8221;1\/12&#8243; css=&#8221;.vc_custom_1567503819027{margin-right: 5px !important;margin-left: 5px !important;}&#8221;][\/vc_column][vc_column width=&#8221;5\/12&#8243; css=&#8221;.vc_custom_1567503401896{margin-right: 10px !important;margin-left: 10px !important;}&#8221;]<div class=\"eut-element eut-align-inherit\" style=\"\"><div class=\"eut-single-icon eut-medium\"><div class=\"eut-wrapper-icon eut-no-shape eut-text-grey\" style=\"\"><i class=\"eut-inner-icon mb-book_list_maker eut-text-black\"><\/i><\/div><\/div><\/div>[vc_column_text css=&#8221;.vc_custom_1585130303346{padding-top: 20px !important;padding-right: 10px !important;padding-bottom: 20px !important;}&#8221; el_class=&#8221;desc_otrosservicios_texto_detalle&#8221;]<\/p>\n<div class=\"desc_otrosservicios_texto_bloque\"><span style=\"color: #b1b1b1;\">Book List Maker<\/span><\/div>\n<div class=\"desc_otrosservicios_texto_detalle\">Programa on-line que permet als centres docents, l&#8217;edici\u00f3 i el control de les llistes de llibres i llic\u00e8ncies digitals. El responsable de l&#8217;edici\u00f3 de la llista del centre amb <em>Book-List-Maker,<\/em> supervisa que cada departament inclogui els materials necessaris que han de tenir els seus alumnes, controla els anys que porta cada article en la llista, personalitza la informaci\u00f3 a proporcionar article a article i gestiona, a m\u00e9s a m\u00e9s, els diversos cursos, grups i modalitats.<\/div>\n<p>[\/vc_column_text][\/vc_column][vc_column width=&#8221;1\/12&#8243; css=&#8221;.vc_custom_1565699284819{margin-right: 5px !important;margin-left: 5px !important;}&#8221;][\/vc_column][vc_column width=&#8221;5\/12&#8243; css=&#8221;.vc_custom_1567503409421{margin-right: 10px !important;margin-left: 10px !important;}&#8221;]<div class=\"eut-element eut-align-inherit\" style=\"\"><div class=\"eut-single-icon eut-medium\"><div class=\"eut-wrapper-icon eut-no-shape eut-text-grey\" style=\"\"><i class=\"eut-inner-icon mb-proteccion_ecobooks eut-text-black\"><\/i><\/div><\/div><\/div>[vc_column_text css=&#8221;.vc_custom_1713956164182{padding-top: 20px !important;padding-right: 10px !important;padding-bottom: 20px !important;}&#8221; el_class=&#8221;desc_otrosservicios_texto_detalle&#8221;]<\/p>\n<div class=\"desc_otrosservicios_texto_bloque\"><span style=\"color: #b1b1b1;\">Substituci\u00f3 d&#8217;Ecobooks<\/span><\/div>\n<div class=\"desc_otrosservicios_texto_detalle\">Aquest servei, amb un cost de 4,95 \u20ac per a tots els llibres ecoBook de la comanda, consisteix en la seva substituci\u00f3 dins el curs escolar (1 cop per llibre) des que es reben i fins a l&#8217;1 de juny als seg\u00fcents 3 casos: ( 1) Humitats provocades per la pluja o caiguda accidental del llibre a tolls \/ piscines, etc; (2) Robatori: sent necessari comunicar-ho amb la den\u00fancia on apareguin els llibres espec\u00edfics; (3) Incendi: sent necessari presentar l&#8217;informe dels bombers o de l&#8217;asseguran\u00e7a de la llar<\/div>\n<p>[\/vc_column_text][\/vc_column][\/vc_row][vc_row padding_top_multiplier=&#8221;&#8221; padding_bottom_multiplier=&#8221;2x&#8221; mobile_visibility=&#8221;hide&#8221;][vc_column width=&#8221;1\/12&#8243;][\/vc_column][vc_column width=&#8221;5\/12&#8243; css=&#8221;.vc_custom_1565698930889{margin-right: 10px !important;}&#8221;]<div class=\"eut-element eut-align-inherit\" style=\"\"><div class=\"eut-single-icon eut-medium\"><div class=\"eut-wrapper-icon eut-no-shape eut-text-grey\" style=\"\"><i class=\"eut-inner-icon mb-personalizacion eut-text-black\"><\/i><\/div><\/div><\/div>[vc_column_text css=&#8221;.vc_custom_1573722643525{margin-right: 5px !important;margin-bottom: 20px !important;padding-top: 20px !important;padding-right: 10px !important;padding-bottom: 40px !important;}&#8221; el_class=&#8221;desc_otrosservicios_texto_detalle&#8221;]<\/p>\n<div class=\"desc_otrosservicios_texto_bloque\"><span style=\"color: #b1b1b1;\">Producci\u00f3 d&#8217;art\u00edcles personalitzats<\/span><\/div>\n<div class=\"desc_otrosservicios_texto_detalle\">Aquest servei, molt utilitzat, permet que els alumnes puguin rebre amb la seva comanda els dossiers, les llibretes, les carpetes i les agendes personalitzades que el centre o l&#8217;AFA hagin dissenyat; alliberant-los de la necessitat de cobrar o de lliurar de forma individual i, al mateix temps, oferint el disseny que es requereixi a uns costos molt econ\u00f2mics.<\/div>\n<p>[\/vc_column_text][\/vc_column][vc_column width=&#8221;1\/12&#8243; css=&#8221;.vc_custom_1565699284819{margin-right: 5px !important;margin-left: 5px !important;}&#8221;][\/vc_column][vc_column width=&#8221;5\/12&#8243; css=&#8221;.vc_custom_1565699135436{margin-right: 10px !important;}&#8221;]<div class=\"eut-element eut-align-inherit\" style=\"\"><div class=\"eut-single-icon eut-medium\"><div class=\"eut-wrapper-icon eut-no-shape eut-text-grey\" style=\"\"><i class=\"eut-inner-icon mb-cobro_cuotas eut-text-black\"><\/i><\/div><\/div><\/div>[vc_column_text el_class=&#8221;desc_otrosservicios_texto_detalle&#8221; css=&#8221;.vc_custom_1573722674876{margin-bottom: 20px !important;padding-top: 20px !important;padding-right: 10px !important;padding-bottom: 40px !important;}&#8221;]<\/p>\n<div class=\"desc_otrosservicios_texto_bloque\"><span style=\"color: #b1b1b1;\">Cobrament de quotes<\/span><\/div>\n<div class=\"desc_otrosservicios_texto_detalle\">Si el centre ho desitja, Iddink pot efectuar el cobrament de quotes per serveis o articles facilitats pel centre: lloguer d&#8217;armaris, quotes de material escolar addicional, roba d&#8217;esport, la quota de l&#8217;AFA, etc. D&#8217;aquesta manera, les fam\u00edlies poden fer el pagament conjuntament amb la comanda de la llista de llibres.<\/div>\n<p>[\/vc_column_text][\/vc_column][\/vc_row][vc_row desktop_visibility=&#8221;hide&#8221; tablet_visibility=&#8221;hide&#8221; tablet_sm_visibility=&#8221;hide&#8221;][vc_column width=&#8221;1\/12&#8243; css=&#8221;.vc_custom_1567503819027{margin-right: 5px !important;margin-left: 5px !important;}&#8221;][\/vc_column][vc_column width=&#8221;5\/12&#8243; css=&#8221;.vc_custom_1567503401896{margin-right: 10px !important;margin-left: 10px !important;}&#8221;]<div class=\"eut-element eut-align-inherit\" style=\"\"><div class=\"eut-single-icon eut-medium\"><div class=\"eut-wrapper-icon eut-no-shape eut-text-grey\" style=\"\"><i class=\"eut-inner-icon mb-personalizacion eut-text-black\"><\/i><\/div><\/div><\/div>[vc_column_text css=&#8221;.vc_custom_1573722653920{padding-top: 20px !important;padding-right: 10px !important;padding-bottom: 20px !important;}&#8221; el_class=&#8221;desc_otrosservicios_texto_detalle&#8221;]<\/p>\n<div class=\"desc_otrosservicios_texto_bloque\"><span style=\"color: #b1b1b1;\">Producci\u00f3 d&#8217;art\u00edcles personalitzats<\/span><\/div>\n<div class=\"desc_otrosservicios_texto_detalle\">Aquest servei, molt utilitzat, permet que els alumnes puguin rebre amb la seva comanda els dossiers, les llibretes, les carpetes i les agendes personalitzades que el centre o l&#8217;AFA hagin dissenyat; alliberant-los de la necessitat de cobrar o de lliurar de forma individual i, al mateix temps, oferint el disseny que es requereixi a uns costos molt econ\u00f2mics.<\/div>\n<p>[\/vc_column_text][\/vc_column][vc_column width=&#8221;1\/12&#8243; css=&#8221;.vc_custom_1565699284819{margin-right: 5px !important;margin-left: 5px !important;}&#8221;][\/vc_column][vc_column width=&#8221;5\/12&#8243; css=&#8221;.vc_custom_1567503409421{margin-right: 10px !important;margin-left: 10px !important;}&#8221;]<div class=\"eut-element eut-align-inherit\" style=\"\"><div class=\"eut-single-icon eut-medium\"><div class=\"eut-wrapper-icon eut-no-shape eut-text-grey\" style=\"\"><i class=\"eut-inner-icon mb-cobro_cuotas eut-text-black\"><\/i><\/div><\/div><\/div>[vc_column_text css=&#8221;.vc_custom_1573722665217{padding-top: 20px !important;padding-right: 10px !important;padding-bottom: 20px !important;}&#8221; el_class=&#8221;desc_otrosservicios_texto_detalle&#8221;]<\/p>\n<div class=\"desc_otrosservicios_texto_bloque\"><span style=\"color: #b1b1b1;\">Cobrament de quotes<\/span><\/div>\n<div class=\"desc_otrosservicios_texto_detalle\">Si el centre ho desitja, Iddink pot efectuar el cobrament de quotes per serveis o articles facilitats pel centre: lloguer d&#8217;armaris, quotes de material escolar addicional, roba d&#8217;esport, la quota de l&#8217;AFA, etc. D&#8217;aquesta manera, les fam\u00edlies poden fer el pagament conjuntament amb la comanda de la llista de llibres.<\/div>\n<p>[\/vc_column_text][\/vc_column][\/vc_row]<\/p>\n","protected":false},"excerpt":{"rendered":"<p>[vc_row section_type=&#8221;fullwidth&#8221; height_ratio=&#8221;60&#8243; padding_top_multiplier=&#8221;&#8221; padding_bottom_multiplier=&#8221;&#8221; rc_bg_type=&#8221;image&#8221; rc_bg_image=&#8221;10615&#8243; tablet_visibility=&#8221;hide&#8221; tablet_sm_visibility=&#8221;hide&#8221; mobile_visibility=&#8221;hide&#8221; mobile_height_ratio=&#8221;100&#8243;][vc_column][vc_column_text][\/vc_column_text][\/vc_column][\/vc_row][vc_row section_type=&#8221;fullwidth&#8221; padding_top_multiplier=&#8221;&#8221; padding_bottom_multiplier=&#8221;&#8221; rc_bg_type=&#8221;image&#8221; rc_bg_image=&#8221;10615&#8243; desktop_visibility=&#8221;hide&#8221; el_class=&#8221;desc_image_banner_height&#8221;][vc_column][vc_column_text][\/vc_column_text][\/vc_column][\/vc_row][vc_row rc_heading_color=&#8221;light&#8221; rc_bg_type=&#8221;color&#8221; mobile_visibility=&#8221;hide&#8221; rc_font_color=&#8221;#ffffff&#8221; rc_bg_color=&#8221;#1e73bc&#8221;][vc_column width=&#8221;1\/12&#8243;][\/vc_column][vc_column width=&#8221;5\/6&#8243; text_align=&#8221;center&#8221; css=&#8221;.vc_custom_1570161166502{margin-right: 30px !important;margin-left: 30px !important;}&#8221;][vc_column_text el_class=&#8221;desc_otrosservicios_bloque&#8221;]Iddink posa a disposici\u00f3 dels centres docents altres serveis que solucionen i faciliten altres necessitats del seu alumnat o del propi centre.[\/vc_column_text][\/vc_column][vc_column width=&#8221;1\/12&#8243;][\/vc_column][\/vc_row][vc_row rc_heading_color=&#8221;light&#8221; [&hellip;]<\/p>\n","protected":false},"author":9,"featured_media":0,"parent":7219,"menu_order":0,"comment_status":"closed","ping_status":"closed","template":"","meta":{"footnotes":""},"class_list":["post-9417","page","type-page","status-publish","hentry"],"_links":{"self":[{"href":"https:\/\/spain.iddink.es\/ca\/wp-json\/wp\/v2\/pages\/9417","targetHints":{"allow":["GET"]}}],"collection":[{"href":"https:\/\/spain.iddink.es\/ca\/wp-json\/wp\/v2\/pages"}],"about":[{"href":"https:\/\/spain.iddink.es\/ca\/wp-json\/wp\/v2\/types\/page"}],"author":[{"embeddable":true,"href":"https:\/\/spain.iddink.es\/ca\/wp-json\/wp\/v2\/users\/9"}],"replies":[{"embeddable":true,"href":"https:\/\/spain.iddink.es\/ca\/wp-json\/wp\/v2\/comments?post=9417"}],"version-history":[{"count":13,"href":"https:\/\/spain.iddink.es\/ca\/wp-json\/wp\/v2\/pages\/9417\/revisions"}],"predecessor-version":[{"id":13727,"href":"https:\/\/spain.iddink.es\/ca\/wp-json\/wp\/v2\/pages\/9417\/revisions\/13727"}],"up":[{"embeddable":true,"href":"https:\/\/spain.iddink.es\/ca\/wp-json\/wp\/v2\/pages\/7219"}],"wp:attachment":[{"href":"https:\/\/spain.iddink.es\/ca\/wp-json\/wp\/v2\/media?parent=9417"}],"curies":[{"name":"wp","href":"https:\/\/api.w.org\/{rel}","templated":true}]}}