{"id":9420,"date":"2019-07-28T12:49:07","date_gmt":"2019-07-28T10:49:07","guid":{"rendered":"https:\/\/www.pre-iddink.cat\/centros-2\/area-privada\/"},"modified":"2019-11-14T10:14:36","modified_gmt":"2019-11-14T09:14:36","slug":"area-privada","status":"publish","type":"page","link":"https:\/\/spain.iddink.es\/ca\/centres\/area-privada\/","title":{"rendered":"\u00c0rea privada"},"content":{"rendered":"<p>[vc_row padding_top_multiplier=&#8221;6x&#8221; padding_bottom_multiplier=&#8221;6x&#8221; rc_heading_color=&#8221;light&#8221; rc_bg_type=&#8221;image&#8221; rc_bg_image=&#8221;8534&#8243; rc_bg_image_size=&#8221;responsive&#8221; mobile_visibility=&#8221;hide&#8221; rc_font_color=&#8221;#ffffff&#8221;][vc_column tablet_sm_width=&#8221;hide&#8221; mobile_width=&#8221;hide&#8221;][vc_column_text el_class=&#8221;desc_areaprivada_titulo_azul&#8221;]<strong>\u00c0rea privada<\/strong>[\/vc_column_text]<div class=\"eut-empty-space eut-height-1x\" style=\"\"><\/div>[vc_column_text el_class=&#8221;desc_areaprivada_subtitulo&#8221;]Per accedir a qualsevol apartat cal<br \/>\ndisposar de l&#8217;usuari i contrasenya que<br \/>\npr\u00e8viament us hagi facilitat Iddink.[\/vc_column_text][\/vc_column][\/vc_row][vc_row padding_top_multiplier=&#8221;6x&#8221; padding_bottom_multiplier=&#8221;6x&#8221; rc_heading_color=&#8221;light&#8221; rc_bg_type=&#8221;image&#8221; rc_bg_image=&#8221;6643&#8243; desktop_visibility=&#8221;hide&#8221; tablet_visibility=&#8221;hide&#8221; tablet_sm_visibility=&#8221;hide&#8221; rc_font_color=&#8221;#ffffff&#8221;][vc_column]<div class=\"eut-empty-space eut-height-1x\" style=\"\"><\/div>[\/vc_column][\/vc_row][vc_row desktop_visibility=&#8221;hide&#8221; tablet_visibility=&#8221;hide&#8221;][vc_column css=&#8221;.vc_custom_1567506538407{margin-top: 20px !important;margin-bottom: 0px !important;}&#8221;][vc_column_text el_class=&#8221;desc_areaprivada_titulo_azul_mobile&#8221; css=&#8221;.vc_custom_1571984406347{margin-bottom: 20px !important;}&#8221;]<\/p>\n<p style=\"text-align: center;\"><strong>\u00c0rea privada<\/strong><\/p>\n<div id=\"simple-translate\">\n<div>\n<div class=\"simple-translate-button \" style=\"height: 22px; width: 22px; top: 10px; left: 10px;\"><\/div>\n<div class=\"simple-translate-panel \" style=\"width: 300px; height: 200px; top: 0px; left: 0px; font-size: 13px; background-color: #ffffff;\">\n<div class=\"simple-translate-result-wrapper\" style=\"overflow: hidden;\">\n<p class=\"simple-translate-candidate\" style=\"color: #737373;\">\n<\/div>\n<\/div>\n<\/div>\n<\/div>\n<p>[\/vc_column_text][vc_column_text el_class=&#8221;desc_areaprivada_subtitulo_mobile&#8221; css=&#8221;.vc_custom_1571898355854{margin-right: 10px !important;margin-left: 10px !important;}&#8221;]<\/p>\n<p style=\"text-align: left;\">Per accedir a qualsevol apartat cal disposar de l&#8217;usuari i contrasenya que pr\u00e8viament us hagi facilitat Iddink.<\/p>\n<p>[\/vc_column_text][\/vc_column][\/vc_row][vc_row padding_top_multiplier=&#8221;2x&#8221; padding_bottom_multiplier=&#8221;3x&#8221; rc_bg_type=&#8221;color&#8221; min_height=&#8221;600&#8243; rc_bg_color=&#8221;#f5f6f7&#8243;][vc_column vertical_content_position=&#8221;middle&#8221;][vc_row_inner padding_top_multiplier=&#8221;&#8221; padding_bottom_multiplier=&#8221;&#8221; columns_gap=&#8221;5&#8243; mobile_visibility=&#8221;hide&#8221; tablet_sm_columns_vertical_gap=&#8221;5&#8243;][vc_column_inner width=&#8221;1\/3&#8243; full_height=&#8221;yes&#8221; rc_bg_type=&#8221;color&#8221; tablet_sm_width=&#8221;1-2&#8243; css=&#8221;.vc_custom_1564329962069{padding-top: 45px !important;padding-right: 45px !important;padding-bottom: 45px !important;padding-left: 45px !important;}&#8221; rc_bg_color=&#8221;#ffffff&#8221; el_wrapper_class=&#8221;box_areaprivada_targeta&#8221;]<h4 class=\"eut-element eut-title eut-align-inherit eut-h6 desc_areaprivada_targetas_titulo\" style=\"\"><span><strong>Dades de comandes<\/strong><\/span><\/h4>[vc_column_text el_class=&#8221;desc_areaprivada_targetas_bloque&#8221;]Podreu veure l&#8217;estat de les comandes realitzades pels vostres alumnes, aix\u00ed com els articles lliurats i el pagament dels mateixos.[\/vc_column_text]<div class=\"eut-empty-space\" style=\"height: 50px;\"><\/div><div class=\"eut-element eut-align-inherit espacio_auto_areaprivada_targetas eut-fluid-button\"><a href=\"https:\/\/www.iddink.es\/llbestellingen\/\" target=\"_blank\" class=\"eut-btn eut-btn-small eut-extra-round eut-bg-primary-2 eut-bg-hover-black btn-iddink\" style=\"max-width: 150px;\" rel=\"noopener\"><span>Accedir<\/span><\/a><\/div>[\/vc_column_inner][vc_column_inner width=&#8221;1\/3&#8243; full_height=&#8221;yes&#8221; rc_bg_type=&#8221;color&#8221; tablet_sm_width=&#8221;1-2&#8243; css=&#8221;.vc_custom_1564330009003{padding-top: 45px !important;padding-right: 45px !important;padding-bottom: 45px !important;padding-left: 45px !important;}&#8221; rc_bg_color=&#8221;#ffffff&#8221; el_wrapper_class=&#8221;box_areaprivada_targeta&#8221;]<h4 class=\"eut-element eut-title eut-align-inherit eut-h6 desc_areaprivada_targetas_titulo\" style=\"\"><span><strong>Continguts digitals<\/strong><\/span><\/h4>[vc_column_text el_class=&#8221;desc_areaprivada_targetas_bloque&#8221;]Des d&#8217;aqu\u00ed podreu veure quins dels vostres alumnes han accedit i comprat les llic\u00e8ncies digitals, aix\u00ed com revisar continguts i crear-ne de nous personalitzats.[\/vc_column_text]<div class=\"eut-empty-space espacio_auto_areaprivada_targetas\" style=\"height: 50px;\"><\/div><div class=\"eut-element eut-align-inherit espacio_auto_areaprivada_targetas eut-fluid-button\"><a href=\"https:\/\/www.iddinkdigital.com\/Account\/Login\" target=\"_blank\" class=\"eut-btn eut-btn-small eut-extra-round eut-bg-primary-2 eut-bg-hover-black btn-iddink\" style=\"max-width: 150px;\" rel=\"noopener\"><span>Accedir<\/span><\/a><\/div>[\/vc_column_inner][vc_column_inner width=&#8221;1\/3&#8243; full_height=&#8221;yes&#8221; rc_bg_type=&#8221;color&#8221; tablet_sm_width=&#8221;1-2&#8243; css=&#8221;.vc_custom_1564330014961{padding-top: 45px !important;padding-right: 45px !important;padding-bottom: 45px !important;padding-left: 45px !important;}&#8221; rc_bg_color=&#8221;#ffffff&#8221; el_wrapper_class=&#8221;box_areaprivada_targeta&#8221;]<h4 class=\"eut-element eut-title eut-align-inherit eut-h6 desc_areaprivada_targetas_titulo\" style=\"\"><span><strong>Llista de llibres<\/strong><\/span><\/h4>[vc_column_text el_class=&#8221;desc_areaprivada_targetas_bloque&#8221;]En aquesta secci\u00f3 podreu veure la llista d&#8217;articles per assignatura, buscar t\u00edtols per ISBN o pel nom i descarregar la llista de llibres del vostre centre, en format pdf.[\/vc_column_text]<div class=\"eut-empty-space\" style=\"height: 50px;\"><\/div><div class=\"eut-element eut-align-inherit espacio_auto_areaprivada_targetas eut-fluid-button\"><a href=\"https:\/\/www.iddink.es\/boekenlijst\/\" target=\"_blank\" class=\"eut-btn eut-btn-small eut-extra-round eut-bg-primary-2 eut-bg-hover-black btn-iddink\" style=\"max-width: 150px;\" rel=\"noopener\"><span>Accedir<\/span><\/a><\/div>[\/vc_column_inner][\/vc_row_inner][vc_row_inner padding_top_multiplier=&#8221;&#8221; padding_bottom_multiplier=&#8221;&#8221; columns_gap=&#8221;5&#8243; desktop_visibility=&#8221;hide&#8221; tablet_visibility=&#8221;hide&#8221; tablet_sm_visibility=&#8221;hide&#8221; tablet_sm_columns_vertical_gap=&#8221;5&#8243;][vc_column_inner width=&#8221;1\/3&#8243; full_height=&#8221;yes&#8221; rc_bg_type=&#8221;color&#8221; tablet_sm_width=&#8221;1-2&#8243; css=&#8221;.vc_custom_1564329962069{padding-top: 45px !important;padding-right: 45px !important;padding-bottom: 45px !important;padding-left: 45px !important;}&#8221; rc_bg_color=&#8221;#ffffff&#8221; el_wrapper_class=&#8221;box_areaprivada_targeta&#8221;]<h4 class=\"eut-element eut-title eut-align-inherit eut-h6 desc_areaprivada_targetas_titulo_mobile\" style=\"\"><span><strong>Dades de comandes<\/strong><\/span><\/h4>[vc_column_text el_class=&#8221;desc_areaprivada_targetas_bloque_mobile&#8221;]Podreu veure l&#8217;estat de les comandes realitzades pels vostres alumnes, aix\u00ed com els articles lliurats i el pagament dels mateixos.[\/vc_column_text]<div class=\"eut-empty-space\" style=\"height: 50px;\"><\/div><div class=\"eut-element eut-align-inherit espacio_auto_areaprivada_targetas eut-fluid-button\"><a href=\"https:\/\/www.iddink.es\/llbestellingen\/\" target=\"_blank\" class=\"eut-btn eut-btn-small eut-extra-round eut-bg-primary-2 eut-bg-hover-black btn-iddink\" style=\"max-width: 150px;\" rel=\"noopener\"><span>Accedir<\/span><\/a><\/div>[\/vc_column_inner][vc_column_inner width=&#8221;1\/3&#8243; full_height=&#8221;yes&#8221; rc_bg_type=&#8221;color&#8221; tablet_sm_width=&#8221;1-2&#8243; css=&#8221;.vc_custom_1564330009003{padding-top: 45px !important;padding-right: 45px !important;padding-bottom: 45px !important;padding-left: 45px !important;}&#8221; rc_bg_color=&#8221;#ffffff&#8221; el_wrapper_class=&#8221;box_areaprivada_targeta&#8221;]<h4 class=\"eut-element eut-title eut-align-inherit eut-h6 desc_areaprivada_targetas_titulo_mobile\" style=\"\"><span><strong>Continguts digitals<\/strong><\/span><\/h4>[vc_column_text el_class=&#8221;desc_areaprivada_targetas_bloque_mobile&#8221;]Des d&#8217;aqu\u00ed podreu veure quins dels vostres alumnes han accedit i comprat les llic\u00e8ncies digitals, aix\u00ed com revisar continguts i crear-ne de nous personalitzats.[\/vc_column_text]<div class=\"eut-empty-space\" style=\"height: 50px;\"><\/div><div class=\"eut-element eut-align-inherit espacio_auto_areaprivada_targetas eut-fluid-button\"><a href=\"https:\/\/www.iddinkdigital.com\/Account\/Login\" target=\"_blank\" class=\"eut-btn eut-btn-small eut-extra-round eut-bg-primary-2 eut-bg-hover-black btn-iddink\" style=\"max-width: 150px;\" rel=\"noopener\"><span>Accedir<\/span><\/a><\/div>[\/vc_column_inner][vc_column_inner width=&#8221;1\/3&#8243; full_height=&#8221;yes&#8221; rc_bg_type=&#8221;color&#8221; tablet_sm_width=&#8221;1-2&#8243; css=&#8221;.vc_custom_1564330014961{padding-top: 45px !important;padding-right: 45px !important;padding-bottom: 45px !important;padding-left: 45px !important;}&#8221; rc_bg_color=&#8221;#ffffff&#8221; el_wrapper_class=&#8221;box_areaprivada_targeta&#8221;]<h4 class=\"eut-element eut-title eut-align-inherit eut-h6 desc_areaprivada_targetas_titulo_mobile\" style=\"\"><span><strong>Llista de llibres<\/strong><\/span><\/h4>[vc_column_text el_class=&#8221;desc_areaprivada_targetas_bloque_mobile&#8221;]En aquesta secci\u00f3 podreu veure la llista d&#8217;articles per assignatura, buscar t\u00edtols per ISBN o nom i descarregar la llista de llibres del vostre centre, en format pdf.[\/vc_column_text]<div class=\"eut-empty-space\" style=\"height: 50px;\"><\/div><div class=\"eut-element eut-align-inherit espacio_auto_areaprivada_targetas eut-fluid-button\"><a href=\"https:\/\/www.iddink.es\/boekenlijst\/\" target=\"_blank\" class=\"eut-btn eut-btn-small eut-extra-round eut-bg-primary-2 eut-bg-hover-black btn-iddink\" style=\"max-width: 150px;\" rel=\"noopener\"><span>Accedir<\/span><\/a><\/div>[\/vc_column_inner][\/vc_row_inner]<div class=\"eut-empty-space\" style=\"height: 5px;\"><\/div>[vc_row_inner padding_top_multiplier=&#8221;&#8221; padding_bottom_multiplier=&#8221;&#8221; columns_gap=&#8221;5&#8243; mobile_visibility=&#8221;hide&#8221; tablet_sm_columns_vertical_gap=&#8221;5&#8243;][vc_column_inner width=&#8221;1\/3&#8243; full_height=&#8221;yes&#8221; rc_bg_type=&#8221;color&#8221; tablet_sm_width=&#8221;1-2&#8243; css=&#8221;.vc_custom_1564330023194{padding-top: 45px !important;padding-right: 45px !important;padding-bottom: 45px !important;padding-left: 45px !important;}&#8221; rc_bg_color=&#8221;#ffffff&#8221; el_wrapper_class=&#8221;box_areaprivada_targeta&#8221;]<h4 class=\"eut-element eut-title eut-align-inherit eut-h6 desc_areaprivada_targetas_titulo\" style=\"\"><span><strong>Book list Maker<\/strong><\/span><\/h4>[vc_column_text el_class=&#8221;desc_areaprivada_targetas_bloque&#8221;]Programa on-line d&#8217;Iddink que facilita als centres docents l&#8217;edici\u00f3 i el control de les llistes de llibres i de les llic\u00e8ncies digitals.[\/vc_column_text]<div class=\"eut-empty-space\" style=\"height: 50px;\"><\/div><div class=\"eut-element eut-align-inherit espacio_auto_areaprivada_targetas eut-fluid-button\"><a href=\"https:\/\/www.iddink.es\/webmuteren\/\" target=\"_blank\" class=\"eut-btn eut-btn-small eut-extra-round eut-bg-primary-2 eut-bg-hover-black btn-iddink\" style=\"max-width: 150px;\" rel=\"noopener\"><span>Accedir<\/span><\/a><\/div>[\/vc_column_inner][vc_column_inner width=&#8221;1\/3&#8243; full_height=&#8221;yes&#8221; rc_bg_type=&#8221;color&#8221; tablet_sm_width=&#8221;1-2&#8243; css=&#8221;.vc_custom_1564330029481{padding-top: 45px !important;padding-right: 45px !important;padding-bottom: 45px !important;padding-left: 45px !important;}&#8221; rc_bg_color=&#8221;#ffffff&#8221; el_wrapper_class=&#8221;box_areaprivada_targeta&#8221;]<h4 class=\"eut-element eut-title eut-align-inherit eut-h6 desc_areaprivada_targetas_titulo\" style=\"\"><span><strong>Documentaci\u00f3<\/strong><\/span><\/h4>[vc_column_text el_class=&#8221;desc_areaprivada_targetas_bloque&#8221;]Descarregueu documentaci\u00f3 relacionada amb el vostre centre i el llistat d&#8217;albarans de compra i de devoluci\u00f3 dels ecoBooks dels alumnes del centre.[\/vc_column_text]<div class=\"eut-empty-space\" style=\"height: 50px;\"><\/div><div class=\"eut-element eut-align-inherit espacio_auto_areaprivada_targetas eut-fluid-button\"><a href=\"https:\/\/www.iddink.es\/inleverformulieren\/\" target=\"_blank\" class=\"eut-btn eut-btn-small eut-extra-round eut-bg-primary-2 eut-bg-hover-black btn-iddink\" style=\"max-width: 150px;\" rel=\"noopener\"><span>Accedir<\/span><\/a><\/div>[\/vc_column_inner][\/vc_row_inner][vc_row_inner padding_top_multiplier=&#8221;&#8221; padding_bottom_multiplier=&#8221;&#8221; columns_gap=&#8221;5&#8243; desktop_visibility=&#8221;hide&#8221; tablet_visibility=&#8221;hide&#8221; tablet_sm_visibility=&#8221;hide&#8221; tablet_sm_columns_vertical_gap=&#8221;5&#8243;][vc_column_inner width=&#8221;1\/3&#8243; full_height=&#8221;yes&#8221; rc_bg_type=&#8221;color&#8221; tablet_sm_width=&#8221;1-2&#8243; css=&#8221;.vc_custom_1567504759160{margin-top: 27px !important;padding-top: 45px !important;padding-right: 45px !important;padding-bottom: 45px !important;padding-left: 45px !important;}&#8221; rc_bg_color=&#8221;#ffffff&#8221; el_wrapper_class=&#8221;box_areaprivada_targeta&#8221;]<h4 class=\"eut-element eut-title eut-align-inherit eut-h6 desc_areaprivada_targetas_titulo_mobile\" style=\"\"><span><strong>Book list Maker<\/strong><\/span><\/h4>[vc_column_text el_class=&#8221;desc_areaprivada_targetas_bloque_mobile&#8221;]Programa on-line d&#8217;Iddink que facilita als centres docents l&#8217;edici\u00f3 i el control de les llistes de llibres i de les llic\u00e8ncies digitals.[\/vc_column_text]<div class=\"eut-empty-space\" style=\"height: 50px;\"><\/div><div class=\"eut-element eut-align-inherit espacio_auto_areaprivada_targetas eut-fluid-button\"><a href=\"https:\/\/www.iddink.es\/webmuteren\/\" target=\"_blank\" class=\"eut-btn eut-btn-small eut-extra-round eut-bg-primary-2 eut-bg-hover-black btn-iddink\" style=\"max-width: 150px;\" rel=\"noopener\"><span>Accedir<\/span><\/a><\/div>[\/vc_column_inner][vc_column_inner width=&#8221;1\/3&#8243; full_height=&#8221;yes&#8221; rc_bg_type=&#8221;color&#8221; tablet_sm_width=&#8221;1-2&#8243; css=&#8221;.vc_custom_1564330029481{padding-top: 45px !important;padding-right: 45px !important;padding-bottom: 45px !important;padding-left: 45px !important;}&#8221; rc_bg_color=&#8221;#ffffff&#8221; el_wrapper_class=&#8221;box_areaprivada_targeta&#8221;]<h4 class=\"eut-element eut-title eut-align-inherit eut-h6 desc_areaprivada_targetas_titulo_mobile\" style=\"\"><span><strong>Documentaci\u00f3<\/strong><\/span><\/h4>[vc_column_text el_class=&#8221;desc_areaprivada_targetas_bloque_mobile&#8221;]Descarregueu documentaci\u00f3 relacionada amb el vostre centre i el llistat d&#8217;albarans de compra i de devoluci\u00f3 dels ecoBooks dels alumnes del centre.[\/vc_column_text]<div class=\"eut-empty-space\" style=\"height: 50px;\"><\/div><div class=\"eut-element eut-align-inherit espacio_auto_areaprivada_targetas eut-fluid-button\"><a href=\"https:\/\/www.iddink.es\/inleverformulieren\/\" target=\"_blank\" class=\"eut-btn eut-btn-small eut-extra-round eut-bg-primary-2 eut-bg-hover-black btn-iddink\" style=\"max-width: 150px;\" rel=\"noopener\"><span>Accedir<\/span><\/a><\/div>[\/vc_column_inner][\/vc_row_inner]<div class=\"eut-empty-space eut-height-1x\" style=\"\"><\/div>[vc_column_text el_class=&#8221;desc_areaprivada_text_post_tagetas&#8221;]Mitjan\u00e7ant l&#8217;\u00e0rea privada, el centre docent t\u00e9 acc\u00e9s a informaci\u00f3 estad\u00edstica (descarregable, majorit\u00e0riament en un fitxer Excel) de les activitats i serveis realitzats per Iddink a les fam\u00edlies i els estudiants del centre.[\/vc_column_text][\/vc_column][\/vc_row]<\/p>\n","protected":false},"excerpt":{"rendered":"<p>[vc_row padding_top_multiplier=&#8221;6x&#8221; padding_bottom_multiplier=&#8221;6x&#8221; rc_heading_color=&#8221;light&#8221; rc_bg_type=&#8221;image&#8221; rc_bg_image=&#8221;8534&#8243; rc_bg_image_size=&#8221;responsive&#8221; mobile_visibility=&#8221;hide&#8221; rc_font_color=&#8221;#ffffff&#8221;][vc_column tablet_sm_width=&#8221;hide&#8221; mobile_width=&#8221;hide&#8221;][vc_column_text el_class=&#8221;desc_areaprivada_titulo_azul&#8221;]\u00c0rea privada[\/vc_column_text][vc_column_text el_class=&#8221;desc_areaprivada_subtitulo&#8221;]Per accedir a qualsevol apartat cal disposar de l&#8217;usuari i contrasenya que pr\u00e8viament us hagi facilitat Iddink.[\/vc_column_text][\/vc_column][\/vc_row][vc_row padding_top_multiplier=&#8221;6x&#8221; padding_bottom_multiplier=&#8221;6x&#8221; rc_heading_color=&#8221;light&#8221; rc_bg_type=&#8221;image&#8221; rc_bg_image=&#8221;6643&#8243; desktop_visibility=&#8221;hide&#8221; tablet_visibility=&#8221;hide&#8221; tablet_sm_visibility=&#8221;hide&#8221; rc_font_color=&#8221;#ffffff&#8221;][vc_column][\/vc_column][\/vc_row][vc_row desktop_visibility=&#8221;hide&#8221; tablet_visibility=&#8221;hide&#8221;][vc_column css=&#8221;.vc_custom_1567506538407{margin-top: 20px !important;margin-bottom: 0px !important;}&#8221;][vc_column_text el_class=&#8221;desc_areaprivada_titulo_azul_mobile&#8221; css=&#8221;.vc_custom_1571984406347{margin-bottom: 20px !important;}&#8221;] \u00c0rea privada [\/vc_column_text][vc_column_text el_class=&#8221;desc_areaprivada_subtitulo_mobile&#8221; css=&#8221;.vc_custom_1571898355854{margin-right: [&hellip;]<\/p>\n","protected":false},"author":9,"featured_media":0,"parent":7219,"menu_order":0,"comment_status":"closed","ping_status":"closed","template":"","meta":{"footnotes":""},"class_list":["post-9420","page","type-page","status-publish","hentry"],"_links":{"self":[{"href":"https:\/\/spain.iddink.es\/ca\/wp-json\/wp\/v2\/pages\/9420","targetHints":{"allow":["GET"]}}],"collection":[{"href":"https:\/\/spain.iddink.es\/ca\/wp-json\/wp\/v2\/pages"}],"about":[{"href":"https:\/\/spain.iddink.es\/ca\/wp-json\/wp\/v2\/types\/page"}],"author":[{"embeddable":true,"href":"https:\/\/spain.iddink.es\/ca\/wp-json\/wp\/v2\/users\/9"}],"replies":[{"embeddable":true,"href":"https:\/\/spain.iddink.es\/ca\/wp-json\/wp\/v2\/comments?post=9420"}],"version-history":[{"count":7,"href":"https:\/\/spain.iddink.es\/ca\/wp-json\/wp\/v2\/pages\/9420\/revisions"}],"predecessor-version":[{"id":10764,"href":"https:\/\/spain.iddink.es\/ca\/wp-json\/wp\/v2\/pages\/9420\/revisions\/10764"}],"up":[{"embeddable":true,"href":"https:\/\/spain.iddink.es\/ca\/wp-json\/wp\/v2\/pages\/7219"}],"wp:attachment":[{"href":"https:\/\/spain.iddink.es\/ca\/wp-json\/wp\/v2\/media?parent=9420"}],"curies":[{"name":"wp","href":"https:\/\/api.w.org\/{rel}","templated":true}]}}