{"id":9442,"date":"2019-09-12T17:36:06","date_gmt":"2019-09-12T15:36:06","guid":{"rendered":"https:\/\/www.pre-iddink.cat\/centros-2\/materiales-educativos\/plantilla13-2\/"},"modified":"2023-06-16T15:32:08","modified_gmt":"2023-06-16T13:32:08","slug":"monitoritzacio","status":"publish","type":"page","link":"https:\/\/spain.iddink.es\/ca\/centres\/materials-educatius\/monitoritzacio\/","title":{"rendered":"Monitorizaci\u00f3 i supervisi\u00f3"},"content":{"rendered":"<p>[vc_row section_type=&#8221;fullwidth&#8221; height_ratio=&#8221;60&#8243; padding_top_multiplier=&#8221;&#8221; padding_bottom_multiplier=&#8221;&#8221; rc_bg_type=&#8221;image&#8221; rc_bg_image=&#8221;9040&#8243; tablet_height_ratio=&#8221;60&#8243; tablet_sm_height_ratio=&#8221;60&#8243; mobile_height_ratio=&#8221;60&#8243;][vc_column][vc_column_text][\/vc_column_text][\/vc_column][\/vc_row][vc_row rc_heading_color=&#8221;light&#8221; rc_bg_type=&#8221;color&#8221; rc_font_color=&#8221;#ffffff&#8221; rc_bg_color=&#8221;#1e73bc&#8221;][vc_column vertical_content_position=&#8221;middle&#8221; text_align=&#8221;center&#8221;]<h1 class=\"eut-element eut-title eut-align-center eut-h1 desc_escuelaverde_titulo eut-tablet-sm-reset-increase-heading eut-mobile-reset-increase-heading eut-increase-heading eut-heading-120\" style=\"\"><span><br>\n<p style=\"text-align: center;\"><strong>Monitorizaci\u00f3 i supervisi\u00f3<\/strong><br>\n<\/span><\/h1>[\/vc_column][\/vc_row][vc_row padding_top_multiplier=&#8221;2x&#8221; tablet_sm_visibility=&#8221;hide&#8221; mobile_visibility=&#8221;hide&#8221;][vc_column width=&#8221;1\/2&#8243;]<h3 class=\"eut-element eut-title eut-align-inherit eut-h1 desc_escuelaverde_titulo_bloque\" style=\"margin-bottom: 0px;\"><span>Informaci\u00f3 estad\u00edstica<\/span><\/h3>[vc_column_text animation_delay=&#8221;800&#8243; animation_duration=&#8221;slow&#8221; el_class=&#8221;desc_escuelaverde_texto_bloque&#8221;]A trav\u00e9s de la seva \u00e0rea privada, l&#8217;AFA del centre docent t\u00e9 acc\u00e9s a informaci\u00f3 estad\u00edstica de les activitats i dels serveis realitzats per Iddink a les fam\u00edlies i als estudiants del centre. La informaci\u00f3, descarregable majorit\u00e0riament a un fitxer Excel, permet con\u00e8ixer les seg\u00fcents dades:[\/vc_column_text][vc_row_inner][vc_column_inner]<div class=\"eut-element eut-box-icon eut-side-icon eut-align-left desc_escuelaverde_texto_bloque\" style=\"margin-bottom: 4px;\"><div class=\"eut-single-icon eut-small\"><div class=\"eut-wrapper-icon eut-no-shape eut-text-grey\" style=\"\"><i class=\"eut-inner-icon smp-icon-check eut-text-primary-2\"><\/i><\/div><\/div><div class=\"eut-box-content\">  <p class=\"\"> <strong>Comandes i cobrament de quotes:<\/strong><br \/>\n\u2022 Comandes realitzades pels alumnes i estat dels seus pagaments.<br \/>\n\u2022 Estat dels lliuraments.<br \/>\n\u2022 Estat del pagament de les comandes.<br \/>\n\u2022 Quotes pagades pels alumnes i estat dels seus pagaments.<br \/>\n<\/p><\/div><\/div><div class=\"eut-element eut-box-icon eut-side-icon eut-align-left desc_escuelaverde_texto_bloque\" style=\"margin-bottom: 4px;\"><div class=\"eut-single-icon eut-small\"><div class=\"eut-wrapper-icon eut-no-shape eut-text-grey\" style=\"\"><i class=\"eut-inner-icon smp-icon-check eut-text-primary-2\"><\/i><\/div><\/div><div class=\"eut-box-content\">  <p class=\"\"> <strong>Continguts digitals:<\/strong><br \/>\n\u2022 Acc\u00e9s als continguts digitals.<br \/>\n\u2022 Administrar l&#8217;acc\u00e9s per curs, per grup i per assignatura.<br \/>\n\u2022 Control dels alumnes amb i sense acc\u00e9s.<br \/>\n<\/p><\/div><\/div><div class=\"eut-element eut-box-icon eut-side-icon eut-align-left desc_escuelaverde_texto_bloque\" style=\"\"><div class=\"eut-single-icon eut-small\"><div class=\"eut-wrapper-icon eut-no-shape eut-text-grey\" style=\"\"><i class=\"eut-inner-icon smp-icon-check eut-text-primary-2\"><\/i><\/div><\/div><div class=\"eut-box-content\">  <p class=\"\"> <strong>Llista de llibres:<\/strong><br \/>\n\u2022 Desc\u00e0rrega de la llista per asignatura i curs.<br \/>\n<\/p><\/div><\/div>[\/vc_column_inner][\/vc_row_inner][\/vc_column][vc_column width=&#8221;1\/2&#8243; content_width=&#8221;90&#8243; horizontal_content_position=&#8221;right&#8221; mobile_width=&#8221;1-2&#8243;]<div class=\"eut-empty-space eut-height-2x\" style=\"\"><\/div><div class=\"eut-element eut-image eut-align-center\" style=\"\"><div class=\"eut-image-wrapper eut-popup-item\" style=\"max-width:910px;\"><div class=\"eut-thumbnail-wrapper\"  style=\"max-width: 910px;\"><div class=\"eut-thumbnail\"  style=\"padding-top: 88.571%;\"><img loading=\"lazy\" decoding=\"async\" width=\"910\" height=\"806\" src=\"https:\/\/spain.iddink.es\/wp-content\/uploads\/2019\/11\/img_monitorizacion01.jpg\" class=\"attachment-full size-full\" alt=\"\" data-eutf-filter=\"yes\" srcset=\"https:\/\/spain.iddink.es\/wp-content\/uploads\/2019\/11\/img_monitorizacion01.jpg 910w, https:\/\/spain.iddink.es\/wp-content\/uploads\/2019\/11\/img_monitorizacion01-300x266.jpg 300w, https:\/\/spain.iddink.es\/wp-content\/uploads\/2019\/11\/img_monitorizacion01-768x680.jpg 768w\" sizes=\"auto, (max-width: 910px) 100vw, 910px\" \/><\/div><\/div>  <\/div><\/div>[\/vc_column][\/vc_row][vc_row padding_bottom_multiplier=&#8221;&#8221; desktop_visibility=&#8221;hide&#8221; tablet_visibility=&#8221;hide&#8221;][vc_column css=&#8221;.vc_custom_1570585812764{margin-top: 15px !important;padding-right: 10px !important;padding-left: 10px !important;}&#8221;]<h3 class=\"eut-element eut-title eut-align-inherit eut-h1 desc_escuelaverde_titulo_bloque_mobile\" style=\"margin-bottom: 0px;\"><span>Informaci\u00f3 estad\u00edstica<\/span><\/h3><div class=\"eut-empty-space\" style=\"height: 22px;\"><\/div>[vc_column_text animation_delay=&#8221;800&#8243; animation_duration=&#8221;slow&#8221; el_class=&#8221;desc_escuelaverde_texto_bloque&#8221;]A trav\u00e9s de la seva \u00e0rea privada, l&#8217;AFA del centre docent t\u00e9 acc\u00e9s a informaci\u00f3 estad\u00edstica de les activitats i dels serveis realitzats per Iddink a les fam\u00edlies i als estudiants del centre. La informaci\u00f3, descarregable majorit\u00e0riament a un fitxer Excel, permet con\u00e8ixer les seg\u00fcents dades:[\/vc_column_text][\/vc_column][\/vc_row][vc_row padding_bottom_multiplier=&#8221;&#8221; desktop_visibility=&#8221;hide&#8221; tablet_visibility=&#8221;hide&#8221;][vc_column]<div class=\"eut-element eut-box-icon eut-side-icon eut-align-left desc_escuelaverde_texto_bloque\" style=\"margin-bottom: 4px;\"><div class=\"eut-single-icon eut-small\"><div class=\"eut-wrapper-icon eut-no-shape eut-text-grey\" style=\"\"><i class=\"eut-inner-icon smp-icon-check eut-text-primary-2\"><\/i><\/div><\/div><div class=\"eut-box-content\">  <p class=\"\"> <strong>Comandes i cobrament de quotes:<\/strong><br \/>\n\u2022 Comandes realitzades pels alumnes i estat dels seus pagaments.<br \/>\n\u2022 Estat dels lliuraments.<br \/>\n\u2022 Estat del pagament de les comandes.<br \/>\n\u2022 Quotes pagades pels alumnes i estat dels seus pagaments.<\/p><\/div><\/div><div class=\"eut-element eut-box-icon eut-side-icon eut-align-left desc_escuelaverde_texto_bloque\" style=\"margin-bottom: 4px;\"><div class=\"eut-single-icon eut-small\"><div class=\"eut-wrapper-icon eut-no-shape eut-text-grey\" style=\"\"><i class=\"eut-inner-icon smp-icon-check eut-text-primary-2\"><\/i><\/div><\/div><div class=\"eut-box-content\">  <p class=\"\"><strong>Continguts digitals:<\/strong><br \/>\n\u2022 Acc\u00e9s als continguts digitals.<br \/>\n\u2022 Administrar l&#8217;acc\u00e9s per curs, per grup i per assignatura.<br \/>\n\u2022 Control dels alumnes amb i sense acc\u00e9s.<br \/>\n<\/p><\/div><\/div><div class=\"eut-element eut-box-icon eut-side-icon eut-align-left desc_escuelaverde_texto_bloque\" style=\"\"><div class=\"eut-single-icon eut-small\"><div class=\"eut-wrapper-icon eut-no-shape eut-text-grey\" style=\"\"><i class=\"eut-inner-icon smp-icon-check eut-text-primary-2\"><\/i><\/div><\/div><div class=\"eut-box-content\">  <p class=\"\"> <strong>Llista de llibres:<\/strong><br \/>\n\u2022 Desc\u00e0rrega de la llista per asignatura i curs.<\/p><\/div><\/div><div class=\"eut-empty-space eut-height-1x\" style=\"\"><\/div><div class=\"eut-element eut-image eut-align-center\" style=\"\"><div class=\"eut-image-wrapper eut-popup-item\" style=\"max-width:400px;\"><div class=\"eut-thumbnail-wrapper\"  style=\"max-width: 400px;\"><div class=\"eut-thumbnail\"  style=\"padding-top: 88.5%;\"><img loading=\"lazy\" decoding=\"async\" width=\"400\" height=\"354\" src=\"https:\/\/spain.iddink.es\/wp-content\/uploads\/2019\/11\/admin-ajax-1.jpg\" class=\"attachment-full size-full\" alt=\"\" data-eutf-filter=\"yes\" srcset=\"https:\/\/spain.iddink.es\/wp-content\/uploads\/2019\/11\/admin-ajax-1.jpg 400w, https:\/\/spain.iddink.es\/wp-content\/uploads\/2019\/11\/admin-ajax-1-300x266.jpg 300w\" sizes=\"auto, (max-width: 400px) 100vw, 400px\" \/><\/div><\/div>  <\/div><\/div><div class=\"eut-empty-space eut-height-1x\" style=\"\"><\/div>[\/vc_column][\/vc_row][vc_row rc_bg_type=&#8221;color&#8221; tablet_sm_visibility=&#8221;hide&#8221; mobile_visibility=&#8221;hide&#8221; rc_bg_color=&#8221;#a4d65e&#8221;][vc_column content_width=&#8221;80&#8243; horizontal_content_position=&#8221;center&#8221;][vc_column_text el_class=&#8221;desc_escuelaverde_grafico_titulo_azul&#8221;]<\/p>\n<p style=\"text-align: center;\">Informe \u201cFets i xifres\u201d<\/p>\n<p>[\/vc_column_text]<div class=\"eut-empty-space eut-height-1x\" style=\"\"><\/div>[vc_column_text el_class=&#8221;desc_escuelaverde_grafica_subtitulo&#8221;]<\/p>\n<p style=\"text-align: center;\"><span style=\"color: #ffffff;\">La majoria de tasques i procediments d&#8217;Iddink es realitzen amb l&#8217;ajuda de sistemes inform\u00e0tics que proporcionen control, qualitat i seguiment de tots els projectes en qu\u00e8 treballa.<\/span><\/p>\n<p>[\/vc_column_text][\/vc_column][\/vc_row][vc_row padding_top_multiplier=&#8221;2x&#8221; padding_bottom_multiplier=&#8221;2x&#8221; tablet_sm_visibility=&#8221;hide&#8221; mobile_visibility=&#8221;hide&#8221;][vc_column][vc_row_inner][vc_column_inner width=&#8221;1\/3&#8243; rc_bg_type=&#8221;color&#8221; rc_bg_color=&#8221;#ffffff&#8221; css=&#8221;.vc_custom_1569248354053{border-right-width: 10px !important;border-left-width: 10px !important;}&#8221;]<div class=\"eut-empty-space eut-height-2x\" style=\"\"><\/div>[vc_column_text el_class=&#8221;desc_escuelaverde_grafica_texto&#8221;]Amb car\u00e0cter anual, Iddink elabora un complet informe estad\u00edstic que presenta, de manera gr\u00e0fica, les principals dades que faciliten con\u00e8ixer, amb molta previsi\u00f3, els diferents serveis que ha prestat Iddink al llarg del curs escolar.<br \/>\nAquest informe es complementa amb les dades proporcionades per una &#8220;Enquesta de Satisfacci\u00f3&#8221; que, des de fa 12 anys, ve elaborant Iddink amb les respostes de les fam\u00edlies que utilitzat els nostres serveis. L&#8217;enquesta permet con\u00e8ixer l&#8217;opini\u00f3 que tenen sobre els diferents aspectes del servei ofert per Iddink. Realitzada sempre a l&#8217;octubre, i amb el mateix q\u00fcestionari, va ser contestada per m\u00e9s de 24.563 fam\u00edlies en el curs 2020\/21.[\/vc_column_text][\/vc_column_inner][vc_column_inner width=&#8221;2\/3&#8243;]<div class=\"eut-empty-space eut-height-3x\" style=\"\"><\/div><div class=\"eut-element eut-image eut-align-center\" style=\"\"><div class=\"eut-image-wrapper eut-popup-item\" style=\"max-width:3722px;\"><div class=\"eut-thumbnail-wrapper\"  style=\"max-width: 3722px;\"><div class=\"eut-thumbnail\"  style=\"padding-top: 47.743%;\"><img loading=\"lazy\" decoding=\"async\" width=\"3722\" height=\"1777\" src=\"https:\/\/spain.iddink.es\/wp-content\/uploads\/2021\/11\/globalment_cat.png\" class=\"attachment-full size-full\" alt=\"\" data-eutf-filter=\"yes\" srcset=\"https:\/\/spain.iddink.es\/wp-content\/uploads\/2021\/11\/globalment_cat.png 3722w, https:\/\/spain.iddink.es\/wp-content\/uploads\/2021\/11\/globalment_cat-300x143.png 300w, https:\/\/spain.iddink.es\/wp-content\/uploads\/2021\/11\/globalment_cat-1024x489.png 1024w, https:\/\/spain.iddink.es\/wp-content\/uploads\/2021\/11\/globalment_cat-768x367.png 768w, https:\/\/spain.iddink.es\/wp-content\/uploads\/2021\/11\/globalment_cat-1536x733.png 1536w, https:\/\/spain.iddink.es\/wp-content\/uploads\/2021\/11\/globalment_cat-1920x917.png 1920w\" sizes=\"auto, (max-width: 3722px) 100vw, 3722px\" \/><\/div><\/div>  <\/div><\/div>[\/vc_column_inner][\/vc_row_inner][\/vc_column][\/vc_row][vc_row rc_bg_type=&#8221;color&#8221; desktop_visibility=&#8221;hide&#8221; tablet_visibility=&#8221;hide&#8221; rc_bg_color=&#8221;#1e73bc&#8221;][vc_column css=&#8221;.vc_custom_1570586176843{padding-right: 10px !important;padding-left: 10px !important;}&#8221;][vc_column_text el_class=&#8221;desc_escuelaverde_grafico_titulo_azul_mobile&#8221;]<\/p>\n<p style=\"text-align: center;\">Informe \u201cFets i xifres\u201d<\/p>\n<p>[\/vc_column_text]<div class=\"eut-empty-space eut-height-1x\" style=\"\"><\/div>[vc_column_text el_class=&#8221;desc_escuelaverde_grafica_subtitulo&#8221;]La majoria de tasques i procediments d&#8217;Iddink es realitzen amb l&#8217;ajuda de sistemes inform\u00e0tics que proporcionen control, qualitat i seguiment de tots els projectes en qu\u00e8 treballa.[\/vc_column_text][\/vc_column][\/vc_row][vc_row padding_top_multiplier=&#8221;3x&#8221; padding_bottom_multiplier=&#8221;3x&#8221; desktop_visibility=&#8221;hide&#8221; tablet_visibility=&#8221;hide&#8221;][vc_column css=&#8221;.vc_custom_1570585969430{padding-right: 10px !important;padding-left: 10px !important;}&#8221;][vc_column_text el_class=&#8221;desc_escuelaverde_grafica_texto&#8221;]Amb car\u00e0cter anual, Iddink elabora un complet informe estad\u00edstic que presenta, de manera gr\u00e0fica, les principals dades que faciliten con\u00e8ixer, amb molta previsi\u00f3, els diferents serveis que ha prestat Iddink al llarg del curs escolar.<br \/>\nAquest informe es complementa amb les dades proporcionades per una &#8220;Enquesta de Satisfacci\u00f3&#8221; que, des de fa 12 anys, ve elaborant Iddink amb les respostes de les fam\u00edlies que utilitzat els nostres serveis. L&#8217;enquesta permet con\u00e8ixer l&#8217;opini\u00f3 que tenen sobre els diferents aspectes del servei ofert per Iddink. Realitzada sempre a l&#8217;octubre, i amb el mateix q\u00fcestionari, va ser contestada per m\u00e9s de 24.563 fam\u00edlies en el curs 2020\/21.[\/vc_column_text]<div class=\"eut-empty-space eut-height-1x\" style=\"\"><\/div><div class=\"eut-element eut-image eut-align-center\" style=\"\"><div class=\"eut-image-wrapper eut-popup-item\" style=\"max-width:3722px;\"><div class=\"eut-thumbnail-wrapper\"  style=\"max-width: 3722px;\"><div class=\"eut-thumbnail\"  style=\"padding-top: 47.743%;\"><img loading=\"lazy\" decoding=\"async\" width=\"3722\" height=\"1777\" src=\"https:\/\/spain.iddink.es\/wp-content\/uploads\/2021\/11\/globalment_cat.png\" class=\"attachment-full size-full\" alt=\"\" data-eutf-filter=\"yes\" srcset=\"https:\/\/spain.iddink.es\/wp-content\/uploads\/2021\/11\/globalment_cat.png 3722w, https:\/\/spain.iddink.es\/wp-content\/uploads\/2021\/11\/globalment_cat-300x143.png 300w, https:\/\/spain.iddink.es\/wp-content\/uploads\/2021\/11\/globalment_cat-1024x489.png 1024w, https:\/\/spain.iddink.es\/wp-content\/uploads\/2021\/11\/globalment_cat-768x367.png 768w, https:\/\/spain.iddink.es\/wp-content\/uploads\/2021\/11\/globalment_cat-1536x733.png 1536w, https:\/\/spain.iddink.es\/wp-content\/uploads\/2021\/11\/globalment_cat-1920x917.png 1920w\" sizes=\"auto, (max-width: 3722px) 100vw, 3722px\" \/><\/div><\/div>  <\/div><\/div>[\/vc_column][\/vc_row][vc_column content_width=&#8221;90&#8243; horizontal_content_position=&#8221;center&#8221;][\/vc_column]<\/p>\n","protected":false},"excerpt":{"rendered":"<p>[vc_row section_type=&#8221;fullwidth&#8221; height_ratio=&#8221;60&#8243; padding_top_multiplier=&#8221;&#8221; padding_bottom_multiplier=&#8221;&#8221; rc_bg_type=&#8221;image&#8221; rc_bg_image=&#8221;9040&#8243; tablet_height_ratio=&#8221;60&#8243; tablet_sm_height_ratio=&#8221;60&#8243; mobile_height_ratio=&#8221;60&#8243;][vc_column][vc_column_text][\/vc_column_text][\/vc_column][\/vc_row][vc_row rc_heading_color=&#8221;light&#8221; rc_bg_type=&#8221;color&#8221; rc_font_color=&#8221;#ffffff&#8221; rc_bg_color=&#8221;#1e73bc&#8221;][vc_column vertical_content_position=&#8221;middle&#8221; text_align=&#8221;center&#8221;][\/vc_column][\/vc_row][vc_row padding_top_multiplier=&#8221;2x&#8221; tablet_sm_visibility=&#8221;hide&#8221; mobile_visibility=&#8221;hide&#8221;][vc_column width=&#8221;1\/2&#8243;][vc_column_text animation_delay=&#8221;800&#8243; animation_duration=&#8221;slow&#8221; el_class=&#8221;desc_escuelaverde_texto_bloque&#8221;]A trav\u00e9s de la seva \u00e0rea privada, l&#8217;AFA del centre docent t\u00e9 acc\u00e9s a informaci\u00f3 estad\u00edstica de les activitats i dels serveis realitzats per Iddink a les fam\u00edlies i als estudiants del centre. [&hellip;]<\/p>\n","protected":false},"author":9,"featured_media":0,"parent":7986,"menu_order":0,"comment_status":"closed","ping_status":"closed","template":"","meta":{"footnotes":""},"class_list":["post-9442","page","type-page","status-publish","hentry"],"_links":{"self":[{"href":"https:\/\/spain.iddink.es\/ca\/wp-json\/wp\/v2\/pages\/9442","targetHints":{"allow":["GET"]}}],"collection":[{"href":"https:\/\/spain.iddink.es\/ca\/wp-json\/wp\/v2\/pages"}],"about":[{"href":"https:\/\/spain.iddink.es\/ca\/wp-json\/wp\/v2\/types\/page"}],"author":[{"embeddable":true,"href":"https:\/\/spain.iddink.es\/ca\/wp-json\/wp\/v2\/users\/9"}],"replies":[{"embeddable":true,"href":"https:\/\/spain.iddink.es\/ca\/wp-json\/wp\/v2\/comments?post=9442"}],"version-history":[{"count":13,"href":"https:\/\/spain.iddink.es\/ca\/wp-json\/wp\/v2\/pages\/9442\/revisions"}],"predecessor-version":[{"id":13470,"href":"https:\/\/spain.iddink.es\/ca\/wp-json\/wp\/v2\/pages\/9442\/revisions\/13470"}],"up":[{"embeddable":true,"href":"https:\/\/spain.iddink.es\/ca\/wp-json\/wp\/v2\/pages\/7986"}],"wp:attachment":[{"href":"https:\/\/spain.iddink.es\/ca\/wp-json\/wp\/v2\/media?parent=9442"}],"curies":[{"name":"wp","href":"https:\/\/api.w.org\/{rel}","templated":true}]}}