{"id":9451,"date":"2019-09-16T15:34:40","date_gmt":"2019-09-16T13:34:40","guid":{"rendered":"https:\/\/www.pre-iddink.cat\/servicios\/"},"modified":"2025-05-14T16:27:31","modified_gmt":"2025-05-14T14:27:31","slug":"serveis","status":"publish","type":"page","link":"https:\/\/spain.iddink.es\/ca\/families\/serveis\/","title":{"rendered":"Serveis"},"content":{"rendered":"<p>[vc_row section_type=&#8221;fullwidth&#8221; height_ratio=&#8221;60&#8243; padding_top_multiplier=&#8221;&#8221; padding_bottom_multiplier=&#8221;&#8221; rc_bg_type=&#8221;image&#8221; rc_bg_image=&#8221;11507&#8243; tablet_visibility=&#8221;hide&#8221; tablet_sm_visibility=&#8221;hide&#8221; mobile_visibility=&#8221;hide&#8221; mobile_height_ratio=&#8221;100&#8243;][vc_column][vc_column_text][\/vc_column_text][\/vc_column][\/vc_row][vc_row section_type=&#8221;fullwidth&#8221; padding_top_multiplier=&#8221;&#8221; padding_bottom_multiplier=&#8221;&#8221; rc_bg_type=&#8221;image&#8221; rc_bg_image=&#8221;11507&#8243; desktop_visibility=&#8221;hide&#8221; el_class=&#8221;desc_image_banner_height&#8221;][vc_column][vc_column_text][\/vc_column_text][\/vc_column][\/vc_row][vc_row rc_heading_color=&#8221;light&#8221; rc_bg_type=&#8221;color&#8221; mobile_visibility=&#8221;hide&#8221; rc_font_color=&#8221;#ffffff&#8221; rc_bg_color=&#8221;#a4d65e&#8221;][vc_column width=&#8221;1\/12&#8243;][\/vc_column][vc_column width=&#8221;5\/6&#8243; text_align=&#8221;center&#8221; css=&#8221;.vc_custom_1570590697519{margin-right: 30px !important;margin-left: 30px !important;padding-top: 10px !important;}&#8221;]<h3 class=\"eut-element eut-title eut-align-inherit eut-h3 desc_otrosservicios_titulo\" style=\"\"><span>Avantatges i garanties<\/span><\/h3>[vc_column_text el_class=&#8221;desc_otrosservicios_subtitulo&#8221; css=&#8221;.vc_custom_1571035755759{margin-top: 40px !important;}&#8221;]<\/p>\n<p style=\"text-align: center;\">A Iddink sabem que cada any, l&#8217;adquisici\u00f3 de llibres de text i altres materials necessaris comporten un proc\u00e9s pesat i econ\u00f2micament dif\u00edcil per a tots els pares.<br \/>\n\u00c9s per aix\u00f2 que col\u00b7laborem amb les fam\u00edlies i els centres escolars per facilitar l&#8217;adquisici\u00f3 i reduir l&#8217;esfor\u00e7 econ\u00f2mic per a les fam\u00edlies.<\/p>\n<p>[\/vc_column_text][\/vc_column][\/vc_row][vc_row rc_heading_color=&#8221;light&#8221; rc_bg_type=&#8221;color&#8221; desktop_visibility=&#8221;hide&#8221; tablet_visibility=&#8221;hide&#8221; tablet_sm_visibility=&#8221;hide&#8221; rc_font_color=&#8221;#ffffff&#8221; rc_bg_color=&#8221;#a4d65e&#8221;][vc_column text_align=&#8221;center&#8221; css=&#8221;.vc_custom_1570591041350{padding-top: 10px !important;padding-right: 10px !important;padding-left: 10px !important;}&#8221;]<h1 class=\"eut-element eut-title eut-align-inherit eut-h1 desc_otrosservicios_titulo_mobile\" style=\"\"><span>Avantatges i garanties<\/span><\/h1>[vc_column_text el_class=&#8221;desc_otrosservicios_subtitulo_mobile&#8221; css=&#8221;.vc_custom_1571035764185{margin-top: 40px !important;}&#8221;]<\/p>\n<p style=\"text-align: center;\">A Iddink sabem que cada any, l&#8217;adquisici\u00f3 de llibres de text i altres materials necessaris comporten un proc\u00e9s pesat i econ\u00f2micament dif\u00edcil per a tots els pares.<br \/>\n\u00c9s per aix\u00f2 que col\u00b7laborem amb les fam\u00edlies i els centres escolars per facilitar l&#8217;adquisici\u00f3 i reduir l&#8217;esfor\u00e7 econ\u00f2mic per a les fam\u00edlies.<\/p>\n<p>[\/vc_column_text][\/vc_column][\/vc_row][vc_row padding_top_multiplier=&#8221;&#8221; columns_gap=&#8221;none&#8221; mobile_visibility=&#8221;hide&#8221;][vc_column text_align=&#8221;center&#8221;]<h2 class=\"eut-element eut-title eut-align-inherit eut-h1 desc_otrosservicios_texto3\" style=\"\"><span><br>\n<p style=\"text-align: center;\"><strong>Avantatges de fer la teva compra a Iddink<\/strong><br>\n<\/span><\/h2>[\/vc_column][\/vc_row][vc_row padding_top_multiplier=&#8221;&#8221; padding_bottom_multiplier=&#8221;2x&#8221; columns_gap=&#8221;none&#8221; desktop_visibility=&#8221;hide&#8221; tablet_visibility=&#8221;hide&#8221; tablet_sm_visibility=&#8221;hide&#8221;][vc_column text_align=&#8221;center&#8221; css=&#8221;.vc_custom_1570573216319{padding-top: 10px !important;}&#8221;]<h2 class=\"eut-element eut-title eut-align-inherit eut-h1 desc_otrosservicios_texto2_mobile\" style=\"\"><span><br>\n<p style=\"text-align: left;\"><strong>Avantatges de fer la teva compra a Iddink<\/strong><br>\n<\/span><\/h2>[\/vc_column][\/vc_row][vc_row section_type=&#8221;container-width&#8221; padding_top_multiplier=&#8221;2x&#8221; padding_bottom_multiplier=&#8221;&#8221; rc_heading_color=&#8221;primary-6&#8243; columns_gap=&#8221;60&#8243; rc_font_color=&#8221;#696969&#8243;][vc_column width=&#8221;1\/3&#8243; rc_font_color=&#8221;#000000&#8243;]<div class=\"eut-element eut-box-icon eut-top-icon eut-align-center\" style=\"\"><div class=\"eut-single-icon eut-medium\"><div class=\"eut-wrapper-icon eut-no-shape eut-text-grey\" style=\"\"><i class=\"eut-inner-icon et-icon-calendar eut-text-black\"><\/i><\/div><\/div><div class=\"eut-box-content\"><h3 class=\"eut-box-title eut-h6\">Oberts tot el curs<\/h3>  <p class=\"\">Funcionem tot l&#8217;any mantenint les mateixes condicions d&#8217;estalvi<\/p><\/div><\/div>[\/vc_column][vc_column width=&#8221;1\/3&#8243; rc_font_color=&#8221;#000000&#8243;]<div class=\"eut-element eut-box-icon eut-top-icon eut-align-center\" style=\"\"><div class=\"eut-single-icon eut-medium\"><div class=\"eut-wrapper-icon eut-no-shape eut-text-grey\" style=\"\"><i class=\"eut-inner-icon mb-ahorro eut-text-black\"><\/i><\/div><\/div><div class=\"eut-box-content\"><h3 class=\"eut-box-title eut-h6\">Estalvi econ\u00f2mic i ecol\u00f2gic<\/h3>  <p class=\"\">Et beneficiar\u00e0s d&#8217;un estalvi de fins al 60% en llibres reutilitzables, estalviar\u00e0s paper i ajudar\u00e0s al medi ambient<\/p><\/div><\/div>[\/vc_column][vc_column width=&#8221;1\/3&#8243; rc_font_color=&#8221;#000000&#8243;]<div class=\"eut-element eut-box-icon eut-top-icon eut-align-center\" style=\"\"><div class=\"eut-single-icon eut-medium\"><div class=\"eut-wrapper-icon eut-no-shape eut-text-grey\" style=\"\"><i class=\"eut-inner-icon mb-check eut-text-black\"><\/i><\/div><\/div><div class=\"eut-box-content\"><h3 class=\"eut-box-title eut-h6\">Flexibilitat<\/h3>  <p class=\"\">Permet comprar a la vegada tots els materials i articles que es requereixin, amb total flexibilitat per seleccionar els que interessin o, en el cas dels llibres de text, si es volen nous o reutilitzables.<\/p><\/div><\/div>[\/vc_column][\/vc_row][vc_row section_type=&#8221;container-width&#8221; padding_top_multiplier=&#8221;2x&#8221; padding_bottom_multiplier=&#8221;2x&#8221; rc_heading_color=&#8221;primary-6&#8243; columns_gap=&#8221;60&#8243; rc_font_color=&#8221;#696969&#8243;][vc_column width=&#8221;1\/3&#8243; rc_font_color=&#8221;#000000&#8243;]<div class=\"eut-element eut-box-icon eut-top-icon eut-align-center\" style=\"\"><div class=\"eut-single-icon eut-medium\"><div class=\"eut-wrapper-icon eut-no-shape eut-text-grey\" style=\"\"><i class=\"eut-inner-icon et-icon-laptop eut-text-black\"><\/i><\/div><\/div><div class=\"eut-box-content\"><h3 class=\"eut-box-title eut-h6\">Comoditat<\/h3>  <p class=\"\">Compra des del teu domicili i rep la teva comanda on ens diguis, amb un cost redu\u00eft *. S&#8217;han acabat les cues, despla\u00e7aments i esperes!<br \/>\n(*) Estalvi de 3\u202f\u20ac en el cost de transport en comandes fetes fins al 20 de juliol.<br \/>\n<\/p><\/div><\/div>[\/vc_column][vc_column width=&#8221;1\/3&#8243; rc_font_color=&#8221;#000000&#8243;]<div class=\"eut-element eut-box-icon eut-top-icon eut-align-center\" style=\"\"><div class=\"eut-single-icon eut-medium\"><div class=\"eut-wrapper-icon eut-no-shape eut-text-grey\" style=\"\"><i class=\"eut-inner-icon mb-ayudas eut-text-black\"><\/i><\/div><\/div><div class=\"eut-box-content\"><h3 class=\"eut-box-title eut-h6\">Facilitat de pagament<\/h3>  <p class=\"\">Es pot pagar amb targeta de cr\u00e8dit, Bizum o transfer\u00e8ncia banc\u00e0ria, fraccionant els pagaments com m\u00e9s convingui.<\/p><\/div><\/div>[\/vc_column][vc_column width=&#8221;1\/3&#8243; rc_font_color=&#8221;#000000&#8243;]<div class=\"eut-element eut-box-icon eut-top-icon eut-align-center\" style=\"\"><div class=\"eut-single-icon eut-medium\"><div class=\"eut-wrapper-icon eut-no-shape eut-text-grey\" style=\"\"><i class=\"eut-inner-icon mb-transporte eut-text-black\"><\/i><\/div><\/div><div class=\"eut-box-content\"><h3 class=\"eut-box-title eut-h6\">Enviament a domicili<\/h3>  <p class=\"\">Les comandes s&#8217;envien a domicili o punts de recollida (estalvi de 3\u202f\u20ac en els costos de gesti\u00f3 i transport, si es fa la comanda abans del 20 de juliol).\n\n\n<\/p><\/div><\/div>[\/vc_column][\/vc_row][vc_row section_type=&#8221;container-width&#8221; padding_top_multiplier=&#8221;&#8221; padding_bottom_multiplier=&#8221;2x&#8221; rc_heading_color=&#8221;primary-6&#8243; columns_gap=&#8221;60&#8243; rc_font_color=&#8221;#696969&#8243;][vc_column width=&#8221;1\/3&#8243; rc_font_color=&#8221;#000000&#8243;]<div class=\"eut-element eut-box-icon eut-top-icon eut-align-center\" style=\"\"><div class=\"eut-single-icon eut-medium\"><div class=\"eut-wrapper-icon eut-no-shape eut-text-grey\" style=\"\"><i class=\"eut-inner-icon et-icon-basket eut-text-black\"><\/i><\/div><\/div><div class=\"eut-box-content\"><h3 class=\"eut-box-title eut-h6\">Facilitat de compra<\/h3>  <p class=\"\">Existeixen diversos canals per realitzar la comanda: per internet, a la nostra botiga de Pallej\u00e0 o als punts de venda que habilitem als centres.<\/p><\/div><\/div>[\/vc_column][vc_column width=&#8221;1\/3&#8243; rc_font_color=&#8221;#000000&#8243;]<div class=\"eut-element eut-box-icon eut-top-icon eut-align-center\" style=\"\"><div class=\"eut-single-icon eut-medium\"><div class=\"eut-wrapper-icon eut-no-shape eut-text-grey\" style=\"\"><i class=\"eut-inner-icon et-icon-chat eut-text-black\"><\/i><\/div><\/div><div class=\"eut-box-content\"><h3 class=\"eut-box-title eut-h6\">Atenci\u00f3 tot l'any<\/h3>  <p class=\"\">Atenem les teves consultes, dubtes, reclamacions i suggeriments durant tot l&#8217;any per dos canals diferents: Pots escriure&#8217;ns a traves del nostre formulari web enviar-nos un correu a info@iddink.es\n\n\n<\/p><\/div><\/div>[\/vc_column][vc_column width=&#8221;1\/3&#8243; rc_font_color=&#8221;#000000&#8243;]<div class=\"eut-element eut-box-icon eut-top-icon eut-align-center\" style=\"\"><div class=\"eut-single-icon eut-medium\"><div class=\"eut-wrapper-icon eut-no-shape eut-text-grey\" style=\"\"><i class=\"eut-inner-icon mb-medioambiente eut-text-black\"><\/i><\/div><\/div><div class=\"eut-box-content\"><h3 class=\"eut-box-title eut-h6\">Estalvi ecol\u00f2gic<\/h3>  <p class=\"\">La compra d&#8217;ecoBooks permet l&#8217;estalvi de molt paper, facilitant la sostenibilitat ambiental.<\/p><\/div><\/div>[\/vc_column][\/vc_row][vc_row rc_bg_type=&#8221;color&#8221; columns_gap=&#8221;none&#8221; desktop_visibility=&#8221;hide&#8221; tablet_visibility=&#8221;hide&#8221; tablet_sm_visibility=&#8221;hide&#8221; rc_bg_color=&#8221;#a4d65e&#8221;][vc_column text_align=&#8221;center&#8221;]<h2 class=\"eut-element eut-title eut-align-inherit eut-h1 desc_otrosservicios_texto3_mobile\" style=\"\"><span><br>\n<p style=\"text-align: center;\"><span style=\"color: #ffffff;\">Garanties per a les fam\u00edlies<\/span><br>\n<\/span><\/h2>[\/vc_column][\/vc_row][vc_row padding_top_multiplier=&#8221;&#8221; padding_bottom_multiplier=&#8221;2x&#8221; rc_bg_type=&#8221;color&#8221; columns_gap=&#8221;none&#8221; mobile_visibility=&#8221;hide&#8221; rc_bg_color=&#8221;#a4d65e&#8221; rc_font_color=&#8221;#ffffff&#8221;][vc_column text_align=&#8221;center&#8221;]<h2 class=\"eut-element eut-title eut-align-center eut-h1 desc_otrosservicios_texto3\" style=\"\"><span><br>\n<p style=\"text-align: center;\"><span style=\"color: #ffffff;\">Garanties per a les fam\u00edlies<\/span><br>\n<\/span><\/h2>[\/vc_column][\/vc_row][vc_row section_type=&#8221;container-width&#8221; rc_heading_color=&#8221;primary-6&#8243; columns_gap=&#8221;60&#8243; rc_font_color=&#8221;#696969&#8243;][vc_column width=&#8221;1\/3&#8243; rc_heading_color=&#8221;aqua&#8221; rc_font_color=&#8221;#000000&#8243;]<div class=\"eut-element eut-box-icon eut-top-icon eut-align-center\" style=\"\"><div class=\"eut-single-icon eut-medium\"><div class=\"eut-wrapper-icon eut-no-shape eut-text-grey\" style=\"\"><i class=\"eut-inner-icon et-icon-happy eut-text-black\"><\/i><\/div><\/div><div class=\"eut-box-content\"><h3 class=\"eut-box-title eut-h6\">Garantia de Satisfacci\u00f3<\/h3>  <p class=\"\">Si en rebre la teva comanda per qualsevol causa decideixes retornar-nos algun article, podr\u00e0s fer-ho fins al 30 de setembre o durant els 30 dies posteriors a la recepci\u00f3, i Iddink et retornar\u00e0 l&#8217;import \u00edntegre.\n\n\n<\/p><\/div><\/div>[\/vc_column][vc_column width=&#8221;1\/3&#8243; rc_heading_color=&#8221;aqua&#8221; rc_font_color=&#8221;#000000&#8243;]<div class=\"eut-element eut-box-icon eut-top-icon eut-align-center\" style=\"\"><div class=\"eut-single-icon eut-medium\"><div class=\"eut-wrapper-icon eut-no-shape eut-text-grey\" style=\"\"><i class=\"eut-inner-icon mb-ayudas eut-text-black\"><\/i><\/div><\/div><div class=\"eut-box-content\"><h3 class=\"eut-box-title eut-h6\">Garantia de qualitat<\/h3>  <p class=\"\">En Iddink revisem tots els ecoBooks, per\u00f2 si al rebre la teva comanda, creus que algun no est\u00e0 en bon estat, tens fins al 30 de setembre per notificar-ho. Ho anotarem a la teva fitxa i, quan l&#8217;alumne ens el retorni a final del curs, el retirarem.<\/p><\/div><\/div>[\/vc_column][vc_column width=&#8221;1\/3&#8243; rc_heading_color=&#8221;aqua&#8221; rc_font_color=&#8221;#000000&#8243;]<div class=\"eut-element eut-box-icon eut-top-icon eut-align-center\" style=\"\"><div class=\"eut-single-icon eut-medium\"><div class=\"eut-wrapper-icon eut-no-shape eut-text-grey\" style=\"\"><i class=\"eut-inner-icon mb-devolucion eut-text-black\"><\/i><\/div><\/div><div class=\"eut-box-content\"><h3 class=\"eut-box-title eut-h6\">Garantia d'entrega<\/h3>  <p class=\"\">Totes les comandes realitzades i pagades fins al 20 de Juliol, seran gestionades i enviades abans del 12 d&#8217;agost. A m\u00e9s, obtindr\u00e0s un estalvi de fins a 3\u20ac fent la comanda abans del 20 de Juliol<\/p><\/div><\/div>[\/vc_column][\/vc_row][vc_row section_type=&#8221;container-width&#8221; padding_top_multiplier=&#8221;&#8221; padding_bottom_multiplier=&#8221;2x&#8221; rc_heading_color=&#8221;primary-6&#8243; columns_gap=&#8221;60&#8243; rc_font_color=&#8221;#696969&#8243;][vc_column width=&#8221;1\/6&#8243; rc_heading_color=&#8221;aqua&#8221; rc_font_color=&#8221;#000000&#8243;][\/vc_column][vc_column width=&#8221;1\/3&#8243; rc_heading_color=&#8221;aqua&#8221; rc_font_color=&#8221;#000000&#8243;]<div class=\"eut-element eut-box-icon eut-top-icon eut-align-center\" style=\"\"><div class=\"eut-single-icon eut-medium\"><div class=\"eut-wrapper-icon eut-no-shape eut-text-grey\" style=\"\"><i class=\"eut-inner-icon mb-equidad eut-text-black\"><\/i><\/div><\/div><div class=\"eut-box-content\"><h3 class=\"eut-box-title eut-h6\">Garantia d'equitat<\/h3>  <p class=\"\">A Iddink garantim llibres reutilitzables en les mateixes condicions per a tots els estudiants que s&#8217;adhereixin all projecte de reutilitzaci\u00f3 dell centre docent.<\/p><\/div><\/div>[\/vc_column][vc_column width=&#8221;1\/3&#8243; rc_heading_color=&#8221;aqua&#8221; rc_font_color=&#8221;#000000&#8243;]<div class=\"eut-element eut-box-icon eut-top-icon eut-align-center\" style=\"\"><div class=\"eut-single-icon eut-medium\"><div class=\"eut-wrapper-icon eut-no-shape eut-text-grey\" style=\"\"><i class=\"eut-inner-icon mb-book_list_maker eut-text-black\"><\/i><\/div><\/div><div class=\"eut-box-content\"><h3 class=\"eut-box-title eut-h6\">Nom\u00e8s el necessari<\/h3>  <p class=\"\">Pengem al nostre web la llista de llibres, llic\u00e8ncies i materials que ens proporciona cada centre docent. Garantim que compres exactament el necessari per al curs.<\/p><\/div><\/div>[\/vc_column][\/vc_row]<\/p>\n","protected":false},"excerpt":{"rendered":"<p>[vc_row section_type=&#8221;fullwidth&#8221; height_ratio=&#8221;60&#8243; padding_top_multiplier=&#8221;&#8221; padding_bottom_multiplier=&#8221;&#8221; rc_bg_type=&#8221;image&#8221; rc_bg_image=&#8221;11507&#8243; tablet_visibility=&#8221;hide&#8221; tablet_sm_visibility=&#8221;hide&#8221; mobile_visibility=&#8221;hide&#8221; mobile_height_ratio=&#8221;100&#8243;][vc_column][vc_column_text][\/vc_column_text][\/vc_column][\/vc_row][vc_row section_type=&#8221;fullwidth&#8221; padding_top_multiplier=&#8221;&#8221; padding_bottom_multiplier=&#8221;&#8221; rc_bg_type=&#8221;image&#8221; rc_bg_image=&#8221;11507&#8243; desktop_visibility=&#8221;hide&#8221; el_class=&#8221;desc_image_banner_height&#8221;][vc_column][vc_column_text][\/vc_column_text][\/vc_column][\/vc_row][vc_row rc_heading_color=&#8221;light&#8221; rc_bg_type=&#8221;color&#8221; mobile_visibility=&#8221;hide&#8221; rc_font_color=&#8221;#ffffff&#8221; rc_bg_color=&#8221;#a4d65e&#8221;][vc_column width=&#8221;1\/12&#8243;][\/vc_column][vc_column width=&#8221;5\/6&#8243; text_align=&#8221;center&#8221; css=&#8221;.vc_custom_1570590697519{margin-right: 30px !important;margin-left: 30px !important;padding-top: 10px !important;}&#8221;][vc_column_text el_class=&#8221;desc_otrosservicios_subtitulo&#8221; css=&#8221;.vc_custom_1571035755759{margin-top: 40px !important;}&#8221;] A Iddink sabem que cada any, l&#8217;adquisici\u00f3 de llibres de text i altres materials necessaris comporten un proc\u00e9s [&hellip;]<\/p>\n","protected":false},"author":9,"featured_media":0,"parent":9633,"menu_order":0,"comment_status":"closed","ping_status":"closed","template":"","meta":{"footnotes":""},"class_list":["post-9451","page","type-page","status-publish","hentry"],"_links":{"self":[{"href":"https:\/\/spain.iddink.es\/ca\/wp-json\/wp\/v2\/pages\/9451","targetHints":{"allow":["GET"]}}],"collection":[{"href":"https:\/\/spain.iddink.es\/ca\/wp-json\/wp\/v2\/pages"}],"about":[{"href":"https:\/\/spain.iddink.es\/ca\/wp-json\/wp\/v2\/types\/page"}],"author":[{"embeddable":true,"href":"https:\/\/spain.iddink.es\/ca\/wp-json\/wp\/v2\/users\/9"}],"replies":[{"embeddable":true,"href":"https:\/\/spain.iddink.es\/ca\/wp-json\/wp\/v2\/comments?post=9451"}],"version-history":[{"count":21,"href":"https:\/\/spain.iddink.es\/ca\/wp-json\/wp\/v2\/pages\/9451\/revisions"}],"predecessor-version":[{"id":14131,"href":"https:\/\/spain.iddink.es\/ca\/wp-json\/wp\/v2\/pages\/9451\/revisions\/14131"}],"up":[{"embeddable":true,"href":"https:\/\/spain.iddink.es\/ca\/wp-json\/wp\/v2\/pages\/9633"}],"wp:attachment":[{"href":"https:\/\/spain.iddink.es\/ca\/wp-json\/wp\/v2\/media?parent=9451"}],"curies":[{"name":"wp","href":"https:\/\/api.w.org\/{rel}","templated":true}]}}