{"id":9475,"date":"2019-09-16T08:56:25","date_gmt":"2019-09-16T06:56:25","guid":{"rendered":"https:\/\/www.pre-iddink.cat\/otros-servicios-2\/"},"modified":"2025-05-14T16:32:02","modified_gmt":"2025-05-14T14:32:02","slug":"serveis-addicionals","status":"publish","type":"page","link":"https:\/\/spain.iddink.es\/ca\/families\/serveis-addicionals\/","title":{"rendered":"Serveis addicionals"},"content":{"rendered":"<p>[vc_row section_type=&#8221;fullwidth&#8221; height_ratio=&#8221;60&#8243; padding_top_multiplier=&#8221;&#8221; padding_bottom_multiplier=&#8221;&#8221; rc_bg_type=&#8221;image&#8221; rc_bg_image=&#8221;11525&#8243; tablet_visibility=&#8221;hide&#8221; tablet_sm_visibility=&#8221;hide&#8221; mobile_visibility=&#8221;hide&#8221; mobile_height_ratio=&#8221;100&#8243;][vc_column][vc_column_text][\/vc_column_text][\/vc_column][\/vc_row][vc_row section_type=&#8221;fullwidth&#8221; padding_top_multiplier=&#8221;&#8221; padding_bottom_multiplier=&#8221;&#8221; rc_bg_type=&#8221;image&#8221; rc_bg_image=&#8221;11525&#8243; desktop_visibility=&#8221;hide&#8221; el_class=&#8221;desc_image_banner_height&#8221;][vc_column][vc_column_text][\/vc_column_text][\/vc_column][\/vc_row][vc_row rc_heading_color=&#8221;light&#8221; rc_bg_type=&#8221;color&#8221; mobile_visibility=&#8221;hide&#8221; rc_font_color=&#8221;#ffffff&#8221; rc_bg_color=&#8221;#a4d65e&#8221;][vc_column width=&#8221;1\/12&#8243;][\/vc_column][vc_column width=&#8221;5\/6&#8243; text_align=&#8221;center&#8221; css=&#8221;.vc_custom_1570161166502{margin-right: 30px !important;margin-left: 30px !important;}&#8221;]<h3 class=\"eut-element eut-title eut-align-inherit eut-h3 desc_otrosservicios_titulo\" style=\"\"><span>Altres serveis<\/span><\/h3>[vc_column_text el_class=&#8221;desc_otrosservicios_subtitulo&#8221; css=&#8221;.vc_custom_1573809633696{margin-top: 20px !important;}&#8221;]<\/p>\n<p style=\"text-align: center;\">Iddink posa a disposici\u00f3 de les fam\u00edlies i alumnes altres serveis que solucionen o faciliten altres necessitats.<\/p>\n<p>[\/vc_column_text][\/vc_column][vc_column width=&#8221;1\/12&#8243;][\/vc_column][\/vc_row][vc_row rc_heading_color=&#8221;light&#8221; rc_bg_type=&#8221;color&#8221; desktop_visibility=&#8221;hide&#8221; tablet_visibility=&#8221;hide&#8221; tablet_sm_visibility=&#8221;hide&#8221; rc_font_color=&#8221;#ffffff&#8221; rc_bg_color=&#8221;#a4d65e&#8221;][vc_column text_align=&#8221;center&#8221; css=&#8221;.vc_custom_1567502451413{margin-right: 5px !important;margin-left: 5px !important;}&#8221;]<h3 class=\"eut-element eut-title eut-align-inherit eut-h3 desc_otrosservicios_titulo_mobile\" style=\"\"><span>Serveis addicionals<\/span><\/h3>[vc_column_text el_class=&#8221;desc_otrosservicios_subtitulo_mobile&#8221; css=&#8221;.vc_custom_1573809628695{margin-top: 40px !important;}&#8221;]<\/p>\n<p style=\"text-align: left;\">Iddink posa a disposici\u00f3 de les fam\u00edlies i alumnes altres serveis que solucionen o faciliten altres necessitats.<\/p>\n<p>[\/vc_column_text][\/vc_column][\/vc_row][vc_row padding_top_multiplier=&#8221;3x&#8221; padding_bottom_multiplier=&#8221;&#8221; mobile_visibility=&#8221;hide&#8221;][vc_column width=&#8221;1\/12&#8243;][\/vc_column][vc_column width=&#8221;5\/12&#8243; css=&#8221;.vc_custom_1565698930889{margin-right: 10px !important;}&#8221;]<div class=\"eut-element eut-align-inherit\" style=\"\"><div class=\"eut-single-icon eut-medium\"><div class=\"eut-wrapper-icon eut-no-shape eut-text-grey\" style=\"\"><i class=\"eut-inner-icon mb-proteccion_ecobooks eut-text-black\"><\/i><\/div><\/div><\/div>[vc_column_text css=&#8221;.vc_custom_1573809818357{margin-bottom: 20px !important;padding-top: 20px !important;padding-right: 10px !important;padding-bottom: 40px !important;}&#8221; el_class=&#8221;desc_otrosservicios_texto_detalle&#8221;]<\/p>\n<div class=\"desc_otrosservicios_texto_bloque\"><span style=\"color: #2fbfcb;\">Substituci\u00f3 d&#8217;ecoBooks<\/span><\/div>\n<div class=\"desc_otrosservicios_texto_detalle\">\n<p>El servei de substituci\u00f3 d&#8217;ecobooks nom\u00e9s es pot contractar en el moment de fer la comanda i cobreix la substituci\u00f3 (nom\u00e9s una vegada per llibre) dels ecoBooks (llibres reutilitzables) de la vostra comanda, en el per\u00edode compr\u00e8s des del moment en qu\u00e8 es reben els llibres fins a l&#8217;1 de juny de l&#8217;any seg\u00fcent per als seg\u00fcents casos: Humitats, Robatori i incendi.<\/p>\n<p><strong>Condicions de el servei:<\/strong><\/p>\n<p><span style=\"color: #1e73bc;\">o<\/span> T\u00e9 el mateix cost independentment de el nombre de ecoBooks de la comanda.<br \/>\n<span style=\"color: #1e73bc;\">o<\/span> Nom\u00e9s es pot contractar en el moment de fer la comanda.<br \/>\n<span style=\"color: #1e73bc;\">o<\/span> Cobreix la substituci\u00f3 una \u00fanica vegada per llibre.<br \/>\n<span style=\"color: #1e73bc;\">o<\/span> Permet la substituci\u00f3 des que es reben els ecoBooks fins al dia 1 de juny de l&#8217;any seg\u00fcent.<\/p>\n<\/div>\n<p>[\/vc_column_text][\/vc_column][vc_column width=&#8221;1\/12&#8243; css=&#8221;.vc_custom_1565699284819{margin-right: 5px !important;margin-left: 5px !important;}&#8221;][\/vc_column][vc_column width=&#8221;5\/12&#8243; css=&#8221;.vc_custom_1565699135436{margin-right: 10px !important;}&#8221;]<div class=\"eut-element eut-align-inherit\" style=\"\"><div class=\"eut-single-icon eut-medium\"><div class=\"eut-wrapper-icon eut-no-shape eut-text-grey\" style=\"\"><i class=\"eut-inner-icon mb-forrado_libros eut-text-black\"><\/i><\/div><\/div><\/div>[vc_column_text css=&#8221;.vc_custom_1618919348579{margin-bottom: 20px !important;padding-top: 20px !important;padding-right: 10px !important;padding-bottom: 40px !important;}&#8221; el_class=&#8221;desc_otrosservicios_texto_detalle&#8221;]<\/p>\n<div class=\"desc_otrosservicios_texto_bloque\"><span style=\"color: #2fbfcb;\">Folrat de llibres<\/span><\/div>\n<div class=\"desc_otrosservicios_texto_detalle\">\n<p>Sabem que una de les tasques m\u00e9s dures de l&#8217;inici del curs \u00e9s el folrat dels llibres. Les bombolles d&#8217;aire, els talls, el temps &#8230;<br \/>\nIddink ofereix un servei de folrat de llibres amb m\u00e0quines professionals.<\/p>\n<p><strong>Caracter\u00edstiques<\/strong>:<\/p>\n<p><span style=\"color: #1e73bc;\">o <\/span>Resistent a l&#8217;aigua per\u00f2 permeable a l&#8217;oxigen per evitar retenci\u00f3 d&#8217;humitat<br \/>\n<span style=\"color: #1e73bc;\">o <\/span>Sense olor, no t\u00f2xic<br \/>\n<span style=\"color: #1e73bc;\">o <\/span>Evita que els llibres s&#8217;enganxin entre ells<br \/>\n<span style=\"color: #1e73bc;\">o <\/span>Transparent<br \/>\n<span style=\"color: #1e73bc;\">o <\/span>Respectu\u00f3s amb el medi ambient, antibacteri\u00e0 i antiviral<\/p>\n<p>A m\u00e9s, aquest any hem incl\u00f2s un pack de folrat aut\u00f2nom que permet a les fam\u00edlies folrar els llibres des de casa.<\/p>\n<\/div>\n<p>[\/vc_column_text][\/vc_column][\/vc_row][vc_row padding_top_multiplier=&#8221;2x&#8221; padding_bottom_multiplier=&#8221;&#8221; desktop_visibility=&#8221;hide&#8221; tablet_visibility=&#8221;hide&#8221; tablet_sm_visibility=&#8221;hide&#8221;][vc_column width=&#8221;1\/12&#8243;][\/vc_column][vc_column width=&#8221;5\/12&#8243; css=&#8221;.vc_custom_1567503172766{margin-right: 10px !important;margin-left: 10px !important;}&#8221;]<div class=\"eut-element eut-align-inherit\" style=\"\"><div class=\"eut-single-icon eut-medium\"><div class=\"eut-wrapper-icon eut-no-shape eut-text-grey\" style=\"\"><i class=\"eut-inner-icon mb-proteccion_ecobooks eut-text-black\"><\/i><\/div><\/div><\/div>[vc_column_text css=&#8221;.vc_custom_1573809916233{padding-top: 20px !important;padding-right: 10px !important;padding-bottom: 20px !important;}&#8221; el_class=&#8221;desc_otrosservicios_texto_detalle&#8221;]<\/p>\n<div class=\"desc_otrosservicios_texto_bloque\"><span style=\"color: #2fbfcb;\">Substituci\u00f3 d&#8217;ecoBooks<\/span><\/div>\n<div class=\"desc_otrosservicios_texto_detalle\">\n<p>El servei de substituci\u00f3 d&#8217;ecobooks nom\u00e9s es pot contractar en el moment de fer la comanda i cobreix la substituci\u00f3 (nom\u00e9s una vegada per llibre) dels ecoBooks (llibres reutilitzables) de la vostra comanda, en el per\u00edode compr\u00e8s des del moment en qu\u00e8 es reben els llibres fins a l&#8217;1 de juny de l&#8217;any seg\u00fcent per als seg\u00fcents casos: Humitats, Robatori i incendi.<\/p>\n<p><strong>Condicions de el servei:<\/strong><\/p>\n<p><span style=\"color: #1e73bc;\">o<\/span> T\u00e9 el mateix cost independentment de el nombre de ecoBooks de la comanda.<br \/>\n<span style=\"color: #1e73bc;\">o<\/span> Nom\u00e9s es pot contractar en el moment de fer la comanda.<br \/>\n<span style=\"color: #1e73bc;\">o<\/span> Cobreix la substituci\u00f3 una \u00fanica vegada per llibre.<br \/>\n<span style=\"color: #1e73bc;\">o<\/span> Permet la substituci\u00f3 des que es reben els ecoBooks fins al dia 1 de juny de l&#8217;any seg\u00fcent.<\/p>\n<\/div>\n<p>[\/vc_column_text][\/vc_column][vc_column width=&#8221;1\/12&#8243; css=&#8221;.vc_custom_1565699284819{margin-right: 5px !important;margin-left: 5px !important;}&#8221;][\/vc_column][vc_column width=&#8221;5\/12&#8243; css=&#8221;.vc_custom_1567503304953{margin-right: 10px !important;margin-left: 10px !important;}&#8221;]<div class=\"eut-element eut-align-inherit\" style=\"\"><div class=\"eut-single-icon eut-medium\"><div class=\"eut-wrapper-icon eut-no-shape eut-text-grey\" style=\"\"><i class=\"eut-inner-icon mb-forrado_libros eut-text-black\"><\/i><\/div><\/div><\/div>[vc_column_text css=&#8221;.vc_custom_1618919337040{padding-top: 20px !important;padding-right: 10px !important;padding-bottom: 20px !important;}&#8221; el_class=&#8221;desc_otrosservicios_texto_detalle&#8221;]<\/p>\n<div class=\"desc_otrosservicios_texto_bloque\"><span style=\"color: #2fbfcb;\">Folrat de llibres<\/span><\/div>\n<div class=\"desc_otrosservicios_texto_detalle\">\n<p>Sabem que una de les tasques m\u00e9s dures de l&#8217;inici del curs \u00e9s el folrat dels llibres. Les bombolles d&#8217;aire, els talls, el temps &#8230;<br \/>\nIddink ofereix un servei de folrat de llibres amb m\u00e0quines professionals.<\/p>\n<p><strong>Caracter\u00edstiques<\/strong>:<\/p>\n<p><span style=\"color: #1e73bc;\">o <\/span>Resistent a l&#8217;aigua per\u00f2 permeable a l&#8217;oxigen per evitar retenci\u00f3 d&#8217;humitat<br \/>\n<span style=\"color: #1e73bc;\">o <\/span>Sense olor, no t\u00f2xic<br \/>\n<span style=\"color: #1e73bc;\">o <\/span>Evita que els llibres s&#8217;enganxin entre ells<br \/>\n<span style=\"color: #1e73bc;\">o <\/span>Transparent<br \/>\n<span style=\"color: #1e73bc;\">o <\/span>Respectu\u00f3s amb el medi ambient, antibacteri\u00e0 i antiviral<\/p>\n<p>A m\u00e9s, aquest any hem incl\u00f2s un pack de folrat aut\u00f2nom que permet a les fam\u00edlies folrar els llibres des de casa.<\/p>\n<\/div>\n<p>[\/vc_column_text][\/vc_column][\/vc_row][vc_row padding_bottom_multiplier=&#8221;&#8221; mobile_visibility=&#8221;hide&#8221;][vc_column width=&#8221;1\/12&#8243;][\/vc_column][vc_column width=&#8221;5\/12&#8243; css=&#8221;.vc_custom_1565698930889{margin-right: 10px !important;}&#8221;]<div class=\"eut-element eut-align-inherit\" style=\"\"><div class=\"eut-single-icon eut-medium\"><div class=\"eut-wrapper-icon eut-no-shape eut-text-grey\" style=\"\"><i class=\"eut-inner-icon et-icon-chat eut-text-black\"><\/i><\/div><\/div><\/div>[vc_column_text css=&#8221;.vc_custom_1747137749726{margin-bottom: 20px !important;padding-top: 20px !important;padding-right: 10px !important;padding-bottom: 40px !important;}&#8221; el_class=&#8221;desc_otrosservicios_texto_detalle&#8221;]<\/p>\n<div class=\"desc_otrosservicios_texto_bloque\"><span style=\"color: #2fbfcb;\">Atenci\u00f3 al client<\/span><\/div>\n<div class=\"desc_otrosservicios_texto_detalle\">\n<p>Atenci\u00f3 personalitzada en el propi centre d&#8217;ensenyament, per web, mail o a la botiga d&#8217;Iddink a Pallej\u00e0.<\/p>\n<p><span style=\"color: #1e73bc;\">o <\/span><strong>E-mail:<\/strong> enviant un correu a <span style=\"color: #1e73bc;\"><a style=\"color: #1e73bc;\" href=\"mailto:info@iddink.es\">info@iddink.es<\/a><\/span>, o de manera directa <a href=\"https:\/\/spain.iddink.es\/ca\/contacte-families\/\"><span style=\"color: #0073cf;\">Mitjan\u00e7ant el nostre formulari de contacte<\/span><\/a><br \/>\n<span style=\"color: #1e73bc;\">o <\/span><strong>Oficines:<\/strong> Avinguda de la Ribera, 11 &#8211; Pallej\u00e0, 08780 ( Barcelona)<\/p>\n<p>En molts centres escolars, a m\u00e9s, vam acudir un dia acordat amb el col\u00b7legi per atendre presencialment als estudiants i fam\u00edlies que ho desitgin.<\/p>\n<\/div>\n<p>[\/vc_column_text][\/vc_column][vc_column width=&#8221;1\/12&#8243; css=&#8221;.vc_custom_1565699284819{margin-right: 5px !important;margin-left: 5px !important;}&#8221;][\/vc_column][vc_column width=&#8221;5\/12&#8243; css=&#8221;.vc_custom_1565699135436{margin-right: 10px !important;}&#8221;]<div class=\"eut-element eut-align-inherit\" style=\"\"><div class=\"eut-single-icon eut-medium\"><div class=\"eut-wrapper-icon eut-no-shape eut-text-grey\" style=\"\"><i class=\"eut-inner-icon mb-transporte eut-text-black\"><\/i><\/div><\/div><\/div>[vc_column_text css=&#8221;.vc_custom_1627296616459{margin-bottom: 20px !important;padding-top: 20px !important;padding-right: 10px !important;padding-bottom: 40px !important;}&#8221; el_class=&#8221;desc_otrosservicios_texto_detalle&#8221;]<\/p>\n<div class=\"desc_otrosservicios_texto_bloque\"><span style=\"color: #2fbfcb;\">Transport a domicili<\/span><\/div>\n<div class=\"desc_otrosservicios_texto_detalle\">Sabem que la comoditat \u00e9s un dels valors que m\u00e9s puntuen els nostres clients. Per aix\u00f2 i per que volem que la nostra atenci\u00f3 sigui un punt de distinci\u00f3, lliurem totes les comandes a domicili els 365 dies de l&#8217;any.<\/div>\n<div class=\"desc_otrosservicios_texto_detalle\">Lliurem tots els nostres comandes mitjan\u00e7ant Correus, MRW i ASM \/ GLS.<br \/>\nNo et preocupis si no est\u00e0s al teu domicili el dia que fem el lliurament, el transportista et contactar\u00e0 abans de fer-te el lliurament per veure si et trobes al domicili i pactar\u00e0 amb tu l&#8217;horari. Si per contra el paquet t&#8217;\u00e9s lliurat per correus, guardaran la teva comanda a les seves instal\u00b7lacions perqu\u00e8 puguis acudir a buscar-lo quan millor et convingui!<\/div>\n<p>[\/vc_column_text][\/vc_column][\/vc_row][vc_row padding_top_multiplier=&#8221;2x&#8221; padding_bottom_multiplier=&#8221;&#8221; desktop_visibility=&#8221;hide&#8221; tablet_visibility=&#8221;hide&#8221; tablet_sm_visibility=&#8221;hide&#8221;][vc_column width=&#8221;1\/12&#8243; css=&#8221;.vc_custom_1567503819027{margin-right: 5px !important;margin-left: 5px !important;}&#8221;][\/vc_column][vc_column width=&#8221;5\/12&#8243; css=&#8221;.vc_custom_1567503401896{margin-right: 10px !important;margin-left: 10px !important;}&#8221;]<div class=\"eut-element eut-align-inherit\" style=\"\"><div class=\"eut-single-icon eut-medium\"><div class=\"eut-wrapper-icon eut-no-shape eut-text-grey\" style=\"\"><i class=\"eut-inner-icon et-icon-chat eut-text-black\"><\/i><\/div><\/div><\/div>[vc_column_text css=&#8221;.vc_custom_1747137757984{padding-top: 20px !important;padding-right: 10px !important;padding-bottom: 20px !important;}&#8221; el_class=&#8221;desc_otrosservicios_texto_detalle&#8221;]<\/p>\n<div class=\"desc_otrosservicios_texto_bloque\"><span style=\"color: #2fbfcb;\">Atenci\u00f3 al client<\/span><\/div>\n<div class=\"desc_otrosservicios_texto_detalle\">\n<p>Atenci\u00f3 personalitzada en el propi centre d&#8217;ensenyament, per web, mail o a la botiga d&#8217;Iddink a Pallej\u00e0.<\/p>\n<p><span style=\"color: #1e73bc;\">o <\/span><strong>E-mail:<\/strong> enviant un correu a <span style=\"color: #1e73bc;\"><a style=\"color: #1e73bc;\" href=\"mailto:info@iddink.es\">info@iddink.es<\/a><\/span>, o de manera directa <a href=\"https:\/\/spain.iddink.es\/ca\/contacte-families\/\"><span style=\"color: #0073cf;\">Mitjan\u00e7ant el nostre formulari de contacte<\/span><\/a><br \/>\n<span style=\"color: #1e73bc;\">o <\/span><strong>Oficines:<\/strong> Avinguda de la Ribera, 11 &#8211; Pallej\u00e0, 08780 ( Barcelona)<\/p>\n<p>En molts centres escolars, a m\u00e9s, vam acudir un dia acordat amb el col\u00b7legi per atendre presencialment als estudiants i fam\u00edlies que ho desitgin.<\/p>\n<\/div>\n<p>[\/vc_column_text][\/vc_column][vc_column width=&#8221;1\/12&#8243; css=&#8221;.vc_custom_1565699284819{margin-right: 5px !important;margin-left: 5px !important;}&#8221;][\/vc_column][vc_column width=&#8221;5\/12&#8243; css=&#8221;.vc_custom_1567503409421{margin-right: 10px !important;margin-left: 10px !important;}&#8221;]<div class=\"eut-element eut-align-inherit\" style=\"\"><div class=\"eut-single-icon eut-medium\"><div class=\"eut-wrapper-icon eut-no-shape eut-text-grey\" style=\"\"><i class=\"eut-inner-icon mb-transporte eut-text-black\"><\/i><\/div><\/div><\/div>[vc_column_text css=&#8221;.vc_custom_1627296626642{padding-top: 20px !important;padding-right: 10px !important;padding-bottom: 20px !important;}&#8221; el_class=&#8221;desc_otrosservicios_texto_detalle&#8221;]<\/p>\n<div class=\"desc_otrosservicios_texto_bloque\"><span style=\"color: #2fbfcb;\">Transport a domicili<\/span><\/div>\n<div class=\"desc_otrosservicios_texto_detalle\">Sabem que la comoditat \u00e9s un dels valors que m\u00e9s puntuen els nostres clients. Per aix\u00f2 i per que volem que la nostra atenci\u00f3 sigui un punt de distinci\u00f3, lliurem totes les comandes a domicili els 365 dies de l&#8217;any.<\/div>\n<div class=\"desc_otrosservicios_texto_detalle\">Lliurem tots els nostres comandes mitjan\u00e7ant Correus, MRW i ASM \/ GLS.<br \/>\nNo et preocupis si no est\u00e0s al teu domicili el dia que fem el lliurament, el transportista et contactar\u00e0 abans de fer-te el lliurament per veure si et trobes al domicili i pactar\u00e0 amb tu l&#8217;horari. Si per contra el paquet t&#8217;\u00e9s lliurat per correus, guardaran la teva comanda a les seves instal\u00b7lacions perqu\u00e8 puguis acudir a buscar-lo quan millor et convingui!<\/div>\n<p>[\/vc_column_text][\/vc_column][\/vc_row][vc_row][vc_column][vc_column_text]<\/p>\n<p>[\/vc_column_text][\/vc_column][\/vc_row]<\/p>\n","protected":false},"excerpt":{"rendered":"<p>[vc_row section_type=&#8221;fullwidth&#8221; height_ratio=&#8221;60&#8243; padding_top_multiplier=&#8221;&#8221; padding_bottom_multiplier=&#8221;&#8221; rc_bg_type=&#8221;image&#8221; rc_bg_image=&#8221;11525&#8243; tablet_visibility=&#8221;hide&#8221; tablet_sm_visibility=&#8221;hide&#8221; mobile_visibility=&#8221;hide&#8221; mobile_height_ratio=&#8221;100&#8243;][vc_column][vc_column_text][\/vc_column_text][\/vc_column][\/vc_row][vc_row section_type=&#8221;fullwidth&#8221; padding_top_multiplier=&#8221;&#8221; padding_bottom_multiplier=&#8221;&#8221; rc_bg_type=&#8221;image&#8221; rc_bg_image=&#8221;11525&#8243; desktop_visibility=&#8221;hide&#8221; el_class=&#8221;desc_image_banner_height&#8221;][vc_column][vc_column_text][\/vc_column_text][\/vc_column][\/vc_row][vc_row rc_heading_color=&#8221;light&#8221; rc_bg_type=&#8221;color&#8221; mobile_visibility=&#8221;hide&#8221; rc_font_color=&#8221;#ffffff&#8221; rc_bg_color=&#8221;#a4d65e&#8221;][vc_column width=&#8221;1\/12&#8243;][\/vc_column][vc_column width=&#8221;5\/6&#8243; text_align=&#8221;center&#8221; css=&#8221;.vc_custom_1570161166502{margin-right: 30px !important;margin-left: 30px !important;}&#8221;][vc_column_text el_class=&#8221;desc_otrosservicios_subtitulo&#8221; css=&#8221;.vc_custom_1573809633696{margin-top: 20px !important;}&#8221;] Iddink posa a disposici\u00f3 de les fam\u00edlies i alumnes altres serveis que solucionen o faciliten altres necessitats. [\/vc_column_text][\/vc_column][vc_column width=&#8221;1\/12&#8243;][\/vc_column][\/vc_row][vc_row rc_heading_color=&#8221;light&#8221; [&hellip;]<\/p>\n","protected":false},"author":9,"featured_media":0,"parent":9633,"menu_order":0,"comment_status":"closed","ping_status":"closed","template":"","meta":{"footnotes":""},"class_list":["post-9475","page","type-page","status-publish","hentry"],"_links":{"self":[{"href":"https:\/\/spain.iddink.es\/ca\/wp-json\/wp\/v2\/pages\/9475","targetHints":{"allow":["GET"]}}],"collection":[{"href":"https:\/\/spain.iddink.es\/ca\/wp-json\/wp\/v2\/pages"}],"about":[{"href":"https:\/\/spain.iddink.es\/ca\/wp-json\/wp\/v2\/types\/page"}],"author":[{"embeddable":true,"href":"https:\/\/spain.iddink.es\/ca\/wp-json\/wp\/v2\/users\/9"}],"replies":[{"embeddable":true,"href":"https:\/\/spain.iddink.es\/ca\/wp-json\/wp\/v2\/comments?post=9475"}],"version-history":[{"count":13,"href":"https:\/\/spain.iddink.es\/ca\/wp-json\/wp\/v2\/pages\/9475\/revisions"}],"predecessor-version":[{"id":14135,"href":"https:\/\/spain.iddink.es\/ca\/wp-json\/wp\/v2\/pages\/9475\/revisions\/14135"}],"up":[{"embeddable":true,"href":"https:\/\/spain.iddink.es\/ca\/wp-json\/wp\/v2\/pages\/9633"}],"wp:attachment":[{"href":"https:\/\/spain.iddink.es\/ca\/wp-json\/wp\/v2\/media?parent=9475"}],"curies":[{"name":"wp","href":"https:\/\/api.w.org\/{rel}","templated":true}]}}