{"id":9481,"date":"2019-08-05T15:06:24","date_gmt":"2019-08-05T13:06:24","guid":{"rendered":"https:\/\/www.pre-iddink.cat\/nuevo-pedido\/"},"modified":"2025-04-22T11:47:15","modified_gmt":"2025-04-22T09:47:15","slug":"nova-comanda","status":"publish","type":"page","link":"https:\/\/spain.iddink.es\/ca\/nova-comanda\/","title":{"rendered":"Nova comanda"},"content":{"rendered":"<p>[vc_row height_ratio=&#8221;50&#8243; padding_top_multiplier=&#8221;5x&#8221; padding_bottom_multiplier=&#8221;5x&#8221; rc_heading_color=&#8221;light&#8221; rc_bg_type=&#8221;image&#8221; rc_bg_image=&#8221;11219&#8243; mobile_visibility=&#8221;hide&#8221; tablet_sm_height_ratio=&#8221;70&#8243; mobile_height_ratio=&#8221;100&#8243; rc_font_color=&#8221;#ffffff&#8221;][vc_column width=&#8221;5\/6&#8243; vertical_content_position=&#8221;middle&#8221; text_align=&#8221;center&#8221;]<div class=\"eut-empty-space eut-height-3x\" style=\"\"><\/div><h1 class=\"eut-element eut-title eut-align-left eut-h1\" style=\"\"><span><br>\n<p style=\"text-align: left;\">Realitza ara la teva comanda de<br \/>\nllibres i material educatiu!<br>\n<\/span><\/h1><div class=\"eut-element eut-align-left\"><a href=\"https:\/\/www.iddink.es\/bestellen\/\" title=\"Fer una comanda\" target=\"_blank\" class=\"eut-btn eut-btn-large eut-extra-round eut-bg-white eut-bg-hover-white eut-btn-line btn-iddink--button\" rel=\"noopener\"><span>Fer una comanda<\/span><\/a><\/div>[\/vc_column][vc_column width=&#8221;1\/6&#8243;][\/vc_column][\/vc_row][vc_row padding_top_multiplier=&#8221;custom&#8221; padding_bottom_multiplier=&#8221;&#8221; rc_heading_color=&#8221;light&#8221; rc_bg_type=&#8221;image&#8221; rc_bg_image=&#8221;11219&#8243; desktop_visibility=&#8221;hide&#8221; tablet_visibility=&#8221;hide&#8221; tablet_sm_visibility=&#8221;hide&#8221; rc_font_color=&#8221;#ffffff&#8221; min_height=&#8221;320&#8243; padding_top=&#8221;10%&#8221;][vc_column vertical_content_position=&#8221;middle&#8221; full_height=&#8221;yes&#8221; text_align=&#8221;center&#8221;]<div class=\"eut-empty-space eut-height-1x\" style=\"\"><\/div><h1 class=\"eut-element eut-title eut-align-inherit eut-h2\" style=\"\"><span><br>\n<p style=\"text-align: center;\">Realitza ara la teva comanda de llibres i material educatiu!<br>\n<\/span><\/h1><div class=\"eut-element eut-align-inherit\"><a href=\"https:\/\/www.iddink.es\/bestellen\/\" title=\"Fer una comanda\" target=\"_blank\" class=\"eut-btn eut-btn-large eut-extra-round eut-bg-white eut-bg-hover-white eut-btn-line btn-iddink--button\" rel=\"noopener\"><span>Fer una comanda<\/span><\/a><\/div><div class=\"eut-empty-space eut-height-1x\" style=\"\"><\/div>[\/vc_column][\/vc_row][vc_row rc_bg_type=&#8221;color&#8221; mobile_visibility=&#8221;hide&#8221; rc_bg_color=&#8221;#f6f7fc&#8221;][vc_column text_align=&#8221;center&#8221;][vc_row_inner padding_top_multiplier=&#8221;&#8221; padding_bottom_multiplier=&#8221;&#8221; columns_gap=&#8221;40&#8243; equal_column_height=&#8221;equal&#8221; tablet_sm_columns_vertical_gap=&#8221;5&#8243; el_class=&#8221;espacio_centrar_targetas&#8221;][vc_column_inner width=&#8221;1\/12&#8243;][\/vc_column_inner][vc_column_inner width=&#8221;4\/12&#8243; content_width=&#8221;90&#8243; full_height=&#8221;yes&#8221; rc_bg_type=&#8221;color&#8221; tablet_sm_width=&#8221;1-2&#8243; css=&#8221;.vc_custom_1718188401711{padding-top: 45px !important;padding-right: 25px !important;padding-bottom: 31px !important;padding-left: 25px !important;}&#8221; rc_bg_color=&#8221;#ffffff&#8221; el_wrapper_class=&#8221;box_nuevopedido_targeta&#8221;]<h4 class=\"eut-element eut-title eut-align-center eut-h6 desc_nuevopedido_targetas_titulo\" style=\"\"><span><br>\n<p style=\"text-align: center;\"><span style=\"color: #b1b1b1;\">Fes la teva comanda per internet<\/span><br>\n<\/span><\/h4><div class=\"eut-empty-space\" style=\"height: 40px;\"><\/div><div class=\"eut-element eut-align-center espacio_auto_nuevopedido_targetas eut-fluid-button\"><a href=\"https:\/\/www.iddink.es\/bestellen\/\" target=\"_blank\" class=\"eut-btn eut-btn-medium eut-extra-round eut-bg-white eut-bg-hover-white eut-btn-line button_nuevopedido\" style=\"max-width: 300px;\" rel=\"noopener\"><span>Fer una comanda<\/span><\/a><\/div>[vc_column_text el_class=&#8221;desc_nuevopedido_targetas_bloque&#8221;]<\/p>\n<p style=\"text-align: left;\">Compra des que s&#8217;activa la llista del teu centre (normalment a finals de juny) i durant tot l&#8217;any, perqu\u00e8 Iddink ofereix el seu servei tot el curs escolar.<\/p>\n<p>[\/vc_column_text][\/vc_column_inner][vc_column_inner width=&#8221;2\/12&#8243;][\/vc_column_inner][vc_column_inner width=&#8221;4\/12&#8243; full_height=&#8221;yes&#8221; rc_bg_type=&#8221;color&#8221; tablet_sm_width=&#8221;1-2&#8243; css=&#8221;.vc_custom_1718188365372{padding-top: 45px !important;padding-right: 25px !important;padding-bottom: 45px !important;padding-left: 25px !important;}&#8221; rc_bg_color=&#8221;#ffffff&#8221; el_wrapper_class=&#8221;box_nuevopedido_targeta&#8221;]<h4 class=\"eut-element eut-title eut-align-center eut-h6 desc_nuevopedido_targetas_titulo\" style=\"\"><span><br>\n<p style=\"text-align: center;\"><span style=\"color: #b1b1b1;\">Calcula\u00a0 l&#8217;import\u00a0 de\u00a0 la\u00a0 comanda<\/span><br>\n<\/span><\/h4><div class=\"eut-empty-space\" style=\"height: 40px;\"><\/div><div class=\"eut-element eut-align-center espacio_auto_nuevopedido_targetas eut-fluid-button\"><a href=\"https:\/\/www.iddink.es\/bestellen\/\" target=\"_blank\" class=\"eut-btn eut-btn-medium eut-extra-round eut-bg-white eut-bg-hover-white eut-btn-line button_nuevopedido\" style=\"max-width: 300px;\" rel=\"noopener\"><span>Fer una simulaci\u00f3<\/span><\/a><\/div>[vc_column_text el_class=&#8221;desc_nuevopedido_targetas_bloque&#8221;]<\/p>\n<p style=\"text-align: left;\">Fes una simulaci\u00f3 per calcular l&#8217;import de la teva comanda sense necessitat de registrar-te. Si despr\u00e9s desitges comprar, haur\u00e0s de registrar-te i seleccionar de nou.<\/p>\n<p>[\/vc_column_text][\/vc_column_inner][vc_column_inner width=&#8221;1\/12&#8243;][\/vc_column_inner][\/vc_row_inner][\/vc_column][\/vc_row][vc_row padding_bottom_multiplier=&#8221;2x&#8221; rc_bg_type=&#8221;color&#8221; desktop_visibility=&#8221;hide&#8221; tablet_visibility=&#8221;hide&#8221; tablet_sm_visibility=&#8221;hide&#8221; rc_bg_color=&#8221;#f6f7fc&#8221;][vc_column text_align=&#8221;center&#8221;][vc_row_inner padding_top_multiplier=&#8221;&#8221; padding_bottom_multiplier=&#8221;&#8221; columns_gap=&#8221;40&#8243; tablet_sm_columns_vertical_gap=&#8221;5&#8243; el_class=&#8221;espacio_centrar_targetas&#8221;][vc_column_inner width=&#8221;1\/12&#8243;][\/vc_column_inner][vc_column_inner width=&#8221;4\/12&#8243; content_width=&#8221;90&#8243; full_height=&#8221;yes&#8221; rc_bg_type=&#8221;color&#8221; tablet_sm_width=&#8221;1-2&#8243; css=&#8221;.vc_custom_1627296896177{padding-top: 45px !important;padding-right: 25px !important;padding-bottom: 45px !important;padding-left: 25px !important;}&#8221; rc_bg_color=&#8221;#ffffff&#8221; el_wrapper_class=&#8221;box_nuevopedido_targeta&#8221;]<h4 class=\"eut-element eut-title eut-align-inherit eut-h6 desc_nuevopedido_targetas_titulo_mobile\" style=\"\"><span><br>\n<p style=\"text-align: center;\"><span style=\"color: #b1b1b1;\">Fer una comanda per Internet<\/span><br>\n<\/span><\/h4><div class=\"eut-empty-space\" style=\"height: 40px;\"><\/div><div class=\"eut-element eut-align-center espacio_auto_nuevopedido_targetas eut-fluid-button\"><a href=\"https:\/\/www.iddink.es\/bestellen\/\" target=\"_blank\" class=\"eut-btn eut-btn-medium eut-extra-round eut-bg-white eut-bg-hover-white eut-btn-line button_nuevopedido\" style=\"max-width: 300px;\" rel=\"noopener\"><span>Fer una comanda<\/span><\/a><\/div>[vc_column_text el_class=&#8221;desc_nuevopedido_targetas_bloque&#8221;]Compra des que s&#8217;activa la llista del teu centre (normalment a finals de juny) i durant tot l&#8217;any, perqu\u00e8 Iddink ofereix el seu servei tot el curs escolar.<\/p>\n<p>[\/vc_column_text][\/vc_column_inner][vc_column_inner width=&#8221;2\/12&#8243;][\/vc_column_inner][vc_column_inner width=&#8221;4\/12&#8243; content_width=&#8221;90&#8243; full_height=&#8221;yes&#8221; rc_bg_type=&#8221;color&#8221; tablet_sm_width=&#8221;1-2&#8243; css=&#8221;.vc_custom_1627296931981{padding-top: 45px !important;padding-right: 25px !important;padding-bottom: 45px !important;padding-left: 25px !important;}&#8221; rc_bg_color=&#8221;#ffffff&#8221; el_wrapper_class=&#8221;box_nuevopedido_targeta&#8221;]<h4 class=\"eut-element eut-title eut-align-inherit eut-h6 desc_nuevopedido_targetas_titulo_mobile\" style=\"\"><span><br>\n<p style=\"text-align: center;\"><span style=\"color: #b1b1b1;\">Calcula l&#8217;import de la comanda<\/span><br>\n<\/span><\/h4><div class=\"eut-empty-space\" style=\"height: 40px;\"><\/div><div class=\"eut-element eut-align-center espacio_auto_nuevopedido_targetas eut-fluid-button\"><a href=\"https:\/\/www.iddink.es\/bestellen\/\" target=\"_blank\" class=\"eut-btn eut-btn-medium eut-extra-round eut-bg-white eut-bg-hover-white eut-btn-line button_nuevopedido\" style=\"max-width: 300px;\" rel=\"noopener\"><span>Fer una simulaci\u00f3<\/span><\/a><\/div>[vc_column_text el_class=&#8221;desc_nuevopedido_targetas_bloque&#8221;]Fes una simulaci\u00f3 per calcular l&#8217;import de la teva comanda sense necessitat de registrar-te. Si despr\u00e9s desitges comprar, haur\u00e0s de registrar-te i seleccionar de nou.[\/vc_column_text][\/vc_column_inner][vc_column_inner width=&#8221;1\/12&#8243;][\/vc_column_inner][\/vc_row_inner][\/vc_column][\/vc_row][vc_row mobile_visibility=&#8221;hide&#8221;][vc_column content_width=&#8221;60&#8243; horizontal_content_position=&#8221;center&#8221; text_align=&#8221;center&#8221;][vc_column_text el_class=&#8221;desc_nuevopedido_post_titulo&#8221;]Beneficis de fer la teva comanda abans del 21 de juliol[\/vc_column_text][vc_row_inner][vc_column_inner width=&#8221;1\/6&#8243; css=&#8221;.vc_custom_1565170052286{margin-left: 40px !important;}&#8221;][\/vc_column_inner][vc_column_inner width=&#8221;4\/6&#8243;]<div class=\"eut-element eut-box-icon eut-side-icon eut-align-left desc_nuevopedido_beneficios_item\" style=\"\"><div class=\"eut-single-icon eut-small\"><div class=\"eut-wrapper-icon eut-no-shape eut-text-grey\" style=\"\"><i class=\"eut-inner-icon smp-icon-check eut-text-primary-2\"><\/i><\/div><\/div><div class=\"eut-box-content\">  <p class=\"\">Garantia de rebre la teva comanda abans de l&#8217;inici del curs<\/p><\/div><\/div><div class=\"eut-element eut-box-icon eut-side-icon eut-align-left desc_nuevopedido_beneficios_item\" style=\"\"><div class=\"eut-single-icon eut-small\"><div class=\"eut-wrapper-icon eut-no-shape eut-text-grey\" style=\"\"><i class=\"eut-inner-icon smp-icon-check eut-text-primary-2\"><\/i><\/div><\/div><div class=\"eut-box-content\">  <p class=\"\">Enviament a domicili amb preu redu\u00eft<\/p><\/div><\/div><div class=\"eut-element eut-box-icon eut-side-icon eut-align-left desc_nuevopedido_beneficios_item\" style=\"\"><div class=\"eut-single-icon eut-small\"><div class=\"eut-wrapper-icon eut-no-shape eut-text-grey\" style=\"\"><i class=\"eut-inner-icon smp-icon-check eut-text-primary-2\"><\/i><\/div><\/div><div class=\"eut-box-content\">  <p class=\"\">Devoluci\u00f3 gratu\u00efta (fins el 30 de setembre)<\/p><\/div><\/div>[\/vc_column_inner][vc_column_inner width=&#8221;1\/6&#8243;][\/vc_column_inner][\/vc_row_inner][\/vc_column][\/vc_row][vc_row desktop_visibility=&#8221;hide&#8221; tablet_visibility=&#8221;hide&#8221; tablet_sm_visibility=&#8221;hide&#8221;][vc_column text_align=&#8221;center&#8221;][vc_column_text el_class=&#8221;desc_nuevopedido_post_titulo&#8221;]Beneficis de fer la teva comanda abans del 20 de juliol[\/vc_column_text][vc_row_inner][vc_column_inner width=&#8221;11\/12&#8243; css=&#8221;.vc_custom_1567509033302{margin-left: 20px !important;}&#8221;]<div class=\"eut-element eut-box-icon eut-side-icon eut-align-left desc_nuevopedido_beneficios_item\" style=\"\"><div class=\"eut-single-icon eut-small\"><div class=\"eut-wrapper-icon eut-no-shape eut-text-grey\" style=\"\"><i class=\"eut-inner-icon smp-icon-check eut-text-primary-2\"><\/i><\/div><\/div><div class=\"eut-box-content\">  <p class=\"\">Garantia de rebre la teva comanda abans de l&#8217;inici del curs<\/p><\/div><\/div><div class=\"eut-element eut-box-icon eut-side-icon eut-align-left desc_nuevopedido_beneficios_item\" style=\"\"><div class=\"eut-single-icon eut-small\"><div class=\"eut-wrapper-icon eut-no-shape eut-text-grey\" style=\"\"><i class=\"eut-inner-icon smp-icon-check eut-text-primary-2\"><\/i><\/div><\/div><div class=\"eut-box-content\">  <p class=\"\">Enviament a domicili amb preu redu\u00eft<\/p><\/div><\/div><div class=\"eut-element eut-box-icon eut-side-icon eut-align-left desc_nuevopedido_beneficios_item\" style=\"\"><div class=\"eut-single-icon eut-small\"><div class=\"eut-wrapper-icon eut-no-shape eut-text-grey\" style=\"\"><i class=\"eut-inner-icon smp-icon-check eut-text-primary-2\"><\/i><\/div><\/div><div class=\"eut-box-content\">  <p class=\"\">Devoluci\u00f3 gratu\u00efta (fins el 30 de setembre)<\/p><\/div><\/div>[\/vc_column_inner][\/vc_row_inner][\/vc_column][\/vc_row]<\/p>\n","protected":false},"excerpt":{"rendered":"<p>[vc_row height_ratio=&#8221;50&#8243; padding_top_multiplier=&#8221;5x&#8221; padding_bottom_multiplier=&#8221;5x&#8221; rc_heading_color=&#8221;light&#8221; rc_bg_type=&#8221;image&#8221; rc_bg_image=&#8221;11219&#8243; mobile_visibility=&#8221;hide&#8221; tablet_sm_height_ratio=&#8221;70&#8243; mobile_height_ratio=&#8221;100&#8243; rc_font_color=&#8221;#ffffff&#8221;][vc_column width=&#8221;5\/6&#8243; vertical_content_position=&#8221;middle&#8221; text_align=&#8221;center&#8221;][\/vc_column][vc_column width=&#8221;1\/6&#8243;][\/vc_column][\/vc_row][vc_row padding_top_multiplier=&#8221;custom&#8221; padding_bottom_multiplier=&#8221;&#8221; rc_heading_color=&#8221;light&#8221; rc_bg_type=&#8221;image&#8221; rc_bg_image=&#8221;11219&#8243; desktop_visibility=&#8221;hide&#8221; tablet_visibility=&#8221;hide&#8221; tablet_sm_visibility=&#8221;hide&#8221; rc_font_color=&#8221;#ffffff&#8221; min_height=&#8221;320&#8243; padding_top=&#8221;10%&#8221;][vc_column vertical_content_position=&#8221;middle&#8221; full_height=&#8221;yes&#8221; text_align=&#8221;center&#8221;][\/vc_column][\/vc_row][vc_row rc_bg_type=&#8221;color&#8221; mobile_visibility=&#8221;hide&#8221; rc_bg_color=&#8221;#f6f7fc&#8221;][vc_column text_align=&#8221;center&#8221;][vc_row_inner padding_top_multiplier=&#8221;&#8221; padding_bottom_multiplier=&#8221;&#8221; columns_gap=&#8221;40&#8243; equal_column_height=&#8221;equal&#8221; tablet_sm_columns_vertical_gap=&#8221;5&#8243; el_class=&#8221;espacio_centrar_targetas&#8221;][vc_column_inner width=&#8221;1\/12&#8243;][\/vc_column_inner][vc_column_inner width=&#8221;4\/12&#8243; content_width=&#8221;90&#8243; full_height=&#8221;yes&#8221; rc_bg_type=&#8221;color&#8221; tablet_sm_width=&#8221;1-2&#8243; css=&#8221;.vc_custom_1718188401711{padding-top: 45px !important;padding-right: 25px !important;padding-bottom: 31px !important;padding-left: 25px !important;}&#8221; rc_bg_color=&#8221;#ffffff&#8221; [&hellip;]<\/p>\n","protected":false},"author":9,"featured_media":0,"parent":0,"menu_order":0,"comment_status":"closed","ping_status":"closed","template":"","meta":{"footnotes":""},"class_list":["post-9481","page","type-page","status-publish","hentry"],"_links":{"self":[{"href":"https:\/\/spain.iddink.es\/ca\/wp-json\/wp\/v2\/pages\/9481","targetHints":{"allow":["GET"]}}],"collection":[{"href":"https:\/\/spain.iddink.es\/ca\/wp-json\/wp\/v2\/pages"}],"about":[{"href":"https:\/\/spain.iddink.es\/ca\/wp-json\/wp\/v2\/types\/page"}],"author":[{"embeddable":true,"href":"https:\/\/spain.iddink.es\/ca\/wp-json\/wp\/v2\/users\/9"}],"replies":[{"embeddable":true,"href":"https:\/\/spain.iddink.es\/ca\/wp-json\/wp\/v2\/comments?post=9481"}],"version-history":[{"count":52,"href":"https:\/\/spain.iddink.es\/ca\/wp-json\/wp\/v2\/pages\/9481\/revisions"}],"predecessor-version":[{"id":14082,"href":"https:\/\/spain.iddink.es\/ca\/wp-json\/wp\/v2\/pages\/9481\/revisions\/14082"}],"wp:attachment":[{"href":"https:\/\/spain.iddink.es\/ca\/wp-json\/wp\/v2\/media?parent=9481"}],"curies":[{"name":"wp","href":"https:\/\/api.w.org\/{rel}","templated":true}]}}