{"id":9486,"date":"2019-09-13T13:32:33","date_gmt":"2019-09-13T11:32:33","guid":{"rendered":"https:\/\/www.pre-iddink.cat\/area-privada-2\/"},"modified":"2023-07-05T12:04:10","modified_gmt":"2023-07-05T10:04:10","slug":"el-meu-compte","status":"publish","type":"page","link":"https:\/\/spain.iddink.es\/ca\/families\/el-meu-compte\/","title":{"rendered":"El meu compte"},"content":{"rendered":"<p>[vc_row padding_top_multiplier=&#8221;6x&#8221; padding_bottom_multiplier=&#8221;6x&#8221; rc_heading_color=&#8221;light&#8221; rc_bg_type=&#8221;image&#8221; rc_bg_image=&#8221;8534&#8243; rc_bg_image_size=&#8221;responsive&#8221; mobile_visibility=&#8221;hide&#8221; rc_font_color=&#8221;#ffffff&#8221;][vc_column tablet_sm_width=&#8221;hide&#8221; mobile_width=&#8221;hide&#8221;][vc_column_text el_class=&#8221;desc_areaprivada_titulo_azul&#8221;]<strong>Fes la teva comanda<br \/>\nde material educatiu<\/strong>[\/vc_column_text]<div class=\"eut-empty-space eut-height-4x\" style=\"\"><\/div><div class=\"eut-element eut-align-inherit espacio_auto_areaprivada_targetas eut-fluid-button\"><a href=\"https:\/\/www.iddink.es\/bestellen\/\" target=\"_blank\" class=\"eut-btn eut-btn-small eut-extra-round eut-bg-primary-2 eut-bg-hover-black btn-iddink\" style=\"max-width: 150px;\" rel=\"noopener\"><span>Fes la teva comanda<\/span><\/a><\/div>[\/vc_column][\/vc_row][vc_row padding_top_multiplier=&#8221;6x&#8221; padding_bottom_multiplier=&#8221;6x&#8221; rc_heading_color=&#8221;light&#8221; rc_bg_type=&#8221;image&#8221; rc_bg_image=&#8221;6643&#8243; desktop_visibility=&#8221;hide&#8221; tablet_visibility=&#8221;hide&#8221; tablet_sm_visibility=&#8221;hide&#8221; rc_font_color=&#8221;#ffffff&#8221;][vc_column]<div class=\"eut-empty-space eut-height-1x\" style=\"\"><\/div>[\/vc_column][\/vc_row][vc_row desktop_visibility=&#8221;hide&#8221; tablet_visibility=&#8221;hide&#8221;][vc_column css=&#8221;.vc_custom_1567506538407{margin-top: 20px !important;margin-bottom: 0px !important;}&#8221;][vc_column_text el_class=&#8221;desc_areaprivada_titulo_azul_mobile&#8221; css=&#8221;.vc_custom_1592576144266{margin-bottom: 20px !important;}&#8221;]<\/p>\n<p style=\"text-align: center;\"><strong>Fes la teva comanda de material educatiu<\/strong><\/p>\n<div id=\"simple-translate\">\n<div>\n<div class=\"simple-translate-button \" style=\"height: 22px; width: 22px; top: 10px; left: 10px;\"><\/div>\n<div class=\"simple-translate-panel \" style=\"width: 300px; height: 200px; top: 0px; left: 0px; font-size: 13px; background-color: #ffffff;\">\n<div class=\"simple-translate-result-wrapper\" style=\"overflow: hidden;\">\n<p class=\"simple-translate-candidate\" style=\"color: #737373;\">\n<\/div>\n<\/div>\n<\/div>\n<\/div>\n<p>[\/vc_column_text][vc_column_text el_class=&#8221;desc_areaprivada_subtitulo_mobile&#8221; css=&#8221;.vc_custom_1571040373208{margin-right: 10px !important;margin-left: 10px !important;}&#8221;]<\/p>\n<p style=\"text-align: left;\">Entrant amb el teu usuari i contrasenya accedir\u00e0s a la documentaci\u00f3 i informaci\u00f3 relacionada amb els serveis proporcionats per Iddink<\/p>\n<p>[\/vc_column_text]<div class=\"eut-empty-space eut-height-4x\" style=\"\"><\/div><div class=\"eut-element eut-align-inherit espacio_auto_areaprivada_targetas eut-fluid-button\"><a href=\"https:\/\/www.iddink.es\/bestellen\/\" target=\"_blank\" class=\"eut-btn eut-btn-small eut-extra-round eut-bg-primary-2 eut-bg-hover-black btn-iddink\" style=\"max-width: 150px;\" rel=\"noopener\"><span>Fes la teva comanda<\/span><\/a><\/div>[\/vc_column][\/vc_row][vc_row padding_top_multiplier=&#8221;2x&#8221; padding_bottom_multiplier=&#8221;3x&#8221; rc_bg_type=&#8221;color&#8221; min_height=&#8221;600&#8243; rc_bg_color=&#8221;#f5f6f7&#8243;][vc_column vertical_content_position=&#8221;middle&#8221;][vc_row_inner padding_top_multiplier=&#8221;&#8221; padding_bottom_multiplier=&#8221;&#8221; columns_gap=&#8221;5&#8243; mobile_visibility=&#8221;hide&#8221; tablet_sm_columns_vertical_gap=&#8221;5&#8243;][vc_column_inner width=&#8221;1\/3&#8243; full_height=&#8221;yes&#8221; rc_bg_type=&#8221;color&#8221; tablet_sm_width=&#8221;1-2&#8243; css=&#8221;.vc_custom_1564329962069{padding-top: 45px !important;padding-right: 45px !important;padding-bottom: 45px !important;padding-left: 45px !important;}&#8221; rc_bg_color=&#8221;#ffffff&#8221; el_wrapper_class=&#8221;box_areaprivada_targeta&#8221;]<h4 class=\"eut-element eut-title eut-align-inherit eut-h6 desc_areaprivada_targetas_titulo\" style=\"\"><span><strong>Les meves comandes i factures<\/strong><\/span><\/h4>[vc_column_text el_class=&#8221;desc_areaprivada_targetas_bloque&#8221;]Podr\u00e0s veure l&#8217;estat de les comandes realitzades a Iddink, aix\u00ed com les factures i albarans.[\/vc_column_text]<div class=\"eut-empty-space\" style=\"height: 50px;\"><\/div><div class=\"eut-element eut-align-inherit espacio_auto_areaprivada_targetas eut-fluid-button\"><a href=\"https:\/\/www.iddink.cat\/klantenservice\/?taalISO=cat\" title=\"Les meves comandes i factures\" target=\"_blank\" class=\"eut-btn eut-btn-small eut-extra-round eut-bg-primary-2 eut-bg-hover-black btn-iddink\" style=\"max-width: 150px;\" rel=\"noopener\"><span>Accedir<\/span><\/a><\/div>[\/vc_column_inner][vc_column_inner width=&#8221;1\/3&#8243; full_height=&#8221;yes&#8221; rc_bg_type=&#8221;color&#8221; tablet_sm_width=&#8221;1-2&#8243; css=&#8221;.vc_custom_1564330009003{padding-top: 45px !important;padding-right: 45px !important;padding-bottom: 45px !important;padding-left: 45px !important;}&#8221; rc_bg_color=&#8221;#ffffff&#8221; el_wrapper_class=&#8221;box_areaprivada_targeta&#8221;]<h4 class=\"eut-element eut-title eut-align-inherit eut-h6 desc_areaprivada_targetas_titulo\" style=\"\"><span><strong>Les meves comunicacions amb Iddink<\/strong><\/span><\/h4>[vc_column_text el_class=&#8221;desc_areaprivada_targetas_bloque&#8221;]Des d&#8217;aqu\u00ed podr\u00e0s accedir a les teves\u00a0 comunicacions amb Iddink[\/vc_column_text]<div class=\"eut-empty-space espacio_auto_areaprivada_targetas\" style=\"height: 50px;\"><\/div><div class=\"eut-element eut-align-inherit espacio_auto_areaprivada_targetas eut-fluid-button\"><a href=\"https:\/\/www.iddink.cat\/klantenservice\/?pagina=inbox&#038;subApp=inboxSubApp\" title=\"Mis comunicaciones\" target=\"_blank\" class=\"eut-btn eut-btn-small eut-extra-round eut-bg-primary-2 eut-bg-hover-black btn-iddink\" style=\"max-width: 150px;\" rel=\"noopener\"><span>Accedir<\/span><\/a><\/div>[\/vc_column_inner][vc_column_inner width=&#8221;1\/3&#8243; full_height=&#8221;yes&#8221; rc_bg_type=&#8221;color&#8221; tablet_sm_width=&#8221;1-2&#8243; css=&#8221;.vc_custom_1564330014961{padding-top: 45px !important;padding-right: 45px !important;padding-bottom: 45px !important;padding-left: 45px !important;}&#8221; rc_bg_color=&#8221;#ffffff&#8221; el_wrapper_class=&#8221;box_areaprivada_targeta&#8221;]<h4 class=\"eut-element eut-title eut-align-inherit eut-h6 desc_areaprivada_targetas_titulo\" style=\"\"><span><strong>Notificar una incid\u00e8ncia<\/strong><\/span><\/h4>[vc_column_text el_class=&#8221;desc_areaprivada_targetas_bloque&#8221;]En aquesta secci\u00f3 podr\u00e0s notificar qualsevol incid\u00e8ncia de les teves comandes[\/vc_column_text]<div class=\"eut-empty-space\" style=\"height: 50px;\"><\/div><div class=\"eut-element eut-align-inherit espacio_auto_areaprivada_targetas eut-fluid-button\"><a href=\"https:\/\/spain.iddink.es\/ca\/contacte-families\/\" title=\"Notificar Incid\u00e8ncia\" target=\"_blank\" class=\"eut-btn eut-btn-small eut-extra-round eut-bg-primary-2 eut-bg-hover-black btn-iddink\" style=\"max-width: 150px;\"><span>Accedir<\/span><\/a><\/div>[\/vc_column_inner][\/vc_row_inner]<div class=\"eut-empty-space\" style=\"height: 5px;\"><\/div>[vc_row_inner padding_top_multiplier=&#8221;&#8221; padding_bottom_multiplier=&#8221;&#8221; columns_gap=&#8221;5&#8243; mobile_visibility=&#8221;hide&#8221; tablet_sm_columns_vertical_gap=&#8221;5&#8243;][vc_column_inner width=&#8221;1\/3&#8243; full_height=&#8221;yes&#8221; rc_bg_type=&#8221;color&#8221; tablet_sm_width=&#8221;1-2&#8243; css=&#8221;.vc_custom_1564329962069{padding-top: 45px !important;padding-right: 45px !important;padding-bottom: 45px !important;padding-left: 45px !important;}&#8221; rc_bg_color=&#8221;#ffffff&#8221; el_wrapper_class=&#8221;box_areaprivada_targeta&#8221;]<h4 class=\"eut-element eut-title eut-align-inherit eut-h6 desc_areaprivada_targetas_titulo\" style=\"\"><span><strong>Modificar les meves dades personals<\/strong><\/span><\/h4>[vc_column_text el_class=&#8221;desc_areaprivada_targetas_bloque&#8221;]Entrant en aquesta \u00e0rea podr\u00e0s modificar les teves dades de contacte, l&#8217;adre\u00e7a de lliurament, mail, etc.[\/vc_column_text]<div class=\"eut-empty-space\" style=\"height: 50px;\"><\/div><div class=\"eut-element eut-align-inherit espacio_auto_areaprivada_targetas eut-fluid-button\"><a href=\"https:\/\/www.iddink.cat\/klantenservice\/?pagina=gegevens&#038;subApp=klantGegevensSubApp\" title=\"Mis datos personales\" target=\"_blank\" class=\"eut-btn eut-btn-small eut-extra-round eut-bg-primary-2 eut-bg-hover-black btn-iddink\" style=\"max-width: 150px;\" rel=\"noopener\"><span>Accedir<\/span><\/a><\/div>[\/vc_column_inner][vc_column_inner width=&#8221;1\/3&#8243; full_height=&#8221;yes&#8221; rc_bg_type=&#8221;color&#8221; tablet_sm_width=&#8221;1-2&#8243; css=&#8221;.vc_custom_1564330009003{padding-top: 45px !important;padding-right: 45px !important;padding-bottom: 45px !important;padding-left: 45px !important;}&#8221; rc_bg_color=&#8221;#ffffff&#8221; el_wrapper_class=&#8221;box_areaprivada_targeta&#8221;]<h4 class=\"eut-element eut-title eut-align-inherit eut-h6 desc_areaprivada_targetas_titulo\" style=\"\"><span><strong>Modificar una comanda<\/strong><\/span><\/h4>[vc_column_text el_class=&#8221;desc_areaprivada_targetas_bloque&#8221;]Des d&#8217;aqu\u00ed podr\u00e0s modificar qualsevol comanda en curs que encara no hagi sortit del nostre magatzem.[\/vc_column_text]<div class=\"eut-empty-space espacio_auto_areaprivada_targetas\" style=\"height: 50px;\"><\/div><div class=\"eut-element eut-align-inherit espacio_auto_areaprivada_targetas eut-fluid-button\"><a href=\"https:\/\/www.iddink.cat\/klantenservice\/?pagina=bestelling&#038;subApp=bestellingSubApp\" title=\"Modificar pedido\" target=\"_blank\" class=\"eut-btn eut-btn-small eut-extra-round eut-bg-primary-2 eut-bg-hover-black btn-iddink\" style=\"max-width: 150px;\" rel=\"noopener\"><span>Accedir<\/span><\/a><\/div>[\/vc_column_inner][vc_column_inner width=&#8221;1\/3&#8243; full_height=&#8221;yes&#8221; rc_bg_type=&#8221;color&#8221; tablet_sm_width=&#8221;1-2&#8243; css=&#8221;.vc_custom_1564330014961{padding-top: 45px !important;padding-right: 45px !important;padding-bottom: 45px !important;padding-left: 45px !important;}&#8221; rc_bg_color=&#8221;#ffffff&#8221; el_wrapper_class=&#8221;box_areaprivada_targeta&#8221;]<h4 class=\"eut-element eut-title eut-align-inherit eut-h6 desc_areaprivada_targetas_titulo\" style=\"\"><span><strong>Devoluci\u00f3 d&#8217;ecoBooks<\/strong><\/span><\/h4>[vc_column_text el_class=&#8221;desc_areaprivada_targetas_bloque&#8221;]A aquesta secci\u00f3 podr\u00e0s veure l&#8217;estat de la devoluci\u00f3 de les teves ecoBooks[\/vc_column_text]<div class=\"eut-empty-space\" style=\"height: 50px;\"><\/div><div class=\"eut-element eut-align-inherit espacio_auto_areaprivada_targetas eut-fluid-button\"><a href=\"https:\/\/www.iddink.cat\/klantenservice\/?pagina=inlevering&#038;subApp=inleveringSubApp\" title=\"Devolucion ecobooks\" target=\"_blank\" class=\"eut-btn eut-btn-small eut-extra-round eut-bg-primary-2 eut-bg-hover-black btn-iddink\" style=\"max-width: 150px;\" rel=\"noopener\"><span>Accedir<\/span><\/a><\/div>[\/vc_column_inner][\/vc_row_inner][vc_row_inner padding_top_multiplier=&#8221;&#8221; padding_bottom_multiplier=&#8221;&#8221; columns_gap=&#8221;5&#8243; desktop_visibility=&#8221;hide&#8221; tablet_visibility=&#8221;hide&#8221; tablet_sm_visibility=&#8221;hide&#8221; tablet_sm_columns_vertical_gap=&#8221;5&#8243;][vc_column_inner width=&#8221;1\/3&#8243; full_height=&#8221;yes&#8221; rc_bg_type=&#8221;color&#8221; tablet_sm_width=&#8221;1-2&#8243; css=&#8221;.vc_custom_1564329962069{padding-top: 45px !important;padding-right: 45px !important;padding-bottom: 45px !important;padding-left: 45px !important;}&#8221; rc_bg_color=&#8221;#ffffff&#8221; el_wrapper_class=&#8221;box_areaprivada_targeta&#8221;]<h4 class=\"eut-element eut-title eut-align-inherit eut-h6 desc_areaprivada_targetas_titulo\" style=\"\"><span><strong>Les meves comandes i factures<\/strong><\/span><\/h4>[vc_column_text el_class=&#8221;desc_areaprivada_targetas_bloque_mobile&#8221;]Podr\u00e0s veure l&#8217;estat de les comandes realitzades a Iddink, aix\u00ed com les factures i albarans.[\/vc_column_text]<div class=\"eut-empty-space\" style=\"height: 50px;\"><\/div><div class=\"eut-element eut-align-inherit espacio_auto_areaprivada_targetas eut-fluid-button\"><a href=\"https:\/\/www.iddink.cat\/klantenservice\/?taalISO=cat\" target=\"_blank\" class=\"eut-btn eut-btn-small eut-extra-round eut-bg-primary-2 eut-bg-hover-black btn-iddink\" style=\"max-width: 150px;\" rel=\"noopener\"><span>Accedir<\/span><\/a><\/div>[\/vc_column_inner][vc_column_inner width=&#8221;1\/3&#8243; full_height=&#8221;yes&#8221; rc_bg_type=&#8221;color&#8221; tablet_sm_width=&#8221;1-2&#8243; css=&#8221;.vc_custom_1564330009003{padding-top: 45px !important;padding-right: 45px !important;padding-bottom: 45px !important;padding-left: 45px !important;}&#8221; rc_bg_color=&#8221;#ffffff&#8221; el_wrapper_class=&#8221;box_areaprivada_targeta&#8221;]<h4 class=\"eut-element eut-title eut-align-inherit eut-h6 desc_areaprivada_targetas_titulo\" style=\"\"><span><strong>Les meves comunicacions amb Iddink<\/strong><\/span><\/h4>[vc_column_text el_class=&#8221;desc_areaprivada_targetas_bloque_mobile&#8221;]Des d&#8217;aqu\u00ed podr\u00e0s accedir a les teves\u00a0 comunicacions amb Iddink[\/vc_column_text]<div class=\"eut-empty-space espacio_auto_areaprivada_targetas\" style=\"height: 50px;\"><\/div><div class=\"eut-element eut-align-inherit espacio_auto_areaprivada_targetas eut-fluid-button\"><a href=\"https:\/\/www.iddink.cat\/klantenservice\/?pagina=inbox&#038;subApp=inboxSubApp\" title=\"Mis comunicaciones\" target=\"_blank\" class=\"eut-btn eut-btn-small eut-extra-round eut-bg-primary-2 eut-bg-hover-black btn-iddink\" style=\"max-width: 150px;\" rel=\"noopener\"><span>Accedir<\/span><\/a><\/div>[\/vc_column_inner][vc_column_inner width=&#8221;1\/3&#8243; full_height=&#8221;yes&#8221; rc_bg_type=&#8221;color&#8221; tablet_sm_width=&#8221;1-2&#8243; css=&#8221;.vc_custom_1564330014961{padding-top: 45px !important;padding-right: 45px !important;padding-bottom: 45px !important;padding-left: 45px !important;}&#8221; rc_bg_color=&#8221;#ffffff&#8221; el_wrapper_class=&#8221;box_areaprivada_targeta&#8221;]<h4 class=\"eut-element eut-title eut-align-inherit eut-h6 desc_areaprivada_targetas_titulo_mobile\" style=\"\"><span><strong>Notificar una incid\u00e8ncia<\/strong><\/span><\/h4>[vc_column_text el_class=&#8221;desc_areaprivada_targetas_bloque_mobile&#8221;]<br \/>\nEn aquesta secci\u00f3 podr\u00e0s notificar qualsevol incid\u00e8ncia de les teves comandes[\/vc_column_text]<div class=\"eut-empty-space\" style=\"height: 50px;\"><\/div><div class=\"eut-element eut-align-inherit espacio_auto_areaprivada_targetas eut-fluid-button\"><a href=\"https:\/\/spain.iddink.es\/ca\/contacte-families\/\" title=\"notificar incidencia\" target=\"_blank\" class=\"eut-btn eut-btn-small eut-extra-round eut-bg-primary-2 eut-bg-hover-black btn-iddink\" style=\"max-width: 150px;\"><span>Accedir<\/span><\/a><\/div>[\/vc_column_inner][\/vc_row_inner]<div class=\"eut-empty-space\" style=\"height: 5px;\"><\/div>[vc_row_inner padding_top_multiplier=&#8221;&#8221; padding_bottom_multiplier=&#8221;&#8221; columns_gap=&#8221;5&#8243; desktop_visibility=&#8221;hide&#8221; tablet_visibility=&#8221;hide&#8221; tablet_sm_visibility=&#8221;hide&#8221; tablet_sm_columns_vertical_gap=&#8221;5&#8243;][vc_column_inner width=&#8221;1\/3&#8243; full_height=&#8221;yes&#8221; rc_bg_type=&#8221;color&#8221; tablet_sm_width=&#8221;1-2&#8243; css=&#8221;.vc_custom_1564329962069{padding-top: 45px !important;padding-right: 45px !important;padding-bottom: 45px !important;padding-left: 45px !important;}&#8221; rc_bg_color=&#8221;#ffffff&#8221; el_wrapper_class=&#8221;box_areaprivada_targeta&#8221;]<h4 class=\"eut-element eut-title eut-align-inherit eut-h6 desc_areaprivada_targetas_titulo_mobile\" style=\"\"><span><strong>Modificar les meves dades personals<\/strong><\/span><\/h4>[vc_column_text el_class=&#8221;desc_areaprivada_targetas_bloque_mobile&#8221;]Entrant en aquesta \u00e0rea podr\u00e0s modificar les teves dades de contacte, l&#8217;adre\u00e7a de lliurament, mail, etc.[\/vc_column_text]<div class=\"eut-empty-space\" style=\"height: 50px;\"><\/div><div class=\"eut-element eut-align-inherit espacio_auto_areaprivada_targetas eut-fluid-button\"><a href=\"https:\/\/www.iddink.cat\/klantenservice\/?pagina=gegevens&#038;subApp=klantGegevensSubApp\" title=\"Mis datos personales\" target=\"_blank\" class=\"eut-btn eut-btn-small eut-extra-round eut-bg-primary-2 eut-bg-hover-black btn-iddink\" style=\"max-width: 150px;\" rel=\"noopener\"><span>Accedir<\/span><\/a><\/div>[\/vc_column_inner][vc_column_inner width=&#8221;1\/3&#8243; full_height=&#8221;yes&#8221; rc_bg_type=&#8221;color&#8221; tablet_sm_width=&#8221;1-2&#8243; css=&#8221;.vc_custom_1564330009003{padding-top: 45px !important;padding-right: 45px !important;padding-bottom: 45px !important;padding-left: 45px !important;}&#8221; rc_bg_color=&#8221;#ffffff&#8221; el_wrapper_class=&#8221;box_areaprivada_targeta&#8221;]<h4 class=\"eut-element eut-title eut-align-inherit eut-h6 desc_areaprivada_targetas_titulo_mobile\" style=\"\"><span><strong>Modificar un pedido<\/strong><\/span><\/h4>[vc_column_text el_class=&#8221;desc_areaprivada_targetas_bloque_mobile&#8221;]Des d&#8217;aqu\u00ed podr\u00e0s modificar qualsevol comanda en curs que encara no hagi sortit del nostre magatzem.[\/vc_column_text]<div class=\"eut-empty-space espacio_auto_areaprivada_targetas\" style=\"height: 50px;\"><\/div><div class=\"eut-element eut-align-inherit espacio_auto_areaprivada_targetas eut-fluid-button\"><a href=\"https:\/\/www.iddink.cat\/klantenservice\/?pagina=bestelling&#038;subApp=bestellingSubApp\" title=\"Modificar pedido\" target=\"_blank\" class=\"eut-btn eut-btn-small eut-extra-round eut-bg-primary-2 eut-bg-hover-black btn-iddink\" style=\"max-width: 150px;\" rel=\"noopener\"><span>Accedir<\/span><\/a><\/div>[\/vc_column_inner][vc_column_inner width=&#8221;1\/3&#8243; full_height=&#8221;yes&#8221; rc_bg_type=&#8221;color&#8221; tablet_sm_width=&#8221;1-2&#8243; css=&#8221;.vc_custom_1564330014961{padding-top: 45px !important;padding-right: 45px !important;padding-bottom: 45px !important;padding-left: 45px !important;}&#8221; rc_bg_color=&#8221;#ffffff&#8221; el_wrapper_class=&#8221;box_areaprivada_targeta&#8221;]<h4 class=\"eut-element eut-title eut-align-inherit eut-h6 desc_areaprivada_targetas_titulo_mobile\" style=\"\"><span><strong>Devoluci\u00f3 d&#8217;ecoBooks<\/strong><\/span><\/h4>[vc_column_text el_class=&#8221;desc_areaprivada_targetas_bloque_mobile&#8221;]A aquesta secci\u00f3 podr\u00e0s veure l&#8217;estat de la devoluci\u00f3 de les teves ecoBooks[\/vc_column_text]<div class=\"eut-empty-space\" style=\"height: 50px;\"><\/div><div class=\"eut-element eut-align-inherit espacio_auto_areaprivada_targetas eut-fluid-button\"><a href=\"https:\/\/www.iddink.cat\/klantenservice\/?pagina=inlevering&#038;subApp=inleveringSubApp\" title=\"Devolucion ecobooks\" target=\"_blank\" class=\"eut-btn eut-btn-small eut-extra-round eut-bg-primary-2 eut-bg-hover-black btn-iddink\" style=\"max-width: 150px;\" rel=\"noopener\"><span>Accedir<\/span><\/a><\/div>[\/vc_column_inner][\/vc_row_inner]<div class=\"eut-empty-space eut-height-1x\" style=\"\"><\/div>[\/vc_column][\/vc_row]<\/p>\n","protected":false},"excerpt":{"rendered":"<p>[vc_row padding_top_multiplier=&#8221;6x&#8221; padding_bottom_multiplier=&#8221;6x&#8221; rc_heading_color=&#8221;light&#8221; rc_bg_type=&#8221;image&#8221; rc_bg_image=&#8221;8534&#8243; rc_bg_image_size=&#8221;responsive&#8221; mobile_visibility=&#8221;hide&#8221; rc_font_color=&#8221;#ffffff&#8221;][vc_column tablet_sm_width=&#8221;hide&#8221; mobile_width=&#8221;hide&#8221;][vc_column_text el_class=&#8221;desc_areaprivada_titulo_azul&#8221;]Fes la teva comanda de material educatiu[\/vc_column_text][\/vc_column][\/vc_row][vc_row padding_top_multiplier=&#8221;6x&#8221; padding_bottom_multiplier=&#8221;6x&#8221; rc_heading_color=&#8221;light&#8221; rc_bg_type=&#8221;image&#8221; rc_bg_image=&#8221;6643&#8243; desktop_visibility=&#8221;hide&#8221; tablet_visibility=&#8221;hide&#8221; tablet_sm_visibility=&#8221;hide&#8221; rc_font_color=&#8221;#ffffff&#8221;][vc_column][\/vc_column][\/vc_row][vc_row desktop_visibility=&#8221;hide&#8221; tablet_visibility=&#8221;hide&#8221;][vc_column css=&#8221;.vc_custom_1567506538407{margin-top: 20px !important;margin-bottom: 0px !important;}&#8221;][vc_column_text el_class=&#8221;desc_areaprivada_titulo_azul_mobile&#8221; css=&#8221;.vc_custom_1592576144266{margin-bottom: 20px !important;}&#8221;] Fes la teva comanda de material educatiu [\/vc_column_text][vc_column_text el_class=&#8221;desc_areaprivada_subtitulo_mobile&#8221; css=&#8221;.vc_custom_1571040373208{margin-right: 10px !important;margin-left: 10px !important;}&#8221;] Entrant amb el [&hellip;]<\/p>\n","protected":false},"author":9,"featured_media":0,"parent":9633,"menu_order":0,"comment_status":"closed","ping_status":"closed","template":"","meta":{"footnotes":""},"class_list":["post-9486","page","type-page","status-publish","hentry"],"_links":{"self":[{"href":"https:\/\/spain.iddink.es\/ca\/wp-json\/wp\/v2\/pages\/9486","targetHints":{"allow":["GET"]}}],"collection":[{"href":"https:\/\/spain.iddink.es\/ca\/wp-json\/wp\/v2\/pages"}],"about":[{"href":"https:\/\/spain.iddink.es\/ca\/wp-json\/wp\/v2\/types\/page"}],"author":[{"embeddable":true,"href":"https:\/\/spain.iddink.es\/ca\/wp-json\/wp\/v2\/users\/9"}],"replies":[{"embeddable":true,"href":"https:\/\/spain.iddink.es\/ca\/wp-json\/wp\/v2\/comments?post=9486"}],"version-history":[{"count":6,"href":"https:\/\/spain.iddink.es\/ca\/wp-json\/wp\/v2\/pages\/9486\/revisions"}],"predecessor-version":[{"id":12298,"href":"https:\/\/spain.iddink.es\/ca\/wp-json\/wp\/v2\/pages\/9486\/revisions\/12298"}],"up":[{"embeddable":true,"href":"https:\/\/spain.iddink.es\/ca\/wp-json\/wp\/v2\/pages\/9633"}],"wp:attachment":[{"href":"https:\/\/spain.iddink.es\/ca\/wp-json\/wp\/v2\/media?parent=9486"}],"curies":[{"name":"wp","href":"https:\/\/api.w.org\/{rel}","templated":true}]}}