{"id":9488,"date":"2019-09-09T18:36:24","date_gmt":"2019-09-09T16:36:24","guid":{"rendered":"https:\/\/www.pre-iddink.cat\/estudiantes\/"},"modified":"2025-05-14T16:15:25","modified_gmt":"2025-05-14T14:15:25","slug":"estudiants","status":"publish","type":"page","link":"https:\/\/spain.iddink.es\/ca\/estudiants\/","title":{"rendered":"Estudiants"},"content":{"rendered":"<p>[vc_row section_type=&#8221;fullwidth&#8221; height_ratio=&#8221;60&#8243; padding_top_multiplier=&#8221;custom&#8221; padding_bottom_multiplier=&#8221;&#8221; rc_heading_color=&#8221;light&#8221; rc_bg_type=&#8221;image&#8221; rc_bg_image=&#8221;8875&#8243; rc_bg_image_size=&#8221;responsive&#8221; tablet_sm_height_ratio=&#8221;inherit&#8221; mobile_height_ratio=&#8221;60&#8243; rc_font_color=&#8221;#ffffff&#8221; rc_bg_color=&#8221;#5b5b5b&#8221; section_id=&#8221;banner-centros&#8221;][vc_column width=&#8221;1\/2&#8243; vertical_content_position=&#8221;bottom&#8221; full_height=&#8221;yes&#8221; css=&#8221;.vc_custom_1573462824173{padding-bottom: 12% !important;padding-left: 5% !important;}&#8221; el_id=&#8221;banner-centros-title&#8221;]<h1 class=\"eut-element eut-title eut-align-inherit eut-h1 desc_centros_titulo\" style=\"margin-bottom: 0px;\"><span><strong>Fes la teva comanda de material educatiu<\/strong><\/span><\/h1><h3 class=\"eut-element eut-title eut-align-inherit eut-h4 desc_centros_subtitulo\" style=\"margin-bottom: 0px;\"><span>La teva implicaci\u00f3 \u00e9s fonamental per al medi ambient<\/span><\/h3><div class=\"eut-empty-space eut-height-1x\" style=\"\"><\/div><div class=\"eut-element eut-align-left btn-cb--button\"><a href=\"https:\/\/www.iddink.es\/bestellen\/?taalISO=cat\" title=\"Fes la teva comanda\" target=\"_blank\" class=\"eut-btn eut-btn-large eut-extra-round eut-bg-white eut-bg-hover-white eut-btn-line btn-iddink--button\" rel=\"noopener\"><span>Fes la teva comanda<\/span><\/a><\/div>[\/vc_column][vc_column width=&#8221;1\/2&#8243; vertical_content_position=&#8221;bottom&#8221; full_height=&#8221;yes&#8221; el_id=&#8221;banner-centros-button&#8221;][\/vc_column][\/vc_row][vc_row section_type=&#8221;fullwidth&#8221; height_ratio=&#8221;60&#8243; padding_top_multiplier=&#8221;custom&#8221; padding_bottom_multiplier=&#8221;&#8221; rc_heading_color=&#8221;light&#8221; desktop_visibility=&#8221;hide&#8221; tablet_visibility=&#8221;hide&#8221; tablet_sm_visibility=&#8221;hide&#8221; mobile_visibility=&#8221;hide&#8221; tablet_sm_height_ratio=&#8221;inherit&#8221; mobile_height_ratio=&#8221;60&#8243; rc_font_color=&#8221;#ffffff&#8221; section_id=&#8221;banner-centros&#8221;][vc_column vertical_content_position=&#8221;bottom&#8221; full_height=&#8221;yes&#8221;][vc_row_inner padding_top_multiplier=&#8221;&#8221; padding_bottom_multiplier=&#8221;&#8221; equal_column_height=&#8221;equal&#8221; el_id=&#8221;btn-centros-banner&#8221;][vc_column_inner width=&#8221;1\/2&#8243; vertical_content_position=&#8221;middle&#8221; full_height=&#8221;yes&#8221;]<div class=\"eut-element eut-title eut-align-left eut-leader-text eut-custom-font-2 btn-cb--text\" style=\"\"><span>Aconsegueix tots els teus materials en una sola comanda<br>\n<div id=\"simple-translate\">\n<div>\n<div class=\"simple-translate-button \" style=\"height: 22px; width: 22px; top: 10px; left: 10px;\"><\/div>\n<div class=\"simple-translate-panel \" style=\"width: 300px; height: 200px; top: 0px; left: 0px; font-size: 13px; background-color: #ffffff;\">\n<div class=\"simple-translate-result-wrapper\" style=\"overflow: hidden;\">\n<p class=\"simple-translate-candidate\" style=\"color: #737373;\">\n<\/div>\n<\/div>\n<\/div>\n<\/div>\n<\/span><\/div>[\/vc_column_inner][vc_column_inner width=&#8221;1\/2&#8243;]<div class=\"eut-element eut-align-center btn-cb--button\"><a href=\"https:\/\/www.iddink.es\/bestellen\/\" target=\"_blank\" class=\"eut-btn eut-btn-medium eut-round eut-bg-primary-2 eut-bg-hover-white centros_button_2\" rel=\"noopener\"><span>Fes la teva comanda<\/span><\/a><\/div>[\/vc_column_inner][\/vc_row_inner][\/vc_column][\/vc_row][vc_row section_type=&#8221;fullwidth&#8221; padding_top_multiplier=&#8221;custom&#8221; padding_bottom_multiplier=&#8221;&#8221; rc_heading_color=&#8221;light&#8221; desktop_visibility=&#8221;hide&#8221; tablet_visibility=&#8221;hide&#8221; tablet_sm_visibility=&#8221;hide&#8221; mobile_visibility=&#8221;hide&#8221; rc_font_color=&#8221;#ffffff&#8221;][vc_column vertical_content_position=&#8221;bottom&#8221; full_height=&#8221;yes&#8221;]<div class=\"eut-element eut-image eut-align-center eut-image-space-150 eut-image-expand-width\" style=\"\"><div class=\"eut-image-wrapper eut-popup-item\"><div class=\"eut-thumbnail-wrapper\"><div class=\"eut-thumbnail\"  style=\"padding-top: 39.367%;\"><img loading=\"lazy\" decoding=\"async\" width=\"3000\" height=\"1181\" src=\"https:\/\/spain.iddink.es\/wp-content\/uploads\/2019\/10\/banner_home_estudiantes-2.jpg\" class=\"attachment-full size-full\" alt=\"\" data-eutf-filter=\"yes\" srcset=\"https:\/\/spain.iddink.es\/wp-content\/uploads\/2019\/10\/banner_home_estudiantes-2.jpg 3000w, https:\/\/spain.iddink.es\/wp-content\/uploads\/2019\/10\/banner_home_estudiantes-2-300x118.jpg 300w, https:\/\/spain.iddink.es\/wp-content\/uploads\/2019\/10\/banner_home_estudiantes-2-768x302.jpg 768w, https:\/\/spain.iddink.es\/wp-content\/uploads\/2019\/10\/banner_home_estudiantes-2-1024x403.jpg 1024w, https:\/\/spain.iddink.es\/wp-content\/uploads\/2019\/10\/banner_home_estudiantes-2-1920x756.jpg 1920w\" sizes=\"auto, (max-width: 3000px) 100vw, 3000px\" \/><\/div><\/div>  <\/div><\/div>[\/vc_column][\/vc_row][vc_row section_type=&#8221;container-width&#8221; rc_heading_color=&#8221;light&#8221; rc_bg_type=&#8221;color&#8221; desktop_visibility=&#8221;hide&#8221; tablet_visibility=&#8221;hide&#8221; tablet_sm_visibility=&#8221;hide&#8221; mobile_visibility=&#8221;hide&#8221; rc_font_color=&#8221;#ffffff&#8221; rc_bg_color=&#8221;#0073cf&#8221;][vc_column vertical_content_position=&#8221;bottom&#8221; full_height=&#8221;yes&#8221;]<h1 class=\"eut-element eut-title eut-align-inherit eut-h1\" style=\"margin-bottom: 15px;\"><span><strong>Fes la teva comanda de material educatiu<\/strong><\/span><\/h1><h3 class=\"eut-element eut-title eut-align-inherit eut-h4\" style=\"margin-bottom: 0px;\"><span>La teva implicaci\u00f3 \u00e9s fonamental per al medi ambient<\/span><\/h3>[\/vc_column][\/vc_row][vc_row section_type=&#8221;fullwidth&#8221; padding_top_multiplier=&#8221;&#8221; padding_bottom_multiplier=&#8221;&#8221; rc_heading_color=&#8221;light&#8221; rc_link_color=&#8221;light&#8221; rc_link_hover_color=&#8221;light&#8221; columns_gap=&#8221;none&#8221; equal_column_height=&#8221;equal&#8221; mobile_columns_vertical_gap=&#8221;none&#8221; rc_font_color=&#8221;#ffffff&#8221;][vc_column width=&#8221;1\/4&#8243; content_width=&#8221;custom&#8221; rc_bg_type=&#8221;color&#8221; tablet_sm_width=&#8221;1-2&#8243; css=&#8221;.vc_custom_1578425290382{padding-top: 5% !important;padding-right: 4px !important;padding-bottom: 4px !important;padding-left: 4px !important;}&#8221; rc_bg_color=&#8221;#1e73bc&#8221; custom_content_width=&#8221;550&#8243;]<div class=\"eut-empty-space eut-height-1x\" style=\"\"><\/div><div class=\"eut-element eut-box-icon eut-side-icon eut-align-left eut-animated-item eut-fade-in eut-duration-normal\" style=\"\" data-delay=\"200\"><a href=\"https:\/\/spain.iddink.es\/ca\/centres\/materials-educatius\/\" title=\"Materials educatius\" class=\"eut-item-url \"><\/a><div class=\"eut-single-icon eut-small\"><div class=\"eut-wrapper-icon eut-no-shape eut-text-grey\" style=\"\"><span class=\"eut-inner-icon eut-text-primary-1\"><\/span><\/div><\/div><div class=\"eut-box-content\"><h5 class=\"eut-box-title eut-h5\">Materials educatius<\/h5>  <p class=\"\">Proporcionem llibres de text nous o reutilitzables, robots, llic\u00e8ncies digitals, lectures, quaderns, instruments musicals, dossiers, etc.<\/p><\/div><\/div><div class=\"eut-empty-space eut-height-1x\" style=\"\"><\/div>[\/vc_column][vc_column width=&#8221;1\/4&#8243; content_width=&#8221;custom&#8221; rc_bg_type=&#8221;color&#8221; tablet_sm_width=&#8221;1-2&#8243; css=&#8221;.vc_custom_1578425301380{padding-top: 5% !important;padding-right: 4px !important;padding-bottom: 4px !important;padding-left: 4px !important;}&#8221; rc_bg_color=&#8221;#555555&#8243; custom_content_width=&#8221;550&#8243;]<div class=\"eut-empty-space eut-height-1x\" style=\"\"><\/div><div class=\"eut-element eut-box-icon eut-side-icon eut-align-left eut-animated-item eut-fade-in eut-duration-normal\" style=\"\" data-delay=\"200\"><a href=\"https:\/\/spain.iddink.es\/ca\/estudiants\/iddink-digital\/\" title=\"Continguts digitals\" class=\"eut-item-url \"><\/a><div class=\"eut-single-icon eut-small\"><div class=\"eut-wrapper-icon eut-no-shape eut-text-grey\" style=\"\"><span class=\"eut-inner-icon eut-text-primary-1\"><\/span><\/div><\/div><div class=\"eut-box-content\"><h5 class=\"eut-box-title eut-h5\">Iddink digital<\/h5>  <p class=\"\">Facilitem la compra i l&#8217;acc\u00e9s a llic\u00e8ncies digitals des d&#8217;una \u00fanica plataforma.<\/p><\/div><\/div><div class=\"eut-empty-space eut-height-1x\" style=\"\"><\/div>[\/vc_column][vc_column width=&#8221;1\/4&#8243; content_width=&#8221;custom&#8221; rc_bg_type=&#8221;color&#8221; tablet_sm_width=&#8221;1-2&#8243; css=&#8221;.vc_custom_1578425311065{padding-top: 5% !important;padding-right: 4px !important;padding-bottom: 4px !important;padding-left: 4px !important;}&#8221; rc_bg_color=&#8221;#1e73bc&#8221; custom_content_width=&#8221;550&#8243;]<div class=\"eut-empty-space eut-height-1x\" style=\"\"><\/div><div class=\"eut-element eut-box-icon eut-side-icon eut-align-left eut-animated-item eut-fade-in eut-duration-normal\" style=\"\" data-delay=\"200\"><a href=\"https:\/\/spain.iddink.es\/ca\/estudiants\/ecobooks\/\" title=\"EcoBooks\" class=\"eut-item-url \"><\/a><div class=\"eut-single-icon eut-small\"><div class=\"eut-wrapper-icon eut-no-shape eut-text-grey\" style=\"\"><span class=\"eut-inner-icon eut-text-primary-1\"><\/span><\/div><\/div><div class=\"eut-box-content\"><h5 class=\"eut-box-title eut-h5\">EcoBooks<\/h5>  <p class=\"\">Els ecoBooks s\u00f3n els llibres reutilitzables que poden comprar les fam\u00edlies, proporcionant un gran estalvi econ\u00f2mic i ecol\u00f2gic.<\/p><\/div><\/div><div class=\"eut-empty-space eut-height-1x\" style=\"\"><\/div>[\/vc_column][vc_column width=&#8221;1\/4&#8243; content_width=&#8221;custom&#8221; rc_bg_type=&#8221;color&#8221; tablet_sm_width=&#8221;1-2&#8243; css=&#8221;.vc_custom_1578425325441{padding-top: 5% !important;padding-right: 4px !important;padding-bottom: 7px !important;padding-left: 4px !important;}&#8221; rc_bg_color=&#8221;#555555&#8243; custom_content_width=&#8221;550&#8243;]<div class=\"eut-empty-space eut-height-1x\" style=\"\"><\/div><div class=\"eut-element eut-box-icon eut-side-icon eut-align-left eut-animated-item eut-fade-in eut-duration-normal\" style=\"\" data-delay=\"200\"><a href=\"https:\/\/spain.iddink.es\/ca\/estudiants\/altres-serveis\/\" title=\"Altres serveis\" class=\"eut-item-url \"><\/a><div class=\"eut-single-icon eut-small\"><div class=\"eut-wrapper-icon eut-no-shape eut-text-grey\" style=\"\"><span class=\"eut-inner-icon eut-text-primary-1\"><\/span><\/div><\/div><div class=\"eut-box-content\"><h5 class=\"eut-box-title eut-h5\">Altres serveis<\/h5>  <p class=\"\">Folrat de llibres, gesti\u00f3 de beques i ajuts, articles personalitzats, cobrament de quotes, etc.<\/p><\/div><\/div><div class=\"eut-empty-space eut-height-1x\" style=\"\"><\/div>[\/vc_column][\/vc_row][vc_row padding_top_multiplier=&#8221;&#8221; mobile_visibility=&#8221;hide&#8221;][vc_column]<h2 class=\"eut-element eut-title eut-align-center eut-h1 eut-custom-font-1 desc_centros1\" style=\"\"><span><br>\n<p style=\"text-align: center;\"><strong>Acompanyem als alumnes durant tot el curs<br \/>\nposant a la seva disposici\u00f3 tot tipus de materials<\/strong><br>\n<\/span><\/h2>[\/vc_column][\/vc_row][vc_row padding_top_multiplier=&#8221;&#8221; padding_bottom_multiplier=&#8221;&#8221; desktop_visibility=&#8221;hide&#8221; tablet_visibility=&#8221;hide&#8221; tablet_sm_visibility=&#8221;hide&#8221;][vc_column]<h2 class=\"eut-element eut-title eut-align-inherit eut-h1 eut-custom-font-1 desc_centros1_mobile\" style=\"\"><span><strong>Acompanyem als alumnes durant tot el curs posant a la seva disposici\u00f3 tot tipus de materials<\/strong><\/span><\/h2>[\/vc_column][\/vc_row][vc_row section_type=&#8221;container-width&#8221; padding_bottom_multiplier=&#8221;&#8221; rc_heading_color=&#8221;primary-6&#8243; columns_gap=&#8221;60&#8243; rc_font_color=&#8221;#696969&#8243;][vc_column width=&#8221;1\/3&#8243; rc_font_color=&#8221;#000000&#8243;]<div class=\"eut-element eut-box-icon eut-top-icon eut-align-center\" style=\"\"><div class=\"eut-single-icon eut-medium\"><div class=\"eut-wrapper-icon eut-no-shape eut-text-grey\" style=\"\"><i class=\"eut-inner-icon et-icon-chat eut-text-black\"><\/i><\/div><\/div><div class=\"eut-box-content\"><h3 class=\"eut-box-title eut-h6\">Atenci\u00f3 a l'estudiant<\/h3>  <p class=\"\">Amb atenci\u00f3 personalitzada a la nostra botiga de Pallej\u00e0, en el teu centre d&#8217;ensenyament, per mail o via web.<\/p><\/div><\/div>[\/vc_column][vc_column width=&#8221;1\/3&#8243; rc_font_color=&#8221;#000000&#8243;]<div class=\"eut-element eut-box-icon eut-top-icon eut-align-center\" style=\"\"><div class=\"eut-single-icon eut-medium\"><div class=\"eut-wrapper-icon eut-no-shape eut-text-grey\" style=\"\"><i class=\"eut-inner-icon mb-ayudas eut-text-black\"><\/i><\/div><\/div><div class=\"eut-box-content\"><h3 class=\"eut-box-title eut-h6\">Comoditat<\/h3>  <p class=\"\">Aconseguint tot el material necessari per comen\u00e7ar el curs d&#8217;es d&#8217;un \u00fanic lloc i moment.<\/p><\/div><\/div>[\/vc_column][vc_column width=&#8221;1\/3&#8243; rc_font_color=&#8221;#000000&#8243;]<div class=\"eut-element eut-box-icon eut-top-icon eut-align-center\" style=\"\"><div class=\"eut-single-icon eut-medium\"><div class=\"eut-wrapper-icon eut-no-shape eut-text-grey\" style=\"\"><i class=\"eut-inner-icon mb-ahorro eut-text-black\"><\/i><\/div><\/div><div class=\"eut-box-content\"><h3 class=\"eut-box-title eut-h6\">Estalvi econ\u00f2mic<\/h3>  <p class=\"\">Les fam\u00edlies dels centres docents amb un projecte de reutilitzaci\u00f3 gestionat per Iddink s&#8217;estalvien fins a un 60% del PVP dels llibres.<\/p><\/div><\/div>[\/vc_column][\/vc_row][vc_row section_type=&#8221;container-width&#8221; padding_top_multiplier=&#8221;2x&#8221; padding_bottom_multiplier=&#8221;2x&#8221; rc_heading_color=&#8221;primary-6&#8243; columns_gap=&#8221;60&#8243; rc_font_color=&#8221;#696969&#8243;][vc_column width=&#8221;1\/3&#8243; rc_font_color=&#8221;#000000&#8243;]<div class=\"eut-element eut-box-icon eut-top-icon eut-align-center\" style=\"\"><div class=\"eut-single-icon eut-medium\"><div class=\"eut-wrapper-icon eut-no-shape eut-text-grey\" style=\"\"><i class=\"eut-inner-icon et-icon-happy eut-text-black\"><\/i><\/div><\/div><div class=\"eut-box-content\"><h3 class=\"eut-box-title eut-h6\">Un curs sense sorpreses<\/h3>  <p class=\"\">El nostre principal objectiu \u00e9s que els estudiants tinguin el primer dia de classe tots els materials educatius escollits pel centre docent.<\/p><\/div><\/div>[\/vc_column][vc_column width=&#8221;1\/3&#8243; rc_font_color=&#8221;#000000&#8243;]<div class=\"eut-element eut-box-icon eut-top-icon eut-align-center\" style=\"\"><div class=\"eut-single-icon eut-medium\"><div class=\"eut-wrapper-icon eut-no-shape eut-text-grey\" style=\"\"><i class=\"eut-inner-icon mb-equidad eut-text-black\"><\/i><\/div><\/div><div class=\"eut-box-content\"><h3 class=\"eut-box-title eut-h6\">M\u00e0xima equitat<\/h3>  <p class=\"\">Les nostres solucions beneficien per igual als estudiants de tots els cursos, sense cap discriminaci\u00f3.<\/p><\/div><\/div>[\/vc_column][vc_column width=&#8221;1\/3&#8243; rc_font_color=&#8221;#000000&#8243;]<div class=\"eut-element eut-box-icon eut-top-icon eut-align-center\" style=\"\"><div class=\"eut-single-icon eut-medium\"><div class=\"eut-wrapper-icon eut-no-shape eut-text-grey\" style=\"\"><i class=\"eut-inner-icon mb-medioambiente eut-text-black\"><\/i><\/div><\/div><div class=\"eut-box-content\"><h3 class=\"eut-box-title eut-h6\">Ajuda al medi ambient<\/h3>  <p class=\"\">Gr\u00e0cies a la reutilitzaci\u00f3, els llibres sempre tenen una segona oportunitat i el nostre planeta tamb\u00e9. \u00a1Estalvia diners i alhora tones de paper!<\/p><\/div><\/div>[\/vc_column][\/vc_row][vc_row rc_heading_color=&#8221;light&#8221; rc_bg_type=&#8221;image&#8221; rc_bg_image=&#8221;11675&#8243; tablet_visibility=&#8221;hide&#8221; tablet_sm_visibility=&#8221;hide&#8221; mobile_visibility=&#8221;hide&#8221; rc_font_color=&#8221;#ffffff&#8221; rc_bg_color=&#8221;#666666&#8243;][vc_column width=&#8221;1\/4&#8243;][\/vc_column][vc_column width=&#8221;1\/2&#8243; text_align=&#8221;center&#8221;]<h3 class=\"eut-element eut-title eut-align-inherit eut-h2\" style=\"\"><span>Plataforma tot alhora<\/span><\/h3>[vc_column_text el_class=&#8221;centros-subtitulo-plataforma&#8221;]Compra els diferents continguts digitals en el mateix moment i al mateix lloc que la resta de materials.[\/vc_column_text]<div class=\"eut-empty-space eut-height-1x\" style=\"\"><\/div><div class=\"eut-element eut-align-center eut-fluid-button\"><a href=\"https:\/\/www.iddink.es\/bestellen\/?taalISO=cat\" title=\"Fes la teva comanda\" target=\"_blank\" class=\"eut-btn eut-btn-medium eut-extra-round eut-bg-white eut-bg-hover-white eut-btn-line btn-iddink--button\" style=\"max-width: 250px;\" rel=\"noopener\"><span>Fes la teva comanda<\/span><\/a><\/div>[\/vc_column][vc_column width=&#8221;1\/4&#8243;][\/vc_column][\/vc_row][vc_row padding_bottom_multiplier=&#8221;custom&#8221; rc_heading_color=&#8221;light&#8221; rc_bg_type=&#8221;image&#8221; rc_bg_image=&#8221;11675&#8243; rc_bg_position=&#8221;right-center&#8221; desktop_visibility=&#8221;hide&#8221; padding_bottom=&#8221;5%&#8221; rc_font_color=&#8221;#ffffff&#8221; rc_bg_color=&#8221;#666666&#8243;][vc_column width=&#8221;1\/4&#8243;][\/vc_column][vc_column width=&#8221;1\/2&#8243; text_align=&#8221;center&#8221;]<h3 class=\"eut-element eut-title eut-align-inherit eut-h2\" style=\"\"><span>Plataforma tot alhora<\/span><\/h3>[vc_column_text el_class=&#8221;centros-subtitulo-plataforma_mobile&#8221;]Compra els diferents continguts digitals en el mateix moment i al mateix lloc que la resta de materials.[\/vc_column_text]<div class=\"eut-empty-space eut-height-1x\" style=\"\"><\/div><div class=\"eut-element eut-align-center eut-fluid-button\"><a href=\"https:\/\/www.iddink.es\/bestellen\/?taalISO=cat\" title=\"Fes la teva comanda\" target=\"_blank\" class=\"eut-btn eut-btn-small eut-extra-round eut-bg-white eut-bg-hover-white eut-btn-line btn-iddink--button\" style=\"max-width: 250px;\" rel=\"noopener\"><span>Fes la teva comanda<\/span><\/a><\/div>[\/vc_column][vc_column width=&#8221;1\/4&#8243;][\/vc_column][\/vc_row]<\/p>\n","protected":false},"excerpt":{"rendered":"<p>[vc_row section_type=&#8221;fullwidth&#8221; height_ratio=&#8221;60&#8243; padding_top_multiplier=&#8221;custom&#8221; padding_bottom_multiplier=&#8221;&#8221; rc_heading_color=&#8221;light&#8221; rc_bg_type=&#8221;image&#8221; rc_bg_image=&#8221;8875&#8243; rc_bg_image_size=&#8221;responsive&#8221; tablet_sm_height_ratio=&#8221;inherit&#8221; mobile_height_ratio=&#8221;60&#8243; rc_font_color=&#8221;#ffffff&#8221; rc_bg_color=&#8221;#5b5b5b&#8221; section_id=&#8221;banner-centros&#8221;][vc_column width=&#8221;1\/2&#8243; vertical_content_position=&#8221;bottom&#8221; full_height=&#8221;yes&#8221; css=&#8221;.vc_custom_1573462824173{padding-bottom: 12% !important;padding-left: 5% !important;}&#8221; el_id=&#8221;banner-centros-title&#8221;][\/vc_column][vc_column width=&#8221;1\/2&#8243; vertical_content_position=&#8221;bottom&#8221; full_height=&#8221;yes&#8221; el_id=&#8221;banner-centros-button&#8221;][\/vc_column][\/vc_row][vc_row section_type=&#8221;fullwidth&#8221; height_ratio=&#8221;60&#8243; padding_top_multiplier=&#8221;custom&#8221; padding_bottom_multiplier=&#8221;&#8221; rc_heading_color=&#8221;light&#8221; desktop_visibility=&#8221;hide&#8221; tablet_visibility=&#8221;hide&#8221; tablet_sm_visibility=&#8221;hide&#8221; mobile_visibility=&#8221;hide&#8221; tablet_sm_height_ratio=&#8221;inherit&#8221; mobile_height_ratio=&#8221;60&#8243; rc_font_color=&#8221;#ffffff&#8221; section_id=&#8221;banner-centros&#8221;][vc_column vertical_content_position=&#8221;bottom&#8221; full_height=&#8221;yes&#8221;][vc_row_inner padding_top_multiplier=&#8221;&#8221; padding_bottom_multiplier=&#8221;&#8221; equal_column_height=&#8221;equal&#8221; el_id=&#8221;btn-centros-banner&#8221;][vc_column_inner width=&#8221;1\/2&#8243; vertical_content_position=&#8221;middle&#8221; full_height=&#8221;yes&#8221;][\/vc_column_inner][vc_column_inner width=&#8221;1\/2&#8243;][\/vc_column_inner][\/vc_row_inner][\/vc_column][\/vc_row][vc_row section_type=&#8221;fullwidth&#8221; padding_top_multiplier=&#8221;custom&#8221; padding_bottom_multiplier=&#8221;&#8221; rc_heading_color=&#8221;light&#8221; desktop_visibility=&#8221;hide&#8221; [&hellip;]<\/p>\n","protected":false},"author":9,"featured_media":0,"parent":0,"menu_order":0,"comment_status":"closed","ping_status":"closed","template":"","meta":{"footnotes":""},"class_list":["post-9488","page","type-page","status-publish","hentry"],"_links":{"self":[{"href":"https:\/\/spain.iddink.es\/ca\/wp-json\/wp\/v2\/pages\/9488","targetHints":{"allow":["GET"]}}],"collection":[{"href":"https:\/\/spain.iddink.es\/ca\/wp-json\/wp\/v2\/pages"}],"about":[{"href":"https:\/\/spain.iddink.es\/ca\/wp-json\/wp\/v2\/types\/page"}],"author":[{"embeddable":true,"href":"https:\/\/spain.iddink.es\/ca\/wp-json\/wp\/v2\/users\/9"}],"replies":[{"embeddable":true,"href":"https:\/\/spain.iddink.es\/ca\/wp-json\/wp\/v2\/comments?post=9488"}],"version-history":[{"count":28,"href":"https:\/\/spain.iddink.es\/ca\/wp-json\/wp\/v2\/pages\/9488\/revisions"}],"predecessor-version":[{"id":14127,"href":"https:\/\/spain.iddink.es\/ca\/wp-json\/wp\/v2\/pages\/9488\/revisions\/14127"}],"wp:attachment":[{"href":"https:\/\/spain.iddink.es\/ca\/wp-json\/wp\/v2\/media?parent=9488"}],"curies":[{"name":"wp","href":"https:\/\/api.w.org\/{rel}","templated":true}]}}