{"id":9499,"date":"2019-09-16T18:01:21","date_gmt":"2019-09-16T16:01:21","guid":{"rendered":"https:\/\/www.pre-iddink.cat\/estudiantes\/ecobooks\/devolver-ecobooks\/"},"modified":"2024-05-22T12:34:49","modified_gmt":"2024-05-22T10:34:49","slug":"retornar-ecobooks","status":"publish","type":"page","link":"https:\/\/spain.iddink.es\/ca\/estudiants\/ecobooks\/retornar-ecobooks\/","title":{"rendered":"Com retornar ecoBooks"},"content":{"rendered":"<p>[vc_row section_type=&#8221;fullwidth&#8221; height_ratio=&#8221;60&#8243; padding_top_multiplier=&#8221;&#8221; padding_bottom_multiplier=&#8221;&#8221; rc_bg_type=&#8221;image&#8221; rc_bg_image=&#8221;10137&#8243; tablet_visibility=&#8221;hide&#8221; tablet_sm_visibility=&#8221;hide&#8221; mobile_visibility=&#8221;hide&#8221; mobile_height_ratio=&#8221;100&#8243;][vc_column][vc_column_text][\/vc_column_text][\/vc_column][\/vc_row][vc_row section_type=&#8221;fullwidth&#8221; padding_top_multiplier=&#8221;&#8221; padding_bottom_multiplier=&#8221;&#8221; rc_bg_type=&#8221;image&#8221; rc_bg_image=&#8221;10137&#8243; desktop_visibility=&#8221;hide&#8221; el_class=&#8221;desc_image_banner_height&#8221;][vc_column][vc_column_text][\/vc_column_text][\/vc_column][\/vc_row][vc_row rc_heading_color=&#8221;light&#8221; rc_bg_type=&#8221;color&#8221; mobile_visibility=&#8221;hide&#8221; rc_font_color=&#8221;#ffffff&#8221; rc_bg_color=&#8221;#1e73bc&#8221;][vc_column width=&#8221;1\/12&#8243; vertical_content_position=&#8221;middle&#8221; text_align=&#8221;center&#8221;][\/vc_column][vc_column width=&#8221;5\/6&#8243; css=&#8221;.vc_custom_1570593179136{padding-top: 15px !important;}&#8221;]<h1 class=\"eut-element eut-title eut-align-center eut-h1 desc_reutilizacionlibro_titulo\" style=\"\"><span><strong>Com i quan retornar els ecoBooks?<\/strong><\/span><\/h1>[vc_column_text el_class=&#8221;desc_reutilizacionlibro_bloque&#8221;]<\/p>\n<p style=\"text-align: center;\">Un cop finalitzat el curs els alumnes han de retornar els seus ecoBooks a Iddink, de manera que puguin servir per a altres alumnes el proper curs.<\/p>\n<p>[\/vc_column_text][\/vc_column][vc_column width=&#8221;1\/12&#8243;][\/vc_column][\/vc_row][vc_row padding_top_multiplier=&#8221;&#8221; rc_heading_color=&#8221;light&#8221; rc_bg_type=&#8221;color&#8221; desktop_visibility=&#8221;hide&#8221; tablet_visibility=&#8221;hide&#8221; tablet_sm_visibility=&#8221;hide&#8221; rc_font_color=&#8221;#ffffff&#8221; rc_bg_color=&#8221;#1e73bc&#8221;][vc_column css=&#8221;.vc_custom_1570574305946{padding-right: 10px !important;padding-left: 10px !important;}&#8221;]<h1 class=\"eut-element eut-title eut-align-center eut-h1 desc_reutilizacionlibro_titulo_mobile\" style=\"\"><span><br>\n<p style=\"text-align: center;\"><strong>Com i quan retornar els ecoBooks<\/strong><br>\n<\/span><\/h1><h3 class=\"eut-element eut-title eut-align-left eut-appear-down eut-duration-normal eut-appear-animation eut-small-text desc_reutilizacionlibro_bloque_mobile\" style=\"margin-bottom: 1px;\" data-delay=\"200\"><span><br>\n<p style=\"text-align: center;\">Un cop finalitzat el curs els alumnes han de retornar els seus ecoBooks a Iddink, de manera que puguin servir per a altres alumnes el proper curs.<br>\n<\/span><\/h3>[\/vc_column][\/vc_row][vc_row padding_top_multiplier=&#8221;2x&#8221; mobile_visibility=&#8221;hide&#8221; rc_margin_bottom=&#8221;40px&#8221;][vc_column width=&#8221;1\/12&#8243;][\/vc_column][vc_column width=&#8221;5\/12&#8243; content_width=&#8221;90&#8243; mobile_width=&#8221;1-2&#8243;]<h3 class=\"eut-element eut-title eut-align-inherit eut-h1 desc_reutilizacionlibro_titulo_bloque\" style=\"margin-bottom: 0px;\"><span>Com fer-ho?<\/span><\/h3><div class=\"eut-empty-space eut-height-1x\" style=\"\"><\/div>[vc_column_text text_style=&#8221;small-text&#8221; animation_delay=&#8221;800&#8243; animation_duration=&#8221;slow&#8221; el_class=&#8221;desc_reutilizacionlibro_texto_bloque&#8221;]Abans de finalitzar el curs, per fer la devoluci\u00f3 d&#8217;ecoBooks de manera f\u00e0cil Iddink us enviar\u00e0 un mail on us comunicar\u00e0:<\/p>\n<p style=\"padding-left: 5px;\"><span style=\"color: #1e73bc;\">o <\/span><strong>Dia, hora i lloc escollit per fer la devoluci\u00f3<\/strong>.<\/p>\n<p style=\"padding-left: 5px;\"><span style=\"color: #1e73bc;\">o <\/span><strong>Ecobooks que haureu de retornar: <\/strong>Iddink us adjuntar\u00e1 al mateix correu l&#8217;albar\u00e0 corresponent als ecoBooks que vau comprar el curs anterior i que heu de retornar. Tamb\u00e9 podreu descarregar-lo des del lloc web d&#8217;Iddink, entrant al men\u00fa <span style=\"color: #1e73bc;\"><strong><a style=\"color: #1e73bc;\" href=\"\/\/www.iddink.cat\/klantenservice\/?pagina=inlevering&amp;subApp=inleveringSubApp\">&#8216;Devoluci\u00f3 d&#8217;ecoBooks&#8217;<\/a><\/strong><\/span> i fent clic a &#8216;Albar\u00e0 de devoluci\u00f3&#8217;.<\/p>\n<p style=\"padding-left: 5px;\"><span style=\"color: #1e73bc;\">o <\/span><strong>Criteris de qualitat i instruccions:<\/strong> tamb\u00e9 trobareu un full explicatiu amb els criteris que han de seguir els ecoBooks per ser acceptats en el moment de la devoluci\u00f3.<\/p>\n<p>En el cas que no rebis l&#8217;email amb la data, tamb\u00e9 estar\u00e0s informat via SMS.[\/vc_column_text][\/vc_column][vc_column width=&#8221;5\/12&#8243; content_width=&#8221;90&#8243;]<div class=\"eut-element eut-image eut-align-center\" style=\"\"><div class=\"eut-image-wrapper eut-popup-item\" style=\"max-width:398px;\"><div class=\"eut-thumbnail-wrapper\"  style=\"max-width: 398px;\"><div class=\"eut-thumbnail\"  style=\"padding-top: 86.432%;\"><img loading=\"lazy\" decoding=\"async\" width=\"398\" height=\"344\" src=\"https:\/\/spain.iddink.es\/wp-content\/uploads\/2019\/10\/ecobooks.jpg\" class=\"attachment-full size-full\" alt=\"\" data-eutf-filter=\"yes\" srcset=\"https:\/\/spain.iddink.es\/wp-content\/uploads\/2019\/10\/ecobooks.jpg 398w, https:\/\/spain.iddink.es\/wp-content\/uploads\/2019\/10\/ecobooks-300x259.jpg 300w\" sizes=\"auto, (max-width: 398px) 100vw, 398px\" \/><\/div><\/div>  <\/div><\/div><div class=\"eut-empty-space eut-height-1x\" style=\"\"><\/div>[vc_column_text el_class=&#8221;dev_pregunta&#8221; css=&#8221;.vc_custom_1571068279036{padding-top: 10px !important;padding-bottom: 15px !important;}&#8221;]<\/p>\n<p style=\"text-align: left;\"><strong><span style=\"color: #0073cf;\">Qui pot retornar els ecoBooks?<\/span> <\/strong><\/p>\n<p>[\/vc_column_text][vc_column_text text_style=&#8221;small-text&#8221; animation_delay=&#8221;800&#8243; animation_duration=&#8221;slow&#8221; el_class=&#8221;desc_reutilizacionlibro_texto_bloque&#8221;]Pot retornar els llibres un familiar, l&#8217;estudiant o un company. En el cas de que ning\u00fa pugui portar-los els dies acordats, disposeu fins al 15 de juliol per lliurar-los personalment a Iddink o enviar-los per missatgeria amb el mateix codi.<br \/>\n<strong> NO <\/strong> es poden deixar els llibres al centre escolar.[\/vc_column_text][\/vc_column][vc_column width=&#8221;1\/12&#8243;][\/vc_column][\/vc_row][vc_row desktop_visibility=&#8221;hide&#8221; tablet_visibility=&#8221;hide&#8221; tablet_sm_visibility=&#8221;hide&#8221;][vc_column css=&#8221;.vc_custom_1570574330170{padding-right: 10px !important;padding-left: 10px !important;}&#8221;]<h3 class=\"eut-element eut-title eut-align-inherit eut-appear-down eut-duration-slow eut-appear-animation eut-h1 desc_reutilizacionlibro_titulo_bloque_mobile\" style=\"margin-bottom: 0px;\" data-delay=\"200\"><span>Com fer-ho?<\/span><\/h3><div class=\"eut-empty-space eut-height-1x\" style=\"\"><\/div>[vc_column_text text_style=&#8221;small-text&#8221; animation_delay=&#8221;800&#8243; animation_duration=&#8221;slow&#8221; el_class=&#8221;desc_reutilizacionlibro_texto_bloque&#8221;]Abans de finalitzar el curs, per fer la devoluci\u00f3 d&#8217;ecoBooks de manera f\u00e0cil Iddink us enviar\u00e0 un mail on us comunicar\u00e0:<\/p>\n<p style=\"padding-left: 5px;\"><span style=\"color: #1e73bc;\">o <\/span><strong>Dia, hora i lloc escollit per fer la devoluci\u00f3<\/strong>.<\/p>\n<p style=\"padding-left: 5px;\"><span style=\"color: #1e73bc;\">o <\/span><strong>Ecobooks que haureu de retornar: <\/strong>Iddink us adjuntar\u00e1 al mateix correu l&#8217;albar\u00e0 corresponent als ecoBooks que vau comprar el curs anterior i que heu de retornar. Tamb\u00e9 podreu descarregar-lo des del lloc web d&#8217;Iddink, entrant al men\u00fa <span style=\"color: #1e73bc;\"><strong><a style=\"color: #1e73bc;\" href=\"\/\/www.iddink.cat\/klantenservice\/?pagina=inlevering&amp;subApp=inleveringSubApp\">&#8216;Devoluci\u00f3 d&#8217;ecoBooks&#8217;<\/a><\/strong><\/span> i fent clic a &#8216;Albar\u00e0 de devoluci\u00f3&#8217;.<\/p>\n<p style=\"padding-left: 5px;\"><span style=\"color: #1e73bc;\">o <\/span><strong>Criteris de qualitat i instruccions:<\/strong> tamb\u00e9 trobareu un full explicatiu amb els criteris que han de seguir els ecoBooks per ser acceptats en el moment de la devoluci\u00f3.<\/p>\n<p>En el cas que no rebis l&#8217;email amb la data, tamb\u00e9 estar\u00e0s informat via SMS.[\/vc_column_text]<div class=\"eut-empty-space eut-height-1x\" style=\"\"><\/div><div class=\"eut-element eut-image eut-animated-item eut-duration-normal eut-fade-in eut-align-center\" style=\"\" data-delay=\"400\"><div class=\"eut-image-wrapper eut-popup-item\" style=\"max-width:398px;\"><div class=\"eut-thumbnail-wrapper\"  style=\"max-width: 398px;\"><div class=\"eut-thumbnail\"  style=\"padding-top: 86.432%;\"><img loading=\"lazy\" decoding=\"async\" width=\"398\" height=\"344\" src=\"https:\/\/spain.iddink.es\/wp-content\/uploads\/2019\/10\/ecobooks.jpg\" class=\"attachment-crocal-eutf-fullscreen size-crocal-eutf-fullscreen\" alt=\"\" data-eutf-filter=\"yes\" srcset=\"https:\/\/spain.iddink.es\/wp-content\/uploads\/2019\/10\/ecobooks.jpg 398w, https:\/\/spain.iddink.es\/wp-content\/uploads\/2019\/10\/ecobooks-300x259.jpg 300w\" sizes=\"auto, (max-width: 398px) 100vw, 398px\" \/><\/div><\/div>  <\/div><\/div><div class=\"eut-empty-space eut-height-1x\" style=\"\"><\/div>[vc_column_text el_class=&#8221;dev_pregunta_mobile&#8221; css=&#8221;.vc_custom_1571293491228{padding-top: 10px !important;padding-bottom: 15px !important;}&#8221;]<\/p>\n<p style=\"text-align: left;\"><strong><span style=\"color: #0073cf;\">Qui pot retornar els ecoBooks?<\/span> <\/strong><\/p>\n<p>[\/vc_column_text][vc_column_text text_style=&#8221;small-text&#8221; animation_delay=&#8221;800&#8243; animation_duration=&#8221;slow&#8221; el_class=&#8221;desc_reutilizacionlibro_texto_bloque&#8221;]Pot retornar els llibres un familiar, l&#8217;estudiant o un company. En el cas de que ning\u00fa pugui portar-los els dies acordats, disposeu fins al 15 de juliol per lliurar-los personalment a Iddink o enviar-los per missatgeria amb el mateix codi.<br \/>\n<strong> NO <\/strong> es poden deixar els llibres al centre escolar.[\/vc_column_text]<div class=\"eut-empty-space eut-height-1x\" style=\"\"><\/div>[\/vc_column][\/vc_row][vc_row rc_heading_color=&#8221;primary-1&#8243; rc_bg_type=&#8221;color&#8221; columns_gap=&#8221;none&#8221; equal_column_height=&#8221;equal&#8221; mobile_visibility=&#8221;hide&#8221; rc_bg_color=&#8221;#eff2f4&#8243; rc_font_color=&#8221;#ffffff&#8221;][vc_column vertical_content_position=&#8221;middle&#8221; text_align=&#8221;center&#8221; css=&#8221;.vc_custom_1565255326449{padding-right: 60px !important;padding-left: 60px !important;}&#8221;][vc_column_text el_class=&#8221;desc_reutilizacionlibro_titulo_bloque_ecobook&#8221; css=&#8221;.vc_custom_1594029516528{margin-right: 5px !important;margin-bottom: 30px !important;margin-left: 5px !important;}&#8221;]<\/p>\n<p style=\"text-align: center;\"><span style=\"color: #1e73bc;\">Recuperes assignatures?<\/span><\/p>\n<p>[\/vc_column_text][vc_column_text el_class=&#8221;desc_reutilizacionlibro_titulo_texto&#8221; css=&#8221;.vc_custom_1594029601650{margin-right: 5px !important;margin-left: 5px !important;}&#8221;]<\/p>\n<p style=\"text-align: center;\">Si necessites el llibre per estudiar durant l&#8217;estiu pots retornar-lo al setembre amb un cost addicional per llibre de 2,5 \u20ac. Recorda que per poder fer-ho, haur\u00e0s de comunicar-ho a Iddink per mail a info@iddink.es.<br \/>\nUn cop acabada la revisi\u00f3 us enviarem el comprovant de la devoluci\u00f3 per mail amb el resultat.<span style=\"color: #ffffff;\">.<\/span><\/p>\n<p>[\/vc_column_text][\/vc_column][\/vc_row][vc_row rc_heading_color=&#8221;primary-1&#8243; rc_bg_type=&#8221;color&#8221; columns_gap=&#8221;none&#8221; equal_column_height=&#8221;equal&#8221; desktop_visibility=&#8221;hide&#8221; tablet_visibility=&#8221;hide&#8221; tablet_sm_visibility=&#8221;hide&#8221; rc_bg_color=&#8221;#eff2f4&#8243; rc_font_color=&#8221;#ffffff&#8221;][vc_column vertical_content_position=&#8221;middle&#8221; text_align=&#8221;center&#8221; css=&#8221;.vc_custom_1567498535196{padding-right: 10px !important;padding-left: 10px !important;}&#8221;][vc_column_text el_class=&#8221;desc_reutilizacionlibro_titulo_bloque_ecobook_mobile&#8221; css=&#8221;.vc_custom_1594029551834{margin-right: 5px !important;margin-bottom: 30px !important;margin-left: 5px !important;}&#8221;]<\/p>\n<p style=\"text-align: center;\"><span style=\"color: #1e73bc;\">Recuperes assignatures?<\/span><\/p>\n<p>[\/vc_column_text][vc_column_text el_class=&#8221;desc_reutilizacionlibro_titulo_texto&#8221; css=&#8221;.vc_custom_1594029607258{margin-right: 5px !important;margin-left: 5px !important;}&#8221;]<\/p>\n<p style=\"text-align: center;\">Si necessites el llibre per estudiar durant l&#8217;estiu pots retornar-lo al setembre amb un cost addicional per llibre de 2,5 \u20ac. Recorda que per poder fer-ho, haur\u00e0s de comunicar-ho a Iddink per mail a info@iddink.es.<br \/>\nUn cop acabada la revisi\u00f3 us enviarem el comprovant de la devoluci\u00f3 per mail amb el resultat.<span style=\"color: #ffffff;\">.<\/span><\/p>\n<p>[\/vc_column_text][\/vc_column][\/vc_row][vc_row padding_bottom_multiplier=&#8221;&#8221; mobile_visibility=&#8221;hide&#8221;][vc_column full_height=&#8221;yes&#8221; block_content=&#8221;video-embeds&#8221;]<h3 class=\"eut-element eut-title eut-align-inherit eut-h3 eut-custom-font-1 desc_reutilizacionlibro_titulo_bloque2\" style=\"margin-bottom: 1xpx;\"><span>Perqu\u00e8 tot sigui m\u00e9s r\u00e0pid, et recomanem que portis els ecoBooks esborrats, sense noms, revisats i, preferentment, en l&#8217;hora i dies indicats.<\/span><\/h3>[\/vc_column][\/vc_row][vc_row padding_bottom_multiplier=&#8221;2x&#8221; mobile_visibility=&#8221;hide&#8221;][vc_column width=&#8221;1\/2&#8243; full_height=&#8221;yes&#8221; block_content=&#8221;video-embeds&#8221; css=&#8221;.vc_custom_1594030413069{padding-left: 60px !important;}&#8221;][vc_column_text]La devoluci\u00f3 s&#8217;ha de realitzar a l&#8217;ag\u00e8ncia de transport que t&#8217;h\u00e0guem indicat pr\u00e8viament per e-mail, en una franja hor\u00e0ria espec\u00edfica, per evitar aglomeracions i cues. \u00c9s molt important que introdu\u00efu l&#8217;albar\u00e0 impr\u00e8s a la primera p\u00e0gina del primer ecoBook a retornar. Podreu descarregar-lo <a href=\"https:\/\/www.iddink.cat\/klantenservice\/?taalISO=cat\" target=\"_blank\" rel=\"noopener\">accedint aqu\u00ed.<\/a><\/p>\n<p>Us recomanem portar els ecoBooks dins d&#8217;una bossa o capsa ben precintada per agilitzar el proc\u00e9s de recollida i per evitar que l&#8217;ag\u00e8ncia de transport us cobri c\u00e0rrecs addicionals.<\/p>\n<p>Un cop els ecoBooks arribat al nostre magatzem i els haguem revisat, us enviarem per correu electr\u00f2nic l&#8217;albar\u00e0 (rebut) amb el resultat de la vostra devoluci\u00f3.[\/vc_column_text][\/vc_column][vc_column width=&#8221;1\/2&#8243; css=&#8221;.vc_custom_1570574645849{padding-right: 10px !important;padding-left: 10px !important;}&#8221;]<div class=\"eut-empty-space eut-height-1x\" style=\"\"><\/div><div class=\"eut-element eut-video\" style=\"\"><iframe loading=\"lazy\" title=\"Com retornar els ecoBooks d&#039;Iddink\" src=\"https:\/\/player.vimeo.com\/video\/437081582?dnt=1&amp;app_id=122963\" width=\"1080\" height=\"608\" frameborder=\"0\" allow=\"autoplay; fullscreen; picture-in-picture; clipboard-write\"><\/iframe><\/div>[\/vc_column][\/vc_row][vc_row padding_top_multiplier=&#8221;2x&#8221; padding_bottom_multiplier=&#8221;2x&#8221; desktop_visibility=&#8221;hide&#8221; tablet_visibility=&#8221;hide&#8221; tablet_sm_visibility=&#8221;hide&#8221;][vc_column css=&#8221;.vc_custom_1576488594855{padding-right: 10px !important;padding-left: 10px !important;}&#8221;][vc_column_text el_class=&#8221;desc_reutilizacionlibro_titulo_bloque_mobile&#8221;]Perqu\u00e8 tot sigui m\u00e9s r\u00e0pid, et recomanem que portis els ecoBooks esborrats, sense noms, revisats i, preferentment, en l&#8217;horari indicat.[\/vc_column_text]<div class=\"eut-empty-space eut-height-1x\" style=\"\"><\/div>[vc_column_text css=&#8221;.vc_custom_1576488489075{margin-right: 5px !important;margin-left: 5px !important;}&#8221;]La recollida es realitza al centre educatiu el dia decidit per la direcci\u00f3, l&#8217;AFA i Iddink. \u00c9s recomanable que les fam\u00edlies \/ alumnes portin l&#8217;albar\u00e0 per agilitzar el proc\u00e9s de recollida, encara que no \u00e9s indispensable.<\/p>\n<p style=\"text-align: left;\">Podreu descarregar-lo <strong><a href=\"\/\/www.iddink.cat\/klantenservice\/?pagina=inlevering&amp;subApp=inleveringSubApp\">accedint aqu\u00ed:<\/a><\/strong> <a href=\"\/\/www.iddink.cat\/klantenservice\/?pagina=inlevering&amp;subApp=inleveringSubApp\"><i class=\"fa fa-arrow-circle-down \" ><\/i><\/a><\/p>\n<p>Al centre hi haur\u00e0 una sala gran on el personal d&#8217;Iddink procedir\u00e0 a la revisi\u00f3, escaneig i impressi\u00f3 de l&#8217;albar\u00e0 (rebut) amb el resultat de la vostra devoluci\u00f3 de ecoBooks.<br \/>\nEls llibres es revisen en el moment de la recollida, davant de la fam\u00edlia o l&#8217;alumne, seguint els criteris de qualitat informats.[\/vc_column_text]<div class=\"eut-empty-space eut-height-1x\" style=\"\"><\/div><div class=\"eut-element eut-video\" style=\"margin-bottom: 2xpx;\"><iframe loading=\"lazy\" title=\"Com retornar els Ecobooks\" src=\"https:\/\/player.vimeo.com\/video\/97832068?dnt=1&amp;app_id=122963\" width=\"640\" height=\"360\" frameborder=\"0\" allow=\"autoplay; fullscreen\" allowfullscreen><\/iframe><\/div>[\/vc_column][\/vc_row]<\/p>\n","protected":false},"excerpt":{"rendered":"<p>[vc_row section_type=&#8221;fullwidth&#8221; height_ratio=&#8221;60&#8243; padding_top_multiplier=&#8221;&#8221; padding_bottom_multiplier=&#8221;&#8221; rc_bg_type=&#8221;image&#8221; rc_bg_image=&#8221;10137&#8243; tablet_visibility=&#8221;hide&#8221; tablet_sm_visibility=&#8221;hide&#8221; mobile_visibility=&#8221;hide&#8221; mobile_height_ratio=&#8221;100&#8243;][vc_column][vc_column_text][\/vc_column_text][\/vc_column][\/vc_row][vc_row section_type=&#8221;fullwidth&#8221; padding_top_multiplier=&#8221;&#8221; padding_bottom_multiplier=&#8221;&#8221; rc_bg_type=&#8221;image&#8221; rc_bg_image=&#8221;10137&#8243; desktop_visibility=&#8221;hide&#8221; el_class=&#8221;desc_image_banner_height&#8221;][vc_column][vc_column_text][\/vc_column_text][\/vc_column][\/vc_row][vc_row rc_heading_color=&#8221;light&#8221; rc_bg_type=&#8221;color&#8221; mobile_visibility=&#8221;hide&#8221; rc_font_color=&#8221;#ffffff&#8221; rc_bg_color=&#8221;#1e73bc&#8221;][vc_column width=&#8221;1\/12&#8243; vertical_content_position=&#8221;middle&#8221; text_align=&#8221;center&#8221;][\/vc_column][vc_column width=&#8221;5\/6&#8243; css=&#8221;.vc_custom_1570593179136{padding-top: 15px !important;}&#8221;][vc_column_text el_class=&#8221;desc_reutilizacionlibro_bloque&#8221;] Un cop finalitzat el curs els alumnes han de retornar els seus ecoBooks a Iddink, de manera que puguin servir per a altres alumnes [&hellip;]<\/p>\n","protected":false},"author":9,"featured_media":0,"parent":9494,"menu_order":0,"comment_status":"closed","ping_status":"closed","template":"","meta":{"footnotes":""},"class_list":["post-9499","page","type-page","status-publish","hentry"],"_links":{"self":[{"href":"https:\/\/spain.iddink.es\/ca\/wp-json\/wp\/v2\/pages\/9499","targetHints":{"allow":["GET"]}}],"collection":[{"href":"https:\/\/spain.iddink.es\/ca\/wp-json\/wp\/v2\/pages"}],"about":[{"href":"https:\/\/spain.iddink.es\/ca\/wp-json\/wp\/v2\/types\/page"}],"author":[{"embeddable":true,"href":"https:\/\/spain.iddink.es\/ca\/wp-json\/wp\/v2\/users\/9"}],"replies":[{"embeddable":true,"href":"https:\/\/spain.iddink.es\/ca\/wp-json\/wp\/v2\/comments?post=9499"}],"version-history":[{"count":14,"href":"https:\/\/spain.iddink.es\/ca\/wp-json\/wp\/v2\/pages\/9499\/revisions"}],"predecessor-version":[{"id":13749,"href":"https:\/\/spain.iddink.es\/ca\/wp-json\/wp\/v2\/pages\/9499\/revisions\/13749"}],"up":[{"embeddable":true,"href":"https:\/\/spain.iddink.es\/ca\/wp-json\/wp\/v2\/pages\/9494"}],"wp:attachment":[{"href":"https:\/\/spain.iddink.es\/ca\/wp-json\/wp\/v2\/media?parent=9499"}],"curies":[{"name":"wp","href":"https:\/\/api.w.org\/{rel}","templated":true}]}}