{"id":9511,"date":"2019-09-26T18:12:35","date_gmt":"2019-09-26T16:12:35","guid":{"rendered":"https:\/\/www.pre-iddink.cat\/estudiantes\/iddink-digital\/"},"modified":"2020-07-06T12:25:28","modified_gmt":"2020-07-06T10:25:28","slug":"iddink-digital","status":"publish","type":"page","link":"https:\/\/spain.iddink.es\/ca\/estudiants\/iddink-digital\/","title":{"rendered":"Iddink digital"},"content":{"rendered":"<p>[vc_row height_ratio=&#8221;60&#8243; padding_top_multiplier=&#8221;custom&#8221; padding_bottom_multiplier=&#8221;&#8221; rc_heading_color=&#8221;light&#8221; rc_bg_type=&#8221;image&#8221; rc_bg_image=&#8221;11675&#8243; rc_bg_image_size=&#8221;full&#8221; tablet_sm_height_ratio=&#8221;inherit&#8221; mobile_height_ratio=&#8221;60&#8243; rc_font_color=&#8221;#ffffff&#8221; rc_bg_color=&#8221;#5b5b5b&#8221;][vc_column width=&#8221;1\/2&#8243; content_width=&#8221;75&#8243; vertical_content_position=&#8221;middle&#8221; full_height=&#8221;yes&#8221;]<div class=\"eut-empty-space eut-height-1x\" style=\"\"><\/div><h1 class=\"eut-element eut-title eut-align-inherit eut-h2 desc_centros_titulo\" style=\"margin-bottom: nonepx;\"><span><strong>Iddink Digital<\/strong><\/span><\/h1><h3 class=\"eut-element eut-title eut-align-inherit eut-h3 desc_centros_subtitulo\" style=\"margin-bottom: 1xpx;\"><span>Els teus continguts digitals en un \u00fanic lloc<\/span><\/h3><div class=\"eut-element eut-align-inherit\"><a href=\"http:\/\/www.iddinkdigital.com\" title=\"Iddink digital\" target=\"_blank\" class=\"eut-btn eut-btn-large eut-extra-round eut-bg-white eut-bg-hover-white eut-btn-line btn-iddink--button\" style=\"margin-bottom: 10px;\" rel=\"noopener\"><span>Accedir<\/span><\/a><\/div>[\/vc_column][vc_column width=&#8221;1\/2&#8243; vertical_content_position=&#8221;bottom&#8221; full_height=&#8221;yes&#8221; css=&#8221;.vc_custom_1570181489105{padding-bottom: 15% !important;padding-left: 15% !important;}&#8221; el_id=&#8221;banner-centros-title&#8221;][\/vc_column][\/vc_row][vc_row padding_top_multiplier=&#8221;2x&#8221; mobile_visibility=&#8221;hide&#8221;][vc_column][vc_column_text el_class=&#8221;desc_iddinkdigital_titulo_azul&#8221; css=&#8221;.vc_custom_1573815196060{margin-bottom: 10px !important;}&#8221;]El sistema perqu\u00e8 els estudiants puguin accedir als diferents continguts digitals des del primer dia de classe, amb un \u00fanic usuari i contrasenya.[\/vc_column_text][\/vc_column][\/vc_row][vc_row padding_top_multiplier=&#8221;3x&#8221; padding_bottom_multiplier=&#8221;&#8221; desktop_visibility=&#8221;hide&#8221; tablet_visibility=&#8221;hide&#8221; tablet_sm_visibility=&#8221;hide&#8221;][vc_column]<div class=\"eut-empty-space eut-height-1x\" style=\"\"><\/div>[vc_column_text el_class=&#8221;desc_iddinkdigital_titulo_azul_mobile&#8221; css=&#8221;.vc_custom_1573815203294{margin-bottom: 10px !important;}&#8221;]El sistema perqu\u00e8 els estudiants puguin accedir als diferents continguts digitals des del primer dia de classe, amb un \u00fanic usuari i contrasenya.[\/vc_column_text][\/vc_column][\/vc_row][vc_row padding_bottom_multiplier=&#8221;2x&#8221; columns_gap=&#8221;60&#8243; mobile_visibility=&#8221;hide&#8221; scroll_section_title=&#8221;Skills&#8221;][vc_column width=&#8221;1\/3&#8243; text_align=&#8221;center&#8221;]<h3 class=\"eut-element eut-title eut-align-inherit eut-h1 eut-custom-font-1 desc_iddinkdigital_dia eut-increase-heading eut-heading-140\" style=\"margin-bottom: 6px;\"><span><span style=\"color: #000000;\">01<\/span><\/span><\/h3><h3 class=\"eut-element eut-title eut-align-inherit eut-h6 desc_iddinkdigital_titulo_dia\" style=\"\"><span><span style=\"color: #2fbfcb;\">Plataforma &#8220;tot alhora&#8221;<\/span><\/span><\/h3>[vc_column_text text_style=&#8221;small-text&#8221; el_class=&#8221;desc_iddinkdigital_texto_dia&#8221;]Es facilita la compra de \u201ctot alhora\u201d: els pares poden comprar els diferents continguts digitals en el mateix moment i al mateix lloc que la resta de materials necessaris pel curs.[\/vc_column_text][\/vc_column][vc_column width=&#8221;1\/3&#8243; text_align=&#8221;center&#8221;]<h3 class=\"eut-element eut-title eut-align-inherit eut-h1 eut-custom-font-1 desc_iddinkdigital_dia eut-increase-heading eut-heading-140\" style=\"margin-bottom: 6px;\"><span><span style=\"color: #000000;\">02<\/span><\/span><\/h3><h3 class=\"eut-element eut-title eut-align-inherit eut-h6 desc_iddinkdigital_titulo_dia\" style=\"\"><span><span style=\"color: #2fbfcb;\">Monitorizaci\u00f3 de llic\u00e8ncies<\/span><\/span><\/h3>[vc_column_text text_style=&#8221;small-text&#8221; el_class=&#8221;desc_iddinkdigital_texto_dia&#8221;]Control i visibilitat de l\u2019estat de les llic\u00e8ncies de cada alumne i els seus accessos; facilita amb un clic l\u2019av\u00eds a la fam\u00edlia perqu\u00e8 realitzi la compra del material que necessita cada alumne.[\/vc_column_text][\/vc_column][vc_column width=&#8221;1\/3&#8243; text_align=&#8221;center&#8221;]<h3 class=\"eut-element eut-title eut-align-inherit eut-h1 eut-custom-font-1 desc_iddinkdigital_dia eut-increase-heading eut-heading-140\" style=\"margin-bottom: 6px;\"><span><span style=\"color: #000000;\">03<\/span><\/span><\/h3><h3 class=\"eut-element eut-title eut-align-inherit eut-h6 desc_iddinkdigital_titulo_dia\" style=\"\"><span><span style=\"color: #2fbfcb;\">Control de pagaments i accesos<\/span><\/span><\/h3>[vc_column_text text_style=&#8221;small-text&#8221; el_class=&#8221;desc_iddinkdigital_texto_dia&#8221;]El control i la gesti\u00f3 dels pagaments es realitza per Iddink en temps real; aix\u00ed com la monitoritzaci\u00f3 dels accessos als diferents continguts per curs, grup i alumne.[\/vc_column_text][\/vc_column][vc_column mobile_width=&#8221;hide&#8221;]<div class=\"eut-empty-space eut-height-2x\" style=\"\"><\/div>[\/vc_column][vc_column width=&#8221;1\/6&#8243; text_align=&#8221;center&#8221;][\/vc_column][vc_column width=&#8221;1\/3&#8243; text_align=&#8221;center&#8221;]<h3 class=\"eut-element eut-title eut-align-center eut-h1 eut-custom-font-1 desc_iddinkdigital_dia eut-increase-heading eut-heading-140\" style=\"margin-bottom: 6px;\"><span><span style=\"color: #000000;\">04<\/span><\/span><\/h3><h3 class=\"eut-element eut-title eut-align-inherit eut-h6 desc_iddinkdigital_titulo_dia\" style=\"\"><span><span style=\"color: #2fbfcb;\">Sense feina extra<\/span><\/span><\/h3>[vc_column_text text_style=&#8221;small-text&#8221; el_class=&#8221;desc_iddinkdigital_texto_dia&#8221;]El centre ja no ha de gestionar la compra de llic\u00e8ncies ni l\u2019assignaci\u00f3 i activaci\u00f3 dels codis d\u2019acc\u00e9s per editor \/ contingut \/ alumne.[\/vc_column_text][\/vc_column][vc_column width=&#8221;1\/3&#8243; text_align=&#8221;center&#8221;]<h3 class=\"eut-element eut-title eut-align-inherit eut-h1 eut-custom-font-1 desc_iddinkdigital_dia eut-increase-heading eut-heading-140\" style=\"margin-bottom: 6px;\"><span><span style=\"color: #000000;\">05<\/span><\/span><\/h3><h3 class=\"eut-element eut-title eut-align-inherit eut-h6 desc_iddinkdigital_titulo_dia\" style=\"\"><span><span style=\"color: #2fbfcb;\">Acc\u00e9s temporal<\/span><\/span><\/h3>[vc_column_text text_style=&#8221;small-text&#8221; el_class=&#8221;desc_iddinkdigital_texto_dia&#8221;]Es d\u00f3na acc\u00e9s temporal als continguts digitals als estudiants que encara no han comprat la llic\u00e8ncia.[\/vc_column_text][\/vc_column][vc_column width=&#8221;1\/6&#8243; mobile_width=&#8221;hide&#8221;][\/vc_column][vc_column]<div class=\"eut-empty-space eut-height-2x\" style=\"\"><\/div>[\/vc_column][\/vc_row][vc_row padding_bottom_multiplier=&#8221;2x&#8221; columns_gap=&#8221;60&#8243; desktop_visibility=&#8221;hide&#8221; tablet_visibility=&#8221;hide&#8221; tablet_sm_visibility=&#8221;hide&#8221; scroll_section_title=&#8221;Skills&#8221;][vc_column width=&#8221;1\/3&#8243; text_align=&#8221;center&#8221;]<h3 class=\"eut-element eut-title eut-align-inherit eut-h1 eut-custom-font-1 desc_iddinkdigital_dia eut-increase-heading eut-heading-180\" style=\"margin-bottom: 6px;\"><span><span style=\"color: #000000;\">01<\/span><\/span><\/h3><h3 class=\"eut-element eut-title eut-align-inherit eut-h6 desc_iddinkdigital_titulo_dia_mobile\" style=\"\"><span><span style=\"color: #2fbfcb;\">Plataforma &#8220;tot alhora&#8221;<\/span><\/span><\/h3>[vc_column_text text_style=&#8221;small-text&#8221; el_class=&#8221;desc_iddinkdigital_texto_dia_mobile&#8221;]Es facilita la compra de \u201ctot alhora\u201d: els pares poden comprar els diferents continguts digitals en el mateix moment i al mateix lloc que la resta de materials necessaris pel curs.[\/vc_column_text][\/vc_column][vc_column width=&#8221;1\/3&#8243; text_align=&#8221;center&#8221;]<h3 class=\"eut-element eut-title eut-align-inherit eut-h1 eut-custom-font-1 desc_iddinkdigital_dia eut-increase-heading eut-heading-180\" style=\"margin-bottom: 6px;\"><span><span style=\"color: #000000;\">02<\/span><\/span><\/h3><h3 class=\"eut-element eut-title eut-align-inherit eut-h6 desc_iddinkdigital_titulo_dia_mobile\" style=\"\"><span><span style=\"color: #2fbfcb;\">Monitorizaci\u00f3 de llic\u00e8ncies<\/span><\/span><\/h3>[vc_column_text text_style=&#8221;small-text&#8221; el_class=&#8221;desc_iddinkdigital_texto_dia_mobile&#8221;]Control i visibilitat de l\u2019estat de les llic\u00e8ncies de cada alumne i els seus accessos; facilita amb un clic l\u2019av\u00eds a la fam\u00edlia perqu\u00e8 realitzi la compra del material que necessita cada alumne.[\/vc_column_text][\/vc_column][vc_column width=&#8221;1\/3&#8243; text_align=&#8221;center&#8221;]<h3 class=\"eut-element eut-title eut-align-inherit eut-h1 eut-custom-font-1 desc_iddinkdigital_dia eut-increase-heading eut-heading-180\" style=\"margin-bottom: 6px;\"><span><span style=\"color: #000000;\">03<\/span><\/span><\/h3><h3 class=\"eut-element eut-title eut-align-inherit eut-h6 desc_iddinkdigital_titulo_dia_mobile\" style=\"\"><span><span style=\"color: #2fbfcb;\">Control de pagaments i accesos<\/span><\/span><\/h3>[vc_column_text text_style=&#8221;small-text&#8221; el_class=&#8221;desc_iddinkdigital_texto_dia_mobile&#8221;]El control i la gesti\u00f3 dels pagaments es realitza per Iddink en temps real; aix\u00ed com la monitoritzaci\u00f3 dels accessos als diferents continguts per curs, grup i alumne.[\/vc_column_text][\/vc_column][vc_column mobile_width=&#8221;hide&#8221;]<div class=\"eut-empty-space eut-height-2x\" style=\"\"><\/div>[\/vc_column][vc_column width=&#8221;1\/3&#8243; text_align=&#8221;center&#8221;]<h3 class=\"eut-element eut-title eut-align-inherit eut-h1 eut-custom-font-1 desc_iddinkdigital_dia eut-increase-heading eut-heading-180\" style=\"margin-bottom: 6px;\"><span><span style=\"color: #000000;\">04<\/span><\/span><\/h3><h3 class=\"eut-element eut-title eut-align-inherit eut-h6 desc_iddinkdigital_titulo_dia_mobile\" style=\"\"><span><span style=\"color: #2fbfcb;\">Acc\u00e9s temporal<\/span><\/span><\/h3>[vc_column_text text_style=&#8221;small-text&#8221; el_class=&#8221;desc_iddinkdigital_texto_dia_mobile&#8221;]Es d\u00f3na acc\u00e9s temporal als continguts digitals als estudiants que encara no han comprat la llic\u00e8ncia.[\/vc_column_text][\/vc_column][vc_column width=&#8221;1\/3&#8243; text_align=&#8221;center&#8221;]<h3 class=\"eut-element eut-title eut-align-inherit eut-h1 eut-custom-font-1 desc_iddinkdigital_dia eut-increase-heading eut-heading-180\" style=\"margin-bottom: 6px;\"><span><span style=\"color: #000000;\">05<\/span><\/span><\/h3><h3 class=\"eut-element eut-title eut-align-inherit eut-h6 desc_iddinkdigital_titulo_dia_mobile\" style=\"\"><span><span style=\"color: #2fbfcb;\">Sense feina extra<\/span><\/span><\/h3>[vc_column_text text_style=&#8221;small-text&#8221; el_class=&#8221;desc_iddinkdigital_texto_dia_mobile&#8221;]El centre ja no ha de gestionar la compra de llic\u00e8ncies ni l\u2019assignaci\u00f3 i activaci\u00f3 dels codis d\u2019acc\u00e9s per editor \/ contingut \/ alumne.[\/vc_column_text][\/vc_column][vc_column width=&#8221;1\/3&#8243; text_align=&#8221;center&#8221;][\/vc_column][vc_column mobile_width=&#8221;hide&#8221;]<div class=\"eut-empty-space eut-height-2x\" style=\"\"><\/div>[\/vc_column][\/vc_row][vc_row padding_top_multiplier=&#8221;2x&#8221; rc_bg_type=&#8221;color&#8221; mobile_visibility=&#8221;hide&#8221; rc_bg_color=&#8221;#eff2f4&#8243;][vc_column css=&#8221;.vc_custom_1573639009144{padding-right: 12px !important;padding-left: 12px !important;}&#8221;][vc_column_text el_class=&#8221;desc_iddinkdigital_titulo_azul&#8221;]<\/p>\n<p style=\"text-align: center;\">Permet la compra de les llic\u00e8ncies digitals conjuntament amb la resta de llibres<br \/>\ni materials educatius. Pots veure com accedir i com funciona als seg\u00fcents v\u00eddeos.<\/p>\n<p>[\/vc_column_text][\/vc_column][\/vc_row][vc_row padding_top_multiplier=&#8221;&#8221; padding_bottom_multiplier=&#8221;&#8221; desktop_visibility=&#8221;hide&#8221; tablet_visibility=&#8221;hide&#8221; tablet_sm_visibility=&#8221;hide&#8221;][vc_column]<div class=\"eut-empty-space eut-height-1x\" style=\"\"><\/div>[\/vc_column][\/vc_row][vc_row padding_top_multiplier=&#8221;2x&#8221; rc_bg_type=&#8221;color&#8221; desktop_visibility=&#8221;hide&#8221; tablet_visibility=&#8221;hide&#8221; tablet_sm_visibility=&#8221;hide&#8221; rc_bg_color=&#8221;#eff2f4&#8243;][vc_column css=&#8221;.vc_custom_1570522910289{padding-right: 10px !important;padding-left: 10px !important;}&#8221;][vc_column_text el_class=&#8221;desc_iddinkdigital_titulo_azul_mobile&#8221;]<\/p>\n<p style=\"text-align: center;\">Permet la compra de les llic\u00e8ncies digitals conjuntament amb la resta de llibres i materials educatius. Pots veure com accedir i com funciona als seg\u00fcents v\u00eddeos.<\/p>\n<p>[\/vc_column_text][\/vc_column][\/vc_row][vc_row padding_bottom_multiplier=&#8221;3x&#8221; rc_bg_type=&#8221;color&#8221; mobile_visibility=&#8221;hide&#8221; rc_bg_color=&#8221;#eff2f4&#8243;][vc_column width=&#8221;1\/2&#8243; text_align=&#8221;center&#8221;]<div class=\"eut-element eut-video\" style=\"\"><iframe loading=\"lazy\" title=\"IddinkDigital-Quees-CAT\" src=\"https:\/\/player.vimeo.com\/video\/427321499?dnt=1&amp;app_id=122963\" width=\"1080\" height=\"608\" frameborder=\"0\" allow=\"autoplay; fullscreen\" allowfullscreen><\/iframe><\/div>[\/vc_column][vc_column width=&#8221;1\/2&#8243;]<div class=\"eut-element eut-video\" style=\"\"><iframe loading=\"lazy\" title=\"IddinkDigital-ComAccedir-CA\" src=\"https:\/\/player.vimeo.com\/video\/427321666?dnt=1&amp;app_id=122963\" width=\"1080\" height=\"608\" frameborder=\"0\" allow=\"autoplay; fullscreen\" allowfullscreen><\/iframe><\/div>[\/vc_column][\/vc_row][vc_row padding_top_multiplier=&#8221;&#8221; padding_bottom_multiplier=&#8221;5x&#8221; rc_bg_type=&#8221;color&#8221; desktop_visibility=&#8221;hide&#8221; tablet_visibility=&#8221;hide&#8221; tablet_sm_visibility=&#8221;hide&#8221; rc_bg_color=&#8221;#eff2f4&#8243;][vc_column width=&#8221;1\/2&#8243; text_align=&#8221;center&#8221;]<div class=\"eut-element eut-video\" style=\"\"><iframe loading=\"lazy\" title=\"IddinkDigital-Quees-CAT\" src=\"https:\/\/player.vimeo.com\/video\/427321499?dnt=1&amp;app_id=122963\" width=\"1080\" height=\"608\" frameborder=\"0\" allow=\"autoplay; fullscreen\" allowfullscreen><\/iframe><\/div>[\/vc_column][vc_column width=&#8221;1\/2&#8243;]<div class=\"eut-element eut-video\" style=\"\"><iframe loading=\"lazy\" title=\"IddinkDigital-ComAccedir-CA\" src=\"https:\/\/player.vimeo.com\/video\/427321666?dnt=1&amp;app_id=122963\" width=\"1080\" height=\"608\" frameborder=\"0\" allow=\"autoplay; fullscreen\" allowfullscreen><\/iframe><\/div>[\/vc_column][\/vc_row]<\/p>\n","protected":false},"excerpt":{"rendered":"<p>[vc_row height_ratio=&#8221;60&#8243; padding_top_multiplier=&#8221;custom&#8221; padding_bottom_multiplier=&#8221;&#8221; rc_heading_color=&#8221;light&#8221; rc_bg_type=&#8221;image&#8221; rc_bg_image=&#8221;11675&#8243; rc_bg_image_size=&#8221;full&#8221; tablet_sm_height_ratio=&#8221;inherit&#8221; mobile_height_ratio=&#8221;60&#8243; rc_font_color=&#8221;#ffffff&#8221; rc_bg_color=&#8221;#5b5b5b&#8221;][vc_column width=&#8221;1\/2&#8243; content_width=&#8221;75&#8243; vertical_content_position=&#8221;middle&#8221; full_height=&#8221;yes&#8221;][\/vc_column][vc_column width=&#8221;1\/2&#8243; vertical_content_position=&#8221;bottom&#8221; full_height=&#8221;yes&#8221; css=&#8221;.vc_custom_1570181489105{padding-bottom: 15% !important;padding-left: 15% !important;}&#8221; el_id=&#8221;banner-centros-title&#8221;][\/vc_column][\/vc_row][vc_row padding_top_multiplier=&#8221;2x&#8221; mobile_visibility=&#8221;hide&#8221;][vc_column][vc_column_text el_class=&#8221;desc_iddinkdigital_titulo_azul&#8221; css=&#8221;.vc_custom_1573815196060{margin-bottom: 10px !important;}&#8221;]El sistema perqu\u00e8 els estudiants puguin accedir als diferents continguts digitals des del primer dia de classe, amb un \u00fanic usuari i contrasenya.[\/vc_column_text][\/vc_column][\/vc_row][vc_row padding_top_multiplier=&#8221;3x&#8221; padding_bottom_multiplier=&#8221;&#8221; [&hellip;]<\/p>\n","protected":false},"author":9,"featured_media":0,"parent":9488,"menu_order":0,"comment_status":"closed","ping_status":"closed","template":"","meta":{"footnotes":""},"class_list":["post-9511","page","type-page","status-publish","hentry"],"_links":{"self":[{"href":"https:\/\/spain.iddink.es\/ca\/wp-json\/wp\/v2\/pages\/9511","targetHints":{"allow":["GET"]}}],"collection":[{"href":"https:\/\/spain.iddink.es\/ca\/wp-json\/wp\/v2\/pages"}],"about":[{"href":"https:\/\/spain.iddink.es\/ca\/wp-json\/wp\/v2\/types\/page"}],"author":[{"embeddable":true,"href":"https:\/\/spain.iddink.es\/ca\/wp-json\/wp\/v2\/users\/9"}],"replies":[{"embeddable":true,"href":"https:\/\/spain.iddink.es\/ca\/wp-json\/wp\/v2\/comments?post=9511"}],"version-history":[{"count":12,"href":"https:\/\/spain.iddink.es\/ca\/wp-json\/wp\/v2\/pages\/9511\/revisions"}],"predecessor-version":[{"id":12288,"href":"https:\/\/spain.iddink.es\/ca\/wp-json\/wp\/v2\/pages\/9511\/revisions\/12288"}],"up":[{"embeddable":true,"href":"https:\/\/spain.iddink.es\/ca\/wp-json\/wp\/v2\/pages\/9488"}],"wp:attachment":[{"href":"https:\/\/spain.iddink.es\/ca\/wp-json\/wp\/v2\/media?parent=9511"}],"curies":[{"name":"wp","href":"https:\/\/api.w.org\/{rel}","templated":true}]}}