{"id":9521,"date":"2019-09-16T16:48:10","date_gmt":"2019-09-16T14:48:10","guid":{"rendered":"https:\/\/www.pre-iddink.cat\/estudiantes\/area-privada\/"},"modified":"2020-06-19T16:09:03","modified_gmt":"2020-06-19T14:09:03","slug":"el-meu-compte","status":"publish","type":"page","link":"https:\/\/spain.iddink.es\/ca\/estudiants\/el-meu-compte\/","title":{"rendered":"El meu compte"},"content":{"rendered":"<p>[vc_row padding_top_multiplier=&#8221;6x&#8221; padding_bottom_multiplier=&#8221;6x&#8221; rc_heading_color=&#8221;light&#8221; rc_bg_type=&#8221;image&#8221; rc_bg_image=&#8221;8534&#8243; rc_bg_image_size=&#8221;responsive&#8221; mobile_visibility=&#8221;hide&#8221; rc_font_color=&#8221;#ffffff&#8221;][vc_column tablet_sm_width=&#8221;hide&#8221; mobile_width=&#8221;hide&#8221;][vc_column_text el_class=&#8221;desc_areaprivada_titulo_azul&#8221;]<strong>Fes la teva comanda<br \/>\nde material educatiu<\/strong>[\/vc_column_text]<div class=\"eut-empty-space eut-height-1x\" style=\"\"><\/div><div class=\"eut-empty-space eut-height-3x\" style=\"\"><\/div><div class=\"eut-element eut-align-inherit espacio_auto_areaprivada_targetas eut-fluid-button\"><a href=\"https:\/\/www.iddink.es\/bestellen\/?taalISO=cat\" title=\"Fes la teva comanda\" target=\"_blank\" class=\"eut-btn eut-btn-small eut-extra-round eut-bg-primary-2 eut-bg-hover-black btn-iddink\" style=\"max-width: 150px;\" rel=\"noopener\"><span>Fes la teva comanda<\/span><\/a><\/div>[\/vc_column][\/vc_row][vc_row padding_top_multiplier=&#8221;6x&#8221; padding_bottom_multiplier=&#8221;6x&#8221; rc_heading_color=&#8221;light&#8221; rc_bg_type=&#8221;image&#8221; rc_bg_image=&#8221;8534&#8243; desktop_visibility=&#8221;hide&#8221; tablet_visibility=&#8221;hide&#8221; tablet_sm_visibility=&#8221;hide&#8221; rc_font_color=&#8221;#ffffff&#8221;][vc_column]<div class=\"eut-empty-space eut-height-1x\" style=\"\"><\/div>[\/vc_column][\/vc_row][vc_row padding_top_multiplier=&#8221;&#8221; desktop_visibility=&#8221;hide&#8221; tablet_visibility=&#8221;hide&#8221;][vc_column css=&#8221;.vc_custom_1567506538407{margin-top: 20px !important;margin-bottom: 0px !important;}&#8221;][vc_column_text el_class=&#8221;desc_areaprivada_titulo_azul_mobile&#8221; css=&#8221;.vc_custom_1592575636166{margin-bottom: 20px !important;}&#8221;]<\/p>\n<p style=\"text-align: center;\"><strong>Fes la teva comanda de material educatiu<\/strong><\/p>\n<p>[\/vc_column_text][vc_column_text el_class=&#8221;desc_areaprivada_subtitulo_mobile&#8221; css=&#8221;.vc_custom_1592575656265{margin-right: 10px !important;margin-left: 10px !important;}&#8221;]<\/p>\n<p style=\"text-align: center;\">Per accedir a qualsevol apartat cal disposar de l&#8217;usuari i contrasenya que pr\u00e8viament us hagi facilitat Iddink<\/p>\n<p>[\/vc_column_text]<div class=\"eut-empty-space eut-height-4x\" style=\"\"><\/div><div class=\"eut-element eut-align-inherit espacio_auto_areaprivada_targetas eut-fluid-button\"><a href=\"https:\/\/www.iddink.es\/bestellen\/?taalISO=cat\" title=\"Fes la teva comanda\" target=\"_blank\" class=\"eut-btn eut-btn-small eut-extra-round eut-bg-primary-2 eut-bg-hover-black btn-iddink\" style=\"max-width: 150px;\" rel=\"noopener\"><span>Fes la teva comanda<\/span><\/a><\/div>[\/vc_column][\/vc_row][vc_row padding_top_multiplier=&#8221;&#8221; padding_bottom_multiplier=&#8221;2x&#8221; rc_bg_type=&#8221;color&#8221; min_height=&#8221;400&#8243; rc_bg_color=&#8221;#f5f6f7&#8243;][vc_column vertical_content_position=&#8221;middle&#8221;][vc_row_inner padding_top_multiplier=&#8221;&#8221; padding_bottom_multiplier=&#8221;&#8221; columns_gap=&#8221;5&#8243; mobile_visibility=&#8221;hide&#8221; tablet_sm_columns_vertical_gap=&#8221;5&#8243;][vc_column_inner width=&#8221;1\/3&#8243; full_height=&#8221;yes&#8221; rc_bg_type=&#8221;color&#8221; tablet_sm_width=&#8221;1-2&#8243; css=&#8221;.vc_custom_1564329962069{padding-top: 45px !important;padding-right: 45px !important;padding-bottom: 45px !important;padding-left: 45px !important;}&#8221; rc_bg_color=&#8221;#ffffff&#8221; el_wrapper_class=&#8221;box_areaprivada_targeta&#8221;]<h4 class=\"eut-element eut-title eut-align-inherit eut-h6 desc_areaprivada_targetas_titulo\" style=\"\"><span><strong>El meu compte<\/strong><\/span><\/h4>[vc_column_text el_class=&#8221;desc_areaprivada_targetas_bloque&#8221;]Des d&#8217;aquesta \u00e0rea podr\u00e0s accedir al teu llistat d&#8217;ecoBooks per monitoritzar i supervisar totes les activitats i operatives relacionades amb els teus llibres, aix\u00ed com descarregar albarans de compra i devoluci\u00f3.[\/vc_column_text]<div class=\"eut-empty-space\" style=\"height: 50px;\"><\/div><div class=\"eut-element eut-align-inherit espacio_auto_areaprivada_targetas eut-fluid-button\"><a href=\"https:\/\/www.iddink.es\/klantenservice\/\" target=\"_blank\" class=\"eut-btn eut-btn-small eut-extra-round eut-bg-primary-2 eut-bg-hover-black btn-iddink\" style=\"max-width: 150px;\" rel=\"noopener\"><span>Accedir<\/span><\/a><\/div>[\/vc_column_inner][vc_column_inner width=&#8221;1\/3&#8243; full_height=&#8221;yes&#8221; rc_bg_type=&#8221;color&#8221; tablet_sm_width=&#8221;1-2&#8243; css=&#8221;.vc_custom_1564330009003{padding-top: 45px !important;padding-right: 45px !important;padding-bottom: 45px !important;padding-left: 45px !important;}&#8221; rc_bg_color=&#8221;#ffffff&#8221; el_wrapper_class=&#8221;box_areaprivada_targeta&#8221;]<h4 class=\"eut-element eut-title eut-align-inherit eut-h6 desc_areaprivada_targetas_titulo\" style=\"\"><span><strong>Continguts digitals<\/strong><\/span><\/h4>[vc_column_text el_class=&#8221;desc_areaprivada_targetas_bloque&#8221;]Des d&#8217;aquesta secci\u00f3 podr\u00e0s entrar al servei <em><strong> Iddink digital <\/strong><\/em>, on podr\u00e0s accedir a totes les teves llic\u00e8ncies i continguts digitals[\/vc_column_text]<div class=\"eut-empty-space espacio_auto_areaprivada_targetas\" style=\"height: 50px;\"><\/div><div class=\"eut-element eut-align-inherit espacio_auto_areaprivada_targetas eut-fluid-button\"><a href=\"https:\/\/www.iddinkdigital.com\/Account\/Login\" title=\"Iddink digital\" target=\"_blank\" class=\"eut-btn eut-btn-small eut-extra-round eut-bg-primary-2 eut-bg-hover-black btn-iddink\" style=\"max-width: 150px;\" rel=\"noopener\"><span>Accedir<\/span><\/a><\/div>[\/vc_column_inner][vc_column_inner width=&#8221;1\/3&#8243; full_height=&#8221;yes&#8221; rc_bg_type=&#8221;color&#8221; tablet_sm_width=&#8221;1-2&#8243; rc_bg_color=&#8221;#ffffff&#8221; css=&#8221;.vc_custom_1570775459998{padding-top: 45px !important;padding-right: 45px !important;padding-bottom: 45px !important;padding-left: 45px !important;}&#8221; el_wrapper_class=&#8221;box_areaprivada_targeta&#8221;]<h4 class=\"eut-element eut-title eut-align-inherit eut-h6 desc_areaprivada_targetas_titulo\" style=\"\"><span><strong>Incid\u00e8ncies<\/strong><\/span><\/h4>[vc_column_text el_class=&#8221;desc_areaprivada_targetas_bloque&#8221;]Des d&#8217;aquest \u00e0rea podr\u00e0s comunicar-nos qualsevol incid\u00e8ncia que tinguis amb la teva comanda de llibres, material i llic\u00e8ncies digitals[\/vc_column_text]<div class=\"eut-empty-space\" style=\"height: 50px;\"><\/div><div class=\"eut-element eut-align-inherit espacio_auto_areaprivada_targetas eut-fluid-button\"><a href=\"https:\/\/spain.iddink.es\/ca\/contacte-estudiants\/\" class=\"eut-btn eut-btn-small eut-extra-round eut-bg-primary-2 eut-bg-hover-black btn-iddink\" style=\"max-width: 150px;\"><span>Contacte<\/span><\/a><\/div>[\/vc_column_inner][\/vc_row_inner][vc_row_inner padding_top_multiplier=&#8221;&#8221; padding_bottom_multiplier=&#8221;&#8221; columns_gap=&#8221;5&#8243; desktop_visibility=&#8221;hide&#8221; tablet_visibility=&#8221;hide&#8221; tablet_sm_visibility=&#8221;hide&#8221; tablet_sm_columns_vertical_gap=&#8221;5&#8243;][vc_column_inner width=&#8221;1\/3&#8243; full_height=&#8221;yes&#8221; rc_bg_type=&#8221;color&#8221; tablet_sm_width=&#8221;1-2&#8243; css=&#8221;.vc_custom_1564329962069{padding-top: 45px !important;padding-right: 45px !important;padding-bottom: 45px !important;padding-left: 45px !important;}&#8221; rc_bg_color=&#8221;#ffffff&#8221; el_wrapper_class=&#8221;box_areaprivada_targeta&#8221;]<h4 class=\"eut-element eut-title eut-align-inherit eut-h6 desc_areaprivada_targetas_titulo_mobile\" style=\"\"><span><strong>El meu compte<\/strong><\/span><\/h4>[vc_column_text el_class=&#8221;desc_areaprivada_targetas_bloque_mobile&#8221;]Des d&#8217;aquesta \u00e0rea podr\u00e0s accedir al teu llistat d&#8217;ecoBooks per monitoritzar i supervisar totes les activitats i operatives relacionades amb els teus llibres, aix\u00ed com descarregar albarans de compra i devoluci\u00f3.[\/vc_column_text]<div class=\"eut-empty-space\" style=\"height: 50px;\"><\/div><div class=\"eut-element eut-align-inherit espacio_auto_areaprivada_targetas eut-fluid-button\"><a href=\"https:\/\/www.iddink.es\/klantenservice\/\" target=\"_blank\" class=\"eut-btn eut-btn-small eut-extra-round eut-bg-primary-2 eut-bg-hover-black btn-iddink\" style=\"max-width: 150px;\" rel=\"noopener\"><span>Accedir<\/span><\/a><\/div>[\/vc_column_inner][vc_column_inner width=&#8221;1\/3&#8243; full_height=&#8221;yes&#8221; rc_bg_type=&#8221;color&#8221; tablet_sm_width=&#8221;1-2&#8243; css=&#8221;.vc_custom_1564330009003{padding-top: 45px !important;padding-right: 45px !important;padding-bottom: 45px !important;padding-left: 45px !important;}&#8221; rc_bg_color=&#8221;#ffffff&#8221; el_wrapper_class=&#8221;box_areaprivada_targeta&#8221;]<h4 class=\"eut-element eut-title eut-align-inherit eut-h6 desc_areaprivada_targetas_titulo_mobile\" style=\"\"><span><strong>Continguts digitals<\/strong><\/span><\/h4>[vc_column_text el_class=&#8221;desc_areaprivada_targetas_bloque_mobile&#8221;]Des d&#8217;aquesta secci\u00f3 podr\u00e0s entrar al servei <em><strong> Iddink digital <\/strong><\/em>, on podr\u00e0s accedir a totes les teves llic\u00e8ncies i continguts digitals[\/vc_column_text]<div class=\"eut-empty-space espacio_auto_areaprivada_targetas\" style=\"height: 50px;\"><\/div><div class=\"eut-element eut-align-inherit espacio_auto_areaprivada_targetas eut-fluid-button\"><a href=\"https:\/\/www.iddinkdigital.com\/Account\/Login\" title=\"Iddink digital\" target=\"_blank\" class=\"eut-btn eut-btn-small eut-extra-round eut-bg-primary-2 eut-bg-hover-black btn-iddink\" style=\"max-width: 150px;\" rel=\"noopener\"><span>Accedir<\/span><\/a><\/div>[\/vc_column_inner][vc_column_inner width=&#8221;1\/3&#8243; rc_bg_type=&#8221;color&#8221; el_wrapper_class=&#8221;box_areaprivada_targeta&#8221; rc_bg_color=&#8221;#ffffff&#8221; css=&#8221;.vc_custom_1570775521574{padding-top: 45px !important;padding-right: 45px !important;padding-bottom: 45px !important;padding-left: 45px !important;}&#8221;]<h4 class=\"eut-element eut-title eut-align-inherit eut-h6 desc_areaprivada_targetas_titulo_mobile\" style=\"\"><span><strong>Incid\u00e8ncies<\/strong><\/span><\/h4>[vc_column_text el_class=&#8221;desc_areaprivada_targetas_bloque_mobile&#8221;]Des d&#8217;aquest \u00e0rea podr\u00e0s comunicar-nos qualsevol incid\u00e8ncia que tinguis amb la teva comanda de llibres, material i llic\u00e8ncies digitals[\/vc_column_text]<div class=\"eut-empty-space\" style=\"height: 50px;\"><\/div><div class=\"eut-element eut-align-inherit espacio_auto_areaprivada_targetas eut-fluid-button\"><a href=\"https:\/\/spain.iddink.es\/ca\/contacte-estudiants\/\" class=\"eut-btn eut-btn-small eut-extra-round eut-bg-primary-2 eut-bg-hover-black btn-iddink\" style=\"max-width: 150px;\"><span>Contacte<\/span><\/a><\/div>[\/vc_column_inner][\/vc_row_inner]<div class=\"eut-empty-space\" style=\"height: 5px;\"><\/div>[\/vc_column][\/vc_row]<\/p>\n","protected":false},"excerpt":{"rendered":"<p>[vc_row padding_top_multiplier=&#8221;6x&#8221; padding_bottom_multiplier=&#8221;6x&#8221; rc_heading_color=&#8221;light&#8221; rc_bg_type=&#8221;image&#8221; rc_bg_image=&#8221;8534&#8243; rc_bg_image_size=&#8221;responsive&#8221; mobile_visibility=&#8221;hide&#8221; rc_font_color=&#8221;#ffffff&#8221;][vc_column tablet_sm_width=&#8221;hide&#8221; mobile_width=&#8221;hide&#8221;][vc_column_text el_class=&#8221;desc_areaprivada_titulo_azul&#8221;]Fes la teva comanda de material educatiu[\/vc_column_text][\/vc_column][\/vc_row][vc_row padding_top_multiplier=&#8221;6x&#8221; padding_bottom_multiplier=&#8221;6x&#8221; rc_heading_color=&#8221;light&#8221; rc_bg_type=&#8221;image&#8221; rc_bg_image=&#8221;8534&#8243; desktop_visibility=&#8221;hide&#8221; tablet_visibility=&#8221;hide&#8221; tablet_sm_visibility=&#8221;hide&#8221; rc_font_color=&#8221;#ffffff&#8221;][vc_column][\/vc_column][\/vc_row][vc_row padding_top_multiplier=&#8221;&#8221; desktop_visibility=&#8221;hide&#8221; tablet_visibility=&#8221;hide&#8221;][vc_column css=&#8221;.vc_custom_1567506538407{margin-top: 20px !important;margin-bottom: 0px !important;}&#8221;][vc_column_text el_class=&#8221;desc_areaprivada_titulo_azul_mobile&#8221; css=&#8221;.vc_custom_1592575636166{margin-bottom: 20px !important;}&#8221;] Fes la teva comanda de material educatiu [\/vc_column_text][vc_column_text el_class=&#8221;desc_areaprivada_subtitulo_mobile&#8221; css=&#8221;.vc_custom_1592575656265{margin-right: 10px !important;margin-left: 10px !important;}&#8221;] Per accedir [&hellip;]<\/p>\n","protected":false},"author":9,"featured_media":0,"parent":9488,"menu_order":0,"comment_status":"closed","ping_status":"closed","template":"","meta":{"footnotes":""},"class_list":["post-9521","page","type-page","status-publish","hentry"],"_links":{"self":[{"href":"https:\/\/spain.iddink.es\/ca\/wp-json\/wp\/v2\/pages\/9521","targetHints":{"allow":["GET"]}}],"collection":[{"href":"https:\/\/spain.iddink.es\/ca\/wp-json\/wp\/v2\/pages"}],"about":[{"href":"https:\/\/spain.iddink.es\/ca\/wp-json\/wp\/v2\/types\/page"}],"author":[{"embeddable":true,"href":"https:\/\/spain.iddink.es\/ca\/wp-json\/wp\/v2\/users\/9"}],"replies":[{"embeddable":true,"href":"https:\/\/spain.iddink.es\/ca\/wp-json\/wp\/v2\/comments?post=9521"}],"version-history":[{"count":7,"href":"https:\/\/spain.iddink.es\/ca\/wp-json\/wp\/v2\/pages\/9521\/revisions"}],"predecessor-version":[{"id":12085,"href":"https:\/\/spain.iddink.es\/ca\/wp-json\/wp\/v2\/pages\/9521\/revisions\/12085"}],"up":[{"embeddable":true,"href":"https:\/\/spain.iddink.es\/ca\/wp-json\/wp\/v2\/pages\/9488"}],"wp:attachment":[{"href":"https:\/\/spain.iddink.es\/ca\/wp-json\/wp\/v2\/media?parent=9521"}],"curies":[{"name":"wp","href":"https:\/\/api.w.org\/{rel}","templated":true}]}}