{"id":9557,"date":"2019-09-17T09:20:53","date_gmt":"2019-09-17T07:20:53","guid":{"rendered":"https:\/\/www.pre-iddink.cat\/encuesta-de-satisfaccion\/"},"modified":"2024-04-08T18:40:01","modified_gmt":"2024-04-08T16:40:01","slug":"enquesta-de-satisfaccio","status":"publish","type":"page","link":"https:\/\/spain.iddink.es\/ca\/enquesta-de-satisfaccio\/","title":{"rendered":"Enquesta de satisfacci\u00f3"},"content":{"rendered":"<p>[vc_row section_type=&#8221;fullwidth&#8221; height_ratio=&#8221;60&#8243; padding_top_multiplier=&#8221;&#8221; padding_bottom_multiplier=&#8221;&#8221; rc_bg_type=&#8221;image&#8221; rc_bg_image=&#8221;11460&#8243; rc_bg_image_size=&#8221;responsive&#8221; mobile_visibility=&#8221;hide&#8221; mobile_height_ratio=&#8221;100&#8243;][vc_column][vc_column_text][\/vc_column_text][\/vc_column][\/vc_row][vc_row section_type=&#8221;fullwidth&#8221; padding_top_multiplier=&#8221;&#8221; padding_bottom_multiplier=&#8221;&#8221; rc_bg_type=&#8221;image&#8221; rc_bg_image=&#8221;11460&#8243; desktop_visibility=&#8221;hide&#8221; tablet_visibility=&#8221;hide&#8221; tablet_sm_visibility=&#8221;hide&#8221; el_class=&#8221;desc_image_banner_height&#8221;][vc_column][vc_column_text][\/vc_column_text][\/vc_column][\/vc_row][vc_row padding_bottom_multiplier=&#8221;&#8221; rc_heading_color=&#8221;light&#8221; rc_bg_type=&#8221;color&#8221; mobile_visibility=&#8221;hide&#8221; rc_font_color=&#8221;#ffffff&#8221; rc_bg_color=&#8221;#1e73bc&#8221;][vc_column width=&#8221;1\/12&#8243; vertical_content_position=&#8221;middle&#8221; text_align=&#8221;center&#8221;][\/vc_column][vc_column width=&#8221;5\/6&#8243;]<h1 class=\"eut-element eut-title eut-align-center eut-h1 desc_iddinkdigital_titulo\" style=\"\"><span>Enquesta de satisfacci\u00f3<\/span><\/h1><h2 class=\"eut-element eut-title eut-align-center eut-h3 desc_iddinkdigital_subtitulo\" style=\"margin-bottom: 30px;\"><span>Iddink envia a totes les fam\u00edlies que utilitzen els nostres serveis un mail per participar en una \u201cEnquesta de satisfacci\u00f3\u201d sobre la qualitat de les diferents actuacions i el servei que Iddink ofereix.<\/span><\/h2>[\/vc_column][vc_column width=&#8221;1\/12&#8243;][\/vc_column][\/vc_row][vc_row padding_top_multiplier=&#8221;&#8221; rc_heading_color=&#8221;light&#8221; rc_bg_type=&#8221;color&#8221; desktop_visibility=&#8221;hide&#8221; tablet_visibility=&#8221;hide&#8221; tablet_sm_visibility=&#8221;hide&#8221; rc_font_color=&#8221;#ffffff&#8221; rc_bg_color=&#8221;#1e73bc&#8221;][vc_column css=&#8221;.vc_custom_1570587857444{padding-right: 10px !important;padding-left: 10px !important;}&#8221;]<h1 class=\"eut-element eut-title eut-align-center eut-h1 desc_iddinkdigital_titulo_mobile\" style=\"\"><span><br>\n<p style=\"text-align: center;\">Enquesta de satisfacci\u00f3<br>\n<\/span><\/h1><h2 class=\"eut-element eut-title eut-align-center eut-h3 desc_iddinkdigital_subtitulo_mobile\" style=\"margin-bottom: 0px;\"><span><br>\n<p style=\"text-align: left;\">Iddink envia a totes les fam\u00edlies que utilitzen els nostres serveis un mail per participar en una \u201cEnquesta de satisfacci\u00f3\u201d sobre la qualitat de les diferents actuacions i el servei que Iddink ofereix.<br>\n<\/span><\/h2>[\/vc_column][\/vc_row][vc_row padding_top_multiplier=&#8221;2x&#8221; padding_bottom_multiplier=&#8221;2x&#8221; mobile_visibility=&#8221;hide&#8221;][vc_column width=&#8221;1\/12&#8243;][\/vc_column][vc_column width=&#8221;5\/12&#8243; content_width=&#8221;95&#8243; mobile_width=&#8221;1-2&#8243;]<h3 class=\"eut-element eut-title eut-align-inherit eut-h1 desc_iddinkdigital_titulo_bloque\" style=\"margin-bottom: 0px;\"><span>Tots tenim alguna cosa a dir<\/span><\/h3><div class=\"eut-empty-space eut-height-1x\" style=\"\"><\/div>[vc_column_text animation_delay=&#8221;800&#8243; animation_duration=&#8221;slow&#8221; el_class=&#8221;desc_iddinkdigital_texto_bloque&#8221;]La majoria de tasques i procediments a Iddink es realitzen amb ajuda de sistemes inform\u00e0tics; aquests proporcionen control, qualitat i estad\u00edstiques o m\u00e8triques que ens ajuden a con\u00e8ixer amb molta precisi\u00f3 quina \u00e9s la qualitat aconseguida i on es necessari millorar.<\/p>\n<p>No obstant, aquestes estad\u00edstiques poden diferir de la opini\u00f3 o la percepci\u00f3 de la qualitat del servei que tinguin els estudiants o les seves fam\u00edlies. Per aquest motiu, al mes d\u2019octubre, se\u2019ls envia un mail per participar en una \u201cEnquesta de satisfacci\u00f3\u201d sobre la qualitat de les diferents actuacions que Iddink realitza.[\/vc_column_text][\/vc_column][vc_column width=&#8221;5\/12&#8243;]<div class=\"eut-element eut-image eut-align-center\" style=\"\"><div class=\"eut-image-wrapper eut-popup-item\" style=\"max-width:768px;\"><div class=\"eut-thumbnail-wrapper\"  style=\"max-width: 768px;\"><div class=\"eut-thumbnail\"  style=\"padding-top: 88.542%;\"><img loading=\"lazy\" decoding=\"async\" width=\"768\" height=\"680\" src=\"https:\/\/spain.iddink.es\/wp-content\/uploads\/2020\/01\/img_monitorizacion01-768x680-1.jpg\" class=\"attachment-full size-full\" alt=\"\" data-eutf-filter=\"yes\" srcset=\"https:\/\/spain.iddink.es\/wp-content\/uploads\/2020\/01\/img_monitorizacion01-768x680-1.jpg 768w, https:\/\/spain.iddink.es\/wp-content\/uploads\/2020\/01\/img_monitorizacion01-768x680-1-300x266.jpg 300w\" sizes=\"auto, (max-width: 768px) 100vw, 768px\" \/><\/div><\/div>  <\/div><\/div>[\/vc_column][vc_column width=&#8221;1\/12&#8243;][\/vc_column][\/vc_row][vc_row padding_top_multiplier=&#8221;2x&#8221; padding_bottom_multiplier=&#8221;2x&#8221; desktop_visibility=&#8221;hide&#8221; tablet_visibility=&#8221;hide&#8221; tablet_sm_visibility=&#8221;hide&#8221; mobile_visibility=&#8221;hide&#8221;][vc_column full_height=&#8221;yes&#8221; mobile_width=&#8221;1&#8243; css=&#8221;.vc_custom_1570526179281{padding-right: 10px !important;padding-left: 10px !important;}&#8221;]<h3 class=\"eut-element eut-title eut-align-inherit eut-h1 desc_iddinkdigital_titulo_bloque_mobile\" style=\"margin-bottom: 0px;\"><span>Tots tenim alguna cosa a dir<\/span><\/h3><div class=\"eut-empty-space eut-height-1x\" style=\"\"><\/div>[vc_column_text animation_delay=&#8221;800&#8243; animation_duration=&#8221;slow&#8221; el_class=&#8221;desc_iddinkdigital_texto_bloque&#8221;]La majoria de tasques i procediments a Iddink es realitzen amb ajuda de sistemes inform\u00e0tics; aquests proporcionen control, qualitat i estad\u00edstiques o m\u00e8triques que ens ajuden a con\u00e8ixer amb molta precisi\u00f3 quina \u00e9s la qualitat aconseguida i on es necessari millorar.<\/p>\n<p>No obstant, aquestes estad\u00edstiques poden diferir de la opini\u00f3 o la percepci\u00f3 de la qualitat del servei que tinguin els estudiants o les seves fam\u00edlies. Per aquest motiu, al mes d\u2019octubre, se\u2019ls envia un mail per participar en una \u201cEnquesta de satisfacci\u00f3\u201d sobre la qualitat de les diferents actuacions que Iddink realitza.[\/vc_column_text][\/vc_column][vc_column css=&#8221;.vc_custom_1570526215382{padding-right: 10px !important;padding-left: 10px !important;}&#8221;]<div class=\"eut-element eut-image eut-animated-item eut-duration-normal eut-fade-in eut-align-center\" style=\"\" data-delay=\"400\"><div class=\"eut-image-wrapper eut-popup-item\" style=\"max-width:1000px;\"><div class=\"eut-thumbnail-wrapper\"  style=\"max-width: 1000px;\"><div class=\"eut-thumbnail\"  style=\"padding-top: 77.6%;\"><img loading=\"lazy\" decoding=\"async\" width=\"1000\" height=\"776\" src=\"https:\/\/spain.iddink.es\/wp-content\/uploads\/2019\/11\/gr\u00e0fic-serveis-iddink-2019-e1574243355483.png\" class=\"attachment-full size-full\" alt=\"\" data-eutf-filter=\"yes\" \/><\/div><\/div>  <\/div><\/div><div class=\"eut-empty-space eut-height-1x\" style=\"\"><\/div>[vc_column_text el_class=&#8221;desc_iddinkdigital_texto_bloque&#8221;]L&#8217;enquesta ha estat resposta l&#8217;any 2023 per 18.114 fam\u00edlies i, per tant, t\u00e9 una alta fiabilitat estad\u00edstica.<\/p>\n<p>Despr\u00e9s de preguntar sobre els diferents aspectes del servei, la darrera pregunta del q\u00fcestionari <em><strong>&#8220;Tornar\u00e0 a utilitzar els serveis d&#8217;Iddink?<\/strong><\/em>&#8221; ens permet con\u00e8ixer la satisfacci\u00f3 real dels enquestats.[\/vc_column_text][\/vc_column][\/vc_row][vc_row padding_top_multiplier=&#8221;2x&#8221; rc_bg_type=&#8221;color&#8221; mobile_columns_vertical_gap=&#8221;none&#8221; rc_bg_color=&#8221;#1e73bc&#8221;][vc_column width=&#8221;1\/3&#8243; content_width=&#8221;70&#8243; horizontal_content_position=&#8221;center&#8221; rc_heading_color=&#8221;aqua&#8221;]<div class=\"eut-element eut-counter eut-align-center\" style=\"\">  <div class=\"eut-counter-content\">    <div class=\"eut-counter-item eut-h1 eut-text-white\">      <span data-thousands-separator-vis=\"\" data-thousands-separator=\",\" data-prefix=\"\" data-suffix=\",41\" data-start-val=\"0\" data-end-val=\"9\" data-decimal-points=\"0\" data-decimal-separator=\".\">0<\/span>    <\/div>\t<h3 class=\"eut-counter-title eut-h5\">\u00cdndex de satisfacci\u00f3 (sobre 10)<\/h3>  <\/div><\/div>[\/vc_column][vc_column width=&#8221;1\/3&#8243; rc_heading_color=&#8221;aqua&#8221;]<div class=\"eut-element eut-counter eut-align-center\" style=\"\">  <div class=\"eut-counter-content\">    <div class=\"eut-counter-item eut-h1 eut-text-white\">      <span data-thousands-separator-vis=\"\" data-thousands-separator=\".\" data-prefix=\"\" data-suffix=\"\" data-start-val=\"0\" data-end-val=\"18114\" data-decimal-points=\"0\" data-decimal-separator=\".\">0<\/span>    <\/div>\t<h3 class=\"eut-counter-title eut-h5\">Fam\u00edlies que han respost en el curs 2023<\/h3>  <\/div><\/div>[\/vc_column][vc_column width=&#8221;1\/3&#8243; rc_heading_color=&#8221;aqua&#8221;]<div class=\"eut-element eut-counter eut-align-center\" style=\"\">  <div class=\"eut-counter-content\">    <div class=\"eut-counter-item eut-h1 eut-text-white\">      <span data-thousands-separator-vis=\"\" data-thousands-separator=\"\" data-prefix=\"\" data-suffix=\".67%\" data-start-val=\"0\" data-end-val=\"95\" data-decimal-points=\"\" data-decimal-separator=\".\">0<\/span>    <\/div>\t<h3 class=\"eut-counter-title eut-h5\">Tornar\u00eden a utilitzar els serveis d'Iddink<\/h3>  <\/div><\/div>[\/vc_column][\/vc_row][vc_row padding_top_multiplier=&#8221;2x&#8221; rc_bg_type=&#8221;color&#8221; desktop_visibility=&#8221;hide&#8221; tablet_visibility=&#8221;hide&#8221; tablet_sm_visibility=&#8221;hide&#8221; rc_bg_color=&#8221;#eff2f4&#8243; rc_font_color=&#8221;#ffffff&#8221;][vc_column css=&#8221;.vc_custom_1570526325568{padding-right: 10px !important;padding-left: 10px !important;}&#8221;][\/vc_column][\/vc_row][vc_row padding_top_multiplier=&#8221;2x&#8221; padding_bottom_multiplier=&#8221;2x&#8221; rc_bg_type=&#8221;color&#8221; rc_bg_color=&#8221;#eff2f4&#8243; rc_font_color=&#8221;#ffffff&#8221;][vc_column width=&#8221;1\/12&#8243;][\/vc_column][vc_column width=&#8221;5\/12&#8243;]<h3 class=\"eut-element eut-title eut-align-left eut-h1 desc_iddinkdigital_titulo_bloque\" style=\"margin-bottom: 0px;\"><span>Alta fiabilitat estad\u00edstica<\/span><\/h3>[vc_column_text el_class=&#8221;desc_iddinkdigital_texto_bloque&#8221;]El q\u00fcestionari, de 16 preguntes, s\u2019elabora amb procediments (com l\u2019ordre aleatori de respostes possibles) que garanteixen la fiabilitat de les dades obtingudes dels diferents aspectes del servei proporcionat per Iddink.<\/p>\n<p>L\u2019enquesta ha estat contestada al 2023 per 18.114 fam\u00edlies i, per tant, t\u00e9 una alt\u00edssima fiabilitat estad\u00edstica.<\/p>\n<p>Despr\u00e9s de preguntar sobre els diversos aspectes del servei, a la darrera pregunta del q\u00fcestionari, \u201cTornaries a utilitzar els serveis d\u2019Iddink\u201d, si agrupem les respostes \u201csense cap dubte\u201d, \u201csegurament\u201d i \u201cpot-ser si, dep\u00e8n de les condicions\u201d podem inferir que un 95,67% de les fam\u00edlies que han resp\u00f2s estarien satisfetes amb el servei proporcionat per Iddink.[\/vc_column_text][\/vc_column][vc_column width=&#8221;5\/12&#8243;]<div class=\"eut-empty-space eut-height-2x\" style=\"\"><\/div><div class=\"eut-element eut-image eut-align-center\" style=\"\"><div class=\"eut-image-wrapper eut-popup-item\" style=\"max-width:768px;\"><div class=\"eut-thumbnail-wrapper\"  style=\"max-width: 768px;\"><div class=\"eut-thumbnail\"  style=\"padding-top: 68.75%;\"><img loading=\"lazy\" decoding=\"async\" width=\"768\" height=\"528\" src=\"https:\/\/spain.iddink.es\/wp-content\/uploads\/2024\/04\/Darrera_pregunta-768x528.png\" class=\"attachment-medium_large size-medium_large\" alt=\"\" data-eutf-filter=\"yes\" srcset=\"https:\/\/spain.iddink.es\/wp-content\/uploads\/2024\/04\/Darrera_pregunta-768x528.png 768w, https:\/\/spain.iddink.es\/wp-content\/uploads\/2024\/04\/Darrera_pregunta-300x206.png 300w, https:\/\/spain.iddink.es\/wp-content\/uploads\/2024\/04\/Darrera_pregunta.png 878w\" sizes=\"auto, (max-width: 768px) 100vw, 768px\" \/><\/div><\/div>  <\/div><\/div>[\/vc_column][vc_column width=&#8221;1\/12&#8243;][\/vc_column][\/vc_row]<\/p>\n","protected":false},"excerpt":{"rendered":"<p>[vc_row section_type=&#8221;fullwidth&#8221; height_ratio=&#8221;60&#8243; padding_top_multiplier=&#8221;&#8221; padding_bottom_multiplier=&#8221;&#8221; rc_bg_type=&#8221;image&#8221; rc_bg_image=&#8221;11460&#8243; rc_bg_image_size=&#8221;responsive&#8221; mobile_visibility=&#8221;hide&#8221; mobile_height_ratio=&#8221;100&#8243;][vc_column][vc_column_text][\/vc_column_text][\/vc_column][\/vc_row][vc_row section_type=&#8221;fullwidth&#8221; padding_top_multiplier=&#8221;&#8221; padding_bottom_multiplier=&#8221;&#8221; rc_bg_type=&#8221;image&#8221; rc_bg_image=&#8221;11460&#8243; desktop_visibility=&#8221;hide&#8221; tablet_visibility=&#8221;hide&#8221; tablet_sm_visibility=&#8221;hide&#8221; el_class=&#8221;desc_image_banner_height&#8221;][vc_column][vc_column_text][\/vc_column_text][\/vc_column][\/vc_row][vc_row padding_bottom_multiplier=&#8221;&#8221; rc_heading_color=&#8221;light&#8221; rc_bg_type=&#8221;color&#8221; mobile_visibility=&#8221;hide&#8221; rc_font_color=&#8221;#ffffff&#8221; rc_bg_color=&#8221;#1e73bc&#8221;][vc_column width=&#8221;1\/12&#8243; vertical_content_position=&#8221;middle&#8221; text_align=&#8221;center&#8221;][\/vc_column][vc_column width=&#8221;5\/6&#8243;][\/vc_column][vc_column width=&#8221;1\/12&#8243;][\/vc_column][\/vc_row][vc_row padding_top_multiplier=&#8221;&#8221; rc_heading_color=&#8221;light&#8221; rc_bg_type=&#8221;color&#8221; desktop_visibility=&#8221;hide&#8221; tablet_visibility=&#8221;hide&#8221; tablet_sm_visibility=&#8221;hide&#8221; rc_font_color=&#8221;#ffffff&#8221; rc_bg_color=&#8221;#1e73bc&#8221;][vc_column css=&#8221;.vc_custom_1570587857444{padding-right: 10px !important;padding-left: 10px !important;}&#8221;][\/vc_column][\/vc_row][vc_row padding_top_multiplier=&#8221;2x&#8221; padding_bottom_multiplier=&#8221;2x&#8221; mobile_visibility=&#8221;hide&#8221;][vc_column width=&#8221;1\/12&#8243;][\/vc_column][vc_column width=&#8221;5\/12&#8243; content_width=&#8221;95&#8243; mobile_width=&#8221;1-2&#8243;][vc_column_text animation_delay=&#8221;800&#8243; animation_duration=&#8221;slow&#8221; el_class=&#8221;desc_iddinkdigital_texto_bloque&#8221;]La majoria de [&hellip;]<\/p>\n","protected":false},"author":9,"featured_media":0,"parent":0,"menu_order":0,"comment_status":"closed","ping_status":"closed","template":"","meta":{"footnotes":""},"class_list":["post-9557","page","type-page","status-publish","hentry"],"_links":{"self":[{"href":"https:\/\/spain.iddink.es\/ca\/wp-json\/wp\/v2\/pages\/9557","targetHints":{"allow":["GET"]}}],"collection":[{"href":"https:\/\/spain.iddink.es\/ca\/wp-json\/wp\/v2\/pages"}],"about":[{"href":"https:\/\/spain.iddink.es\/ca\/wp-json\/wp\/v2\/types\/page"}],"author":[{"embeddable":true,"href":"https:\/\/spain.iddink.es\/ca\/wp-json\/wp\/v2\/users\/9"}],"replies":[{"embeddable":true,"href":"https:\/\/spain.iddink.es\/ca\/wp-json\/wp\/v2\/comments?post=9557"}],"version-history":[{"count":20,"href":"https:\/\/spain.iddink.es\/ca\/wp-json\/wp\/v2\/pages\/9557\/revisions"}],"predecessor-version":[{"id":13692,"href":"https:\/\/spain.iddink.es\/ca\/wp-json\/wp\/v2\/pages\/9557\/revisions\/13692"}],"wp:attachment":[{"href":"https:\/\/spain.iddink.es\/ca\/wp-json\/wp\/v2\/media?parent=9557"}],"curies":[{"name":"wp","href":"https:\/\/api.w.org\/{rel}","templated":true}]}}