{"id":9612,"date":"2019-09-09T18:14:49","date_gmt":"2019-09-09T16:14:49","guid":{"rendered":"https:\/\/www.pre-iddink.cat\/afas\/"},"modified":"2020-06-22T12:50:27","modified_gmt":"2020-06-22T10:50:27","slug":"afas","status":"publish","type":"page","link":"https:\/\/spain.iddink.es\/ca\/afas\/","title":{"rendered":"AFAS"},"content":{"rendered":"<p>[vc_row section_type=&#8221;fullwidth&#8221; height_ratio=&#8221;60&#8243; padding_top_multiplier=&#8221;custom&#8221; padding_bottom_multiplier=&#8221;&#8221; rc_heading_color=&#8221;light&#8221; rc_bg_type=&#8221;image&#8221; rc_bg_image=&#8221;8871&#8243; rc_bg_image_size=&#8221;responsive&#8221; tablet_sm_height_ratio=&#8221;inherit&#8221; mobile_height_ratio=&#8221;60&#8243; rc_font_color=&#8221;#ffffff&#8221; rc_bg_color=&#8221;#5b5b5b&#8221; section_id=&#8221;banner-centros&#8221;][vc_column width=&#8221;2\/3&#8243; vertical_content_position=&#8221;bottom&#8221; full_height=&#8221;yes&#8221; css=&#8221;.vc_custom_1573723564072{padding-bottom: 12% !important;padding-left: 6% !important;}&#8221; el_id=&#8221;banner-centros-title&#8221;]<h1 class=\"eut-element eut-title eut-align-inherit eut-h2 desc_centros_titulo\" style=\"margin-bottom: 0px;\"><span><strong>Associacions <\/strong><strong>de fam\u00edlies<\/strong><\/span><\/h1><h3 class=\"eut-element eut-title eut-align-inherit eut-h4 desc_centros_subtitulo\" style=\"margin-bottom: 0px;\"><span>Solucions professionals per a projectes de reutilitzaci\u00f3 de llibres<\/span><\/h3><div class=\"eut-empty-space eut-height-1x\" style=\"\"><\/div><div class=\"eut-element eut-align-left btn-cb--button\"><a href=\"https:\/\/spain.iddink.es\/ca\/atencio-a-les-afa\/\" title=\"contacta&#039;ns\" class=\"eut-btn eut-btn-extralarge eut-extra-round eut-bg-white eut-bg-hover-white eut-btn-line btn-iddink--button\"><span>Contacta'ns<\/span><\/a><\/div>[\/vc_column][vc_column width=&#8221;1\/3&#8243; vertical_content_position=&#8221;bottom&#8221; full_height=&#8221;yes&#8221; el_id=&#8221;banner-centros-button&#8221;][\/vc_column][\/vc_row][vc_row section_type=&#8221;fullwidth&#8221; height_ratio=&#8221;60&#8243; padding_top_multiplier=&#8221;custom&#8221; padding_bottom_multiplier=&#8221;&#8221; rc_heading_color=&#8221;light&#8221; desktop_visibility=&#8221;hide&#8221; tablet_visibility=&#8221;hide&#8221; tablet_sm_visibility=&#8221;hide&#8221; mobile_visibility=&#8221;hide&#8221; mobile_columns_vertical_gap=&#8221;10&#8243; tablet_sm_height_ratio=&#8221;inherit&#8221; mobile_height_ratio=&#8221;60&#8243; rc_font_color=&#8221;#ffffff&#8221; section_id=&#8221;banner-centros&#8221;][vc_column vertical_content_position=&#8221;bottom&#8221; full_height=&#8221;yes&#8221; el_id=&#8221;banner-centros-button-mobile&#8221;][vc_row_inner padding_top_multiplier=&#8221;&#8221; padding_bottom_multiplier=&#8221;&#8221; el_id=&#8221;btn-centros-banner&#8221;][vc_column_inner width=&#8221;1\/2&#8243; vertical_content_position=&#8221;middle&#8221; full_height=&#8221;yes&#8221; text_align=&#8221;center&#8221;]<div class=\"eut-element eut-align-center btn-cb--button\"><a href=\"https:\/\/iddinkwp.azurewebsites.net\/ca\/atencio-a-les-afa\/\" title=\"Contacta&#039;ns\" target=\"_blank\" class=\"eut-btn eut-btn-medium eut-round eut-bg-primary-2 eut-bg-hover-white centros_button_2\" rel=\"noopener\"><span>Contacta'ns<\/span><\/a><\/div>[\/vc_column_inner][\/vc_row_inner][\/vc_column][\/vc_row][vc_row section_type=&#8221;fullwidth&#8221; padding_top_multiplier=&#8221;custom&#8221; padding_bottom_multiplier=&#8221;&#8221; rc_heading_color=&#8221;light&#8221; desktop_visibility=&#8221;hide&#8221; tablet_visibility=&#8221;hide&#8221; tablet_sm_visibility=&#8221;hide&#8221; mobile_visibility=&#8221;hide&#8221; mobile_columns_vertical_gap=&#8221;10&#8243; rc_font_color=&#8221;#ffffff&#8221;][vc_column vertical_content_position=&#8221;bottom&#8221; full_height=&#8221;yes&#8221;]<div class=\"eut-element eut-image eut-align-center eut-image-space-150 eut-image-expand-width\" style=\"\"><div class=\"eut-image-wrapper eut-popup-item\"><div class=\"eut-thumbnail-wrapper\"><div class=\"eut-thumbnail\"  style=\"padding-top: 39.367%;\"><img loading=\"lazy\" decoding=\"async\" width=\"3000\" height=\"1181\" src=\"https:\/\/spain.iddink.es\/wp-content\/uploads\/2019\/10\/banner_home_afas-2.jpg\" class=\"attachment-full size-full\" alt=\"\" data-eutf-filter=\"yes\" srcset=\"https:\/\/spain.iddink.es\/wp-content\/uploads\/2019\/10\/banner_home_afas-2.jpg 3000w, https:\/\/spain.iddink.es\/wp-content\/uploads\/2019\/10\/banner_home_afas-2-300x118.jpg 300w, https:\/\/spain.iddink.es\/wp-content\/uploads\/2019\/10\/banner_home_afas-2-768x302.jpg 768w, https:\/\/spain.iddink.es\/wp-content\/uploads\/2019\/10\/banner_home_afas-2-1024x403.jpg 1024w, https:\/\/spain.iddink.es\/wp-content\/uploads\/2019\/10\/banner_home_afas-2-1920x756.jpg 1920w\" sizes=\"auto, (max-width: 3000px) 100vw, 3000px\" \/><\/div><\/div>  <\/div><\/div>[\/vc_column][\/vc_row][vc_row section_type=&#8221;container-width&#8221; rc_heading_color=&#8221;light&#8221; rc_bg_type=&#8221;color&#8221; desktop_visibility=&#8221;hide&#8221; tablet_visibility=&#8221;hide&#8221; tablet_sm_visibility=&#8221;hide&#8221; mobile_visibility=&#8221;hide&#8221; mobile_columns_vertical_gap=&#8221;10&#8243; rc_font_color=&#8221;#ffffff&#8221; rc_bg_color=&#8221;#0073cf&#8221;][vc_column vertical_content_position=&#8221;bottom&#8221; full_height=&#8221;yes&#8221;]<h1 class=\"eut-element eut-title eut-align-inherit eut-h1\" style=\"margin-bottom: 15px;\"><span><strong>Associacions <\/strong><strong>de fam\u00edlies<\/strong><\/span><\/h1><h3 class=\"eut-element eut-title eut-align-inherit eut-h4\" style=\"margin-bottom: 0px;\"><span>Solucions professionals per a projectes de reutilitzaci\u00f3 de llibres<\/span><\/h3>[\/vc_column][\/vc_row][vc_row section_type=&#8221;fullwidth&#8221; padding_top_multiplier=&#8221;&#8221; rc_heading_color=&#8221;light&#8221; rc_link_color=&#8221;light&#8221; rc_link_hover_color=&#8221;light&#8221; columns_gap=&#8221;none&#8221; equal_column_height=&#8221;equal&#8221; mobile_columns_vertical_gap=&#8221;none&#8221; rc_font_color=&#8221;#ffffff&#8221;][vc_column width=&#8221;1\/3&#8243; content_width=&#8221;custom&#8221; rc_bg_type=&#8221;color&#8221; tablet_sm_width=&#8221;1-2&#8243; css=&#8221;.vc_custom_1578472748371{padding-top: 5% !important;padding-right: 4px !important;padding-bottom: 5px !important;}&#8221; rc_bg_color=&#8221;#1e73bc&#8221; custom_content_width=&#8221;650&#8243;]<div class=\"eut-element eut-box-icon eut-side-icon eut-align-left eut-animated-item eut-fade-in eut-duration-normal\" style=\"\" data-delay=\"200\"><a href=\"https:\/\/spain.iddink.es\/ca\/afas\/materials_educatius\/\" title=\"Materials educatius\" class=\"eut-item-url \"><\/a><div class=\"eut-single-icon eut-small\"><div class=\"eut-wrapper-icon eut-no-shape eut-text-grey\" style=\"\"><span class=\"eut-inner-icon eut-text-primary-1\"><\/span><\/div><\/div><div class=\"eut-box-content\"><h5 class=\"eut-box-title eut-h5\">Materials educatius<\/h5>  <p class=\"\">Proporcionem llibres de text nous o reutilitzables, robots, llic\u00e8ncies digitals, lectures, quaderns, instruments musicals, dossiers, etc.<\/p><\/div><\/div><div class=\"eut-empty-space eut-height-1x\" style=\"\"><\/div>[\/vc_column][vc_column width=&#8221;1\/3&#8243; content_width=&#8221;custom&#8221; rc_bg_type=&#8221;color&#8221; tablet_sm_width=&#8221;1-2&#8243; css=&#8221;.vc_custom_1578472763438{padding-top: 5% !important;padding-right: 4px !important;padding-bottom: 5px !important;}&#8221; rc_bg_color=&#8221;#555555&#8243; custom_content_width=&#8221;650&#8243;]<div class=\"eut-element eut-box-icon eut-side-icon eut-align-left eut-animated-item eut-fade-in eut-duration-normal\" style=\"\" data-delay=\"200\"><a href=\"https:\/\/spain.iddink.es\/ca\/afas\/projectes-de-reutilitzacio-de-llibres\/\" title=\"Projectes de reutilitzaci\u00f3\" class=\"eut-item-url \"><\/a><div class=\"eut-single-icon eut-small\"><div class=\"eut-wrapper-icon eut-no-shape eut-text-grey\" style=\"\"><span class=\"eut-inner-icon eut-text-primary-1\"><\/span><\/div><\/div><div class=\"eut-box-content\"><h5 class=\"eut-box-title eut-h5\">Reutilizaci\u00f3 de llibres<\/h5>  <p class=\"\">Gestionem el projecte de reutilitzaci\u00f3 de llibres del teu centre docent, des de la recollida i revisi\u00f3 de llibres fins al seu lliurament als estudiants.<\/p><\/div><\/div><div class=\"eut-empty-space eut-height-1x\" style=\"\"><\/div>[\/vc_column][vc_column width=&#8221;1\/3&#8243; content_width=&#8221;custom&#8221; rc_bg_type=&#8221;color&#8221; tablet_sm_width=&#8221;1-2&#8243; css=&#8221;.vc_custom_1578472774943{padding-top: 5% !important;padding-right: 4px !important;padding-bottom: 5px !important;}&#8221; rc_bg_color=&#8221;#1e73bc&#8221; custom_content_width=&#8221;650&#8243;]<div class=\"eut-element eut-box-icon eut-side-icon eut-align-left eut-animated-item eut-fade-in eut-duration-normal\" style=\"\" data-delay=\"200\"><a href=\"https:\/\/spain.iddink.es\/ca\/afas\/altres-serveis\/\" title=\"Altres serveis\" class=\"eut-item-url \"><\/a><div class=\"eut-single-icon eut-small\"><div class=\"eut-wrapper-icon eut-no-shape eut-text-grey\" style=\"\"><span class=\"eut-inner-icon eut-text-primary-1\"><\/span><\/div><\/div><div class=\"eut-box-content\"><h5 class=\"eut-box-title eut-h5\">Altres serveis<\/h5>  <p class=\"\">Folrat de llibres, gesti\u00f3 de beques i ajuts, articles personalitzats, cobrament de quotes, etc. Podem atendre les necessitats espec\u00edfiques de l&#8217;AFA i el centre.<\/p><\/div><\/div><div class=\"eut-empty-space eut-height-1x\" style=\"\"><\/div>[\/vc_column][\/vc_row][vc_row mobile_visibility=&#8221;hide&#8221;][vc_column text_align=&#8221;center&#8221;]<h2 class=\"eut-element eut-title eut-align-inherit eut-h1 desc_centros1 eut-increase-heading eut-heading-140\" style=\"\"><span><strong>Alliberem als equips dels centres o associacions de fam\u00edlies de les<br \/>\ndiferents tasques a realitzar en els projectes de reutilitzaci\u00f3 de llibres.<\/strong><\/span><\/h2>[\/vc_column][\/vc_row][vc_row padding_top_multiplier=&#8221;&#8221; padding_bottom_multiplier=&#8221;&#8221; desktop_visibility=&#8221;hide&#8221; tablet_visibility=&#8221;hide&#8221; tablet_sm_visibility=&#8221;hide&#8221;][vc_column width=&#8221;1\/6&#8243;][\/vc_column][vc_column width=&#8221;2\/3&#8243; text_align=&#8221;center&#8221; el_class=&#8221;desc_centros1&#8243;]<h2 class=\"eut-element eut-title eut-align-inherit eut-h3 eut-custom-font-1 desc_centros1_mobile eut-increase-heading eut-heading-140\" style=\"\"><span><br>\n<p style=\"text-align: center;\"><strong>Alliberem als equips dels centres o associacions de fam\u00edlies de les diferents tasques a realitzar en els projectes de reutilitzaci\u00f3 de llibres.<\/strong><br>\n<\/span><\/h2>[\/vc_column][vc_column width=&#8221;1\/6&#8243;][\/vc_column][\/vc_row][vc_row section_type=&#8221;container-width&#8221; padding_bottom_multiplier=&#8221;&#8221; rc_heading_color=&#8221;primary-6&#8243; columns_gap=&#8221;60&#8243; rc_font_color=&#8221;#696969&#8243;][vc_column width=&#8221;1\/3&#8243; rc_heading_color=&#8221;aqua&#8221; rc_font_color=&#8221;#000000&#8243;]<div class=\"eut-element eut-box-icon eut-top-icon eut-align-center\" style=\"\"><div class=\"eut-single-icon eut-medium\"><div class=\"eut-wrapper-icon eut-no-shape eut-text-grey\" style=\"\"><i class=\"eut-inner-icon mb-ahorro eut-text-black\"><\/i><\/div><\/div><div class=\"eut-box-content\"><h3 class=\"eut-box-title eut-h6\">M\u00e0xim estalvi<\/h3>  <p class=\"\">Gr\u00e0cies als ecoBooks les fam\u00edlies aconsegueixen un estalvi de fins al 60% en el PVP dels llibres de text.<\/p><\/div><\/div>[\/vc_column][vc_column width=&#8221;1\/3&#8243; rc_heading_color=&#8221;aqua&#8221; rc_font_color=&#8221;#000000&#8243;]<div class=\"eut-element eut-box-icon eut-top-icon eut-align-center\" style=\"\"><div class=\"eut-single-icon eut-medium\"><div class=\"eut-wrapper-icon eut-no-shape eut-text-grey\" style=\"\"><i class=\"eut-inner-icon mb-tareas eut-text-black\"><\/i><\/div><\/div><div class=\"eut-box-content\"><h3 class=\"eut-box-title eut-h6\">Simplificaci\u00f3 de tasques<\/h3>  <p class=\"\">\u00das intensiu de sistemes inform\u00e0tics i de log\u00edstica avan\u00e7ada per garantir una major qualitat i efici\u00e8ncia en les tasques.<\/p><\/div><\/div>[\/vc_column][vc_column width=&#8221;1\/3&#8243; rc_heading_color=&#8221;aqua&#8221; rc_font_color=&#8221;#000000&#8243;]<div class=\"eut-element eut-box-icon eut-top-icon eut-align-center\" style=\"\"><div class=\"eut-single-icon eut-medium\"><div class=\"eut-wrapper-icon eut-no-shape eut-text-grey\" style=\"\"><i class=\"eut-inner-icon mb-control eut-text-black\"><\/i><\/div><\/div><div class=\"eut-box-content\"><h3 class=\"eut-box-title eut-h6\">Control i supervisi\u00f3<\/h3>  <p class=\"\">Els centres docents i les associacions de fam\u00edlies poden monitoritzar, en temps real, totes les operatives realitzades per Iddink amb els seus estudiants.<\/p><\/div><\/div>[\/vc_column][\/vc_row][vc_row section_type=&#8221;container-width&#8221; padding_bottom_multiplier=&#8221;2x&#8221; rc_heading_color=&#8221;primary-6&#8243; columns_gap=&#8221;60&#8243; rc_font_color=&#8221;#696969&#8243;][vc_column width=&#8221;1\/3&#8243; rc_heading_color=&#8221;aqua&#8221; rc_font_color=&#8221;#000000&#8243;]<div class=\"eut-element eut-box-icon eut-top-icon eut-align-center\" style=\"\"><div class=\"eut-single-icon eut-medium\"><div class=\"eut-wrapper-icon eut-no-shape eut-text-grey\" style=\"\"><i class=\"eut-inner-icon mb-curso eut-text-black\"><\/i><\/div><\/div><div class=\"eut-box-content\"><h3 class=\"eut-box-title eut-h6\">Un curs sense sorpreses<\/h3>  <p class=\"\">El nostre principal objectiu \u00e9s que els estudiants tots els materials educatius escollits pel centre docent des del primer dia de curs.<\/p><\/div><\/div>[\/vc_column][vc_column width=&#8221;1\/3&#8243; rc_heading_color=&#8221;aqua&#8221; rc_font_color=&#8221;#000000&#8243;]<div class=\"eut-element eut-box-icon eut-top-icon eut-align-center\" style=\"\"><div class=\"eut-single-icon eut-medium\"><div class=\"eut-wrapper-icon eut-no-shape eut-text-grey\" style=\"\"><i class=\"eut-inner-icon mb-equidad eut-text-black\"><\/i><\/div><\/div><div class=\"eut-box-content\"><h3 class=\"eut-box-title eut-h6\">M\u00e0xima equitat<\/h3>  <p class=\"\">Les nostres solucions beneficien per igual als estudiants de tots els cursos, sense cap discriminaci\u00f3.<\/p><\/div><\/div>[\/vc_column][vc_column width=&#8221;1\/3&#8243; rc_heading_color=&#8221;aqua&#8221; rc_font_color=&#8221;#000000&#8243;]<div class=\"eut-element eut-box-icon eut-top-icon eut-align-center\" style=\"\"><div class=\"eut-single-icon eut-medium\"><div class=\"eut-wrapper-icon eut-no-shape eut-text-grey\" style=\"\"><i class=\"eut-inner-icon mb-medioambiente eut-text-black\"><\/i><\/div><\/div><div class=\"eut-box-content\"><h3 class=\"eut-box-title eut-h6\">Ajuda al medi ambient<\/h3>  <p class=\"\">Gr\u00e0cies a la reutilitzaci\u00f3, els llibres sempre tenen una segona oportunitat i el nostre planeta tamb\u00e9. Estalviem tones de paper!<\/p><\/div><\/div>[\/vc_column][\/vc_row][vc_row padding_top_multiplier=&#8221;2x&#8221; padding_bottom_multiplier=&#8221;2x&#8221; rc_heading_color=&#8221;light&#8221; rc_bg_type=&#8221;image&#8221; rc_bg_image=&#8221;11678&#8243; mobile_visibility=&#8221;hide&#8221; rc_font_color=&#8221;#ffffff&#8221; rc_bg_color=&#8221;#666666&#8243;][vc_column width=&#8221;1\/6&#8243;][\/vc_column][vc_column width=&#8221;2\/3&#8243; text_align=&#8221;center&#8221;]<h3 class=\"eut-element eut-title eut-align-inherit eut-h2\" style=\"\"><span>Projectes de reutilitzaci\u00f3 de llibres<\/span><\/h3>[vc_column_text el_class=&#8221;centros-subtitulo-plataforma&#8221;]Sou un AFA amb un Projecte de Reutilitzaci\u00f3 de llibres i voleu que el gestioni Iddink?[\/vc_column_text]<div class=\"eut-empty-space eut-height-1x\" style=\"\"><\/div><div class=\"eut-element eut-align-center eut-fluid-button\"><a href=\"https:\/\/spain.iddink.es\/ca\/atencio-a-les-afa\/\" title=\"Contacte\" class=\"eut-btn eut-btn-medium eut-extra-round eut-bg-white eut-bg-hover-white eut-btn-line btn-iddink--button\" style=\"max-width: 250px;\"><span>M\u00e9s informaci\u00f3<\/span><\/a><\/div><div class=\"eut-empty-space eut-height-1x\" style=\"\"><\/div>[\/vc_column][vc_column width=&#8221;1\/6&#8243;][\/vc_column][\/vc_row][vc_row padding_top_multiplier=&#8221;custom&#8221; padding_bottom_multiplier=&#8221;custom&#8221; rc_heading_color=&#8221;light&#8221; rc_bg_type=&#8221;image&#8221; rc_bg_image=&#8221;11678&#8243; rc_bg_image_size=&#8221;responsive&#8221; rc_bg_position=&#8221;left-center&#8221; rc_bg_tablet_sm_position=&#8221;center-center&#8221; desktop_visibility=&#8221;hide&#8221; tablet_visibility=&#8221;hide&#8221; tablet_sm_visibility=&#8221;hide&#8221; padding_top=&#8221;5%&#8221; padding_bottom=&#8221;10%&#8221; rc_font_color=&#8221;#ffffff&#8221; rc_bg_color=&#8221;#666666&#8243;][vc_column width=&#8221;1\/4&#8243;][\/vc_column][vc_column width=&#8221;1\/2&#8243; text_align=&#8221;center&#8221;]<h3 class=\"eut-element eut-title eut-align-inherit eut-h2\" style=\"\"><span>Projectes de reutilitzaci\u00f3 de llibres<\/span><\/h3>[vc_column_text el_class=&#8221;centros-subtitulo-plataforma&#8221;]Sou un AFA amb un Projecte de Reutilitzaci\u00f3 de llibres i voleu que el gestioni Iddink?[\/vc_column_text]<div class=\"eut-empty-space eut-height-2x\" style=\"\"><\/div><div class=\"eut-element eut-align-center eut-fluid-button\"><a href=\"https:\/\/spain.iddink.es\/ca\/atencio-a-les-afa\/\" title=\"Atenci\u00f3 a les AFA\" class=\"eut-btn eut-btn-small eut-extra-round eut-bg-white eut-bg-hover-white eut-btn-line btn-iddink--button\" style=\"max-width: 250px;\"><span>M\u00e9s informaci\u00f3<\/span><\/a><\/div>[\/vc_column][vc_column width=&#8221;1\/4&#8243;][\/vc_column][\/vc_row]<\/p>\n","protected":false},"excerpt":{"rendered":"<p>[vc_row section_type=&#8221;fullwidth&#8221; height_ratio=&#8221;60&#8243; padding_top_multiplier=&#8221;custom&#8221; padding_bottom_multiplier=&#8221;&#8221; rc_heading_color=&#8221;light&#8221; rc_bg_type=&#8221;image&#8221; rc_bg_image=&#8221;8871&#8243; rc_bg_image_size=&#8221;responsive&#8221; tablet_sm_height_ratio=&#8221;inherit&#8221; mobile_height_ratio=&#8221;60&#8243; rc_font_color=&#8221;#ffffff&#8221; rc_bg_color=&#8221;#5b5b5b&#8221; section_id=&#8221;banner-centros&#8221;][vc_column width=&#8221;2\/3&#8243; vertical_content_position=&#8221;bottom&#8221; full_height=&#8221;yes&#8221; css=&#8221;.vc_custom_1573723564072{padding-bottom: 12% !important;padding-left: 6% !important;}&#8221; el_id=&#8221;banner-centros-title&#8221;][\/vc_column][vc_column width=&#8221;1\/3&#8243; vertical_content_position=&#8221;bottom&#8221; full_height=&#8221;yes&#8221; el_id=&#8221;banner-centros-button&#8221;][\/vc_column][\/vc_row][vc_row section_type=&#8221;fullwidth&#8221; height_ratio=&#8221;60&#8243; padding_top_multiplier=&#8221;custom&#8221; padding_bottom_multiplier=&#8221;&#8221; rc_heading_color=&#8221;light&#8221; desktop_visibility=&#8221;hide&#8221; tablet_visibility=&#8221;hide&#8221; tablet_sm_visibility=&#8221;hide&#8221; mobile_visibility=&#8221;hide&#8221; mobile_columns_vertical_gap=&#8221;10&#8243; tablet_sm_height_ratio=&#8221;inherit&#8221; mobile_height_ratio=&#8221;60&#8243; rc_font_color=&#8221;#ffffff&#8221; section_id=&#8221;banner-centros&#8221;][vc_column vertical_content_position=&#8221;bottom&#8221; full_height=&#8221;yes&#8221; el_id=&#8221;banner-centros-button-mobile&#8221;][vc_row_inner padding_top_multiplier=&#8221;&#8221; padding_bottom_multiplier=&#8221;&#8221; el_id=&#8221;btn-centros-banner&#8221;][vc_column_inner width=&#8221;1\/2&#8243; vertical_content_position=&#8221;middle&#8221; full_height=&#8221;yes&#8221; text_align=&#8221;center&#8221;][\/vc_column_inner][\/vc_row_inner][\/vc_column][\/vc_row][vc_row section_type=&#8221;fullwidth&#8221; padding_top_multiplier=&#8221;custom&#8221; padding_bottom_multiplier=&#8221;&#8221; rc_heading_color=&#8221;light&#8221; [&hellip;]<\/p>\n","protected":false},"author":9,"featured_media":0,"parent":0,"menu_order":0,"comment_status":"closed","ping_status":"closed","template":"","meta":{"footnotes":""},"class_list":["post-9612","page","type-page","status-publish","hentry"],"_links":{"self":[{"href":"https:\/\/spain.iddink.es\/ca\/wp-json\/wp\/v2\/pages\/9612","targetHints":{"allow":["GET"]}}],"collection":[{"href":"https:\/\/spain.iddink.es\/ca\/wp-json\/wp\/v2\/pages"}],"about":[{"href":"https:\/\/spain.iddink.es\/ca\/wp-json\/wp\/v2\/types\/page"}],"author":[{"embeddable":true,"href":"https:\/\/spain.iddink.es\/ca\/wp-json\/wp\/v2\/users\/9"}],"replies":[{"embeddable":true,"href":"https:\/\/spain.iddink.es\/ca\/wp-json\/wp\/v2\/comments?post=9612"}],"version-history":[{"count":19,"href":"https:\/\/spain.iddink.es\/ca\/wp-json\/wp\/v2\/pages\/9612\/revisions"}],"predecessor-version":[{"id":12112,"href":"https:\/\/spain.iddink.es\/ca\/wp-json\/wp\/v2\/pages\/9612\/revisions\/12112"}],"wp:attachment":[{"href":"https:\/\/spain.iddink.es\/ca\/wp-json\/wp\/v2\/media?parent=9612"}],"curies":[{"name":"wp","href":"https:\/\/api.w.org\/{rel}","templated":true}]}}