{"id":9633,"date":"2019-09-09T18:29:49","date_gmt":"2019-09-09T16:29:49","guid":{"rendered":"https:\/\/www.pre-iddink.cat\/familias\/"},"modified":"2021-07-26T12:25:13","modified_gmt":"2021-07-26T10:25:13","slug":"families","status":"publish","type":"page","link":"https:\/\/spain.iddink.es\/ca\/families\/","title":{"rendered":"Fam\u00edlies"},"content":{"rendered":"<p>[vc_row section_type=&#8221;fullwidth&#8221; height_ratio=&#8221;60&#8243; padding_top_multiplier=&#8221;custom&#8221; padding_bottom_multiplier=&#8221;&#8221; rc_heading_color=&#8221;light&#8221; rc_bg_type=&#8221;image&#8221; rc_bg_image=&#8221;8868&#8243; rc_bg_image_size=&#8221;responsive&#8221; tablet_sm_height_ratio=&#8221;inherit&#8221; mobile_height_ratio=&#8221;60&#8243; rc_font_color=&#8221;#ffffff&#8221; rc_bg_color=&#8221;#5b5b5b&#8221; section_id=&#8221;banner-centros&#8221;][vc_column width=&#8221;1\/2&#8243; vertical_content_position=&#8221;bottom&#8221; full_height=&#8221;yes&#8221; css=&#8221;.vc_custom_1573462787758{padding-bottom: 12% !important;padding-left: 5% !important;}&#8221; el_id=&#8221;banner-centros-title&#8221;]<h1 class=\"eut-element eut-title eut-align-inherit eut-h1 desc_centros_titulo\" style=\"margin-bottom: 0px;\"><span><strong>Fes la teva comanda de material educatiu<\/strong><\/span><\/h1><h3 class=\"eut-element eut-title eut-align-inherit eut-h4 desc_centros_subtitulo\" style=\"margin-bottom: 0px;\"><span>Estalvi i comoditat en la compra de llibres i material escolar amb Iddink<\/span><\/h3><div class=\"eut-empty-space eut-height-1x\" style=\"\"><\/div><div class=\"eut-element eut-align-left btn-cb--button\"><a href=\"https:\/\/www.iddink.es\/bestellen\/\" target=\"_blank\" class=\"eut-btn eut-btn-large eut-extra-round eut-bg-white eut-bg-hover-white eut-btn-line centros_button_2\" rel=\"noopener\"><span>Fes la teva comanda<\/span><\/a><\/div>[\/vc_column][vc_column width=&#8221;1\/2&#8243; vertical_content_position=&#8221;bottom&#8221; full_height=&#8221;yes&#8221; el_id=&#8221;banner-centros-button&#8221;][\/vc_column][\/vc_row][vc_row section_type=&#8221;fullwidth&#8221; height_ratio=&#8221;60&#8243; padding_top_multiplier=&#8221;custom&#8221; padding_bottom_multiplier=&#8221;&#8221; rc_heading_color=&#8221;light&#8221; desktop_visibility=&#8221;hide&#8221; tablet_visibility=&#8221;hide&#8221; tablet_sm_visibility=&#8221;hide&#8221; mobile_visibility=&#8221;hide&#8221; tablet_sm_height_ratio=&#8221;inherit&#8221; mobile_height_ratio=&#8221;60&#8243; rc_font_color=&#8221;#ffffff&#8221; section_id=&#8221;banner-centros&#8221;][vc_column vertical_content_position=&#8221;bottom&#8221; full_height=&#8221;yes&#8221;][vc_row_inner padding_top_multiplier=&#8221;&#8221; padding_bottom_multiplier=&#8221;&#8221; equal_column_height=&#8221;equal&#8221; desktop_visibility=&#8221;hide&#8221; tablet_visibility=&#8221;hide&#8221; tablet_sm_visibility=&#8221;hide&#8221; mobile_visibility=&#8221;hide&#8221; el_id=&#8221;btn-centros-banner&#8221;][vc_column_inner width=&#8221;1\/2&#8243; vertical_content_position=&#8221;middle&#8221; full_height=&#8221;yes&#8221;]<div class=\"eut-element eut-title eut-align-left eut-leader-text eut-custom-font-2 btn-cb--text\" style=\"\"><span>Realitza la comanda de llibres per al proper curs\u00a0<\/span><\/div>[\/vc_column_inner][vc_column_inner width=&#8221;1\/2&#8243; vertical_content_position=&#8221;middle&#8221; full_height=&#8221;yes&#8221; text_align=&#8221;center&#8221;]<div class=\"eut-element eut-align-center btn-cb--button\"><a href=\"https:\/\/www.iddink.es\/bestellen\/\" target=\"_blank\" class=\"eut-btn eut-btn-medium eut-round eut-bg-primary-2 eut-bg-hover-white centros_button_2\" rel=\"noopener\"><span>Fes la teva comanda<\/span><\/a><\/div>[\/vc_column_inner][\/vc_row_inner][\/vc_column][\/vc_row][vc_row section_type=&#8221;fullwidth&#8221; padding_top_multiplier=&#8221;custom&#8221; padding_bottom_multiplier=&#8221;&#8221; rc_heading_color=&#8221;light&#8221; desktop_visibility=&#8221;hide&#8221; tablet_visibility=&#8221;hide&#8221; tablet_sm_visibility=&#8221;hide&#8221; mobile_visibility=&#8221;hide&#8221; rc_font_color=&#8221;#ffffff&#8221;][vc_column vertical_content_position=&#8221;bottom&#8221; full_height=&#8221;yes&#8221;]<div class=\"eut-element eut-image eut-align-center eut-image-space-175 eut-image-expand-width\" style=\"\"><div class=\"eut-image-wrapper eut-popup-item\"><div class=\"eut-thumbnail-wrapper\"><div class=\"eut-thumbnail\"  style=\"padding-top: 39.367%;\"><img loading=\"lazy\" decoding=\"async\" width=\"3000\" height=\"1181\" src=\"https:\/\/spain.iddink.es\/wp-content\/uploads\/2019\/10\/banner_home_familias-3.jpg\" class=\"attachment-full size-full\" alt=\"\" data-eutf-filter=\"yes\" srcset=\"https:\/\/spain.iddink.es\/wp-content\/uploads\/2019\/10\/banner_home_familias-3.jpg 3000w, https:\/\/spain.iddink.es\/wp-content\/uploads\/2019\/10\/banner_home_familias-3-300x118.jpg 300w, https:\/\/spain.iddink.es\/wp-content\/uploads\/2019\/10\/banner_home_familias-3-768x302.jpg 768w, https:\/\/spain.iddink.es\/wp-content\/uploads\/2019\/10\/banner_home_familias-3-1024x403.jpg 1024w, https:\/\/spain.iddink.es\/wp-content\/uploads\/2019\/10\/banner_home_familias-3-1920x756.jpg 1920w\" sizes=\"auto, (max-width: 3000px) 100vw, 3000px\" \/><\/div><\/div>  <\/div><\/div>[\/vc_column][\/vc_row][vc_row section_type=&#8221;container-width&#8221; rc_heading_color=&#8221;light&#8221; rc_bg_type=&#8221;color&#8221; desktop_visibility=&#8221;hide&#8221; tablet_visibility=&#8221;hide&#8221; tablet_sm_visibility=&#8221;hide&#8221; mobile_visibility=&#8221;hide&#8221; rc_font_color=&#8221;#ffffff&#8221; rc_bg_color=&#8221;#0073cf&#8221;][vc_column vertical_content_position=&#8221;bottom&#8221; full_height=&#8221;yes&#8221;]<h1 class=\"eut-element eut-title eut-align-inherit eut-h1\" style=\"margin-bottom: 15px;\"><span><strong>Fam\u00edlies<\/strong><\/span><\/h1><h3 class=\"eut-element eut-title eut-align-inherit eut-h4\" style=\"margin-bottom: 0px;\"><span>Comen\u00e7a el curs sense sorpreses amb Iddink<\/span><\/h3>[\/vc_column][\/vc_row][vc_row section_type=&#8221;fullwidth&#8221; padding_top_multiplier=&#8221;&#8221; padding_bottom_multiplier=&#8221;&#8221; rc_heading_color=&#8221;light&#8221; rc_link_color=&#8221;light&#8221; rc_link_hover_color=&#8221;light&#8221; columns_gap=&#8221;none&#8221; equal_column_height=&#8221;equal&#8221; mobile_columns_vertical_gap=&#8221;none&#8221; rc_font_color=&#8221;#ffffff&#8221;][vc_column width=&#8221;1\/4&#8243; content_width=&#8221;custom&#8221; rc_bg_type=&#8221;color&#8221; tablet_sm_width=&#8221;1-2&#8243; css=&#8221;.vc_custom_1578473468583{padding-top: 5% !important;padding-right: 4% !important;padding-bottom: 5% !important;}&#8221; rc_bg_color=&#8221;#1e73bc&#8221; custom_content_width=&#8221;550&#8243;]<div class=\"eut-empty-space eut-height-1x\" style=\"\"><\/div><div class=\"eut-element eut-box-icon eut-side-icon eut-align-left eut-animated-item eut-fade-in eut-duration-normal\" style=\"\" data-delay=\"200\"><a href=\"https:\/\/spain.iddink.es\/ca\/families\/serveis\/\" title=\"Serveis\" class=\"eut-item-url \"><\/a><div class=\"eut-single-icon eut-small\"><div class=\"eut-wrapper-icon eut-no-shape eut-text-grey\" style=\"\"><span class=\"eut-inner-icon eut-text-primary-1\"><\/span><\/div><\/div><div class=\"eut-box-content\"><h5 class=\"eut-box-title eut-h5\">Avantatges i garanties<\/h5>  <p class=\"\">A Iddink proporcionem tots els serveis i totes les eines necessaries per a un inici de curs sense sorpreses.<\/p><\/div><\/div><div class=\"eut-empty-space eut-height-1x\" style=\"\"><\/div>[\/vc_column][vc_column width=&#8221;1\/4&#8243; content_width=&#8221;custom&#8221; rc_bg_type=&#8221;color&#8221; tablet_sm_width=&#8221;1-2&#8243; css=&#8221;.vc_custom_1578424068008{margin-right: px !important;border-right-width: px !important;padding-top: 5% !important;padding-right: 6px !important;padding-bottom: 7px !important;}&#8221; rc_bg_color=&#8221;#555555&#8243; custom_content_width=&#8221;550&#8243;]<div class=\"eut-empty-space eut-height-1x\" style=\"\"><\/div><div class=\"eut-element eut-box-icon eut-side-icon eut-align-left eut-animated-item eut-fade-in eut-duration-normal\" style=\"\" data-delay=\"200\"><a href=\"https:\/\/spain.iddink.es\/ca\/families\/estalvi-economic-i-ecologic\/\" title=\"Estalvi\" class=\"eut-item-url \"><\/a><div class=\"eut-single-icon eut-small\"><div class=\"eut-wrapper-icon eut-no-shape eut-text-grey\" style=\"\"><span class=\"eut-inner-icon eut-text-primary-1\"><\/span><\/div><\/div><div class=\"eut-box-content\"><h5 class=\"eut-box-title eut-h5\">Estalvi econ\u00f2mic i ecol\u00f2gic<\/h5>  <p class=\"\">Amb els nostres llibres de text i de lectura reutilitzables (ecoBooks) estalv\u00edes fins al 55% del seu PVP i&#8230; tones de paper!<\/p><\/div><\/div><div class=\"eut-empty-space eut-height-1x\" style=\"\"><\/div>[\/vc_column][vc_column width=&#8221;1\/4&#8243; content_width=&#8221;custom&#8221; rc_bg_type=&#8221;color&#8221; tablet_sm_width=&#8221;1-2&#8243; css=&#8221;.vc_custom_1578423478960{padding-top: 5% !important;padding-right: 4px !important;padding-bottom: 5px !important;padding-left: px !important;}&#8221; rc_bg_color=&#8221;#1e73bc&#8221; custom_content_width=&#8221;550&#8243;]<div class=\"eut-empty-space eut-height-1x\" style=\"\"><\/div><div class=\"eut-element eut-box-icon eut-side-icon eut-align-left eut-animated-item eut-fade-in eut-duration-normal\" style=\"\" data-delay=\"200\"><a href=\"https:\/\/spain.iddink.es\/ca\/families\/serveis-addicionals\/\" title=\"Altres serveis\" class=\"eut-item-url \"><\/a><div class=\"eut-single-icon eut-small\"><div class=\"eut-wrapper-icon eut-no-shape eut-text-grey\" style=\"\"><span class=\"eut-inner-icon eut-text-primary-1\"><\/span><\/div><\/div><div class=\"eut-box-content\"><h5 class=\"eut-box-title eut-h5\">Serveis addicionals<\/h5>  <p class=\"\">Folrat de llibres, gesti\u00f3 de beques i ajuts, articles personalitzats, cobrament de quotes, etc.<\/p><\/div><\/div><div class=\"eut-empty-space eut-height-1x\" style=\"\"><\/div>[\/vc_column][vc_column width=&#8221;1\/4&#8243; content_width=&#8221;custom&#8221; rc_bg_type=&#8221;color&#8221; tablet_sm_width=&#8221;1-2&#8243; css=&#8221;.vc_custom_1578423919245{margin-right: 2px !important;margin-bottom: px !important;border-bottom-width: px !important;padding-top: 5% !important;padding-right: 4px !important;padding-bottom: 5px !important;padding-left: 4px !important;}&#8221; rc_bg_color=&#8221;#555555&#8243; custom_content_width=&#8221;550&#8243;]<div class=\"eut-empty-space eut-height-1x\" style=\"\"><\/div><div class=\"eut-element eut-box-icon eut-side-icon eut-align-left eut-animated-item eut-fade-in eut-duration-normal\" style=\"\" data-delay=\"200\"><a href=\"https:\/\/spain.iddink.es\/ca\/families\/el-meu-compte\/\" title=\"\u00c1rea privada\" class=\"eut-item-url \"><\/a><div class=\"eut-single-icon eut-small\"><div class=\"eut-wrapper-icon eut-no-shape eut-text-grey\" style=\"\"><span class=\"eut-inner-icon eut-text-primary-1\"><\/span><\/div><\/div><div class=\"eut-box-content\"><h5 class=\"eut-box-title eut-h5\">El meu compte<\/h5>  <p class=\"\">Entrant al teu compte accedir\u00e0s a la documentaci\u00f3 i les dades relacionades amb el servei proporcionat per Iddink.<\/p><\/div><\/div><div class=\"eut-empty-space eut-height-1x\" style=\"\"><\/div>[\/vc_column][\/vc_row][vc_row padding_top_multiplier=&#8221;2x&#8221; padding_bottom_multiplier=&#8221;2x&#8221; mobile_visibility=&#8221;hide&#8221;][vc_column css=&#8221;.vc_custom_1573738856658{margin-right: 20px !important;margin-left: 20px !important;padding-right: px !important;padding-left: px !important;}&#8221;]<h2 class=\"eut-element eut-title eut-align-inherit eut-h1 eut-custom-font-1 desc_centros1 eut-increase-heading eut-heading-140\" style=\"\"><span><strong>Iddink proporciona a les fam\u00edlies la possibilitat d&#8217;adquirir tots els materials que es necessiten per a l&#8217;inici de curs en una sola comanda<\/strong><\/span><\/h2>[\/vc_column][\/vc_row][vc_row padding_top_multiplier=&#8221;&#8221; padding_bottom_multiplier=&#8221;&#8221; desktop_visibility=&#8221;hide&#8221; tablet_visibility=&#8221;hide&#8221; tablet_sm_visibility=&#8221;hide&#8221;][vc_column width=&#8221;1\/6&#8243;][\/vc_column][vc_column width=&#8221;2\/3&#8243; text_align=&#8221;center&#8221; el_class=&#8221;desc_centros1&#8243;]<h2 class=\"eut-element eut-title eut-align-inherit eut-h1 eut-custom-font-1 desc_centros1_mobile\" style=\"\"><span><strong>Iddink proporciona a les fam\u00edlies la possibilitat d&#8217;adquirir tots els materials que es necessiten per a l&#8217;inici de curs en una sola comanda<\/strong><\/span><\/h2><div class=\"eut-empty-space eut-height-1x\" style=\"\"><\/div>[\/vc_column][vc_column width=&#8221;1\/6&#8243;][\/vc_column][\/vc_row][vc_row section_type=&#8221;container-width&#8221; padding_top_multiplier=&#8221;&#8221; padding_bottom_multiplier=&#8221;&#8221; rc_heading_color=&#8221;primary-6&#8243; columns_gap=&#8221;60&#8243; rc_font_color=&#8221;#696969&#8243;][vc_column width=&#8221;1\/3&#8243; rc_heading_color=&#8221;aqua&#8221; rc_font_color=&#8221;#000000&#8243;]<div class=\"eut-element eut-box-icon eut-top-icon eut-align-center\" style=\"\"><div class=\"eut-single-icon eut-medium\"><div class=\"eut-wrapper-icon eut-no-shape eut-text-grey\" style=\"\"><i class=\"eut-inner-icon mb-reutilizacion eut-text-black\"><\/i><\/div><\/div><div class=\"eut-box-content\"><h3 class=\"eut-box-title eut-h6\">Llibres nous<\/h3>  <p class=\"\">Proporcionem llibres de text, lectures, quaderns d&#8217;exercicis, diccionaris, atles, etc. perqu\u00e8 els teus fills comencin el curs escolar amb tots els llibres necessaris.<\/p><\/div><\/div>[\/vc_column][vc_column width=&#8221;1\/3&#8243; rc_heading_color=&#8221;aqua&#8221; rc_font_color=&#8221;#000000&#8243;]<div class=\"eut-element eut-box-icon eut-top-icon eut-align-center\" style=\"\"><div class=\"eut-single-icon eut-medium\"><div class=\"eut-wrapper-icon eut-no-shape eut-text-grey\" style=\"\"><i class=\"eut-inner-icon et-icon-laptop eut-text-black\"><\/i><\/div><\/div><div class=\"eut-box-content\"><h3 class=\"eut-box-title eut-h6\">Hardware i software inform\u00e0tic<\/h3>  <p class=\"\">Ordinadors, Chromebooks, tablets o qualsevol equipament inform\u00e0tic que el centre educatiu requereixi per als teus fills.<\/p><\/div><\/div>[\/vc_column][vc_column width=&#8221;1\/3&#8243; rc_heading_color=&#8221;aqua&#8221; rc_font_color=&#8221;#000000&#8243;]<div class=\"eut-element eut-box-icon eut-top-icon eut-align-center\" style=\"\"><div class=\"eut-single-icon eut-medium\"><div class=\"eut-wrapper-icon eut-no-shape eut-text-grey\" style=\"\"><i class=\"eut-inner-icon mb-proteccion_ecobooks eut-text-black\"><\/i><\/div><\/div><div class=\"eut-box-content\"><h3 class=\"eut-box-title eut-h6\">Llibres reutilitzables ``ecoBooks``<\/h3>  <p class=\"\">Facilitem la compra dels ecoBooks, els llibres de text o les lectures que poden reutilitzar-se en cursos successius i que permeten estalviar fins a un 60% del seu PVP.<\/p><\/div><\/div>[\/vc_column][\/vc_row][vc_row section_type=&#8221;container-width&#8221; padding_top_multiplier=&#8221;2x&#8221; padding_bottom_multiplier=&#8221;2x&#8221; rc_heading_color=&#8221;primary-6&#8243; columns_gap=&#8221;60&#8243; rc_font_color=&#8221;#696969&#8243;][vc_column width=&#8221;1\/3&#8243; rc_heading_color=&#8221;aqua&#8221; rc_font_color=&#8221;#000000&#8243;]<div class=\"eut-element eut-box-icon eut-top-icon eut-align-center\" style=\"\"><div class=\"eut-single-icon eut-medium\"><div class=\"eut-wrapper-icon eut-no-shape eut-text-grey\" style=\"\"><i class=\"eut-inner-icon mb-book_list_maker eut-text-black\"><\/i><\/div><\/div><div class=\"eut-box-content\"><h3 class=\"eut-box-title eut-h6\">Materials personalitzats<\/h3>  <p class=\"\">Facilitem la compra i el subministrament dels materials que s\u00f3n \u00fanics del centre escolar del teu fill\/a: agenda escolar, dossiers educatius per assignatura, carpetes, etc.<\/p><\/div><\/div>[\/vc_column][vc_column width=&#8221;1\/3&#8243; rc_heading_color=&#8221;aqua&#8221; rc_font_color=&#8221;#000000&#8243;]<div class=\"eut-element eut-box-icon eut-top-icon eut-align-center\" style=\"\"><div class=\"eut-single-icon eut-medium\"><div class=\"eut-wrapper-icon eut-no-shape eut-text-grey\" style=\"\"><i class=\"eut-inner-icon mb-educar eut-text-black\"><\/i><\/div><\/div><div class=\"eut-box-content\"><h3 class=\"eut-box-title eut-h6\">Articles i materials educatius<\/h3>  <p class=\"\">A la llista del centre docent cada vegada hi ha m\u00e9s materials de treball, des d&#8217;instruments musicals, fins a elements de rob\u00f2tica, calculadora, comp\u00e0s, carpetes, materials de laboratori, etc.<\/p><\/div><\/div>[\/vc_column][vc_column width=&#8221;1\/3&#8243; rc_heading_color=&#8221;aqua&#8221; rc_font_color=&#8221;#000000&#8243;]<div class=\"eut-element eut-box-icon eut-top-icon eut-align-center\" style=\"\"><div class=\"eut-single-icon eut-medium\"><div class=\"eut-wrapper-icon eut-no-shape eut-text-grey\" style=\"\"><i class=\"eut-inner-icon et-icon-mobile eut-text-black\"><\/i><\/div><\/div><div class=\"eut-box-content\"><h3 class=\"eut-box-title eut-h6\">Llic\u00e8ncies digitals<\/h3>  <p class=\"\">A Iddink tamb\u00e9 pots comprar les llic\u00e8ncies i continguts digitals necessaris, facilitant als teus fills l&#8217;acc\u00e9s a trav\u00e9s d&#8217;un \u00fanic lloc web (Iddink Digital).<\/p><\/div><\/div>[\/vc_column][\/vc_row][vc_row padding_top_multiplier=&#8221;2x&#8221; padding_bottom_multiplier=&#8221;2x&#8221; rc_heading_color=&#8221;light&#8221; rc_bg_type=&#8221;image&#8221; rc_bg_image=&#8221;11675&#8243; tablet_visibility=&#8221;hide&#8221; tablet_sm_visibility=&#8221;hide&#8221; mobile_visibility=&#8221;hide&#8221; rc_font_color=&#8221;#ffffff&#8221; rc_bg_color=&#8221;#666666&#8243;][vc_column width=&#8221;1\/4&#8243;][\/vc_column][vc_column width=&#8221;1\/2&#8243; text_align=&#8221;center&#8221;]<h3 class=\"eut-element eut-title eut-align-inherit eut-h3\" style=\"\"><span>T&#8217;interessen els nostres serveis per al teu centre docent?<\/span><\/h3>[vc_column_text el_class=&#8221;centros-subtitulo-plataforma&#8221;]Fes clic a &#8220;Contacte&#8221; i omple el formulari perqu\u00e8 Iddink pugui posar-se en contacte amb l&#8217;associaci\u00f3 de fam\u00edlies.[\/vc_column_text]<div class=\"eut-empty-space eut-height-1x\" style=\"\"><\/div><div class=\"eut-element eut-align-center eut-fluid-button\"><a href=\"https:\/\/spain.iddink.es\/ca\/contacte-families\/\" title=\"Contacte\" class=\"eut-btn eut-btn-small eut-extra-round eut-bg-white eut-bg-hover-white eut-btn-line btn-iddink--button\" style=\"max-width: 250px;\"><span>Contacte<\/span><\/a><\/div>[\/vc_column][vc_column width=&#8221;1\/4&#8243;][\/vc_column][\/vc_row][vc_row padding_top_multiplier=&#8221;custom&#8221; padding_bottom_multiplier=&#8221;custom&#8221; rc_heading_color=&#8221;light&#8221; rc_bg_type=&#8221;image&#8221; rc_bg_image=&#8221;11675&#8243; rc_bg_position=&#8221;right-center&#8221; desktop_visibility=&#8221;hide&#8221; padding_top=&#8221;5%&#8221; padding_bottom=&#8221;5%&#8221; rc_font_color=&#8221;#ffffff&#8221; rc_bg_color=&#8221;#666666&#8243;][vc_column width=&#8221;1\/4&#8243;][\/vc_column][vc_column width=&#8221;1\/2&#8243; text_align=&#8221;center&#8221; css=&#8221;.vc_custom_1570572920845{padding-right: 10px !important;padding-left: 10px !important;}&#8221;]<h3 class=\"eut-element eut-title eut-align-inherit eut-h2\" style=\"\"><span>T&#8217;interessen els nostres serveis per al teu centre docent?<\/span><\/h3>[vc_column_text el_class=&#8221;centros-subtitulo-plataforma&#8221;]Fes clic a &#8220;Contacte&#8221; i omple el formulari perqu\u00e8 Iddink pugui posar-se en contacte amb l&#8217;associaci\u00f3 de fam\u00edlies.[\/vc_column_text]<div class=\"eut-empty-space eut-height-3x\" style=\"\"><\/div><div class=\"eut-element eut-align-center eut-fluid-button\"><a href=\"https:\/\/spain.iddink.es\/ca\/contacte-families\/\" title=\"Contacte\" class=\"eut-btn eut-btn-small eut-extra-round eut-bg-white eut-bg-hover-white eut-btn-line btn-iddink--button\" style=\"max-width: 250px;\"><span>Contacte<\/span><\/a><\/div>[\/vc_column][vc_column width=&#8221;1\/4&#8243;][\/vc_column][\/vc_row]<\/p>\n","protected":false},"excerpt":{"rendered":"<p>[vc_row section_type=&#8221;fullwidth&#8221; height_ratio=&#8221;60&#8243; padding_top_multiplier=&#8221;custom&#8221; padding_bottom_multiplier=&#8221;&#8221; rc_heading_color=&#8221;light&#8221; rc_bg_type=&#8221;image&#8221; rc_bg_image=&#8221;8868&#8243; rc_bg_image_size=&#8221;responsive&#8221; tablet_sm_height_ratio=&#8221;inherit&#8221; mobile_height_ratio=&#8221;60&#8243; rc_font_color=&#8221;#ffffff&#8221; rc_bg_color=&#8221;#5b5b5b&#8221; section_id=&#8221;banner-centros&#8221;][vc_column width=&#8221;1\/2&#8243; vertical_content_position=&#8221;bottom&#8221; full_height=&#8221;yes&#8221; css=&#8221;.vc_custom_1573462787758{padding-bottom: 12% !important;padding-left: 5% !important;}&#8221; el_id=&#8221;banner-centros-title&#8221;][\/vc_column][vc_column width=&#8221;1\/2&#8243; vertical_content_position=&#8221;bottom&#8221; full_height=&#8221;yes&#8221; el_id=&#8221;banner-centros-button&#8221;][\/vc_column][\/vc_row][vc_row section_type=&#8221;fullwidth&#8221; height_ratio=&#8221;60&#8243; padding_top_multiplier=&#8221;custom&#8221; padding_bottom_multiplier=&#8221;&#8221; rc_heading_color=&#8221;light&#8221; desktop_visibility=&#8221;hide&#8221; tablet_visibility=&#8221;hide&#8221; tablet_sm_visibility=&#8221;hide&#8221; mobile_visibility=&#8221;hide&#8221; tablet_sm_height_ratio=&#8221;inherit&#8221; mobile_height_ratio=&#8221;60&#8243; rc_font_color=&#8221;#ffffff&#8221; section_id=&#8221;banner-centros&#8221;][vc_column vertical_content_position=&#8221;bottom&#8221; full_height=&#8221;yes&#8221;][vc_row_inner padding_top_multiplier=&#8221;&#8221; padding_bottom_multiplier=&#8221;&#8221; equal_column_height=&#8221;equal&#8221; desktop_visibility=&#8221;hide&#8221; tablet_visibility=&#8221;hide&#8221; tablet_sm_visibility=&#8221;hide&#8221; mobile_visibility=&#8221;hide&#8221; el_id=&#8221;btn-centros-banner&#8221;][vc_column_inner width=&#8221;1\/2&#8243; vertical_content_position=&#8221;middle&#8221; full_height=&#8221;yes&#8221;][\/vc_column_inner][vc_column_inner width=&#8221;1\/2&#8243; vertical_content_position=&#8221;middle&#8221; [&hellip;]<\/p>\n","protected":false},"author":9,"featured_media":0,"parent":0,"menu_order":0,"comment_status":"closed","ping_status":"closed","template":"","meta":{"footnotes":""},"class_list":["post-9633","page","type-page","status-publish","hentry"],"_links":{"self":[{"href":"https:\/\/spain.iddink.es\/ca\/wp-json\/wp\/v2\/pages\/9633","targetHints":{"allow":["GET"]}}],"collection":[{"href":"https:\/\/spain.iddink.es\/ca\/wp-json\/wp\/v2\/pages"}],"about":[{"href":"https:\/\/spain.iddink.es\/ca\/wp-json\/wp\/v2\/types\/page"}],"author":[{"embeddable":true,"href":"https:\/\/spain.iddink.es\/ca\/wp-json\/wp\/v2\/users\/9"}],"replies":[{"embeddable":true,"href":"https:\/\/spain.iddink.es\/ca\/wp-json\/wp\/v2\/comments?post=9633"}],"version-history":[{"count":27,"href":"https:\/\/spain.iddink.es\/ca\/wp-json\/wp\/v2\/pages\/9633\/revisions"}],"predecessor-version":[{"id":9635,"href":"https:\/\/spain.iddink.es\/ca\/wp-json\/wp\/v2\/pages\/9633\/revisions\/9635"}],"wp:attachment":[{"href":"https:\/\/spain.iddink.es\/ca\/wp-json\/wp\/v2\/media?parent=9633"}],"curies":[{"name":"wp","href":"https:\/\/api.w.org\/{rel}","templated":true}]}}